{"id":19486,"date":"2022-07-10T09:37:28","date_gmt":"2022-07-10T09:37:28","guid":{"rendered":"https:\/\/zecovalve.com\/?post_type=product&#038;p=19486"},"modified":"2022-09-22T06:28:53","modified_gmt":"2022-09-22T06:28:53","slug":"2-inch-ball-valve","status":"publish","type":"product","link":"https:\/\/zecovalve.com\/de\/produkt\/2-inch-ball-valve","title":{"rendered":"2 Zoll Kugelhahn"},"content":{"rendered":"<p>2-Zoll-Kugelh\u00e4hne sind normalerweise schwimmende Kugelh\u00e4hne gem\u00e4\u00df API 6D, API 608-Standard<\/p>\r\n\r\n\r\n\r\n<figure class=\"wp-block-image size-full is-resized\">\r\n<p><img loading=\"lazy\" decoding=\"async\" class=\"size-medium wp-image-19557\" src=\"https:\/\/zecovalve.com\/wp-content\/uploads\/2022\/07\/2-Inch-Ball-Valve-1-300x225.jpg\" alt=\"2-Zoll-Kugelhahn\" width=\"300\" height=\"225\" srcset=\"https:\/\/zecovalve.com\/wp-content\/uploads\/2022\/07\/2-Inch-Ball-Valve-1-300x225.jpg 300w, https:\/\/zecovalve.com\/wp-content\/uploads\/2022\/07\/2-Inch-Ball-Valve-1-1024x768.jpg 1024w, https:\/\/zecovalve.com\/wp-content\/uploads\/2022\/07\/2-Inch-Ball-Valve-1-768x576.jpg 768w, https:\/\/zecovalve.com\/wp-content\/uploads\/2022\/07\/2-Inch-Ball-Valve-1-1536x1152.jpg 1536w, https:\/\/zecovalve.com\/wp-content\/uploads\/2022\/07\/2-Inch-Ball-Valve-1-2048x1536.jpg 2048w, https:\/\/zecovalve.com\/wp-content\/uploads\/2022\/07\/2-Inch-Ball-Valve-1-600x450.jpg 600w\" sizes=\"auto, (max-width: 300px) 100vw, 300px\" \/><\/p>\r\n<\/figure>\r\n\r\n\r\n<div class=\"gb-button-wrapper gb-button-wrapper-6d8495a3\">\r\n\r\n\r\n<p><a class=\"gb-button gb-button-3d442e11 gb-button-text\" href=\"https:\/\/zecovalve.com\/de\/contact\/\" target=\"_blank\" rel=\"noopener noreferrer\"><strong>VENTILPREIS ERHALTEN<\/strong><\/a><\/p>\r\n<\/div>\r\n\r\n\r\n\r\n\r\n<h2 class=\"wp-block-heading\" id=\"h-what-is-2-inch-ball-valve\">Was ist ein 2-Zoll-Kugelhahn?<\/h2>\r\n\r\n\r\n\r\n<p>Der 2-Zoll-Kugelhahn von ZECO ist normalerweise ein schwimmender Kugelhahn und ist als Messingkugelhahn, Kugelhahn aus Stahlguss und Kugelhahn aus Schmiedestahl erh\u00e4ltlich.<\/p>\r\n\r\n\r\n\r\n<p>Ein 2-Zoll-Kugelhahn mit schwimmendem Ventil hat seinen Namen von der kugel\u00e4hnlichen Kugel, die frei im Ventilk\u00f6rper \u201eschwimmt\u201c, der zwischen zwei flexiblen Sitzen komprimiert ist, w\u00e4hrend er in Fl\u00fcssigkeit schwebt. Normalerweise schwimmt ein Kugelhahn w\u00e4hrend des Betriebs leicht stromabw\u00e4rts, wodurch der Sitzmechanismus unter der Kugel komprimiert wird. Sollte der Sitz zerfallen, schwimmt die Kugel zum Metallschaft, um ihn abzudichten. Dies sorgt f\u00fcr eine Ausfallsicherung innerhalb des Designs.<\/p>\r\n\r\n\r\n\r\n<h2 class=\"wp-block-heading\" id=\"dimensions--weight-of-12-inch-ball-valve\">Abmessungen und Gewicht des 2-Zoll-Kugelhahns<\/h2>\r\n\r\n\r\n\r\n<table border=\"=1\" width=\"800\">\r\n<tbody>\r\n<tr>\r\n<td rowspan=\"2\">Druckstufe<\/td>\r\n<td>Bohrung<\/td>\r\n<td colspan=\"3\">\u00a0Abmessung von Fl\u00e4che zu Fl\u00e4che (in mm)<\/td>\r\n<td>Gewicht<\/td>\r\n<\/tr>\r\n<tr>\r\n<td>(in mm)<\/td>\r\n<td>RF<\/td>\r\n<td>BW<\/td>\r\n<td>RTJ<\/td>\r\n<td>kg<\/td>\r\n<\/tr>\r\n<tr>\r\n<td>KLASSE 150<\/td>\r\n<td>49<\/td>\r\n<td>178<\/td>\r\n<td>216<\/td>\r\n<td>191<\/td>\r\n<td>9<\/td>\r\n<\/tr>\r\n<tr>\r\n<td>KLASSE 300<\/td>\r\n<td>49<\/td>\r\n<td>216<\/td>\r\n<td>216<\/td>\r\n<td>232<\/td>\r\n<td>9<\/td>\r\n<\/tr>\r\n<tr>\r\n<td>KLASSE 600<\/td>\r\n<td>49<\/td>\r\n<td>292<\/td>\r\n<td>292<\/td>\r\n<td>295<\/td>\r\n<td>19<\/td>\r\n<\/tr>\r\n<tr>\r\n<td>KLASSE 900<\/td>\r\n<td>49<\/td>\r\n<td>368<\/td>\r\n<td>368<\/td>\r\n<td>371<\/td>\r\n<td>40<\/td>\r\n<\/tr>\r\n<tr>\r\n<td>KLASSE 1500<\/td>\r\n<td>49<\/td>\r\n<td>368<\/td>\r\n<td>368<\/td>\r\n<td>371<\/td>\r\n<td>60<\/td>\r\n<\/tr>\r\n<tr>\r\n<td>KLASSE 2500<\/td>\r\n<td>42<\/td>\r\n<td>451<\/td>\r\n<td>451<\/td>\r\n<td>454<\/td>\r\n<td>85<\/td>\r\n<\/tr>\r\n<\/tbody>\r\n<\/table>\r\n\r\n\r\n\r\n<h2 class=\"wp-block-heading\" id=\"specification-of-6-gate-valve\">Spezifikation von 2 Kugelh\u00e4hnen<\/h2>\r\n\r\n\r\n\r\n<figure class=\"wp-block-table\">\r\n<table>\r\n<tbody>\r\n<tr>\r\n<td>Design Best\u00e4tigt<\/td>\r\n<td>API 6D, API 608<\/td>\r\n<\/tr>\r\n<tr>\r\n<td>Endstandard best\u00e4tigt<\/td>\r\n<td>ASME B16.5, EN 1092-1, ASME B1.20.1<\/td>\r\n<\/tr>\r\n<tr>\r\n<td>Dichtheitspr\u00fcfung<\/td>\r\n<td>API 598, ISO 5208, EN 12266-1<\/td>\r\n<\/tr>\r\n<tr>\r\n<td>Von Angesicht zu Angesicht Best\u00e4tigungen<\/td>\r\n<td>API 6D, ASME B16.10, EN 558-1<\/td>\r\n<\/tr>\r\n<tr>\r\n<td>Normaler Druck<\/td>\r\n<td>Klasse 150 \u2013 Klasse 2500, PN10 \u2013 PN400<\/td>\r\n<\/tr>\r\n<tr>\r\n<td>Schalenpr\u00fcfdruck<\/td>\r\n<td>1,5 * Auslegungsdruck<\/td>\r\n<\/tr>\r\n<tr>\r\n<td>Siegelpr\u00fcfdruck<\/td>\r\n<td>1,1 * Auslegungsdruck (Wasser)<\/td>\r\n<\/tr>\r\n<tr>\r\n<td>Dichtungstestdruck (Niederdruck)<\/td>\r\n<td>6 Bar (Luft)<\/td>\r\n<\/tr>\r\n<\/tbody>\r\n<\/table>\r\n<\/figure>\r\n\r\n\r\n\r\n<h2 class=\"wp-block-heading\" id=\"h-features-of-2-inch-ball-valve\">Merkmale des 2-Zoll-Kugelhahns:<\/h2>\r\n\r\n\r\n\r\n<ul class=\"wp-block-list\">\r\n<li>Kompaktes Design.<\/li>\r\n<li>Kosteneffektivit\u00e4t.<\/li>\r\n<li>Anpassbar.<\/li>\r\n<li>Geringer Str\u00f6mungswiderstand.<\/li>\r\n<li>Zuverl\u00e4ssige Dichtfunktionen.<\/li>\r\n<li>Unkomplizierter Aufbau.<\/li>\r\n<\/ul>\r\n\r\n\r\n\r\n<h2 class=\"wp-block-heading\" id=\"h-material-of-2-inch-ball-valve\">Material des 2-Zoll-Kugelhahns:<\/h2>\r\n\r\n\r\n\r\n<figure class=\"wp-block-table\">\r\n<table>\r\n<tbody>\r\n<tr>\r\n<td>Nein<\/td>\r\n<td>Teil<\/td>\r\n<td>Material<\/td>\r\n<\/tr>\r\n<tr>\r\n<td>1<\/td>\r\n<td>K\u00f6rper<\/td>\r\n<td>ASTM A105<\/td>\r\n<\/tr>\r\n<tr>\r\n<td>2<\/td>\r\n<td>Motorhaube<\/td>\r\n<td>ASTM A105<\/td>\r\n<\/tr>\r\n<tr>\r\n<td>3<\/td>\r\n<td>Kugel<\/td>\r\n<td>ASTM A182 F316<\/td>\r\n<\/tr>\r\n<tr>\r\n<td>4<\/td>\r\n<td>Sitz<\/td>\r\n<td>ASTM A182 F316<\/td>\r\n<\/tr>\r\n<tr>\r\n<td>5<\/td>\r\n<td>Vorbau<\/td>\r\n<td>ASTM A276 316<\/td>\r\n<\/tr>\r\n<tr>\r\n<td>6<\/td>\r\n<td>Antistatische Vorrichtung<\/td>\r\n<td>SS316<\/td>\r\n<\/tr>\r\n<tr>\r\n<td>7<\/td>\r\n<td>Dichtung<\/td>\r\n<td>Graphit + SS316<\/td>\r\n<\/tr>\r\n<tr>\r\n<td>8<\/td>\r\n<td>Schraube<\/td>\r\n<td>ASTM A193 B7<\/td>\r\n<\/tr>\r\n<tr>\r\n<td>9<\/td>\r\n<td>Nuss<\/td>\r\n<td>ASTM A194 2H<\/td>\r\n<\/tr>\r\n<tr>\r\n<td>10<\/td>\r\n<td>O-Ring<\/td>\r\n<td>Viton A<\/td>\r\n<\/tr>\r\n<tr>\r\n<td>11<\/td>\r\n<td>H\u00e4ngerad<\/td>\r\n<td>ASTM A276 304<\/td>\r\n<\/tr>\r\n<\/tbody>\r\n<\/table>\r\n<\/figure>","protected":false},"excerpt":{"rendered":"<p>2-Zoll-Kugelh\u00e4hne sind normalerweise schwimmende Kugelh\u00e4hne gem\u00e4\u00df API 6D, API 608-Standard. Was ist ein 2-Zoll-Kugelhahn? \u2026 <a title=\"2 Zoll Kugelhahn\" class=\"read-more\" href=\"https:\/\/zecovalve.com\/de\/produkt\/2-inch-ball-valve\" aria-label=\"Mehr zu 2 Zoll Kugelhahn\">Weiterlesen ...<\/a><\/p>","protected":false},"featured_media":19557,"comment_status":"closed","ping_status":"closed","template":"","meta":{"_generate-full-width-content":"","kt_blocks_editor_width":""},"product_cat":[2047,2462],"product_tag":[2804,3920,3913,3922,3921],"class_list":["post-19486","product","type-product","status-publish","has-post-thumbnail","hentry","product_cat-ball-valve","product_cat-ball-valve-by-size","product_tag-2-inch-ball-valve","product_tag-api-6d-ball-valve","product_tag-full-port-ball-valve","product_tag-metal-seat-ball-valve","product_tag-metal-seated-ball-valve","sales-flash-overlay","woocommerce-text-align-center","woocommerce-image-align-center","do-quantity-buttons"],"featured_image_src_large":["https:\/\/zecovalve.com\/wp-content\/uploads\/2022\/07\/2-Inch-Ball-Valve-1-1024x768.jpg",1024,768,true],"author_info":[],"comment_info":0,"taxonomy_info":{"product_cat":[{"value":2047,"label":"Ball Valve"},{"value":2462,"label":"Ball Valve By Size"}],"product_tag":[{"value":2804,"label":"2 inch Ball Valve"},{"value":3920,"label":"API 6D Ball Valve"},{"value":3913,"label":"Full Port Ball Valve"},{"value":3922,"label":"Metal Seat Ball Valve"},{"value":3921,"label":"Metal Seated Ball Valve"}]},"yoast_head":"<!-- This site is optimized with the Yoast SEO Premium plugin v15.4 - https:\/\/yoast.com\/wordpress\/plugins\/seo\/ -->\n<title>2 inch Ball Valve - 2 Ball Valve Manufacturer | ZECO Valve<\/title>\n<meta name=\"robots\" content=\"index, follow, max-snippet:-1, max-image-preview:large, max-video-preview:-1\" \/>\n<link rel=\"canonical\" href=\"https:\/\/zecovalve.com\/de\/produkt\/2-inch-ball-valve\" \/>\n<meta property=\"og:locale\" content=\"de_DE\" \/>\n<meta property=\"og:type\" content=\"article\" \/>\n<meta property=\"og:title\" content=\"2 inch Ball Valve - 2 Ball Valve Manufacturer | ZECO Valve\" \/>\n<meta property=\"og:description\" content=\"2 inch Ball Valves are normally floating ball valves according to API 6D, API 608 standard What is 2 Inch Ball Valve? ... Weiterlesen ...\" \/>\n<meta property=\"og:url\" content=\"https:\/\/zecovalve.com\/de\/produkt\/2-inch-ball-valve\" \/>\n<meta property=\"og:site_name\" content=\"ZECO Valve\" \/>\n<meta property=\"article:modified_time\" content=\"2022-09-22T06:28:53+00:00\" \/>\n<meta property=\"og:image\" content=\"https:\/\/zecovalve.com\/wp-content\/uploads\/2022\/07\/2-Inch-Ball-Valve-1-scaled.jpg\" \/>\n\t<meta property=\"og:image:width\" content=\"2560\" \/>\n\t<meta property=\"og:image:height\" content=\"1920\" \/>\n<meta name=\"twitter:card\" content=\"summary_large_image\" \/>\n<meta name=\"twitter:label1\" content=\"Verfasst von\">\n\t<meta name=\"twitter:data1\" content=\"Jerry\">\n\t<meta name=\"twitter:label2\" content=\"Gesch\u00e4tzte Lesezeit\">\n\t<meta name=\"twitter:data2\" content=\"1\u00a0Minute\">\n<script type=\"application\/ld+json\" class=\"yoast-schema-graph\">{\"@context\":\"https:\/\/schema.org\",\"@graph\":[{\"@type\":\"WebSite\",\"@id\":\"https:\/\/zecovalve.com\/#website\",\"url\":\"https:\/\/zecovalve.com\/\",\"name\":\"ZECO Valve\",\"description\":\"Industrial Ball Valve, Gate Valve and Globe Valve Manufacturer\",\"potentialAction\":[{\"@type\":\"SearchAction\",\"target\":\"https:\/\/zecovalve.com\/?s={search_term_string}\",\"query-input\":\"required name=search_term_string\"}],\"inLanguage\":\"de\"},{\"@type\":\"ImageObject\",\"@id\":\"https:\/\/zecovalve.com\/product\/2-inch-ball-valve#primaryimage\",\"inLanguage\":\"de\",\"url\":\"https:\/\/zecovalve.com\/wp-content\/uploads\/2022\/07\/2-Inch-Ball-Valve-1-scaled.jpg\",\"width\":2560,\"height\":1920,\"caption\":\"2 Inch Ball Valve\"},{\"@type\":\"WebPage\",\"@id\":\"https:\/\/zecovalve.com\/product\/2-inch-ball-valve#webpage\",\"url\":\"https:\/\/zecovalve.com\/product\/2-inch-ball-valve\",\"name\":\"2 inch Ball Valve - 2 Ball Valve Manufacturer | ZECO Valve\",\"isPartOf\":{\"@id\":\"https:\/\/zecovalve.com\/#website\"},\"primaryImageOfPage\":{\"@id\":\"https:\/\/zecovalve.com\/product\/2-inch-ball-valve#primaryimage\"},\"datePublished\":\"2022-07-10T09:37:28+00:00\",\"dateModified\":\"2022-09-22T06:28:53+00:00\",\"breadcrumb\":{\"@id\":\"https:\/\/zecovalve.com\/product\/2-inch-ball-valve#breadcrumb\"},\"inLanguage\":\"de\",\"potentialAction\":[{\"@type\":\"ReadAction\",\"target\":[\"https:\/\/zecovalve.com\/product\/2-inch-ball-valve\"]}]},{\"@type\":\"BreadcrumbList\",\"@id\":\"https:\/\/zecovalve.com\/product\/2-inch-ball-valve#breadcrumb\",\"itemListElement\":[{\"@type\":\"ListItem\",\"position\":1,\"item\":{\"@type\":\"WebPage\",\"@id\":\"https:\/\/zecovalve.com\/\",\"url\":\"https:\/\/zecovalve.com\/\",\"name\":\"Home\"}},{\"@type\":\"ListItem\",\"position\":2,\"item\":{\"@type\":\"WebPage\",\"@id\":\"https:\/\/zecovalve.com\/product-category\",\"url\":\"https:\/\/zecovalve.com\/product-category\",\"name\":\"Industrial Valve Manufacturer | Water Valve Manufacturer\"}},{\"@type\":\"ListItem\",\"position\":3,\"item\":{\"@type\":\"WebPage\",\"@id\":\"https:\/\/zecovalve.com\/product\/2-inch-ball-valve\",\"url\":\"https:\/\/zecovalve.com\/product\/2-inch-ball-valve\",\"name\":\"2 inch Ball Valve\"}}]}]}<\/script>\n<!-- \/ Yoast SEO Premium plugin. -->","_links":{"self":[{"href":"https:\/\/zecovalve.com\/de\/wp-json\/wp\/v2\/product\/19486","targetHints":{"allow":["GET"]}}],"collection":[{"href":"https:\/\/zecovalve.com\/de\/wp-json\/wp\/v2\/product"}],"about":[{"href":"https:\/\/zecovalve.com\/de\/wp-json\/wp\/v2\/types\/product"}],"replies":[{"embeddable":true,"href":"https:\/\/zecovalve.com\/de\/wp-json\/wp\/v2\/comments?post=19486"}],"wp:featuredmedia":[{"embeddable":true,"href":"https:\/\/zecovalve.com\/de\/wp-json\/wp\/v2\/media\/19557"}],"wp:attachment":[{"href":"https:\/\/zecovalve.com\/de\/wp-json\/wp\/v2\/media?parent=19486"}],"wp:term":[{"taxonomy":"product_cat","embeddable":true,"href":"https:\/\/zecovalve.com\/de\/wp-json\/wp\/v2\/product_cat?post=19486"},{"taxonomy":"product_tag","embeddable":true,"href":"https:\/\/zecovalve.com\/de\/wp-json\/wp\/v2\/product_tag?post=19486"}],"curies":[{"name":"wp","href":"https:\/\/api.w.org\/{rel}","templated":true}]}}