{"id":19525,"date":"2022-07-11T11:54:01","date_gmt":"2022-07-11T11:54:01","guid":{"rendered":"https:\/\/zecovalve.com\/?post_type=product&#038;p=19525"},"modified":"2023-06-26T06:47:07","modified_gmt":"2023-06-26T06:47:07","slug":"automatic-air-vent-valve","status":"publish","type":"product","link":"https:\/\/zecovalve.com\/de\/produkt\/automatic-air-vent-valve","title":{"rendered":"Automatisches Entl\u00fcftungsventil"},"content":{"rendered":"<p>ZECO Valve ist ein professioneller Hersteller von automatischen Entl\u00fcftungsventilen.<\/p>\r\n\r\n\r\n\r\n<figure id=\"attachment_16152\" class=\"wp-block-image size-full is-resized\"><img loading=\"lazy\" decoding=\"async\" class=\"wp-image-19526\" src=\"https:\/\/zecovalve.com\/wp-content\/uploads\/2022\/07\/Automatic-Air-Vent-Valve.jpg\" alt=\"\" width=\"250\" height=\"250\" srcset=\"https:\/\/zecovalve.com\/wp-content\/uploads\/2022\/07\/Automatic-Air-Vent-Valve.jpg 500w, https:\/\/zecovalve.com\/wp-content\/uploads\/2022\/07\/Automatic-Air-Vent-Valve-300x300.jpg 300w, https:\/\/zecovalve.com\/wp-content\/uploads\/2022\/07\/Automatic-Air-Vent-Valve-150x150.jpg 150w, https:\/\/zecovalve.com\/wp-content\/uploads\/2022\/07\/Automatic-Air-Vent-Valve-400x400.jpg 400w, https:\/\/zecovalve.com\/wp-content\/uploads\/2022\/07\/Automatic-Air-Vent-Valve-100x100.jpg 100w\" sizes=\"auto, (max-width: 250px) 100vw, 250px\" \/><\/figure>\r\n\r\n\r\n<div class=\"gb-button-wrapper gb-button-wrapper-6d8495a3\">\r\n\r\n\r\n<p><a class=\"gb-button gb-button-3d442e11 gb-button-text\" href=\"https:\/\/zecovalve.com\/de\/contact\/\" target=\"_blank\" rel=\"noopener noreferrer\"><strong>VENTILPREIS ERHALTEN<\/strong><\/a><\/p>\r\n<\/div>\r\n\r\n\r\n\r\n\r\n<h2 class=\"wp-block-heading\" id=\"h-what-is-an-automatic-air-vent-valve\">Was ist ein automatisches Entl\u00fcftungsventil?<\/h2>\r\n\r\n\r\n\r\n<p>Das automatische Entl\u00fcftungsventil ist f\u00fcr den Einsatz in Heizsystemen konzipiert.<\/p>\r\n\r\n\r\n\r\n<h2 class=\"wp-block-heading\" id=\"how-does-an-air-vent-valve-work\">Wie funktioniert ein automatisches Entl\u00fcftungsventil?<\/h2>\r\n\r\n\r\n\r\n<p>Ein automatisches Entl\u00fcftungsventil wird an der Heizungsanlage installiert, normalerweise in Zylinderschr\u00e4nken, um automatisch Luft aus der Heizungsanlage abzulassen. Das Ger\u00e4t besteht aus einem Polypropylenschwimmer, der mit einem einfachen Ventil verbunden ist. Wenn die Luftansammlung in der Schwimmerkammer einen bestimmten Wert \u00fcberschreitet, sinkt der Schwimmer, \u00f6ffnet das Ventil und l\u00e4sst die in der Kammer eingeschlossene Luft frei. Wenn die Luft freigesetzt wird, wird sie durch Wasser ersetzt und bewegt den Schwimmer zur\u00fcck in die obere Position, wodurch das Ventil geschlossen wird.<\/p>\r\n\r\n\r\n\r\n<h2 class=\"wp-block-heading\" id=\"what-are-air-vent-valves-used-for\">Wof\u00fcr werden automatische Entl\u00fcftungsventile verwendet?<\/h2>\r\n\r\n\r\n\r\n<p>Wenn Luft in einem geschlossenen Heizsystem eingeschlossen wird, kann dies eine Vielzahl von Problemen verursachen, darunter \u00fcberm\u00e4\u00dfige Ger\u00e4usche, Korrosion und erh\u00f6hte Wartungskosten aufgrund von Lufteinschl\u00fcssen, die den effektiven und effizienten Betrieb des Systems beeintr\u00e4chtigen k\u00f6nnen. Der automatische Entl\u00fcfter wird am Heizsystem installiert, normalerweise in Flaschenschr\u00e4nken, um automatisch Luft aus dem Heizsystem abzulassen.<\/p>\r\n\r\n\r\n\r\n<h2 class=\"wp-block-heading\" id=\"applications-of-air-vent-valve\">Anwendungen von automatischen Entl\u00fcftungsventilen<\/h2>\r\n\r\n\r\n\r\n<p>Automatische Entl\u00fcftungsventile eignen sich am besten f\u00fcr Heizungssysteme und andere Warmwassersysteme mit geschlossenem Kreislauf, bei denen eine effiziente und automatische Entl\u00fcftung erforderlich ist, w\u00e4hrend sich das System mit Wasser f\u00fcllt. An der Unterseite des Ventils ist eine Vakuumbremse angebracht, die die Bildung einer Lufteinschlussblase verhindert und die Entl\u00fcftung aus dem Wasser im System f\u00f6rdert.<\/p>\r\n\r\n\r\n\r\n<h2 class=\"wp-block-heading\" id=\"h-features-of-automatic-air-vent-valves\">Merkmale automatischer Entl\u00fcftungsventile:<\/h2>\r\n\r\n\r\n\r\n<ul class=\"wp-block-list\">\r\n<li>Entl\u00fcftet automatisch eingeschlossene Luft aus geschlossenen Heizsystemen<\/li>\r\n<li>Robuste Konstruktion aus massivem Messing und hitzebest\u00e4ndiger Schwimmer aus Polypropylen<\/li>\r\n<li>Mit verschiedenen Anschlussenden erh\u00e4ltlich<\/li>\r\n<\/ul>\r\n\r\n\r\n\r\n<h2 class=\"wp-block-heading\" id=\"h-material-of-automatic-air-vent-valves\">Material der automatischen Entl\u00fcftungsventile:<\/h2>\r\n\r\n\r\n\r\n<figure class=\"wp-block-table\">\r\n<table>\r\n<tbody>\r\n<tr>\r\n<td>Nein<\/td>\r\n<td>Teil<\/td>\r\n<td>Material<\/td>\r\n<\/tr>\r\n<tr>\r\n<td>1<\/td>\r\n<td>K\u00f6rper<\/td>\r\n<td>Messing CW 617N<\/td>\r\n<\/tr>\r\n<tr>\r\n<td>2<\/td>\r\n<td>Motorhaube<\/td>\r\n<td>Messing CW 617N<\/td>\r\n<\/tr>\r\n<tr>\r\n<td>3<\/td>\r\n<td>Schweben<\/td>\r\n<td>Polyethylen<\/td>\r\n<\/tr>\r\n<tr>\r\n<td>4<\/td>\r\n<td>Deckel<\/td>\r\n<td>Polyethylen<\/td>\r\n<\/tr>\r\n<tr>\r\n<td>5<\/td>\r\n<td>Waschmaschine<\/td>\r\n<td>Messing<\/td>\r\n<\/tr>\r\n<tr>\r\n<td>6<\/td>\r\n<td>Kreuzung<\/td>\r\n<td>Acetalharz<\/td>\r\n<\/tr>\r\n<tr>\r\n<td>7<\/td>\r\n<td>Hebel<\/td>\r\n<td>Acetalharz<\/td>\r\n<\/tr>\r\n<tr>\r\n<td>8<\/td>\r\n<td>Stoppen<\/td>\r\n<td>Acetalharz<\/td>\r\n<\/tr>\r\n<\/tbody>\r\n<\/table>\r\n<\/figure>","protected":false},"excerpt":{"rendered":"<p>ZECO Valve ist ein professioneller Hersteller von automatischen Entl\u00fcftungsventilen. Was ist ein automatisches Entl\u00fcftungsventil? Ein automatisches Entl\u00fcftungsventil ist \u2026 <a title=\"Automatisches Entl\u00fcftungsventil\" class=\"read-more\" href=\"https:\/\/zecovalve.com\/de\/produkt\/automatic-air-vent-valve\" aria-label=\"Mehr zu Automatisches Entl\u00fcftungsventil\">Weiterlesen ...<\/a><\/p>","protected":false},"featured_media":27972,"comment_status":"closed","ping_status":"closed","template":"","meta":{"_generate-full-width-content":"","kt_blocks_editor_width":""},"product_cat":[2520],"product_tag":[2796,2765],"class_list":["post-19525","product","type-product","status-publish","has-post-thumbnail","hentry","product_cat-air-valve","product_tag-air-vent-valve","product_tag-vent-valve","sales-flash-overlay","woocommerce-text-align-center","woocommerce-image-align-center","do-quantity-buttons"],"featured_image_src_large":["https:\/\/zecovalve.com\/wp-content\/uploads\/2022\/07\/Automatic-Air-Vent-Valve-1.jpg",800,600,false],"author_info":[],"comment_info":0,"taxonomy_info":{"product_cat":[{"value":2520,"label":"Air Valve Manufacturer and Supplier"}],"product_tag":[{"value":2796,"label":"Air Vent Valve"},{"value":2765,"label":"Vent Valve"}]},"yoast_head":"<!-- This site is optimized with the Yoast SEO Premium plugin v15.4 - https:\/\/yoast.com\/wordpress\/plugins\/seo\/ -->\n<title>Automatic Air Vent Valve - Air Vent Valve | ZECO Valve<\/title>\n<meta name=\"robots\" content=\"index, follow, max-snippet:-1, max-image-preview:large, max-video-preview:-1\" \/>\n<link rel=\"canonical\" href=\"https:\/\/zecovalve.com\/de\/produkt\/automatic-air-vent-valve\" \/>\n<meta property=\"og:locale\" content=\"de_DE\" \/>\n<meta property=\"og:type\" content=\"article\" \/>\n<meta property=\"og:title\" content=\"Automatic Air Vent Valve - Air Vent Valve | ZECO Valve\" \/>\n<meta property=\"og:description\" content=\"ZECO Valve is an professional Automatic Air Vent Valve manufacturer. What is an Automatic Air Vent Valve? Automatic Air Vent Valve is ... Weiterlesen ...\" \/>\n<meta property=\"og:url\" content=\"https:\/\/zecovalve.com\/de\/produkt\/automatic-air-vent-valve\" \/>\n<meta property=\"og:site_name\" content=\"ZECO Valve\" \/>\n<meta property=\"article:modified_time\" content=\"2023-06-26T06:47:07+00:00\" \/>\n<meta property=\"og:image\" content=\"https:\/\/zecovalve.com\/wp-content\/uploads\/2022\/07\/Automatic-Air-Vent-Valve-1.jpg\" \/>\n\t<meta property=\"og:image:width\" content=\"800\" \/>\n\t<meta property=\"og:image:height\" content=\"600\" \/>\n<meta name=\"twitter:card\" content=\"summary_large_image\" \/>\n<meta name=\"twitter:label1\" content=\"Verfasst von\">\n\t<meta name=\"twitter:data1\" content=\"Jerry\">\n\t<meta name=\"twitter:label2\" content=\"Gesch\u00e4tzte Lesezeit\">\n\t<meta name=\"twitter:data2\" content=\"1\u00a0Minute\">\n<script type=\"application\/ld+json\" class=\"yoast-schema-graph\">{\"@context\":\"https:\/\/schema.org\",\"@graph\":[{\"@type\":\"WebSite\",\"@id\":\"https:\/\/zecovalve.com\/#website\",\"url\":\"https:\/\/zecovalve.com\/\",\"name\":\"ZECO Valve\",\"description\":\"Industrial Ball Valve, Gate Valve and Globe Valve Manufacturer\",\"potentialAction\":[{\"@type\":\"SearchAction\",\"target\":\"https:\/\/zecovalve.com\/?s={search_term_string}\",\"query-input\":\"required name=search_term_string\"}],\"inLanguage\":\"de\"},{\"@type\":\"ImageObject\",\"@id\":\"https:\/\/zecovalve.com\/product\/automatic-air-vent-valve#primaryimage\",\"inLanguage\":\"de\",\"url\":\"https:\/\/zecovalve.com\/wp-content\/uploads\/2022\/07\/Automatic-Air-Vent-Valve-1.jpg\",\"width\":800,\"height\":600,\"caption\":\"Automatic Air Vent Valve\"},{\"@type\":\"WebPage\",\"@id\":\"https:\/\/zecovalve.com\/product\/automatic-air-vent-valve#webpage\",\"url\":\"https:\/\/zecovalve.com\/product\/automatic-air-vent-valve\",\"name\":\"Automatic Air Vent Valve - Air Vent Valve | ZECO Valve\",\"isPartOf\":{\"@id\":\"https:\/\/zecovalve.com\/#website\"},\"primaryImageOfPage\":{\"@id\":\"https:\/\/zecovalve.com\/product\/automatic-air-vent-valve#primaryimage\"},\"datePublished\":\"2022-07-11T11:54:01+00:00\",\"dateModified\":\"2023-06-26T06:47:07+00:00\",\"breadcrumb\":{\"@id\":\"https:\/\/zecovalve.com\/product\/automatic-air-vent-valve#breadcrumb\"},\"inLanguage\":\"de\",\"potentialAction\":[{\"@type\":\"ReadAction\",\"target\":[\"https:\/\/zecovalve.com\/product\/automatic-air-vent-valve\"]}]},{\"@type\":\"BreadcrumbList\",\"@id\":\"https:\/\/zecovalve.com\/product\/automatic-air-vent-valve#breadcrumb\",\"itemListElement\":[{\"@type\":\"ListItem\",\"position\":1,\"item\":{\"@type\":\"WebPage\",\"@id\":\"https:\/\/zecovalve.com\/\",\"url\":\"https:\/\/zecovalve.com\/\",\"name\":\"Home\"}},{\"@type\":\"ListItem\",\"position\":2,\"item\":{\"@type\":\"WebPage\",\"@id\":\"https:\/\/zecovalve.com\/product-category\",\"url\":\"https:\/\/zecovalve.com\/product-category\",\"name\":\"Industrial Valve Manufacturer | Water Valve Manufacturer\"}},{\"@type\":\"ListItem\",\"position\":3,\"item\":{\"@type\":\"WebPage\",\"@id\":\"https:\/\/zecovalve.com\/product\/automatic-air-vent-valve\",\"url\":\"https:\/\/zecovalve.com\/product\/automatic-air-vent-valve\",\"name\":\"Automatic Air Vent Valve\"}}]}]}<\/script>\n<!-- \/ Yoast SEO Premium plugin. -->","_links":{"self":[{"href":"https:\/\/zecovalve.com\/de\/wp-json\/wp\/v2\/product\/19525","targetHints":{"allow":["GET"]}}],"collection":[{"href":"https:\/\/zecovalve.com\/de\/wp-json\/wp\/v2\/product"}],"about":[{"href":"https:\/\/zecovalve.com\/de\/wp-json\/wp\/v2\/types\/product"}],"replies":[{"embeddable":true,"href":"https:\/\/zecovalve.com\/de\/wp-json\/wp\/v2\/comments?post=19525"}],"wp:featuredmedia":[{"embeddable":true,"href":"https:\/\/zecovalve.com\/de\/wp-json\/wp\/v2\/media\/27972"}],"wp:attachment":[{"href":"https:\/\/zecovalve.com\/de\/wp-json\/wp\/v2\/media?parent=19525"}],"wp:term":[{"taxonomy":"product_cat","embeddable":true,"href":"https:\/\/zecovalve.com\/de\/wp-json\/wp\/v2\/product_cat?post=19525"},{"taxonomy":"product_tag","embeddable":true,"href":"https:\/\/zecovalve.com\/de\/wp-json\/wp\/v2\/product_tag?post=19525"}],"curies":[{"name":"wp","href":"https:\/\/api.w.org\/{rel}","templated":true}]}}