{"id":19527,"date":"2022-07-11T12:30:10","date_gmt":"2022-07-11T12:30:10","guid":{"rendered":"https:\/\/zecovalve.com\/?post_type=product&#038;p=19527"},"modified":"2023-06-26T06:47:53","modified_gmt":"2023-06-26T06:47:53","slug":"auto-air-vent-valve","status":"publish","type":"product","link":"https:\/\/zecovalve.com\/de\/produkt\/auto-air-vent-valve","title":{"rendered":"Automatisches Entl\u00fcftungsventil"},"content":{"rendered":"<p>ZECO Valve ist ein professioneller Hersteller von Auto-Entl\u00fcftungsventilen.<\/p>\r\n\r\n\r\n\r\n<figure id=\"attachment_16152\" class=\"wp-block-image size-full is-resized\"><img loading=\"lazy\" decoding=\"async\" class=\"wp-image-19528\" src=\"https:\/\/zecovalve.com\/wp-content\/uploads\/2022\/07\/Auto-Air-Vent-Valve.webp\" alt=\"Automatisches Entl\u00fcftungsventil\" width=\"256\" height=\"256\" \/><\/figure>\r\n\r\n\r\n<div class=\"gb-button-wrapper gb-button-wrapper-6d8495a3\">\r\n\r\n\r\n<p><a class=\"gb-button gb-button-3d442e11 gb-button-text\" href=\"https:\/\/zecovalve.com\/de\/contact\/\" target=\"_blank\" rel=\"noopener noreferrer\"><strong>VENTILPREIS ERHALTEN<\/strong><\/a><\/p>\r\n<\/div>\r\n\r\n\r\n\r\n\r\n<h2 class=\"wp-block-heading\" id=\"h-what-is-an-auto-air-vent-valve\">Was ist ein automatisches Entl\u00fcftungsventil?<\/h2>\r\n\r\n\r\n\r\n<p>Das automatische Entl\u00fcftungsventil ist f\u00fcr den Einsatz in Heizsystemen konzipiert.<\/p>\r\n\r\n\r\n\r\n<h2 class=\"wp-block-heading\" id=\"how-does-an-air-vent-valve-work\">Wie funktioniert ein automatisches Entl\u00fcftungsventil?<\/h2>\r\n\r\n\r\n\r\n<p>Das automatische Entl\u00fcftungsventil ist ein Ger\u00e4t zum Entl\u00fcften des Rohrleitungssystems. Es basiert auf dem Prinzip eines Schwimmers. Der Schwimmer schwimmt und dr\u00fcckt die Nadel oder den Stopfen gegen den Auslass. Die Luft aus dem Heizungs- oder Wasserversorgungssystem steigt auf, der Schwimmer sinkt und \u00f6ffnet den Auslass. Sobald die Luft entwichen ist, schwebt der Schwimmer wieder auf und versperrt den Ausgang. Aus diesem Grund werden diese Produkte als automatische Entl\u00fcftungsventile oder Luftventile bezeichnet. Zwar gibt es auch im Abwassersystem Luftventile, aber sie erf\u00fcllen dort eine andere Funktion.<\/p>\r\n\r\n\r\n\r\n<h2 class=\"wp-block-heading\" id=\"applications-of-air-vent-valve\">Anwendungen von automatischen Entl\u00fcftungsventilen<\/h2>\r\n\r\n\r\n\r\n<p>Automatische Entl\u00fcftungsventile werden f\u00fcr Warm- oder Kaltwasserverteilungssysteme und Modelle mit manueller Entl\u00fcftungsfunktion zum schnellen Entl\u00fcften von Wohn- und Gewerbesystemen verwendet.<\/p>\r\n\r\n\r\n\r\n<h2 class=\"wp-block-heading\" id=\"h-features-of-auto-air-vent-valves\">Merkmale automatischer Entl\u00fcftungsventile:<\/h2>\r\n\r\n\r\n\r\n<ul class=\"wp-block-list\">\r\n<li>Korpus aus vernickeltem Messing.<\/li>\r\n<li>Schwimmer aus Polyethylenharz.<\/li>\r\n<li>Maximale Arbeitstemperatur: 110 \u00b0C.<\/li>\r\n<li>Maximaler Abgabedruck: 6 bar.<\/li>\r\n<li>Gewinde: ISO 228 (entspricht DIN EN ISO 228 und BS EN ISO 228).<\/li>\r\n<li>Erh\u00e4ltlich mit NPT-Gewinde in den Gr\u00f6\u00dfen 1\/2\u2033 \u2013 3\/4\u2033 \u2013 1\u2033<\/li>\r\n<\/ul>\r\n\r\n\r\n\r\n<h2 class=\"wp-block-heading\" id=\"h-material-of-auto-air-vent-valves\">Material der automatischen Entl\u00fcftungsventile:<\/h2>\r\n\r\n\r\n\r\n<figure class=\"wp-block-table\">\r\n<table>\r\n<tbody>\r\n<tr>\r\n<td>Nein<\/td>\r\n<td>Teil<\/td>\r\n<td>Material<\/td>\r\n<\/tr>\r\n<tr>\r\n<td>1<\/td>\r\n<td>K\u00f6rper<\/td>\r\n<td>Messing vernickelt<\/td>\r\n<\/tr>\r\n<tr>\r\n<td>2<\/td>\r\n<td>Motorhaube<\/td>\r\n<td>Messing vernickelt<\/td>\r\n<\/tr>\r\n<tr>\r\n<td>3<\/td>\r\n<td>Schweben<\/td>\r\n<td>Polyethylen<\/td>\r\n<\/tr>\r\n<tr>\r\n<td>4<\/td>\r\n<td>Deckel<\/td>\r\n<td>Polyethylen<\/td>\r\n<\/tr>\r\n<tr>\r\n<td>5<\/td>\r\n<td>Waschmaschine<\/td>\r\n<td>Messing vernickelt<\/td>\r\n<\/tr>\r\n<tr>\r\n<td>6<\/td>\r\n<td>Kreuzung<\/td>\r\n<td>Acetalharz<\/td>\r\n<\/tr>\r\n<tr>\r\n<td>7<\/td>\r\n<td>Hebel<\/td>\r\n<td>Acetalharz<\/td>\r\n<\/tr>\r\n<tr>\r\n<td>8<\/td>\r\n<td>Stoppen<\/td>\r\n<td>Acetalharz<\/td>\r\n<\/tr>\r\n<\/tbody>\r\n<\/table>\r\n<\/figure>","protected":false},"excerpt":{"rendered":"<p>ZECO Valve ist ein professioneller Hersteller von automatischen Entl\u00fcftungsventilen. Was ist ein automatisches Entl\u00fcftungsventil? Ein automatisches Entl\u00fcftungsventil ist \u2026 <a title=\"Automatisches Entl\u00fcftungsventil\" class=\"read-more\" href=\"https:\/\/zecovalve.com\/de\/produkt\/auto-air-vent-valve\" aria-label=\"Mehr zu Auto Air Vent Valve\">Weiterlesen ...<\/a><\/p>","protected":false},"featured_media":27973,"comment_status":"closed","ping_status":"closed","template":"","meta":{"_generate-full-width-content":"","kt_blocks_editor_width":""},"product_cat":[2520],"product_tag":[2796,2765],"class_list":["post-19527","product","type-product","status-publish","has-post-thumbnail","hentry","product_cat-air-valve","product_tag-air-vent-valve","product_tag-vent-valve","sales-flash-overlay","woocommerce-text-align-center","woocommerce-image-align-center","do-quantity-buttons"],"featured_image_src_large":["https:\/\/zecovalve.com\/wp-content\/uploads\/2022\/07\/Auto-Air-Vent-Valve.jpg",800,600,false],"author_info":[],"comment_info":0,"taxonomy_info":{"product_cat":[{"value":2520,"label":"Air Valve Manufacturer and Supplier"}],"product_tag":[{"value":2796,"label":"Air Vent Valve"},{"value":2765,"label":"Vent Valve"}]},"yoast_head":"<!-- This site is optimized with the Yoast SEO Premium plugin v15.4 - https:\/\/yoast.com\/wordpress\/plugins\/seo\/ -->\n<title>Auto Air Vent Valve - Air Vent Valve | ZECO Valve<\/title>\n<meta name=\"robots\" content=\"index, follow, max-snippet:-1, max-image-preview:large, max-video-preview:-1\" \/>\n<link rel=\"canonical\" href=\"https:\/\/zecovalve.com\/de\/produkt\/auto-air-vent-valve\" \/>\n<meta property=\"og:locale\" content=\"de_DE\" \/>\n<meta property=\"og:type\" content=\"article\" \/>\n<meta property=\"og:title\" content=\"Auto Air Vent Valve - Air Vent Valve | ZECO Valve\" \/>\n<meta property=\"og:description\" content=\"ZECO Valve is an professional Auto Air Vent Valve manufacturer. What is an Auto Air Vent Valve? Auto Air Vent Valve is ... Weiterlesen ...\" \/>\n<meta property=\"og:url\" content=\"https:\/\/zecovalve.com\/de\/produkt\/auto-air-vent-valve\" \/>\n<meta property=\"og:site_name\" content=\"ZECO Valve\" \/>\n<meta property=\"article:modified_time\" content=\"2023-06-26T06:47:53+00:00\" \/>\n<meta property=\"og:image\" content=\"https:\/\/zecovalve.com\/wp-content\/uploads\/2022\/07\/Auto-Air-Vent-Valve.jpg\" \/>\n\t<meta property=\"og:image:width\" content=\"800\" \/>\n\t<meta property=\"og:image:height\" content=\"600\" \/>\n<meta name=\"twitter:card\" content=\"summary_large_image\" \/>\n<meta name=\"twitter:label1\" content=\"Verfasst von\">\n\t<meta name=\"twitter:data1\" content=\"Jerry\">\n\t<meta name=\"twitter:label2\" content=\"Gesch\u00e4tzte Lesezeit\">\n\t<meta name=\"twitter:data2\" content=\"1\u00a0Minute\">\n<script type=\"application\/ld+json\" class=\"yoast-schema-graph\">{\"@context\":\"https:\/\/schema.org\",\"@graph\":[{\"@type\":\"WebSite\",\"@id\":\"https:\/\/zecovalve.com\/#website\",\"url\":\"https:\/\/zecovalve.com\/\",\"name\":\"ZECO Valve\",\"description\":\"Industrial Ball Valve, Gate Valve and Globe Valve Manufacturer\",\"potentialAction\":[{\"@type\":\"SearchAction\",\"target\":\"https:\/\/zecovalve.com\/?s={search_term_string}\",\"query-input\":\"required name=search_term_string\"}],\"inLanguage\":\"de\"},{\"@type\":\"ImageObject\",\"@id\":\"https:\/\/zecovalve.com\/product\/auto-air-vent-valve#primaryimage\",\"inLanguage\":\"de\",\"url\":\"https:\/\/zecovalve.com\/wp-content\/uploads\/2022\/07\/Auto-Air-Vent-Valve.jpg\",\"width\":800,\"height\":600,\"caption\":\"Auto Air Vent Valve\"},{\"@type\":\"WebPage\",\"@id\":\"https:\/\/zecovalve.com\/product\/auto-air-vent-valve#webpage\",\"url\":\"https:\/\/zecovalve.com\/product\/auto-air-vent-valve\",\"name\":\"Auto Air Vent Valve - Air Vent Valve | ZECO Valve\",\"isPartOf\":{\"@id\":\"https:\/\/zecovalve.com\/#website\"},\"primaryImageOfPage\":{\"@id\":\"https:\/\/zecovalve.com\/product\/auto-air-vent-valve#primaryimage\"},\"datePublished\":\"2022-07-11T12:30:10+00:00\",\"dateModified\":\"2023-06-26T06:47:53+00:00\",\"breadcrumb\":{\"@id\":\"https:\/\/zecovalve.com\/product\/auto-air-vent-valve#breadcrumb\"},\"inLanguage\":\"de\",\"potentialAction\":[{\"@type\":\"ReadAction\",\"target\":[\"https:\/\/zecovalve.com\/product\/auto-air-vent-valve\"]}]},{\"@type\":\"BreadcrumbList\",\"@id\":\"https:\/\/zecovalve.com\/product\/auto-air-vent-valve#breadcrumb\",\"itemListElement\":[{\"@type\":\"ListItem\",\"position\":1,\"item\":{\"@type\":\"WebPage\",\"@id\":\"https:\/\/zecovalve.com\/\",\"url\":\"https:\/\/zecovalve.com\/\",\"name\":\"Home\"}},{\"@type\":\"ListItem\",\"position\":2,\"item\":{\"@type\":\"WebPage\",\"@id\":\"https:\/\/zecovalve.com\/product-category\",\"url\":\"https:\/\/zecovalve.com\/product-category\",\"name\":\"Industrial Valve Manufacturer | Water Valve Manufacturer\"}},{\"@type\":\"ListItem\",\"position\":3,\"item\":{\"@type\":\"WebPage\",\"@id\":\"https:\/\/zecovalve.com\/product\/auto-air-vent-valve\",\"url\":\"https:\/\/zecovalve.com\/product\/auto-air-vent-valve\",\"name\":\"Auto Air Vent Valve\"}}]}]}<\/script>\n<!-- \/ Yoast SEO Premium plugin. -->","_links":{"self":[{"href":"https:\/\/zecovalve.com\/de\/wp-json\/wp\/v2\/product\/19527","targetHints":{"allow":["GET"]}}],"collection":[{"href":"https:\/\/zecovalve.com\/de\/wp-json\/wp\/v2\/product"}],"about":[{"href":"https:\/\/zecovalve.com\/de\/wp-json\/wp\/v2\/types\/product"}],"replies":[{"embeddable":true,"href":"https:\/\/zecovalve.com\/de\/wp-json\/wp\/v2\/comments?post=19527"}],"wp:featuredmedia":[{"embeddable":true,"href":"https:\/\/zecovalve.com\/de\/wp-json\/wp\/v2\/media\/27973"}],"wp:attachment":[{"href":"https:\/\/zecovalve.com\/de\/wp-json\/wp\/v2\/media?parent=19527"}],"wp:term":[{"taxonomy":"product_cat","embeddable":true,"href":"https:\/\/zecovalve.com\/de\/wp-json\/wp\/v2\/product_cat?post=19527"},{"taxonomy":"product_tag","embeddable":true,"href":"https:\/\/zecovalve.com\/de\/wp-json\/wp\/v2\/product_tag?post=19527"}],"curies":[{"name":"wp","href":"https:\/\/api.w.org\/{rel}","templated":true}]}}