{"id":19530,"date":"2022-07-11T13:22:59","date_gmt":"2022-07-11T13:22:59","guid":{"rendered":"https:\/\/zecovalve.com\/?post_type=product&#038;p=19530"},"modified":"2023-06-26T06:08:28","modified_gmt":"2023-06-26T06:08:28","slug":"manual-balancing-valve","status":"publish","type":"product","link":"https:\/\/zecovalve.com\/de\/produkt\/manual-balancing-valve","title":{"rendered":"Manuelles Ausgleichsventil"},"content":{"rendered":"<p>Heiz- und K\u00fchlsysteme, die mit einem konstanten Durchflussprinzip ausgelegt sind, zirkulieren gro\u00dfe Wassermengen. Um dies so effizient wie m\u00f6glich zu tun, ist es wichtig, sicherzustellen, dass die Auslegungsdurchfl\u00fcsse in den verschiedenen Teilen des Systems korrekt sind. Manuelle Ausgleichsventile sind bei solchen Systemen die beste Option.<\/p>\r\n\r\n\r\n\r\n<figure id=\"attachment_17032\" class=\"wp-block-image\"><img loading=\"lazy\" decoding=\"async\" width=\"300\" height=\"273\" class=\"wp-image-17032\" src=\"https:\/\/zecovalve.com\/wp-content\/uploads\/2022\/06\/bronze-flow-balancing-valve-300x273.jpg\" alt=\"Durchflussausgleichsventil aus Messing\" srcset=\"https:\/\/zecovalve.com\/wp-content\/uploads\/2022\/06\/bronze-flow-balancing-valve-300x273.jpg 300w, https:\/\/zecovalve.com\/wp-content\/uploads\/2022\/06\/bronze-flow-balancing-valve.jpg 330w\" sizes=\"auto, (max-width: 300px) 100vw, 300px\" \/><\/figure>\r\n\r\n\r\n<div class=\"gb-button-wrapper gb-button-wrapper-6d8495a3\">\r\n\r\n\r\n<p><a class=\"gb-button gb-button-3d442e11 gb-button-text\" href=\"https:\/\/zecovalve.com\/de\/contact\/\" target=\"_blank\" rel=\"noopener noreferrer\"><strong>VENTILPREIS ERHALTEN<\/strong><\/a><\/p>\r\n<\/div>\r\n\r\n\r\n\r\n\r\n<h2 class=\"wp-block-heading\">Was ist ein manuelles Ausgleichsventil?<\/h2>\r\n\r\n\r\n\r\n<p>Das manuelle Abgleichventil ZECO ist f\u00fcr den pr\u00e4zisen hydraulischen Abgleich in vielen Anwendungen konzipiert. Es wird am h\u00e4ufigsten f\u00fcr Heiz- oder K\u00fchlsysteme mit Brauchwasser verwendet.<\/p>\r\n\r\n\r\n\r\n<h2 class=\"wp-block-heading\" id=\"h-festures-of-manual-balancing-valve\">Merkmale des manuellen Ausgleichsventils<\/h2>\r\n\r\n\r\n\r\n<h3 class=\"wp-block-heading\">Breites Produktspektrum<\/h3>\r\n\r\n\r\n\r\n<p>Mit Ventilen in den Gr\u00f6\u00dfen DN 15 bis DN 50, Befestigungsoptionen mit Innengewinde, Au\u00dfengewinde oder Flanschen und der Verf\u00fcgbarkeit von Messwerkzeugen und Zubeh\u00f6r gibt es immer ein manuelles Strangregulierventil von ZECO, das Ihren Anforderungen entspricht.<\/p>\r\n\r\n\r\n\r\n<h3 class=\"wp-block-heading\">Kompakte Bauweise<\/h3>\r\n\r\n\r\n\r\n<p>Alle ZECO-Ausgleichsventile sind auf minimalen Platzbedarf und einfache Installation ausgelegt.<\/p>\r\n\r\n\r\n\r\n<h2 class=\"wp-block-heading\" id=\"h-manual-balancing-valve-working-principle\">Funktionsprinzip des manuellen Ausgleichsventils<\/h2>\r\n\r\n\r\n\r\n<figure class=\"wp-block-image\"><img loading=\"lazy\" decoding=\"async\" width=\"300\" height=\"225\" class=\"wp-image-17065\" src=\"https:\/\/zecovalve.com\/wp-content\/uploads\/2022\/06\/bronze-flow-balancing-valve-3-300x225.png\" alt=\"\" srcset=\"https:\/\/zecovalve.com\/wp-content\/uploads\/2022\/06\/bronze-flow-balancing-valve-3-300x225.png 300w, https:\/\/zecovalve.com\/wp-content\/uploads\/2022\/06\/bronze-flow-balancing-valve-3.png 600w\" sizes=\"auto, (max-width: 300px) 100vw, 300px\" \/><\/figure>\r\n\r\n\r\n\r\n<p>Das manuelle Ausgleichsventil ist ein Ventil mit Spezialfunktion. Es hat gute Durchflusseigenschaften. Au\u00dferdem verf\u00fcgt es \u00fcber einen Ventil\u00f6ffnungsindex, eine \u00d6ffnungsverriegelungsvorrichtung und ein Druckmessventil zur Durchflussmessung. Durch die Verwendung eines speziellen intelligenten Instruments kann der Durchflusswert, der durch das Ausgleichsventil flie\u00dft, direkt angezeigt werden, indem der Ventiltyp und der \u00d6ffnungswert entsprechend dem gemessenen Druckdifferenzsignal eingegeben werden. Solange das Ausgleichsventil mit den entsprechenden Spezifikationen in jedem Zweig und Benutzereingang installiert und einmal mit dem speziellen intelligenten Instrument debuggt wird, kann die Durchflussrate jedes Benutzers den eingestellten Wert erreichen.<\/p>\r\n\r\n\r\n\r\n<h2 class=\"wp-block-heading\" id=\"h-manual-balancing-valve-installation-and-commissioning\">Installation und Inbetriebnahme eines manuellen Ausgleichsventils<\/h2>\r\n\r\n\r\n\r\n<figure class=\"wp-block-image\"><img loading=\"lazy\" decoding=\"async\" width=\"300\" height=\"225\" class=\"wp-image-17066\" src=\"https:\/\/zecovalve.com\/wp-content\/uploads\/2022\/06\/pressure-control-valve-300x225.png\" alt=\"\" srcset=\"https:\/\/zecovalve.com\/wp-content\/uploads\/2022\/06\/pressure-control-valve-300x225.png 300w, https:\/\/zecovalve.com\/wp-content\/uploads\/2022\/06\/pressure-control-valve.png 600w\" sizes=\"auto, (max-width: 300px) 100vw, 300px\" \/><\/figure>\r\n\r\n\r\n\r\n<p>Dieses Ventil kann entweder an der Wasserzuleitung oder an der Wasserr\u00fccklaufleitung installiert werden. Generell wird die Installation an der Wasserr\u00fccklaufleitung empfohlen, insbesondere am Hochtemperaturkreislauf.<\/p>\r\n\r\n\r\n\r\n<h2 class=\"wp-block-heading\" id=\"h-manual-balancing-valve-material-and-standard\">Produkt\u00fcbersicht manuelle Strangregulierventile<\/h2>\r\n\r\n\r\n\r\n<p>Gr\u00f6\u00dfenbereich: 3\/4\u2033~2\u2033<\/p>\r\n\r\n\r\n\r\n<p>Druckbewertung: 10bar ~ 16bar<\/p>\r\n\r\n\r\n\r\n<p>Baul\u00e4nge: EN 558-1, ASME B 16.10<\/p>\r\n\r\n\r\n\r\n<p>Flanschendma\u00df: BS 21<\/p>\r\n\r\n\r\n\r\n<p>Inspektion und Pr\u00fcfung: ISO 5208 \/ EN 12226-2<\/p>\r\n<div class=\"over-tabs\">\r\n<table width=\"1389\">\r\n<tbody>\r\n<tr class=\"firstRow\">\r\n<td>Teil<\/td>\r\n<td>Material<\/td>\r\n<td>Standard<\/td>\r\n<\/tr>\r\n<tr>\r\n<td>K\u00f6rper<\/td>\r\n<td>CuZn39Pb1 \/ C37000<\/td>\r\n<td>EN12167\/ASTM B135<\/td>\r\n<\/tr>\r\n<tr>\r\n<td>Motorhaube<\/td>\r\n<td>CuZn39Pb1 \/ C37000<\/td>\r\n<td>EN12167\/ASTM B135<\/td>\r\n<\/tr>\r\n<tr>\r\n<td>Trimmen<\/td>\r\n<td>CuZn39Pb1 \/ C37000<\/td>\r\n<td>EN12167\/ASTM B135<\/td>\r\n<\/tr>\r\n<tr>\r\n<td>Messanschluss<\/td>\r\n<td>CuZn39Pb1 \/ C37000<\/td>\r\n<td>EN12167\/ASTM B135<\/td>\r\n<\/tr>\r\n<tr>\r\n<td>O-Ring<\/td>\r\n<td>EPDM \/ NBR<\/td>\r\n<td>ISO 4633<\/td>\r\n<\/tr>\r\n<tr>\r\n<td>Handrad<\/td>\r\n<td>Nylon<\/td>\r\n<td>ISO 4633<\/td>\r\n<\/tr>\r\n<tr>\r\n<td colspan=\"3\">Informationen zu den nicht aufgef\u00fchrten Materialoptionen erhalten Sie im Werk. ZECO fertigt Ventile in mehr als 50 verschiedenen Legierungen.<\/td>\r\n<\/tr>\r\n<\/tbody>\r\n<\/table>\r\n<h2>Abmessungen von manuellen Ausgleichsventilen<\/h2>\r\n<\/div>\r\n<figure class=\"wp-block-table\">\r\n<table>\r\n<tbody>\r\n<tr>\r\n<td>NPS<\/td>\r\n<td>In<\/td>\r\n<td>3\/4<\/td>\r\n<td>1<\/td>\r\n<td>1 1\/4<\/td>\r\n<td>1 1\/2<\/td>\r\n<td>2<\/td>\r\n<\/tr>\r\n<tr>\r\n<td>A<\/td>\r\n<td>mm<\/td>\r\n<td>86.5<\/td>\r\n<td>105<\/td>\r\n<td>123.5<\/td>\r\n<td>125<\/td>\r\n<td>144<\/td>\r\n<\/tr>\r\n<tr>\r\n<td>H<\/td>\r\n<td>mm<\/td>\r\n<td>102<\/td>\r\n<td>105<\/td>\r\n<td>110<\/td>\r\n<td>120<\/td>\r\n<td>127<\/td>\r\n<\/tr>\r\n<tr>\r\n<td>G<\/td>\r\n<td>mm<\/td>\r\n<td>G3\/4<\/td>\r\n<td>G1<\/td>\r\n<td>G1 1\/4<\/td>\r\n<td>G1 1\/2<\/td>\r\n<td>G2<\/td>\r\n<\/tr>\r\n<tr>\r\n<td>SW<\/td>\r\n<td>mm<\/td>\r\n<td>32.5<\/td>\r\n<td>40.5<\/td>\r\n<td>49.5<\/td>\r\n<td>57<\/td>\r\n<td>69.5<\/td>\r\n<\/tr>\r\n<tr>\r\n<td>KVS<\/td>\r\n<td>m3\/h<\/td>\r\n<td>5.77<\/td>\r\n<td>8.7<\/td>\r\n<td>14.2<\/td>\r\n<td>19.2<\/td>\r\n<td>33<\/td>\r\n<\/tr>\r\n<\/tbody>\r\n<\/table>\r\n<\/figure>","protected":false},"excerpt":{"rendered":"<p>Heiz- und K\u00fchlsysteme, die mit einem konstanten Durchflussprinzip konzipiert sind, zirkulieren gro\u00dfe Wassermengen. Um dies so effizient wie m\u00f6glich zu tun, \u2026 <a title=\"Manuelles Ausgleichsventil\" class=\"read-more\" href=\"https:\/\/zecovalve.com\/de\/produkt\/manual-balancing-valve\" aria-label=\"Mehr zu Manual Balancing Valve\">Weiterlesen ...<\/a><\/p>","protected":false},"featured_media":27965,"comment_status":"closed","ping_status":"closed","template":"","meta":{"_generate-full-width-content":"","kt_blocks_editor_width":""},"product_cat":[2512],"product_tag":[2724],"class_list":["post-19530","product","type-product","status-publish","has-post-thumbnail","hentry","product_cat-balancing-valve","product_tag-balancing-valve","sales-flash-overlay","woocommerce-text-align-center","woocommerce-image-align-center","do-quantity-buttons"],"featured_image_src_large":["https:\/\/zecovalve.com\/wp-content\/uploads\/2022\/07\/Manual-Balancing-Valve.jpg",800,600,false],"author_info":[],"comment_info":0,"taxonomy_info":{"product_cat":[{"value":2512,"label":"Balancing Valve"}],"product_tag":[{"value":2724,"label":"Balancing Valve"}]},"yoast_head":"<!-- This site is optimized with the Yoast SEO Premium plugin v15.4 - https:\/\/yoast.com\/wordpress\/plugins\/seo\/ -->\n<title>Manual Balancing Valve - Balancing Valve | ZECO Valve<\/title>\n<meta name=\"robots\" content=\"index, follow, max-snippet:-1, max-image-preview:large, max-video-preview:-1\" \/>\n<link rel=\"canonical\" href=\"https:\/\/zecovalve.com\/de\/produkt\/manual-balancing-valve\" \/>\n<meta property=\"og:locale\" content=\"de_DE\" \/>\n<meta property=\"og:type\" content=\"article\" \/>\n<meta property=\"og:title\" content=\"Manual Balancing Valve - Balancing Valve | ZECO Valve\" \/>\n<meta property=\"og:description\" content=\"Heating and cooling systems designed with a constant flow principle circulate large amounts of water. To do that as efficiently as possible, ... Weiterlesen ...\" \/>\n<meta property=\"og:url\" content=\"https:\/\/zecovalve.com\/de\/produkt\/manual-balancing-valve\" \/>\n<meta property=\"og:site_name\" content=\"ZECO Valve\" \/>\n<meta property=\"article:modified_time\" content=\"2023-06-26T06:08:28+00:00\" \/>\n<meta property=\"og:image\" content=\"https:\/\/zecovalve.com\/wp-content\/uploads\/2022\/07\/Manual-Balancing-Valve.jpg\" \/>\n\t<meta property=\"og:image:width\" content=\"800\" \/>\n\t<meta property=\"og:image:height\" content=\"600\" \/>\n<meta name=\"twitter:card\" content=\"summary_large_image\" \/>\n<meta name=\"twitter:label1\" content=\"Verfasst von\">\n\t<meta name=\"twitter:data1\" content=\"Jerry\">\n\t<meta name=\"twitter:label2\" content=\"Gesch\u00e4tzte Lesezeit\">\n\t<meta name=\"twitter:data2\" content=\"2\u00a0Minuten\">\n<script type=\"application\/ld+json\" class=\"yoast-schema-graph\">{\"@context\":\"https:\/\/schema.org\",\"@graph\":[{\"@type\":\"WebSite\",\"@id\":\"https:\/\/zecovalve.com\/#website\",\"url\":\"https:\/\/zecovalve.com\/\",\"name\":\"ZECO Valve\",\"description\":\"Industrial Ball Valve, Gate Valve and Globe Valve Manufacturer\",\"potentialAction\":[{\"@type\":\"SearchAction\",\"target\":\"https:\/\/zecovalve.com\/?s={search_term_string}\",\"query-input\":\"required name=search_term_string\"}],\"inLanguage\":\"de\"},{\"@type\":\"ImageObject\",\"@id\":\"https:\/\/zecovalve.com\/product\/manual-balancing-valve#primaryimage\",\"inLanguage\":\"de\",\"url\":\"https:\/\/zecovalve.com\/wp-content\/uploads\/2022\/07\/Manual-Balancing-Valve.jpg\",\"width\":800,\"height\":600,\"caption\":\"Manual Balancing Valve\"},{\"@type\":\"WebPage\",\"@id\":\"https:\/\/zecovalve.com\/product\/manual-balancing-valve#webpage\",\"url\":\"https:\/\/zecovalve.com\/product\/manual-balancing-valve\",\"name\":\"Manual Balancing Valve - Balancing Valve | ZECO Valve\",\"isPartOf\":{\"@id\":\"https:\/\/zecovalve.com\/#website\"},\"primaryImageOfPage\":{\"@id\":\"https:\/\/zecovalve.com\/product\/manual-balancing-valve#primaryimage\"},\"datePublished\":\"2022-07-11T13:22:59+00:00\",\"dateModified\":\"2023-06-26T06:08:28+00:00\",\"breadcrumb\":{\"@id\":\"https:\/\/zecovalve.com\/product\/manual-balancing-valve#breadcrumb\"},\"inLanguage\":\"de\",\"potentialAction\":[{\"@type\":\"ReadAction\",\"target\":[\"https:\/\/zecovalve.com\/product\/manual-balancing-valve\"]}]},{\"@type\":\"BreadcrumbList\",\"@id\":\"https:\/\/zecovalve.com\/product\/manual-balancing-valve#breadcrumb\",\"itemListElement\":[{\"@type\":\"ListItem\",\"position\":1,\"item\":{\"@type\":\"WebPage\",\"@id\":\"https:\/\/zecovalve.com\/\",\"url\":\"https:\/\/zecovalve.com\/\",\"name\":\"Home\"}},{\"@type\":\"ListItem\",\"position\":2,\"item\":{\"@type\":\"WebPage\",\"@id\":\"https:\/\/zecovalve.com\/product-category\",\"url\":\"https:\/\/zecovalve.com\/product-category\",\"name\":\"Industrial Valve Manufacturer | Water Valve Manufacturer\"}},{\"@type\":\"ListItem\",\"position\":3,\"item\":{\"@type\":\"WebPage\",\"@id\":\"https:\/\/zecovalve.com\/product\/manual-balancing-valve\",\"url\":\"https:\/\/zecovalve.com\/product\/manual-balancing-valve\",\"name\":\"Manual Balancing Valve\"}}]}]}<\/script>\n<!-- \/ Yoast SEO Premium plugin. -->","_links":{"self":[{"href":"https:\/\/zecovalve.com\/de\/wp-json\/wp\/v2\/product\/19530","targetHints":{"allow":["GET"]}}],"collection":[{"href":"https:\/\/zecovalve.com\/de\/wp-json\/wp\/v2\/product"}],"about":[{"href":"https:\/\/zecovalve.com\/de\/wp-json\/wp\/v2\/types\/product"}],"replies":[{"embeddable":true,"href":"https:\/\/zecovalve.com\/de\/wp-json\/wp\/v2\/comments?post=19530"}],"wp:featuredmedia":[{"embeddable":true,"href":"https:\/\/zecovalve.com\/de\/wp-json\/wp\/v2\/media\/27965"}],"wp:attachment":[{"href":"https:\/\/zecovalve.com\/de\/wp-json\/wp\/v2\/media?parent=19530"}],"wp:term":[{"taxonomy":"product_cat","embeddable":true,"href":"https:\/\/zecovalve.com\/de\/wp-json\/wp\/v2\/product_cat?post=19530"},{"taxonomy":"product_tag","embeddable":true,"href":"https:\/\/zecovalve.com\/de\/wp-json\/wp\/v2\/product_tag?post=19530"}],"curies":[{"name":"wp","href":"https:\/\/api.w.org\/{rel}","templated":true}]}}