{"id":19533,"date":"2022-07-12T03:03:24","date_gmt":"2022-07-12T03:03:24","guid":{"rendered":"https:\/\/zecovalve.com\/?post_type=product&#038;p=19533"},"modified":"2022-07-14T06:30:23","modified_gmt":"2022-07-14T06:30:23","slug":"1-inch-brass-ball-valve-price","status":"publish","type":"product","link":"https:\/\/zecovalve.com\/de\/produkt\/1-inch-brass-ball-valve-price","title":{"rendered":"1-Zoll-Messing-Kugelhahn"},"content":{"rendered":"<p>Wir bieten einen 1-Zoll-Messingkugelhahn an.<\/p>\r\n\r\n\r\n\r\n<figure class=\"wp-block-image size-full is-resized\"><img loading=\"lazy\" decoding=\"async\" class=\"wp-image-19482\" src=\"https:\/\/zecovalve.com\/wp-content\/uploads\/2022\/07\/Globe-Valve-Check-Valve.jpg\" alt=\"Kugelhahn aus Messing\" width=\"400\" height=\"300\" srcset=\"https:\/\/zecovalve.com\/wp-content\/uploads\/2022\/07\/Globe-Valve-Check-Valve.jpg 800w, https:\/\/zecovalve.com\/wp-content\/uploads\/2022\/07\/Globe-Valve-Check-Valve-300x225.jpg 300w, https:\/\/zecovalve.com\/wp-content\/uploads\/2022\/07\/Globe-Valve-Check-Valve-768x576.jpg 768w, https:\/\/zecovalve.com\/wp-content\/uploads\/2022\/07\/Globe-Valve-Check-Valve-600x450.jpg 600w\" sizes=\"auto, (max-width: 400px) 100vw, 400px\" \/><\/figure>\r\n\r\n\r\n<div class=\"gb-button-wrapper gb-button-wrapper-6d8495a3\">\r\n\r\n\r\n<p><a class=\"gb-button gb-button-3d442e11 gb-button-text\" href=\"https:\/\/zecovalve.com\/de\/contact\/\" target=\"_blank\" rel=\"noopener noreferrer\"><strong>ERHALTEN SIE DEN PREIS F\u00dcR 1-Zoll-MESSING-KUGELHAHN<\/strong><\/a><\/p>\r\n<\/div>\r\n\r\n\r\n\r\n\r\n<h2 class=\"wp-block-heading\">Ungef\u00e4hrer Preis: US$ 2,5~15 \/ St\u00fcck<\/h2>\r\n\r\n\r\n\r\n<h2 class=\"wp-block-heading\">Produktinformationen zum 1-Zoll-Messingkugelhahn<\/h2>\r\n\r\n\r\n\r\n<p>ZECO 1 Zoll geschraubter Kugelhahn aus geschmiedetem Messing, zweiteilig, ZF-101 ist ein hochwertiges Produkt von ZECO. Alle ZECO 1 Zoll geschraubten Kugelh\u00e4hne aus geschmiedetem Messing, zweiteilig, ZF-101 werden unter Verwendung von qualit\u00e4tsgesicherten Materialien und fortschrittlichen Techniken hergestellt, wodurch sie dem Standard in diesem \u00e4u\u00dferst anspruchsvollen Bereich entsprechen. Die zur Herstellung des ZECO 1 Zoll geschraubten Kugelhahns aus geschmiedetem Messing, zweiteilig, ZF-101, verwendeten Materialien stammen von den zuverl\u00e4ssigsten und offiziellen Lieferanten, die nach Durchf\u00fchrung detaillierter Marktstudien ausgew\u00e4hlt wurden. ZECO-Produkte sind auf dem Markt f\u00fcr ihre hohe Qualit\u00e4t weithin anerkannt. Wir sind engagiert dabei, eine Reihe von ZECO-Kugelh\u00e4hnen aus Messing in hervorragender Qualit\u00e4t anzubieten.<\/p>\r\n\r\n\r\n\r\n<h2 class=\"wp-block-heading\">Merkmale des 1-Zoll-Messingkugelhahns<\/h2>\r\n\r\n\r\n\r\n<ul class=\"wp-block-list\">\r\n<li>Einstellbare Spindelpackung sorgt f\u00fcr eine l\u00e4ngere Lebensdauer.<\/li>\r\n<li>Von unten geladener, ausblassicherer Schaft.<\/li>\r\n<li>PTFE-Spindelpackungsdichtung und -sitze.<\/li>\r\n<li>Bearbeitete, verchromte Messingkugel.<\/li>\r\n<\/ul>\r\n\r\n\r\n\r\n<h2 class=\"wp-block-heading\" id=\"h-product-details-of-1-inch-brass-ball-valve\">Produktdetails zum 1-Zoll-Messingkugelhahn<\/h2>\r\n\r\n\r\n\r\n<figure class=\"wp-block-table\">\r\n<table>\r\n<tbody>\r\n<tr>\r\n<td>Mindestbestellmenge<\/td>\r\n<td>200 St\u00fcck<\/td>\r\n<\/tr>\r\n<tr>\r\n<td>Medien<\/td>\r\n<td>Wasser, Luft<\/td>\r\n<\/tr>\r\n<tr>\r\n<td>Gr\u00f6\u00dfe<\/td>\r\n<td>1 ZOLL<\/td>\r\n<\/tr>\r\n<tr>\r\n<td>Ventil Gr\u00f6\u00dfe<\/td>\r\n<td>1 ZOLL<\/td>\r\n<\/tr>\r\n<tr>\r\n<td>Druck<\/td>\r\n<td>Niederdruck, Mitteldruck, Hochdruck<\/td>\r\n<\/tr>\r\n<tr>\r\n<td>Temperatur des Mediums<\/td>\r\n<td>Mittlere Temperatur, Hohe Temperatur, Normale Temperatur, Niedrige Temperatur<\/td>\r\n<\/tr>\r\n<tr>\r\n<td>Anschlussgr\u00f6\u00dfe<\/td>\r\n<td>25 mm<\/td>\r\n<\/tr>\r\n<tr>\r\n<td>Zustand<\/td>\r\n<td>Neu<\/td>\r\n<\/tr>\r\n<tr>\r\n<td>Modell<\/td>\r\n<td>ZF-101<\/td>\r\n<\/tr>\r\n<tr>\r\n<td>Verpackungsart<\/td>\r\n<td>200 ST\u00dcCK IN EINEM KARTON<\/td>\r\n<\/tr>\r\n<tr>\r\n<td>Bohrungstyp<\/td>\r\n<td>VOLLE BOHRUNG<\/td>\r\n<\/tr>\r\n<tr>\r\n<td>Griffmaterial<\/td>\r\n<td>MS<\/td>\r\n<\/tr>\r\n<tr>\r\n<td>Griffabdeckung<\/td>\r\n<td>Kunststoffbeschichtung<\/td>\r\n<\/tr>\r\n<tr>\r\n<td>Ausf\u00fchrungstyp<\/td>\r\n<td>Messing verchromt<\/td>\r\n<\/tr>\r\n<tr>\r\n<td>Feuersicher<\/td>\r\n<td>Ja<\/td>\r\n<\/tr>\r\n<tr>\r\n<td>Material<\/td>\r\n<td>Messing<\/td>\r\n<\/tr>\r\n<tr>\r\n<td>K\u00f6rpertyp<\/td>\r\n<td>Messing<\/td>\r\n<\/tr>\r\n<tr>\r\n<td>Anwendung<\/td>\r\n<td>Wasser, Gas, \u00d6l<\/td>\r\n<\/tr>\r\n<tr>\r\n<td>Farbe<\/td>\r\n<td>Silber<\/td>\r\n<\/tr>\r\n<tr>\r\n<td>Gebrandmarkt<\/td>\r\n<td>Gebrandmarkt<\/td>\r\n<\/tr>\r\n<tr>\r\n<td>Nenndruck in Bar<\/td>\r\n<td>10~25 Balken, 1000 WOG<\/td>\r\n<\/tr>\r\n<tr>\r\n<td>Spindeldichtung<\/td>\r\n<td>PTFE<\/td>\r\n<\/tr>\r\n<tr>\r\n<td>Faden<\/td>\r\n<td>BSP<\/td>\r\n<\/tr>\r\n<tr>\r\n<td>Arbeitstemperatur<\/td>\r\n<td>-10 bis 100 \u00b0C<\/td>\r\n<\/tr>\r\n<tr>\r\n<td>Gewindegr\u00f6\u00dfe<\/td>\r\n<td>1 ZOLL<\/td>\r\n<\/tr>\r\n<\/tbody>\r\n<\/table>\r\n<\/figure>","protected":false},"excerpt":{"rendered":"<p>Wir bieten 1-Zoll-Messingkugelh\u00e4hne an. Ungef\u00e4hrer Preis: US$ 2,5~15 \/ St\u00fcck Produktinformationen zum 1-Zoll-Messingkugelhahn ZECO 1 Zoll \u2026 <a title=\"1-Zoll-Messing-Kugelhahn\" class=\"read-more\" href=\"https:\/\/zecovalve.com\/de\/produkt\/1-inch-brass-ball-valve-price\" aria-label=\"Mehr zu 1 Zoll Messing Kugelhahn\">Weiterlesen ...<\/a><\/p>","protected":false},"featured_media":19482,"comment_status":"closed","ping_status":"closed","template":"","meta":{"_generate-full-width-content":"","kt_blocks_editor_width":""},"product_cat":[2047,2461],"product_tag":[3054,2802,2833],"class_list":["post-19533","product","type-product","status-publish","has-post-thumbnail","hentry","product_cat-ball-valve","product_cat-ball-valve-by-material","product_tag-1-ball-valve","product_tag-ball-valve-price","product_tag-brass-ball-valve","sales-flash-overlay","woocommerce-text-align-center","woocommerce-image-align-center","do-quantity-buttons"],"featured_image_src_large":["https:\/\/zecovalve.com\/wp-content\/uploads\/2022\/07\/Globe-Valve-Check-Valve.jpg",800,600,false],"author_info":[],"comment_info":0,"taxonomy_info":{"product_cat":[{"value":2047,"label":"Ball Valve"},{"value":2461,"label":"Ball Valve By Material"}],"product_tag":[{"value":3054,"label":"1\" Ball Valve"},{"value":2802,"label":"Ball Valve Price"},{"value":2833,"label":"Brass Ball Valve"}]},"yoast_head":"<!-- This site is optimized with the Yoast SEO Premium plugin v15.4 - https:\/\/yoast.com\/wordpress\/plugins\/seo\/ -->\n<title>1 Inch Brass Ball Valve - Competitive Brass Ball Valve Price | ZECO<\/title>\n<meta name=\"robots\" content=\"index, follow, max-snippet:-1, max-image-preview:large, max-video-preview:-1\" \/>\n<link rel=\"canonical\" href=\"https:\/\/zecovalve.com\/de\/produkt\/1-inch-brass-ball-valve-price\" \/>\n<meta property=\"og:locale\" content=\"de_DE\" \/>\n<meta property=\"og:type\" content=\"article\" \/>\n<meta property=\"og:title\" content=\"1 Inch Brass Ball Valve - Competitive Brass Ball Valve Price | ZECO\" \/>\n<meta property=\"og:description\" content=\"We are offering 1 inch Brass Ball Valve. Approx. Price:\u00a0US$\u00a02.5~15\u00a0\/ Piece Product Information of 1 Inch Brass Ball Valve ZECO 1 inch ... Weiterlesen ...\" \/>\n<meta property=\"og:url\" content=\"https:\/\/zecovalve.com\/de\/produkt\/1-inch-brass-ball-valve-price\" \/>\n<meta property=\"og:site_name\" content=\"ZECO Valve\" \/>\n<meta property=\"article:modified_time\" content=\"2022-07-14T06:30:23+00:00\" \/>\n<meta property=\"og:image\" content=\"https:\/\/zecovalve.com\/wp-content\/uploads\/2022\/07\/Globe-Valve-Check-Valve.jpg\" \/>\n\t<meta property=\"og:image:width\" content=\"800\" \/>\n\t<meta property=\"og:image:height\" content=\"600\" \/>\n<meta name=\"twitter:card\" content=\"summary_large_image\" \/>\n<meta name=\"twitter:label1\" content=\"Verfasst von\">\n\t<meta name=\"twitter:data1\" content=\"Jerry\">\n\t<meta name=\"twitter:label2\" content=\"Gesch\u00e4tzte Lesezeit\">\n\t<meta name=\"twitter:data2\" content=\"1\u00a0Minute\">\n<script type=\"application\/ld+json\" class=\"yoast-schema-graph\">{\"@context\":\"https:\/\/schema.org\",\"@graph\":[{\"@type\":\"WebSite\",\"@id\":\"https:\/\/zecovalve.com\/#website\",\"url\":\"https:\/\/zecovalve.com\/\",\"name\":\"ZECO Valve\",\"description\":\"Industrial Ball Valve, Gate Valve and Globe Valve Manufacturer\",\"potentialAction\":[{\"@type\":\"SearchAction\",\"target\":\"https:\/\/zecovalve.com\/?s={search_term_string}\",\"query-input\":\"required name=search_term_string\"}],\"inLanguage\":\"de\"},{\"@type\":\"ImageObject\",\"@id\":\"https:\/\/zecovalve.com\/product\/1-inch-brass-ball-valve-price#primaryimage\",\"inLanguage\":\"de\",\"url\":\"https:\/\/zecovalve.com\/wp-content\/uploads\/2022\/07\/Globe-Valve-Check-Valve.jpg\",\"width\":800,\"height\":600,\"caption\":\"Brass Ball Valve\"},{\"@type\":\"WebPage\",\"@id\":\"https:\/\/zecovalve.com\/product\/1-inch-brass-ball-valve-price#webpage\",\"url\":\"https:\/\/zecovalve.com\/product\/1-inch-brass-ball-valve-price\",\"name\":\"1 Inch Brass Ball Valve - Competitive Brass Ball Valve Price | ZECO\",\"isPartOf\":{\"@id\":\"https:\/\/zecovalve.com\/#website\"},\"primaryImageOfPage\":{\"@id\":\"https:\/\/zecovalve.com\/product\/1-inch-brass-ball-valve-price#primaryimage\"},\"datePublished\":\"2022-07-12T03:03:24+00:00\",\"dateModified\":\"2022-07-14T06:30:23+00:00\",\"breadcrumb\":{\"@id\":\"https:\/\/zecovalve.com\/product\/1-inch-brass-ball-valve-price#breadcrumb\"},\"inLanguage\":\"de\",\"potentialAction\":[{\"@type\":\"ReadAction\",\"target\":[\"https:\/\/zecovalve.com\/product\/1-inch-brass-ball-valve-price\"]}]},{\"@type\":\"BreadcrumbList\",\"@id\":\"https:\/\/zecovalve.com\/product\/1-inch-brass-ball-valve-price#breadcrumb\",\"itemListElement\":[{\"@type\":\"ListItem\",\"position\":1,\"item\":{\"@type\":\"WebPage\",\"@id\":\"https:\/\/zecovalve.com\/\",\"url\":\"https:\/\/zecovalve.com\/\",\"name\":\"Home\"}},{\"@type\":\"ListItem\",\"position\":2,\"item\":{\"@type\":\"WebPage\",\"@id\":\"https:\/\/zecovalve.com\/product-category\",\"url\":\"https:\/\/zecovalve.com\/product-category\",\"name\":\"Industrial Valve Manufacturer | Water Valve Manufacturer\"}},{\"@type\":\"ListItem\",\"position\":3,\"item\":{\"@type\":\"WebPage\",\"@id\":\"https:\/\/zecovalve.com\/product\/1-inch-brass-ball-valve-price\",\"url\":\"https:\/\/zecovalve.com\/product\/1-inch-brass-ball-valve-price\",\"name\":\"1 inch Brass Ball Valve\"}}]}]}<\/script>\n<!-- \/ Yoast SEO Premium plugin. -->","_links":{"self":[{"href":"https:\/\/zecovalve.com\/de\/wp-json\/wp\/v2\/product\/19533","targetHints":{"allow":["GET"]}}],"collection":[{"href":"https:\/\/zecovalve.com\/de\/wp-json\/wp\/v2\/product"}],"about":[{"href":"https:\/\/zecovalve.com\/de\/wp-json\/wp\/v2\/types\/product"}],"replies":[{"embeddable":true,"href":"https:\/\/zecovalve.com\/de\/wp-json\/wp\/v2\/comments?post=19533"}],"wp:featuredmedia":[{"embeddable":true,"href":"https:\/\/zecovalve.com\/de\/wp-json\/wp\/v2\/media\/19482"}],"wp:attachment":[{"href":"https:\/\/zecovalve.com\/de\/wp-json\/wp\/v2\/media?parent=19533"}],"wp:term":[{"taxonomy":"product_cat","embeddable":true,"href":"https:\/\/zecovalve.com\/de\/wp-json\/wp\/v2\/product_cat?post=19533"},{"taxonomy":"product_tag","embeddable":true,"href":"https:\/\/zecovalve.com\/de\/wp-json\/wp\/v2\/product_tag?post=19533"}],"curies":[{"name":"wp","href":"https:\/\/api.w.org\/{rel}","templated":true}]}}