{"id":19536,"date":"2022-07-12T03:18:25","date_gmt":"2022-07-12T03:18:25","guid":{"rendered":"https:\/\/zecovalve.com\/?post_type=product&#038;p=19536"},"modified":"2022-07-26T05:47:23","modified_gmt":"2022-07-26T05:47:23","slug":"3-way-ball-valve-price","status":"publish","type":"product","link":"https:\/\/zecovalve.com\/de\/produkt\/3-way-ball-valve-price","title":{"rendered":"3-Wege-Edelstahl-Kugelhahn"},"content":{"rendered":"<p>Wir bieten 3-Wege-Kugelhahn aus Edelstahl.<\/p>\r\n\r\n\r\n\r\n<figure class=\"wp-block-image size-full is-resized\">\r\n<p><img loading=\"lazy\" decoding=\"async\" class=\"size-medium wp-image-19544\" src=\"https:\/\/zecovalve.com\/wp-content\/uploads\/2022\/07\/3-WAY-BALL-VALVE-T-L-TYPE-300x255.png\" alt=\"3-Wege-Kugelhahn\" width=\"300\" height=\"255\" srcset=\"https:\/\/zecovalve.com\/wp-content\/uploads\/2022\/07\/3-WAY-BALL-VALVE-T-L-TYPE-300x255.png 300w, https:\/\/zecovalve.com\/wp-content\/uploads\/2022\/07\/3-WAY-BALL-VALVE-T-L-TYPE-768x652.png 768w, https:\/\/zecovalve.com\/wp-content\/uploads\/2022\/07\/3-WAY-BALL-VALVE-T-L-TYPE-600x510.png 600w, https:\/\/zecovalve.com\/wp-content\/uploads\/2022\/07\/3-WAY-BALL-VALVE-T-L-TYPE.png 937w\" sizes=\"auto, (max-width: 300px) 100vw, 300px\" \/><\/p>\r\n<\/figure>\r\n\r\n\r\n<div class=\"gb-button-wrapper gb-button-wrapper-6d8495a3\">\r\n\r\n\r\n<p><a class=\"gb-button gb-button-3d442e11 gb-button-text\" href=\"https:\/\/zecovalve.com\/de\/contact\/\" target=\"_blank\" rel=\"noopener noreferrer\"><strong>3-WEGE-KUGELHAHN PREIS ERHALTEN<\/strong><\/a><\/p>\r\n<\/div>\r\n\r\n\r\n\r\n\r\n<h2 class=\"wp-block-heading\" id=\"h-what-is-a-3-way-ball-valve\">Was ist ein 3-Wege-Kugelhahn?<\/h2>\r\n\r\n\r\n\r\n<p>Ein 3-Wege-Kugelhahn hat 3 Anschl\u00fcsse und ist in den Varianten T-Anschluss und L-Anschluss erh\u00e4ltlich, je nachdem, welches Durchflussmuster ben\u00f6tigt wird. Ein 3-Wege-Ventil ist ideal, wenn Sie nach einer M\u00f6glichkeit suchen, den Durchfluss umzuleiten und zu steuern, ohne dass ein T-St\u00fcck und mehrere Ventile erforderlich sind. Diese Ventile k\u00f6nnen als Umlenker verwendet werden, wobei der Durchfluss von einem Eingang zu einem der beiden Ausg\u00e4nge umgeleitet werden kann. Sie k\u00f6nnen auch als Eingangsw\u00e4hler verwendet werden, wobei der Ausgang von einem der beiden anderen Anschl\u00fcsse gespeist wird.<\/p>\r\n\r\n\r\n<div class=\"wp-block-image\">\r\n<figure class=\"aligncenter size-full\"><img loading=\"lazy\" decoding=\"async\" width=\"726\" height=\"512\" class=\"wp-image-19537\" src=\"https:\/\/zecovalve.com\/wp-content\/uploads\/2022\/07\/T-PORT-L-PORT.jpg\" alt=\"\" srcset=\"https:\/\/zecovalve.com\/wp-content\/uploads\/2022\/07\/T-PORT-L-PORT.jpg 726w, https:\/\/zecovalve.com\/wp-content\/uploads\/2022\/07\/T-PORT-L-PORT-300x212.jpg 300w, https:\/\/zecovalve.com\/wp-content\/uploads\/2022\/07\/T-PORT-L-PORT-600x423.jpg 600w\" sizes=\"auto, (max-width: 726px) 100vw, 726px\" \/><\/figure>\r\n<\/div>\r\n\r\n\r\n<h3 class=\"wp-block-heading\" id=\"h-t-port-ball-valve\">T-Port-Kugelhahn:<\/h3>\r\n\r\n\r\n\r\n<ul class=\"wp-block-list\">\r\n<li>Hervorragend geeignet zum Mischen von Fl\u00fcssigkeiten, da man zwei Einl\u00e4sse zu einem einzigen Auslass zusammenf\u00fchren kann. (Auch Mischkugelh\u00e4hne genannt)<\/li>\r\n<li>Die umgekehrte Flussrichtung ist ebenfalls m\u00f6glich, so dass eine einzige Quelle den Fluss gleichzeitig in zwei Richtungen umleiten kann.<\/li>\r\n<li>T-Port-Kugelh\u00e4hne k\u00f6nnen auch f\u00fcr den Durchfluss zwischen nur zwei Anschl\u00fcssen verwendet werden, entweder nach links, nach rechts oder durchgehend.<\/li>\r\n<\/ul>\r\n\r\n\r\n\r\n<h3 class=\"wp-block-heading\" id=\"h-l-port-ball-valve\">Kugelhahn mit L-Anschluss:<\/h3>\r\n\r\n\r\n\r\n<ul class=\"wp-block-list\">\r\n<li>Das L-Port-Design erm\u00f6glicht es Ihnen, den Durchfluss jeweils in eine Richtung zu lenken.<\/li>\r\n<li>Von einem Einlass k\u00f6nnen Sie den Durchfluss in zwei verschiedene Ausl\u00e4sse leiten.<\/li>\r\n<li>In umgekehrter Richtung kann der Benutzer f\u00fcr einen Auslass einen von zwei Einl\u00e4ssen w\u00e4hlen.<\/li>\r\n<\/ul>\r\n\r\n\r\n\r\n<h2 class=\"wp-block-heading\">Wie funktioniert der 3-Wege-Kugelhahn aus Edelstahl?<\/h2>\r\n\r\n\r\n\r\n<p>Beim L-Ventil oder Umschaltventil wird der Durchfluss von einem Anschluss zum anderen verlagert, indem der Griff oder das Stellglied um 90 Grad gedreht wird. Angenommen, die erste Position wird durch den unteren Anschluss und den linken Anschluss ge\u00f6ffnet. Eine Vierteldrehung gegen den Uhrzeigersinn bewirkt, dass das Ventil den Durchfluss des Mediums zum rechten Anschluss umleitet. Eine weitere Vierteldrehung in die andere Richtung, die eine vollst\u00e4ndige Drehung um 180 Grad erm\u00f6glicht, blockiert den Durchfluss des Mediums. Eine 270-Grad-Drehung blockiert ebenfalls den Durchfluss der Medien. Bei einer vollst\u00e4ndigen 360-Grad-Drehung kann das Ventil jedoch wieder an seinen urspr\u00fcnglichen Platz zur\u00fcckkehren. Auf diese Weise sind zwei der drei Anschl\u00fcsse gleichzeitig verf\u00fcgbar. Dadurch kann das Ventil zwei Absperrstellungen und drei Durchflussm\u00f6glichkeiten haben.<\/p>\r\n\r\n\r\n\r\n<p>Das T-Muster wird als Mischventil bezeichnet, da die Medien zweier Eingangsstr\u00f6me innerhalb des Ventils gemischt werden k\u00f6nnen. Es verl\u00e4sst das Ventil am anderen Ende. Auf diese Weise k\u00f6nnen alle drei Anschl\u00fcsse gleichzeitig ge\u00f6ffnet werden. Der Kugelhahn in T-Form fungiert auch als Weiche, so dass er auf die gleiche Weise wie das L-Ventil funktionieren kann. Dies kann mit einer Vierteldrehung des Griffs erreicht werden. T-Kugelh\u00e4hne k\u00f6nnen nicht blasendicht schlie\u00dfen, aber sie k\u00f6nnen den Durchfluss auf zwei Anschl\u00fcsse beschr\u00e4nken oder den Durchfluss zu allen drei Anschl\u00fcssen erleichtern.<\/p>\r\n\r\n\r\n\r\n<p>Als Mischer trennt der T-Kugelhahn das Medium in zwei entgegengesetzte Richtungen. Seine Konstruktion hilft dem T-Kugelhahn, den Durchfluss zu teilen oder einfach ein gerades Durchflussmuster zu erzeugen, genau wie der Zweiwege-Kugelhahn. Der typische Anschluss des vertikal montierten T-Kugelhahns ist nach wie vor offen. Die einzige M\u00f6glichkeit, den Durchfluss umzuleiten, besteht darin, ihn um eine Vierteldrehung zu drehen. Eine 180\u00b0-Drehung wird den Durchfluss des Mediums nicht ver\u00e4ndern.<\/p>\r\n\r\n\r\n\r\n<h2 class=\"wp-block-heading\">Vorteile des 3-Wege-Edelstahl-Kugelhahns<\/h2>\r\n\r\n\r\n\r\n<ul class=\"wp-block-list\">\r\n<li>Voller Anschluss f\u00fcr ungehinderten Durchfluss<\/li>\r\n<li>Ausblassicherer Schaft<\/li>\r\n<li>Druckbelastete Pyramidenspindelabdichtung<\/li>\r\n<li>Integrierte Montageplatte f\u00fcr Aktoren<\/li>\r\n<li>Kompakte Montage<\/li>\r\n<li>Komplettes Sortiment an Zubeh\u00f6r<\/li>\r\n<\/ul>\r\n\r\n\r\n\r\n<h2 class=\"wp-block-heading\" id=\"h-specification-of-3-way-stainless-steel-ball-valve\">Spezifikation von 3-Wege-Kugelhahn aus Edelstahl<\/h2>\r\n\r\n\r\n\r\n<figure class=\"wp-block-table\">\r\n<table>\r\n<tbody>\r\n<tr>\r\n<td>Arbeitsdruck<\/td>\r\n<td>Bis zu 413 bar (6000 psig)<\/td>\r\n<\/tr>\r\n<tr>\r\n<td>Temperaturbereich<\/td>\r\n<td>-40 bis 248\u00b0F (-40 bis 120\u00b0C)<\/td>\r\n<\/tr>\r\n<tr>\r\n<td>Durchflusskoeffizient<\/td>\r\n<td>3,8 bis 40<\/td>\r\n<\/tr>\r\n<tr>\r\n<td>Material des Geh\u00e4uses<\/td>\r\n<td>CF8M\/ 316 Edelstahl, Legierungen 6-Mo, Duplex 2507, Inconel 625, Monel Alloy 400, Incoloy 825, und Hastelloy C276<\/td>\r\n<\/tr>\r\n<tr>\r\n<td>Sitz Materialien<\/td>\r\n<td>PEEK<\/td>\r\n<\/tr>\r\n<tr>\r\n<td>Endverbindung<\/td>\r\n<td>BSP \/ NPT \/ RF \/ RTJ \/ SW \/ BW<\/td>\r\n<\/tr>\r\n<tr>\r\n<td>Gr\u00f6\u00dfen<\/td>\r\n<td>1\/2 bis 12 Zoll; 15 bis 300 mm<\/td>\r\n<\/tr>\r\n<tr>\r\n<td>Konfigurationen<\/td>\r\n<td>Ein-Aus<\/td>\r\n<\/tr>\r\n<tr>\r\n<td>Alle Arten von 3-Wege-Kugelh\u00e4hnen Hersteller<\/td>\r\n<td>\r\n<ul>\r\n<li>Kugelhahn mit vollem Durchgang<\/li>\r\n<li>Einteiliger Kugelhahn f\u00fcr die Instrumentierung<\/li>\r\n<li>Mehrzweck-Kugelhahn<\/li>\r\n<li>Dreiteiliger Kugelhahn f\u00fcr die Prozessinstrumentierung<\/li>\r\n<li>Kugelhahn mit Zapfen<\/li>\r\n<\/ul>\r\n<\/td>\r\n<\/tr>\r\n<tr>\r\n<td>Hochdruck-3-Wege-Kugelhahn Druckstufe (CWP)<\/td>\r\n<td>\r\n<ul>\r\n<li>1000 PSI \/ 69 Bar<\/li>\r\n<li>400 PSI \/ 27,6 Bar<\/li>\r\n<li>600 PSI \/ 41,4 Bar<\/li>\r\n<\/ul>\r\n<\/td>\r\n<\/tr>\r\n<tr>\r\n<td>3-Wege-Flanschkugelhahn Druckstufe (SWP)<\/td>\r\n<td>\r\n<ul>\r\n<li>150 PSI \/ 10,3 Bar<\/li>\r\n<li>200 PSI \/ 13,8 Bar<\/li>\r\n<\/ul>\r\n<\/td>\r\n<\/tr>\r\n<tr>\r\n<td>3-Wege-Kugelhahn mit Bet\u00e4tigung Druckstufe (WWP)<\/td>\r\n<td>300 PSI \/ 20,7 Bar<\/td>\r\n<\/tr>\r\n<tr>\r\n<td>Eigenschaften<\/td>\r\n<td>\r\n<ul>\r\n<li>Mehrere Griffoptionen<\/li>\r\n<li>Lecksuchfunktion dr\u00fccken<\/li>\r\n<li>Flanschanschl\u00fcsse<\/li>\r\n<li>Verriegelungshebel Verriegelungsgriff oder Handgetriebe<\/li>\r\n<li>Lasergeschwei\u00dfte Endverbindungen mit Gewinde<\/li>\r\n<li>Press x Press Buchsenanschl\u00fcsse<\/li>\r\n<li>Verst\u00e4rkte PTFE-Sitzringe<\/li>\r\n<\/ul>\r\n<\/td>\r\n<\/tr>\r\n<tr>\r\n<td>Konformit\u00e4t mit<\/td>\r\n<td>\r\n<ul>\r\n<li>MSS SP-110<\/li>\r\n<li>MSS SP-145<\/li>\r\n<li>CSA B125.14<\/li>\r\n<li>NSF\/ANSI-372<\/li>\r\n<li>API-608 Antistatisch<\/li>\r\n<li>CC-ES PMG-1558<\/li>\r\n<li>ASME A112.4.14I<\/li>\r\n<li>APMO\/ANSI Z1157<\/li>\r\n<li>NACE MR0175<\/li>\r\n<li>API-607 Vierte Ausgabe Fire Safe<\/li>\r\n<\/ul>\r\n<\/td>\r\n<\/tr>\r\n<\/tbody>\r\n<\/table>\r\n<\/figure>\r\n\r\n\r\n\r\n<h2 class=\"wp-block-heading\" id=\"h-3-way-ball-valve-price-us-5-150-piece\">3-Wege-Kugelhahn Preis: US$ 5~150 \/ St\u00fcck<\/h2>\r\n\r\n\r\n\r\n<p>F\u00fcr detaillierte Preise wenden Sie sich bitte an ZECO Valve.<\/p>","protected":false},"excerpt":{"rendered":"<p>Wir bieten 3-Wege-Kugelh\u00e4hne aus Edelstahl an. Was ist ein 3-Wege-Kugelhahn? Ein 3-Wege-Kugelhahn hat 3 \u2026 <a title=\"3-Wege-Edelstahl-Kugelhahn\" class=\"read-more\" href=\"https:\/\/zecovalve.com\/de\/produkt\/3-way-ball-valve-price\" aria-label=\"Mehr zu 3-Wege-Kugelhahn aus Edelstahl\">Weiterlesen ...<\/a><\/p>","protected":false},"featured_media":19544,"comment_status":"closed","ping_status":"closed","template":"","meta":{"_generate-full-width-content":"","kt_blocks_editor_width":""},"product_cat":[2047],"product_tag":[2802,3254,3244,2832],"class_list":["post-19536","product","type-product","status-publish","has-post-thumbnail","hentry","product_cat-ball-valve","product_tag-ball-valve-price","product_tag-ball-valve-stainless-steel","product_tag-stainless-ball-valve","product_tag-stainless-steel-ball-valve","sales-flash-overlay","woocommerce-text-align-center","woocommerce-image-align-center","do-quantity-buttons"],"featured_image_src_large":["https:\/\/zecovalve.com\/wp-content\/uploads\/2022\/07\/3-WAY-BALL-VALVE-T-L-TYPE.png",937,796,false],"author_info":[],"comment_info":0,"taxonomy_info":{"product_cat":[{"value":2047,"label":"Ball Valve"}],"product_tag":[{"value":2802,"label":"Ball Valve Price"},{"value":3254,"label":"Ball Valve Stainless Steel"},{"value":3244,"label":"Stainless Ball Valve"},{"value":2832,"label":"Stainless Steel Ball Valve"}]},"yoast_head":"<!-- This site is optimized with the Yoast SEO Premium plugin v15.4 - https:\/\/yoast.com\/wordpress\/plugins\/seo\/ -->\n<title>3 Way Stainless Steel Ball Valve - 3 Way Ball Valve Price | ZECO Valve<\/title>\n<meta name=\"robots\" content=\"index, follow, max-snippet:-1, max-image-preview:large, max-video-preview:-1\" \/>\n<link rel=\"canonical\" href=\"https:\/\/zecovalve.com\/de\/produkt\/3-way-ball-valve-price\" \/>\n<meta property=\"og:locale\" content=\"de_DE\" \/>\n<meta property=\"og:type\" content=\"article\" \/>\n<meta property=\"og:title\" content=\"3 Way Stainless Steel Ball Valve - 3 Way Ball Valve Price | ZECO Valve\" \/>\n<meta property=\"og:description\" content=\"We are offering 3 Way Stainless Steel Ball Valve. What is a 3 Way Ball Valve? A 3-way ball valve has 3 ... Weiterlesen ...\" \/>\n<meta property=\"og:url\" content=\"https:\/\/zecovalve.com\/de\/produkt\/3-way-ball-valve-price\" \/>\n<meta property=\"og:site_name\" content=\"ZECO Valve\" \/>\n<meta property=\"article:modified_time\" content=\"2022-07-26T05:47:23+00:00\" \/>\n<meta property=\"og:image\" content=\"https:\/\/zecovalve.com\/wp-content\/uploads\/2022\/07\/3-WAY-BALL-VALVE-T-L-TYPE.png\" \/>\n\t<meta property=\"og:image:width\" content=\"937\" \/>\n\t<meta property=\"og:image:height\" content=\"796\" \/>\n<meta name=\"twitter:card\" content=\"summary_large_image\" \/>\n<meta name=\"twitter:label1\" content=\"Verfasst von\">\n\t<meta name=\"twitter:data1\" content=\"Jerry\">\n\t<meta name=\"twitter:label2\" content=\"Gesch\u00e4tzte Lesezeit\">\n\t<meta name=\"twitter:data2\" content=\"3\u00a0Minuten\">\n<script type=\"application\/ld+json\" class=\"yoast-schema-graph\">{\"@context\":\"https:\/\/schema.org\",\"@graph\":[{\"@type\":\"WebSite\",\"@id\":\"https:\/\/zecovalve.com\/#website\",\"url\":\"https:\/\/zecovalve.com\/\",\"name\":\"ZECO Valve\",\"description\":\"Industrial Ball Valve, Gate Valve and Globe Valve Manufacturer\",\"potentialAction\":[{\"@type\":\"SearchAction\",\"target\":\"https:\/\/zecovalve.com\/?s={search_term_string}\",\"query-input\":\"required name=search_term_string\"}],\"inLanguage\":\"de\"},{\"@type\":\"ImageObject\",\"@id\":\"https:\/\/zecovalve.com\/product\/3-way-ball-valve-price#primaryimage\",\"inLanguage\":\"de\",\"url\":\"https:\/\/zecovalve.com\/wp-content\/uploads\/2022\/07\/3-WAY-BALL-VALVE-T-L-TYPE.png\",\"width\":937,\"height\":796,\"caption\":\"3 Way Ball Valve\"},{\"@type\":\"WebPage\",\"@id\":\"https:\/\/zecovalve.com\/product\/3-way-ball-valve-price#webpage\",\"url\":\"https:\/\/zecovalve.com\/product\/3-way-ball-valve-price\",\"name\":\"3 Way Stainless Steel Ball Valve - 3 Way Ball Valve Price | ZECO Valve\",\"isPartOf\":{\"@id\":\"https:\/\/zecovalve.com\/#website\"},\"primaryImageOfPage\":{\"@id\":\"https:\/\/zecovalve.com\/product\/3-way-ball-valve-price#primaryimage\"},\"datePublished\":\"2022-07-12T03:18:25+00:00\",\"dateModified\":\"2022-07-26T05:47:23+00:00\",\"breadcrumb\":{\"@id\":\"https:\/\/zecovalve.com\/product\/3-way-ball-valve-price#breadcrumb\"},\"inLanguage\":\"de\",\"potentialAction\":[{\"@type\":\"ReadAction\",\"target\":[\"https:\/\/zecovalve.com\/product\/3-way-ball-valve-price\"]}]},{\"@type\":\"BreadcrumbList\",\"@id\":\"https:\/\/zecovalve.com\/product\/3-way-ball-valve-price#breadcrumb\",\"itemListElement\":[{\"@type\":\"ListItem\",\"position\":1,\"item\":{\"@type\":\"WebPage\",\"@id\":\"https:\/\/zecovalve.com\/\",\"url\":\"https:\/\/zecovalve.com\/\",\"name\":\"Home\"}},{\"@type\":\"ListItem\",\"position\":2,\"item\":{\"@type\":\"WebPage\",\"@id\":\"https:\/\/zecovalve.com\/product-category\",\"url\":\"https:\/\/zecovalve.com\/product-category\",\"name\":\"Industrial Valve Manufacturer | Water Valve Manufacturer\"}},{\"@type\":\"ListItem\",\"position\":3,\"item\":{\"@type\":\"WebPage\",\"@id\":\"https:\/\/zecovalve.com\/product\/3-way-ball-valve-price\",\"url\":\"https:\/\/zecovalve.com\/product\/3-way-ball-valve-price\",\"name\":\"3 Way Stainless Steel Ball Valve\"}}]}]}<\/script>\n<!-- \/ Yoast SEO Premium plugin. -->","_links":{"self":[{"href":"https:\/\/zecovalve.com\/de\/wp-json\/wp\/v2\/product\/19536","targetHints":{"allow":["GET"]}}],"collection":[{"href":"https:\/\/zecovalve.com\/de\/wp-json\/wp\/v2\/product"}],"about":[{"href":"https:\/\/zecovalve.com\/de\/wp-json\/wp\/v2\/types\/product"}],"replies":[{"embeddable":true,"href":"https:\/\/zecovalve.com\/de\/wp-json\/wp\/v2\/comments?post=19536"}],"wp:featuredmedia":[{"embeddable":true,"href":"https:\/\/zecovalve.com\/de\/wp-json\/wp\/v2\/media\/19544"}],"wp:attachment":[{"href":"https:\/\/zecovalve.com\/de\/wp-json\/wp\/v2\/media?parent=19536"}],"wp:term":[{"taxonomy":"product_cat","embeddable":true,"href":"https:\/\/zecovalve.com\/de\/wp-json\/wp\/v2\/product_cat?post=19536"},{"taxonomy":"product_tag","embeddable":true,"href":"https:\/\/zecovalve.com\/de\/wp-json\/wp\/v2\/product_tag?post=19536"}],"curies":[{"name":"wp","href":"https:\/\/api.w.org\/{rel}","templated":true}]}}