{"id":19855,"date":"2022-07-14T03:07:09","date_gmt":"2022-07-14T03:07:09","guid":{"rendered":"https:\/\/zecovalve.com\/?post_type=product&#038;p=19855"},"modified":"2022-07-14T06:31:12","modified_gmt":"2022-07-14T06:31:12","slug":"2-inch-brass-ball-valve","status":"publish","type":"product","link":"https:\/\/zecovalve.com\/de\/produkt\/2-inch-brass-ball-valve","title":{"rendered":"2-Zoll-Messing-Kugelhahn"},"content":{"rendered":"<figure class=\"wp-block-image size-full is-resized\"><img loading=\"lazy\" decoding=\"async\" class=\"wp-image-19482\" src=\"https:\/\/zecovalve.com\/wp-content\/uploads\/2022\/07\/Globe-Valve-Check-Valve.jpg\" alt=\"Kugelhahn aus Messing\" width=\"400\" height=\"300\" srcset=\"https:\/\/zecovalve.com\/wp-content\/uploads\/2022\/07\/Globe-Valve-Check-Valve.jpg 800w, https:\/\/zecovalve.com\/wp-content\/uploads\/2022\/07\/Globe-Valve-Check-Valve-300x225.jpg 300w, https:\/\/zecovalve.com\/wp-content\/uploads\/2022\/07\/Globe-Valve-Check-Valve-768x576.jpg 768w, https:\/\/zecovalve.com\/wp-content\/uploads\/2022\/07\/Globe-Valve-Check-Valve-600x450.jpg 600w\" sizes=\"auto, (max-width: 400px) 100vw, 400px\" \/><\/figure>\r\n\r\n\r\n<div class=\"gb-button-wrapper gb-button-wrapper-6d8495a3\">\r\n\r\n\r\n<p><a class=\"gb-button gb-button-3d442e11 gb-button-text\" href=\"https:\/\/zecovalve.com\/de\/contact\/\" target=\"_blank\" rel=\"noopener noreferrer\"><strong>ERHALTEN SIE DEN PREIS F\u00dcR 2-ZOLL-MESSING-KUGELHAHN<\/strong><\/a><\/p>\r\n<\/div>\r\n\r\n\r\n\r\n\r\n<h2 class=\"wp-block-heading\" id=\"h-what-is-a-2-inch-brass-ball-valve\">Was ist ein 2-Zoll-Messingkugelhahn?<\/h2>\r\n\r\n\r\n\r\n<p>Messingkugelh\u00e4hne werden h\u00e4ufig in gewerblichen und industriellen Anwendungen f\u00fcr eine breite Palette von Fl\u00fcssigkeiten und Gasen verwendet. Der 2-Zoll-Messingkugelhahn von ZECO wird zur Steuerung des Durchflusses von Fl\u00fcssigkeiten, \u00d6len und Gasen verwendet und ist mit einem bequemen Griff zum einfachen \u00d6ffnen und Schlie\u00dfen des Ventils ausgestattet.<\/p>\r\n\r\n\r\n\r\n<h2 class=\"wp-block-heading\">Technische Daten des 2-Zoll-Messingkugelhahns<\/h2>\r\n\r\n\r\n\r\n<ul class=\"wp-block-list\">\r\n<li>2\u2033 NPT-Gewinde an beiden Enden<\/li>\r\n<li>600 WOG \/ 150 SWP<\/li>\r\n<li>Stahlgriff mit 1\/4-Drehung<\/li>\r\n<li>Ausblassicherer Schaft<\/li>\r\n<li>Teflon-Sitze<\/li>\r\n<li>Gewindeenden entsprechen ANSI B2.1<\/li>\r\n<\/ul>\r\n\r\n\r\n\r\n<figure id=\"attrTable\" class=\"wp-block-table is-style-stripes\">\r\n<table>\r\n<tbody>\r\n<tr>\r\n<td>Gewicht<\/td>\r\n<td>3,3 Pfund<\/td>\r\n<\/tr>\r\n<tr>\r\n<td>Artikelname<\/td>\r\n<td>2 Zoll NPTF Messing-Kugelhahn mit vollem Durchgang<\/td>\r\n<\/tr>\r\n<tr>\r\n<td>Anschlussgr\u00f6\u00dfe<\/td>\r\n<td>2 Zoll.<\/td>\r\n<\/tr>\r\n<tr>\r\n<td>Hafen\u00f6ffnung<\/td>\r\n<td>Voller Hafen<\/td>\r\n<\/tr>\r\n<tr>\r\n<td>Kugelmaterial<\/td>\r\n<td>Edelstahl<\/td>\r\n<\/tr>\r\n<tr>\r\n<td>Druckklasse<\/td>\r\n<td>600 PSI WOG ohne Sto\u00df<\/td>\r\n<\/tr>\r\n<tr>\r\n<td>Verbindungstyp<\/td>\r\n<td>NPTF<\/td>\r\n<\/tr>\r\n<tr>\r\n<td>Druckbewertung (PSI)<\/td>\r\n<td>600<\/td>\r\n<\/tr>\r\n<tr>\r\n<td>Vorgangstyp<\/td>\r\n<td>1\/4 Umdrehung<\/td>\r\n<\/tr>\r\n<tr>\r\n<td>Schaftmaterial<\/td>\r\n<td>Bleifreies Messing<\/td>\r\n<\/tr>\r\n<tr>\r\n<td>Geh\u00e4usematerial<\/td>\r\n<td>Bleifreies Messing<\/td>\r\n<\/tr>\r\n<tr>\r\n<td>Dichtungsmaterial<\/td>\r\n<td>PTFE<\/td>\r\n<\/tr>\r\n<tr>\r\n<td>Temperaturbereich<\/td>\r\n<td>-30 bis 150 \u00b0C (-20 bis 300 \u00b0F)<\/td>\r\n<\/tr>\r\n<\/tbody>\r\n<\/table>\r\n<\/figure>\r\n\r\n\r\n\r\n<h2 class=\"wp-block-heading\">Vorteile des 2-Zoll-Messingkugelhahns<\/h2>\r\n\r\n\r\n\r\n<p>Voll\u00f6ffnungsdesign f\u00fcr einen gr\u00f6\u00dferen K\u00f6rper als Standardventile, bietet wenig bis keinen Str\u00f6mungswiderstand. Bleifreie Messingkonstruktion f\u00fcr den Einsatz mit Rohrleitungen, Bew\u00e4sserungssystemen und mehr.<\/p>\r\n\r\n\r\n\r\n<h2 class=\"wp-block-heading\">Anwendungen von 2-Zoll-Messing-Kugelhahn<\/h2>\r\n\r\n\r\n\r\n<p>Steuert den Fl\u00fcssigkeitsfluss f\u00fcr 2-Zoll-Rohre f\u00fcr zahlreiche Anwendungen, einschlie\u00dflich Sanit\u00e4rinstallation, Bew\u00e4sserung und mehr, und ist ideal f\u00fcr Anwendungen, bei denen wenig bis kein Durchflussverlust erforderlich ist.<\/p>","protected":false},"excerpt":{"rendered":"<p>Was ist ein 2-Zoll-Messingkugelhahn? Messingkugelh\u00e4hne werden h\u00e4ufig in gewerblichen und industriellen Anwendungen f\u00fcr eine vollst\u00e4ndige \u2026 verwendet. <a title=\"2-Zoll-Messing-Kugelhahn\" class=\"read-more\" href=\"https:\/\/zecovalve.com\/de\/produkt\/2-inch-brass-ball-valve\" aria-label=\"Mehr zu 2 Zoll Messing Kugelhahn\">Weiterlesen ...<\/a><\/p>","protected":false},"featured_media":19482,"comment_status":"closed","ping_status":"closed","template":"","meta":{"_generate-full-width-content":"","kt_blocks_editor_width":""},"product_cat":[2047],"product_tag":[2804,2802,2833],"class_list":["post-19855","product","type-product","status-publish","has-post-thumbnail","hentry","product_cat-ball-valve","product_tag-2-inch-ball-valve","product_tag-ball-valve-price","product_tag-brass-ball-valve","sales-flash-overlay","woocommerce-text-align-center","woocommerce-image-align-center","do-quantity-buttons"],"featured_image_src_large":["https:\/\/zecovalve.com\/wp-content\/uploads\/2022\/07\/Globe-Valve-Check-Valve.jpg",800,600,false],"author_info":[],"comment_info":0,"taxonomy_info":{"product_cat":[{"value":2047,"label":"Ball Valve"}],"product_tag":[{"value":2804,"label":"2 inch Ball Valve"},{"value":2802,"label":"Ball Valve Price"},{"value":2833,"label":"Brass Ball Valve"}]},"yoast_head":"<!-- This site is optimized with the Yoast SEO Premium plugin v15.4 - https:\/\/yoast.com\/wordpress\/plugins\/seo\/ -->\n<title>2 Inch Brass Ball Valve Manufacturer | Competitive Ball Valve Price | ZECO<\/title>\n<meta name=\"robots\" content=\"index, follow, max-snippet:-1, max-image-preview:large, max-video-preview:-1\" \/>\n<link rel=\"canonical\" href=\"https:\/\/zecovalve.com\/de\/produkt\/2-inch-brass-ball-valve\" \/>\n<meta property=\"og:locale\" content=\"de_DE\" \/>\n<meta property=\"og:type\" content=\"article\" \/>\n<meta property=\"og:title\" content=\"2 Inch Brass Ball Valve Manufacturer | Competitive Ball Valve Price | ZECO\" \/>\n<meta property=\"og:description\" content=\"What is a 2 inch Brass Ball Valve? Brass ball valves are greatly used in commercial and industrial applications for a full ... Weiterlesen ...\" \/>\n<meta property=\"og:url\" content=\"https:\/\/zecovalve.com\/de\/produkt\/2-inch-brass-ball-valve\" \/>\n<meta property=\"og:site_name\" content=\"ZECO Valve\" \/>\n<meta property=\"article:modified_time\" content=\"2022-07-14T06:31:12+00:00\" \/>\n<meta property=\"og:image\" content=\"https:\/\/zecovalve.com\/wp-content\/uploads\/2022\/07\/Globe-Valve-Check-Valve.jpg\" \/>\n\t<meta property=\"og:image:width\" content=\"800\" \/>\n\t<meta property=\"og:image:height\" content=\"600\" \/>\n<meta name=\"twitter:card\" content=\"summary_large_image\" \/>\n<meta name=\"twitter:label1\" content=\"Verfasst von\">\n\t<meta name=\"twitter:data1\" content=\"Jerry\">\n\t<meta name=\"twitter:label2\" content=\"Gesch\u00e4tzte Lesezeit\">\n\t<meta name=\"twitter:data2\" content=\"1\u00a0Minute\">\n<script type=\"application\/ld+json\" class=\"yoast-schema-graph\">{\"@context\":\"https:\/\/schema.org\",\"@graph\":[{\"@type\":\"WebSite\",\"@id\":\"https:\/\/zecovalve.com\/#website\",\"url\":\"https:\/\/zecovalve.com\/\",\"name\":\"ZECO Valve\",\"description\":\"Industrial Ball Valve, Gate Valve and Globe Valve Manufacturer\",\"potentialAction\":[{\"@type\":\"SearchAction\",\"target\":\"https:\/\/zecovalve.com\/?s={search_term_string}\",\"query-input\":\"required name=search_term_string\"}],\"inLanguage\":\"de\"},{\"@type\":\"ImageObject\",\"@id\":\"https:\/\/zecovalve.com\/product\/2-inch-brass-ball-valve#primaryimage\",\"inLanguage\":\"de\",\"url\":\"https:\/\/zecovalve.com\/wp-content\/uploads\/2022\/07\/Globe-Valve-Check-Valve.jpg\",\"width\":800,\"height\":600,\"caption\":\"Brass Ball Valve\"},{\"@type\":\"WebPage\",\"@id\":\"https:\/\/zecovalve.com\/product\/2-inch-brass-ball-valve#webpage\",\"url\":\"https:\/\/zecovalve.com\/product\/2-inch-brass-ball-valve\",\"name\":\"2 Inch Brass Ball Valve Manufacturer | Competitive Ball Valve Price | ZECO\",\"isPartOf\":{\"@id\":\"https:\/\/zecovalve.com\/#website\"},\"primaryImageOfPage\":{\"@id\":\"https:\/\/zecovalve.com\/product\/2-inch-brass-ball-valve#primaryimage\"},\"datePublished\":\"2022-07-14T03:07:09+00:00\",\"dateModified\":\"2022-07-14T06:31:12+00:00\",\"breadcrumb\":{\"@id\":\"https:\/\/zecovalve.com\/product\/2-inch-brass-ball-valve#breadcrumb\"},\"inLanguage\":\"de\",\"potentialAction\":[{\"@type\":\"ReadAction\",\"target\":[\"https:\/\/zecovalve.com\/product\/2-inch-brass-ball-valve\"]}]},{\"@type\":\"BreadcrumbList\",\"@id\":\"https:\/\/zecovalve.com\/product\/2-inch-brass-ball-valve#breadcrumb\",\"itemListElement\":[{\"@type\":\"ListItem\",\"position\":1,\"item\":{\"@type\":\"WebPage\",\"@id\":\"https:\/\/zecovalve.com\/\",\"url\":\"https:\/\/zecovalve.com\/\",\"name\":\"Home\"}},{\"@type\":\"ListItem\",\"position\":2,\"item\":{\"@type\":\"WebPage\",\"@id\":\"https:\/\/zecovalve.com\/product-category\",\"url\":\"https:\/\/zecovalve.com\/product-category\",\"name\":\"Industrial Valve Manufacturer | Water Valve Manufacturer\"}},{\"@type\":\"ListItem\",\"position\":3,\"item\":{\"@type\":\"WebPage\",\"@id\":\"https:\/\/zecovalve.com\/product\/2-inch-brass-ball-valve\",\"url\":\"https:\/\/zecovalve.com\/product\/2-inch-brass-ball-valve\",\"name\":\"2 inch Brass Ball Valve\"}}]}]}<\/script>\n<!-- \/ Yoast SEO Premium plugin. -->","_links":{"self":[{"href":"https:\/\/zecovalve.com\/de\/wp-json\/wp\/v2\/product\/19855","targetHints":{"allow":["GET"]}}],"collection":[{"href":"https:\/\/zecovalve.com\/de\/wp-json\/wp\/v2\/product"}],"about":[{"href":"https:\/\/zecovalve.com\/de\/wp-json\/wp\/v2\/types\/product"}],"replies":[{"embeddable":true,"href":"https:\/\/zecovalve.com\/de\/wp-json\/wp\/v2\/comments?post=19855"}],"wp:featuredmedia":[{"embeddable":true,"href":"https:\/\/zecovalve.com\/de\/wp-json\/wp\/v2\/media\/19482"}],"wp:attachment":[{"href":"https:\/\/zecovalve.com\/de\/wp-json\/wp\/v2\/media?parent=19855"}],"wp:term":[{"taxonomy":"product_cat","embeddable":true,"href":"https:\/\/zecovalve.com\/de\/wp-json\/wp\/v2\/product_cat?post=19855"},{"taxonomy":"product_tag","embeddable":true,"href":"https:\/\/zecovalve.com\/de\/wp-json\/wp\/v2\/product_tag?post=19855"}],"curies":[{"name":"wp","href":"https:\/\/api.w.org\/{rel}","templated":true}]}}