{"id":19857,"date":"2022-07-14T03:35:13","date_gmt":"2022-07-14T03:35:13","guid":{"rendered":"https:\/\/zecovalve.com\/?post_type=product&#038;p=19857"},"modified":"2022-07-14T06:31:27","modified_gmt":"2022-07-14T06:31:27","slug":"2-brass-ball-valve","status":"publish","type":"product","link":"https:\/\/zecovalve.com\/de\/produkt\/2-brass-ball-valve","title":{"rendered":"2\u2033 Messing-Kugelhahn"},"content":{"rendered":"<figure class=\"wp-block-image size-full is-resized\"><img loading=\"lazy\" decoding=\"async\" class=\"wp-image-19482\" src=\"https:\/\/zecovalve.com\/wp-content\/uploads\/2022\/07\/Globe-Valve-Check-Valve.jpg\" alt=\"Kugelhahn aus Messing\" width=\"400\" height=\"300\" srcset=\"https:\/\/zecovalve.com\/wp-content\/uploads\/2022\/07\/Globe-Valve-Check-Valve.jpg 800w, https:\/\/zecovalve.com\/wp-content\/uploads\/2022\/07\/Globe-Valve-Check-Valve-300x225.jpg 300w, https:\/\/zecovalve.com\/wp-content\/uploads\/2022\/07\/Globe-Valve-Check-Valve-768x576.jpg 768w, https:\/\/zecovalve.com\/wp-content\/uploads\/2022\/07\/Globe-Valve-Check-Valve-600x450.jpg 600w\" sizes=\"auto, (max-width: 400px) 100vw, 400px\" \/><\/figure>\r\n\r\n\r\n<div class=\"gb-button-wrapper gb-button-wrapper-6d8495a3\">\r\n\r\n\r\n<p><a class=\"gb-button gb-button-3d442e11 gb-button-text\" href=\"https:\/\/zecovalve.com\/de\/contact\/\" target=\"_blank\" rel=\"noopener noreferrer\"><strong>ERHALTEN SIE DEN PREIS F\u00dcR 2\u2033 MESSING-KUGELHAHN<\/strong><\/a><\/p>\r\n<\/div>\r\n\r\n\r\n\r\n\r\n<h2 class=\"wp-block-heading\" id=\"h-what-is-a-2-brass-ball-valve\">Was ist ein 2-Zoll-Messingkugelhahn?<\/h2>\r\n\r\n\r\n\r\n<p>Bleifreie Kugelh\u00e4hne aus Messing mit vollem Durchgang sind f\u00fcr die Verwendung mit Luft, \u00d6l, Wasser und anderen Medien konzipiert, die mit den Baumaterialien kompatibel sind. Ideal, wenn eine bleifreie und von der NSF zugelassene Konstruktion f\u00fcr Trinkwasser oder andere allgemeine Industrieanwendungen erforderlich ist. Die Ventile k\u00f6nnen manuell mit einem Hebel aus Edelstahl bedient oder mit der standardm\u00e4\u00dfigen ISO5211-Montageplatte direkt an Luft- oder elektrische Antriebe montiert werden. Durch Drehen des Ventils um eine Vierteldrehung wird die Kugel von der geschlossenen in die vollst\u00e4ndig ge\u00f6ffnete Position gedreht. Mit der Verriegelungsvorrichtung kann das Ventil in der offenen oder geschlossenen Position mit der Platte verriegelt werden.<\/p>\r\n\r\n\r\n\r\n<h2 class=\"wp-block-heading\">Technische Daten des 2\u2033 Messing-Kugelhahns<\/h2>\r\n\r\n\r\n\r\n<figure class=\"wp-block-table\">\r\n<table>\r\n<tbody>\r\n<tr>\r\n<th>Rohrgr\u00f6\u00dfe<\/th>\r\n<td>2\u2033 NPT-Innengewinde<\/td>\r\n<\/tr>\r\n<tr>\r\n<th>Anschlussgr\u00f6\u00dfe<\/th>\r\n<td>Vollanschluss, \u00d6ffnung 2,0 Zoll, Cv 240<\/td>\r\n<\/tr>\r\n<tr>\r\n<th>Druckstufe<\/th>\r\n<td>600 PSI CWP ohne Sto\u00df (siehe P\/T-Diagramm) Vakuumbetrieb bis 29\u2033Hg, Dampfbetrieb 150 PSI<\/td>\r\n<\/tr>\r\n<tr>\r\n<th>Handgriff<\/th>\r\n<td>Edelstahl mit Vinylgriff<\/td>\r\n<\/tr>\r\n<tr>\r\n<th>Ventilk\u00f6rper<\/th>\r\n<td>Bleifreies Messing C69300<\/td>\r\n<\/tr>\r\n<tr>\r\n<th>Kugel und Schaft<\/th>\r\n<td>316 Edelstahl<\/td>\r\n<\/tr>\r\n<tr>\r\n<th>Schaftdichtungen<\/th>\r\n<td>PTFE (Teflon) mit doppelten FKM (Viton)-Dichtungen<\/td>\r\n<\/tr>\r\n<tr>\r\n<th>Kugelsitze<\/th>\r\n<td>PTFE (Teflon) mit FKM (Viton) verst\u00e4rkt<\/td>\r\n<\/tr>\r\n<tr>\r\n<th>Temperaturbereich<\/th>\r\n<td>0 bis 366\u00baF (-20 bis 186\u00baC)<\/td>\r\n<\/tr>\r\n<tr>\r\n<th>Bruchdrehmoment<\/th>\r\n<td>170 Zoll-Pfund (0 PSI, 68\u00baF), 19,2 Nm (0 bar, 20\u00baC)<\/td>\r\n<\/tr>\r\n<tr>\r\n<th>ISO5211-Halterung<\/th>\r\n<td>F05\/F07, 11 mm Vierkantschaft<\/td>\r\n<\/tr>\r\n<\/tbody>\r\n<\/table>\r\n<\/figure>\r\n\r\n\r\n\r\n<h2 class=\"wp-block-heading\">Vorteile des 2\u2033 Messingkugelhahns<\/h2>\r\n\r\n\r\n\r\n<ul class=\"wp-block-list\">\r\n<li>Umweltfreundliche bleifreie Messingkonstruktion<\/li>\r\n<li>Voller Anschluss f\u00fcr ungehinderten Durchfluss<\/li>\r\n<li>Kugel und Schaft aus Edelstahl 316<\/li>\r\n<li>Ausblassicherer Schaft<\/li>\r\n<li>Aktivierte PTFE-Kugelsitze f\u00fcr l\u00e4ngere Lebensdauer und geringeres Drehmoment<\/li>\r\n<li>Leckfreie Spindeldichtung aus dreifachem PTFE\/Viton<\/li>\r\n<li>Verriegelungsgriff (mit Vorh\u00e4ngeschloss abschlie\u00dfbar)<\/li>\r\n<li>F\u00fcr den Antrieb vorbereitetes ISO5211-Direktmontagepad<\/li>\r\n<li>Zertifiziert nach NSF372 und NSF61 f\u00fcr die Verwendung mit Trinkwasser<\/li>\r\n<\/ul>\r\n\r\n\r\n\r\n<h2 class=\"wp-block-heading\">Anwendungen von 2\u2033 Messing-Kugelh\u00e4hnen<\/h2>\r\n\r\n\r\n\r\n<p>Steuert den Fl\u00fcssigkeitsfluss f\u00fcr 2-Zoll-Rohre f\u00fcr zahlreiche Anwendungen, darunter Sanit\u00e4rinstallationen, Bew\u00e4sserung und mehr, und ist ideal f\u00fcr Anwendungen, bei denen wenig bis kein Durchflussverlust erforderlich ist.<\/p>","protected":false},"excerpt":{"rendered":"<p>Was ist ein 2\u2033 Messingkugelhahn? Bleifreie Messingkugelh\u00e4hne mit vollem Durchgang sind f\u00fcr den Einsatz mit Luft, \u00d6l, Wasser \u2026 konzipiert. <a title=\"2\u2033 Messing-Kugelhahn\" class=\"read-more\" href=\"https:\/\/zecovalve.com\/de\/produkt\/2-brass-ball-valve\" aria-label=\"Mehr zu 2\u2033 Brass Ball Valve\">Weiterlesen ...<\/a><\/p>","protected":false},"featured_media":19482,"comment_status":"closed","ping_status":"closed","template":"","meta":{"_generate-full-width-content":"","kt_blocks_editor_width":""},"product_cat":[2047],"product_tag":[2804,2802,2833],"class_list":["post-19857","product","type-product","status-publish","has-post-thumbnail","hentry","product_cat-ball-valve","product_tag-2-inch-ball-valve","product_tag-ball-valve-price","product_tag-brass-ball-valve","sales-flash-overlay","woocommerce-text-align-center","woocommerce-image-align-center","do-quantity-buttons"],"featured_image_src_large":["https:\/\/zecovalve.com\/wp-content\/uploads\/2022\/07\/Globe-Valve-Check-Valve.jpg",800,600,false],"author_info":[],"comment_info":0,"taxonomy_info":{"product_cat":[{"value":2047,"label":"Ball Valve"}],"product_tag":[{"value":2804,"label":"2 inch Ball Valve"},{"value":2802,"label":"Ball Valve Price"},{"value":2833,"label":"Brass Ball Valve"}]},"yoast_head":"<!-- This site is optimized with the Yoast SEO Premium plugin v15.4 - https:\/\/yoast.com\/wordpress\/plugins\/seo\/ -->\n<title>2&quot; Brass Ball Valve - Competitive Ball Valve Price | ZECO Valve<\/title>\n<meta name=\"robots\" content=\"index, follow, max-snippet:-1, max-image-preview:large, max-video-preview:-1\" \/>\n<link rel=\"canonical\" href=\"https:\/\/zecovalve.com\/de\/produkt\/2-brass-ball-valve\" \/>\n<meta property=\"og:locale\" content=\"de_DE\" \/>\n<meta property=\"og:type\" content=\"article\" \/>\n<meta property=\"og:title\" content=\"2&quot; Brass Ball Valve - Competitive Ball Valve Price | ZECO Valve\" \/>\n<meta property=\"og:description\" content=\"What is a 2&#8243; Brass Ball Valve? Full port lead free brass ball valves are designed for use with air, oil, water ... Weiterlesen ...\" \/>\n<meta property=\"og:url\" content=\"https:\/\/zecovalve.com\/de\/produkt\/2-brass-ball-valve\" \/>\n<meta property=\"og:site_name\" content=\"ZECO Valve\" \/>\n<meta property=\"article:modified_time\" content=\"2022-07-14T06:31:27+00:00\" \/>\n<meta property=\"og:image\" content=\"https:\/\/zecovalve.com\/wp-content\/uploads\/2022\/07\/Globe-Valve-Check-Valve.jpg\" \/>\n\t<meta property=\"og:image:width\" content=\"800\" \/>\n\t<meta property=\"og:image:height\" content=\"600\" \/>\n<meta name=\"twitter:card\" content=\"summary_large_image\" \/>\n<meta name=\"twitter:label1\" content=\"Verfasst von\">\n\t<meta name=\"twitter:data1\" content=\"Jerry\">\n\t<meta name=\"twitter:label2\" content=\"Gesch\u00e4tzte Lesezeit\">\n\t<meta name=\"twitter:data2\" content=\"1\u00a0Minute\">\n<script type=\"application\/ld+json\" class=\"yoast-schema-graph\">{\"@context\":\"https:\/\/schema.org\",\"@graph\":[{\"@type\":\"WebSite\",\"@id\":\"https:\/\/zecovalve.com\/#website\",\"url\":\"https:\/\/zecovalve.com\/\",\"name\":\"ZECO Valve\",\"description\":\"Industrial Ball Valve, Gate Valve and Globe Valve Manufacturer\",\"potentialAction\":[{\"@type\":\"SearchAction\",\"target\":\"https:\/\/zecovalve.com\/?s={search_term_string}\",\"query-input\":\"required name=search_term_string\"}],\"inLanguage\":\"de\"},{\"@type\":\"ImageObject\",\"@id\":\"https:\/\/zecovalve.com\/product\/2-brass-ball-valve#primaryimage\",\"inLanguage\":\"de\",\"url\":\"https:\/\/zecovalve.com\/wp-content\/uploads\/2022\/07\/Globe-Valve-Check-Valve.jpg\",\"width\":800,\"height\":600,\"caption\":\"Brass Ball Valve\"},{\"@type\":\"WebPage\",\"@id\":\"https:\/\/zecovalve.com\/product\/2-brass-ball-valve#webpage\",\"url\":\"https:\/\/zecovalve.com\/product\/2-brass-ball-valve\",\"name\":\"2\\\" Brass Ball Valve - Competitive Ball Valve Price | ZECO Valve\",\"isPartOf\":{\"@id\":\"https:\/\/zecovalve.com\/#website\"},\"primaryImageOfPage\":{\"@id\":\"https:\/\/zecovalve.com\/product\/2-brass-ball-valve#primaryimage\"},\"datePublished\":\"2022-07-14T03:35:13+00:00\",\"dateModified\":\"2022-07-14T06:31:27+00:00\",\"breadcrumb\":{\"@id\":\"https:\/\/zecovalve.com\/product\/2-brass-ball-valve#breadcrumb\"},\"inLanguage\":\"de\",\"potentialAction\":[{\"@type\":\"ReadAction\",\"target\":[\"https:\/\/zecovalve.com\/product\/2-brass-ball-valve\"]}]},{\"@type\":\"BreadcrumbList\",\"@id\":\"https:\/\/zecovalve.com\/product\/2-brass-ball-valve#breadcrumb\",\"itemListElement\":[{\"@type\":\"ListItem\",\"position\":1,\"item\":{\"@type\":\"WebPage\",\"@id\":\"https:\/\/zecovalve.com\/\",\"url\":\"https:\/\/zecovalve.com\/\",\"name\":\"Home\"}},{\"@type\":\"ListItem\",\"position\":2,\"item\":{\"@type\":\"WebPage\",\"@id\":\"https:\/\/zecovalve.com\/product-category\",\"url\":\"https:\/\/zecovalve.com\/product-category\",\"name\":\"Industrial Valve Manufacturer | Water Valve Manufacturer\"}},{\"@type\":\"ListItem\",\"position\":3,\"item\":{\"@type\":\"WebPage\",\"@id\":\"https:\/\/zecovalve.com\/product\/2-brass-ball-valve\",\"url\":\"https:\/\/zecovalve.com\/product\/2-brass-ball-valve\",\"name\":\"2&#8243; Brass Ball Valve\"}}]}]}<\/script>\n<!-- \/ Yoast SEO Premium plugin. -->","_links":{"self":[{"href":"https:\/\/zecovalve.com\/de\/wp-json\/wp\/v2\/product\/19857","targetHints":{"allow":["GET"]}}],"collection":[{"href":"https:\/\/zecovalve.com\/de\/wp-json\/wp\/v2\/product"}],"about":[{"href":"https:\/\/zecovalve.com\/de\/wp-json\/wp\/v2\/types\/product"}],"replies":[{"embeddable":true,"href":"https:\/\/zecovalve.com\/de\/wp-json\/wp\/v2\/comments?post=19857"}],"wp:featuredmedia":[{"embeddable":true,"href":"https:\/\/zecovalve.com\/de\/wp-json\/wp\/v2\/media\/19482"}],"wp:attachment":[{"href":"https:\/\/zecovalve.com\/de\/wp-json\/wp\/v2\/media?parent=19857"}],"wp:term":[{"taxonomy":"product_cat","embeddable":true,"href":"https:\/\/zecovalve.com\/de\/wp-json\/wp\/v2\/product_cat?post=19857"},{"taxonomy":"product_tag","embeddable":true,"href":"https:\/\/zecovalve.com\/de\/wp-json\/wp\/v2\/product_tag?post=19857"}],"curies":[{"name":"wp","href":"https:\/\/api.w.org\/{rel}","templated":true}]}}