{"id":19860,"date":"2022-07-14T06:29:32","date_gmt":"2022-07-14T06:29:32","guid":{"rendered":"https:\/\/zecovalve.com\/?post_type=product&#038;p=19860"},"modified":"2022-07-14T06:29:46","modified_gmt":"2022-07-14T06:29:46","slug":"3-brass-ball-valve","status":"publish","type":"product","link":"https:\/\/zecovalve.com\/de\/produkt\/3-brass-ball-valve","title":{"rendered":"3\u2033 Messing-Kugelhahn"},"content":{"rendered":"<figure class=\"wp-block-image size-full is-resized\"><img loading=\"lazy\" decoding=\"async\" class=\"wp-image-19482\" src=\"https:\/\/zecovalve.com\/wp-content\/uploads\/2022\/07\/Globe-Valve-Check-Valve.jpg\" alt=\"Kugelhahn aus Messing\" width=\"400\" height=\"300\" srcset=\"https:\/\/zecovalve.com\/wp-content\/uploads\/2022\/07\/Globe-Valve-Check-Valve.jpg 800w, https:\/\/zecovalve.com\/wp-content\/uploads\/2022\/07\/Globe-Valve-Check-Valve-300x225.jpg 300w, https:\/\/zecovalve.com\/wp-content\/uploads\/2022\/07\/Globe-Valve-Check-Valve-768x576.jpg 768w, https:\/\/zecovalve.com\/wp-content\/uploads\/2022\/07\/Globe-Valve-Check-Valve-600x450.jpg 600w\" sizes=\"auto, (max-width: 400px) 100vw, 400px\" \/><\/figure>\r\n\r\n\r\n<div class=\"gb-button-wrapper gb-button-wrapper-6d8495a3\">\r\n\r\n\r\n<p><a class=\"gb-button gb-button-3d442e11 gb-button-text\" href=\"https:\/\/zecovalve.com\/de\/contact\/\" target=\"_blank\" rel=\"noopener noreferrer\"><strong>ERHALTEN SIE DEN PREIS F\u00dcR 3\u2033 MESSING-KUGELHAHN<\/strong><\/a><\/p>\r\n<\/div>\r\n\r\n\r\n\r\n\r\n<h2 class=\"wp-block-heading\" id=\"h-what-is-a-3-brass-ball-valve\">Was ist ein 3-Zoll-Messingkugelhahn?<\/h2>\r\n\r\n\r\n\r\n<p>3\u2033 Messing-Kugelhahn mit vollem Durchgang \u2013 Messing-Kugelhahn, FNPT-Gewinde, Temperaturbereich -60 \u00b0F \u2013 400 \u00b0F, ausblassicherer Schaft, verchromte Messingkugel. Der Hahn darf nur in vollst\u00e4ndig ge\u00f6ffneter oder geschlossener Stellung verwendet werden.<\/p>\r\n\r\n\r\n\r\n<p>Messing-Kugelhahn mit vollem Durchgang, Innengewinde und National-Rohrgewinde, mit Hebelgriff.<\/p>\r\n\r\n\r\n\r\n<h2 class=\"wp-block-heading\">Technische Daten von 3\u2033 Messing-Kugelh\u00e4hnen<\/h2>\r\n\r\n\r\n\r\n<figure class=\"wp-block-table\">\r\n<table>\r\n<tbody>\r\n<tr>\r\n<td>Material<\/td>\r\n<td>Messing<\/td>\r\n<\/tr>\r\n<tr>\r\n<td>Ventil Gr\u00f6\u00dfe<\/td>\r\n<td>3 Zoll<\/td>\r\n<\/tr>\r\n<tr>\r\n<td>Druck<\/td>\r\n<td>Niederdruck, Mitteldruck, Hochdruck<\/td>\r\n<\/tr>\r\n<tr>\r\n<td>Temperaturbereich<\/td>\r\n<td>-60\u00b0 F \u2013 400\u00b0 F<\/td>\r\n<\/tr>\r\n<tr>\r\n<td>Herkunftsort<\/td>\r\n<td>China<\/td>\r\n<\/tr>\r\n<tr>\r\n<td>Medien<\/td>\r\n<td>Luft Wasser<\/td>\r\n<\/tr>\r\n<tr>\r\n<td>Temperatur des Mediums<\/td>\r\n<td>Niedrige Temperatur, Mittlere Temperatur, Hohe Temperatur<\/td>\r\n<\/tr>\r\n<tr>\r\n<td>Verwendung\/Anwendung<\/td>\r\n<td>Industrie\/ Sanit\u00e4r<\/td>\r\n<\/tr>\r\n<tr>\r\n<td>Modell-Nr<\/td>\r\n<td>ZF 01<\/td>\r\n<\/tr>\r\n<tr>\r\n<td>Zustand<\/td>\r\n<td>Neu<\/td>\r\n<\/tr>\r\n<tr>\r\n<td>Mindestbestellmenge<\/td>\r\n<td>10<\/td>\r\n<\/tr>\r\n<\/tbody>\r\n<\/table>\r\n<\/figure>\r\n\r\n\r\n\r\n<h2 class=\"wp-block-heading\">Vorteile von 3\u2033 Messingkugelh\u00e4hnen<\/h2>\r\n\r\n\r\n\r\n<ul class=\"wp-block-list\">\r\n<li>Geeignet f\u00fcr alle Fl\u00fcssigkeiten und Gase<\/li>\r\n<li>Minimaler Druckabfall dank gro\u00dfer, durchgehender Anschl\u00fcsse<\/li>\r\n<li>Von unten belastbarer, druckhaltender Schaft<\/li>\r\n<li>Druckauslegung f\u00fcr 1\/4\u2033-2\u2033 bei 600 psi (42 bar)<\/li>\r\n<li>2-1\/2\u2033-4\u2033 bei 400 psi WOG (ohne Sto\u00df) und 150 WSP (10,34 bar) ges\u00e4ttigtem Dampf.<\/li>\r\n<li>Spindelpackungsdichtung, Anlaufscheibe und Sitze aus reinem PTFE<\/li>\r\n<li>Gelber Vinyl-Isolator auf robusten, beschichteten Griffen aus Kohlenstoffstahl.<\/li>\r\n<li>Schnelles \u00d6ffnen oder Schlie\u00dfen mit einer Vierteldrehung<\/li>\r\n<li>Nicht bleifrei<\/li>\r\n<li>Gut f\u00fcr Benzin<\/li>\r\n<\/ul>\r\n\r\n\r\n\r\n<h2 class=\"wp-block-heading\">Anwendungen von 3\u2033 Messingkugelh\u00e4hnen<\/h2>\r\n\r\n\r\n\r\n<p>3-Zoll-Messingkugelh\u00e4hne mit vollem Durchgang eignen sich f\u00fcr eine breite Palette von Fl\u00fcssigkeiten und Gasen in privaten und gewerblichen Anwendungen.<\/p>","protected":false},"excerpt":{"rendered":"<p>Was ist ein 3\u2033 Messing-Kugelhahn? 3\u2033 Messing-Kugelhahn mit vollem Durchgang \u2013 Messing-Kugelhahn, FNPT-Gewinde, Temperaturbereich -60\u00b0F \u2026 <a title=\"3\u2033 Messing-Kugelhahn\" class=\"read-more\" href=\"https:\/\/zecovalve.com\/de\/produkt\/3-brass-ball-valve\" aria-label=\"Mehr zu 3\u2033 Brass Ball Valve\">Weiterlesen ...<\/a><\/p>","protected":false},"featured_media":19482,"comment_status":"closed","ping_status":"closed","template":"","meta":{"_generate-full-width-content":"","kt_blocks_editor_width":""},"product_cat":[2047,2461],"product_tag":[2802,2833],"class_list":["post-19860","product","type-product","status-publish","has-post-thumbnail","hentry","product_cat-ball-valve","product_cat-ball-valve-by-material","product_tag-ball-valve-price","product_tag-brass-ball-valve","sales-flash-overlay","woocommerce-text-align-center","woocommerce-image-align-center","do-quantity-buttons"],"featured_image_src_large":["https:\/\/zecovalve.com\/wp-content\/uploads\/2022\/07\/Globe-Valve-Check-Valve.jpg",800,600,false],"author_info":[],"comment_info":0,"taxonomy_info":{"product_cat":[{"value":2047,"label":"Ball Valve"},{"value":2461,"label":"Ball Valve By Material"}],"product_tag":[{"value":2802,"label":"Ball Valve Price"},{"value":2833,"label":"Brass Ball Valve"}]},"yoast_head":"<!-- This site is optimized with the Yoast SEO Premium plugin v15.4 - https:\/\/yoast.com\/wordpress\/plugins\/seo\/ -->\n<title>3&quot; Brass Ball Valve - Competitive Ball Valve Price | ZECO Valve<\/title>\n<meta name=\"robots\" content=\"index, follow, max-snippet:-1, max-image-preview:large, max-video-preview:-1\" \/>\n<link rel=\"canonical\" href=\"https:\/\/zecovalve.com\/de\/produkt\/3-brass-ball-valve\" \/>\n<meta property=\"og:locale\" content=\"de_DE\" \/>\n<meta property=\"og:type\" content=\"article\" \/>\n<meta property=\"og:title\" content=\"3&quot; Brass Ball Valve - Competitive Ball Valve Price | ZECO Valve\" \/>\n<meta property=\"og:description\" content=\"What is a 3&#8243; Brass Ball Valve? 3\u2033 Brass Full Port Ball Valve \u2013 Brass ball valve, FNPT threaded, temperature range -60\u00b0F ... Weiterlesen ...\" \/>\n<meta property=\"og:url\" content=\"https:\/\/zecovalve.com\/de\/produkt\/3-brass-ball-valve\" \/>\n<meta property=\"og:site_name\" content=\"ZECO Valve\" \/>\n<meta property=\"article:modified_time\" content=\"2022-07-14T06:29:46+00:00\" \/>\n<meta property=\"og:image\" content=\"https:\/\/zecovalve.com\/wp-content\/uploads\/2022\/07\/Globe-Valve-Check-Valve.jpg\" \/>\n\t<meta property=\"og:image:width\" content=\"800\" \/>\n\t<meta property=\"og:image:height\" content=\"600\" \/>\n<meta name=\"twitter:card\" content=\"summary_large_image\" \/>\n<meta name=\"twitter:label1\" content=\"Verfasst von\">\n\t<meta name=\"twitter:data1\" content=\"Jerry\">\n\t<meta name=\"twitter:label2\" content=\"Gesch\u00e4tzte Lesezeit\">\n\t<meta name=\"twitter:data2\" content=\"1\u00a0Minute\">\n<script type=\"application\/ld+json\" class=\"yoast-schema-graph\">{\"@context\":\"https:\/\/schema.org\",\"@graph\":[{\"@type\":\"WebSite\",\"@id\":\"https:\/\/zecovalve.com\/#website\",\"url\":\"https:\/\/zecovalve.com\/\",\"name\":\"ZECO Valve\",\"description\":\"Industrial Ball Valve, Gate Valve and Globe Valve Manufacturer\",\"potentialAction\":[{\"@type\":\"SearchAction\",\"target\":\"https:\/\/zecovalve.com\/?s={search_term_string}\",\"query-input\":\"required name=search_term_string\"}],\"inLanguage\":\"de\"},{\"@type\":\"ImageObject\",\"@id\":\"https:\/\/zecovalve.com\/product\/3-brass-ball-valve#primaryimage\",\"inLanguage\":\"de\",\"url\":\"https:\/\/zecovalve.com\/wp-content\/uploads\/2022\/07\/Globe-Valve-Check-Valve.jpg\",\"width\":800,\"height\":600,\"caption\":\"Brass Ball Valve\"},{\"@type\":\"WebPage\",\"@id\":\"https:\/\/zecovalve.com\/product\/3-brass-ball-valve#webpage\",\"url\":\"https:\/\/zecovalve.com\/product\/3-brass-ball-valve\",\"name\":\"3\\\" Brass Ball Valve - Competitive Ball Valve Price | ZECO Valve\",\"isPartOf\":{\"@id\":\"https:\/\/zecovalve.com\/#website\"},\"primaryImageOfPage\":{\"@id\":\"https:\/\/zecovalve.com\/product\/3-brass-ball-valve#primaryimage\"},\"datePublished\":\"2022-07-14T06:29:32+00:00\",\"dateModified\":\"2022-07-14T06:29:46+00:00\",\"breadcrumb\":{\"@id\":\"https:\/\/zecovalve.com\/product\/3-brass-ball-valve#breadcrumb\"},\"inLanguage\":\"de\",\"potentialAction\":[{\"@type\":\"ReadAction\",\"target\":[\"https:\/\/zecovalve.com\/product\/3-brass-ball-valve\"]}]},{\"@type\":\"BreadcrumbList\",\"@id\":\"https:\/\/zecovalve.com\/product\/3-brass-ball-valve#breadcrumb\",\"itemListElement\":[{\"@type\":\"ListItem\",\"position\":1,\"item\":{\"@type\":\"WebPage\",\"@id\":\"https:\/\/zecovalve.com\/\",\"url\":\"https:\/\/zecovalve.com\/\",\"name\":\"Home\"}},{\"@type\":\"ListItem\",\"position\":2,\"item\":{\"@type\":\"WebPage\",\"@id\":\"https:\/\/zecovalve.com\/product-category\",\"url\":\"https:\/\/zecovalve.com\/product-category\",\"name\":\"Industrial Valve Manufacturer | Water Valve Manufacturer\"}},{\"@type\":\"ListItem\",\"position\":3,\"item\":{\"@type\":\"WebPage\",\"@id\":\"https:\/\/zecovalve.com\/product\/3-brass-ball-valve\",\"url\":\"https:\/\/zecovalve.com\/product\/3-brass-ball-valve\",\"name\":\"3&#8243; Brass Ball Valve\"}}]}]}<\/script>\n<!-- \/ Yoast SEO Premium plugin. -->","_links":{"self":[{"href":"https:\/\/zecovalve.com\/de\/wp-json\/wp\/v2\/product\/19860","targetHints":{"allow":["GET"]}}],"collection":[{"href":"https:\/\/zecovalve.com\/de\/wp-json\/wp\/v2\/product"}],"about":[{"href":"https:\/\/zecovalve.com\/de\/wp-json\/wp\/v2\/types\/product"}],"replies":[{"embeddable":true,"href":"https:\/\/zecovalve.com\/de\/wp-json\/wp\/v2\/comments?post=19860"}],"wp:featuredmedia":[{"embeddable":true,"href":"https:\/\/zecovalve.com\/de\/wp-json\/wp\/v2\/media\/19482"}],"wp:attachment":[{"href":"https:\/\/zecovalve.com\/de\/wp-json\/wp\/v2\/media?parent=19860"}],"wp:term":[{"taxonomy":"product_cat","embeddable":true,"href":"https:\/\/zecovalve.com\/de\/wp-json\/wp\/v2\/product_cat?post=19860"},{"taxonomy":"product_tag","embeddable":true,"href":"https:\/\/zecovalve.com\/de\/wp-json\/wp\/v2\/product_tag?post=19860"}],"curies":[{"name":"wp","href":"https:\/\/api.w.org\/{rel}","templated":true}]}}