{"id":19862,"date":"2022-07-14T07:26:02","date_gmt":"2022-07-14T07:26:02","guid":{"rendered":"https:\/\/zecovalve.com\/?post_type=product&#038;p=19862"},"modified":"2022-07-14T07:29:38","modified_gmt":"2022-07-14T07:29:38","slug":"3-way-brass-ball-valve","status":"publish","type":"product","link":"https:\/\/zecovalve.com\/de\/produkt\/3-way-brass-ball-valve","title":{"rendered":"3-Wege-Messingkugelhahn"},"content":{"rendered":"<p>3-Wege-Kugelh\u00e4hne aus Messing werden in Anwendungen mit mehr als einer Medienquelle oder zum Umleiten von Medien in zwei verschiedene Richtungen verwendet.<\/p>\r\n\r\n\r\n\r\n<figure class=\"wp-block-image size-full\"><img loading=\"lazy\" decoding=\"async\" width=\"230\" height=\"350\" class=\"wp-image-19863\" src=\"https:\/\/zecovalve.com\/wp-content\/uploads\/2022\/07\/3-Way-Brass-Ball-Valve.png\" alt=\"\" srcset=\"https:\/\/zecovalve.com\/wp-content\/uploads\/2022\/07\/3-Way-Brass-Ball-Valve.png 230w, https:\/\/zecovalve.com\/wp-content\/uploads\/2022\/07\/3-Way-Brass-Ball-Valve-197x300.png 197w\" sizes=\"auto, (max-width: 230px) 100vw, 230px\" \/><\/figure>\r\n\r\n\r\n<div class=\"gb-button-wrapper gb-button-wrapper-6d8495a3\">\r\n\r\n\r\n<p><a class=\"gb-button gb-button-3d442e11 gb-button-text\" href=\"https:\/\/zecovalve.com\/de\/contact\/\" target=\"_blank\" rel=\"noopener noreferrer\"><strong>PREIS F\u00dcR 3-WEGE-MESSING-KUGELHAHN ERHALTEN<\/strong><\/a><\/p>\r\n<\/div>\r\n\r\n\r\n\r\n\r\n<h2 class=\"wp-block-heading\" id=\"h-what-is-a-3-way-brass-ball-valve\">Was ist ein 3-Wege-Messingkugelhahn?<\/h2>\r\n\r\n\r\n\r\n<p>3-Wege-Messingkugelh\u00e4hne sind so konzipiert, dass sie den Durchfluss je nach Bedarf in verschiedene Richtungen umleiten. Alle Ventile sind in L-Ausf\u00fchrung, aber auch in T-Ausf\u00fchrung erh\u00e4ltlich. Diese Ventile sind ideal f\u00fcr den Einsatz in einer Vielzahl von chemischen und fl\u00fcssigen Anwendungen. Verriegelungsgriffe und FPT-Innenanschl\u00fcsse sind Standard. Alle Ventile werden manuell bedient, verf\u00fcgen jedoch bei Bedarf \u00fcber Montagepads f\u00fcr Antriebe oder Positionsanzeigen.<\/p>\r\n\r\n\r\n\r\n<h2 class=\"wp-block-heading\">Wof\u00fcr werden 3-Wege-Messingkugelh\u00e4hne verwendet?<\/h2>\r\n\r\n\r\n\r\n<p>Dreiwege-Kugelh\u00e4hne aus Messing haben drei Anschl\u00fcsse und k\u00f6nnen manuell oder automatisiert mit einem elektrischen oder pneumatischen Antrieb bedient werden. Die Bohrung durch die Kugel gibt es in zwei Varianten: \u201eL\u201c- und \u201eT\u201c-Anschluss. Dreiwegeh\u00e4hne k\u00f6nnen:<\/p>\r\n\r\n\r\n\r\n<ul class=\"wp-block-list\">\r\n<li>Den Durchfluss unterbrechen oder abstellen<\/li>\r\n<li>Wechseln Sie den Fluss zwischen zwei verschiedenen Quellen<\/li>\r\n<li>Kombinieren Sie den Datenfluss aus zwei verschiedenen Quellen<\/li>\r\n<li>Alternativer Fluss zwischen zwei verschiedenen Zielen<\/li>\r\n<li>Leiten Sie den Fluss von einer Quelle zu einem anderen Ziel um<\/li>\r\n<li>Aufteilen des Datenflusses von einer Quelle auf zwei ausgehende Ziele<\/li>\r\n<\/ul>\r\n\r\n\r\n\r\n<h2 class=\"wp-block-heading\">Technische Daten der 3-Wege-Messingkugelh\u00e4hne<\/h2>\r\n\r\n\r\n\r\n<figure class=\"wp-block-table is-style-stripes\">\r\n<table>\r\n<tbody>\r\n<tr>\r\n<td>Material des Geh\u00e4uses<\/td>\r\n<td>Messing<\/td>\r\n<\/tr>\r\n<tr>\r\n<td>Schaftmaterial<\/td>\r\n<td>Messing<\/td>\r\n<\/tr>\r\n<tr>\r\n<td>Kugelmaterial<\/td>\r\n<td>Verchromtes Messing<\/td>\r\n<\/tr>\r\n<tr>\r\n<td>Sitzmaterial<\/td>\r\n<td>PTFE<\/td>\r\n<\/tr>\r\n<tr>\r\n<td>Schaftdichtungsmaterial<\/td>\r\n<td>PTFE, mit Viton\u00ae O-Ring, oder RPTFE<\/td>\r\n<\/tr>\r\n<tr>\r\n<td>Endanschl\u00fcsse<\/td>\r\n<td>NPT-Gewinde (1\/4\u2033 bis 3\u2033)<\/td>\r\n<\/tr>\r\n<tr>\r\n<td>Temperaturbereich:<\/td>\r\n<td>-30 bis 320 \u00b0F<\/td>\r\n<\/tr>\r\n<tr>\r\n<td>Druckbereich:<\/td>\r\n<td>bis zu 400 PSIG<\/td>\r\n<\/tr>\r\n<\/tbody>\r\n<\/table>\r\n<\/figure>\r\n\r\n\r\n\r\n<h2 class=\"wp-block-heading\">Vorteile von 3-Wege-Messingkugelh\u00e4hnen<\/h2>\r\n\r\n\r\n\r\n<ul class=\"wp-block-list\">\r\n<li>Standardanschluss<\/li>\r\n<li>Ausblassicherer Schaft<\/li>\r\n<li>Druckbelastete Pyramidenspindelabdichtung<\/li>\r\n<li>Integrierte Montageplatte f\u00fcr Aktoren<\/li>\r\n<li>Kompakte Montage<\/li>\r\n<li>Komplettes Sortiment an Zubeh\u00f6r<\/li>\r\n<\/ul>\r\n\r\n\r\n\r\n<h2 class=\"wp-block-heading\">Anwendungen von 3-Wege-Messingkugelh\u00e4hnen<\/h2>\r\n\r\n\r\n\r\n<ul class=\"wp-block-list\">\r\n<li>Lufttrocknungsger\u00e4te<\/li>\r\n<li>Ausr\u00fcstung zur Schadstoffbek\u00e4mpfung<\/li>\r\n<li>Prozesssteuerungsanwendungen<\/li>\r\n<li>W\u00e4schereiausstattung<\/li>\r\n<li>Textilf\u00e4rbung und -trocknung<\/li>\r\n<li>Abf\u00fcll- und Abgabeger\u00e4te<\/li>\r\n<\/ul>","protected":false},"excerpt":{"rendered":"<p>3-Wege-Kugelh\u00e4hne aus Messing werden in Anwendungen mit mehr als einer Medienquelle oder zum Umleiten von Medien in zwei \u2026 verwendet. <a title=\"3-Wege-Messingkugelhahn\" class=\"read-more\" href=\"https:\/\/zecovalve.com\/de\/produkt\/3-way-brass-ball-valve\" aria-label=\"Mehr zu 3-Wege-Messingkugelhahn\">Weiterlesen ...<\/a><\/p>","protected":false},"featured_media":19863,"comment_status":"closed","ping_status":"closed","template":"","meta":{"_generate-full-width-content":"","kt_blocks_editor_width":""},"product_cat":[2047],"product_tag":[2802,2833],"class_list":["post-19862","product","type-product","status-publish","has-post-thumbnail","hentry","product_cat-ball-valve","product_tag-ball-valve-price","product_tag-brass-ball-valve","sales-flash-overlay","woocommerce-text-align-center","woocommerce-image-align-center","do-quantity-buttons"],"featured_image_src_large":["https:\/\/zecovalve.com\/wp-content\/uploads\/2022\/07\/3-Way-Brass-Ball-Valve.png",230,350,false],"author_info":[],"comment_info":0,"taxonomy_info":{"product_cat":[{"value":2047,"label":"Ball Valve"}],"product_tag":[{"value":2802,"label":"Ball Valve Price"},{"value":2833,"label":"Brass Ball Valve"}]},"yoast_head":"<!-- This site is optimized with the Yoast SEO Premium plugin v15.4 - https:\/\/yoast.com\/wordpress\/plugins\/seo\/ -->\n<title>3 Way Brass Ball Valve - Competitive Ball Valve Price | ZECO Valve<\/title>\n<meta name=\"robots\" content=\"index, follow, max-snippet:-1, max-image-preview:large, max-video-preview:-1\" \/>\n<link rel=\"canonical\" href=\"https:\/\/zecovalve.com\/de\/produkt\/3-way-brass-ball-valve\" \/>\n<meta property=\"og:locale\" content=\"de_DE\" \/>\n<meta property=\"og:type\" content=\"article\" \/>\n<meta property=\"og:title\" content=\"3 Way Brass Ball Valve - Competitive Ball Valve Price | ZECO Valve\" \/>\n<meta property=\"og:description\" content=\"3 way brass ball valves are used in applications with more than one source of media or to divert media in two ... Weiterlesen ...\" \/>\n<meta property=\"og:url\" content=\"https:\/\/zecovalve.com\/de\/produkt\/3-way-brass-ball-valve\" \/>\n<meta property=\"og:site_name\" content=\"ZECO Valve\" \/>\n<meta property=\"article:modified_time\" content=\"2022-07-14T07:29:38+00:00\" \/>\n<meta property=\"og:image\" content=\"https:\/\/zecovalve.com\/wp-content\/uploads\/2022\/07\/3-Way-Brass-Ball-Valve.png\" \/>\n\t<meta property=\"og:image:width\" content=\"230\" \/>\n\t<meta property=\"og:image:height\" content=\"350\" \/>\n<meta name=\"twitter:card\" content=\"summary_large_image\" \/>\n<meta name=\"twitter:label1\" content=\"Verfasst von\">\n\t<meta name=\"twitter:data1\" content=\"Jerry\">\n\t<meta name=\"twitter:label2\" content=\"Gesch\u00e4tzte Lesezeit\">\n\t<meta name=\"twitter:data2\" content=\"1\u00a0Minute\">\n<script type=\"application\/ld+json\" class=\"yoast-schema-graph\">{\"@context\":\"https:\/\/schema.org\",\"@graph\":[{\"@type\":\"WebSite\",\"@id\":\"https:\/\/zecovalve.com\/#website\",\"url\":\"https:\/\/zecovalve.com\/\",\"name\":\"ZECO Valve\",\"description\":\"Industrial Ball Valve, Gate Valve and Globe Valve Manufacturer\",\"potentialAction\":[{\"@type\":\"SearchAction\",\"target\":\"https:\/\/zecovalve.com\/?s={search_term_string}\",\"query-input\":\"required name=search_term_string\"}],\"inLanguage\":\"de\"},{\"@type\":\"ImageObject\",\"@id\":\"https:\/\/zecovalve.com\/product\/3-way-brass-ball-valve#primaryimage\",\"inLanguage\":\"de\",\"url\":\"https:\/\/zecovalve.com\/wp-content\/uploads\/2022\/07\/3-Way-Brass-Ball-Valve.png\",\"width\":230,\"height\":350},{\"@type\":\"WebPage\",\"@id\":\"https:\/\/zecovalve.com\/product\/3-way-brass-ball-valve#webpage\",\"url\":\"https:\/\/zecovalve.com\/product\/3-way-brass-ball-valve\",\"name\":\"3 Way Brass Ball Valve - Competitive Ball Valve Price | ZECO Valve\",\"isPartOf\":{\"@id\":\"https:\/\/zecovalve.com\/#website\"},\"primaryImageOfPage\":{\"@id\":\"https:\/\/zecovalve.com\/product\/3-way-brass-ball-valve#primaryimage\"},\"datePublished\":\"2022-07-14T07:26:02+00:00\",\"dateModified\":\"2022-07-14T07:29:38+00:00\",\"breadcrumb\":{\"@id\":\"https:\/\/zecovalve.com\/product\/3-way-brass-ball-valve#breadcrumb\"},\"inLanguage\":\"de\",\"potentialAction\":[{\"@type\":\"ReadAction\",\"target\":[\"https:\/\/zecovalve.com\/product\/3-way-brass-ball-valve\"]}]},{\"@type\":\"BreadcrumbList\",\"@id\":\"https:\/\/zecovalve.com\/product\/3-way-brass-ball-valve#breadcrumb\",\"itemListElement\":[{\"@type\":\"ListItem\",\"position\":1,\"item\":{\"@type\":\"WebPage\",\"@id\":\"https:\/\/zecovalve.com\/\",\"url\":\"https:\/\/zecovalve.com\/\",\"name\":\"Home\"}},{\"@type\":\"ListItem\",\"position\":2,\"item\":{\"@type\":\"WebPage\",\"@id\":\"https:\/\/zecovalve.com\/product-category\",\"url\":\"https:\/\/zecovalve.com\/product-category\",\"name\":\"Industrial Valve Manufacturer | Water Valve Manufacturer\"}},{\"@type\":\"ListItem\",\"position\":3,\"item\":{\"@type\":\"WebPage\",\"@id\":\"https:\/\/zecovalve.com\/product\/3-way-brass-ball-valve\",\"url\":\"https:\/\/zecovalve.com\/product\/3-way-brass-ball-valve\",\"name\":\"3 Way Brass Ball Valve\"}}]}]}<\/script>\n<!-- \/ Yoast SEO Premium plugin. -->","_links":{"self":[{"href":"https:\/\/zecovalve.com\/de\/wp-json\/wp\/v2\/product\/19862","targetHints":{"allow":["GET"]}}],"collection":[{"href":"https:\/\/zecovalve.com\/de\/wp-json\/wp\/v2\/product"}],"about":[{"href":"https:\/\/zecovalve.com\/de\/wp-json\/wp\/v2\/types\/product"}],"replies":[{"embeddable":true,"href":"https:\/\/zecovalve.com\/de\/wp-json\/wp\/v2\/comments?post=19862"}],"wp:featuredmedia":[{"embeddable":true,"href":"https:\/\/zecovalve.com\/de\/wp-json\/wp\/v2\/media\/19863"}],"wp:attachment":[{"href":"https:\/\/zecovalve.com\/de\/wp-json\/wp\/v2\/media?parent=19862"}],"wp:term":[{"taxonomy":"product_cat","embeddable":true,"href":"https:\/\/zecovalve.com\/de\/wp-json\/wp\/v2\/product_cat?post=19862"},{"taxonomy":"product_tag","embeddable":true,"href":"https:\/\/zecovalve.com\/de\/wp-json\/wp\/v2\/product_tag?post=19862"}],"curies":[{"name":"wp","href":"https:\/\/api.w.org\/{rel}","templated":true}]}}