{"id":19864,"date":"2022-07-14T07:38:29","date_gmt":"2022-07-14T07:38:29","guid":{"rendered":"https:\/\/zecovalve.com\/?post_type=product&#038;p=19864"},"modified":"2022-07-14T08:10:54","modified_gmt":"2022-07-14T08:10:54","slug":"1-4-brass-ball-valve","status":"publish","type":"product","link":"https:\/\/zecovalve.com\/de\/produkt\/1-4-brass-ball-valve","title":{"rendered":"1\/4\u2033 Messing-Kugelhahn"},"content":{"rendered":"<figure class=\"wp-block-image size-full is-resized\"><img loading=\"lazy\" decoding=\"async\" class=\"wp-image-19482\" src=\"https:\/\/zecovalve.com\/wp-content\/uploads\/2022\/07\/Globe-Valve-Check-Valve.jpg\" alt=\"Kugelhahn aus Messing\" width=\"400\" height=\"300\" srcset=\"https:\/\/zecovalve.com\/wp-content\/uploads\/2022\/07\/Globe-Valve-Check-Valve.jpg 800w, https:\/\/zecovalve.com\/wp-content\/uploads\/2022\/07\/Globe-Valve-Check-Valve-300x225.jpg 300w, https:\/\/zecovalve.com\/wp-content\/uploads\/2022\/07\/Globe-Valve-Check-Valve-768x576.jpg 768w, https:\/\/zecovalve.com\/wp-content\/uploads\/2022\/07\/Globe-Valve-Check-Valve-600x450.jpg 600w\" sizes=\"auto, (max-width: 400px) 100vw, 400px\" \/><\/figure>\r\n\r\n\r\n<div class=\"gb-button-wrapper gb-button-wrapper-6d8495a3\">\r\n\r\n\r\n<p><a class=\"gb-button gb-button-3d442e11 gb-button-text\" href=\"https:\/\/zecovalve.com\/de\/contact\/\" target=\"_blank\" rel=\"noopener noreferrer\"><strong>ERHALTEN SIE DEN PREIS F\u00dcR 1\/4\u2033 MESSING-KUGELHAHN<\/strong><\/a><\/p>\r\n<\/div>\r\n\r\n\r\n\r\n\r\n<h2 class=\"wp-block-heading\" id=\"h-what-is-a-1-2-brass-ball-valve\">Was ist ein 1\/4\u2033-Messingkugelhahn?<\/h2>\r\n\r\n\r\n\r\n<p>Verwenden Sie diesen 1\/2\u2033 Messingkugelhahn von ZECO mit Gewindeanschl\u00fcssen, um den Durchfluss in einem Kupfersystem zu starten oder zu stoppen. Gewindeanschl\u00fcsse eignen sich hervorragend f\u00fcr starke Dichtungen, die zu Wartungszwecken abgeschraubt werden k\u00f6nnen. Dieser Kugelhahn mit vollem Durchgang ist als bleifrei zertifiziert, was bedeutet, dass benetzte Oberfl\u00e4chen im Durchschnitt weniger als 0,25% Blei enthalten. ZECO Valve stellt einige der besten Messingkugelh\u00e4hne her, die auf dem Markt erh\u00e4ltlich sind. Holen Sie sich also noch heute einen!<\/p>\r\n\r\n\r\n\r\n<h2 class=\"wp-block-heading\">Technische Daten von 1\/4\u2033 Messing-Kugelh\u00e4hnen<\/h2>\r\n\r\n\r\n\r\n<figure class=\"wp-block-table is-style-stripes\">\r\n<table>\r\n<tbody>\r\n<tr>\r\n<td>Artikel<\/td>\r\n<td>Kugelhahn<\/td>\r\n<td>Sitzmaterial<\/td>\r\n<td>PTFE<\/td>\r\n<\/tr>\r\n<tr>\r\n<td>Material des Geh\u00e4uses<\/td>\r\n<td>Messing<\/td>\r\n<td>Schafttyp<\/td>\r\n<td>Blowout-sicher<\/td>\r\n<\/tr>\r\n<tr>\r\n<td>Karosseriestil<\/td>\r\n<td>Im Einklang<\/td>\r\n<td>Handgriff Typ<\/td>\r\n<td>Hebel<\/td>\r\n<\/tr>\r\n<tr>\r\n<td>Ventilstruktur<\/td>\r\n<td>2 St\u00fcck<\/td>\r\n<td>Griffmaterial<\/td>\r\n<td>Stahl mit korrosionsbest\u00e4ndiger Beschichtung<\/td>\r\n<\/tr>\r\n<tr>\r\n<td>Rohrgr\u00f6\u00dfe<\/td>\r\n<td>1\/4 Zoll<\/td>\r\n<td>Schaftmaterial<\/td>\r\n<td>Messing<\/td>\r\n<\/tr>\r\n<tr>\r\n<td>Verbindungstyp<\/td>\r\n<td>FNPT x FNPT<\/td>\r\n<td>Eigenschaften<\/td>\r\n<td>Allgemeiner Zweck<\/td>\r\n<\/tr>\r\n<tr>\r\n<td>Hafen<\/td>\r\n<td>Voll<\/td>\r\n<td>Produktgruppe Kugelh\u00e4hne<\/td>\r\n<td>Handbuch<\/td>\r\n<\/tr>\r\n<tr>\r\n<td>Maximaler Druck<\/td>\r\n<td>Druck: 600 psi<\/td>\r\n<td>Werkstoff des Ventilgrundk\u00f6rpers<\/td>\r\n<td>Messing<\/td>\r\n<\/tr>\r\n<tr>\r\n<td>Temp. Bereich<\/td>\r\n<td>0 Grad bis 400 Grad F<\/td>\r\n<td>Kugelmaterial<\/td>\r\n<td>Verchromtes Messing<\/td>\r\n<\/tr>\r\n<\/tbody>\r\n<\/table>\r\n<\/figure>\r\n\r\n\r\n\r\n<h2 class=\"wp-block-heading\">Vorteile von 1\/4\u2033 Messingkugelh\u00e4hnen<\/h2>\r\n\r\n\r\n\r\n<ul class=\"wp-block-list\">\r\n<li>Umweltfreundliche bleifreie Messingkonstruktion<\/li>\r\n<li>Voller Anschluss f\u00fcr ungehinderten Durchfluss<\/li>\r\n<li>Ausblassicherer Schaft<\/li>\r\n<li>Aktivierte PTFE-Kugelsitze f\u00fcr l\u00e4ngere Lebensdauer und geringeres Drehmoment<\/li>\r\n<li>Leckfreie Spindeldichtung aus dreifachem PTFE\/Viton<\/li>\r\n<li>Verriegelungsgriff (mit Vorh\u00e4ngeschloss abschlie\u00dfbar)<\/li>\r\n<li>F\u00fcr den Antrieb vorbereitetes ISO5211-Direktmontagepad<\/li>\r\n<\/ul>\r\n\r\n\r\n\r\n<h2 class=\"wp-block-heading\">Anwendungen von 1\/4\u2033 Messing-Kugelh\u00e4hnen<\/h2>\r\n\r\n\r\n\r\n<ul class=\"wp-block-list\">\r\n<li>Wasser (kein Dampf)<\/li>\r\n<li>Neutral<\/li>\r\n<li>Gasf\u00f6rmig und nicht aggressiv<\/li>\r\n<li>Fl\u00fcssige Medien<\/li>\r\n<li>Mineral\u00f6le<\/li>\r\n<li>Kraftstoff und Druckluft<\/li>\r\n<li>Vakuum (max. -0,9 bar)<\/li>\r\n<\/ul>","protected":false},"excerpt":{"rendered":"<p>Was ist ein 1\/4\u2033 Messingkugelhahn? Verwenden Sie diesen 1\/2\u2033 Messingkugelhahn von ZECO mit Gewindeanschl\u00fcssen, um den Durchfluss zu starten oder zu stoppen \u2026 <a title=\"1\/4\u2033 Messing-Kugelhahn\" class=\"read-more\" href=\"https:\/\/zecovalve.com\/de\/produkt\/1-4-brass-ball-valve\" aria-label=\"Mehr zu 1\/4\u2033 Brass Ball Valve\">Weiterlesen ...<\/a><\/p>","protected":false},"featured_media":19482,"comment_status":"closed","ping_status":"closed","template":"","meta":{"_generate-full-width-content":"","kt_blocks_editor_width":""},"product_cat":[2047,2461],"product_tag":[2802,2833],"class_list":["post-19864","product","type-product","status-publish","has-post-thumbnail","hentry","product_cat-ball-valve","product_cat-ball-valve-by-material","product_tag-ball-valve-price","product_tag-brass-ball-valve","sales-flash-overlay","woocommerce-text-align-center","woocommerce-image-align-center","do-quantity-buttons"],"featured_image_src_large":["https:\/\/zecovalve.com\/wp-content\/uploads\/2022\/07\/Globe-Valve-Check-Valve.jpg",800,600,false],"author_info":[],"comment_info":0,"taxonomy_info":{"product_cat":[{"value":2047,"label":"Ball Valve"},{"value":2461,"label":"Ball Valve By Material"}],"product_tag":[{"value":2802,"label":"Ball Valve Price"},{"value":2833,"label":"Brass Ball Valve"}]},"yoast_head":"<!-- This site is optimized with the Yoast SEO Premium plugin v15.4 - https:\/\/yoast.com\/wordpress\/plugins\/seo\/ -->\n<title>1\/4&quot; Brass Ball Valve - Competitive Ball Valve Price | ZECO Valve<\/title>\n<meta name=\"robots\" content=\"index, follow, max-snippet:-1, max-image-preview:large, max-video-preview:-1\" \/>\n<link rel=\"canonical\" href=\"https:\/\/zecovalve.com\/de\/produkt\/1-4-brass-ball-valve\" \/>\n<meta property=\"og:locale\" content=\"de_DE\" \/>\n<meta property=\"og:type\" content=\"article\" \/>\n<meta property=\"og:title\" content=\"1\/4&quot; Brass Ball Valve - Competitive Ball Valve Price | ZECO Valve\" \/>\n<meta property=\"og:description\" content=\"What is a 1\/4&#8243; Brass Ball Valve? Use this ZECO 1\/2&#8243; Brass Ball Valve with threaded connections to start or stop flow ... Weiterlesen ...\" \/>\n<meta property=\"og:url\" content=\"https:\/\/zecovalve.com\/de\/produkt\/1-4-brass-ball-valve\" \/>\n<meta property=\"og:site_name\" content=\"ZECO Valve\" \/>\n<meta property=\"article:modified_time\" content=\"2022-07-14T08:10:54+00:00\" \/>\n<meta property=\"og:image\" content=\"https:\/\/zecovalve.com\/wp-content\/uploads\/2022\/07\/Globe-Valve-Check-Valve.jpg\" \/>\n\t<meta property=\"og:image:width\" content=\"800\" \/>\n\t<meta property=\"og:image:height\" content=\"600\" \/>\n<meta name=\"twitter:card\" content=\"summary_large_image\" \/>\n<meta name=\"twitter:label1\" content=\"Verfasst von\">\n\t<meta name=\"twitter:data1\" content=\"Jerry\">\n\t<meta name=\"twitter:label2\" content=\"Gesch\u00e4tzte Lesezeit\">\n\t<meta name=\"twitter:data2\" content=\"1\u00a0Minute\">\n<script type=\"application\/ld+json\" class=\"yoast-schema-graph\">{\"@context\":\"https:\/\/schema.org\",\"@graph\":[{\"@type\":\"WebSite\",\"@id\":\"https:\/\/zecovalve.com\/#website\",\"url\":\"https:\/\/zecovalve.com\/\",\"name\":\"ZECO Valve\",\"description\":\"Industrial Ball Valve, Gate Valve and Globe Valve Manufacturer\",\"potentialAction\":[{\"@type\":\"SearchAction\",\"target\":\"https:\/\/zecovalve.com\/?s={search_term_string}\",\"query-input\":\"required name=search_term_string\"}],\"inLanguage\":\"de\"},{\"@type\":\"ImageObject\",\"@id\":\"https:\/\/zecovalve.com\/product\/1-4-brass-ball-valve#primaryimage\",\"inLanguage\":\"de\",\"url\":\"https:\/\/zecovalve.com\/wp-content\/uploads\/2022\/07\/Globe-Valve-Check-Valve.jpg\",\"width\":800,\"height\":600,\"caption\":\"Brass Ball Valve\"},{\"@type\":\"WebPage\",\"@id\":\"https:\/\/zecovalve.com\/product\/1-4-brass-ball-valve#webpage\",\"url\":\"https:\/\/zecovalve.com\/product\/1-4-brass-ball-valve\",\"name\":\"1\/4\\\" Brass Ball Valve - Competitive Ball Valve Price | ZECO Valve\",\"isPartOf\":{\"@id\":\"https:\/\/zecovalve.com\/#website\"},\"primaryImageOfPage\":{\"@id\":\"https:\/\/zecovalve.com\/product\/1-4-brass-ball-valve#primaryimage\"},\"datePublished\":\"2022-07-14T07:38:29+00:00\",\"dateModified\":\"2022-07-14T08:10:54+00:00\",\"breadcrumb\":{\"@id\":\"https:\/\/zecovalve.com\/product\/1-4-brass-ball-valve#breadcrumb\"},\"inLanguage\":\"de\",\"potentialAction\":[{\"@type\":\"ReadAction\",\"target\":[\"https:\/\/zecovalve.com\/product\/1-4-brass-ball-valve\"]}]},{\"@type\":\"BreadcrumbList\",\"@id\":\"https:\/\/zecovalve.com\/product\/1-4-brass-ball-valve#breadcrumb\",\"itemListElement\":[{\"@type\":\"ListItem\",\"position\":1,\"item\":{\"@type\":\"WebPage\",\"@id\":\"https:\/\/zecovalve.com\/\",\"url\":\"https:\/\/zecovalve.com\/\",\"name\":\"Home\"}},{\"@type\":\"ListItem\",\"position\":2,\"item\":{\"@type\":\"WebPage\",\"@id\":\"https:\/\/zecovalve.com\/product-category\",\"url\":\"https:\/\/zecovalve.com\/product-category\",\"name\":\"Industrial Valve Manufacturer | Water Valve Manufacturer\"}},{\"@type\":\"ListItem\",\"position\":3,\"item\":{\"@type\":\"WebPage\",\"@id\":\"https:\/\/zecovalve.com\/product\/1-4-brass-ball-valve\",\"url\":\"https:\/\/zecovalve.com\/product\/1-4-brass-ball-valve\",\"name\":\"1\/4&#8243; Brass Ball Valve\"}}]}]}<\/script>\n<!-- \/ Yoast SEO Premium plugin. -->","_links":{"self":[{"href":"https:\/\/zecovalve.com\/de\/wp-json\/wp\/v2\/product\/19864","targetHints":{"allow":["GET"]}}],"collection":[{"href":"https:\/\/zecovalve.com\/de\/wp-json\/wp\/v2\/product"}],"about":[{"href":"https:\/\/zecovalve.com\/de\/wp-json\/wp\/v2\/types\/product"}],"replies":[{"embeddable":true,"href":"https:\/\/zecovalve.com\/de\/wp-json\/wp\/v2\/comments?post=19864"}],"wp:featuredmedia":[{"embeddable":true,"href":"https:\/\/zecovalve.com\/de\/wp-json\/wp\/v2\/media\/19482"}],"wp:attachment":[{"href":"https:\/\/zecovalve.com\/de\/wp-json\/wp\/v2\/media?parent=19864"}],"wp:term":[{"taxonomy":"product_cat","embeddable":true,"href":"https:\/\/zecovalve.com\/de\/wp-json\/wp\/v2\/product_cat?post=19864"},{"taxonomy":"product_tag","embeddable":true,"href":"https:\/\/zecovalve.com\/de\/wp-json\/wp\/v2\/product_tag?post=19864"}],"curies":[{"name":"wp","href":"https:\/\/api.w.org\/{rel}","templated":true}]}}