{"id":19868,"date":"2022-07-15T03:28:56","date_gmt":"2022-07-15T03:28:56","guid":{"rendered":"https:\/\/zecovalve.com\/?post_type=product&#038;p=19868"},"modified":"2022-10-31T05:45:45","modified_gmt":"2022-10-31T05:45:45","slug":"1-inch-ball-valve","status":"publish","type":"product","link":"https:\/\/zecovalve.com\/de\/produkt\/1-inch-ball-valve","title":{"rendered":"1 Zoll Kugelhahn"},"content":{"rendered":"<div class=\"wp-block-columns is-layout-flex wp-container-core-columns-is-layout-9d6595d7 wp-block-columns-is-layout-flex\">\r\n<div class=\"wp-block-column is-layout-flow wp-block-column-is-layout-flow\"><div class=\"wp-block-image\">\r\n<figure class=\"aligncenter size-full is-resized\"><img loading=\"lazy\" decoding=\"async\" class=\"wp-image-19482\" src=\"https:\/\/zecovalve.com\/wp-content\/uploads\/2022\/07\/Globe-Valve-Check-Valve.jpg\" alt=\"Kugelhahn aus Messing\" width=\"400\" height=\"300\" srcset=\"https:\/\/zecovalve.com\/wp-content\/uploads\/2022\/07\/Globe-Valve-Check-Valve.jpg 800w, https:\/\/zecovalve.com\/wp-content\/uploads\/2022\/07\/Globe-Valve-Check-Valve-300x225.jpg 300w, https:\/\/zecovalve.com\/wp-content\/uploads\/2022\/07\/Globe-Valve-Check-Valve-768x576.jpg 768w, https:\/\/zecovalve.com\/wp-content\/uploads\/2022\/07\/Globe-Valve-Check-Valve-600x450.jpg 600w\" sizes=\"auto, (max-width: 400px) 100vw, 400px\" \/><\/figure>\r\n<\/div><\/div>\r\n\r\n\r\n\r\n<div class=\"wp-block-column is-layout-flow wp-block-column-is-layout-flow\"><div class=\"wp-block-image\">\r\n<figure class=\"aligncenter size-full is-resized\"><img loading=\"lazy\" decoding=\"async\" class=\"wp-image-19544\" src=\"https:\/\/zecovalve.com\/wp-content\/uploads\/2022\/07\/3-WAY-BALL-VALVE-T-L-TYPE.png\" alt=\"3-Wege-Kugelhahn\" width=\"400\" height=\"300\" \/><\/figure>\r\n<\/div><\/div>\r\n\r\n\r\n\r\n<div class=\"wp-block-column is-layout-flow wp-block-column-is-layout-flow\"><div class=\"wp-block-image\">\r\n<figure class=\"aligncenter size-full is-resized\"><img loading=\"lazy\" decoding=\"async\" class=\"wp-image-17821\" src=\"https:\/\/zecovalve.com\/wp-content\/uploads\/2022\/06\/3-pc-ball-valve.jpg\" alt=\"\" width=\"400\" height=\"400\" srcset=\"https:\/\/zecovalve.com\/wp-content\/uploads\/2022\/06\/3-pc-ball-valve.jpg 600w, https:\/\/zecovalve.com\/wp-content\/uploads\/2022\/06\/3-pc-ball-valve-300x300.jpg 300w, https:\/\/zecovalve.com\/wp-content\/uploads\/2022\/06\/3-pc-ball-valve-150x150.jpg 150w, https:\/\/zecovalve.com\/wp-content\/uploads\/2022\/06\/3-pc-ball-valve-400x400.jpg 400w, https:\/\/zecovalve.com\/wp-content\/uploads\/2022\/06\/3-pc-ball-valve-100x100.jpg 100w\" sizes=\"auto, (max-width: 400px) 100vw, 400px\" \/><\/figure>\r\n<\/div><\/div>\r\n<\/div>\r\n\r\n\r\n<div class=\"gb-button-wrapper gb-button-wrapper-6d8495a3\">\r\n\r\n\r\n<p><a class=\"gb-button gb-button-3d442e11 gb-button-text\" href=\"mailto:commercial@zecovalve.com\" target=\"_blank\" rel=\"noopener noreferrer\"><strong>GET 1 Zoll KUGELVENTIL PREIS<\/strong><\/a><\/p>\r\n<\/div>\r\n\r\n\r\n\r\n\r\n<h2 class=\"wp-block-heading\" id=\"h-what-is-a-1-inch-ball-valve\">Was ist ein 1-Zoll-Kugelhahn?<\/h2>\r\n\r\n\r\n\r\n<p>Unsere 1-Zoll-Kugelh\u00e4hne werden direkt von unserem Hauptsitz in Yancheng entwickelt, hergestellt und vertrieben.<\/p>\r\n\r\n\r\n\r\n<p>Zweiteiliges Messinggeh\u00e4use mit Standardanschluss und Kugel und Spindel aus Edelstahl 316. Dichtungen und Spindeldichtungen sind aus glasfaserverst\u00e4rktem P.T.F.E. (Teflon\u00ae). Die Rohranschl\u00fcsse sind NPT (National Pipe Taper) Innengewinde. Temperaturbereich -50\u00b0F bis 450\u00b0F (-45,5\u00b0C bis (232,2\u00b0C). Nenndruck des Ventilgeh\u00e4uses 720 psi C.W.P. (Cold Working Pressure), maximaler Differenzdruck 400 psi (siehe auch Differenzdruck-Temperaturdiagramm), Sattdampf 150 PSI und ein Vakuum von 20 Mikron. Selbstkompensierende Spindeldichtungskonstruktion.<\/p>\r\n\r\n\r\n\r\n<h2 class=\"wp-block-heading\">Allgemeiner Standard f\u00fcr 1-Zoll-Kugelhahn<\/h2>\r\n\r\n\r\n\r\n<figure class=\"wp-block-table is-style-stripes\">\r\n<table>\r\n<tbody>\r\n<tr>\r\n<td>Gestaltung<\/td>\r\n<td>BS 5351, ASME B16.34, ISO 17292, API 6D, API 608<\/td>\r\n<\/tr>\r\n<tr>\r\n<td>Oberer Flansch<\/td>\r\n<td>ISO 5211<\/td>\r\n<\/tr>\r\n<tr>\r\n<td>Feuersicher<\/td>\r\n<td>API 6FA, API 607, ISO 10497, BS 6755<\/td>\r\n<\/tr>\r\n<tr>\r\n<td>Druckpr\u00fcfung<\/td>\r\n<td>API 598, ISO 5208, API 6D<\/td>\r\n<\/tr>\r\n<tr>\r\n<td>Von Angesicht zu Angesicht<\/td>\r\n<td>ASME B16.10, API 6D<\/td>\r\n<\/tr>\r\n<tr>\r\n<td>Endverbindung<\/td>\r\n<td>RF, RTJ gem\u00e4\u00df ASME B16.5, <br \/>SW nach ASME B16.11, <br \/>BW gem\u00e4\u00df ASME B16.25, <br \/>NPT nach ASME B1.20.1, <br \/>BSPP nach BS21, ISO 228\/1, DIN 259, <br \/>BSPT gem\u00e4\u00df BS21, ISO 7\/1<\/td>\r\n<\/tr>\r\n<\/tbody>\r\n<\/table>\r\n<\/figure>\r\n\r\n\r\n\r\n<h2 class=\"wp-block-heading\">Spezifikationen f\u00fcr 1-Zoll-Kugelh\u00e4hne<\/h2>\r\n\r\n\r\n\r\n<figure class=\"wp-block-table is-style-stripes\">\r\n<table>\r\n<tbody>\r\n<tr>\r\n<td>Ventil Typ<\/td>\r\n<td>Zwei-Wege \/ 3-Wege<\/td>\r\n<\/tr>\r\n<tr>\r\n<td>Ventil Stil<\/td>\r\n<td>Zweiteiliges Geh\u00e4use \/ Dreiteiliges Geh\u00e4use - Standardanschluss \/ Reduzierter Anschluss<\/td>\r\n<\/tr>\r\n<tr>\r\n<td>Ventilanschluss Gr\u00f6\u00dfe<\/td>\r\n<td>1\u2033 NPT-Innengewinde \/ RF \/ RTJ \/ SW \/ BW<\/td>\r\n<\/tr>\r\n<tr>\r\n<td>Ventilanschlussgr\u00f6\u00dfe<\/td>\r\n<td>0.80<\/td>\r\n<\/tr>\r\n<tr>\r\n<td>Werkstoff Ventilgeh\u00e4use<\/td>\r\n<td>Messing \/ Edelstahl \/ Kohlenstoffstahl \/ Schmiedestahl<\/td>\r\n<\/tr>\r\n<tr>\r\n<td>Material der Ventilkugel und -spindel<\/td>\r\n<td>Messing\/Edelstahl\/Schmiedestahl<\/td>\r\n<\/tr>\r\n<tr>\r\n<td>Material der Ventildichtung<\/td>\r\n<td>P.T.F.E. (glasgef\u00fclltes, verst\u00e4rktes Teflon\u00ae) \/ DEVLON \/ PEEK<\/td>\r\n<\/tr>\r\n<tr>\r\n<td>Temperaturbereich des Ventils<\/td>\r\n<td>-50\u00b0F bis 450\u00b0F (-45,5\u00b0C bis 232,2\u00b0C)<\/td>\r\n<\/tr>\r\n<tr>\r\n<td>Druckstufe des Ventils<\/td>\r\n<td>KLASSE 150 - KLASSE 2500<\/td>\r\n<\/tr>\r\n<tr>\r\n<td>Ventil-Vakuumwert<\/td>\r\n<td>20 Mikron<\/td>\r\n<\/tr>\r\n<tr>\r\n<td>Ventilbet\u00e4tiger Typ<\/td>\r\n<td>Hebelgriff \/ ELEKTRISCH \/ PNEUMATISCH<\/td>\r\n<\/tr>\r\n<\/tbody>\r\n<\/table>\r\n<\/figure>\r\n\r\n\r\n\r\n<h2 class=\"wp-block-heading\">1-Zoll-Kugelhahn Abmessungen<\/h2>\r\n\r\n\r\n\r\n<figure class=\"wp-block-table\">\r\n<table>\r\n<tbody>\r\n<tr>\r\n<td class=\"has-text-align-center\" data-align=\"center\">Zoll<\/td>\r\n<td class=\"has-text-align-center\" data-align=\"center\">L-Klasse 150<\/td>\r\n<td class=\"has-text-align-center\" data-align=\"center\">L-Klasse 300<\/td>\r\n<td class=\"has-text-align-center\" data-align=\"center\">L-Klasse 600<\/td>\r\n<td class=\"has-text-align-center\" data-align=\"center\">L-Klasse 800<\/td>\r\n<\/tr>\r\n<tr>\r\n<td class=\"has-text-align-center\" data-align=\"center\">1\u2033<\/td>\r\n<td class=\"has-text-align-center\" data-align=\"center\">127<\/td>\r\n<td class=\"has-text-align-center\" data-align=\"center\">165<\/td>\r\n<td class=\"has-text-align-center\" data-align=\"center\">216<\/td>\r\n<td class=\"has-text-align-center\" data-align=\"center\">110<\/td>\r\n<\/tr>\r\n<\/tbody>\r\n<\/table>\r\n<\/figure>\r\n\r\n\r\n\r\n<h2 class=\"wp-block-heading\">Geh\u00e4usekonstruktionen von Ein-Zoll-Kugelh\u00e4hnen<\/h2>\r\n\r\n\r\n\r\n<ul class=\"wp-block-list\">\r\n<li>Schwebender Ball<\/li>\r\n<li>Gef\u00fchrter Ball<\/li>\r\n<li>Geteilte Karosserie 2-3 St\u00fcck oder 1 St\u00fcck (Seiteneingang)<\/li>\r\n<li>Bidirektional<\/li>\r\n<li>Ausblassicherer Vorbau<\/li>\r\n<li>Antiestatische St\u00e4ngel<\/li>\r\n<li>Selbstnachstellende Packung \/ Wartungsfrei<\/li>\r\n<li>Standardkonstruktion Feuertresor<\/li>\r\n<li>Self Cavity Druckentlastung<\/li>\r\n<li>Emissionsarmes Design<\/li>\r\n<\/ul>\r\n\r\n\r\n\r\n<h2 class=\"wp-block-heading\">Vorteile von Ein-Zoll-Kugelh\u00e4hnen<\/h2>\r\n\r\n\r\n\r\n<ul class=\"wp-block-list\">\r\n<li>Spindel-Konfiguration: Ausblassicher<\/li>\r\n<li>Anschl\u00e4ge am K\u00f6rper, um Spannungen am Schaft zu vermeiden<\/li>\r\n<li>24h 100% Dichtungstest garantiert<\/li>\r\n<li>Keine beweglichen Teile, die Metall auf Metall treffen<\/li>\r\n<li>Es ist nie eine Wartung erforderlich<\/li>\r\n<\/ul>\r\n\r\n\r\n\r\n<h2 class=\"wp-block-heading\">Anwendungen von 1-Zoll-Kugelh\u00e4hnen<\/h2>\r\n\r\n\r\n\r\n<p>ZECO 1-Zoll-Kugelh\u00e4hne mit vollem Durchgang eignen sich f\u00fcr eine breite Palette von Fl\u00fcssigkeiten und Gasen in privaten und gewerblichen Anwendungen.<\/p>","protected":false},"excerpt":{"rendered":"<p>Was ist ein 1-Zoll-Kugelhahn? Unsere 1-Zoll-Kugelh\u00e4hne werden direkt von unserem Hauptsitz in Yancheng aus entwickelt, hergestellt und vertrieben. \u2026 <a title=\"1 Zoll Kugelhahn\" class=\"read-more\" href=\"https:\/\/zecovalve.com\/de\/produkt\/1-inch-ball-valve\" aria-label=\"Mehr zu 1 Zoll Kugelhahn\">Weiterlesen ...<\/a><\/p>","protected":false},"featured_media":17821,"comment_status":"closed","ping_status":"closed","template":"","meta":{"_generate-full-width-content":"","kt_blocks_editor_width":""},"product_cat":[2047,2462],"product_tag":[3054,3254,2833,3244,2832],"class_list":["post-19868","product","type-product","status-publish","has-post-thumbnail","hentry","product_cat-ball-valve","product_cat-ball-valve-by-size","product_tag-1-ball-valve","product_tag-ball-valve-stainless-steel","product_tag-brass-ball-valve","product_tag-stainless-ball-valve","product_tag-stainless-steel-ball-valve","sales-flash-overlay","woocommerce-text-align-center","woocommerce-image-align-center","do-quantity-buttons"],"featured_image_src_large":["https:\/\/zecovalve.com\/wp-content\/uploads\/2022\/06\/3-pc-ball-valve.jpg",600,600,false],"author_info":[],"comment_info":0,"taxonomy_info":{"product_cat":[{"value":2047,"label":"Ball Valve"},{"value":2462,"label":"Ball Valve By Size"}],"product_tag":[{"value":3054,"label":"1\" Ball Valve"},{"value":3254,"label":"Ball Valve Stainless Steel"},{"value":2833,"label":"Brass Ball Valve"},{"value":3244,"label":"Stainless Ball Valve"},{"value":2832,"label":"Stainless Steel Ball Valve"}]},"yoast_head":"<!-- This site is optimized with the Yoast SEO Premium plugin v15.4 - https:\/\/yoast.com\/wordpress\/plugins\/seo\/ -->\n<title>1&quot; Ball Valve | 1 inch Stainless Steel Ball Valve &amp; Brass Ball Valve - ZECO<\/title>\n<meta name=\"robots\" content=\"index, follow, max-snippet:-1, max-image-preview:large, max-video-preview:-1\" \/>\n<link rel=\"canonical\" href=\"https:\/\/zecovalve.com\/de\/produkt\/1-inch-ball-valve\" \/>\n<meta property=\"og:locale\" content=\"de_DE\" \/>\n<meta property=\"og:type\" content=\"article\" \/>\n<meta property=\"og:title\" content=\"1&quot; Ball Valve | 1 inch Stainless Steel Ball Valve &amp; Brass Ball Valve - ZECO\" \/>\n<meta property=\"og:description\" content=\"What is a 1 inch Ball Valve? Our 1 inch ball valves are designed, manufactured, and distributed directly from our Yancheng headquarters. ... Weiterlesen ...\" \/>\n<meta property=\"og:url\" content=\"https:\/\/zecovalve.com\/de\/produkt\/1-inch-ball-valve\" \/>\n<meta property=\"og:site_name\" content=\"ZECO Valve\" \/>\n<meta property=\"article:modified_time\" content=\"2022-10-31T05:45:45+00:00\" \/>\n<meta property=\"og:image\" content=\"https:\/\/zecovalve.com\/wp-content\/uploads\/2022\/06\/3-pc-ball-valve.jpg\" \/>\n\t<meta property=\"og:image:width\" content=\"600\" \/>\n\t<meta property=\"og:image:height\" content=\"600\" \/>\n<meta name=\"twitter:card\" content=\"summary_large_image\" \/>\n<meta name=\"twitter:label1\" content=\"Verfasst von\">\n\t<meta name=\"twitter:data1\" content=\"Jerry\">\n\t<meta name=\"twitter:label2\" content=\"Gesch\u00e4tzte Lesezeit\">\n\t<meta name=\"twitter:data2\" content=\"2\u00a0Minuten\">\n<script type=\"application\/ld+json\" class=\"yoast-schema-graph\">{\"@context\":\"https:\/\/schema.org\",\"@graph\":[{\"@type\":\"WebSite\",\"@id\":\"https:\/\/zecovalve.com\/#website\",\"url\":\"https:\/\/zecovalve.com\/\",\"name\":\"ZECO Valve\",\"description\":\"Industrial Ball Valve, Gate Valve and Globe Valve Manufacturer\",\"potentialAction\":[{\"@type\":\"SearchAction\",\"target\":\"https:\/\/zecovalve.com\/?s={search_term_string}\",\"query-input\":\"required name=search_term_string\"}],\"inLanguage\":\"de\"},{\"@type\":\"ImageObject\",\"@id\":\"https:\/\/zecovalve.com\/product\/1-inch-ball-valve#primaryimage\",\"inLanguage\":\"de\",\"url\":\"https:\/\/zecovalve.com\/wp-content\/uploads\/2022\/06\/3-pc-ball-valve.jpg\",\"width\":600,\"height\":600},{\"@type\":\"WebPage\",\"@id\":\"https:\/\/zecovalve.com\/product\/1-inch-ball-valve#webpage\",\"url\":\"https:\/\/zecovalve.com\/product\/1-inch-ball-valve\",\"name\":\"1\\\" Ball Valve | 1 inch Stainless Steel Ball Valve & Brass Ball Valve - ZECO\",\"isPartOf\":{\"@id\":\"https:\/\/zecovalve.com\/#website\"},\"primaryImageOfPage\":{\"@id\":\"https:\/\/zecovalve.com\/product\/1-inch-ball-valve#primaryimage\"},\"datePublished\":\"2022-07-15T03:28:56+00:00\",\"dateModified\":\"2022-10-31T05:45:45+00:00\",\"breadcrumb\":{\"@id\":\"https:\/\/zecovalve.com\/product\/1-inch-ball-valve#breadcrumb\"},\"inLanguage\":\"de\",\"potentialAction\":[{\"@type\":\"ReadAction\",\"target\":[\"https:\/\/zecovalve.com\/product\/1-inch-ball-valve\"]}]},{\"@type\":\"BreadcrumbList\",\"@id\":\"https:\/\/zecovalve.com\/product\/1-inch-ball-valve#breadcrumb\",\"itemListElement\":[{\"@type\":\"ListItem\",\"position\":1,\"item\":{\"@type\":\"WebPage\",\"@id\":\"https:\/\/zecovalve.com\/\",\"url\":\"https:\/\/zecovalve.com\/\",\"name\":\"Home\"}},{\"@type\":\"ListItem\",\"position\":2,\"item\":{\"@type\":\"WebPage\",\"@id\":\"https:\/\/zecovalve.com\/product-category\",\"url\":\"https:\/\/zecovalve.com\/product-category\",\"name\":\"Industrial Valve Manufacturer | Water Valve Manufacturer\"}},{\"@type\":\"ListItem\",\"position\":3,\"item\":{\"@type\":\"WebPage\",\"@id\":\"https:\/\/zecovalve.com\/product\/1-inch-ball-valve\",\"url\":\"https:\/\/zecovalve.com\/product\/1-inch-ball-valve\",\"name\":\"1 inch Ball Valve\"}}]}]}<\/script>\n<!-- \/ Yoast SEO Premium plugin. -->","_links":{"self":[{"href":"https:\/\/zecovalve.com\/de\/wp-json\/wp\/v2\/product\/19868","targetHints":{"allow":["GET"]}}],"collection":[{"href":"https:\/\/zecovalve.com\/de\/wp-json\/wp\/v2\/product"}],"about":[{"href":"https:\/\/zecovalve.com\/de\/wp-json\/wp\/v2\/types\/product"}],"replies":[{"embeddable":true,"href":"https:\/\/zecovalve.com\/de\/wp-json\/wp\/v2\/comments?post=19868"}],"wp:featuredmedia":[{"embeddable":true,"href":"https:\/\/zecovalve.com\/de\/wp-json\/wp\/v2\/media\/17821"}],"wp:attachment":[{"href":"https:\/\/zecovalve.com\/de\/wp-json\/wp\/v2\/media?parent=19868"}],"wp:term":[{"taxonomy":"product_cat","embeddable":true,"href":"https:\/\/zecovalve.com\/de\/wp-json\/wp\/v2\/product_cat?post=19868"},{"taxonomy":"product_tag","embeddable":true,"href":"https:\/\/zecovalve.com\/de\/wp-json\/wp\/v2\/product_tag?post=19868"}],"curies":[{"name":"wp","href":"https:\/\/api.w.org\/{rel}","templated":true}]}}