{"id":19871,"date":"2022-07-15T05:56:20","date_gmt":"2022-07-15T05:56:20","guid":{"rendered":"https:\/\/zecovalve.com\/?post_type=product&#038;p=19871"},"modified":"2022-09-07T02:14:59","modified_gmt":"2022-09-07T02:14:59","slug":"1-stainless-steel-ball-valve","status":"publish","type":"product","link":"https:\/\/zecovalve.com\/de\/produkt\/1-stainless-steel-ball-valve","title":{"rendered":"1\u2033 Edelstahl-Kugelhahn"},"content":{"rendered":"<figure class=\"wp-block-image size-full is-resized\"><img loading=\"lazy\" decoding=\"async\" class=\"wp-image-19872\" src=\"https:\/\/zecovalve.com\/wp-content\/uploads\/2022\/07\/1-stainless-steel-ball-valve.jpg\" alt=\"\" width=\"250\" height=\"205\" srcset=\"https:\/\/zecovalve.com\/wp-content\/uploads\/2022\/07\/1-stainless-steel-ball-valve.jpg 1000w, https:\/\/zecovalve.com\/wp-content\/uploads\/2022\/07\/1-stainless-steel-ball-valve-300x246.jpg 300w, https:\/\/zecovalve.com\/wp-content\/uploads\/2022\/07\/1-stainless-steel-ball-valve-768x631.jpg 768w, https:\/\/zecovalve.com\/wp-content\/uploads\/2022\/07\/1-stainless-steel-ball-valve-600x493.jpg 600w\" sizes=\"auto, (max-width: 250px) 100vw, 250px\" \/><\/figure>\r\n\r\n\r\n<div class=\"gb-button-wrapper gb-button-wrapper-6d8495a3\">\r\n\r\n\r\n<p><a class=\"gb-button gb-button-3d442e11 gb-button-text\" href=\"https:\/\/zecovalve.com\/de\/contact\/\" target=\"_blank\" rel=\"noopener noreferrer\"><strong>1\u2033-EDELSTAHL-KUGELHAHN PREIS ERHALTEN<\/strong><\/a><\/p>\r\n<\/div>\r\n\r\n\r\n\r\n\r\n<h2 class=\"wp-block-heading\" id=\"h-what-is-a-1-stainless-steel-ball-valve\">Was ist ein 1\u2033-Edelstahlkugelhahn?<\/h2>\r\n\r\n\r\n\r\n<p>1\u2033-Edelstahl-Kugelhahn ist f\u00fcr h\u00f6here Korrosionsbest\u00e4ndigkeit als Messing und Kupfer gemacht.<\/p>\r\n\r\n\r\n\r\n<h2 class=\"wp-block-heading\">Material von 1-Zoll-Edelstahl-Kugelh\u00e4hnen<\/h2>\r\n\r\n\r\n\r\n<ul class=\"wp-block-list\">\r\n<li>Geh\u00e4use und Deckel - ASTM A351-CF8M\/ASTM A216-WCB<\/li>\r\n<li>Kugel - ASTM A351-CF8M<\/li>\r\n<li>Vorbau - ASTM A276-316<\/li>\r\n<li>Stopfbuchse - AISI 304<\/li>\r\n<li>Sitz - PTFE\/RTFE<\/li>\r\n<li>Dichtung, Packung und Druckscheibe - PTFE<\/li>\r\n<li>Federscheibe und Mutter - AISI 304<\/li>\r\n<li>Griff und Verriegelungsvorrichtung - Edelstahl<\/li>\r\n<li>Griffh\u00fclse - PVC<\/li>\r\n<\/ul>\r\n\r\n\r\n\r\n<h2 class=\"wp-block-heading\">Spezifikationen f\u00fcr 1-Zoll-Edelstahl-Kugelhahn<\/h2>\r\n\r\n\r\n\r\n<figure class=\"wp-block-table is-style-stripes\">\r\n<table>\r\n<tbody>\r\n<tr>\r\n<td>Handgriff Typ<\/td>\r\n<td>LEVER<\/td>\r\n<\/tr>\r\n<tr>\r\n<td>Material<\/td>\r\n<td>Rostfreier Stahl<\/td>\r\n<\/tr>\r\n<tr>\r\n<td>Gewindetyp<\/td>\r\n<td>ASME B1.20.1 (NPT) DIN2999 und BS21 ISO7\/1 und EN10226\u2033.<\/td>\r\n<\/tr>\r\n<tr>\r\n<td>Maximaler Arbeitsdruck<\/td>\r\n<td>1000 PSI<\/td>\r\n<\/tr>\r\n<tr>\r\n<td>Maximale Arbeitstemperatur<\/td>\r\n<td>300 Grad Fahrenheit<\/td>\r\n<\/tr>\r\n<tr>\r\n<td>Produkttyp<\/td>\r\n<td>Kugelh\u00e4hne<\/td>\r\n<\/tr>\r\n<tr>\r\n<td>Ventilkonstruktion<\/td>\r\n<td>Zweiteilig<\/td>\r\n<\/tr>\r\n<tr>\r\n<td>Gr\u00f6\u00dfe<\/td>\r\n<td>1 Zoll<\/td>\r\n<\/tr>\r\n<\/tbody>\r\n<\/table>\r\n<\/figure>\r\n\r\n\r\n\r\n<h2 class=\"wp-block-heading\">Vorteile von 1\u2033-Edelstahl-Kugelh\u00e4hnen<\/h2>\r\n\r\n\r\n\r\n<ul class=\"wp-block-list\">\r\n<li>Inline-Kugelhahn aus Edelstahl von Homewerks<\/li>\r\n<li>Langlebiges, zweiteiliges Edelstahlgeh\u00e4use mit ausblassicherem Schaft<\/li>\r\n<li>Erf\u00fcllt die Normen f\u00fcr bleifreies Wasser und Trinkwasser<\/li>\r\n<li>FIP x FIP-Verbindungen<\/li>\r\n<li>Hebelgriff mit Griff f\u00fcr einfache Bedienung mit einer Vierteldrehung<\/li>\r\n<li>Dieses Ventil ist nicht dazu bestimmt, den Wasserfluss zu drosseln - es darf nur in vollst\u00e4ndig ge\u00f6ffneter oder vollst\u00e4ndig geschlossener Position verwendet werden.<\/li>\r\n<li>100% auf Dichtheit gepr\u00fcft<\/li>\r\n<li>Maximaler Druck 150 PSI f\u00fcr Luft oder Gas<\/li>\r\n<\/ul>\r\n\r\n\r\n\r\n<h2 class=\"wp-block-heading\">Anwendungen von 1\u2033-Edelstahl-Kugelh\u00e4hnen<\/h2>\r\n\r\n\r\n\r\n<p>1\u2033-Edelstahlkugelh\u00e4hne eignen sich gut f\u00fcr Anwendungen wie Wasser, \u00d6l, Gas\/Luft, leichte Laugen, S\u00e4uren, Biodiesel, Kraftstoffe und Alkohol, ohne darauf beschr\u00e4nkt zu sein.<\/p>","protected":false},"excerpt":{"rendered":"<p>Was ist ein 1-Zoll-Kugelhahn aus Edelstahl? Ein 1-Zoll-Kugelhahn aus Edelstahl ist korrosionsbest\u00e4ndiger als Messing und \u2026 <a title=\"1\u2033-Edelstahl-Kugelhahn\" class=\"read-more\" href=\"https:\/\/zecovalve.com\/de\/produkt\/1-stainless-steel-ball-valve\" aria-label=\"Mehr zu 1\u2033-Edelstahl-Kugelhahn\">Weiterlesen ...<\/a><\/p>","protected":false},"featured_media":19872,"comment_status":"closed","ping_status":"closed","template":"","meta":{"_generate-full-width-content":"","kt_blocks_editor_width":""},"product_cat":[2047,2462],"product_tag":[3054,2802,3254,3244,2832],"class_list":["post-19871","product","type-product","status-publish","has-post-thumbnail","hentry","product_cat-ball-valve","product_cat-ball-valve-by-size","product_tag-1-ball-valve","product_tag-ball-valve-price","product_tag-ball-valve-stainless-steel","product_tag-stainless-ball-valve","product_tag-stainless-steel-ball-valve","sales-flash-overlay","woocommerce-text-align-center","woocommerce-image-align-center","do-quantity-buttons"],"featured_image_src_large":["https:\/\/zecovalve.com\/wp-content\/uploads\/2022\/07\/1-stainless-steel-ball-valve.jpg",1000,821,false],"author_info":[],"comment_info":0,"taxonomy_info":{"product_cat":[{"value":2047,"label":"Ball Valve"},{"value":2462,"label":"Ball Valve By Size"}],"product_tag":[{"value":3054,"label":"1\" Ball Valve"},{"value":2802,"label":"Ball Valve Price"},{"value":3254,"label":"Ball Valve Stainless Steel"},{"value":3244,"label":"Stainless Ball Valve"},{"value":2832,"label":"Stainless Steel Ball Valve"}]},"yoast_head":"<!-- This site is optimized with the Yoast SEO Premium plugin v15.4 - https:\/\/yoast.com\/wordpress\/plugins\/seo\/ -->\n<title>1&quot; Stainless Steel Ball Valve - Competitive Ball Valve Price | ZECO Valve<\/title>\n<meta name=\"robots\" content=\"index, follow, max-snippet:-1, max-image-preview:large, max-video-preview:-1\" \/>\n<link rel=\"canonical\" href=\"https:\/\/zecovalve.com\/de\/produkt\/1-stainless-steel-ball-valve\" \/>\n<meta property=\"og:locale\" content=\"de_DE\" \/>\n<meta property=\"og:type\" content=\"article\" \/>\n<meta property=\"og:title\" content=\"1&quot; Stainless Steel Ball Valve - Competitive Ball Valve Price | ZECO Valve\" \/>\n<meta property=\"og:description\" content=\"What is a 1&#8243; Stainless Steel Ball Valve? 1&#8243; stainless steel ball valve is made for higher corrosion resistance than brass and ... Weiterlesen ...\" \/>\n<meta property=\"og:url\" content=\"https:\/\/zecovalve.com\/de\/produkt\/1-stainless-steel-ball-valve\" \/>\n<meta property=\"og:site_name\" content=\"ZECO Valve\" \/>\n<meta property=\"article:modified_time\" content=\"2022-09-07T02:14:59+00:00\" \/>\n<meta property=\"og:image\" content=\"https:\/\/zecovalve.com\/wp-content\/uploads\/2022\/07\/1-stainless-steel-ball-valve.jpg\" \/>\n\t<meta property=\"og:image:width\" content=\"1000\" \/>\n\t<meta property=\"og:image:height\" content=\"821\" \/>\n<meta name=\"twitter:card\" content=\"summary_large_image\" \/>\n<meta name=\"twitter:label1\" content=\"Verfasst von\">\n\t<meta name=\"twitter:data1\" content=\"Jerry\">\n\t<meta name=\"twitter:label2\" content=\"Gesch\u00e4tzte Lesezeit\">\n\t<meta name=\"twitter:data2\" content=\"1\u00a0Minute\">\n<script type=\"application\/ld+json\" class=\"yoast-schema-graph\">{\"@context\":\"https:\/\/schema.org\",\"@graph\":[{\"@type\":\"WebSite\",\"@id\":\"https:\/\/zecovalve.com\/#website\",\"url\":\"https:\/\/zecovalve.com\/\",\"name\":\"ZECO Valve\",\"description\":\"Industrial Ball Valve, Gate Valve and Globe Valve Manufacturer\",\"potentialAction\":[{\"@type\":\"SearchAction\",\"target\":\"https:\/\/zecovalve.com\/?s={search_term_string}\",\"query-input\":\"required name=search_term_string\"}],\"inLanguage\":\"de\"},{\"@type\":\"ImageObject\",\"@id\":\"https:\/\/zecovalve.com\/product\/1-stainless-steel-ball-valve#primaryimage\",\"inLanguage\":\"de\",\"url\":\"https:\/\/zecovalve.com\/wp-content\/uploads\/2022\/07\/1-stainless-steel-ball-valve.jpg\",\"width\":1000,\"height\":821},{\"@type\":\"WebPage\",\"@id\":\"https:\/\/zecovalve.com\/product\/1-stainless-steel-ball-valve#webpage\",\"url\":\"https:\/\/zecovalve.com\/product\/1-stainless-steel-ball-valve\",\"name\":\"1\\\" Stainless Steel Ball Valve - Competitive Ball Valve Price | ZECO Valve\",\"isPartOf\":{\"@id\":\"https:\/\/zecovalve.com\/#website\"},\"primaryImageOfPage\":{\"@id\":\"https:\/\/zecovalve.com\/product\/1-stainless-steel-ball-valve#primaryimage\"},\"datePublished\":\"2022-07-15T05:56:20+00:00\",\"dateModified\":\"2022-09-07T02:14:59+00:00\",\"breadcrumb\":{\"@id\":\"https:\/\/zecovalve.com\/product\/1-stainless-steel-ball-valve#breadcrumb\"},\"inLanguage\":\"de\",\"potentialAction\":[{\"@type\":\"ReadAction\",\"target\":[\"https:\/\/zecovalve.com\/product\/1-stainless-steel-ball-valve\"]}]},{\"@type\":\"BreadcrumbList\",\"@id\":\"https:\/\/zecovalve.com\/product\/1-stainless-steel-ball-valve#breadcrumb\",\"itemListElement\":[{\"@type\":\"ListItem\",\"position\":1,\"item\":{\"@type\":\"WebPage\",\"@id\":\"https:\/\/zecovalve.com\/\",\"url\":\"https:\/\/zecovalve.com\/\",\"name\":\"Home\"}},{\"@type\":\"ListItem\",\"position\":2,\"item\":{\"@type\":\"WebPage\",\"@id\":\"https:\/\/zecovalve.com\/product-category\",\"url\":\"https:\/\/zecovalve.com\/product-category\",\"name\":\"Industrial Valve Manufacturer | Water Valve Manufacturer\"}},{\"@type\":\"ListItem\",\"position\":3,\"item\":{\"@type\":\"WebPage\",\"@id\":\"https:\/\/zecovalve.com\/product\/1-stainless-steel-ball-valve\",\"url\":\"https:\/\/zecovalve.com\/product\/1-stainless-steel-ball-valve\",\"name\":\"1&#8243; Stainless Steel Ball Valve\"}}]}]}<\/script>\n<!-- \/ Yoast SEO Premium plugin. -->","_links":{"self":[{"href":"https:\/\/zecovalve.com\/de\/wp-json\/wp\/v2\/product\/19871","targetHints":{"allow":["GET"]}}],"collection":[{"href":"https:\/\/zecovalve.com\/de\/wp-json\/wp\/v2\/product"}],"about":[{"href":"https:\/\/zecovalve.com\/de\/wp-json\/wp\/v2\/types\/product"}],"replies":[{"embeddable":true,"href":"https:\/\/zecovalve.com\/de\/wp-json\/wp\/v2\/comments?post=19871"}],"wp:featuredmedia":[{"embeddable":true,"href":"https:\/\/zecovalve.com\/de\/wp-json\/wp\/v2\/media\/19872"}],"wp:attachment":[{"href":"https:\/\/zecovalve.com\/de\/wp-json\/wp\/v2\/media?parent=19871"}],"wp:term":[{"taxonomy":"product_cat","embeddable":true,"href":"https:\/\/zecovalve.com\/de\/wp-json\/wp\/v2\/product_cat?post=19871"},{"taxonomy":"product_tag","embeddable":true,"href":"https:\/\/zecovalve.com\/de\/wp-json\/wp\/v2\/product_tag?post=19871"}],"curies":[{"name":"wp","href":"https:\/\/api.w.org\/{rel}","templated":true}]}}