{"id":19873,"date":"2022-07-15T06:10:04","date_gmt":"2022-07-15T06:10:04","guid":{"rendered":"https:\/\/zecovalve.com\/?post_type=product&#038;p=19873"},"modified":"2022-09-22T06:28:36","modified_gmt":"2022-09-22T06:28:36","slug":"1-threaded-ball-valve","status":"publish","type":"product","link":"https:\/\/zecovalve.com\/de\/produkt\/1-threaded-ball-valve","title":{"rendered":"1\u2033 Kugelhahn mit Gewinde"},"content":{"rendered":"<figure class=\"wp-block-image size-full is-resized\"><img loading=\"lazy\" decoding=\"async\" class=\"alignnone size-medium wp-image-16473\" src=\"https:\/\/zecovalve.com\/wp-content\/uploads\/2022\/06\/3pc-ball-valve-5-300x225.jpg\" alt=\"\" width=\"300\" height=\"225\" srcset=\"https:\/\/zecovalve.com\/wp-content\/uploads\/2022\/06\/3pc-ball-valve-5-300x225.jpg 300w, https:\/\/zecovalve.com\/wp-content\/uploads\/2022\/06\/3pc-ball-valve-5-768x576.jpg 768w, https:\/\/zecovalve.com\/wp-content\/uploads\/2022\/06\/3pc-ball-valve-5-600x450.jpg 600w, https:\/\/zecovalve.com\/wp-content\/uploads\/2022\/06\/3pc-ball-valve-5.jpg 800w\" sizes=\"auto, (max-width: 300px) 100vw, 300px\" \/><\/figure>\r\n\r\n\r\n<div class=\"gb-button-wrapper gb-button-wrapper-6d8495a3\">\r\n\r\n\r\n<p><a class=\"gb-button gb-button-3d442e11 gb-button-text\" href=\"https:\/\/zecovalve.com\/de\/contact\/\" target=\"_blank\" rel=\"noopener noreferrer\"><strong>ERHALTEN SIE DEN PREIS F\u00dcR 1-ZOLL-KUGELHAHN MIT GEWINDE<\/strong><\/a><\/p>\r\n<\/div>\r\n\r\n\r\n\r\n\r\n<h2 class=\"wp-block-heading\" id=\"h-what-is-a-1-threaded-ball-valve\">Was ist ein 1-Zoll-Kugelhahn mit Gewinde?<\/h2>\r\n\r\n\r\n\r\n<p>Dieser 2-Wege-Kugelhahn von Tameson mit einem Nenndurchmesser von 25 mm ist f\u00fcr die Ein-\/Aus-Durchflussregelung konzipiert.<\/p>\r\n\r\n\r\n\r\n<p>Das Ventil hat G 1 Zoll Gewindeanschl\u00fcsse. Dies ist BSPP (British Standard Pipe Parallel). Mit unserem Sortiment an 1-Zoll-Anschl\u00fcssen kann das Ventil in jedes Rohr eingebaut werden.<\/p>\r\n\r\n\r\n\r\n<p>2-Wege-Messingkugelhahn mit Au\u00dfengewinde, G 1-Zoll-Anschl\u00fcssen und einem Griff zur Ein-\/Aus-Durchflussregelung. 25 mm Nenndurchmesser und ein maximaler Druck von 40 bar (580 psi).<\/p>\r\n\r\n\r\n\r\n<h2 class=\"wp-block-heading\">Wie funktioniert ein 1-Zoll-Kugelhahn mit Gewinde?<\/h2>\r\n\r\n\r\n\r\n<p>Mit dem Griff wird das Ventil bedient. Durch eine Drehung um 90 Grad \u00f6ffnet oder schlie\u00dft sich das Ventil. Steht der Griff senkrecht zur Rohrleitung, ist das Ventil geschlossen. Dieses Ventil ist nicht f\u00fcr eine elektrische oder pneumatische Steuerung geeignet. Hierf\u00fcr werden Ventile mit einem ISO-Top-Flansch (ISO 5211) empfohlen.<\/p>\r\n\r\n\r\n\r\n<h2 class=\"wp-block-heading\">Vorteile von 1\u2033 Gewindekugelh\u00e4hnen<\/h2>\r\n\r\n\r\n\r\n<ul class=\"wp-block-list\">\r\n<li>Erh\u00f6hte Griffanschl\u00e4ge.<\/li>\r\n<li>Ausblassicheres Schaftdesign.<\/li>\r\n<li>Einstellbare Stopfbuchse.<\/li>\r\n<li>Korrosionsschutz durch Zinkphosphat.<\/li>\r\n<li>Feuersicher gem\u00e4\u00df API 607 (erfordert Suffix -24).<\/li>\r\n<\/ul>\r\n\r\n\r\n\r\n<h2 class=\"wp-block-heading\">Anwendungen von 1\u2033 Gewindekugelh\u00e4hnen<\/h2>\r\n\r\n\r\n\r\n<p>Der 1-Zoll-Kugelhahn mit Gewinde wird in privaten und gewerblichen Trinkwasseranwendungen eingesetzt und ist f\u00fcr eine breite Palette von Fl\u00fcssigkeiten und Gasen geeignet.<\/p>\r\n\r\n\r\n\r\n<p>Das Ventil ist in einem Temperaturbereich von -10 bis 95 \u00b0C (14 bis 203 \u00b0F) einsetzbar.<\/p>","protected":false},"excerpt":{"rendered":"<p>Was ist ein 1\u2033 Gewindekugelhahn? Dieser 2-Wege-Kugelhahn von Tameson mit einem Nenndurchmesser von 25 mm ist f\u00fcr den Einsatz in Rohrleitungen \u2026 <a title=\"1\u2033 Kugelhahn mit Gewinde\" class=\"read-more\" href=\"https:\/\/zecovalve.com\/de\/produkt\/1-threaded-ball-valve\" aria-label=\"Mehr zu 1\u2033 Gewindekugelhahn\">Weiterlesen ...<\/a><\/p>","protected":false},"featured_media":16470,"comment_status":"closed","ping_status":"closed","template":"","meta":{"_generate-full-width-content":"","kt_blocks_editor_width":""},"product_cat":[2047,2462],"product_tag":[3054,2802,3922,3921],"class_list":["post-19873","product","type-product","status-publish","has-post-thumbnail","hentry","product_cat-ball-valve","product_cat-ball-valve-by-size","product_tag-1-ball-valve","product_tag-ball-valve-price","product_tag-metal-seat-ball-valve","product_tag-metal-seated-ball-valve","sales-flash-overlay","woocommerce-text-align-center","woocommerce-image-align-center","do-quantity-buttons"],"featured_image_src_large":["https:\/\/zecovalve.com\/wp-content\/uploads\/2022\/06\/3pc-ball-valve-2.jpg",800,600,false],"author_info":[],"comment_info":0,"taxonomy_info":{"product_cat":[{"value":2047,"label":"Ball Valve"},{"value":2462,"label":"Ball Valve By Size"}],"product_tag":[{"value":3054,"label":"1\" Ball Valve"},{"value":2802,"label":"Ball Valve Price"},{"value":3922,"label":"Metal Seat Ball Valve"},{"value":3921,"label":"Metal Seated Ball Valve"}]},"yoast_head":"<!-- This site is optimized with the Yoast SEO Premium plugin v15.4 - https:\/\/yoast.com\/wordpress\/plugins\/seo\/ -->\n<title>1&quot; Thread Ball Valve - Competitive Ball Valve Price | ZECO Valve<\/title>\n<meta name=\"robots\" content=\"index, follow, max-snippet:-1, max-image-preview:large, max-video-preview:-1\" \/>\n<link rel=\"canonical\" href=\"https:\/\/zecovalve.com\/de\/produkt\/1-threaded-ball-valve\" \/>\n<meta property=\"og:locale\" content=\"de_DE\" \/>\n<meta property=\"og:type\" content=\"article\" \/>\n<meta property=\"og:title\" content=\"1&quot; Thread Ball Valve - Competitive Ball Valve Price | ZECO Valve\" \/>\n<meta property=\"og:description\" content=\"What is a 1&#8243; Threaded Ball Valve? This 2-way ball valve from Tameson with a nominal diameter of 25 mm is designed ... Weiterlesen ...\" \/>\n<meta property=\"og:url\" content=\"https:\/\/zecovalve.com\/de\/produkt\/1-threaded-ball-valve\" \/>\n<meta property=\"og:site_name\" content=\"ZECO Valve\" \/>\n<meta property=\"article:modified_time\" content=\"2022-09-22T06:28:36+00:00\" \/>\n<meta property=\"og:image\" content=\"https:\/\/zecovalve.com\/wp-content\/uploads\/2022\/06\/3pc-ball-valve-2.jpg\" \/>\n\t<meta property=\"og:image:width\" content=\"800\" \/>\n\t<meta property=\"og:image:height\" content=\"600\" \/>\n<meta name=\"twitter:card\" content=\"summary_large_image\" \/>\n<meta name=\"twitter:label1\" content=\"Verfasst von\">\n\t<meta name=\"twitter:data1\" content=\"Jerry\">\n\t<meta name=\"twitter:label2\" content=\"Gesch\u00e4tzte Lesezeit\">\n\t<meta name=\"twitter:data2\" content=\"1\u00a0Minute\">\n<script type=\"application\/ld+json\" class=\"yoast-schema-graph\">{\"@context\":\"https:\/\/schema.org\",\"@graph\":[{\"@type\":\"WebSite\",\"@id\":\"https:\/\/zecovalve.com\/#website\",\"url\":\"https:\/\/zecovalve.com\/\",\"name\":\"ZECO Valve\",\"description\":\"Industrial Ball Valve, Gate Valve and Globe Valve Manufacturer\",\"potentialAction\":[{\"@type\":\"SearchAction\",\"target\":\"https:\/\/zecovalve.com\/?s={search_term_string}\",\"query-input\":\"required name=search_term_string\"}],\"inLanguage\":\"de\"},{\"@type\":\"ImageObject\",\"@id\":\"https:\/\/zecovalve.com\/product\/1-threaded-ball-valve#primaryimage\",\"inLanguage\":\"de\",\"url\":\"https:\/\/zecovalve.com\/wp-content\/uploads\/2022\/06\/3pc-ball-valve-2.jpg\",\"width\":800,\"height\":600},{\"@type\":\"WebPage\",\"@id\":\"https:\/\/zecovalve.com\/product\/1-threaded-ball-valve#webpage\",\"url\":\"https:\/\/zecovalve.com\/product\/1-threaded-ball-valve\",\"name\":\"1\\\" Thread Ball Valve - Competitive Ball Valve Price | ZECO Valve\",\"isPartOf\":{\"@id\":\"https:\/\/zecovalve.com\/#website\"},\"primaryImageOfPage\":{\"@id\":\"https:\/\/zecovalve.com\/product\/1-threaded-ball-valve#primaryimage\"},\"datePublished\":\"2022-07-15T06:10:04+00:00\",\"dateModified\":\"2022-09-22T06:28:36+00:00\",\"breadcrumb\":{\"@id\":\"https:\/\/zecovalve.com\/product\/1-threaded-ball-valve#breadcrumb\"},\"inLanguage\":\"de\",\"potentialAction\":[{\"@type\":\"ReadAction\",\"target\":[\"https:\/\/zecovalve.com\/product\/1-threaded-ball-valve\"]}]},{\"@type\":\"BreadcrumbList\",\"@id\":\"https:\/\/zecovalve.com\/product\/1-threaded-ball-valve#breadcrumb\",\"itemListElement\":[{\"@type\":\"ListItem\",\"position\":1,\"item\":{\"@type\":\"WebPage\",\"@id\":\"https:\/\/zecovalve.com\/\",\"url\":\"https:\/\/zecovalve.com\/\",\"name\":\"Home\"}},{\"@type\":\"ListItem\",\"position\":2,\"item\":{\"@type\":\"WebPage\",\"@id\":\"https:\/\/zecovalve.com\/product-category\",\"url\":\"https:\/\/zecovalve.com\/product-category\",\"name\":\"Industrial Valve Manufacturer | Water Valve Manufacturer\"}},{\"@type\":\"ListItem\",\"position\":3,\"item\":{\"@type\":\"WebPage\",\"@id\":\"https:\/\/zecovalve.com\/product\/1-threaded-ball-valve\",\"url\":\"https:\/\/zecovalve.com\/product\/1-threaded-ball-valve\",\"name\":\"1&#8243; Threaded Ball Valve\"}}]}]}<\/script>\n<!-- \/ Yoast SEO Premium plugin. -->","_links":{"self":[{"href":"https:\/\/zecovalve.com\/de\/wp-json\/wp\/v2\/product\/19873","targetHints":{"allow":["GET"]}}],"collection":[{"href":"https:\/\/zecovalve.com\/de\/wp-json\/wp\/v2\/product"}],"about":[{"href":"https:\/\/zecovalve.com\/de\/wp-json\/wp\/v2\/types\/product"}],"replies":[{"embeddable":true,"href":"https:\/\/zecovalve.com\/de\/wp-json\/wp\/v2\/comments?post=19873"}],"wp:featuredmedia":[{"embeddable":true,"href":"https:\/\/zecovalve.com\/de\/wp-json\/wp\/v2\/media\/16470"}],"wp:attachment":[{"href":"https:\/\/zecovalve.com\/de\/wp-json\/wp\/v2\/media?parent=19873"}],"wp:term":[{"taxonomy":"product_cat","embeddable":true,"href":"https:\/\/zecovalve.com\/de\/wp-json\/wp\/v2\/product_cat?post=19873"},{"taxonomy":"product_tag","embeddable":true,"href":"https:\/\/zecovalve.com\/de\/wp-json\/wp\/v2\/product_tag?post=19873"}],"curies":[{"name":"wp","href":"https:\/\/api.w.org\/{rel}","templated":true}]}}