{"id":19960,"date":"2022-07-18T07:06:57","date_gmt":"2022-07-18T07:06:57","guid":{"rendered":"https:\/\/zecovalve.com\/?post_type=product&#038;p=19960"},"modified":"2022-07-26T05:46:47","modified_gmt":"2022-07-26T05:46:47","slug":"3-piece-ball-valve-stainless-steel","status":"publish","type":"product","link":"https:\/\/zecovalve.com\/de\/produkt\/3-piece-ball-valve-stainless-steel","title":{"rendered":"3-teiliger Kugelhahn aus Edelstahl"},"content":{"rendered":"Der 3-teilige Kugelhahn aus Edelstahl mit vollem Durchgang hat eine ausschwenkbare Konstruktion f\u00fcr eine einfache Wartung. Diese Ventile haben ein ISO 5211 Montagekissen und RTFE-Sitz und Dichtungen.\r\n\r\n\r\n\r\n\r\n<figure class=\"wp-block-image size-full is-resized\"><img loading=\"lazy\" decoding=\"async\" class=\"wp-image-19959\" src=\"https:\/\/zecovalve.com\/wp-content\/uploads\/2022\/07\/3PC-ball-valve.jpg\" alt=\"\" width=\"375\" height=\"277\" srcset=\"https:\/\/zecovalve.com\/wp-content\/uploads\/2022\/07\/3PC-ball-valve.jpg 500w, https:\/\/zecovalve.com\/wp-content\/uploads\/2022\/07\/3PC-ball-valve-300x221.jpg 300w\" sizes=\"auto, (max-width: 375px) 100vw, 375px\" \/><\/figure>\r\n\r\n\r\n<div class=\"gb-button-wrapper gb-button-wrapper-6d8495a3\">\r\n\r\n<a class=\"gb-button gb-button-3d442e11 gb-button-text\" href=\"https:\/\/zecovalve.com\/de\/contact\/\" target=\"_blank\" rel=\"noopener noreferrer\"><strong>HOLEN SIE SICH 3 ST\u00dcCK KUGELHAHN AUS EDELSTAHL PREIS<\/strong><\/a>\r\n\r\n<\/div>\r\n\r\n\r\n\r\n\r\n<h2 class=\"wp-block-heading\" id=\"h-what-is-a-3-piece-ball-valve-stainless-steel\">Was ist ein 3-teiliger Kugelhahn aus Edelstahl?<\/h2>\r\n\r\n\r\n\r\n\r\nEin 3-teiliger Kugelhahn aus Edelstahl, komplett mit ISO 5211-Direktmontageplatte f\u00fcr eine einfache Bet\u00e4tigung.\r\n\r\n\r\n\r\n\r\n\r\nDas Ventil ist f\u00fcr hygienische Umgebungen geeignet und besteht aus einem Geh\u00e4use aus A351 CF8M und einer Kugel aus Edelstahl 316 mit einer inneren Oberfl\u00e4che von Ra 40uin\/25uin. Das Ventil verf\u00fcgt \u00fcber einen echten Rohranschluss, der keinen Totraum im Durchgangspfad bietet.\r\n\r\n\r\n\r\n\r\n\r\nDie Endanschl\u00fcsse sind als Schwei\u00dfenden oder verl\u00e4ngerte Schwei\u00dfenden erh\u00e4ltlich.\r\n\r\n\r\n\r\n\r\n<h2 class=\"wp-block-heading\">Spezifikationen f\u00fcr 3-teiligen Kugelhahn aus Edelstahl<\/h2>\r\n\r\n\r\n\r\n<ul class=\"wp-block-list\">\r\n \t<li>Endanschluss Stumpfschwei\u00dfung OD, RF, NPT, BSPT<\/li>\r\n \t<li>Geh\u00e4usematerial Edelstahl<\/li>\r\n \t<li>Dichtungswerkstoff PTFE<\/li>\r\n \t<li>Sitzmaterial hohlraumgef\u00fcllt<\/li>\r\n \t<li>Gr\u00f6\u00dfe 1\/2\u2033 (DN15), 3\/4\u2033 (DN20), 1\u2033 (DN25), 1 1\/2\u2033 (DN40), 2\u2033 (DN50), 2 1\/2\u2033 (DN65), 3\u2033 (DN80), 4\u2033 (DN100)<\/li>\r\n \t<li>Ausf\u00fchrung 3-teilig, volle Bohrung<\/li>\r\n \t<li>Industrie \/ Zulassungen Hygienisch<\/li>\r\n \t<li>Hebel Abschlie\u00dfbarer Handhebel<\/li>\r\n \t<li>Temperaturbereich -10\u00baC bis 180\u00baC<\/li>\r\n \t<li>Druck bis zu: 1000 PSI (1\/2\u2033 bis 1\u2033), 800 PSI (1 1\/2\u2033 bis 2\u2033), 600 PSI (2 1\/2\u2033 bis 4\u2033)<\/li>\r\n \t<li>Bet\u00e4tigbar? Ja - mit Direktmontage-Pad<\/li>\r\n<\/ul>\r\n\r\n\r\n\r\n<h2 class=\"wp-block-heading\" id=\"h-features-of-3-piece-ball-valve-stainless-steel\">Merkmale des 3-teiligen Kugelhahns aus Edelstahl<\/h2>\r\n\r\n\r\n\r\n<ul class=\"wp-block-list\">\r\n \t<li>3-teiliger Sanit\u00e4rkugelhahn mit vollem Durchgang<\/li>\r\n \t<li>A351 CF8M Geh\u00e4use aus Edelstahl<\/li>\r\n \t<li>Kugel aus Edelstahl 316<\/li>\r\n \t<li>Hohlraumgef\u00fcllte Sitze<\/li>\r\n \t<li>1000 PSI (1\/2\u2033 bis 4\u2033)<\/li>\r\n \t<li>800 PSI (1\/2\u2033 bis 4\u2033)<\/li>\r\n \t<li>600 PSI (1\/2\u2033 bis 4\u2033)<\/li>\r\n<\/ul>\r\n\r\n\r\n\r\n<h2 class=\"wp-block-heading\" id=\"h-material-of-3-piece-ball-valve-stainless-steel\">Material des 3-teiligen Kugelhahns Edelstahl<\/h2>\r\n\r\n\r\n<div class=\"wp-block-image\">\r\n<figure class=\"aligncenter size-full\"><img loading=\"lazy\" decoding=\"async\" width=\"500\" height=\"230\" class=\"wp-image-19961\" src=\"https:\/\/zecovalve.com\/wp-content\/uploads\/2022\/07\/3-Piece-Ball-Valve-Stainless-Steel.png\" alt=\"\" srcset=\"https:\/\/zecovalve.com\/wp-content\/uploads\/2022\/07\/3-Piece-Ball-Valve-Stainless-Steel.png 500w, https:\/\/zecovalve.com\/wp-content\/uploads\/2022\/07\/3-Piece-Ball-Valve-Stainless-Steel-300x138.png 300w\" sizes=\"auto, (max-width: 500px) 100vw, 500px\" \/><\/figure>\r\n<\/div>\r\n\r\n\r\n<figure class=\"wp-block-table is-style-stripes\">\r\n<table>\r\n<tbody>\r\n<tr>\r\n<td>Nein<\/td>\r\n<td>Teil<\/td>\r\n<td>Material<\/td>\r\n<\/tr>\r\n<tr>\r\n<td>1<\/td>\r\n<td>Geh\u00e4use<\/td>\r\n<td>Rostfreier Stahl<\/td>\r\n<\/tr>\r\n<tr>\r\n<td>2<\/td>\r\n<td>Flansch<\/td>\r\n<td>Rostfreier Stahl<\/td>\r\n<\/tr>\r\n<tr>\r\n<td>3<\/td>\r\n<td>Kugel<\/td>\r\n<td>Rostfreier Stahl<\/td>\r\n<\/tr>\r\n<tr>\r\n<td>4<\/td>\r\n<td>Kugelsitz<\/td>\r\n<td>PTFE<\/td>\r\n<\/tr>\r\n<tr>\r\n<td>5<\/td>\r\n<td>Geh\u00e4use Dichtung<\/td>\r\n<td>PTFE<\/td>\r\n<\/tr>\r\n<tr>\r\n<td>6<\/td>\r\n<td>Vorbau<\/td>\r\n<td>AISI 316<\/td>\r\n<\/tr>\r\n<tr>\r\n<td>7<\/td>\r\n<td>Sitzring<\/td>\r\n<td>PTFE<\/td>\r\n<\/tr>\r\n<tr>\r\n<td>8<\/td>\r\n<td>Spindeldichtung<\/td>\r\n<td>PTFE<\/td>\r\n<\/tr>\r\n<tr>\r\n<td>9<\/td>\r\n<td>Steckdose<\/td>\r\n<td>Rostfreier Stahl<\/td>\r\n<\/tr>\r\n<tr>\r\n<td>10<\/td>\r\n<td>Handgriff<\/td>\r\n<td>Rostfreier Stahl<\/td>\r\n<\/tr>\r\n<tr>\r\n<td>11<\/td>\r\n<td>Vorbau-Ring<\/td>\r\n<td>Rostfreier Stahl<\/td>\r\n<\/tr>\r\n<tr>\r\n<td>12<\/td>\r\n<td>Spindelmutter<\/td>\r\n<td>Rostfreier Stahl<\/td>\r\n<\/tr>\r\n<tr>\r\n<td>13<\/td>\r\n<td>Handh\u00fclse<\/td>\r\n<td>PVC<\/td>\r\n<\/tr>\r\n<tr>\r\n<td>14<\/td>\r\n<td>Sicherheitseinrichtung<\/td>\r\n<td>Rostfreier Stahl<\/td>\r\n<\/tr>\r\n<tr>\r\n<td>15<\/td>\r\n<td>Schrauben<\/td>\r\n<td>Rostfreier Stahl<\/td>\r\n<\/tr>\r\n<tr>\r\n<td>16<\/td>\r\n<td>Waschmaschine<\/td>\r\n<td>Rostfreier Stahl<\/td>\r\n<\/tr>\r\n<tr>\r\n<td>17<\/td>\r\n<td>Nuss<\/td>\r\n<td>Rostfreier Stahl<\/td>\r\n<\/tr>\r\n<\/tbody>\r\n<\/table>\r\n<\/figure>","protected":false},"excerpt":{"rendered":"<p>Volldurchlass-Kugelhahn aus Edelstahl mit 3 Teilen und ausschwenkbarem Design f\u00fcr einfache Wartung. Diese Ventile haben eine ISO 5211-Montage \u2026 <a title=\"3-teiliger Kugelhahn aus Edelstahl\" class=\"read-more\" href=\"https:\/\/zecovalve.com\/de\/produkt\/3-piece-ball-valve-stainless-steel\" aria-label=\"Mehr zu 3 St\u00fcck Kugelhahn Edelstahl\">Weiterlesen ...<\/a><\/p>","protected":false},"featured_media":19959,"comment_status":"closed","ping_status":"closed","template":"","meta":{"_generate-full-width-content":"","kt_blocks_editor_width":""},"product_cat":[2047],"product_tag":[3089,3254,3244,2832],"class_list":["post-19960","product","type-product","status-publish","has-post-thumbnail","hentry","product_cat-ball-valve","product_tag-3-piece-ball-valve","product_tag-ball-valve-stainless-steel","product_tag-stainless-ball-valve","product_tag-stainless-steel-ball-valve","sales-flash-overlay","woocommerce-text-align-center","woocommerce-image-align-center","do-quantity-buttons"],"featured_image_src_large":["https:\/\/zecovalve.com\/wp-content\/uploads\/2022\/07\/3PC-ball-valve.jpg",500,369,false],"author_info":[],"comment_info":0,"taxonomy_info":{"product_cat":[{"value":2047,"label":"Ball Valve"}],"product_tag":[{"value":3089,"label":"3 Piece Ball Valve"},{"value":3254,"label":"Ball Valve Stainless Steel"},{"value":3244,"label":"Stainless Ball Valve"},{"value":2832,"label":"Stainless Steel Ball Valve"}]},"yoast_head":"<!-- This site is optimized with the Yoast SEO Premium plugin v15.4 - https:\/\/yoast.com\/wordpress\/plugins\/seo\/ -->\n<title>3 Piece Ball Valve Stainless Steel - Stainless Steel Ball Valve | ZECO Valve<\/title>\n<meta name=\"robots\" content=\"index, follow, max-snippet:-1, max-image-preview:large, max-video-preview:-1\" \/>\n<link rel=\"canonical\" href=\"https:\/\/zecovalve.com\/de\/produkt\/3-piece-ball-valve-stainless-steel\" \/>\n<meta property=\"og:locale\" content=\"de_DE\" \/>\n<meta property=\"og:type\" content=\"article\" \/>\n<meta property=\"og:title\" content=\"3 Piece Ball Valve Stainless Steel - Stainless Steel Ball Valve | ZECO Valve\" \/>\n<meta property=\"og:description\" content=\"Full port 3-piece ball valve stainless steel feature a swing out design for easy maintenance. These valves have an ISO 5211 mounting ... Weiterlesen ...\" \/>\n<meta property=\"og:url\" content=\"https:\/\/zecovalve.com\/de\/produkt\/3-piece-ball-valve-stainless-steel\" \/>\n<meta property=\"og:site_name\" content=\"ZECO Valve\" \/>\n<meta property=\"article:modified_time\" content=\"2022-07-26T05:46:47+00:00\" \/>\n<meta property=\"og:image\" content=\"https:\/\/zecovalve.com\/wp-content\/uploads\/2022\/07\/3PC-ball-valve.jpg\" \/>\n\t<meta property=\"og:image:width\" content=\"500\" \/>\n\t<meta property=\"og:image:height\" content=\"369\" \/>\n<meta name=\"twitter:card\" content=\"summary_large_image\" \/>\n<meta name=\"twitter:label1\" content=\"Verfasst von\">\n\t<meta name=\"twitter:data1\" content=\"Jerry\">\n\t<meta name=\"twitter:label2\" content=\"Gesch\u00e4tzte Lesezeit\">\n\t<meta name=\"twitter:data2\" content=\"1\u00a0Minute\">\n<script type=\"application\/ld+json\" class=\"yoast-schema-graph\">{\"@context\":\"https:\/\/schema.org\",\"@graph\":[{\"@type\":\"WebSite\",\"@id\":\"https:\/\/zecovalve.com\/#website\",\"url\":\"https:\/\/zecovalve.com\/\",\"name\":\"ZECO Valve\",\"description\":\"Industrial Ball Valve, Gate Valve and Globe Valve Manufacturer\",\"potentialAction\":[{\"@type\":\"SearchAction\",\"target\":\"https:\/\/zecovalve.com\/?s={search_term_string}\",\"query-input\":\"required name=search_term_string\"}],\"inLanguage\":\"de\"},{\"@type\":\"ImageObject\",\"@id\":\"https:\/\/zecovalve.com\/product\/3-piece-ball-valve-stainless-steel#primaryimage\",\"inLanguage\":\"de\",\"url\":\"https:\/\/zecovalve.com\/wp-content\/uploads\/2022\/07\/3PC-ball-valve.jpg\",\"width\":500,\"height\":369},{\"@type\":\"WebPage\",\"@id\":\"https:\/\/zecovalve.com\/product\/3-piece-ball-valve-stainless-steel#webpage\",\"url\":\"https:\/\/zecovalve.com\/product\/3-piece-ball-valve-stainless-steel\",\"name\":\"3 Piece Ball Valve Stainless Steel - Stainless Steel Ball Valve | ZECO Valve\",\"isPartOf\":{\"@id\":\"https:\/\/zecovalve.com\/#website\"},\"primaryImageOfPage\":{\"@id\":\"https:\/\/zecovalve.com\/product\/3-piece-ball-valve-stainless-steel#primaryimage\"},\"datePublished\":\"2022-07-18T07:06:57+00:00\",\"dateModified\":\"2022-07-26T05:46:47+00:00\",\"breadcrumb\":{\"@id\":\"https:\/\/zecovalve.com\/product\/3-piece-ball-valve-stainless-steel#breadcrumb\"},\"inLanguage\":\"de\",\"potentialAction\":[{\"@type\":\"ReadAction\",\"target\":[\"https:\/\/zecovalve.com\/product\/3-piece-ball-valve-stainless-steel\"]}]},{\"@type\":\"BreadcrumbList\",\"@id\":\"https:\/\/zecovalve.com\/product\/3-piece-ball-valve-stainless-steel#breadcrumb\",\"itemListElement\":[{\"@type\":\"ListItem\",\"position\":1,\"item\":{\"@type\":\"WebPage\",\"@id\":\"https:\/\/zecovalve.com\/\",\"url\":\"https:\/\/zecovalve.com\/\",\"name\":\"Home\"}},{\"@type\":\"ListItem\",\"position\":2,\"item\":{\"@type\":\"WebPage\",\"@id\":\"https:\/\/zecovalve.com\/product-category\",\"url\":\"https:\/\/zecovalve.com\/product-category\",\"name\":\"Industrial Valve Manufacturer | Water Valve Manufacturer\"}},{\"@type\":\"ListItem\",\"position\":3,\"item\":{\"@type\":\"WebPage\",\"@id\":\"https:\/\/zecovalve.com\/product\/3-piece-ball-valve-stainless-steel\",\"url\":\"https:\/\/zecovalve.com\/product\/3-piece-ball-valve-stainless-steel\",\"name\":\"3 Piece Ball Valve Stainless Steel\"}}]}]}<\/script>\n<!-- \/ Yoast SEO Premium plugin. -->","_links":{"self":[{"href":"https:\/\/zecovalve.com\/de\/wp-json\/wp\/v2\/product\/19960","targetHints":{"allow":["GET"]}}],"collection":[{"href":"https:\/\/zecovalve.com\/de\/wp-json\/wp\/v2\/product"}],"about":[{"href":"https:\/\/zecovalve.com\/de\/wp-json\/wp\/v2\/types\/product"}],"replies":[{"embeddable":true,"href":"https:\/\/zecovalve.com\/de\/wp-json\/wp\/v2\/comments?post=19960"}],"wp:featuredmedia":[{"embeddable":true,"href":"https:\/\/zecovalve.com\/de\/wp-json\/wp\/v2\/media\/19959"}],"wp:attachment":[{"href":"https:\/\/zecovalve.com\/de\/wp-json\/wp\/v2\/media?parent=19960"}],"wp:term":[{"taxonomy":"product_cat","embeddable":true,"href":"https:\/\/zecovalve.com\/de\/wp-json\/wp\/v2\/product_cat?post=19960"},{"taxonomy":"product_tag","embeddable":true,"href":"https:\/\/zecovalve.com\/de\/wp-json\/wp\/v2\/product_tag?post=19960"}],"curies":[{"name":"wp","href":"https:\/\/api.w.org\/{rel}","templated":true}]}}