{"id":19963,"date":"2022-07-18T07:24:10","date_gmt":"2022-07-18T07:24:10","guid":{"rendered":"https:\/\/zecovalve.com\/?post_type=product&#038;p=19963"},"modified":"2022-09-22T03:25:29","modified_gmt":"2022-09-22T03:25:29","slug":"3-pieces-ball-valve","status":"publish","type":"product","link":"https:\/\/zecovalve.com\/de\/produkt\/3-pieces-ball-valve","title":{"rendered":"3 St\u00fcck Kugelhahn"},"content":{"rendered":"Der 3-teilige Kugelhahn ist eine \u00fcbliche Kugelhahnstruktur, sein K\u00f6rper ist in drei Teile unterteilt, n\u00e4mlich die linke und rechte Haube und den mittleren Ventilk\u00f6rper.\r\n\r\n\r\n\r\n\r\n<figure class=\"wp-block-image size-full is-resized\"><img loading=\"lazy\" decoding=\"async\" class=\"wp-image-16508\" src=\"https:\/\/zecovalve.com\/wp-content\/uploads\/2022\/06\/trunnion-mounted-ball-valve-2.jpg\" alt=\"\" width=\"400\" height=\"300\" srcset=\"https:\/\/zecovalve.com\/wp-content\/uploads\/2022\/06\/trunnion-mounted-ball-valve-2.jpg 800w, https:\/\/zecovalve.com\/wp-content\/uploads\/2022\/06\/trunnion-mounted-ball-valve-2-300x225.jpg 300w, https:\/\/zecovalve.com\/wp-content\/uploads\/2022\/06\/trunnion-mounted-ball-valve-2-768x576.jpg 768w, https:\/\/zecovalve.com\/wp-content\/uploads\/2022\/06\/trunnion-mounted-ball-valve-2-600x450.jpg 600w\" sizes=\"auto, (max-width: 400px) 100vw, 400px\" \/><\/figure>\r\n\r\n\r\n<div class=\"gb-button-wrapper gb-button-wrapper-6d8495a3\">\r\n\r\n<a class=\"gb-button gb-button-3d442e11 gb-button-text\" href=\"https:\/\/zecovalve.com\/de\/contact\/\" target=\"_blank\" rel=\"noopener noreferrer\"><strong>ERHALTEN SIE 3 ST\u00dcCK KUGELHAHN PREIS<\/strong><\/a>\r\n\r\n<\/div>\r\n\r\n\r\n\r\n\r\n<h2 class=\"wp-block-heading\" id=\"h-what-is-a-3-pieces-ball-valve\">Was ist ein 3-teiliger Kugelhahn?<\/h2>\r\n\r\n\r\n\r\n\r\nKugelh\u00e4hne gibt es in ein, zwei oder drei Teilen. Einteilige Kugelh\u00e4hne werden mit nur einem K\u00f6rperteil hergestellt. Zweiteilige Kugelh\u00e4hne bestehen aus zwei separaten Teilen, wobei die Verbindung zwischen ihnen entweder \u00fcber ein Gewinde oder eine Bolzen- und Flanschbaugruppe erfolgt. Wie Sie vielleicht schon vermutet haben, besteht ein dreiteiliger Kugelhahn aus drei Teilen, zwei Endkappen und einem K\u00f6rper.\r\n\r\n\r\n\r\n\r\n<h2 class=\"wp-block-heading\" id=\"h-features-of-3-pieces-ball-valve\">Merkmale des 3-teiligen Kugelhahns<\/h2>\r\n\r\n\r\n\r\n<ul class=\"wp-block-list\">\r\n \t<li>3-teilige Kugelh\u00e4hne verf\u00fcgen im Vergleich zu 1-teiligen und 2-teiligen Kugelh\u00e4hnen \u00fcber die vollst\u00e4ndigste Verbindung.<\/li>\r\n \t<li>Die drei K\u00f6rperteile sind durch Schrauben miteinander verbunden, was die Montage und Demontage erleichtert.<\/li>\r\n \t<li>Bei h\u00e4ufigem Schalten und schnellem Verschlei\u00df sollten 3-teilige Kugelh\u00e4hne in Betracht gezogen werden.<\/li>\r\n \t<li>Die Kanalgr\u00f6\u00dfe eines dreiteiligen Kugelhahns ist gr\u00f6\u00dfer als die eines einteiligen Kugelhahns und weist somit eine st\u00e4rkere Zirkulation auf.<\/li>\r\n \t<li>Der Fl\u00fcssigkeitswiderstand ist gering und sein Koeffizient ist bei gleicher Rohrl\u00e4nge gleich.<\/li>\r\n \t<li>Schnelles \u00d6ffnen und Schlie\u00dfen, das einfach zu bedienen ist. Von vollst\u00e4ndig ge\u00f6ffnet bis vollst\u00e4ndig geschlossen muss der Hebel oder das Antriebsger\u00e4t nur um 90 \u00b0 gedreht werden, was f\u00fcr die Fernsteuerung praktisch ist.<\/li>\r\n \t<li>Anwendbar f\u00fcr einen gro\u00dfen Durchmesserbereich von Millimetern bis Metern und Druckbereiche von Hochvakuum bis Hochdruck.<\/li>\r\n<\/ul>\r\n\r\n\r\n\r\n<h2 class=\"wp-block-heading\">Was ist der gro\u00dfe Unterschied zwischen 2- und 3-teiligen Kugelh\u00e4hnen<\/h2>\r\n\r\n\r\n\r\n\r\nZweiteilige Kugelh\u00e4hne wurden auch im Hinblick auf die Wartung entwickelt. Der gro\u00dfe Unterschied zwischen beiden besteht darin, dass der K\u00f6rper des dreiteiligen Ventils herausgenommen werden kann, ohne die beiden Endkappen zu besch\u00e4digen. Bei einem zweiteiligen Kugelhahn ist dies oft nicht m\u00f6glich, und bei einem einteiligen Kugelhahn ist es \u00fcberhaupt nicht m\u00f6glich. Es gibt auch einen Preisunterschied. Wie bereits erw\u00e4hnt, sind einteilige Ventile im Allgemeinen Einwegventile. Dreiteilige Ventile sind in der Regel zun\u00e4chst teurer, k\u00f6nnen aber auf lange Sicht Geld sparen, da weniger Zeit f\u00fcr die Wartung aufgewendet werden muss und Sitze und Dichtungen ausgetauscht werden k\u00f6nnen, anstatt das Ventil komplett auszutauschen.\r\n\r\n\r\n\r\n\r\n<h2 class=\"wp-block-heading\">Vergleich von 1-teiligen, 2-teiligen und 3-teiligen Kugelh\u00e4hnen<\/h2>\r\n\r\n\r\n\r\n<figure class=\"wp-block-table is-style-stripes\">\r\n<table>\r\n<tbody>\r\n<tr>\r\n<td><\/td>\r\n<td><strong>1-teilige Kugelh\u00e4hne<\/strong><\/td>\r\n<td><strong>2-teilige Kugelh\u00e4hne<\/strong><\/td>\r\n<td><strong>3-teilige Kugelh\u00e4hne<\/strong><\/td>\r\n<\/tr>\r\n<tr>\r\n<td><strong>H\u00e4ufige Anwendungen<\/strong><\/td>\r\n<td>Lebensmittelausr\u00fcstungFl\u00fcssigkeitsabf\u00fcllungAutomobil-Fl\u00fcssigkeitsabf\u00fcllung<\/td>\r\n<td>Lebensmittelausr\u00fcstungFl\u00fcssigkeitsabf\u00fcllungAutomobil-Fl\u00fcssigkeitsabf\u00fcllung<\/td>\r\n<td>Produktionsanlagen<\/td>\r\n<\/tr>\r\n<tr>\r\n<td><strong>Vorteile<\/strong><\/td>\r\n<td>Die wirtschaftlichste OptionKann kosteng\u00fcnstig ausgetauscht werden<\/td>\r\n<td>Wirtschaftlicher in der Anschaffung oder im Austausch als dreiteilige Ventile. Mit vollem Durchgang erh\u00e4ltlich.<\/td>\r\n<td>Einfache Demontage f\u00fcr WartungsarbeitenLangfristige Kosteneinsparungen bei hohen Zyklen oder extremen AnwendungenMit vollem Anschluss erh\u00e4ltlichZu den Anschlussoptionen geh\u00f6ren FNPT, Muffenschwei\u00dfen und Rohrmuffenschwei\u00dfen<\/td>\r\n<\/tr>\r\n<tr>\r\n<td><strong>Nachteile<\/strong><\/td>\r\n<td>Nicht f\u00fcr die Reparatur konzipiert<\/td>\r\n<td>Eingeschr\u00e4nkte Reparierbarkeit<\/td>\r\n<td>H\u00f6here Vorlaufkosten<\/td>\r\n<\/tr>\r\n<\/tbody>\r\n<\/table>\r\n<\/figure>","protected":false},"excerpt":{"rendered":"<p>Der 3-teilige Kugelhahn ist eine \u00fcbliche Kugelhahnstruktur, sein K\u00f6rper ist in drei Teile unterteilt, die links und \u2026 <a title=\"3 St\u00fcck Kugelhahn\" class=\"read-more\" href=\"https:\/\/zecovalve.com\/de\/produkt\/3-pieces-ball-valve\" aria-label=\"Mehr zu 3 Pieces Ball Valve\">Weiterlesen ...<\/a><\/p>","protected":false},"featured_media":16508,"comment_status":"closed","ping_status":"closed","template":"","meta":{"_generate-full-width-content":"","kt_blocks_editor_width":""},"product_cat":[2047],"product_tag":[3089,3920,3896],"class_list":["post-19963","product","type-product","status-publish","has-post-thumbnail","hentry","product_cat-ball-valve","product_tag-3-piece-ball-valve","product_tag-api-6d-ball-valve","product_tag-flanged-ball-valve","sales-flash-overlay","woocommerce-text-align-center","woocommerce-image-align-center","do-quantity-buttons"],"featured_image_src_large":["https:\/\/zecovalve.com\/wp-content\/uploads\/2022\/06\/trunnion-mounted-ball-valve-2.jpg",800,600,false],"author_info":[],"comment_info":0,"taxonomy_info":{"product_cat":[{"value":2047,"label":"Ball Valve"}],"product_tag":[{"value":3089,"label":"3 Piece Ball Valve"},{"value":3920,"label":"API 6D Ball Valve"},{"value":3896,"label":"Flanged Ball Valve"}]},"yoast_head":"<!-- This site is optimized with the Yoast SEO Premium plugin v15.4 - https:\/\/yoast.com\/wordpress\/plugins\/seo\/ -->\n<title>3 Pieces Ball Valve - Trunnion Ball Valve Manfacturer | ZECO Valve<\/title>\n<meta name=\"robots\" content=\"index, follow, max-snippet:-1, max-image-preview:large, max-video-preview:-1\" \/>\n<link rel=\"canonical\" href=\"https:\/\/zecovalve.com\/de\/produkt\/3-pieces-ball-valve\" \/>\n<meta property=\"og:locale\" content=\"de_DE\" \/>\n<meta property=\"og:type\" content=\"article\" \/>\n<meta property=\"og:title\" content=\"3 Pieces Ball Valve - Trunnion Ball Valve Manfacturer | ZECO Valve\" \/>\n<meta property=\"og:description\" content=\"The 3 pieces ball valve is a common ball valve structure, its body is divided into three parts, which are left and ... Weiterlesen ...\" \/>\n<meta property=\"og:url\" content=\"https:\/\/zecovalve.com\/de\/produkt\/3-pieces-ball-valve\" \/>\n<meta property=\"og:site_name\" content=\"ZECO Valve\" \/>\n<meta property=\"article:modified_time\" content=\"2022-09-22T03:25:29+00:00\" \/>\n<meta property=\"og:image\" content=\"https:\/\/zecovalve.com\/wp-content\/uploads\/2022\/06\/trunnion-mounted-ball-valve-2.jpg\" \/>\n\t<meta property=\"og:image:width\" content=\"800\" \/>\n\t<meta property=\"og:image:height\" content=\"600\" \/>\n<meta name=\"twitter:card\" content=\"summary_large_image\" \/>\n<meta name=\"twitter:label1\" content=\"Verfasst von\">\n\t<meta name=\"twitter:data1\" content=\"Jerry\">\n\t<meta name=\"twitter:label2\" content=\"Gesch\u00e4tzte Lesezeit\">\n\t<meta name=\"twitter:data2\" content=\"2\u00a0Minuten\">\n<script type=\"application\/ld+json\" class=\"yoast-schema-graph\">{\"@context\":\"https:\/\/schema.org\",\"@graph\":[{\"@type\":\"WebSite\",\"@id\":\"https:\/\/zecovalve.com\/#website\",\"url\":\"https:\/\/zecovalve.com\/\",\"name\":\"ZECO Valve\",\"description\":\"Industrial Ball Valve, Gate Valve and Globe Valve Manufacturer\",\"potentialAction\":[{\"@type\":\"SearchAction\",\"target\":\"https:\/\/zecovalve.com\/?s={search_term_string}\",\"query-input\":\"required name=search_term_string\"}],\"inLanguage\":\"de\"},{\"@type\":\"ImageObject\",\"@id\":\"https:\/\/zecovalve.com\/product\/3-pieces-ball-valve#primaryimage\",\"inLanguage\":\"de\",\"url\":\"https:\/\/zecovalve.com\/wp-content\/uploads\/2022\/06\/trunnion-mounted-ball-valve-2.jpg\",\"width\":800,\"height\":600},{\"@type\":\"WebPage\",\"@id\":\"https:\/\/zecovalve.com\/product\/3-pieces-ball-valve#webpage\",\"url\":\"https:\/\/zecovalve.com\/product\/3-pieces-ball-valve\",\"name\":\"3 Pieces Ball Valve - Trunnion Ball Valve Manfacturer | ZECO Valve\",\"isPartOf\":{\"@id\":\"https:\/\/zecovalve.com\/#website\"},\"primaryImageOfPage\":{\"@id\":\"https:\/\/zecovalve.com\/product\/3-pieces-ball-valve#primaryimage\"},\"datePublished\":\"2022-07-18T07:24:10+00:00\",\"dateModified\":\"2022-09-22T03:25:29+00:00\",\"breadcrumb\":{\"@id\":\"https:\/\/zecovalve.com\/product\/3-pieces-ball-valve#breadcrumb\"},\"inLanguage\":\"de\",\"potentialAction\":[{\"@type\":\"ReadAction\",\"target\":[\"https:\/\/zecovalve.com\/product\/3-pieces-ball-valve\"]}]},{\"@type\":\"BreadcrumbList\",\"@id\":\"https:\/\/zecovalve.com\/product\/3-pieces-ball-valve#breadcrumb\",\"itemListElement\":[{\"@type\":\"ListItem\",\"position\":1,\"item\":{\"@type\":\"WebPage\",\"@id\":\"https:\/\/zecovalve.com\/\",\"url\":\"https:\/\/zecovalve.com\/\",\"name\":\"Home\"}},{\"@type\":\"ListItem\",\"position\":2,\"item\":{\"@type\":\"WebPage\",\"@id\":\"https:\/\/zecovalve.com\/product-category\",\"url\":\"https:\/\/zecovalve.com\/product-category\",\"name\":\"Industrial Valve Manufacturer | Water Valve Manufacturer\"}},{\"@type\":\"ListItem\",\"position\":3,\"item\":{\"@type\":\"WebPage\",\"@id\":\"https:\/\/zecovalve.com\/product\/3-pieces-ball-valve\",\"url\":\"https:\/\/zecovalve.com\/product\/3-pieces-ball-valve\",\"name\":\"3 Pieces Ball Valve\"}}]}]}<\/script>\n<!-- \/ Yoast SEO Premium plugin. -->","_links":{"self":[{"href":"https:\/\/zecovalve.com\/de\/wp-json\/wp\/v2\/product\/19963","targetHints":{"allow":["GET"]}}],"collection":[{"href":"https:\/\/zecovalve.com\/de\/wp-json\/wp\/v2\/product"}],"about":[{"href":"https:\/\/zecovalve.com\/de\/wp-json\/wp\/v2\/types\/product"}],"replies":[{"embeddable":true,"href":"https:\/\/zecovalve.com\/de\/wp-json\/wp\/v2\/comments?post=19963"}],"wp:featuredmedia":[{"embeddable":true,"href":"https:\/\/zecovalve.com\/de\/wp-json\/wp\/v2\/media\/16508"}],"wp:attachment":[{"href":"https:\/\/zecovalve.com\/de\/wp-json\/wp\/v2\/media?parent=19963"}],"wp:term":[{"taxonomy":"product_cat","embeddable":true,"href":"https:\/\/zecovalve.com\/de\/wp-json\/wp\/v2\/product_cat?post=19963"},{"taxonomy":"product_tag","embeddable":true,"href":"https:\/\/zecovalve.com\/de\/wp-json\/wp\/v2\/product_tag?post=19963"}],"curies":[{"name":"wp","href":"https:\/\/api.w.org\/{rel}","templated":true}]}}