{"id":26583,"date":"2022-08-05T15:27:29","date_gmt":"2022-08-05T15:27:29","guid":{"rendered":"https:\/\/zecovalve.com\/?post_type=product&#038;p=26583"},"modified":"2022-09-20T06:10:35","modified_gmt":"2022-09-20T06:10:35","slug":"fully-welded-ball-valve","status":"publish","type":"product","link":"https:\/\/zecovalve.com\/de\/produkt\/fully-welded-ball-valve","title":{"rendered":"Vollverschwei\u00dfter Kugelhahn"},"content":{"rendered":"Vollverschwei\u00dfte Kugelh\u00e4hne werden aufgrund ihrer Robustheit und des geringen Wartungsaufwands bei Rohrleitungen eingesetzt und werden \u00fcberwiegend f\u00fcr den Einsatz in unterirdischen und oberirdischen Rohrleitungen bevorzugt.\r\n\r\n\r\n\r\n\r\n<figure class=\"wp-block-image size-full is-resized\"><img loading=\"lazy\" decoding=\"async\" class=\"wp-image-26581\" src=\"https:\/\/zecovalve.com\/wp-content\/uploads\/2022\/08\/A105-\u5168\u710a\u63a5\u7403\u9600.jpg\" alt=\"\" width=\"400\" height=\"400\" srcset=\"https:\/\/zecovalve.com\/wp-content\/uploads\/2022\/08\/A105-\u5168\u710a\u63a5\u7403\u9600.jpg 800w, https:\/\/zecovalve.com\/wp-content\/uploads\/2022\/08\/A105-\u5168\u710a\u63a5\u7403\u9600-300x300.jpg 300w, https:\/\/zecovalve.com\/wp-content\/uploads\/2022\/08\/A105-\u5168\u710a\u63a5\u7403\u9600-150x150.jpg 150w, https:\/\/zecovalve.com\/wp-content\/uploads\/2022\/08\/A105-\u5168\u710a\u63a5\u7403\u9600-768x768.jpg 768w, https:\/\/zecovalve.com\/wp-content\/uploads\/2022\/08\/A105-\u5168\u710a\u63a5\u7403\u9600-400x400.jpg 400w, https:\/\/zecovalve.com\/wp-content\/uploads\/2022\/08\/A105-\u5168\u710a\u63a5\u7403\u9600-600x600.jpg 600w, https:\/\/zecovalve.com\/wp-content\/uploads\/2022\/08\/A105-\u5168\u710a\u63a5\u7403\u9600-100x100.jpg 100w\" sizes=\"auto, (max-width: 400px) 100vw, 400px\" \/><\/figure>\r\n\r\n\r\n<div class=\"gb-button-wrapper gb-button-wrapper-6d8495a3\">\r\n\r\n<a class=\"gb-button gb-button-3d442e11 gb-button-text\" href=\"https:\/\/zecovalve.com\/de\/contact\/\" target=\"_blank\" rel=\"noopener noreferrer\"><strong>ERHALTEN SIE DEN PREIS F\u00dcR VOLLST\u00c4NDIG VERSCHWEISSTE KUGELH\u00c4HNE<\/strong><\/a>\r\n\r\n<\/div>\r\n\r\n\r\n\r\n\r\n<h2 class=\"wp-block-heading\" id=\"h-what-is-a-fully-welded-ball-valve\">Was ist ein vollverschwei\u00dfter Kugelhahn?<\/h2>\r\n\r\n\r\n\r\n\r\nEin vollverschwei\u00dftes Ventil ist mit einem vollverschwei\u00dften und geschmiedeten K\u00f6rper konstruiert, um das Gewicht zu reduzieren, die Festigkeit zu erh\u00f6hen und gleichzeitig mehrere potenzielle Leckstellen zu eliminieren. Sie werden verwendet, um den Durchfluss des Mediums in vielen verschiedenen Rohrleitungssystemen anzuschlie\u00dfen und zu unterbrechen. Vollverschwei\u00dfte Kugelh\u00e4hne gelten oft als der am h\u00e4ufigsten verwendete Typ von vollverschwei\u00dften Ventilen und sind in vielen Branchen zu finden, beispielsweise in der Offshore-Erd\u00f6lf\u00f6rderung, der Onshore-Petrochemie, der Fernw\u00e4rme- und Erdgasf\u00f6rderung, dem Schiffsbau und in Kraftwerken. Der vollverschwei\u00dfte Kugelhahn besteht aus geschmiedetem Material und einem geschwei\u00dften K\u00f6rper anstelle von Schrauben und Muttern, um potenzielle Leckagen aus dem K\u00f6rper zu vermeiden. Ein vollverschwei\u00dfter Kugelhahn gew\u00e4hrleistet eine wesentlich zuverl\u00e4ssigere Abdichtung. Die Ventile gibt es vom kugelf\u00f6rmigen oder zylindrischen Typ. Normalerweise hat der kugelf\u00f6rmige Typ nur eine Schwei\u00dfnaht am K\u00f6rper und der zylindrische Typ hat zwei Schwei\u00dfn\u00e4hte am K\u00f6rper.\r\n\r\n\r\n\r\n\r\n<h2 class=\"wp-block-heading\">Aufbau eines vollverschwei\u00dften Kugelhahns<\/h2>\r\n\r\n\r\n\r\n\r\nDer Ventilk\u00f6rper des Kugelhahns wird nach der Montage durch Schwei\u00dfen von sechs teilweise geschmiedeten Schalen hergestellt. Die Struktur ist kompakt und der gesamte Kugelhahn ist integriert. Derzeit sind die in der Produktion verwendeten gro\u00dfkalibrigen Kugelh\u00e4hne meist geteilte dreiteilige Strukturen, und jedes Teil ist durch Bolzen verbunden. Im Vergleich zum dreiteiligen Kugelhahn kann bei gleicher Festigkeit die Wandst\u00e4rke des vollst\u00e4ndig geschwei\u00dften Kugelhahn-Schmiedest\u00fccks sehr d\u00fcnn gemacht werden, das Ventilgewicht kann um ein Viertel reduziert werden und die Best\u00e4ndigkeit gegen Rohrleitungsbiegung und Extrusion wird verbessert.\r\n\r\n\r\n\r\n\r\n<h2 class=\"wp-block-heading\">Produktpalette des vollverschwei\u00dften Kugelhahns<\/h2>\r\n\r\n\r\n\r\n<ul class=\"wp-block-list\">\r\n \t<li>K\u00f6rpermaterial: Niedrigtemperatur-Kohlenstoffstahl, Kohlenstoffstahl<\/li>\r\n \t<li>Nenndurchmesser: 2\u2033\uff5e60\u2033 (DN50~DN1500)<\/li>\r\n \t<li>Druckbereich: Klasse 150\u20132500 (PN10\u2013PN420)<\/li>\r\n \t<li>Endanschluss: RF, RTJ, BW<\/li>\r\n \t<li>Betriebstemperatur: -46 \u00b0C bis +200 \u00b0C.<\/li>\r\n \t<li>Betrieb: Schraubenschl\u00fcssel, Schneckengetriebe, elektrischer, pneumatischer, Gas-\u00fcber-\u00d6l-Antrieb und elektrohydraulischer Antrieb.<\/li>\r\n<\/ul>\r\n\r\n\r\n\r\n<h2 class=\"wp-block-heading\">Merkmale des vollverschwei\u00dften Kugelhahns<\/h2>\r\n\r\n\r\n\r\n<ul class=\"wp-block-list\">\r\n \t<li>Eine Vielzahl von Weichdichtungs- und Hartdichtungssitzmaterialien f\u00fcr mehr Prozessbedingungen<\/li>\r\n \t<li>Das Ventil erf\u00fcllt den NACE-Standard, die Funktion zur Erkennung fl\u00fcchtiger Emissionen und die Brandschutzzertifizierung nach API 607.<\/li>\r\n \t<li>Der Sitz kann mit Doppel- oder Einzelkolben ausgef\u00fchrt werden und hat ein geringeres Betriebsdrehmoment<\/li>\r\n \t<li>Absperrvorrichtungen serienm\u00e4\u00dfig bei hebelbet\u00e4tigten Ventilen<\/li>\r\n \t<li>Alle Ventile verf\u00fcgen \u00fcber eine Selbsthohlraumdruckentlastungsfunktion, um die Sicherheit des Drucks in der mittleren Kammer zu gew\u00e4hrleisten<\/li>\r\n \t<li>Bei Kugelh\u00e4hnen aus Kohlenstoffstahl wird an der Kontaktstelle zwischen Sitzring und Ventilk\u00f6rper sowie an der Stopfbuchse eine Schicht aus rostfreiem Stahl aufgebracht, um ein Feststecken und eine Erh\u00f6hung des Drehmoments zu verhindern.<\/li>\r\n \t<li>Die spezielle Sitzstruktur von PMSS und die zweischichtige Dichtung (erste weiche Dichtung und zweite harte Dichtung) sorgen f\u00fcr eine bessere Leistung des Produkts<\/li>\r\n<\/ul>","protected":false},"excerpt":{"rendered":"<p>Vollverschwei\u00dfte Kugelh\u00e4hne werden aufgrund ihrer Robustheit und des geringen Wartungsaufwands bei Rohrleitungen eingesetzt und werden vor allem f\u00fcr den unterirdischen und \u2026 Einsatz bevorzugt. <a title=\"Vollverschwei\u00dfter Kugelhahn\" class=\"read-more\" href=\"https:\/\/zecovalve.com\/de\/produkt\/fully-welded-ball-valve\" aria-label=\"Mehr zu Vollverschwei\u00dfter Kugelhahn\">Weiterlesen ...<\/a><\/p>","protected":false},"featured_media":26581,"comment_status":"closed","ping_status":"closed","template":"","meta":{"_generate-full-width-content":"","kt_blocks_editor_width":""},"product_cat":[2047,2459],"product_tag":[3913],"class_list":["post-26583","product","type-product","status-publish","has-post-thumbnail","hentry","product_cat-ball-valve","product_cat-ball-valve-by-form","product_tag-full-port-ball-valve","sales-flash-overlay","woocommerce-text-align-center","woocommerce-image-align-center","do-quantity-buttons"],"featured_image_src_large":["https:\/\/zecovalve.com\/wp-content\/uploads\/2022\/08\/A105-\u5168\u710a\u63a5\u7403\u9600.jpg",800,800,false],"author_info":[],"comment_info":0,"taxonomy_info":{"product_cat":[{"value":2047,"label":"Ball Valve"},{"value":2459,"label":"Ball Valve By Form"}],"product_tag":[{"value":3913,"label":"Full Port Ball Valve"}]},"yoast_head":"<!-- This site is optimized with the Yoast SEO Premium plugin v15.4 - https:\/\/yoast.com\/wordpress\/plugins\/seo\/ -->\n<title>Fully Welded Ball Valve - Welded Ball Valve | ZECO Valve<\/title>\n<meta name=\"robots\" content=\"index, follow, max-snippet:-1, max-image-preview:large, max-video-preview:-1\" \/>\n<link rel=\"canonical\" href=\"https:\/\/zecovalve.com\/de\/produkt\/fully-welded-ball-valve\" \/>\n<meta property=\"og:locale\" content=\"de_DE\" \/>\n<meta property=\"og:type\" content=\"article\" \/>\n<meta property=\"og:title\" content=\"Fully Welded Ball Valve - Welded Ball Valve | ZECO Valve\" \/>\n<meta property=\"og:description\" content=\"Fully welded ball valves are used at pipelines for their strength and low maintenance purpose and are preferred mostly for underground and ... Weiterlesen ...\" \/>\n<meta property=\"og:url\" content=\"https:\/\/zecovalve.com\/de\/produkt\/fully-welded-ball-valve\" \/>\n<meta property=\"og:site_name\" content=\"ZECO Valve\" \/>\n<meta property=\"article:modified_time\" content=\"2022-09-20T06:10:35+00:00\" \/>\n<meta property=\"og:image\" content=\"https:\/\/zecovalve.com\/wp-content\/uploads\/2022\/08\/A105-\u5168\u710a\u63a5\u7403\u9600.jpg\" \/>\n\t<meta property=\"og:image:width\" content=\"800\" \/>\n\t<meta property=\"og:image:height\" content=\"800\" \/>\n<meta name=\"twitter:card\" content=\"summary_large_image\" \/>\n<meta name=\"twitter:label1\" content=\"Verfasst von\">\n\t<meta name=\"twitter:data1\" content=\"Jerry\">\n\t<meta name=\"twitter:label2\" content=\"Gesch\u00e4tzte Lesezeit\">\n\t<meta name=\"twitter:data2\" content=\"2\u00a0Minuten\">\n<script type=\"application\/ld+json\" class=\"yoast-schema-graph\">{\"@context\":\"https:\/\/schema.org\",\"@graph\":[{\"@type\":\"WebSite\",\"@id\":\"https:\/\/zecovalve.com\/#website\",\"url\":\"https:\/\/zecovalve.com\/\",\"name\":\"ZECO Valve\",\"description\":\"Industrial Ball Valve, Gate Valve and Globe Valve Manufacturer\",\"potentialAction\":[{\"@type\":\"SearchAction\",\"target\":\"https:\/\/zecovalve.com\/?s={search_term_string}\",\"query-input\":\"required name=search_term_string\"}],\"inLanguage\":\"de\"},{\"@type\":\"ImageObject\",\"@id\":\"https:\/\/zecovalve.com\/product\/fully-welded-ball-valve#primaryimage\",\"inLanguage\":\"de\",\"url\":\"https:\/\/zecovalve.com\/wp-content\/uploads\/2022\/08\/A105-\\u5168\\u710a\\u63a5\\u7403\\u9600.jpg\",\"width\":800,\"height\":800},{\"@type\":\"WebPage\",\"@id\":\"https:\/\/zecovalve.com\/product\/fully-welded-ball-valve#webpage\",\"url\":\"https:\/\/zecovalve.com\/product\/fully-welded-ball-valve\",\"name\":\"Fully Welded Ball Valve - Welded Ball Valve | ZECO Valve\",\"isPartOf\":{\"@id\":\"https:\/\/zecovalve.com\/#website\"},\"primaryImageOfPage\":{\"@id\":\"https:\/\/zecovalve.com\/product\/fully-welded-ball-valve#primaryimage\"},\"datePublished\":\"2022-08-05T15:27:29+00:00\",\"dateModified\":\"2022-09-20T06:10:35+00:00\",\"breadcrumb\":{\"@id\":\"https:\/\/zecovalve.com\/product\/fully-welded-ball-valve#breadcrumb\"},\"inLanguage\":\"de\",\"potentialAction\":[{\"@type\":\"ReadAction\",\"target\":[\"https:\/\/zecovalve.com\/product\/fully-welded-ball-valve\"]}]},{\"@type\":\"BreadcrumbList\",\"@id\":\"https:\/\/zecovalve.com\/product\/fully-welded-ball-valve#breadcrumb\",\"itemListElement\":[{\"@type\":\"ListItem\",\"position\":1,\"item\":{\"@type\":\"WebPage\",\"@id\":\"https:\/\/zecovalve.com\/\",\"url\":\"https:\/\/zecovalve.com\/\",\"name\":\"Home\"}},{\"@type\":\"ListItem\",\"position\":2,\"item\":{\"@type\":\"WebPage\",\"@id\":\"https:\/\/zecovalve.com\/product-category\",\"url\":\"https:\/\/zecovalve.com\/product-category\",\"name\":\"Industrial Valve Manufacturer | Water Valve Manufacturer\"}},{\"@type\":\"ListItem\",\"position\":3,\"item\":{\"@type\":\"WebPage\",\"@id\":\"https:\/\/zecovalve.com\/product\/fully-welded-ball-valve\",\"url\":\"https:\/\/zecovalve.com\/product\/fully-welded-ball-valve\",\"name\":\"Fully Welded Ball Valve\"}}]}]}<\/script>\n<!-- \/ Yoast SEO Premium plugin. -->","_links":{"self":[{"href":"https:\/\/zecovalve.com\/de\/wp-json\/wp\/v2\/product\/26583","targetHints":{"allow":["GET"]}}],"collection":[{"href":"https:\/\/zecovalve.com\/de\/wp-json\/wp\/v2\/product"}],"about":[{"href":"https:\/\/zecovalve.com\/de\/wp-json\/wp\/v2\/types\/product"}],"replies":[{"embeddable":true,"href":"https:\/\/zecovalve.com\/de\/wp-json\/wp\/v2\/comments?post=26583"}],"wp:featuredmedia":[{"embeddable":true,"href":"https:\/\/zecovalve.com\/de\/wp-json\/wp\/v2\/media\/26581"}],"wp:attachment":[{"href":"https:\/\/zecovalve.com\/de\/wp-json\/wp\/v2\/media?parent=26583"}],"wp:term":[{"taxonomy":"product_cat","embeddable":true,"href":"https:\/\/zecovalve.com\/de\/wp-json\/wp\/v2\/product_cat?post=26583"},{"taxonomy":"product_tag","embeddable":true,"href":"https:\/\/zecovalve.com\/de\/wp-json\/wp\/v2\/product_tag?post=26583"}],"curies":[{"name":"wp","href":"https:\/\/api.w.org\/{rel}","templated":true}]}}