{"id":27080,"date":"2022-09-07T06:01:33","date_gmt":"2022-09-07T06:01:33","guid":{"rendered":"https:\/\/zecovalve.com\/?post_type=product&#038;p=27080"},"modified":"2022-09-07T06:45:02","modified_gmt":"2022-09-07T06:45:02","slug":"1-inch-motorized-ball-valve","status":"publish","type":"product","link":"https:\/\/zecovalve.com\/de\/produkt\/1-inch-motorized-ball-valve","title":{"rendered":"1 Zoll motorisierter Kugelhahn"},"content":{"rendered":"Unsere motorisierten 1-Zoll-Kugelh\u00e4hne bieten die Zuverl\u00e4ssigkeit und Robustheit, die Sie von einem etwas gr\u00f6\u00dferen Ventil erwarten w\u00fcrden. Wir haben sie in unz\u00e4hligen Anwendungen eingesetzt gesehen. Ihre Konsistenz, Wasserbest\u00e4ndigkeit und Zuverl\u00e4ssigkeit machen sie zu einer gro\u00dfartigen Wahl f\u00fcr Ihr Projekt.\r\n\r\n\r\n\r\n\r\n<figure class=\"wp-block-image size-large is-resized\"><img loading=\"lazy\" decoding=\"async\" class=\"wp-image-27081\" src=\"https:\/\/zecovalve.com\/wp-content\/uploads\/2022\/09\/1-inch-motorized-ball-valve-898x1024.jpg\" alt=\"\" width=\"449\" height=\"512\" srcset=\"https:\/\/zecovalve.com\/wp-content\/uploads\/2022\/09\/1-inch-motorized-ball-valve-898x1024.jpg 898w, https:\/\/zecovalve.com\/wp-content\/uploads\/2022\/09\/1-inch-motorized-ball-valve-263x300.jpg 263w, https:\/\/zecovalve.com\/wp-content\/uploads\/2022\/09\/1-inch-motorized-ball-valve-768x876.jpg 768w, https:\/\/zecovalve.com\/wp-content\/uploads\/2022\/09\/1-inch-motorized-ball-valve-1347x1536.jpg 1347w, https:\/\/zecovalve.com\/wp-content\/uploads\/2022\/09\/1-inch-motorized-ball-valve-1796x2048.jpg 1796w, https:\/\/zecovalve.com\/wp-content\/uploads\/2022\/09\/1-inch-motorized-ball-valve-600x684.jpg 600w\" sizes=\"auto, (max-width: 449px) 100vw, 449px\" \/><\/figure>\r\n\r\n\r\n\r\n\r\n<div class=\"gb-button-wrapper gb-button-wrapper-6d8495a3\">\r\n\r\n<a class=\"gb-button gb-button-3d442e11 gb-button-text\" href=\"mailto:commercial@zecovalve.com\" target=\"_blank\" rel=\"noopener noreferrer\"><strong>ERHALTEN SIE DEN PREIS F\u00dcR 1-ZOLL-MOTORISIERTE KUGELHAHN<\/strong><\/a>\r\n\r\n<\/div>\r\n\r\n\r\n<h2 class=\"wp-block-heading\" id=\"h-what-is-motorized-ball-valve\">Was ist ein motorisierter Kugelhahn?<\/h2>\r\n\r\n\r\n\r\n\r\nDiese werden auch als bet\u00e4tigte Kugelh\u00e4hne bezeichnet und verf\u00fcgen \u00fcber einen Motor, der hohe Durchflussraten und Dr\u00fccke bew\u00e4ltigen kann. Alle werden mit Strom betrieben, um den Durchfluss automatisch zu starten und zu stoppen. Ventile k\u00f6nnen so verdrahtet werden, dass sie normalerweise geschlossen sind, sofern sie nicht bet\u00e4tigt werden, oder als normalerweise offen, sofern sie nicht bet\u00e4tigt werden. F\u00fcr den Betrieb ist kein Mindestdruckabfall zwischen Einlass und Auslass erforderlich. Der Aktuator ist direkt am Ventilk\u00f6rper montiert, um die Bewegung zu minimieren und den Verschlei\u00df zu verringern. Eine visuelle Durchflussanzeige oben am Aktuator zeigt an, ob das Ventil ge\u00f6ffnet oder geschlossen ist. Die manuelle \u00dcbersteuerung erm\u00f6glicht es Ihnen, das Ventil bei Stromausf\u00e4llen zu bedienen. Motorisierte Kugelh\u00e4hne steuern den Durchfluss eines Mediums, einer Fl\u00fcssigkeit oder eines Gases innerhalb eines automatisierten Prozesssteuerungssystems, ohne dass eine pneumatische Luftzufuhr erforderlich ist. Sie werden auch als motorisierte Kugelh\u00e4hne bezeichnet und sind in Ger\u00e4ten zur Lebensmittelverarbeitung, Fertigungsanlagen und Bew\u00e4sserungssystemen weit verbreitet.\r\n\r\n\r\n\r\n\r\n<h2 class=\"wp-block-heading\">Spezifikationen des motorisierten 1-Zoll-Kugelhahns<\/h2>\r\n\r\n\r\n\r\n<ul class=\"wp-block-list\">\r\n \t<li>2-Wege, bidirektional<\/li>\r\n \t<li>Normalerweise offen<\/li>\r\n \t<li>Bet\u00e4tigen Sie den Aktuator, um das Ventil zu schlie\u00dfen<\/li>\r\n \t<li>Durch Abschalten der Stromversorgung wird das Ventil ge\u00f6ffnet (die Ventile \u00f6ffnen sich mit Energie aus dem internen Kondensator).<\/li>\r\n \t<li>Optische Ventilstellungsanzeige<\/li>\r\n \t<li>Hervorragende Wahl f\u00fcr Anwendungen mit Schwerkraftzufuhr<\/li>\r\n \t<li>Hervorragende Wahl f\u00fcr Anwendungen, die lange Aktivierungszeitr\u00e4ume erfordern<\/li>\r\n<\/ul>\r\n\r\n\r\n\r\n<h2 class=\"wp-block-heading\">Technische Daten der Kugelhahnantriebe<\/h2>\r\n\r\n\r\n\r\n<ul class=\"wp-block-list\">\r\n \t<li>Geringer Stromverbrauch nur bei Positions\u00e4nderung. Schaltet den Antrieb ab.<\/li>\r\n \t<li>Kleine Gr\u00f6\u00dfe, geeignet f\u00fcr Ventile<\/li>\r\n \t<li>Stromverbrauch \u2013 A80 ECO \u2013 10W, A83 \u2013 6W<\/li>\r\n \t<li>Maximales Drehmoment \u2013 8 Nm<\/li>\r\n \t<li>\u00d6ffnungs-\/Schlie\u00dfzeit \u2013 A80 ECO \u2013 10s, A83 \u2013 8s<\/li>\r\n \t<li>Wasserdichte Klasse \u2013 IP54<\/li>\r\n \t<li>Geh\u00e4usefarbe \u2013 A80 ECO \u2013 blau, A83 \u2013 orange<\/li>\r\n \t<li>Geh\u00e4usematerial \u2013 PA<\/li>\r\n \t<li>Der Mechanismus aus Stahl<\/li>\r\n \t<li>Mechanische Positionsanzeige am Deckel (au\u00dfer A80 ECO)<\/li>\r\n \t<li>Drahtl\u00e4nge 900 mm<\/li>\r\n \t<li>Umgebungstemperatur: -10 \u00b0C bis 50 \u00b0C<\/li>\r\n<\/ul>\r\n\r\n\r\n\r\n<h2 class=\"wp-block-heading\">Wartung und Reparatur von 1-Zoll-Motorkugelh\u00e4hnen<\/h2>\r\n\r\n\r\n\r\n\r\nWarten und reparieren Sie diese Ventile, ohne Rohrverbindungen zu l\u00f6sen. Sie haben einen dreiteiligen, verschraubten K\u00f6rper, der sich in der Leitung auseinandernehmen l\u00e4sst, um einfachen Zugang zu den internen Komponenten zu erhalten. Alle werden mit Strom betrieben, um den Durchfluss automatisch zu starten und zu stoppen. F\u00fcr den Betrieb der Ventile ist kein Mindestdruckabfall zwischen Einlass und Auslass erforderlich. Alle k\u00f6nnen als normalerweise geschlossen (sofern nicht bet\u00e4tigt) oder normalerweise offen (sofern nicht bet\u00e4tigt) verdrahtet werden. Sie haben einen vollen Durchgang, sodass sie den Durchfluss nicht einschr\u00e4nken.","protected":false},"excerpt":{"rendered":"<p>Unsere motorisierten 1-Zoll-Kugelh\u00e4hne bieten die Zuverl\u00e4ssigkeit und Robustheit, die Sie von einem etwas gr\u00f6\u00dferen Ventil erwarten w\u00fcrden. Wir haben gesehen \u2026 <a title=\"1 Zoll motorisierter Kugelhahn\" class=\"read-more\" href=\"https:\/\/zecovalve.com\/de\/produkt\/1-inch-motorized-ball-valve\" aria-label=\"Mehr zu 1 Inch Motorized Ball Valve\">Weiterlesen ...<\/a><\/p>","protected":false},"featured_media":27081,"comment_status":"closed","ping_status":"closed","template":"","meta":{"_generate-full-width-content":"","kt_blocks_editor_width":""},"product_cat":[2047,2460],"product_tag":[3054,3295,3293,3869,3255,3291,3868,3294,2766,3292,2727],"class_list":["post-27080","product","type-product","status-publish","has-post-thumbnail","hentry","product_cat-ball-valve","product_cat-ball-valve-by-drive-mode","product_tag-1-ball-valve","product_tag-ball-valve-electric","product_tag-electric-actuated-ball-valve","product_tag-electric-actuator-ball-valve","product_tag-electric-ball-valve","product_tag-electrical-ball-valve","product_tag-electrically-actuated-ball-valve","product_tag-electronic-ball-valve","product_tag-motorised-valve","product_tag-motorized-ball-valve","product_tag-motorized-valve","sales-flash-overlay","woocommerce-text-align-center","woocommerce-image-align-center","do-quantity-buttons"],"featured_image_src_large":["https:\/\/zecovalve.com\/wp-content\/uploads\/2022\/09\/1-inch-motorized-ball-valve-898x1024.jpg",898,1024,true],"author_info":[],"comment_info":0,"taxonomy_info":{"product_cat":[{"value":2047,"label":"Ball Valve"},{"value":2460,"label":"Ball Valve By Drive Mode"}],"product_tag":[{"value":3054,"label":"1\" Ball Valve"},{"value":3295,"label":"Ball Valve Electric"},{"value":3293,"label":"Electric Actuated Ball Valve"},{"value":3869,"label":"Electric Actuator Ball Valve"},{"value":3255,"label":"Electric Ball Valve"},{"value":3291,"label":"Electrical Ball Valve"},{"value":3868,"label":"Electrically Actuated Ball Valve"},{"value":3294,"label":"Electronic Ball Valve"},{"value":2766,"label":"Motorised Valve"},{"value":3292,"label":"Motorized Ball Valve"},{"value":2727,"label":"Motorized Valve"}]},"yoast_head":"<!-- This site is optimized with the Yoast SEO Premium plugin v15.4 - https:\/\/yoast.com\/wordpress\/plugins\/seo\/ -->\n<title>1 Inch Motorized Ball Valve - Electric Ball Valve Manufacturer | ZECO Valve<\/title>\n<meta name=\"robots\" content=\"index, follow, max-snippet:-1, max-image-preview:large, max-video-preview:-1\" \/>\n<link rel=\"canonical\" href=\"https:\/\/zecovalve.com\/de\/produkt\/1-inch-motorized-ball-valve\" \/>\n<meta property=\"og:locale\" content=\"de_DE\" \/>\n<meta property=\"og:type\" content=\"article\" \/>\n<meta property=\"og:title\" content=\"1 Inch Motorized Ball Valve - Electric Ball Valve Manufacturer | ZECO Valve\" \/>\n<meta property=\"og:description\" content=\"Our 1\u201d motorized ball valves come with the reliability and sturdiness you would expect with a slightly larger valve. We have seen ... Weiterlesen ...\" \/>\n<meta property=\"og:url\" content=\"https:\/\/zecovalve.com\/de\/produkt\/1-inch-motorized-ball-valve\" \/>\n<meta property=\"og:site_name\" content=\"ZECO Valve\" \/>\n<meta property=\"article:modified_time\" content=\"2022-09-07T06:45:02+00:00\" \/>\n<meta property=\"og:image\" content=\"https:\/\/zecovalve.com\/wp-content\/uploads\/2022\/09\/1-inch-motorized-ball-valve-scaled.jpg\" \/>\n\t<meta property=\"og:image:width\" content=\"2245\" \/>\n\t<meta property=\"og:image:height\" content=\"2560\" \/>\n<meta name=\"twitter:card\" content=\"summary_large_image\" \/>\n<meta name=\"twitter:label1\" content=\"Verfasst von\">\n\t<meta name=\"twitter:data1\" content=\"Jerry\">\n\t<meta name=\"twitter:label2\" content=\"Gesch\u00e4tzte Lesezeit\">\n\t<meta name=\"twitter:data2\" content=\"2\u00a0Minuten\">\n<script type=\"application\/ld+json\" class=\"yoast-schema-graph\">{\"@context\":\"https:\/\/schema.org\",\"@graph\":[{\"@type\":\"WebSite\",\"@id\":\"https:\/\/zecovalve.com\/#website\",\"url\":\"https:\/\/zecovalve.com\/\",\"name\":\"ZECO Valve\",\"description\":\"Industrial Ball Valve, Gate Valve and Globe Valve Manufacturer\",\"potentialAction\":[{\"@type\":\"SearchAction\",\"target\":\"https:\/\/zecovalve.com\/?s={search_term_string}\",\"query-input\":\"required name=search_term_string\"}],\"inLanguage\":\"de\"},{\"@type\":\"ImageObject\",\"@id\":\"https:\/\/zecovalve.com\/product\/1-inch-motorized-ball-valve#primaryimage\",\"inLanguage\":\"de\",\"url\":\"https:\/\/zecovalve.com\/wp-content\/uploads\/2022\/09\/1-inch-motorized-ball-valve-scaled.jpg\",\"width\":2245,\"height\":2560},{\"@type\":\"WebPage\",\"@id\":\"https:\/\/zecovalve.com\/product\/1-inch-motorized-ball-valve#webpage\",\"url\":\"https:\/\/zecovalve.com\/product\/1-inch-motorized-ball-valve\",\"name\":\"1 Inch Motorized Ball Valve - Electric Ball Valve Manufacturer | ZECO Valve\",\"isPartOf\":{\"@id\":\"https:\/\/zecovalve.com\/#website\"},\"primaryImageOfPage\":{\"@id\":\"https:\/\/zecovalve.com\/product\/1-inch-motorized-ball-valve#primaryimage\"},\"datePublished\":\"2022-09-07T06:01:33+00:00\",\"dateModified\":\"2022-09-07T06:45:02+00:00\",\"breadcrumb\":{\"@id\":\"https:\/\/zecovalve.com\/product\/1-inch-motorized-ball-valve#breadcrumb\"},\"inLanguage\":\"de\",\"potentialAction\":[{\"@type\":\"ReadAction\",\"target\":[\"https:\/\/zecovalve.com\/product\/1-inch-motorized-ball-valve\"]}]},{\"@type\":\"BreadcrumbList\",\"@id\":\"https:\/\/zecovalve.com\/product\/1-inch-motorized-ball-valve#breadcrumb\",\"itemListElement\":[{\"@type\":\"ListItem\",\"position\":1,\"item\":{\"@type\":\"WebPage\",\"@id\":\"https:\/\/zecovalve.com\/\",\"url\":\"https:\/\/zecovalve.com\/\",\"name\":\"Home\"}},{\"@type\":\"ListItem\",\"position\":2,\"item\":{\"@type\":\"WebPage\",\"@id\":\"https:\/\/zecovalve.com\/product-category\",\"url\":\"https:\/\/zecovalve.com\/product-category\",\"name\":\"Industrial Valve Manufacturer | Water Valve Manufacturer\"}},{\"@type\":\"ListItem\",\"position\":3,\"item\":{\"@type\":\"WebPage\",\"@id\":\"https:\/\/zecovalve.com\/product\/1-inch-motorized-ball-valve\",\"url\":\"https:\/\/zecovalve.com\/product\/1-inch-motorized-ball-valve\",\"name\":\"1 Inch Motorized Ball Valve\"}}]}]}<\/script>\n<!-- \/ Yoast SEO Premium plugin. -->","_links":{"self":[{"href":"https:\/\/zecovalve.com\/de\/wp-json\/wp\/v2\/product\/27080","targetHints":{"allow":["GET"]}}],"collection":[{"href":"https:\/\/zecovalve.com\/de\/wp-json\/wp\/v2\/product"}],"about":[{"href":"https:\/\/zecovalve.com\/de\/wp-json\/wp\/v2\/types\/product"}],"replies":[{"embeddable":true,"href":"https:\/\/zecovalve.com\/de\/wp-json\/wp\/v2\/comments?post=27080"}],"wp:featuredmedia":[{"embeddable":true,"href":"https:\/\/zecovalve.com\/de\/wp-json\/wp\/v2\/media\/27081"}],"wp:attachment":[{"href":"https:\/\/zecovalve.com\/de\/wp-json\/wp\/v2\/media?parent=27080"}],"wp:term":[{"taxonomy":"product_cat","embeddable":true,"href":"https:\/\/zecovalve.com\/de\/wp-json\/wp\/v2\/product_cat?post=27080"},{"taxonomy":"product_tag","embeddable":true,"href":"https:\/\/zecovalve.com\/de\/wp-json\/wp\/v2\/product_tag?post=27080"}],"curies":[{"name":"wp","href":"https:\/\/api.w.org\/{rel}","templated":true}]}}