{"id":27268,"date":"2022-10-24T03:08:15","date_gmt":"2022-10-24T03:08:15","guid":{"rendered":"https:\/\/zecovalve.com\/?post_type=product&#038;p=27268"},"modified":"2023-06-17T02:45:07","modified_gmt":"2023-06-17T02:45:07","slug":"axial-check-valve","status":"publish","type":"product","link":"https:\/\/zecovalve.com\/de\/produkt\/axial-check-valve","title":{"rendered":"Axiales R\u00fcckschlagventil"},"content":{"rendered":"<figure class=\"wp-block-image size-full is-resized\">\r\n<figure id=\"attachment_27935\" aria-describedby=\"caption-attachment-27935\" style=\"width: 290px\" class=\"wp-caption alignnone\"><img loading=\"lazy\" decoding=\"async\" class=\"wp-image-27935 size-medium\" src=\"https:\/\/zecovalve.com\/wp-content\/uploads\/2022\/10\/Axial-Check-Valve-2-300x225.jpg\" alt=\"Axiales R\u00fcckschlagventil\" width=\"300\" height=\"225\" srcset=\"https:\/\/zecovalve.com\/wp-content\/uploads\/2022\/10\/Axial-Check-Valve-2-300x225.jpg 300w, https:\/\/zecovalve.com\/wp-content\/uploads\/2022\/10\/Axial-Check-Valve-2-768x576.jpg 768w, https:\/\/zecovalve.com\/wp-content\/uploads\/2022\/10\/Axial-Check-Valve-2-600x450.jpg 600w, https:\/\/zecovalve.com\/wp-content\/uploads\/2022\/10\/Axial-Check-Valve-2.jpg 800w\" sizes=\"auto, (max-width: 300px) 100vw, 300px\" \/><figcaption id=\"caption-attachment-27935\" class=\"wp-caption-text\">Axiales R\u00fcckschlagventil<\/figcaption><\/figure>\r\n<\/figure>\r\n\r\n\r\n<div class=\"gb-button-wrapper gb-button-wrapper-6d8495a3\">\r\n\r\n\r\n<p><a class=\"gb-button gb-button-3d442e11 gb-button-text\" href=\"mailto:commercial@zecovalve.com\" target=\"_blank\" rel=\"noopener noreferrer\"><strong>PREIS F\u00dcR AXIAL-R\u00dcCKSCHLAGVENTIL ERHALTEN<\/strong><\/a><\/p>\r\n<\/div>\r\n\r\n\r\n\r\n\r\n<h2 class=\"wp-block-heading\" id=\"h-what-is-an-axial-flow-in-the-check-valve\">Was ist ein Axialfluss im R\u00fcckschlagventil?<\/h2>\r\n\r\n\r\n\r\n<p>Axialfluss im R\u00fcckschlagventil bedeutet, dass die Fl\u00fcssigkeit oder das Gas parallel zur Achse flie\u00dft. Es handelt sich um ein Axialfluss-Shuttle-Strukturdesign, und die Scheibenanordnung mit Feder hat D\u00e4mpfungs- und Antivibrationsfunktionen. Wenn das Medium stromabw\u00e4rts flie\u00dft, wird die Scheibe aufgesto\u00dfen und die Fl\u00fcssigkeit durch den K\u00f6rper \u00fcber die axiale Str\u00f6mungskanalzirkulation geleitet. Und die Feder hat hier eine D\u00e4mpfungswirkung, um die Sto\u00dfvibration zwischen der Scheibe und dem K\u00f6rper zu vermeiden, wenn ein Standard-R\u00fcckschlagventil \u00f6ffnet. Wenn das Medium in die entgegengesetzte Richtung flie\u00dft, schlie\u00dft die Scheibe sehr schnell, und die Scheibe und der Ventilsitz sind dicht aufeinander abgestimmt, um die Fl\u00fcssigkeit aus der Gegenstr\u00f6mungsrichtung abzuschneiden.<\/p>\r\n\r\n\r\n\r\n<p>Die Axial-R\u00fcckschlagventile reagieren schnell und sind ger\u00e4uschlos und verhindern ein Zuschlagen bei Druckst\u00f6\u00dfen oder Sch\u00e4den durch Wasserschl\u00e4ge. Sie sind insbesondere f\u00fcr schnell umkehrende Systeme konzipiert, bei denen es regelm\u00e4\u00dfig zu R\u00fcckflussproblemen kommt.<\/p>\r\n\r\n\r\n\r\n<h2 class=\"wp-block-heading\">Was ist ein Axialr\u00fcckschlagventil?<\/h2>\r\n\r\n\r\n\r\n<p>Ein Axialr\u00fcckschlagventil ist eine Art ger\u00e4uschloses R\u00fcckschlagventil. Das R\u00fcckschlagventil wird vom Medium selbst angetrieben und \u00f6ffnet und schlie\u00dft die Ventilscheibe automatisch. Im Allgemeinen wird es verwendet, um den R\u00fcckfluss von Fl\u00fcssigkeiten oder Gasen zu verhindern. Ein Durchflussr\u00fcckschlagventil kann als Einwegventil, R\u00fcckschlagventil, R\u00fcckflussventil, R\u00fcckschlagventil und Gegendruckventil bezeichnet werden. Ein Axialr\u00fcckschlagventil ist seit 2008 ein beliebtes Industrieventil. Dieses Ventil hat die Funktion eines allgemeinen R\u00fcckschlagventils und ist mit einer sto\u00dfd\u00e4mpfenden Feder, einem kombinierten Metallsitz und einer weichen Sitzstruktur ausgestattet, die f\u00fcr die Wartung durch den Endbenutzer vor Ort einfach ist.<\/p>\r\n\r\n\r\n\r\n<p>Das Axialr\u00fcckschlagventil weist eine besondere Dichtungsstruktur auf. Unabh\u00e4ngig davon, ob der Druck nachgeschaltet hoch oder niedrig ist, ist das Ventil dauerhaft dicht geschlossen und weist eine ausgezeichnete Absperrleistung auf. Es \u00fcberwindet den Nachteil der mangelnden Absperrleistung des allgemeinen R\u00fcckschlagventils bei niedrigem Gegendruck. ZECO Valve hat ein Axialr\u00fcckschlagventil mit einer einzigartigen Axialpendelstruktur hergestellt. Es bietet die Vorteile eines geringen Str\u00f6mungswiderstands, eines signifikanten Durchflusskoeffizienten, eines kompakten Designs usw. Es ist das beste Ventil f\u00fcr \u00d6l- und Gassammel- und -\u00fcbertragungsleitungssysteme, insbesondere f\u00fcr den Auslass von \u00d6l\u00fcbertragungspumpen.<\/p>\r\n\r\n\r\n\r\n<h2 class=\"wp-block-heading\">Spezifikationen des Axial-R\u00fcckschlagventils<\/h2>\r\n\r\n\r\n\r\n<ul class=\"wp-block-list\">\r\n<li>VENTILDESIGN\r\n<ul>\r\n<li>basierend auf API 6D und Kundenanforderungen<\/li>\r\n<\/ul>\r\n<\/li>\r\n<li>TEMPERATURBEREICH\r\n<ul>\r\n<li>-150 bis 662 \u00b0F (-101 bis 350 \u00b0C)<\/li>\r\n<\/ul>\r\n<\/li>\r\n<li>GR\u00d6SSE\r\n<ul>\r\n<li>NPS 2 \u2013 56 (DN 50-1400)<\/li>\r\n<\/ul>\r\n<\/li>\r\n<li>DRUCKRATE\r\n<ul>\r\n<li>ASME 150 \u2013 ASME 2500<\/li>\r\n<\/ul>\r\n<\/li>\r\n<li>ANGESICHT ZU ANGESICHT\r\n<ul>\r\n<li>Gem\u00e4\u00df API 6D-Standard<\/li>\r\n<\/ul>\r\n<\/li>\r\n<li>ENDVERBINDUNGEN\r\n<ul>\r\n<li>RF, RTJ gem\u00e4\u00df B16.5 und B16.47<\/li>\r\n<li>BW, Stumpfschwei\u00dfung gem\u00e4\u00df B16.25<\/li>\r\n<\/ul>\r\n<\/li>\r\n<li>Karosseriedesign\r\n<ul>\r\n<li>Aus einem St\u00fcck gegossen \/ aus zwei Teilen verschraubt f\u00fcr Gr\u00f6\u00dfen &gt; 20 Zoll.<\/li>\r\n<li>Geschmiedet, verschraubt, einteilig\/dreiteilig<\/li>\r\n<\/ul>\r\n<\/li>\r\n<li>SITZDESIGN\r\n<ul>\r\n<li>Metallgelagert mit Hartbeschichtung auf Scheibe und Sitz<\/li>\r\n<\/ul>\r\n<\/li>\r\n<\/ul>\r\n\r\n\r\n\r\n<h2 class=\"wp-block-heading\">Wie werden Axialr\u00fcckschlagventile eingesetzt?<\/h2>\r\n\r\n\r\n\r\n<p>Axiale R\u00fcckschlagventile sind speziell f\u00fcr schnell umkehrende Systeme konzipiert, bei denen R\u00fcckfluss ein st\u00e4ndiges Problem darstellt. Sie werden als nicht zuschlagende R\u00fcckschlagventile eingestuft, da das Ventil schlie\u00dft, ohne zuzuschlagen, d. h. es entstehen keine \u00fcberm\u00e4\u00dfigen Druckspitzen. Die meisten axialen R\u00fcckschlagventile sind federbelastet und verf\u00fcgen \u00fcber eine einzelne Scheibe mit geringer Masse, die eine schnelle, dynamische Reaktion auf eine Durchflussreduzierung erm\u00f6glicht. Da es sich um eine einzelne Scheibe und eine Feder handelt, ist die Kraft beim \u00d6ffnen der Scheibe ausgeglichen, was zu einem gleichm\u00e4\u00dfigen Durchfluss f\u00fchrt.<\/p>\r\n\r\n\r\n\r\n<h2 class=\"wp-block-heading\">Merkmale von Axialr\u00fcckschlagventilen<\/h2>\r\n\r\n\r\n\r\n<ul class=\"wp-block-list\">\r\n<li>Axialstr\u00f6mung\r\n<ul>\r\n<li>Der optimierte Str\u00f6mungsweg durch den erweiterten K\u00f6rper mit voller \u00d6ffnung vermeidet Turbulenzen und verhindert Erosion und Vibration. Prozessausfallzeiten und Wartungskosten werden eliminiert.<\/li>\r\n<\/ul>\r\n<\/li>\r\n<li>Geringer Druckverlust\r\n<ul>\r\n<li>Der vollst\u00e4ndig ge\u00f6ffnete Durchflusskanal und die Hochdruckr\u00fcckgewinnung des venturif\u00f6rmigen K\u00f6rpers f\u00fchren zu einem sehr geringen Druckverlust und reduzierten Betriebskosten von Pumpen und Kompressoren.<\/li>\r\n<\/ul>\r\n<\/li>\r\n<li>Dichter Verschluss\r\n<ul>\r\n<li>Die dichte Absperrung wird durch die metallische Abdichtung zwischen Scheibe und Sitz erreicht. Diese Abdichtung wird nicht durch Erosion und Materialverformung beeintr\u00e4chtigt (wie bei einer Weichdichtung).<\/li>\r\n<\/ul>\r\n<\/li>\r\n<li>Niedriger \u00d6ffnungsdruck\r\n<ul>\r\n<li>Die Stabilit\u00e4t eines Kompressorsystems beim Anfahren profitiert von einem niedrigen \u00d6ffnungsdruck. Dies wird durch eine gro\u00dfe Scheibe erreicht, die auf beiden Seiten identische wirksame Druckfl\u00e4chen aufweist (Linienkontaktdichtung).<\/li>\r\n<\/ul>\r\n<\/li>\r\n<li>Einfaches \u00d6ffnen und stabiler Betrieb\r\n<ul>\r\n<li>Der niedrige statische Druck im venturif\u00f6rmigen Halsbereich erzeugt einen Druckunterschied \u00fcber der Scheibe, was zu einer leichten \u00d6ffnung f\u00fchrt. Das axiale R\u00fcckschlagventil reagiert sanft auf Durchfluss\u00e4nderungen und bleibt stabil, wenn es so sein soll.<\/li>\r\n<\/ul>\r\n<\/li>\r\n<li>Nicht-Schlagbetrieb\r\n<ul>\r\n<li>Das federunterst\u00fctzte Design gew\u00e4hrleistet ein ultraschnelles Schlie\u00dfen praktisch ohne R\u00fcckfluss und Druckst\u00f6\u00dfe in kritischen Anwendungen wie Mehrpumpensystemen oder LNG-Strecken.<\/li>\r\n<\/ul>\r\n<\/li>\r\n<li>Wartungsfrei\r\n<ul>\r\n<li>Der innere Aufbau basiert auf der Anwendung fundierter maschinenbaulicher Grundprinzipien. ZECO Axial-R\u00fcckschlagventile sind daher wartungsfrei.<\/li>\r\n<\/ul>\r\n<\/li>\r\n<li>Zuverl\u00e4ssige Leistungsvorhersage\r\n<ul>\r\n<li>Sowohl der Druckabfall als auch das dynamische Verhalten lassen sich auf Grundlage von gro\u00df angelegten Durchflusstests im Labor und eines in Zusammenarbeit mit einem anerkannten Fluidhydrauliklabor entwickelten mathematischen Modells mit gro\u00dfer Genauigkeit vorhersagen.<\/li>\r\n<\/ul>\r\n<\/li>\r\n<\/ul>","protected":false},"excerpt":{"rendered":"<p>Was ist ein Axialfluss im R\u00fcckschlagventil? Axialfluss im R\u00fcckschlagventil bedeutet, dass die Fl\u00fcssigkeit oder das Gas parallel flie\u00dft \u2026 <a title=\"Axiales R\u00fcckschlagventil\" class=\"read-more\" href=\"https:\/\/zecovalve.com\/de\/produkt\/axial-check-valve\" aria-label=\"Mehr zu Axial Check Valve\">Weiterlesen ...<\/a><\/p>","protected":false},"featured_media":27935,"comment_status":"closed","ping_status":"closed","template":"","meta":{"_generate-full-width-content":"","kt_blocks_editor_width":""},"product_cat":[2455],"product_tag":[2657,2661],"class_list":["post-27268","product","type-product","status-publish","has-post-thumbnail","hentry","product_cat-check-valve","product_tag-non-return-valve","product_tag-nrv-valve","sales-flash-overlay","woocommerce-text-align-center","woocommerce-image-align-center","do-quantity-buttons"],"featured_image_src_large":["https:\/\/zecovalve.com\/wp-content\/uploads\/2022\/10\/Axial-Check-Valve-2.jpg",800,600,false],"author_info":[],"comment_info":0,"taxonomy_info":{"product_cat":[{"value":2455,"label":"Check Valve"}],"product_tag":[{"value":2657,"label":"Non Return Valve"},{"value":2661,"label":"NRV Valve"}]},"yoast_head":"<!-- This site is optimized with the Yoast SEO Premium plugin v15.4 - https:\/\/yoast.com\/wordpress\/plugins\/seo\/ -->\n<title>Axial Check Valve - Axial Check Valve Factory | ZECO Valve<\/title>\n<meta name=\"robots\" content=\"index, follow, max-snippet:-1, max-image-preview:large, max-video-preview:-1\" \/>\n<link rel=\"canonical\" href=\"https:\/\/zecovalve.com\/de\/produkt\/axial-check-valve\" \/>\n<meta property=\"og:locale\" content=\"de_DE\" \/>\n<meta property=\"og:type\" content=\"article\" \/>\n<meta property=\"og:title\" content=\"Axial Check Valve - Axial Check Valve Factory | ZECO Valve\" \/>\n<meta property=\"og:description\" content=\"What is an Axial Flow in the Check Valve? Axial flow in the check valve means the fluid or gas flowing parallel ... Weiterlesen ...\" \/>\n<meta property=\"og:url\" content=\"https:\/\/zecovalve.com\/de\/produkt\/axial-check-valve\" \/>\n<meta property=\"og:site_name\" content=\"ZECO Valve\" \/>\n<meta property=\"article:modified_time\" content=\"2023-06-17T02:45:07+00:00\" \/>\n<meta property=\"og:image\" content=\"https:\/\/zecovalve.com\/wp-content\/uploads\/2022\/10\/Axial-Check-Valve-2.jpg\" \/>\n\t<meta property=\"og:image:width\" content=\"800\" \/>\n\t<meta property=\"og:image:height\" content=\"600\" \/>\n<meta name=\"twitter:card\" content=\"summary_large_image\" \/>\n<meta name=\"twitter:label1\" content=\"Verfasst von\">\n\t<meta name=\"twitter:data1\" content=\"Jerry\">\n\t<meta name=\"twitter:label2\" content=\"Gesch\u00e4tzte Lesezeit\">\n\t<meta name=\"twitter:data2\" content=\"3\u00a0Minuten\">\n<script type=\"application\/ld+json\" class=\"yoast-schema-graph\">{\"@context\":\"https:\/\/schema.org\",\"@graph\":[{\"@type\":\"WebSite\",\"@id\":\"https:\/\/zecovalve.com\/#website\",\"url\":\"https:\/\/zecovalve.com\/\",\"name\":\"ZECO Valve\",\"description\":\"Industrial Ball Valve, Gate Valve and Globe Valve Manufacturer\",\"potentialAction\":[{\"@type\":\"SearchAction\",\"target\":\"https:\/\/zecovalve.com\/?s={search_term_string}\",\"query-input\":\"required name=search_term_string\"}],\"inLanguage\":\"de\"},{\"@type\":\"ImageObject\",\"@id\":\"https:\/\/zecovalve.com\/product\/axial-check-valve#primaryimage\",\"inLanguage\":\"de\",\"url\":\"https:\/\/zecovalve.com\/wp-content\/uploads\/2022\/10\/Axial-Check-Valve-2.jpg\",\"width\":800,\"height\":600,\"caption\":\"Axial Check Valve\"},{\"@type\":\"WebPage\",\"@id\":\"https:\/\/zecovalve.com\/product\/axial-check-valve#webpage\",\"url\":\"https:\/\/zecovalve.com\/product\/axial-check-valve\",\"name\":\"Axial Check Valve - Axial Check Valve Factory | ZECO Valve\",\"isPartOf\":{\"@id\":\"https:\/\/zecovalve.com\/#website\"},\"primaryImageOfPage\":{\"@id\":\"https:\/\/zecovalve.com\/product\/axial-check-valve#primaryimage\"},\"datePublished\":\"2022-10-24T03:08:15+00:00\",\"dateModified\":\"2023-06-17T02:45:07+00:00\",\"breadcrumb\":{\"@id\":\"https:\/\/zecovalve.com\/product\/axial-check-valve#breadcrumb\"},\"inLanguage\":\"de\",\"potentialAction\":[{\"@type\":\"ReadAction\",\"target\":[\"https:\/\/zecovalve.com\/product\/axial-check-valve\"]}]},{\"@type\":\"BreadcrumbList\",\"@id\":\"https:\/\/zecovalve.com\/product\/axial-check-valve#breadcrumb\",\"itemListElement\":[{\"@type\":\"ListItem\",\"position\":1,\"item\":{\"@type\":\"WebPage\",\"@id\":\"https:\/\/zecovalve.com\/\",\"url\":\"https:\/\/zecovalve.com\/\",\"name\":\"Home\"}},{\"@type\":\"ListItem\",\"position\":2,\"item\":{\"@type\":\"WebPage\",\"@id\":\"https:\/\/zecovalve.com\/product-category\",\"url\":\"https:\/\/zecovalve.com\/product-category\",\"name\":\"Industrial Valve Manufacturer | Water Valve Manufacturer\"}},{\"@type\":\"ListItem\",\"position\":3,\"item\":{\"@type\":\"WebPage\",\"@id\":\"https:\/\/zecovalve.com\/product\/axial-check-valve\",\"url\":\"https:\/\/zecovalve.com\/product\/axial-check-valve\",\"name\":\"Axial Check Valve\"}}]}]}<\/script>\n<!-- \/ Yoast SEO Premium plugin. -->","_links":{"self":[{"href":"https:\/\/zecovalve.com\/de\/wp-json\/wp\/v2\/product\/27268","targetHints":{"allow":["GET"]}}],"collection":[{"href":"https:\/\/zecovalve.com\/de\/wp-json\/wp\/v2\/product"}],"about":[{"href":"https:\/\/zecovalve.com\/de\/wp-json\/wp\/v2\/types\/product"}],"replies":[{"embeddable":true,"href":"https:\/\/zecovalve.com\/de\/wp-json\/wp\/v2\/comments?post=27268"}],"wp:featuredmedia":[{"embeddable":true,"href":"https:\/\/zecovalve.com\/de\/wp-json\/wp\/v2\/media\/27935"}],"wp:attachment":[{"href":"https:\/\/zecovalve.com\/de\/wp-json\/wp\/v2\/media?parent=27268"}],"wp:term":[{"taxonomy":"product_cat","embeddable":true,"href":"https:\/\/zecovalve.com\/de\/wp-json\/wp\/v2\/product_cat?post=27268"},{"taxonomy":"product_tag","embeddable":true,"href":"https:\/\/zecovalve.com\/de\/wp-json\/wp\/v2\/product_tag?post=27268"}],"curies":[{"name":"wp","href":"https:\/\/api.w.org\/{rel}","templated":true}]}}