{"id":27269,"date":"2022-10-24T03:34:13","date_gmt":"2022-10-24T03:34:13","guid":{"rendered":"https:\/\/zecovalve.com\/?post_type=product&#038;p=27269"},"modified":"2023-06-17T02:28:44","modified_gmt":"2023-06-17T02:28:44","slug":"axial-flow-check-valve","status":"publish","type":"product","link":"https:\/\/zecovalve.com\/de\/produkt\/axial-flow-check-valve","title":{"rendered":"Axial-R\u00fcckschlagventil"},"content":{"rendered":"<figure class=\"wp-block-image size-full is-resized\">\r\n<p><img loading=\"lazy\" decoding=\"async\" class=\"wp-image-27930 size-medium\" src=\"https:\/\/zecovalve.com\/wp-content\/uploads\/2022\/10\/Axial-Flow-Check-Valve-1-300x225.jpg\" alt=\"Axial-R\u00fcckschlagventil\" width=\"300\" height=\"225\" srcset=\"https:\/\/zecovalve.com\/wp-content\/uploads\/2022\/10\/Axial-Flow-Check-Valve-1-300x225.jpg 300w, https:\/\/zecovalve.com\/wp-content\/uploads\/2022\/10\/Axial-Flow-Check-Valve-1-768x576.jpg 768w, https:\/\/zecovalve.com\/wp-content\/uploads\/2022\/10\/Axial-Flow-Check-Valve-1-600x450.jpg 600w, https:\/\/zecovalve.com\/wp-content\/uploads\/2022\/10\/Axial-Flow-Check-Valve-1.jpg 800w\" sizes=\"auto, (max-width: 300px) 100vw, 300px\" \/><\/p>\r\n<\/figure>\r\n\r\n\r\n<div class=\"gb-button-wrapper gb-button-wrapper-6d8495a3\">\r\n\r\n\r\n<p><a class=\"gb-button gb-button-3d442e11 gb-button-text\" href=\"mailto:commercial@zecovalve.com\" target=\"_blank\" rel=\"noopener noreferrer\"><strong>PREIS F\u00dcR AXIAL-R\u00dcCKSCHLAGVENTIL ERHALTEN<\/strong><\/a><\/p>\r\n<\/div>\r\n\r\n\r\n<p>Ein Axialr\u00fcckschlagventil ist eine bevorzugte L\u00f6sung f\u00fcr kritische R\u00fcckschlaganwendungen wie den Schutz rotierender Ger\u00e4te und Systeme, bei denen geringer Druckverlust, stabiler Betrieb und dynamisches Verhalten von entscheidender Bedeutung sind.<\/p>\r\n\r\n\r\n\r\n\r\n\r\n<h2 class=\"wp-block-heading\">Was ist ein Axialr\u00fcckschlagventil?<\/h2>\r\n\r\n\r\n\r\n<p>Axialr\u00fcckschlagventile sind eine Art R\u00fcckschlagventil, das eine schnelle Umkehrung des Durchflusses in einer Rohrleitung, auch \u201eWasserschlag\u201c genannt, verhindern soll, da dies zu schweren Sch\u00e4den an den verschiedenen Komponenten eines Rohrleitungssystems f\u00fchren kann. Diese Art von Ventil schlie\u00dft schnell genug, ohne \u00fcberm\u00e4\u00dfige Druckspitzen zu erzeugen, und verhindert so ein Zuschlagen.<\/p>\r\n\r\n\r\n\r\n<p>Das stromlinienf\u00f6rmige Design des Axialr\u00fcckschlagventils erm\u00f6glicht es, dass es bei niedrigen Str\u00f6mungs- und Fl\u00fcssigkeitsgeschwindigkeiten vollst\u00e4ndig \u00f6ffnet und so einen geringen Druckabfall verursacht. Sein federunterst\u00fctztes System und die Metall-Metall-Dichtungseigenschaften sorgen f\u00fcr ein schlagfreies Schlie\u00dfen und geringen Wartungsaufwand.<\/p>\r\n\r\n\r\n\r\n<h2 class=\"wp-block-heading\">Funktionsprinzip des Axialr\u00fcckschlagventils<\/h2>\r\n\r\n\r\n\r\n<p>Wenn der Druckunterschied zwischen der stromaufw\u00e4rts und stromabw\u00e4rts gelegenen Seite des Ventils den \u00d6ffnungsdruck der Feder \u00fcberschreitet, bewegt sich der Verschluss und erm\u00f6glicht den Durchfluss. Der Durchflussbereich des Ventils nimmt bis zum Sitzdurchmesser stetig ab; dies ist das Venturi-Design.<\/p>\r\n\r\n\r\n\r\n<p>Durch das Venturi-Design erh\u00f6ht der reduzierte Durchflussbereich den kinetischen Druck und verringert den statischen Druck, sodass das Ventil schnell vollst\u00e4ndig \u00f6ffnen kann. Die Feder ist so gew\u00e4hlt, dass die Scheibe unter normalen Durchflussbedingungen vollst\u00e4ndig ge\u00f6ffnet und gegen ihren Anschlag stabil ist.<\/p>\r\n\r\n\r\n\r\n<p>Bei einer merklichen Durchflussreduzierung reagiert die Feder fr\u00fchzeitig gegen die Kraft der reduzierten Durchflussmenge.<\/p>\r\n\r\n\r\n<div class=\"wp-block-image\">\r\n<figure class=\"aligncenter size-full\"><img loading=\"lazy\" decoding=\"async\" width=\"720\" height=\"201\" class=\"wp-image-15758\" src=\"https:\/\/zecovalve.com\/wp-content\/uploads\/2022\/05\/zeco-axial-check-valve.jpg\" alt=\"\" srcset=\"https:\/\/zecovalve.com\/wp-content\/uploads\/2022\/05\/zeco-axial-check-valve.jpg 720w, https:\/\/zecovalve.com\/wp-content\/uploads\/2022\/05\/zeco-axial-check-valve-600x168.jpg 600w, https:\/\/zecovalve.com\/wp-content\/uploads\/2022\/05\/zeco-axial-check-valve-300x84.jpg 300w\" sizes=\"auto, (max-width: 720px) 100vw, 720px\" \/><\/figure>\r\n<\/div>\r\n\r\n\r\n<h2 class=\"wp-block-heading\">Warum wird ein Axialr\u00fcckschlagventil verwendet?<\/h2>\r\n\r\n\r\n\r\n<p>Wenn der Durchfluss in einer Leitung umgekehrt wird, kann dies zu hydraulischen Sto\u00dfwellen f\u00fchren (auch als Wasserschlag bekannt). Dies kann zu schweren Sch\u00e4den an der Ausr\u00fcstung in der Rohrleitung f\u00fchren, wenn keine Ma\u00dfnahmen ergriffen werden, um dies zu verhindern. Die Einf\u00fchrung des richtigen R\u00fcckschlagventils in einer vollst\u00e4ndig geschlossenen Position w\u00e4hrend des R\u00fcckflusses kann verhindern, dass dies geschieht und schwere Probleme vor Ort verursacht.<\/p>\r\n\r\n\r\n\r\n<p>Ventile, die Wasserschl\u00e4ge verhindern und schnell schlie\u00dfen, ohne zuzuschlagen, werden als nicht zuschlagende R\u00fcckschlagventile bezeichnet.<\/p>\r\n\r\n\r\n\r\n<h2 class=\"wp-block-heading\">Wie werden Axialr\u00fcckschlagventile verwendet?<\/h2>\r\n\r\n\r\n\r\n<p>Axiale R\u00fcckschlagventile sind speziell f\u00fcr schnell umkehrende Systeme konzipiert, bei denen R\u00fcckfluss ein st\u00e4ndiges Problem darstellt. Sie werden als nicht zuschlagende R\u00fcckschlagventile eingestuft, da das Ventil schlie\u00dft, ohne zuzuschlagen, d. h. es entstehen keine \u00fcberm\u00e4\u00dfigen Druckspitzen. Die meisten axialen R\u00fcckschlagventile sind federbelastet und verf\u00fcgen \u00fcber eine einzelne Scheibe mit geringer Masse, die eine schnelle, dynamische Reaktion auf eine Durchflussreduzierung erm\u00f6glicht. Da es sich um eine einzelne Scheibe und eine Feder handelt, ist die Kraft beim \u00d6ffnen der Scheibe ausgeglichen, was zu einem gleichm\u00e4\u00dfigen Durchfluss f\u00fchrt.<\/p>\r\n\r\n\r\n\r\n<h2 class=\"wp-block-heading\">Merkmale von Axial-R\u00fcckschlagventilen<\/h2>\r\n\r\n\r\n\r\n<p>Axial-R\u00fcckschlagventile bieten gegen\u00fcber anderen R\u00fcckschlagventiltypen mehrere Vorteile, beispielsweise:<\/p>\r\n\r\n\r\n\r\n<ul class=\"wp-block-list\">\r\n<li>Schnelles Schlie\u00dfen (verhindert Wasserschl\u00e4ge)<\/li>\r\n<li>Die M\u00f6glichkeit, f\u00fcr jede Anwendung die richtige Gr\u00f6\u00dfe zu finden<\/li>\r\n<li>Haltbarkeit<\/li>\r\n<li>L\u00e4ngere Ventillebensdauer<\/li>\r\n<li>Die F\u00e4higkeit, niedrige Druckabf\u00e4lle und hohe Durchflussraten zu bew\u00e4ltigen<\/li>\r\n<li>Schlagfreies \u00d6ffnen und Schlie\u00dfen<\/li>\r\n<li>Dichter Verschluss, dadurch keine Leckage<\/li>\r\n<li>Verschiedene End-to-End-Optionen<\/li>\r\n<li>M\u00f6glichkeit zur Installation sowohl in horizontaler als auch in vertikaler Ausrichtung<\/li>\r\n<\/ul>\r\n\r\n\r\n\r\n<p>Axialr\u00fcckschlagventile bieten viele Vorteile gegen\u00fcber anderen R\u00fcckschlagventiltypen. Axialr\u00fcckschlagventile k\u00f6nnen Zeit und Geld sparen, indem sie Sch\u00e4den verhindern und die Lebensdauer Ihrer Pumpen, Ventile, Rohre und anderer Systemteile verl\u00e4ngern.<\/p>","protected":false},"excerpt":{"rendered":"<p>Ein axiales R\u00fcckschlagventil ist eine bevorzugte L\u00f6sung f\u00fcr kritische R\u00fcckschlaganwendungen wie den Schutz rotierender Ger\u00e4te und Systeme, bei denen \u2026 <a title=\"Axial-R\u00fcckschlagventil\" class=\"read-more\" href=\"https:\/\/zecovalve.com\/de\/produkt\/axial-flow-check-valve\" aria-label=\"Mehr zu Axial Flow Check Valve\">Weiterlesen ...<\/a><\/p>","protected":false},"featured_media":27930,"comment_status":"closed","ping_status":"closed","template":"","meta":{"_generate-full-width-content":"","kt_blocks_editor_width":""},"product_cat":[2455],"product_tag":[2657,2661],"class_list":["post-27269","product","type-product","status-publish","has-post-thumbnail","hentry","product_cat-check-valve","product_tag-non-return-valve","product_tag-nrv-valve","sales-flash-overlay","woocommerce-text-align-center","woocommerce-image-align-center","do-quantity-buttons"],"featured_image_src_large":["https:\/\/zecovalve.com\/wp-content\/uploads\/2022\/10\/Axial-Flow-Check-Valve-1.jpg",800,600,false],"author_info":[],"comment_info":0,"taxonomy_info":{"product_cat":[{"value":2455,"label":"Check Valve"}],"product_tag":[{"value":2657,"label":"Non Return Valve"},{"value":2661,"label":"NRV Valve"}]},"yoast_head":"<!-- This site is optimized with the Yoast SEO Premium plugin v15.4 - https:\/\/yoast.com\/wordpress\/plugins\/seo\/ -->\n<title>Axial Flow Check Valve - ZECO Valve<\/title>\n<meta name=\"robots\" content=\"index, follow, max-snippet:-1, max-image-preview:large, max-video-preview:-1\" \/>\n<link rel=\"canonical\" href=\"https:\/\/zecovalve.com\/de\/produkt\/axial-flow-check-valve\" \/>\n<meta property=\"og:locale\" content=\"de_DE\" \/>\n<meta property=\"og:type\" content=\"article\" \/>\n<meta property=\"og:title\" content=\"Axial Flow Check Valve - ZECO Valve\" \/>\n<meta property=\"og:description\" content=\"An axial check valve is a preferred solution for critical non-return applications such as the protection of rotating equipment and systems where ... Weiterlesen ...\" \/>\n<meta property=\"og:url\" content=\"https:\/\/zecovalve.com\/de\/produkt\/axial-flow-check-valve\" \/>\n<meta property=\"og:site_name\" content=\"ZECO Valve\" \/>\n<meta property=\"article:modified_time\" content=\"2023-06-17T02:28:44+00:00\" \/>\n<meta property=\"og:image\" content=\"https:\/\/zecovalve.com\/wp-content\/uploads\/2022\/10\/Axial-Flow-Check-Valve-1.jpg\" \/>\n\t<meta property=\"og:image:width\" content=\"800\" \/>\n\t<meta property=\"og:image:height\" content=\"600\" \/>\n<meta name=\"twitter:card\" content=\"summary_large_image\" \/>\n<meta name=\"twitter:label1\" content=\"Verfasst von\">\n\t<meta name=\"twitter:data1\" content=\"Jerry\">\n\t<meta name=\"twitter:label2\" content=\"Gesch\u00e4tzte Lesezeit\">\n\t<meta name=\"twitter:data2\" content=\"2\u00a0Minuten\">\n<script type=\"application\/ld+json\" class=\"yoast-schema-graph\">{\"@context\":\"https:\/\/schema.org\",\"@graph\":[{\"@type\":\"WebSite\",\"@id\":\"https:\/\/zecovalve.com\/#website\",\"url\":\"https:\/\/zecovalve.com\/\",\"name\":\"ZECO Valve\",\"description\":\"Industrial Ball Valve, Gate Valve and Globe Valve Manufacturer\",\"potentialAction\":[{\"@type\":\"SearchAction\",\"target\":\"https:\/\/zecovalve.com\/?s={search_term_string}\",\"query-input\":\"required name=search_term_string\"}],\"inLanguage\":\"de\"},{\"@type\":\"ImageObject\",\"@id\":\"https:\/\/zecovalve.com\/product\/axial-flow-check-valve#primaryimage\",\"inLanguage\":\"de\",\"url\":\"https:\/\/zecovalve.com\/wp-content\/uploads\/2022\/10\/Axial-Flow-Check-Valve-1.jpg\",\"width\":800,\"height\":600,\"caption\":\"Axial Flow Check Valve\"},{\"@type\":\"WebPage\",\"@id\":\"https:\/\/zecovalve.com\/product\/axial-flow-check-valve#webpage\",\"url\":\"https:\/\/zecovalve.com\/product\/axial-flow-check-valve\",\"name\":\"Axial Flow Check Valve - ZECO Valve\",\"isPartOf\":{\"@id\":\"https:\/\/zecovalve.com\/#website\"},\"primaryImageOfPage\":{\"@id\":\"https:\/\/zecovalve.com\/product\/axial-flow-check-valve#primaryimage\"},\"datePublished\":\"2022-10-24T03:34:13+00:00\",\"dateModified\":\"2023-06-17T02:28:44+00:00\",\"breadcrumb\":{\"@id\":\"https:\/\/zecovalve.com\/product\/axial-flow-check-valve#breadcrumb\"},\"inLanguage\":\"de\",\"potentialAction\":[{\"@type\":\"ReadAction\",\"target\":[\"https:\/\/zecovalve.com\/product\/axial-flow-check-valve\"]}]},{\"@type\":\"BreadcrumbList\",\"@id\":\"https:\/\/zecovalve.com\/product\/axial-flow-check-valve#breadcrumb\",\"itemListElement\":[{\"@type\":\"ListItem\",\"position\":1,\"item\":{\"@type\":\"WebPage\",\"@id\":\"https:\/\/zecovalve.com\/\",\"url\":\"https:\/\/zecovalve.com\/\",\"name\":\"Home\"}},{\"@type\":\"ListItem\",\"position\":2,\"item\":{\"@type\":\"WebPage\",\"@id\":\"https:\/\/zecovalve.com\/product-category\",\"url\":\"https:\/\/zecovalve.com\/product-category\",\"name\":\"Industrial Valve Manufacturer | Water Valve Manufacturer\"}},{\"@type\":\"ListItem\",\"position\":3,\"item\":{\"@type\":\"WebPage\",\"@id\":\"https:\/\/zecovalve.com\/product\/axial-flow-check-valve\",\"url\":\"https:\/\/zecovalve.com\/product\/axial-flow-check-valve\",\"name\":\"Axial Flow Check Valve\"}}]}]}<\/script>\n<!-- \/ Yoast SEO Premium plugin. -->","_links":{"self":[{"href":"https:\/\/zecovalve.com\/de\/wp-json\/wp\/v2\/product\/27269","targetHints":{"allow":["GET"]}}],"collection":[{"href":"https:\/\/zecovalve.com\/de\/wp-json\/wp\/v2\/product"}],"about":[{"href":"https:\/\/zecovalve.com\/de\/wp-json\/wp\/v2\/types\/product"}],"replies":[{"embeddable":true,"href":"https:\/\/zecovalve.com\/de\/wp-json\/wp\/v2\/comments?post=27269"}],"wp:featuredmedia":[{"embeddable":true,"href":"https:\/\/zecovalve.com\/de\/wp-json\/wp\/v2\/media\/27930"}],"wp:attachment":[{"href":"https:\/\/zecovalve.com\/de\/wp-json\/wp\/v2\/media?parent=27269"}],"wp:term":[{"taxonomy":"product_cat","embeddable":true,"href":"https:\/\/zecovalve.com\/de\/wp-json\/wp\/v2\/product_cat?post=27269"},{"taxonomy":"product_tag","embeddable":true,"href":"https:\/\/zecovalve.com\/de\/wp-json\/wp\/v2\/product_tag?post=27269"}],"curies":[{"name":"wp","href":"https:\/\/api.w.org\/{rel}","templated":true}]}}