{"id":27296,"date":"2022-11-01T07:47:56","date_gmt":"2022-11-01T07:47:56","guid":{"rendered":"https:\/\/zecovalve.com\/?post_type=product&#038;p=27296"},"modified":"2023-03-30T08:21:06","modified_gmt":"2023-03-30T08:21:06","slug":"v-ball-valve","status":"publish","type":"product","link":"https:\/\/zecovalve.com\/de\/produkt\/v-ball-valve","title":{"rendered":"V Kugelhahn"},"content":{"rendered":"<figure class=\"wp-block-image size-full is-resized\"><img loading=\"lazy\" decoding=\"async\" class=\"alignnone wp-image-27794 size-medium\" src=\"https:\/\/zecovalve.com\/wp-content\/uploads\/2022\/11\/V-Ball-Valve-1-300x225.jpg\" alt=\"\" width=\"300\" height=\"225\" srcset=\"https:\/\/zecovalve.com\/wp-content\/uploads\/2022\/11\/V-Ball-Valve-1-300x225.jpg 300w, https:\/\/zecovalve.com\/wp-content\/uploads\/2022\/11\/V-Ball-Valve-1-768x576.jpg 768w, https:\/\/zecovalve.com\/wp-content\/uploads\/2022\/11\/V-Ball-Valve-1-600x450.jpg 600w, https:\/\/zecovalve.com\/wp-content\/uploads\/2022\/11\/V-Ball-Valve-1.jpg 800w\" sizes=\"auto, (max-width: 300px) 100vw, 300px\" \/><\/figure>\r\n\r\n\r\n<div class=\"gb-button-wrapper gb-button-wrapper-6d8495a3\">\r\n\r\n\r\n<p><a class=\"gb-button gb-button-3d442e11 gb-button-text\" href=\"mailto:commercial@zecovalve.com\" target=\"_blank\" rel=\"noopener noreferrer\"><strong>GET V KUGELHAHN PREIS<\/strong><\/a><\/p>\r\n<\/div>\r\n\r\n\r\n\r\n\r\n<h2 class=\"wp-block-heading\" id=\"h-what-is-v-port-ball-valve\">Was ist ein Kugelhahn mit V-Anschluss?<\/h2>\r\n\r\n\r\n\r\n<p>Ein Kugelhahn mit V-Anschluss ist ein Regelventil mit einer V-f\u00f6rmigen Dichtung oder einer V-f\u00f6rmigen Kugel. Die \"V\"-Form erm\u00f6glicht eine bessere Fl\u00fcssigkeitssteuerung. Die geformte V-Bohrung unterscheidet die V-Anschluss-Kugelh\u00e4hne von anderen Kugelhahntypen. Die V-Bohrung ist entweder in einem Winkel von 15\u2070, 30\u2070, 45\u2070, 60\u2070 oder 90\u2070 erh\u00e4ltlich.<\/p>\r\n\r\n\r\n\r\n<p>Kugelh\u00e4hne mit V-Anschluss werden im Allgemeinen f\u00fcr die Steuerung von Fl\u00fcssigkeiten bevorzugt, da sie eine lineare Durchflusskennlinie aufweisen. Die Durchflusseigenschaften eines Kugelhahns mit V-Anschluss unterscheiden sich von denen eines Kugelhahns mit Standardanschluss. Der Fl\u00fcssigkeitsdurchfluss durch einen Kugelhahn mit V-Anschluss steigt linear mit zunehmender Wellendrehung. V-Kugelh\u00e4hne haben eine hohe Festigkeit, um der hohen Geschwindigkeit der durch sie flie\u00dfenden Fl\u00fcssigkeiten standzuhalten.<\/p>\r\n\r\n\r\n\r\n<h2 class=\"wp-block-heading\">Wie funktioniert ein V-Kugelhahn?<\/h2>\r\n\r\n\r\n\r\n<p>Wenn die v-Kugelh\u00e4hne in der geschlossenen Stellung sind und das \u00d6ffnen beginnt, \u00f6ffnet sich das kleine Ende des \"v\" zuerst. Dies erm\u00f6glicht eine stabile Durchflussregelung in dieser Phase. Die Konstruktion erfordert im Allgemeinen eine robustere Bauweise, da die h\u00f6heren Geschwindigkeiten der Fl\u00fcssigkeiten Standardventile besch\u00e4digen k\u00f6nnten. Obwohl es sich um ein Regelventil handelt, gelten V-Port-Kugelh\u00e4hne nicht als so genau wie ein Durchgangsventil, ein Druckregelventil, ein Ausgleichsventil oder ein Nadelventil.<\/p>\r\n\r\n\r\n\r\n<h2 class=\"wp-block-heading\">Sind V-Kugelh\u00e4hne richtungsabh\u00e4ngig?<\/h2>\r\n\r\n\r\n\r\n<p>Die meisten Kugelh\u00e4hne sind bidirektional und haben zwei feste oder schwimmende Sitze auf der stromaufw\u00e4rts und stromabw\u00e4rts gelegenen Seite des Ventils.<\/p>\r\n\r\n\r\n\r\n<h2 class=\"wp-block-heading\">Vorteile von V-Kugelh\u00e4hnen<\/h2>\r\n\r\n\r\n\r\n<ul class=\"wp-block-list\">\r\n<li>Niedriger Druckverlust\r\n<ul>\r\n<li>Die V-Port-Konstruktion erm\u00f6glicht es dem Material, direkt durch das Ventil zu flie\u00dfen, wodurch der Druckabfall \u00fcber das Ventil minimiert wird. V-Kugelh\u00e4hne haben au\u00dferdem h\u00f6here Durchflusskoeffizienten (Cv) als andere Regelventiltypen \u00e4hnlicher Gr\u00f6\u00dfe; das bedeutet, dass mit einem kleineren V-Kugelhahn die gleichen Durchflussraten erzielt werden k\u00f6nnen wie mit einem vergleichbaren Regelventil gr\u00f6\u00dferer Gr\u00f6\u00dfe.<\/li>\r\n<\/ul>\r\n<\/li>\r\n<li>Blasendichte Absperrung\r\n<ul>\r\n<li>V-Kugelh\u00e4hne arbeiten nach dem Prinzip der \"schwimmenden Kugel\", das zus\u00e4tzlich zur modulierenden Durchflussregelung eine blasendichte Absperrung erm\u00f6glicht. Wenn das Ventil geschlossen ist, dr\u00fcckt der Druck auf der Anstr\u00f6mseite die Kugel gegen den Sitz auf der Abstr\u00f6mseite, wodurch die Abdichtung verbessert wird. Diese Ventile k\u00f6nnen den bidirektionalen Durchfluss regeln oder absperren, was sich besonders bei Gasanwendungen als vorteilhaft erweist. Vergleichbare Regelventile erfordern oft zus\u00e4tzliche Absperrventile; V-Kugelventile machen diese zus\u00e4tzlichen Ventile \u00fcberfl\u00fcssig, was dem Anwender Kosten spart und die Anzahl der Gesamtkomponenten im System reduziert.<\/li>\r\n<\/ul>\r\n<\/li>\r\n<li>Pr\u00e4zise Durchflusskontrolle\r\n<ul>\r\n<li>Pr\u00e4zisionsgefertigte V-Kugelh\u00e4hne sind mit 60\u00b0 und 90\u00b0 V-\u00d6ffnungen erh\u00e4ltlich und bieten gleichprozentige Durchflusseigenschaften. Da sich die Kugel dreht, k\u00f6nnen die gew\u00fcnschten Durchflussmengen durch Positionierung der Kugel zwischen 0\u00b0 und 90\u00b0 erreicht werden. Die Reaktionszeit wird auch dadurch erh\u00f6ht, dass mit diesen Ventilen kleinere Stellantriebe verwendet werden k\u00f6nnen.<\/li>\r\n<\/ul>\r\n<\/li>\r\n<li>Hoher Abschaltdruck\r\n<ul>\r\n<li>V-Kugelh\u00e4hne verf\u00fcgen \u00fcber eine Vierteldrehung (90\u00b0) der Kugel, wodurch sie bei viel h\u00f6heren Arbeitsdr\u00fccken arbeiten und schlie\u00dfen k\u00f6nnen. Aus diesem Grund k\u00f6nnen kleinere Antriebe mit geringerem Drehmoment verwendet werden, was zu Kosteneinsparungen und h\u00f6herer Effizienz in der Anwendung des Benutzers f\u00fchrt.<\/li>\r\n<\/ul>\r\n<\/li>\r\n<\/ul>\r\n\r\n\r\n\r\n<h2 class=\"wp-block-heading\">Anwendungen von V-Kerb-Kugelh\u00e4hnen<\/h2>\r\n\r\n\r\n\r\n<p>Im Allgemeinen werden Kugelh\u00e4hne in einer Vielzahl von Anwendungen und M\u00e4rkten eingesetzt, z. B. bei der \u00dcbertragung und Lagerung, bei der Gasverarbeitung, in der Industrie und in vielen anderen Bereichen. V-Port-Kugelh\u00e4hne werden h\u00e4ufig in den Bereichen S\u00e4uretransfer, Landwirtschaft, Bleichchemikalien, Wasseraufbereitung, S\u00e4ureauslaugung, Pharmazeutika, Abfallverarbeitung und Lebensmittelverarbeitung eingesetzt.<\/p>","protected":false},"excerpt":{"rendered":"<p>Was ist ein V-Port-Kugelhahn? Ein V-Port-Kugelhahn ist ein Regelventil mit einer V-f\u00f6rmigen Dichtung oder einer V-f\u00f6rmigen Kugel. Das \u2026 <a title=\"V Kugelhahn\" class=\"read-more\" href=\"https:\/\/zecovalve.com\/de\/produkt\/v-ball-valve\" aria-label=\"Mehr zu V Kugelhahn\">Weiterlesen ...<\/a><\/p>","protected":false},"featured_media":27794,"comment_status":"closed","ping_status":"closed","template":"","meta":{"_generate-full-width-content":"","kt_blocks_editor_width":""},"product_cat":[2047,2459],"product_tag":[3254,3244,2832],"class_list":["post-27296","product","type-product","status-publish","has-post-thumbnail","hentry","product_cat-ball-valve","product_cat-ball-valve-by-form","product_tag-ball-valve-stainless-steel","product_tag-stainless-ball-valve","product_tag-stainless-steel-ball-valve","sales-flash-overlay","woocommerce-text-align-center","woocommerce-image-align-center","do-quantity-buttons"],"featured_image_src_large":["https:\/\/zecovalve.com\/wp-content\/uploads\/2022\/11\/V-Ball-Valve-1.jpg",800,600,false],"author_info":[],"comment_info":0,"taxonomy_info":{"product_cat":[{"value":2047,"label":"Ball Valve"},{"value":2459,"label":"Ball Valve By Form"}],"product_tag":[{"value":3254,"label":"Ball Valve Stainless Steel"},{"value":3244,"label":"Stainless Ball Valve"},{"value":2832,"label":"Stainless Steel Ball Valve"}]},"yoast_head":"<!-- This site is optimized with the Yoast SEO Premium plugin v15.4 - https:\/\/yoast.com\/wordpress\/plugins\/seo\/ -->\n<title>V Ball Valve - V Notch Ball Valve Manufacturer | ZECO Valve<\/title>\n<meta name=\"robots\" content=\"index, follow, max-snippet:-1, max-image-preview:large, max-video-preview:-1\" \/>\n<link rel=\"canonical\" href=\"https:\/\/zecovalve.com\/de\/produkt\/v-ball-valve\" \/>\n<meta property=\"og:locale\" content=\"de_DE\" \/>\n<meta property=\"og:type\" content=\"article\" \/>\n<meta property=\"og:title\" content=\"V Ball Valve - V Notch Ball Valve Manufacturer | ZECO Valve\" \/>\n<meta property=\"og:description\" content=\"What is V Port Ball Valve? A v-port ball valve is a control valve with a v-shaped seal or v-shaped ball. The ... Weiterlesen ...\" \/>\n<meta property=\"og:url\" content=\"https:\/\/zecovalve.com\/de\/produkt\/v-ball-valve\" \/>\n<meta property=\"og:site_name\" content=\"ZECO Valve\" \/>\n<meta property=\"article:modified_time\" content=\"2023-03-30T08:21:06+00:00\" \/>\n<meta property=\"og:image\" content=\"https:\/\/zecovalve.com\/wp-content\/uploads\/2022\/11\/V-Ball-Valve-1.jpg\" \/>\n\t<meta property=\"og:image:width\" content=\"800\" \/>\n\t<meta property=\"og:image:height\" content=\"600\" \/>\n<meta name=\"twitter:card\" content=\"summary_large_image\" \/>\n<meta name=\"twitter:label1\" content=\"Verfasst von\">\n\t<meta name=\"twitter:data1\" content=\"Jerry\">\n\t<meta name=\"twitter:label2\" content=\"Gesch\u00e4tzte Lesezeit\">\n\t<meta name=\"twitter:data2\" content=\"2\u00a0Minuten\">\n<script type=\"application\/ld+json\" class=\"yoast-schema-graph\">{\"@context\":\"https:\/\/schema.org\",\"@graph\":[{\"@type\":\"WebSite\",\"@id\":\"https:\/\/zecovalve.com\/#website\",\"url\":\"https:\/\/zecovalve.com\/\",\"name\":\"ZECO Valve\",\"description\":\"Industrial Ball Valve, Gate Valve and Globe Valve Manufacturer\",\"potentialAction\":[{\"@type\":\"SearchAction\",\"target\":\"https:\/\/zecovalve.com\/?s={search_term_string}\",\"query-input\":\"required name=search_term_string\"}],\"inLanguage\":\"de\"},{\"@type\":\"ImageObject\",\"@id\":\"https:\/\/zecovalve.com\/product\/v-ball-valve#primaryimage\",\"inLanguage\":\"de\",\"url\":\"https:\/\/zecovalve.com\/wp-content\/uploads\/2022\/11\/V-Ball-Valve-1.jpg\",\"width\":800,\"height\":600},{\"@type\":\"WebPage\",\"@id\":\"https:\/\/zecovalve.com\/product\/v-ball-valve#webpage\",\"url\":\"https:\/\/zecovalve.com\/product\/v-ball-valve\",\"name\":\"V Ball Valve - V Notch Ball Valve Manufacturer | ZECO Valve\",\"isPartOf\":{\"@id\":\"https:\/\/zecovalve.com\/#website\"},\"primaryImageOfPage\":{\"@id\":\"https:\/\/zecovalve.com\/product\/v-ball-valve#primaryimage\"},\"datePublished\":\"2022-11-01T07:47:56+00:00\",\"dateModified\":\"2023-03-30T08:21:06+00:00\",\"breadcrumb\":{\"@id\":\"https:\/\/zecovalve.com\/product\/v-ball-valve#breadcrumb\"},\"inLanguage\":\"de\",\"potentialAction\":[{\"@type\":\"ReadAction\",\"target\":[\"https:\/\/zecovalve.com\/product\/v-ball-valve\"]}]},{\"@type\":\"BreadcrumbList\",\"@id\":\"https:\/\/zecovalve.com\/product\/v-ball-valve#breadcrumb\",\"itemListElement\":[{\"@type\":\"ListItem\",\"position\":1,\"item\":{\"@type\":\"WebPage\",\"@id\":\"https:\/\/zecovalve.com\/\",\"url\":\"https:\/\/zecovalve.com\/\",\"name\":\"Home\"}},{\"@type\":\"ListItem\",\"position\":2,\"item\":{\"@type\":\"WebPage\",\"@id\":\"https:\/\/zecovalve.com\/product-category\",\"url\":\"https:\/\/zecovalve.com\/product-category\",\"name\":\"Industrial Valve Manufacturer | Water Valve Manufacturer\"}},{\"@type\":\"ListItem\",\"position\":3,\"item\":{\"@type\":\"WebPage\",\"@id\":\"https:\/\/zecovalve.com\/product\/v-ball-valve\",\"url\":\"https:\/\/zecovalve.com\/product\/v-ball-valve\",\"name\":\"V Ball Valve\"}}]}]}<\/script>\n<!-- \/ Yoast SEO Premium plugin. -->","_links":{"self":[{"href":"https:\/\/zecovalve.com\/de\/wp-json\/wp\/v2\/product\/27296","targetHints":{"allow":["GET"]}}],"collection":[{"href":"https:\/\/zecovalve.com\/de\/wp-json\/wp\/v2\/product"}],"about":[{"href":"https:\/\/zecovalve.com\/de\/wp-json\/wp\/v2\/types\/product"}],"replies":[{"embeddable":true,"href":"https:\/\/zecovalve.com\/de\/wp-json\/wp\/v2\/comments?post=27296"}],"wp:featuredmedia":[{"embeddable":true,"href":"https:\/\/zecovalve.com\/de\/wp-json\/wp\/v2\/media\/27794"}],"wp:attachment":[{"href":"https:\/\/zecovalve.com\/de\/wp-json\/wp\/v2\/media?parent=27296"}],"wp:term":[{"taxonomy":"product_cat","embeddable":true,"href":"https:\/\/zecovalve.com\/de\/wp-json\/wp\/v2\/product_cat?post=27296"},{"taxonomy":"product_tag","embeddable":true,"href":"https:\/\/zecovalve.com\/de\/wp-json\/wp\/v2\/product_tag?post=27296"}],"curies":[{"name":"wp","href":"https:\/\/api.w.org\/{rel}","templated":true}]}}