{"id":16012,"date":"2022-06-18T01:13:26","date_gmt":"2022-06-18T01:13:26","guid":{"rendered":"https:\/\/zecovalve.com\/?post_type=product&#038;p=16012"},"modified":"2023-06-15T13:55:53","modified_gmt":"2023-06-15T13:55:53","slug":"manual-globe-valve","status":"publish","type":"product","link":"https:\/\/zecovalve.com\/es\/producto\/valvula-de-globo-manual","title":{"rendered":"V\u00e1lvula de globo manual"},"content":{"rendered":"<p>ZECO Valve es un fabricante de v\u00e1lvulas de globo que ofrece cuatro tipos de v\u00e1lvulas de globo. Nuestra f\u00e1brica de v\u00e1lvulas en China produce v\u00e1lvulas de globo de acero fundido para aplicaciones de baja y alta presi\u00f3n. ZECO Valve tambi\u00e9n es proveedor de v\u00e1lvulas de globo de acero forjado y selladas con fuelle.<\/p>\r\n\r\n\r\n\r\n<figure class=\"wp-block-image\">\r\n<p><img loading=\"lazy\" decoding=\"async\" class=\"wp-image-27902 size-medium\" src=\"https:\/\/zecovalve.com\/wp-content\/uploads\/2022\/06\/Manual-Globe-Valve-2-300x225.jpg\" alt=\"V\u00e1lvula de globo manual\" width=\"300\" height=\"225\" srcset=\"https:\/\/zecovalve.com\/wp-content\/uploads\/2022\/06\/Manual-Globe-Valve-2-300x225.jpg 300w, https:\/\/zecovalve.com\/wp-content\/uploads\/2022\/06\/Manual-Globe-Valve-2-768x576.jpg 768w, https:\/\/zecovalve.com\/wp-content\/uploads\/2022\/06\/Manual-Globe-Valve-2-600x450.jpg 600w, https:\/\/zecovalve.com\/wp-content\/uploads\/2022\/06\/Manual-Globe-Valve-2.jpg 800w\" sizes=\"auto, (max-width: 300px) 100vw, 300px\" \/><\/p>\r\n<\/figure>\r\n\r\n\r\n<div class=\"gb-button-wrapper gb-button-wrapper-6d8495a3\">\r\n\r\n\r\n<p><a class=\"gb-button gb-button-3d442e11 gb-button-text\" href=\"mailto:commercial@zecovalve.com\" target=\"_blank\" rel=\"noopener noreferrer\"><strong>OBTENER PRECIO DE V\u00c1LVULA DE GLOBO MANUAL<\/strong><\/a><\/p>\r\n<\/div>\r\n\r\n\r\n\r\n\r\n<h2 class=\"wp-block-heading\" id=\"h-what-is-a-manual-globe-valve\">\u00bfQu\u00e9 es una v\u00e1lvula de globo manual?<\/h2>\r\n\r\n\r\n\r\n<p>La v\u00e1lvula de globo manual ZECO utiliza una estructura tipo v\u00eda. Con el fin de asegurarse de la estanqueidad en la empaquetadura del v\u00e1stago, utilice empaquetadura de grafito flexible. Al mismo tiempo considerar que en las condiciones de trabajo, la erosi\u00f3n del fluido de la cavidad y la conveniencia de sustituci\u00f3n de la empaquetadura. Hay una estructura de sellado posterior en el bonete, esta cara de sellado hacia arriba y la cara de sellado del contacto del v\u00e1stago entre s\u00ed, para asegurarse de que el v\u00e1stago est\u00e1 sellando cuando la compuerta de la v\u00e1lvula est\u00e1 abierta. Debido a que la v\u00e1lvula de globo manual ZECO tendr\u00e1 requerimientos de direcci\u00f3n de flujo de acuerdo a la presi\u00f3n, la v\u00e1lvula de globo necesita ser instalada de acuerdo a los requerimientos de direcci\u00f3n de flujo. La instalaci\u00f3n es la clave para decidir la vida de la v\u00e1lvula. La instalaci\u00f3n incorrecta de la v\u00e1lvula de globo puede hacer que la posibilidad de una degradaci\u00f3n significativa del rendimiento, por lo que, debe confirmar los siguientes puntos antes de instalar las v\u00e1lvulas. Compruebe la se\u00f1al que muestra la direcci\u00f3n del flujo de las v\u00e1lvulas de globo, e instale las v\u00e1lvulas de acuerdo con la direcci\u00f3n del flujo.<\/p>\r\n\r\n\r\n\r\n<h2 class=\"wp-block-heading\">\u00bfC\u00f3mo funciona una v\u00e1lvula de globo?<\/h2>\r\n\r\n\r\n\r\n<p>Los grifos de agua son el mejor ejemplo para mostrar c\u00f3mo funcionan las v\u00e1lvulas de globo. Abrir el grifo significa subir o bajar el v\u00e1stago, seg\u00fan el dise\u00f1o. El agua sale por el grifo. Cuando se gira en la otra direcci\u00f3n, es decir, se cierra, la compuerta levantada se baja o la compuerta bajada se levanta.<\/p>\r\n\r\n\r\n\r\n<p>El n\u00famero de vueltas afecta al volumen de agua que sale del grifo. Del mismo modo, controlando la rueda de la v\u00e1lvula, pasa por ella un determinado volumen de gas o l\u00edquido. Una v\u00e1lvula de globo completamente abierta significa que el caudal es m\u00e1ximo. Por otro lado, una v\u00e1lvula de globo totalmente cerrada significa que la v\u00e1lvula est\u00e1 sellada.<\/p>\r\n\r\n\r\n\r\n<h2 class=\"wp-block-heading\">Especificaciones de las v\u00e1lvulas de globo<\/h2>\r\n\r\n\r\n\r\n<figure class=\"wp-block-table is-style-stripes\">\r\n<table>\r\n<tbody>\r\n<tr>\r\n<td>Talla<\/td>\r\n<td>\u00bd\" a 24\" (DN 15 a DN 600)<\/td>\r\n<\/tr>\r\n<tr>\r\n<td>Presi\u00f3n nominal<\/td>\r\n<td>ASME 150# a 2500#<\/td>\r\n<\/tr>\r\n<tr>\r\n<td>Norma de dise\u00f1o<\/td>\r\n<td>API 602, MESC SPE 77 \/ 103, BS 1873, DIN 3356, API 623<\/td>\r\n<\/tr>\r\n<tr>\r\n<td>Presi\u00f3n \/ Temperatura<\/td>\r\n<td>ASME B 16.34<\/td>\r\n<\/tr>\r\n<tr>\r\n<td>Norma de ensayo (inspecci\u00f3n)<\/td>\r\n<td>API 598, API 6D, MESC 77\/103, ISO 5208, ISO15848 -1&amp;2, BS 6364<\/td>\r\n<\/tr>\r\n<tr>\r\n<td>Detalles de la construcci\u00f3n<\/td>\r\n<td>Casquete empernado \/ Casquete de cierre a presi\u00f3n, v\u00e1stago ascendente tipo OS e Y<\/td>\r\n<\/tr>\r\n<tr>\r\n<td>Conexi\u00f3n final<\/td>\r\n<td>Atornillado, soldadura por encastre, embridado, extremo de cubo, soldadura a tope<\/td>\r\n<\/tr>\r\n<tr>\r\n<td>Operador \/ Actuador<\/td>\r\n<td>Palanca, engranaje, actuador (neum\u00e1tico, hidr\u00e1ulico, electrohidr\u00e1ulico y el\u00e9ctrico motorizado)<\/td>\r\n<\/tr>\r\n<tr>\r\n<td>Tres tipos diferentes de estructura del cap\u00f3<\/td>\r\n<td>Casquete atornillado, junta de presi\u00f3n, junta de fuelle<\/td>\r\n<\/tr>\r\n<\/tbody>\r\n<\/table>\r\n<\/figure>\r\n\r\n\r\n\r\n<h2 class=\"wp-block-heading\" id=\"h-features-of-manual-globe-valve\">Caracter\u00edsticas de la v\u00e1lvula de globo manual:<\/h2>\r\n\r\n\r\n\r\n<ul class=\"wp-block-list\">\r\n<li>El disco de la v\u00e1lvula de globo manual ZECO est\u00e1 dise\u00f1ado para autoalinearse y evitar que las part\u00edculas e impurezas del medio se acumulen en el interior del cuerpo;<\/li>\r\n<li>El asiento integral y el disco autoalineable de la v\u00e1lvula de globo manual ZECO garantizan un cierre herm\u00e9tico y una mayor vida \u00fatil de la junta;<\/li>\r\n<li>Cuando la v\u00e1lvula de globo ZECO se abre, el asiento trasero especialmente dise\u00f1ado impide que la humedad y las impurezas se filtren en la empaquetadura;<\/li>\r\n<li>La superficie de sellado de la v\u00e1lvula de globo manual ZECO puede fabricarse con diversos materiales de sellado duro para satisfacer los requisitos de condiciones de trabajo especiales.<\/li>\r\n<\/ul>\r\n\r\n\r\n\r\n<h2 class=\"wp-block-heading\" id=\"h-material-of-manual-globe-valve\">Material de la v\u00e1lvula de globo manual:<\/h2>\r\n\r\n\r\n\r\n<figure class=\"wp-block-table is-style-stripes\">\r\n<table>\r\n<tbody>\r\n<tr>\r\n<td>No<\/td>\r\n<td>Pieza<\/td>\r\n<td>Material<\/td>\r\n<\/tr>\r\n<tr>\r\n<td>1<\/td>\r\n<td>Cuerpo<\/td>\r\n<td>ASTM A351 CF8M<\/td>\r\n<\/tr>\r\n<tr>\r\n<td>2<\/td>\r\n<td>Disco<\/td>\r\n<td>ASTM A182 F316<\/td>\r\n<\/tr>\r\n<tr>\r\n<td>3<\/td>\r\n<td>V\u00e1stago<\/td>\r\n<td>ASTM A276 316<\/td>\r\n<\/tr>\r\n<tr>\r\n<td>4<\/td>\r\n<td>Junta del cap\u00f3<\/td>\r\n<td>Grafito + SS316<\/td>\r\n<\/tr>\r\n<tr>\r\n<td>5<\/td>\r\n<td>Cap\u00f3<\/td>\r\n<td>ASTM A351 CF8M<\/td>\r\n<\/tr>\r\n<tr>\r\n<td>6<\/td>\r\n<td>Perno del cap\u00f3<\/td>\r\n<td>ASTM A193 B8M<\/td>\r\n<\/tr>\r\n<tr>\r\n<td>7<\/td>\r\n<td>Tuerca de sombrerete<\/td>\r\n<td>ASTM A194 8M<\/td>\r\n<\/tr>\r\n<tr>\r\n<td>8<\/td>\r\n<td>Empaquetadura de v\u00e1stago<\/td>\r\n<td>Grafito reforzado<\/td>\r\n<\/tr>\r\n<tr>\r\n<td>9<\/td>\r\n<td>Gl\u00e1ndula<\/td>\r\n<td>ASTM A276 316<\/td>\r\n<\/tr>\r\n<tr>\r\n<td>10<\/td>\r\n<td>Gland Eyebolt<\/td>\r\n<td>ASTM A193 B8M<\/td>\r\n<\/tr>\r\n<tr>\r\n<td>11<\/td>\r\n<td>Tuerca del v\u00e1stago<\/td>\r\n<td>ASTM B148<\/td>\r\n<\/tr>\r\n<\/tbody>\r\n<\/table>\r\n<\/figure>\r\n\r\n\r\n\r\n<h2 class=\"wp-block-heading\">valvula globo Fabricantes<\/h2>\r\n\r\n\r\n\r\n<p>Reputado como uno de los principales fabricantes de v\u00e1lvulas de globo, ZECO Valve act\u00faa como una entidad de primer orden que satisface las necesidades de una v\u00e1lvula de globo funcional. Las v\u00e1lvulas de globo ZECO se utilizan en varios tipos de maquinaria e industrias, como tuber\u00edas de vapor, servicio y procesamiento. Las v\u00e1lvulas de globo se utilizan ampliamente para el control de flujo de una sola corriente y funcionan eficazmente para regular las instalaciones.<\/p>\r\n\r\n\r\n\r\n<h2 class=\"wp-block-heading\">Consideraciones al comprar v\u00e1lvulas de globo<\/h2>\r\n\r\n\r\n\r\n<h3 class=\"wp-block-heading\">Limitaciones del tama\u00f1o de las v\u00e1lvulas<\/h3>\r\n\r\n\r\n\r\n<p>El di\u00e1metro de la v\u00e1lvula est\u00e1 limitado por la presi\u00f3n interna del fluido. Los fabricantes de v\u00e1lvulas de globo limitan el tama\u00f1o a un Tama\u00f1o Nominal de Tuber\u00eda (NPS) 12 o a un Di\u00e1metro Nominal (DN) 300. M\u00e1s all\u00e1 de estos rangos, cuando est\u00e1n bajo presi\u00f3n, las v\u00e1lvulas pueden no abrirse o cerrarse f\u00e1cilmente.<\/p>\r\n\r\n\r\n\r\n<h3 class=\"wp-block-heading\">Embellecedores de v\u00e1lvulas<\/h3>\r\n\r\n\r\n\r\n<p>Cuando se trata de estrangulamiento y alta presi\u00f3n superior a 200 psi, los trims de v\u00e1lvula tienden a fallar. En situaciones como esta, es mejor solicitar un embellecedor de v\u00e1lvula especializado.<\/p>\r\n\r\n\r\n\r\n<h3 class=\"wp-block-heading\">Clasificaci\u00f3n P-T<\/h3>\r\n\r\n\r\n\r\n<p>La clasificaci\u00f3n P-T se refiere a la clasificaci\u00f3n de la relaci\u00f3n m\u00e1s alta de presi\u00f3n y temperatura que puede soportar la v\u00e1lvula en relaci\u00f3n con el material met\u00e1lico.<\/p>\r\n\r\n\r\n\r\n<p>A medida que aumenta la temperatura, disminuye la capacidad del cuerpo para soportar la presi\u00f3n. Adem\u00e1s, el material y el dise\u00f1o del asiento determinan la clasificaci\u00f3n general.<\/p>\r\n\r\n\r\n\r\n<p>La mayor\u00eda de las empresas fabricantes de v\u00e1lvulas de globo utilizan la clasificaci\u00f3n general dictada por ANS, es decir, la clasificaci\u00f3n de presi\u00f3n del cuerpo a 100 \u00b0F.<\/p>\r\n\r\n\r\n\r\n<h3 class=\"wp-block-heading\">Tipo medio<\/h3>\r\n\r\n\r\n\r\n<p>El tipo de medio es una de las consideraciones m\u00e1s importantes a la hora de comprar una v\u00e1lvula de globo. Hay muchos tipos de medio que pueden o no ser adecuados para determinados dise\u00f1os de v\u00e1lvula.<\/p>\r\n\r\n\r\n\r\n<p>Por ejemplo, los lodos no son un medio adecuado, ya que son m\u00e1s pesados y contienen componentes de mayor tama\u00f1o que podr\u00edan quedar rezagados. \u00c9stos, a su vez, pueden da\u00f1ar los discos. Adem\u00e1s, un material tan viscoso puede crear una enorme ca\u00edda de presi\u00f3n.<\/p>\r\n\r\n\r\n\r\n<h3 class=\"wp-block-heading\">Material<\/h3>\r\n\r\n\r\n\r\n<p>El medio que circula por la v\u00e1lvula est\u00e1 en correlaci\u00f3n con el material utilizado en su fabricaci\u00f3n. \u00bfEs el material utilizado resistente a la corrosi\u00f3n? \u00bfCu\u00e1l es la concentraci\u00f3n del material que fluye? \u00bfSer\u00e1 un medio que fluye? \u00bfO impedir\u00e1 que el medio fluya? Las respuestas a estas preguntas afectan directamente a la vida \u00fatil de la v\u00e1lvula.<\/p>\r\n\r\n\r\n\r\n<h3 class=\"wp-block-heading\">Cumplimiento de las normas del sector<\/h3>\r\n\r\n\r\n\r\n<p>Al seguir y cumplir las normas del sector, mantiene la integridad de la v\u00e1lvula y ofrece garant\u00edas de seguridad.<\/p>\r\n\r\n\r\n\r\n<p>Entre ellos se incluir\u00edan las certificaciones y normas otorgadas por los siguientes organismos:<\/p>\r\n\r\n\r\n\r\n<p>La Sociedad Americana de Ingenieros Mec\u00e1nicos (ASME) El Instituto Americano del Petr\u00f3leo (API) La Sociedad de Normalizaci\u00f3n de Fabricantes (MSS) de Accesorios de V\u00e1lvula<\/p>","protected":false},"excerpt":{"rendered":"<p>ZECO Valve es un fabricante de v\u00e1lvulas de globo que ofrece cuatro tipos de v\u00e1lvulas de globo. Nuestra f\u00e1brica de v\u00e1lvulas en China produce acero fundido... <a title=\"V\u00e1lvula de globo manual\" class=\"read-more\" href=\"https:\/\/zecovalve.com\/es\/producto\/valvula-de-globo-manual\" aria-label=\"M\u00e1s en V\u00e1lvula de Globo Manual\">Leer m\u00e1s<\/a><\/p>","protected":false},"featured_media":27902,"comment_status":"closed","ping_status":"closed","template":"","meta":{"_generate-full-width-content":"","kt_blocks_editor_width":""},"product_cat":[2049],"product_tag":[],"class_list":["post-16012","product","type-product","status-publish","has-post-thumbnail","hentry","product_cat-globe-valve","sales-flash-overlay","woocommerce-text-align-center","woocommerce-image-align-center","do-quantity-buttons"],"featured_image_src_large":["https:\/\/zecovalve.com\/wp-content\/uploads\/2022\/06\/Manual-Globe-Valve-2.jpg",800,600,false],"author_info":[],"comment_info":0,"taxonomy_info":{"product_cat":[{"value":2049,"label":"Globe Valve"}]},"yoast_head":"<!-- This site is optimized with the Yoast SEO Premium plugin v15.4 - https:\/\/yoast.com\/wordpress\/plugins\/seo\/ -->\n<title>Globe Valve Manufacturer - Globe Valve Factory | Zeco Valve<\/title>\n<meta name=\"robots\" content=\"index, follow, max-snippet:-1, max-image-preview:large, max-video-preview:-1\" \/>\n<link rel=\"canonical\" href=\"https:\/\/zecovalve.com\/es\/producto\/valvula-de-globo-manual\" \/>\n<meta property=\"og:locale\" content=\"es_ES\" \/>\n<meta property=\"og:type\" content=\"article\" \/>\n<meta property=\"og:title\" content=\"Globe Valve Manufacturer - Globe Valve Factory | Zeco Valve\" \/>\n<meta property=\"og:description\" content=\"ZECO Valve is a globe valve manufacturer that offers four types of globe valves. Our valve factory in China produces cast steel ... Leer m\u00e1s\" \/>\n<meta property=\"og:url\" content=\"https:\/\/zecovalve.com\/es\/producto\/valvula-de-globo-manual\" \/>\n<meta property=\"og:site_name\" content=\"ZECO Valve\" \/>\n<meta property=\"article:modified_time\" content=\"2023-06-15T13:55:53+00:00\" \/>\n<meta property=\"og:image\" content=\"https:\/\/zecovalve.com\/wp-content\/uploads\/2022\/06\/Manual-Globe-Valve-2.jpg\" \/>\n\t<meta property=\"og:image:width\" content=\"800\" \/>\n\t<meta property=\"og:image:height\" content=\"600\" \/>\n<meta name=\"twitter:card\" content=\"summary_large_image\" \/>\n<meta name=\"twitter:label1\" content=\"Escrito por\">\n\t<meta name=\"twitter:data1\" content=\"ZECO Valve\">\n\t<meta name=\"twitter:label2\" content=\"Tiempo de lectura\">\n\t<meta name=\"twitter:data2\" content=\"4 minutos\">\n<script type=\"application\/ld+json\" class=\"yoast-schema-graph\">{\"@context\":\"https:\/\/schema.org\",\"@graph\":[{\"@type\":\"WebSite\",\"@id\":\"https:\/\/zecovalve.com\/#website\",\"url\":\"https:\/\/zecovalve.com\/\",\"name\":\"ZECO Valve\",\"description\":\"Industrial Ball Valve, Gate Valve and Globe Valve Manufacturer\",\"potentialAction\":[{\"@type\":\"SearchAction\",\"target\":\"https:\/\/zecovalve.com\/?s={search_term_string}\",\"query-input\":\"required name=search_term_string\"}],\"inLanguage\":\"es\"},{\"@type\":\"ImageObject\",\"@id\":\"https:\/\/zecovalve.com\/product\/manual-globe-valve#primaryimage\",\"inLanguage\":\"es\",\"url\":\"https:\/\/zecovalve.com\/wp-content\/uploads\/2022\/06\/Manual-Globe-Valve-2.jpg\",\"width\":800,\"height\":600,\"caption\":\"Manual Globe Valve\"},{\"@type\":\"WebPage\",\"@id\":\"https:\/\/zecovalve.com\/product\/manual-globe-valve#webpage\",\"url\":\"https:\/\/zecovalve.com\/product\/manual-globe-valve\",\"name\":\"Globe Valve Manufacturer - Globe Valve Factory | Zeco Valve\",\"isPartOf\":{\"@id\":\"https:\/\/zecovalve.com\/#website\"},\"primaryImageOfPage\":{\"@id\":\"https:\/\/zecovalve.com\/product\/manual-globe-valve#primaryimage\"},\"datePublished\":\"2022-06-18T01:13:26+00:00\",\"dateModified\":\"2023-06-15T13:55:53+00:00\",\"breadcrumb\":{\"@id\":\"https:\/\/zecovalve.com\/product\/manual-globe-valve#breadcrumb\"},\"inLanguage\":\"es\",\"potentialAction\":[{\"@type\":\"ReadAction\",\"target\":[\"https:\/\/zecovalve.com\/product\/manual-globe-valve\"]}]},{\"@type\":\"BreadcrumbList\",\"@id\":\"https:\/\/zecovalve.com\/product\/manual-globe-valve#breadcrumb\",\"itemListElement\":[{\"@type\":\"ListItem\",\"position\":1,\"item\":{\"@type\":\"WebPage\",\"@id\":\"https:\/\/zecovalve.com\/\",\"url\":\"https:\/\/zecovalve.com\/\",\"name\":\"Home\"}},{\"@type\":\"ListItem\",\"position\":2,\"item\":{\"@type\":\"WebPage\",\"@id\":\"https:\/\/zecovalve.com\/product-category\",\"url\":\"https:\/\/zecovalve.com\/product-category\",\"name\":\"Industrial Valve Manufacturer | Water Valve Manufacturer\"}},{\"@type\":\"ListItem\",\"position\":3,\"item\":{\"@type\":\"WebPage\",\"@id\":\"https:\/\/zecovalve.com\/product\/manual-globe-valve\",\"url\":\"https:\/\/zecovalve.com\/product\/manual-globe-valve\",\"name\":\"Manual Globe Valve\"}}]}]}<\/script>\n<!-- \/ Yoast SEO Premium plugin. -->","_links":{"self":[{"href":"https:\/\/zecovalve.com\/es\/wp-json\/wp\/v2\/product\/16012","targetHints":{"allow":["GET"]}}],"collection":[{"href":"https:\/\/zecovalve.com\/es\/wp-json\/wp\/v2\/product"}],"about":[{"href":"https:\/\/zecovalve.com\/es\/wp-json\/wp\/v2\/types\/product"}],"replies":[{"embeddable":true,"href":"https:\/\/zecovalve.com\/es\/wp-json\/wp\/v2\/comments?post=16012"}],"wp:featuredmedia":[{"embeddable":true,"href":"https:\/\/zecovalve.com\/es\/wp-json\/wp\/v2\/media\/27902"}],"wp:attachment":[{"href":"https:\/\/zecovalve.com\/es\/wp-json\/wp\/v2\/media?parent=16012"}],"wp:term":[{"taxonomy":"product_cat","embeddable":true,"href":"https:\/\/zecovalve.com\/es\/wp-json\/wp\/v2\/product_cat?post=16012"},{"taxonomy":"product_tag","embeddable":true,"href":"https:\/\/zecovalve.com\/es\/wp-json\/wp\/v2\/product_tag?post=16012"}],"curies":[{"name":"wp","href":"https:\/\/api.w.org\/{rel}","templated":true}]}}