{"id":16029,"date":"2022-06-18T07:56:02","date_gmt":"2022-06-18T07:56:02","guid":{"rendered":"https:\/\/zecovalve.com\/?post_type=product&#038;p=16029"},"modified":"2023-08-17T05:29:56","modified_gmt":"2023-08-17T05:29:56","slug":"pneumatic-ball-valve","status":"publish","type":"product","link":"https:\/\/zecovalve.com\/es\/producto\/pneumatic-ball-valve","title":{"rendered":"V\u00e1lvula de bola neum\u00e1tica"},"content":{"rendered":"<p id=\"h-pneumatic-ball-valve\">Las v\u00e1lvulas de bola pueden combinarse con un actuador neum\u00e1tico (v\u00e1lvulas de bola neum\u00e1ticas) para automatizar y\/o controlar a distancia.<\/p>\r\n\r\n\r\n\r\n\r\n\r\n<figure class=\"wp-block-image size-full is-resized\">\r\n<figure id=\"attachment_28083\" aria-describedby=\"caption-attachment-28083\" style=\"width: 290px\" class=\"wp-caption alignnone\"><img loading=\"lazy\" decoding=\"async\" class=\"wp-image-28083 size-medium\" src=\"https:\/\/zecovalve.com\/wp-content\/uploads\/2022\/06\/Pneumatic-Ball-Valve-3-300x225.jpg\" alt=\"V\u00e1lvula de bola neum\u00e1tica\" width=\"300\" height=\"225\" srcset=\"https:\/\/zecovalve.com\/wp-content\/uploads\/2022\/06\/Pneumatic-Ball-Valve-3-300x225.jpg 300w, https:\/\/zecovalve.com\/wp-content\/uploads\/2022\/06\/Pneumatic-Ball-Valve-3-768x576.jpg 768w, https:\/\/zecovalve.com\/wp-content\/uploads\/2022\/06\/Pneumatic-Ball-Valve-3-600x450.jpg 600w, https:\/\/zecovalve.com\/wp-content\/uploads\/2022\/06\/Pneumatic-Ball-Valve-3.jpg 800w\" sizes=\"auto, (max-width: 300px) 100vw, 300px\" \/><figcaption id=\"caption-attachment-28083\" class=\"wp-caption-text\">V\u00e1lvula de bola neum\u00e1tica<\/figcaption><\/figure>\r\n\r\n<\/figure>\r\n\r\n\r\n<div class=\"gb-button-wrapper gb-button-wrapper-6d8495a3\">\r\n\r\n\r\n<p><a class=\"gb-button gb-button-3d442e11 gb-button-text\" href=\"mailto:commercial@zecovalve.com\" target=\"_blank\" rel=\"noopener noreferrer\"><strong>OBTENER PRECIO DE V\u00c1LVULA DE BOLA NEUM\u00c1TICA<\/strong><\/a><\/p>\r\n<\/div>\r\n\r\n\r\n\r\n\r\n<h2 class=\"wp-block-heading\" id=\"h-what-is-a-pneumatic-ball-valve\">\u00bfQu\u00e9 es una v\u00e1lvula de bola neum\u00e1tica?<\/h2>\r\n\r\n\r\n\r\n<p>ZECO v\u00e1lvula de bola neum\u00e1tica se compone de actuador neum\u00e1tico y la v\u00e1lvula de bola nombrado. La ventaja de la v\u00e1lvula de bola neum\u00e1tica es la velocidad de conmutaci\u00f3n r\u00e1pida, la velocidad de conmutaci\u00f3n normal puede llegar a 0,05 segundos \/ tiempo, tambi\u00e9n debido a la conmutaci\u00f3n r\u00e1pida, v\u00e1lvula de bola neum\u00e1tica ZECO se utiliza a menudo como una v\u00e1lvula de corte r\u00e1pido en la tuber\u00eda. Los dispositivos neum\u00e1ticos a menudo est\u00e1n equipados con v\u00e1lvulas solenoides, tripletas de procesamiento de fuente de aire, interruptor de l\u00edmite, posicionador y caja de control, por lo que la v\u00e1lvula de bola neum\u00e1tica ZECO y la v\u00e1lvula de bola el\u00e9ctrica tambi\u00e9n pueden lograr la operaci\u00f3n remota.<\/p>\r\n\r\n\r\n\r\n<div class=\"wp-block-columns is-layout-flex wp-container-core-columns-is-layout-9d6595d7 wp-block-columns-is-layout-flex\">\r\n<div class=\"wp-block-column is-layout-flow wp-block-column-is-layout-flow\">\r\n<figure class=\"wp-block-image size-large is-resized\"><img loading=\"lazy\" decoding=\"async\" class=\"wp-image-18019\" src=\"https:\/\/zecovalve.com\/wp-content\/uploads\/2022\/07\/Pneumatic-ball-valve-1024x768.jpg\" alt=\"\" width=\"512\" height=\"384\" srcset=\"https:\/\/zecovalve.com\/wp-content\/uploads\/2022\/07\/Pneumatic-ball-valve-1024x768.jpg 1024w, https:\/\/zecovalve.com\/wp-content\/uploads\/2022\/07\/Pneumatic-ball-valve-300x225.jpg 300w, https:\/\/zecovalve.com\/wp-content\/uploads\/2022\/07\/Pneumatic-ball-valve-768x576.jpg 768w, https:\/\/zecovalve.com\/wp-content\/uploads\/2022\/07\/Pneumatic-ball-valve-1536x1152.jpg 1536w, https:\/\/zecovalve.com\/wp-content\/uploads\/2022\/07\/Pneumatic-ball-valve-2048x1536.jpg 2048w, https:\/\/zecovalve.com\/wp-content\/uploads\/2022\/07\/Pneumatic-ball-valve-600x450.jpg 600w\" sizes=\"auto, (max-width: 512px) 100vw, 512px\" \/><\/figure>\r\n<\/div>\r\n\r\n\r\n\r\n<div class=\"wp-block-column is-layout-flow wp-block-column-is-layout-flow\">\r\n<figure class=\"wp-block-image size-large is-resized\"><img loading=\"lazy\" decoding=\"async\" class=\"wp-image-18021\" src=\"https:\/\/zecovalve.com\/wp-content\/uploads\/2022\/07\/Pneumatic-ball-valve-2-1024x768.jpg\" alt=\"\" width=\"512\" height=\"384\" srcset=\"https:\/\/zecovalve.com\/wp-content\/uploads\/2022\/07\/Pneumatic-ball-valve-2-1024x768.jpg 1024w, https:\/\/zecovalve.com\/wp-content\/uploads\/2022\/07\/Pneumatic-ball-valve-2-300x225.jpg 300w, https:\/\/zecovalve.com\/wp-content\/uploads\/2022\/07\/Pneumatic-ball-valve-2-768x576.jpg 768w, https:\/\/zecovalve.com\/wp-content\/uploads\/2022\/07\/Pneumatic-ball-valve-2-1536x1152.jpg 1536w, https:\/\/zecovalve.com\/wp-content\/uploads\/2022\/07\/Pneumatic-ball-valve-2-2048x1536.jpg 2048w, https:\/\/zecovalve.com\/wp-content\/uploads\/2022\/07\/Pneumatic-ball-valve-2-600x450.jpg 600w\" sizes=\"auto, (max-width: 512px) 100vw, 512px\" \/><\/figure>\r\n<\/div>\r\n\r\n\r\n\r\n<div class=\"wp-block-column is-layout-flow wp-block-column-is-layout-flow\">\r\n<figure class=\"wp-block-image size-large is-resized\"><img loading=\"lazy\" decoding=\"async\" class=\"wp-image-18022\" src=\"https:\/\/zecovalve.com\/wp-content\/uploads\/2022\/07\/Pneumatic-ball-valve-3-1024x768.jpg\" alt=\"\" width=\"512\" height=\"384\" srcset=\"https:\/\/zecovalve.com\/wp-content\/uploads\/2022\/07\/Pneumatic-ball-valve-3-1024x768.jpg 1024w, https:\/\/zecovalve.com\/wp-content\/uploads\/2022\/07\/Pneumatic-ball-valve-3-300x225.jpg 300w, https:\/\/zecovalve.com\/wp-content\/uploads\/2022\/07\/Pneumatic-ball-valve-3-768x576.jpg 768w, https:\/\/zecovalve.com\/wp-content\/uploads\/2022\/07\/Pneumatic-ball-valve-3-1536x1152.jpg 1536w, https:\/\/zecovalve.com\/wp-content\/uploads\/2022\/07\/Pneumatic-ball-valve-3-2048x1536.jpg 2048w, https:\/\/zecovalve.com\/wp-content\/uploads\/2022\/07\/Pneumatic-ball-valve-3-600x450.jpg 600w\" sizes=\"auto, (max-width: 512px) 100vw, 512px\" \/><\/figure>\r\n<\/div>\r\n<\/div>\r\n\r\n\r\n\r\n<h2 class=\"wp-block-heading\" id=\"h-what-is-pneumatic-actuator\">\u00bfQu\u00e9 es un actuador neum\u00e1tico?<\/h2>\r\n\r\n\r\n\r\n<p>Los actuadores neum\u00e1ticos controlan las v\u00e1lvulas de bola mediante la conversi\u00f3n de la energ\u00eda del aire comprimido en movimiento mec\u00e1nico. En una v\u00e1lvula de bola se requiere un movimiento mec\u00e1nico de rotaci\u00f3n para un giro de 90 grados. Las v\u00e1lvulas de bola con actuador neum\u00e1tico pueden ser de simple o doble efecto. Un actuador neum\u00e1tico de simple efecto utiliza una sola entrada de aire comprimido para girar la v\u00e1lvula y un muelle para devolver la v\u00e1lvula a la posici\u00f3n normal. Un actuador neum\u00e1tico de doble efecto tiene dos entradas de aire comprimido para girar la v\u00e1lvula y devolverla a su posici\u00f3n original.<\/p>\r\n\r\n\r\n\r\n<h2 class=\"wp-block-heading\" id=\"h-how-does-a-pneumatic-ball-valve-work\">\u00bfC\u00f3mo funciona una v\u00e1lvula de bola neum\u00e1tica?<\/h2>\r\n\r\n\r\n\r\n<p>El mecanismo m\u00e1s habitual de un actuador neum\u00e1tico para v\u00e1lvulas de bola es el de pi\u00f1\u00f3n y cremallera. Est\u00e1 formado por la cremallera (un engranaje lineal) y el pi\u00f1\u00f3n (un engranaje circular). La cremallera est\u00e1 unida a un pist\u00f3n que es empujado por aire comprimido para conseguir un movimiento lineal. El pi\u00f1\u00f3n transforma este movimiento lineal en circular. El pi\u00f1\u00f3n acciona el v\u00e1stago de una v\u00e1lvula de bola para abrirla y cerrarla.<br \/>Para controlar el actuador neum\u00e1tico de las v\u00e1lvulas de bola, el aire comprimido se regula mediante electrov\u00e1lvulas. Las se\u00f1ales el\u00e9ctricas procedentes del controlador activan la electrov\u00e1lvula en las posiciones de apertura o cierre, permitiendo que el aire comprimido fluya a trav\u00e9s de ambos lados del pist\u00f3n del actuador neum\u00e1tico. El pist\u00f3n empuja la cremallera que hace girar el pi\u00f1\u00f3n conectado al v\u00e1stago de la v\u00e1lvula de bola.<\/p>\r\n\r\n\r\n\r\n<h2 class=\"wp-block-heading\" id=\"h-applications-of-pneumatic-ball-valves\">Aplicaciones de las v\u00e1lvulas de bola neum\u00e1ticas<\/h2>\r\n\r\n\r\n\r\n<p>Las v\u00e1lvulas de bola neum\u00e1ticas son adecuadas para su uso en numerosas industrias que utilizan fluidos como agua, gas, aire, aceite y otros medios. Al comprar v\u00e1lvulas de bola actuadas, puede utilizarlas para cualquiera de las siguientes aplicaciones:<\/p>\r\n\r\n\r\n\r\n<ul class=\"wp-block-list\">\r\n<li>Procesos industriales<\/li>\r\n<li>Manipulaci\u00f3n de productos qu\u00edmicos<\/li>\r\n<li>Fabricaci\u00f3n<\/li>\r\n<li>Alimentaci\u00f3n y bebidas<\/li>\r\n<li>Tratamiento de aguas residuales<\/li>\r\n<li>Miner\u00eda<\/li>\r\n<li>Instalaciones municipales de tratamiento<\/li>\r\n<li>Centrales el\u00e9ctricas<\/li>\r\n<li>Refiner\u00edas de energ\u00eda<\/li>\r\n<li>Producci\u00f3n de agua limpia<\/li>\r\n<li>Vertederos<\/li>\r\n<li>Agua port\u00e1til<\/li>\r\n<li>Piscinas<\/li>\r\n<li>Riego<\/li>\r\n<\/ul>\r\n\r\n\r\n\r\n<h2 class=\"wp-block-heading\" id=\"h-features-of-pneumatic-ball-valve\">Caracter\u00edsticas de la v\u00e1lvula de bola neum\u00e1tica:<\/h2>\r\n\r\n\r\n\r\n<ol>\r\n<li>La v\u00e1lvula de bola neum\u00e1tica ZECO puede realizar el control centralizado remoto, que no necesita gastar energ\u00eda corriendo al sitio o subiendo a la altura en el riesgo de control manual, reduciendo en gran medida el desperdicio de la eficiencia del personal y garantizar la seguridad personal del personal;\r\n\r\n<\/li>\r\n<li>La v\u00e1lvula de bola neum\u00e1tica ZECO s\u00f3lo necesita una fuente de aire para hacer que la bola gire 90\u00b0 y un peque\u00f1o par para cerrar la v\u00e1lvula herm\u00e9ticamente. La c\u00e1mara interior del cuerpo de la v\u00e1lvula, exactamente del mismo tama\u00f1o que el paso de la tuber\u00eda, garantiza una resistencia m\u00ednima y reduce el desperdicio de energ\u00eda en el suministro del medio;\r\n\r\n<\/li>\r\n<li>ZECO v\u00e1lvula de bola neum\u00e1tica experiencia de fabricaci\u00f3n durante muchos a\u00f1os y la tecnolog\u00eda avanzada internacional combinada con el dise\u00f1o de la estructura de doble sello, en gran medida garantizar la v\u00e1lvula en una variedad de condiciones de presi\u00f3n del rendimiento de sellado. Cuando la presi\u00f3n del medio se ejecuta en la zona de baja presi\u00f3n, el \u00e1rea de contacto entre el anillo de sellado del asiento de la v\u00e1lvula y la bola es peque\u00f1a, por lo que hay una mayor presi\u00f3n de sellado para asegurar el asiento de la v\u00e1lvula est\u00e1 sellada de forma fiable. Cuando el medio discurre en una posici\u00f3n alta, el \u00e1rea de contacto entre el anillo de sellado del asiento y la bola de la v\u00e1lvula aumenta, por lo que el anillo de sellado del asiento puede soportar el mayor empuje del medio sin sufrir da\u00f1os;\r\n\r\n<\/li>\r\n<li>Las v\u00e1lvulas de bola neum\u00e1ticas ZECO pueden seleccionarse entre varias marcas de actuadores neum\u00e1ticos para satisfacer los requisitos especiales de los clientes.<\/li>\r\n<\/ol>\r\n\r\n\r\n\r\n<h2 class=\"wp-block-heading\" id=\"h-material-of-pneumatic-ball-valve\">Material de la v\u00e1lvula de bola neum\u00e1tica:<\/h2>\r\n\r\n\r\n\r\n<figure class=\"wp-block-table\">\r\n<table>\r\n<tbody>\r\n<tr>\r\n<td>No<\/td>\r\n<td>Pieza<\/td>\r\n<td>Material<\/td>\r\n<\/tr>\r\n<tr>\r\n<td>1<\/td>\r\n<td>Cuerpo<\/td>\r\n<td>ACERO FORJADO \/ ACERO AL CARBONO \/ ACERO INOXIDABLE<\/td>\r\n<\/tr>\r\n<tr>\r\n<td>2<\/td>\r\n<td>Cap\u00f3<\/td>\r\n<td>ACERO FORJADO \/ ACERO AL CARBONO \/ ACERO INOXIDABLE<\/td>\r\n<\/tr>\r\n<tr>\r\n<td>3<\/td>\r\n<td>Bola<\/td>\r\n<td>ACERO FORJADO \/ ACERO INOXIDABLE<\/td>\r\n<\/tr>\r\n<tr>\r\n<td>4<\/td>\r\n<td>Asiento<\/td>\r\n<td>PEFE \/ DEVELON \/ PEEK \/ METAL<\/td>\r\n<\/tr>\r\n<tr>\r\n<td>5<\/td>\r\n<td>V\u00e1stago<\/td>\r\n<td>ACERO FORJADO \/ ACERO INOXIDABLE<\/td>\r\n<\/tr>\r\n<tr>\r\n<td>6<\/td>\r\n<td>Dispositivo antiest\u00e1tico<\/td>\r\n<td>SS304 \/ SS316<\/td>\r\n<\/tr>\r\n<tr>\r\n<td>7<\/td>\r\n<td>Junta<\/td>\r\n<td>Grafito + SS304 \/ SS316<\/td>\r\n<\/tr>\r\n<tr>\r\n<td>8<\/td>\r\n<td>Perno<\/td>\r\n<td>ASTM A193 B7 \/ B8 \/ B8M<\/td>\r\n<\/tr>\r\n<tr>\r\n<td>9<\/td>\r\n<td>Tuerca<\/td>\r\n<td>ASTM A194 2H \/ 8 \/ 8M<\/td>\r\n<\/tr>\r\n<tr>\r\n<td>10<\/td>\r\n<td>Junta t\u00f3rica<\/td>\r\n<td>Vit\u00f3n A<\/td>\r\n<\/tr>\r\n<tr>\r\n<td>11<\/td>\r\n<td>Actuador neum\u00e1tico<\/td>\r\n<td>SS304 \/ SS316 \/ Aluminio<\/td>\r\n<\/tr>\r\n<\/tbody>\r\n<\/table>\r\n<\/figure>\r\n\r\n\r\n\r\n<h2 class=\"wp-block-heading\" id=\"h-selection-of-pneumatic-accessories-for-pneumatic-ball-valve\">Selecci\u00f3n de accesorios neum\u00e1ticos para v\u00e1lvulas de bola neum\u00e1ticas<\/h2>\r\n\r\n\r\n\r\n<h3 class=\"wp-block-heading\">Electrov\u00e1lvula<\/h3>\r\n\r\n\r\n\r\n<p>Cilindro de doble efecto generalmente con electrov\u00e1lvula de dos posiciones y cinco v\u00edas o electrov\u00e1lvula de tres posiciones y cinco v\u00edas. El cilindro de simple efecto puede estar equipado con una v\u00e1lvula solenoide de tres v\u00edas de dos posiciones. El voltaje puede ser DC24V, AC220V, etc. Deben tenerse en cuenta los requisitos a prueba de explosiones.<\/p>\r\n\r\n\r\n\r\n<h3 class=\"wp-block-heading\">Final de carrera<\/h3>\r\n\r\n\r\n\r\n<p>El papel del actuador es convertir la rotaci\u00f3n de la se\u00f1al de contacto, y la salida a la instrumentaci\u00f3n de control, y la retroalimentaci\u00f3n sobre el estado de apertura y cierre de la v\u00e1lvula de bola. Los m\u00e1s comunes son los mec\u00e1nicos y los de inducci\u00f3n magn\u00e9tica. Tambi\u00e9n deben tenerse en cuenta los requisitos a prueba de explosiones.<\/p>\r\n\r\n\r\n\r\n<h3 class=\"wp-block-heading\">Tresillo neum\u00e1tico (FRL)<\/h3>\r\n\r\n\r\n\r\n<p>Hay dos y tres partes, la funci\u00f3n de filtrado, descompresi\u00f3n y neblina de aceite. Se recomienda instalarlos para evitar el atasco del cilindro debido a las impurezas en el cilindro.<\/p>\r\n\r\n\r\n\r\n<p>Los tres accesorios neum\u00e1ticos mencionados suelen montarse de serie; los siguientes son opciones adicionales.<\/p>\r\n\r\n\r\n\r\n<h3 class=\"wp-block-heading\">Posicionador de v\u00e1lvulas<\/h3>\r\n\r\n\r\n\r\n<p>Para el ajuste proporcional es necesario instalar v\u00e1lvulas de bola neum\u00e1ticas, mayormente utilizadas para v\u00e1lvulas de bola neum\u00e1ticas en forma de V. Entrada 4-20mA, a considerar si con la se\u00f1al de salida de retroalimentaci\u00f3n. Si se requiere a prueba de explosiones. Hay tipos ordinarios y tipos inteligentes.<\/p>\r\n\r\n\r\n\r\n<h3 class=\"wp-block-heading\">Volante<\/h3>\r\n\r\n\r\n\r\n<p>Instalado entre la v\u00e1lvula de bola y el cilindro, se puede cambiar a un interruptor manual en caso de fallo de la fuente de gas, para garantizar la seguridad del sistema y no retrasar la producci\u00f3n.<\/p>\r\n\r\n\r\n\r\n<h3 class=\"wp-block-heading\">V\u00e1lvula de escape r\u00e1pido<\/h3>\r\n\r\n\r\n\r\n<p>Puede acelerar la apertura y el cierre de las v\u00e1lvulas de bola neum\u00e1ticas. Se instala entre el cilindro y la electrov\u00e1lvula para que el gas del cilindro no atraviese la electrov\u00e1lvula y se descargue r\u00e1pidamente.<\/p>\r\n\r\n\r\n\r\n<h3 class=\"wp-block-heading\">Amplificador neum\u00e1tico<\/h3>\r\n\r\n\r\n\r\n<p>Se instala en el paso de aire al cilindro para recibir la se\u00f1al de presi\u00f3n de la salida del posicionador, proporcionando un gran caudal al actuador, utilizado para aumentar la velocidad de actuaci\u00f3n de la v\u00e1lvula. En 1:1 (relaci\u00f3n se\u00f1al\/salida). Utilizado principalmente para transmitir se\u00f1ales neum\u00e1ticas a largas distancias (0-300m) y reducir los efectos del retardo de transmisi\u00f3n.<\/p>\r\n\r\n\r\n\r\n<h3 class=\"wp-block-heading\">V\u00e1lvula neum\u00e1tica de mantenimiento de posici\u00f3n<\/h3>\r\n\r\n\r\n\r\n<p>Principalmente para la operaci\u00f3n de enclavamiento de la presi\u00f3n de la fuente de aire, cortando la l\u00ednea de suministro de aire de la v\u00e1lvula cuando es inferior a la presi\u00f3n de la fuente de aire para que la v\u00e1lvula mantenga la posici\u00f3n anterior al fallo de la fuente de aire. Cuando se restablece la presi\u00f3n de la fuente de aire, el suministro de aire al cilindro se restablece al mismo tiempo.<\/p>","protected":false},"excerpt":{"rendered":"<p>Las v\u00e1lvulas de bola se pueden combinar con un actuador neum\u00e1tico (v\u00e1lvulas de bola neum\u00e1ticas) para automatizaci\u00f3n y\/o control remoto. \u00bfQu\u00e9 es un neum\u00e1tico...? <a title=\"V\u00e1lvula de bola neum\u00e1tica\" class=\"read-more\" href=\"https:\/\/zecovalve.com\/es\/producto\/pneumatic-ball-valve\" aria-label=\"M\u00e1s en V\u00e1lvula de bola neum\u00e1tica\">Leer m\u00e1s<\/a><\/p>","protected":false},"featured_media":28083,"comment_status":"closed","ping_status":"closed","template":"","meta":{"_generate-full-width-content":"","kt_blocks_editor_width":""},"product_cat":[2047,2460,2465],"product_tag":[2804,2802],"class_list":["post-16029","product","type-product","status-publish","has-post-thumbnail","hentry","product_cat-ball-valve","product_cat-ball-valve-by-drive-mode","product_cat-forged-steel-ball-valve","product_tag-2-inch-ball-valve","product_tag-ball-valve-price","sales-flash-overlay","woocommerce-text-align-center","woocommerce-image-align-center","do-quantity-buttons"],"featured_image_src_large":["https:\/\/zecovalve.com\/wp-content\/uploads\/2022\/06\/Pneumatic-Ball-Valve-3.jpg",800,600,false],"author_info":[],"comment_info":0,"taxonomy_info":{"product_cat":[{"value":2047,"label":"Ball Valve"},{"value":2460,"label":"Ball Valve By Drive Mode"},{"value":2465,"label":"Forged Ball Valve"}],"product_tag":[{"value":2804,"label":"2 inch Ball Valve"},{"value":2802,"label":"Ball Valve Price"}]},"yoast_head":"<!-- This site is optimized with the Yoast SEO Premium plugin v15.4 - https:\/\/yoast.com\/wordpress\/plugins\/seo\/ -->\n<title>Pneumatic Ball Valve - Actuated Ball Valve | ZECO Valve<\/title>\n<meta name=\"robots\" content=\"index, follow, max-snippet:-1, max-image-preview:large, max-video-preview:-1\" \/>\n<link rel=\"canonical\" href=\"https:\/\/zecovalve.com\/es\/producto\/pneumatic-ball-valve\" \/>\n<meta property=\"og:locale\" content=\"es_ES\" \/>\n<meta property=\"og:type\" content=\"article\" \/>\n<meta property=\"og:title\" content=\"Pneumatic Ball Valve - Actuated Ball Valve | ZECO Valve\" \/>\n<meta property=\"og:description\" content=\"Ball valves can be combined with a pneumatic actuator (pneumatic ball valves) for automation and\/or for controlling remotely. What is a Pneumatic ... Leer m\u00e1s\" \/>\n<meta property=\"og:url\" content=\"https:\/\/zecovalve.com\/es\/producto\/pneumatic-ball-valve\" \/>\n<meta property=\"og:site_name\" content=\"ZECO Valve\" \/>\n<meta property=\"article:modified_time\" content=\"2023-08-17T05:29:56+00:00\" \/>\n<meta property=\"og:image\" content=\"https:\/\/zecovalve.com\/wp-content\/uploads\/2022\/06\/Pneumatic-Ball-Valve-3.jpg\" \/>\n\t<meta property=\"og:image:width\" content=\"800\" \/>\n\t<meta property=\"og:image:height\" content=\"600\" \/>\n<meta name=\"twitter:card\" content=\"summary_large_image\" \/>\n<meta name=\"twitter:label1\" content=\"Escrito por\">\n\t<meta name=\"twitter:data1\" content=\"Jerry\">\n\t<meta name=\"twitter:label2\" content=\"Tiempo de lectura\">\n\t<meta name=\"twitter:data2\" content=\"4 minutos\">\n<script type=\"application\/ld+json\" class=\"yoast-schema-graph\">{\"@context\":\"https:\/\/schema.org\",\"@graph\":[{\"@type\":\"WebSite\",\"@id\":\"https:\/\/zecovalve.com\/#website\",\"url\":\"https:\/\/zecovalve.com\/\",\"name\":\"ZECO Valve\",\"description\":\"Industrial Ball Valve, Gate Valve and Globe Valve Manufacturer\",\"potentialAction\":[{\"@type\":\"SearchAction\",\"target\":\"https:\/\/zecovalve.com\/?s={search_term_string}\",\"query-input\":\"required name=search_term_string\"}],\"inLanguage\":\"es\"},{\"@type\":\"ImageObject\",\"@id\":\"https:\/\/zecovalve.com\/product\/pneumatic-ball-valve#primaryimage\",\"inLanguage\":\"es\",\"url\":\"https:\/\/zecovalve.com\/wp-content\/uploads\/2022\/06\/Pneumatic-Ball-Valve-3.jpg\",\"width\":800,\"height\":600,\"caption\":\"Pneumatic Ball Valve\"},{\"@type\":\"WebPage\",\"@id\":\"https:\/\/zecovalve.com\/product\/pneumatic-ball-valve#webpage\",\"url\":\"https:\/\/zecovalve.com\/product\/pneumatic-ball-valve\",\"name\":\"Pneumatic Ball Valve - Actuated Ball Valve | ZECO Valve\",\"isPartOf\":{\"@id\":\"https:\/\/zecovalve.com\/#website\"},\"primaryImageOfPage\":{\"@id\":\"https:\/\/zecovalve.com\/product\/pneumatic-ball-valve#primaryimage\"},\"datePublished\":\"2022-06-18T07:56:02+00:00\",\"dateModified\":\"2023-08-17T05:29:56+00:00\",\"breadcrumb\":{\"@id\":\"https:\/\/zecovalve.com\/product\/pneumatic-ball-valve#breadcrumb\"},\"inLanguage\":\"es\",\"potentialAction\":[{\"@type\":\"ReadAction\",\"target\":[\"https:\/\/zecovalve.com\/product\/pneumatic-ball-valve\"]}]},{\"@type\":\"BreadcrumbList\",\"@id\":\"https:\/\/zecovalve.com\/product\/pneumatic-ball-valve#breadcrumb\",\"itemListElement\":[{\"@type\":\"ListItem\",\"position\":1,\"item\":{\"@type\":\"WebPage\",\"@id\":\"https:\/\/zecovalve.com\/\",\"url\":\"https:\/\/zecovalve.com\/\",\"name\":\"Home\"}},{\"@type\":\"ListItem\",\"position\":2,\"item\":{\"@type\":\"WebPage\",\"@id\":\"https:\/\/zecovalve.com\/product-category\",\"url\":\"https:\/\/zecovalve.com\/product-category\",\"name\":\"Industrial Valve Manufacturer | Water Valve Manufacturer\"}},{\"@type\":\"ListItem\",\"position\":3,\"item\":{\"@type\":\"WebPage\",\"@id\":\"https:\/\/zecovalve.com\/product\/pneumatic-ball-valve\",\"url\":\"https:\/\/zecovalve.com\/product\/pneumatic-ball-valve\",\"name\":\"Pneumatic Ball Valve\"}}]}]}<\/script>\n<!-- \/ Yoast SEO Premium plugin. -->","_links":{"self":[{"href":"https:\/\/zecovalve.com\/es\/wp-json\/wp\/v2\/product\/16029","targetHints":{"allow":["GET"]}}],"collection":[{"href":"https:\/\/zecovalve.com\/es\/wp-json\/wp\/v2\/product"}],"about":[{"href":"https:\/\/zecovalve.com\/es\/wp-json\/wp\/v2\/types\/product"}],"replies":[{"embeddable":true,"href":"https:\/\/zecovalve.com\/es\/wp-json\/wp\/v2\/comments?post=16029"}],"wp:featuredmedia":[{"embeddable":true,"href":"https:\/\/zecovalve.com\/es\/wp-json\/wp\/v2\/media\/28083"}],"wp:attachment":[{"href":"https:\/\/zecovalve.com\/es\/wp-json\/wp\/v2\/media?parent=16029"}],"wp:term":[{"taxonomy":"product_cat","embeddable":true,"href":"https:\/\/zecovalve.com\/es\/wp-json\/wp\/v2\/product_cat?post=16029"},{"taxonomy":"product_tag","embeddable":true,"href":"https:\/\/zecovalve.com\/es\/wp-json\/wp\/v2\/product_tag?post=16029"}],"curies":[{"name":"wp","href":"https:\/\/api.w.org\/{rel}","templated":true}]}}