{"id":16035,"date":"2022-06-18T08:33:26","date_gmt":"2022-06-18T08:33:26","guid":{"rendered":"https:\/\/zecovalve.com\/?post_type=product&#038;p=16035"},"modified":"2023-06-07T13:51:29","modified_gmt":"2023-06-07T13:51:29","slug":"stainless-steel-gate-valve","status":"publish","type":"product","link":"https:\/\/zecovalve.com\/es\/producto\/stainless-steel-gate-valve","title":{"rendered":"V\u00e1lvula de compuerta de acero inoxidable"},"content":{"rendered":"<p>ZECO Valve suministra v\u00e1lvulas de compuerta de acero inoxidable en las versiones v\u00e1lvulas de compuerta, as\u00ed como v\u00e1lvulas de compuerta, extremo con bridas en su mayor\u00eda de stock.<\/p>\r\n\r\n\r\n\r\n<figure class=\"wp-block-image alignnone size-medium wp-image-16036\"><img loading=\"lazy\" decoding=\"async\" width=\"300\" height=\"225\" class=\"wp-image-16036\" src=\"https:\/\/zecovalve.com\/wp-content\/uploads\/2022\/06\/stainless-steel-gate-valve-300x225.jpg\" alt=\"V\u00e1lvula de compuerta de acero inoxidable\" srcset=\"https:\/\/zecovalve.com\/wp-content\/uploads\/2022\/06\/stainless-steel-gate-valve-300x225.jpg 300w, https:\/\/zecovalve.com\/wp-content\/uploads\/2022\/06\/stainless-steel-gate-valve-768x576.jpg 768w, https:\/\/zecovalve.com\/wp-content\/uploads\/2022\/06\/stainless-steel-gate-valve-600x450.jpg 600w, https:\/\/zecovalve.com\/wp-content\/uploads\/2022\/06\/stainless-steel-gate-valve.jpg 800w\" sizes=\"auto, (max-width: 300px) 100vw, 300px\" \/><\/figure>\r\n\r\n\r\n<div class=\"gb-button-wrapper gb-button-wrapper-f8260ba6\">\r\n\r\n\r\n<p><a class=\"gb-button gb-button-e4f70767 gb-button-text\" href=\"mailto:commercial@zecovalve.com\" target=\"_blank\" rel=\"noopener noreferrer\"><strong>OBTENER PRECIO DE V\u00c1LVULA DE ACERO INOXIDABLE<\/strong><\/a><\/p>\r\n<\/div>\r\n\r\n\r\n\r\n\r\n<h2 class=\"wp-block-heading\" id=\"h-what-is-a-stainless-steel-gate-valve\">\u00bfQu\u00e9 es una v\u00e1lvula de compuerta de acero inoxidable?<\/h2>\r\n\r\n\r\n\r\n<p>La v\u00e1lvula de compuerta de acero inoxidable ZECO se utiliza para tuber\u00edas con medios corrosivos. Para cualquier tipo de material de acero inoxidable, la capacidad de resistir la corrosi\u00f3n del medio es relativamente limitada y se ve afectada por muchos factores externos, como la temperatura, la presi\u00f3n y el PH. Sin embargo, siempre que el tratamiento t\u00e9rmico y el proceso de transformaci\u00f3n est\u00e9n completamente de acuerdo con el proceso de fabricaci\u00f3n, se puede garantizar que el material resista la corrosi\u00f3n dentro del rango de corrosi\u00f3n. As\u00ed que en la selecci\u00f3n de v\u00e1lvulas de compuerta de acero inoxidable, tenemos que considerar la concentraci\u00f3n del medio, la temperatura del ambiente de trabajo, y la selecci\u00f3n de materiales y otros factores sobre la resistencia a la corrosi\u00f3n.\u00a0<\/p>\r\n\r\n\r\n\r\n<p>ZECO Valve es un fabricante de v\u00e1lvulas de compuerta de acero inoxidable durante casi 30 a\u00f1os, proporcionando sugerencias profesionales a los usuarios para elegir modelos y materiales para las condiciones de trabajo.<\/p>\r\n\r\n\r\n\r\n<h2 class=\"wp-block-heading\">\u00bfC\u00f3mo funciona una v\u00e1lvula de compuerta de acero inoxidable?<\/h2>\r\n\r\n\r\n\r\n<p>El funcionamiento de una v\u00e1lvula de compuerta de acero inoxidable es similar al de otras v\u00e1lvulas. Para abrir la v\u00e1lvula, gire el volante, que mueve la compuerta hacia arriba o hacia abajo en el v\u00e1stago a trav\u00e9s de las roscas. Una v\u00e1lvula de compuerta de acero inoxidable necesita m\u00e1s de un giro de 360\u00b0 para abrirse o cerrarse completamente. Cuando la compuerta de acero inoxidable se levanta, abre la entrada a la salida permitiendo un paso sin obstrucciones para que fluya el medio. Cuando la compuerta de acero inoxidable se baja, se cierra y bloquea el paso del fluido.<\/p>\r\n\r\n\r\n\r\n<h2 class=\"wp-block-heading\" id=\"h-applications-of-stainless-steel-gate-valves\">Aplicaciones de las v\u00e1lvulas de compuerta de acero inoxidable<\/h2>\r\n\r\n\r\n\r\n<p>Gracias a su resistencia, las v\u00e1lvulas de compuerta de acero inoxidable se utilizan en una gran variedad de aplicaciones industriales. Entre ellas se incluyen:<\/p>\r\n\r\n\r\n\r\n<ul class=\"wp-block-list\">\r\n<li>Industria del petr\u00f3leo y el gas;<\/li>\r\n<li>Qu\u00edmica y farmacia;<\/li>\r\n<li>Marina;<\/li>\r\n<li>Tratamiento de aguas y aguas residuales;<\/li>\r\n<li>Industrias manufactureras.<\/li>\r\n<\/ul>\r\n\r\n\r\n\r\n<h2 class=\"wp-block-heading\" id=\"h-features-of-stainless-steel-gate-valves\">Caracter\u00edsticas de las v\u00e1lvulas de compuerta de acero inoxidable:<\/h2>\r\n\r\n\r\n\r\n<ul class=\"wp-block-list\">\r\n<li>ZECO v\u00e1lvula de compuerta de acero inoxidable tiene una variedad de materiales de acero inoxidable para los usuarios a elegir de acuerdo a las condiciones reales de trabajo, fundici\u00f3n incluyendo ASTM A351 CF8, ASTM A351 CF8M, ASTM A351 CF3, ASTM A351 CF3M, forja incluyendo ASTM A182 F304, ASTM A182 F304L, ASTM A182 F316, ASTM A182 F316L, y acero inoxidable d\u00faplex UNS SS32205 y as\u00ed sucesivamente;<\/li>\r\n<li>La selecci\u00f3n de los proveedores de materias primas de la v\u00e1lvula de compuerta de acero inoxidable ZECO es una referencia para las empresas famosas internacionales de la norma del sistema de la cadena de suministro. En primer lugar, se pasa el primer informe de an\u00e1lisis de muestras del departamento de inspecci\u00f3n de calidad de ZECO y, a continuaci\u00f3n, el departamento t\u00e9cnico lo eval\u00faa seg\u00fan el sistema de gesti\u00f3n y el proceso de producci\u00f3n del proveedor. S\u00f3lo despu\u00e9s de la evaluaci\u00f3n y aprobaci\u00f3n de los dos departamentos, puede entrar en la negociaci\u00f3n comercial del departamento de compras. Posteriormente, comprobar\u00e1 cada lote de entrega del proveedor, para dividir la adquisici\u00f3n en diferentes niveles y lotes;<\/li>\r\n<li>La v\u00e1lvula de compuerta de acero inoxidable ZECO est\u00e1 dise\u00f1ada con asiento renovable para facilitar su sustituci\u00f3n en caso de da\u00f1os en el asiento;<\/li>\r\n<li>La v\u00e1lvula de compuerta de acero inoxidable ZECO tiene una fuerte resistencia a la corrosi\u00f3n y el material cumple plenamente los requisitos de las normas internacionales.<\/li>\r\n<\/ul>\r\n\r\n\r\n\r\n<h2 class=\"wp-block-heading\" id=\"h-material-of-stainless-steel-gate-valve\">Material de la v\u00e1lvula de compuerta de acero inoxidable:<\/h2>\r\n\r\n\r\n\r\n<figure class=\"wp-block-table\">\r\n<table>\r\n<tbody>\r\n<tr>\r\n<td>No<\/td>\r\n<td>Pieza<\/td>\r\n<td>Material<\/td>\r\n<\/tr>\r\n<tr>\r\n<td>1<\/td>\r\n<td>Cuerpo<\/td>\r\n<td>ASTM A351 CF8M<\/td>\r\n<\/tr>\r\n<tr>\r\n<td>2<\/td>\r\n<td>Anillo de asiento<\/td>\r\n<td>ASTM A182 F316 + STL<\/td>\r\n<\/tr>\r\n<tr>\r\n<td>3<\/td>\r\n<td>Cu\u00f1a<\/td>\r\n<td>ASTM A351 CF8M + STL<\/td>\r\n<\/tr>\r\n<tr>\r\n<td>4<\/td>\r\n<td>V\u00e1stago<\/td>\r\n<td>ASTM A276 316<\/td>\r\n<\/tr>\r\n<tr>\r\n<td>5<\/td>\r\n<td>Junta del cap\u00f3<\/td>\r\n<td>Grafito + SS315<\/td>\r\n<\/tr>\r\n<tr>\r\n<td>6<\/td>\r\n<td>Perno del cap\u00f3<\/td>\r\n<td>ASTM A193 B8<\/td>\r\n<\/tr>\r\n<tr>\r\n<td>7<\/td>\r\n<td>Tuerca de sombrerete<\/td>\r\n<td>ASTM A194 8<\/td>\r\n<\/tr>\r\n<tr>\r\n<td>8<\/td>\r\n<td>Cap\u00f3<\/td>\r\n<td>ASTM A351 CF8M<\/td>\r\n<\/tr>\r\n<tr>\r\n<td>9<\/td>\r\n<td>Asiento trasero<\/td>\r\n<td>ASTM A182 316<\/td>\r\n<\/tr>\r\n<tr>\r\n<td>10<\/td>\r\n<td>Empaquetadura de v\u00e1stago<\/td>\r\n<td>Grafito reforzado<\/td>\r\n<\/tr>\r\n<tr>\r\n<td>11<\/td>\r\n<td>Volante<\/td>\r\n<td>KTH330-08<\/td>\r\n<\/tr>\r\n<\/tbody>\r\n<\/table>\r\n<\/figure>\r\n\r\n\r\n\r\n<h2 class=\"wp-block-heading\">Precios de las v\u00e1lvulas de compuerta de acero inoxidable<\/h2>\r\n\r\n\r\n\r\n<p>Dado que el precio de las v\u00e1lvulas de compuerta de acero inoxidable fluct\u00faa mucho, puede ponerse en contacto con ZECO Valve para obtener precios espec\u00edficos de v\u00e1lvulas de compuerta o listas de precios de v\u00e1lvulas de compuerta.<\/p>","protected":false},"excerpt":{"rendered":"<p>ZECO Valve suministra v\u00e1lvulas de compuerta de acero inoxidable en las versiones v\u00e1lvulas de compuerta, as\u00ed como v\u00e1lvulas de compuerta, con extremo bridado, en su mayor\u00eda de stock. \u2026 <a title=\"V\u00e1lvula de compuerta de acero inoxidable\" class=\"read-more\" href=\"https:\/\/zecovalve.com\/es\/producto\/stainless-steel-gate-valve\" aria-label=\"M\u00e1s en V\u00e1lvula de compuerta de acero inoxidable\">Leer m\u00e1s<\/a><\/p>","protected":false},"featured_media":27868,"comment_status":"closed","ping_status":"closed","template":"","meta":{"_generate-full-width-content":"","kt_blocks_editor_width":""},"product_cat":[2052,2454],"product_tag":[2798],"class_list":["post-16035","product","type-product","status-publish","has-post-thumbnail","hentry","product_cat-gate-valve","product_cat-gate-valve-by-material","product_tag-osy-valve","sales-flash-overlay","woocommerce-text-align-center","woocommerce-image-align-center","do-quantity-buttons"],"featured_image_src_large":["https:\/\/zecovalve.com\/wp-content\/uploads\/2022\/06\/Stainless-Steel-Gate-Valve-1.jpg",800,600,false],"author_info":[],"comment_info":0,"taxonomy_info":{"product_cat":[{"value":2052,"label":"Gate Valve"},{"value":2454,"label":"Gate Valve By Material"}],"product_tag":[{"value":2798,"label":"OS&amp;Y Valve"}]},"yoast_head":"<!-- This site is optimized with the Yoast SEO Premium plugin v15.4 - https:\/\/yoast.com\/wordpress\/plugins\/seo\/ -->\n<title>Stainless Steel Gate Valve - Stainless Steel Valve | ZECO Valve<\/title>\n<meta name=\"robots\" content=\"index, follow, max-snippet:-1, max-image-preview:large, max-video-preview:-1\" \/>\n<link rel=\"canonical\" href=\"https:\/\/zecovalve.com\/es\/producto\/stainless-steel-gate-valve\" \/>\n<meta property=\"og:locale\" content=\"es_ES\" \/>\n<meta property=\"og:type\" content=\"article\" \/>\n<meta property=\"og:title\" content=\"Stainless Steel Gate Valve - Stainless Steel Valve | ZECO Valve\" \/>\n<meta property=\"og:description\" content=\"ZECO Valve supplies Stainless steel gate valves in the versions gate valves as well as gate valves, flanged end mostly from stock. ... Leer m\u00e1s\" \/>\n<meta property=\"og:url\" content=\"https:\/\/zecovalve.com\/es\/producto\/stainless-steel-gate-valve\" \/>\n<meta property=\"og:site_name\" content=\"ZECO Valve\" \/>\n<meta property=\"article:modified_time\" content=\"2023-06-07T13:51:29+00:00\" \/>\n<meta property=\"og:image\" content=\"https:\/\/zecovalve.com\/wp-content\/uploads\/2022\/06\/Stainless-Steel-Gate-Valve-1.jpg\" \/>\n\t<meta property=\"og:image:width\" content=\"800\" \/>\n\t<meta property=\"og:image:height\" content=\"600\" \/>\n<meta name=\"twitter:card\" content=\"summary_large_image\" \/>\n<meta name=\"twitter:label1\" content=\"Escrito por\">\n\t<meta name=\"twitter:data1\" content=\"Jerry\">\n\t<meta name=\"twitter:label2\" content=\"Tiempo de lectura\">\n\t<meta name=\"twitter:data2\" content=\"2 minutos\">\n<script type=\"application\/ld+json\" class=\"yoast-schema-graph\">{\"@context\":\"https:\/\/schema.org\",\"@graph\":[{\"@type\":\"WebSite\",\"@id\":\"https:\/\/zecovalve.com\/#website\",\"url\":\"https:\/\/zecovalve.com\/\",\"name\":\"ZECO Valve\",\"description\":\"Industrial Ball Valve, Gate Valve and Globe Valve Manufacturer\",\"potentialAction\":[{\"@type\":\"SearchAction\",\"target\":\"https:\/\/zecovalve.com\/?s={search_term_string}\",\"query-input\":\"required name=search_term_string\"}],\"inLanguage\":\"es\"},{\"@type\":\"ImageObject\",\"@id\":\"https:\/\/zecovalve.com\/product\/stainless-steel-gate-valve#primaryimage\",\"inLanguage\":\"es\",\"url\":\"https:\/\/zecovalve.com\/wp-content\/uploads\/2022\/06\/Stainless-Steel-Gate-Valve-1.jpg\",\"width\":800,\"height\":600,\"caption\":\"Stainless Steel Gate Valve\"},{\"@type\":\"WebPage\",\"@id\":\"https:\/\/zecovalve.com\/product\/stainless-steel-gate-valve#webpage\",\"url\":\"https:\/\/zecovalve.com\/product\/stainless-steel-gate-valve\",\"name\":\"Stainless Steel Gate Valve - Stainless Steel Valve | ZECO Valve\",\"isPartOf\":{\"@id\":\"https:\/\/zecovalve.com\/#website\"},\"primaryImageOfPage\":{\"@id\":\"https:\/\/zecovalve.com\/product\/stainless-steel-gate-valve#primaryimage\"},\"datePublished\":\"2022-06-18T08:33:26+00:00\",\"dateModified\":\"2023-06-07T13:51:29+00:00\",\"breadcrumb\":{\"@id\":\"https:\/\/zecovalve.com\/product\/stainless-steel-gate-valve#breadcrumb\"},\"inLanguage\":\"es\",\"potentialAction\":[{\"@type\":\"ReadAction\",\"target\":[\"https:\/\/zecovalve.com\/product\/stainless-steel-gate-valve\"]}]},{\"@type\":\"BreadcrumbList\",\"@id\":\"https:\/\/zecovalve.com\/product\/stainless-steel-gate-valve#breadcrumb\",\"itemListElement\":[{\"@type\":\"ListItem\",\"position\":1,\"item\":{\"@type\":\"WebPage\",\"@id\":\"https:\/\/zecovalve.com\/\",\"url\":\"https:\/\/zecovalve.com\/\",\"name\":\"Home\"}},{\"@type\":\"ListItem\",\"position\":2,\"item\":{\"@type\":\"WebPage\",\"@id\":\"https:\/\/zecovalve.com\/product-category\",\"url\":\"https:\/\/zecovalve.com\/product-category\",\"name\":\"Industrial Valve Manufacturer | Water Valve Manufacturer\"}},{\"@type\":\"ListItem\",\"position\":3,\"item\":{\"@type\":\"WebPage\",\"@id\":\"https:\/\/zecovalve.com\/product\/stainless-steel-gate-valve\",\"url\":\"https:\/\/zecovalve.com\/product\/stainless-steel-gate-valve\",\"name\":\"Stainless Steel Gate Valve\"}}]}]}<\/script>\n<!-- \/ Yoast SEO Premium plugin. -->","_links":{"self":[{"href":"https:\/\/zecovalve.com\/es\/wp-json\/wp\/v2\/product\/16035","targetHints":{"allow":["GET"]}}],"collection":[{"href":"https:\/\/zecovalve.com\/es\/wp-json\/wp\/v2\/product"}],"about":[{"href":"https:\/\/zecovalve.com\/es\/wp-json\/wp\/v2\/types\/product"}],"replies":[{"embeddable":true,"href":"https:\/\/zecovalve.com\/es\/wp-json\/wp\/v2\/comments?post=16035"}],"wp:featuredmedia":[{"embeddable":true,"href":"https:\/\/zecovalve.com\/es\/wp-json\/wp\/v2\/media\/27868"}],"wp:attachment":[{"href":"https:\/\/zecovalve.com\/es\/wp-json\/wp\/v2\/media?parent=16035"}],"wp:term":[{"taxonomy":"product_cat","embeddable":true,"href":"https:\/\/zecovalve.com\/es\/wp-json\/wp\/v2\/product_cat?post=16035"},{"taxonomy":"product_tag","embeddable":true,"href":"https:\/\/zecovalve.com\/es\/wp-json\/wp\/v2\/product_tag?post=16035"}],"curies":[{"name":"wp","href":"https:\/\/api.w.org\/{rel}","templated":true}]}}