{"id":16037,"date":"2022-06-18T08:40:15","date_gmt":"2022-06-18T08:40:15","guid":{"rendered":"https:\/\/zecovalve.com\/?post_type=product&#038;p=16037"},"modified":"2023-06-07T13:51:56","modified_gmt":"2023-06-07T13:51:56","slug":"motorized-gate-valve","status":"publish","type":"product","link":"https:\/\/zecovalve.com\/es\/producto\/motorized-gate-valve","title":{"rendered":"V\u00e1lvula motorizada - V\u00e1lvula de compuerta el\u00e9ctrica"},"content":{"rendered":"<p>V\u00e1lvula motorizada multivuelta: El actuador multivuelta est\u00e1 especialmente dise\u00f1ado para todas las aplicaciones de v\u00e1lvulas multivuelta (v\u00e1lvulas de movimiento lineal), como v\u00e1lvulas de globo, v\u00e1lvulas de compuerta, etc.<\/p>\r\n\r\n\r\n\r\n<figure class=\"wp-block-image alignnone size-medium wp-image-16038\"><img loading=\"lazy\" decoding=\"async\" width=\"300\" height=\"225\" class=\"wp-image-16038\" src=\"https:\/\/zecovalve.com\/wp-content\/uploads\/2022\/06\/motorized-gate-valve-300x225.jpg\" alt=\"V\u00e1lvula de compuerta motorizada\" srcset=\"https:\/\/zecovalve.com\/wp-content\/uploads\/2022\/06\/motorized-gate-valve-300x225.jpg 300w, https:\/\/zecovalve.com\/wp-content\/uploads\/2022\/06\/motorized-gate-valve-768x576.jpg 768w, https:\/\/zecovalve.com\/wp-content\/uploads\/2022\/06\/motorized-gate-valve-600x450.jpg 600w, https:\/\/zecovalve.com\/wp-content\/uploads\/2022\/06\/motorized-gate-valve.jpg 800w\" sizes=\"auto, (max-width: 300px) 100vw, 300px\" \/><\/figure>\r\n\r\n\r\n<div class=\"gb-button-wrapper gb-button-wrapper-6d8495a3\">\r\n\r\n\r\n<p><a class=\"gb-button gb-button-3d442e11 gb-button-text\" href=\"mailto:commercial@zecovalve.com\" target=\"_blank\" rel=\"noopener noreferrer\"><strong>OBTENER PRECIO DE V\u00c1LVULA DE COMPUERTA MOTORIZADA<\/strong><\/a><\/p>\r\n<\/div>\r\n\r\n\r\n\r\n\r\n<h2 class=\"wp-block-heading\" id=\"h-what-is-motorized-valve\">Qu\u00e9 es una v\u00e1lvula motorizada:<\/h2>\r\n\r\n\r\n\r\n<p>Una v\u00e1lvula motorizada es un tipo de v\u00e1lvula que utiliza un motor el\u00e9ctrico para abrir o cerrar su mecanismo. Este tipo de v\u00e1lvula es ideal para v\u00e1lvulas de gran tama\u00f1o o aplicaciones de control remoto de fluidos, como el deshielo de aviones, el riego agr\u00edcola y la extinci\u00f3n autom\u00e1tica de incendios. La mayor\u00eda de los tipos de v\u00e1lvulas son adecuados para aplicaciones motorizadas, siendo las de compuerta, bola y mariposa algunas de las m\u00e1s comunes. La v\u00e1lvula motorizada tambi\u00e9n es adecuada para aplicaciones de control remoto de caudal en las que las entradas del sistema implican un funcionamiento incremental de la v\u00e1lvula. Los mecanismos internos de control de fluidos de las v\u00e1lvulas motorizadas suelen ser id\u00e9nticos a los de sus hom\u00f3logas manuales; las entradas de accionamiento de la v\u00e1lvula son la \u00fanica diferencia entre ambas.<\/p>\r\n\r\n\r\n\r\n<p>La v\u00e1lvula de compuerta el\u00e9ctrica ZECO se denomina seg\u00fan el modo de conducci\u00f3n,\u00a0 <a href=\"https:\/\/zecovalve.com\/es\/producto\/motorized-gate-valve\" data-internallinksmanager029f6b8e52c=\"4\" title=\"v\u00e1lvula de compuerta motorizada\" target=\"_blank\" rel=\"noopener\">v\u00e1lvula de compuerta motorizada<\/a> como su nombre indica, se acciona mediante una v\u00e1lvula de compuerta el\u00e9ctrica. La v\u00e1lvula de compuerta el\u00e9ctrica dise\u00f1ada por ZECO cumple el nivel SIL 3 de seguridad e integridad para v\u00e1lvulas automatizadas. ZECO Valve Group utiliza maquinaria moderna y el latemolduld para producir las \u00faltimas instalaciones de fabricaci\u00f3n avanzada, para proporcionar a los usuarios productos de control de flujo de la m\u00e1s alta calidad, y un precio muy competitivo. Todas las piezas de fundici\u00f3n, especialmente el cuerpo y el bonete, tienen secciones pesadas para garantizar su resistencia, durabilidad y uso fiable y seguro en una amplia gama de entornos de servicio. Las aleaciones de acero para el cuerpo y el cap\u00f3 se seleccionan cuidadosamente para obtener una buena calidad de fundici\u00f3n, estabilidad estructural, resistencia mec\u00e1nica y soldabilidad segura. Las piezas se funden bajo estricta y cr\u00edtica supervisi\u00f3n metal\u00fargica y de laboratorio. Se someten a tratamiento t\u00e9rmico, se limpian a fondo mediante pulverizaci\u00f3n de pie y se comprueban cuidadosamente para garantizar que no presentan defectos. Todas las piezas fundidas de estas v\u00e1lvulas cumplen las normas ASTM correspondientes.<\/p>\r\n\r\n\r\n\r\n<h2 class=\"wp-block-heading\">\u00bfC\u00f3mo funciona una v\u00e1lvula motorizada?<\/h2>\r\n\r\n\r\n\r\n<p>La v\u00e1lvula motorizada es una fuente de alimentaci\u00f3n para accionar la rotaci\u00f3n del motor, abriendo o cerrando as\u00ed la v\u00e1lvula de un dispositivo, y soportando choques de tensi\u00f3n. El rango de rotaci\u00f3n de la v\u00e1lvula el\u00e9ctrica es ajustable. El rango de rotaci\u00f3n puede ajustarse introduciendo las se\u00f1ales de corriente y tensi\u00f3n especificadas. Las se\u00f1ales de control generales son: se\u00f1al de corriente (4 ~ 20mA, 0 ~ 10mA) o se\u00f1al de tensi\u00f3n (0 ~ 5V, 1 ~ 5V).<\/p>\r\n\r\n\r\n\r\n<h2 class=\"wp-block-heading\">Aplicaci\u00f3n de las v\u00e1lvulas motorizadas<\/h2>\r\n\r\n\r\n\r\n<p>Las v\u00e1lvulas motorizadas suelen llevar un motor el\u00e9ctrico que acciona un mecanismo avanzado a trav\u00e9s de un tren de engranajes para abrirlas o cerrarlas. El mecanismo avanzado depende del tipo de v\u00e1lvula. Las v\u00e1lvulas de recorrido vertical, como las de compuerta o las de esclusa, suelen utilizar un mecanismo de tornillo de avance que eleva o baja la placa de la compuerta y suelen encontrarse en sistemas de mayor tama\u00f1o, como las conducciones de agua. Las v\u00e1lvulas de globo tambi\u00e9n utilizan un mecanismo de avance de tornillo para posicionar el obturador c\u00f3nico que controla el caudal de fluido en aplicaciones de dosificaci\u00f3n de alta precisi\u00f3n.<\/p>\r\n\r\n\r\n\r\n<h2 class=\"wp-block-heading\" id=\"h-features-of-motorized-valves\">Caracter\u00edsticas de las v\u00e1lvulas motorizadas:<\/h2>\r\n\r\n\r\n\r\n<ul class=\"wp-block-list\">\r\n<li>La v\u00e1lvula de compuerta el\u00e9ctrica ZECO puede accionarse a distancia y el usuario puede operar y comprobar el estado de la v\u00e1lvula en la sala de control. Reduce la p\u00e9rdida de personal necesario para correr al sitio para cerrar las v\u00e1lvulas de compuerta sin actuadores el\u00e9ctricos y tambi\u00e9n reduce la situaci\u00f3n que las v\u00e1lvulas no se pueden cerrar en situaciones peligrosas;<\/li>\r\n<li>La v\u00e1lvula de compuerta el\u00e9ctrica ZECO puede personalizarse con empaquetadura sin amianto o empaquetadura de grafito;<\/li>\r\n<li>La v\u00e1lvula de compuerta el\u00e9ctrica ZECO fijar\u00e1 el actuador el\u00e9ctrico en el proceso de transporte para prevenir el da\u00f1o al actuador el\u00e9ctrico causado por el golpe en el proceso de transporte;<\/li>\r\n<li>El bajo par de la v\u00e1lvula de compuerta el\u00e9ctrica ZECO puede reducir el coste del actuador el\u00e9ctrico.<\/li>\r\n<\/ul>\r\n\r\n\r\n\r\n<h2 class=\"wp-block-heading\" id=\"h-material-of-electric-gate-valve\">Material de la v\u00e1lvula de compuerta el\u00e9ctrica:<\/h2>\r\n\r\n\r\n\r\n<figure class=\"wp-block-table\">\r\n<table>\r\n<tbody>\r\n<tr>\r\n<td>No<\/td>\r\n<td>Pieza<\/td>\r\n<td>Material<\/td>\r\n<\/tr>\r\n<tr>\r\n<td>1<\/td>\r\n<td>Cuerpo<\/td>\r\n<td>ASTM A351 CF8<\/td>\r\n<\/tr>\r\n<tr>\r\n<td>2<\/td>\r\n<td>Anillo de asiento<\/td>\r\n<td>ASTM A182 F304 + 13Cr<\/td>\r\n<\/tr>\r\n<tr>\r\n<td>3<\/td>\r\n<td>Cu\u00f1a<\/td>\r\n<td>ASTM A351 CF8 + 13Cr<\/td>\r\n<\/tr>\r\n<tr>\r\n<td>4<\/td>\r\n<td>V\u00e1stago<\/td>\r\n<td>ASTM A182 304<\/td>\r\n<\/tr>\r\n<tr>\r\n<td>5<\/td>\r\n<td>Junta del cap\u00f3<\/td>\r\n<td>Grafito + SS304<\/td>\r\n<\/tr>\r\n<tr>\r\n<td>6<\/td>\r\n<td>Perno del cap\u00f3<\/td>\r\n<td>ASTM A193 B8<\/td>\r\n<\/tr>\r\n<tr>\r\n<td>7<\/td>\r\n<td>Tuerca de sombrerete<\/td>\r\n<td>ASTM A194 8<\/td>\r\n<\/tr>\r\n<tr>\r\n<td>8<\/td>\r\n<td>Cap\u00f3<\/td>\r\n<td>ASTM A351 CF8<\/td>\r\n<\/tr>\r\n<tr>\r\n<td>9<\/td>\r\n<td>Asiento trasero<\/td>\r\n<td>ASTM A182 304<\/td>\r\n<\/tr>\r\n<tr>\r\n<td>10<\/td>\r\n<td>Empaquetadura de v\u00e1stago<\/td>\r\n<td>Grafito reforzado<\/td>\r\n<\/tr>\r\n<tr>\r\n<td>11<\/td>\r\n<td>Actuador motorizado<\/td>\r\n<td>ASTM A351 CF8<\/td>\r\n<\/tr>\r\n<\/tbody>\r\n<\/table>\r\n<\/figure>","protected":false},"excerpt":{"rendered":"<p>V\u00e1lvula motorizada multivuelta: El actuador multivuelta est\u00e1 especialmente dise\u00f1ado para todas las aplicaciones de v\u00e1lvulas multivuelta (v\u00e1lvulas de movimiento lineal), como v\u00e1lvulas de globo, v\u00e1lvulas de compuerta,\u2026 <a title=\"V\u00e1lvula motorizada - V\u00e1lvula de compuerta el\u00e9ctrica\" class=\"read-more\" href=\"https:\/\/zecovalve.com\/es\/producto\/motorized-gate-valve\" aria-label=\"M\u00e1s en V\u00e1lvula Motorizada \u2013 V\u00e1lvula de Compuerta El\u00e9ctrica\">Leer m\u00e1s<\/a><\/p>","protected":false},"featured_media":27869,"comment_status":"closed","ping_status":"closed","template":"","meta":{"_generate-full-width-content":"","kt_blocks_editor_width":""},"product_cat":[2052,2457],"product_tag":[2766,2727],"class_list":["post-16037","product","type-product","status-publish","has-post-thumbnail","hentry","product_cat-gate-valve","product_cat-gate-valve-by-drive-mode","product_tag-motorised-valve","product_tag-motorized-valve","sales-flash-overlay","woocommerce-text-align-center","woocommerce-image-align-center","do-quantity-buttons"],"featured_image_src_large":["https:\/\/zecovalve.com\/wp-content\/uploads\/2022\/06\/Motorized-Valve-\u2013-Electric-Gate-Valve.jpg",800,600,false],"author_info":[],"comment_info":0,"taxonomy_info":{"product_cat":[{"value":2052,"label":"Gate Valve"},{"value":2457,"label":"Gate Valve with Actuator"}],"product_tag":[{"value":2766,"label":"Motorised Valve"},{"value":2727,"label":"Motorized Valve"}]},"yoast_head":"<!-- This site is optimized with the Yoast SEO Premium plugin v15.4 - https:\/\/yoast.com\/wordpress\/plugins\/seo\/ -->\n<title>Motorized Valve - Electric Gate Valve Manufacturer | Zeco Valve<\/title>\n<meta name=\"robots\" content=\"index, follow, max-snippet:-1, max-image-preview:large, max-video-preview:-1\" \/>\n<link rel=\"canonical\" href=\"https:\/\/zecovalve.com\/es\/producto\/motorized-gate-valve\" \/>\n<meta property=\"og:locale\" content=\"es_ES\" \/>\n<meta property=\"og:type\" content=\"article\" \/>\n<meta property=\"og:title\" content=\"Motorized Valve - Electric Gate Valve Manufacturer | Zeco Valve\" \/>\n<meta property=\"og:description\" content=\"Multi-Turn Motorized Valve: Multi-turn actuator is specially designed for all multi-turn valve applications (linear motion valves), such as globe valves, gate valves, ... Leer m\u00e1s\" \/>\n<meta property=\"og:url\" content=\"https:\/\/zecovalve.com\/es\/producto\/motorized-gate-valve\" \/>\n<meta property=\"og:site_name\" content=\"ZECO Valve\" \/>\n<meta property=\"article:modified_time\" content=\"2023-06-07T13:51:56+00:00\" \/>\n<meta property=\"og:image\" content=\"https:\/\/zecovalve.com\/wp-content\/uploads\/2022\/06\/Motorized-Valve-\u2013-Electric-Gate-Valve.jpg\" \/>\n\t<meta property=\"og:image:width\" content=\"800\" \/>\n\t<meta property=\"og:image:height\" content=\"600\" \/>\n<meta name=\"twitter:card\" content=\"summary_large_image\" \/>\n<meta name=\"twitter:label1\" content=\"Escrito por\">\n\t<meta name=\"twitter:data1\" content=\"Jerry\">\n\t<meta name=\"twitter:label2\" content=\"Tiempo de lectura\">\n\t<meta name=\"twitter:data2\" content=\"3 minutos\">\n<script type=\"application\/ld+json\" class=\"yoast-schema-graph\">{\"@context\":\"https:\/\/schema.org\",\"@graph\":[{\"@type\":\"WebSite\",\"@id\":\"https:\/\/zecovalve.com\/#website\",\"url\":\"https:\/\/zecovalve.com\/\",\"name\":\"ZECO Valve\",\"description\":\"Industrial Ball Valve, Gate Valve and Globe Valve Manufacturer\",\"potentialAction\":[{\"@type\":\"SearchAction\",\"target\":\"https:\/\/zecovalve.com\/?s={search_term_string}\",\"query-input\":\"required name=search_term_string\"}],\"inLanguage\":\"es\"},{\"@type\":\"ImageObject\",\"@id\":\"https:\/\/zecovalve.com\/product\/motorized-gate-valve#primaryimage\",\"inLanguage\":\"es\",\"url\":\"https:\/\/zecovalve.com\/wp-content\/uploads\/2022\/06\/Motorized-Valve-\\u2013-Electric-Gate-Valve.jpg\",\"width\":800,\"height\":600,\"caption\":\"Motorized Valve \\u2013 Electric Gate Valve\"},{\"@type\":\"WebPage\",\"@id\":\"https:\/\/zecovalve.com\/product\/motorized-gate-valve#webpage\",\"url\":\"https:\/\/zecovalve.com\/product\/motorized-gate-valve\",\"name\":\"Motorized Valve - Electric Gate Valve Manufacturer | Zeco Valve\",\"isPartOf\":{\"@id\":\"https:\/\/zecovalve.com\/#website\"},\"primaryImageOfPage\":{\"@id\":\"https:\/\/zecovalve.com\/product\/motorized-gate-valve#primaryimage\"},\"datePublished\":\"2022-06-18T08:40:15+00:00\",\"dateModified\":\"2023-06-07T13:51:56+00:00\",\"breadcrumb\":{\"@id\":\"https:\/\/zecovalve.com\/product\/motorized-gate-valve#breadcrumb\"},\"inLanguage\":\"es\",\"potentialAction\":[{\"@type\":\"ReadAction\",\"target\":[\"https:\/\/zecovalve.com\/product\/motorized-gate-valve\"]}]},{\"@type\":\"BreadcrumbList\",\"@id\":\"https:\/\/zecovalve.com\/product\/motorized-gate-valve#breadcrumb\",\"itemListElement\":[{\"@type\":\"ListItem\",\"position\":1,\"item\":{\"@type\":\"WebPage\",\"@id\":\"https:\/\/zecovalve.com\/\",\"url\":\"https:\/\/zecovalve.com\/\",\"name\":\"Home\"}},{\"@type\":\"ListItem\",\"position\":2,\"item\":{\"@type\":\"WebPage\",\"@id\":\"https:\/\/zecovalve.com\/product-category\",\"url\":\"https:\/\/zecovalve.com\/product-category\",\"name\":\"Industrial Valve Manufacturer | Water Valve Manufacturer\"}},{\"@type\":\"ListItem\",\"position\":3,\"item\":{\"@type\":\"WebPage\",\"@id\":\"https:\/\/zecovalve.com\/product\/motorized-gate-valve\",\"url\":\"https:\/\/zecovalve.com\/product\/motorized-gate-valve\",\"name\":\"Motorized Valve &#8211; Electric Gate Valve\"}}]}]}<\/script>\n<!-- \/ Yoast SEO Premium plugin. -->","_links":{"self":[{"href":"https:\/\/zecovalve.com\/es\/wp-json\/wp\/v2\/product\/16037","targetHints":{"allow":["GET"]}}],"collection":[{"href":"https:\/\/zecovalve.com\/es\/wp-json\/wp\/v2\/product"}],"about":[{"href":"https:\/\/zecovalve.com\/es\/wp-json\/wp\/v2\/types\/product"}],"replies":[{"embeddable":true,"href":"https:\/\/zecovalve.com\/es\/wp-json\/wp\/v2\/comments?post=16037"}],"wp:featuredmedia":[{"embeddable":true,"href":"https:\/\/zecovalve.com\/es\/wp-json\/wp\/v2\/media\/27869"}],"wp:attachment":[{"href":"https:\/\/zecovalve.com\/es\/wp-json\/wp\/v2\/media?parent=16037"}],"wp:term":[{"taxonomy":"product_cat","embeddable":true,"href":"https:\/\/zecovalve.com\/es\/wp-json\/wp\/v2\/product_cat?post=16037"},{"taxonomy":"product_tag","embeddable":true,"href":"https:\/\/zecovalve.com\/es\/wp-json\/wp\/v2\/product_tag?post=16037"}],"curies":[{"name":"wp","href":"https:\/\/api.w.org\/{rel}","templated":true}]}}