{"id":16054,"date":"2022-06-18T09:35:42","date_gmt":"2022-06-18T09:35:42","guid":{"rendered":"https:\/\/zecovalve.com\/?post_type=product&#038;p=16054"},"modified":"2023-06-07T06:37:47","modified_gmt":"2023-06-07T06:37:47","slug":"gear-operated-ball-valve","status":"publish","type":"product","link":"https:\/\/zecovalve.com\/es\/producto\/gear-operated-ball-valve","title":{"rendered":"V\u00e1lvula de engranaje - V\u00e1lvula de bola accionada por engranaje"},"content":{"rendered":"<p>A <a href=\"https:\/\/zecovalve.com\/es\/producto\/gear-operated-gate-valve\/\" data-internallinksmanager029f6b8e52c=\"2\" title=\"v\u00e1lvulas de compuerta accionadas por engranajes\" target=\"_blank\" rel=\"noopener\">v\u00e1lvula de engranaje<\/a> se utiliza normalmente para el accionamiento manual de v\u00e1lvulas de bola.<\/p>\r\n\r\n\r\n\r\n<div class=\"wp-block-columns is-layout-flex wp-container-core-columns-is-layout-9d6595d7 wp-block-columns-is-layout-flex\">\r\n<div class=\"wp-block-column is-layout-flow wp-block-column-is-layout-flow\">\r\n<figure class=\"wp-block-image size-large\"><img decoding=\"async\" src=\"https:\/\/zecovalve.com\/wp-content\/uploads\/2022\/06\/gear-operated-ball-valve-1-300x225.jpg\" alt=\"\" \/><\/figure>\r\n<\/div>\r\n\r\n\r\n\r\n<div class=\"wp-block-column is-layout-flow wp-block-column-is-layout-flow\">\r\n<figure class=\"wp-block-image size-large\"><img decoding=\"async\" src=\"https:\/\/zecovalve.com\/wp-content\/uploads\/2022\/06\/gear-operated-ball-valve-2-300x225.jpg\" alt=\"\" \/><\/figure>\r\n<\/div>\r\n\r\n\r\n\r\n<div class=\"wp-block-column is-layout-flow wp-block-column-is-layout-flow\">\r\n<figure class=\"wp-block-image size-large\"><img decoding=\"async\" src=\"https:\/\/zecovalve.com\/wp-content\/uploads\/2022\/06\/gear-operated-ball-valve-3-300x225.jpg\" alt=\"\" \/><\/figure>\r\n<\/div>\r\n<\/div>\r\n\r\n\r\n\r\n<div class=\"wp-block-columns is-layout-flex wp-container-core-columns-is-layout-9d6595d7 wp-block-columns-is-layout-flex\">\r\n<div class=\"wp-block-column is-layout-flow wp-block-column-is-layout-flow\"><div class=\"wp-block-image\">\r\n<figure class=\"aligncenter size-full is-resized\"><img loading=\"lazy\" decoding=\"async\" class=\"wp-image-16059\" src=\"https:\/\/zecovalve.com\/wp-content\/uploads\/2022\/06\/gear-operated-ball-valve-6.jpg\" alt=\"\" width=\"400\" height=\"300\" srcset=\"https:\/\/zecovalve.com\/wp-content\/uploads\/2022\/06\/gear-operated-ball-valve-6.jpg 800w, https:\/\/zecovalve.com\/wp-content\/uploads\/2022\/06\/gear-operated-ball-valve-6-300x225.jpg 300w, https:\/\/zecovalve.com\/wp-content\/uploads\/2022\/06\/gear-operated-ball-valve-6-768x576.jpg 768w, https:\/\/zecovalve.com\/wp-content\/uploads\/2022\/06\/gear-operated-ball-valve-6-600x450.jpg 600w\" sizes=\"auto, (max-width: 400px) 100vw, 400px\" \/><\/figure>\r\n<\/div><\/div>\r\n\r\n\r\n\r\n<div class=\"wp-block-column is-layout-flow wp-block-column-is-layout-flow\"><div class=\"wp-block-image\">\r\n<figure class=\"aligncenter size-full is-resized\"><img loading=\"lazy\" decoding=\"async\" class=\"wp-image-16648\" src=\"https:\/\/zecovalve.com\/wp-content\/uploads\/2022\/06\/gear-operated-ball-valve-5.jpg\" alt=\"\" width=\"400\" height=\"300\" srcset=\"https:\/\/zecovalve.com\/wp-content\/uploads\/2022\/06\/gear-operated-ball-valve-5.jpg 800w, https:\/\/zecovalve.com\/wp-content\/uploads\/2022\/06\/gear-operated-ball-valve-5-300x225.jpg 300w, https:\/\/zecovalve.com\/wp-content\/uploads\/2022\/06\/gear-operated-ball-valve-5-768x576.jpg 768w, https:\/\/zecovalve.com\/wp-content\/uploads\/2022\/06\/gear-operated-ball-valve-5-600x450.jpg 600w\" sizes=\"auto, (max-width: 400px) 100vw, 400px\" \/><\/figure>\r\n<\/div><\/div>\r\n<\/div>\r\n\r\n\r\n<div class=\"gb-button-wrapper gb-button-wrapper-6d8495a3\">\r\n\r\n\r\n<p><a class=\"gb-button gb-button-3d442e11 gb-button-text\" href=\"mailto:commercial@zecovalve.com\" target=\"_blank\" rel=\"noopener noreferrer\"><strong>OBTENER PRECIO DE V\u00c1LVULA DE BOLA ACCIONADA POR ENGRANAJE<\/strong><\/a><\/p>\r\n<\/div>\r\n\r\n\r\n\r\n\r\n<h2 class=\"wp-block-heading\">\u00bfQu\u00e9 es una v\u00e1lvula de engranaje?<\/h2>\r\n\r\n\r\n\r\n<p>Se trata de una v\u00e1lvula manual que utiliza engranajes para mejorar la multiplicaci\u00f3n del par. <a href=\"https:\/\/zecovalve.com\/es\/producto\/gear-operated-gate-valve\/\" data-internallinksmanager029f6b8e52c=\"2\" title=\"v\u00e1lvulas de compuerta accionadas por engranajes\" target=\"_blank\" rel=\"noopener\">V\u00e1lvula de engranaje<\/a> tiene el sistema de engranajes conectado al volante a trav\u00e9s de un eje corto. Esto permite que el par aplicado por el operador de la v\u00e1lvula vaya directamente al sistema de engranajes. A continuaci\u00f3n, el par se multiplica a trav\u00e9s de un sistema de engranajes que facilita la apertura de las v\u00e1lvulas que exigen un par elevado. Esto facilita al operador de la v\u00e1lvula la apertura y el cierre del flujo de fluido, incluso cuando la v\u00e1lvula se utiliza en aplicaciones frecuentes y de par elevado.<\/p>\r\n\r\n\r\n\r\n<h2 class=\"wp-block-heading\" id=\"h-what-is-a-gear-operated-ball-valve\">\u00bfQu\u00e9 es una v\u00e1lvula de bola accionada por engranaje?<\/h2>\r\n\r\n\r\n\r\n<p>V\u00e1lvula de bola de gran tama\u00f1o si adopta la operaci\u00f3n manual reducir\u00e1 la eficiencia del personal, incluso si muchas personas ayudan tambi\u00e9n puede ser debido al gran tama\u00f1o de par excesivo no puede abrir o cerrar la v\u00e1lvula, por lo que la v\u00e1lvula de bola de gran di\u00e1metro ZECO b\u00e1sicamente adopta la operaci\u00f3n de engranajes, el engranaje puede conducir camino a trav\u00e9s de la estructura de engranajes reducir en gran medida abrir o cerrar el par de la v\u00e1lvula, podr\u00eda haber sido tres operaciones pueden ser s\u00f3lo una operaci\u00f3n puede ser completada. Adem\u00e1s, ZECO puede fabricar cabezas turbo con grado de impermeabilidad o recubrimiento de pulverizaci\u00f3n completa de acuerdo a los requerimientos de los clientes.<\/p>\r\n\r\n\r\n\r\n<h2 class=\"wp-block-heading\">Aplicaciones de las v\u00e1lvulas de bola accionadas por engranaje<\/h2>\r\n\r\n\r\n\r\n<ul class=\"wp-block-list\">\r\n<li>Las v\u00e1lvulas de bola se pueden utilizar para diferentes tipos de servicios de fluidos, como v\u00e1lvulas de cierre on\/off con cierre herm\u00e9tico a las burbujas.<\/li>\r\n<li>Son aplicables en sistemas de aire, gases y vapores, adem\u00e1s de en sistemas de hidrocarburos.<\/li>\r\n<li>Son \u00fatiles para conectar instrumentos mediante tubos.<\/li>\r\n<li>Las v\u00e1lvulas de bola de asiento met\u00e1lico son \u00fatiles tanto en aplicaciones de alta temperatura como de alta presi\u00f3n.<\/li>\r\n<\/ul>\r\n\r\n\r\n\r\n<h2 class=\"wp-block-heading\" id=\"h-features-of-gear-operated-ball-valve\">Caracter\u00edsticas de la v\u00e1lvula de bola accionada por engranaje:<\/h2>\r\n\r\n\r\n\r\n<ul class=\"wp-block-list\">\r\n<li>ZECO engranaje operado v\u00e1lvula de bola tiene un v\u00e1stago anti - fly out dise\u00f1o. En la v\u00e1lvula de bola necesita cambiar la empaquetadura o para el mantenimiento correspondiente, la necesidad de borrar la gl\u00e1ndula de embalaje, con el fin de evitar que la gl\u00e1ndula descargada, el v\u00e1stago ser\u00e1 herido por la presi\u00f3n dentro del lumen y la mosca superior al personal de mantenimiento, ZECO en un ajuste en el v\u00e1stago para el v\u00e1stago convexo en el lugar de la gl\u00e1ndula, no importa cu\u00e1nta presi\u00f3n lumen v\u00e1stago volar da\u00f1o explosi\u00f3n no va a suceder;<\/li>\r\n<li>Las piezas de conexi\u00f3n del cuerpo de la v\u00e1lvula y el cuerpo izquierdo de la v\u00e1lvula de bola ZECO son juntas de coj\u00edn. Para evitar las fugas de sellado causadas por incendios, altas temperaturas o vibraciones, ZECO dise\u00f1\u00f3 la conexi\u00f3n entre el cuerpo de la v\u00e1lvula y el cuerpo izquierdo como contacto de metal y metal, formando una brida para garantizar que no haya fugas externas;<\/li>\r\n<li>ZECO v\u00e1lvula de bola accionada por engranaje est\u00e1 dise\u00f1ado con dispositivo antiest\u00e1tico. Cuando la v\u00e1lvula de bola en el proceso de apertura o cierre, los materiales no met\u00e1licos en la superficie de la bola y sellar la fricci\u00f3n que genera electrost\u00e1tica, tales como medio est\u00e1tico se deriva y la l\u00ednea es materiales combustibles ser\u00e1n incidentes muy graves, por lo que el dise\u00f1o ZECO en el v\u00e1stago y la bola dispositivo antiest\u00e1tico, compuesto por la primavera y la bola de metal, que puede ser producido por la exportaci\u00f3n electrost\u00e1tica del cuerpo de la v\u00e1lvula;<\/li>\r\n<li>La v\u00e1lvula de bola accionada por engranaje ZECO est\u00e1 dise\u00f1ada para la protecci\u00f3n contra incendios. En caso de incendio, los materiales no met\u00e1licos como la empaquetadura y el asiento o algunos materiales con bajo punto de ignici\u00f3n se quemar\u00e1n gravemente y provocar\u00e1n graves fugas y la expansi\u00f3n de la situaci\u00f3n de incendio. La estructura a prueba de fuego de ZECO puede asegurar que despu\u00e9s de que estos materiales no met\u00e1licos se quemen, la fuga se puede prevenir a trav\u00e9s del sello met\u00e1lico de la bola y el cuerpo de la v\u00e1lvula para asegurar el funcionamiento normal de la tuber\u00eda.<\/li>\r\n<\/ul>\r\n\r\n\r\n\r\n<h2 class=\"wp-block-heading\" id=\"h-material-of-gear-operated-ball-valve\">Material de la v\u00e1lvula de bola accionada por engranaje:<\/h2>\r\n\r\n\r\n\r\n<figure class=\"wp-block-table\">\r\n<table>\r\n<tbody>\r\n<tr>\r\n<td>No<\/td>\r\n<td>Pieza<\/td>\r\n<td>Material<\/td>\r\n<\/tr>\r\n<tr>\r\n<td>1<\/td>\r\n<td>Cuerpo<\/td>\r\n<td>ASTM A216 WCB<\/td>\r\n<\/tr>\r\n<tr>\r\n<td>2<\/td>\r\n<td>Cap\u00f3<\/td>\r\n<td>ASTM A216 WCB<\/td>\r\n<\/tr>\r\n<tr>\r\n<td>3<\/td>\r\n<td>Bola<\/td>\r\n<td>ASTM A105<\/td>\r\n<\/tr>\r\n<tr>\r\n<td>4<\/td>\r\n<td>Asiento<\/td>\r\n<td>ASTM A105 + PTFE<\/td>\r\n<\/tr>\r\n<tr>\r\n<td>5<\/td>\r\n<td>V\u00e1stago<\/td>\r\n<td>ASTM A182 F6a<\/td>\r\n<\/tr>\r\n<tr>\r\n<td>6<\/td>\r\n<td>Dispositivo antiest\u00e1tico<\/td>\r\n<td>SS304<\/td>\r\n<\/tr>\r\n<tr>\r\n<td>7<\/td>\r\n<td>Junta<\/td>\r\n<td>Grafito + SS304<\/td>\r\n<\/tr>\r\n<tr>\r\n<td>8<\/td>\r\n<td>Perno<\/td>\r\n<td>ASTM A193 B7<\/td>\r\n<\/tr>\r\n<tr>\r\n<td>9<\/td>\r\n<td>Tuerca<\/td>\r\n<td>ASTM A194 2H<\/td>\r\n<\/tr>\r\n<tr>\r\n<td>10<\/td>\r\n<td>Junta t\u00f3rica<\/td>\r\n<td>Vit\u00f3n A<\/td>\r\n<\/tr>\r\n<tr>\r\n<td>11<\/td>\r\n<td>Funcionamiento del engranaje<\/td>\r\n<td>ASTM A216 WCB<\/td>\r\n<\/tr>\r\n<\/tbody>\r\n<\/table>\r\n<\/figure>","protected":false},"excerpt":{"rendered":"<p>Normalmente se utiliza una v\u00e1lvula de engranaje para la operaci\u00f3n manual de v\u00e1lvulas de bola. \u00bfQu\u00e9 es una v\u00e1lvula de engranaje? Esta es una v\u00e1lvula manual... <a title=\"V\u00e1lvula de engranaje \u2013 V\u00e1lvula de bola accionada por engranajes\" class=\"read-more\" href=\"https:\/\/zecovalve.com\/es\/producto\/gear-operated-ball-valve\" aria-label=\"M\u00e1s en V\u00e1lvula de engranajes \u2013 V\u00e1lvula de bola accionada por engranajes\">Leer m\u00e1s<\/a><\/p>","protected":false},"featured_media":27845,"comment_status":"closed","ping_status":"closed","template":"","meta":{"_generate-full-width-content":"","kt_blocks_editor_width":""},"product_cat":[2047,2460],"product_tag":[2802,3913],"class_list":["post-16054","product","type-product","status-publish","has-post-thumbnail","hentry","product_cat-ball-valve","product_cat-ball-valve-by-drive-mode","product_tag-ball-valve-price","product_tag-full-port-ball-valve","sales-flash-overlay","woocommerce-text-align-center","woocommerce-image-align-center","do-quantity-buttons"],"featured_image_src_large":["https:\/\/zecovalve.com\/wp-content\/uploads\/2022\/06\/Gear-Operated-Ball-Valve.jpg",800,600,false],"author_info":[],"comment_info":0,"taxonomy_info":{"product_cat":[{"value":2047,"label":"Ball Valve"},{"value":2460,"label":"Ball Valve By Drive Mode"}],"product_tag":[{"value":2802,"label":"Ball Valve Price"},{"value":3913,"label":"Full Port Ball Valve"}]},"yoast_head":"<!-- This site is optimized with the Yoast SEO Premium plugin v15.4 - https:\/\/yoast.com\/wordpress\/plugins\/seo\/ -->\n<title>Gear Valve - Gear Operated Ball Valve | Zeco Valve<\/title>\n<meta name=\"description\" content=\"ZECO Valve is a API 6D, API 607 certified Ball Valve Manfaucturer, products including Floating Ball Valve, Trunnion Ball Valve....\" \/>\n<meta name=\"robots\" content=\"index, follow, max-snippet:-1, max-image-preview:large, max-video-preview:-1\" \/>\n<link rel=\"canonical\" href=\"https:\/\/zecovalve.com\/es\/producto\/gear-operated-ball-valve\" \/>\n<meta property=\"og:locale\" content=\"es_ES\" \/>\n<meta property=\"og:type\" content=\"article\" \/>\n<meta property=\"og:title\" content=\"Gear Valve - Gear Operated Ball Valve | Zeco Valve\" \/>\n<meta property=\"og:description\" content=\"ZECO Valve is a API 6D, API 607 certified Ball Valve Manfaucturer, products including Floating Ball Valve, Trunnion Ball Valve....\" \/>\n<meta property=\"og:url\" content=\"https:\/\/zecovalve.com\/es\/producto\/gear-operated-ball-valve\" \/>\n<meta property=\"og:site_name\" content=\"ZECO Valve\" \/>\n<meta property=\"article:modified_time\" content=\"2023-06-07T06:37:47+00:00\" \/>\n<meta property=\"og:image\" content=\"https:\/\/zecovalve.com\/wp-content\/uploads\/2022\/06\/Gear-Operated-Ball-Valve.jpg\" \/>\n\t<meta property=\"og:image:width\" content=\"800\" \/>\n\t<meta property=\"og:image:height\" content=\"600\" \/>\n<meta name=\"twitter:card\" content=\"summary_large_image\" \/>\n<meta name=\"twitter:label1\" content=\"Escrito por\">\n\t<meta name=\"twitter:data1\" content=\"Jerry\">\n\t<meta name=\"twitter:label2\" content=\"Tiempo de lectura\">\n\t<meta name=\"twitter:data2\" content=\"3 minutos\">\n<script type=\"application\/ld+json\" class=\"yoast-schema-graph\">{\"@context\":\"https:\/\/schema.org\",\"@graph\":[{\"@type\":\"WebSite\",\"@id\":\"https:\/\/zecovalve.com\/#website\",\"url\":\"https:\/\/zecovalve.com\/\",\"name\":\"ZECO Valve\",\"description\":\"Industrial Ball Valve, Gate Valve and Globe Valve Manufacturer\",\"potentialAction\":[{\"@type\":\"SearchAction\",\"target\":\"https:\/\/zecovalve.com\/?s={search_term_string}\",\"query-input\":\"required name=search_term_string\"}],\"inLanguage\":\"es\"},{\"@type\":\"ImageObject\",\"@id\":\"https:\/\/zecovalve.com\/product\/gear-operated-ball-valve#primaryimage\",\"inLanguage\":\"es\",\"url\":\"https:\/\/zecovalve.com\/wp-content\/uploads\/2022\/06\/Gear-Operated-Ball-Valve.jpg\",\"width\":800,\"height\":600,\"caption\":\"Gear Operated Ball Valve\"},{\"@type\":\"WebPage\",\"@id\":\"https:\/\/zecovalve.com\/product\/gear-operated-ball-valve#webpage\",\"url\":\"https:\/\/zecovalve.com\/product\/gear-operated-ball-valve\",\"name\":\"Gear Valve - Gear Operated Ball Valve | Zeco Valve\",\"isPartOf\":{\"@id\":\"https:\/\/zecovalve.com\/#website\"},\"primaryImageOfPage\":{\"@id\":\"https:\/\/zecovalve.com\/product\/gear-operated-ball-valve#primaryimage\"},\"datePublished\":\"2022-06-18T09:35:42+00:00\",\"dateModified\":\"2023-06-07T06:37:47+00:00\",\"description\":\"ZECO Valve is a API 6D, API 607 certified Ball Valve Manfaucturer, products including Floating Ball Valve, Trunnion Ball Valve....\",\"breadcrumb\":{\"@id\":\"https:\/\/zecovalve.com\/product\/gear-operated-ball-valve#breadcrumb\"},\"inLanguage\":\"es\",\"potentialAction\":[{\"@type\":\"ReadAction\",\"target\":[\"https:\/\/zecovalve.com\/product\/gear-operated-ball-valve\"]}]},{\"@type\":\"BreadcrumbList\",\"@id\":\"https:\/\/zecovalve.com\/product\/gear-operated-ball-valve#breadcrumb\",\"itemListElement\":[{\"@type\":\"ListItem\",\"position\":1,\"item\":{\"@type\":\"WebPage\",\"@id\":\"https:\/\/zecovalve.com\/\",\"url\":\"https:\/\/zecovalve.com\/\",\"name\":\"Home\"}},{\"@type\":\"ListItem\",\"position\":2,\"item\":{\"@type\":\"WebPage\",\"@id\":\"https:\/\/zecovalve.com\/product-category\",\"url\":\"https:\/\/zecovalve.com\/product-category\",\"name\":\"Industrial Valve Manufacturer | Water Valve Manufacturer\"}},{\"@type\":\"ListItem\",\"position\":3,\"item\":{\"@type\":\"WebPage\",\"@id\":\"https:\/\/zecovalve.com\/product\/gear-operated-ball-valve\",\"url\":\"https:\/\/zecovalve.com\/product\/gear-operated-ball-valve\",\"name\":\"Gear Valve &#8211; Gear Operated Ball Valve\"}}]}]}<\/script>\n<!-- \/ Yoast SEO Premium plugin. -->","_links":{"self":[{"href":"https:\/\/zecovalve.com\/es\/wp-json\/wp\/v2\/product\/16054","targetHints":{"allow":["GET"]}}],"collection":[{"href":"https:\/\/zecovalve.com\/es\/wp-json\/wp\/v2\/product"}],"about":[{"href":"https:\/\/zecovalve.com\/es\/wp-json\/wp\/v2\/types\/product"}],"replies":[{"embeddable":true,"href":"https:\/\/zecovalve.com\/es\/wp-json\/wp\/v2\/comments?post=16054"}],"wp:featuredmedia":[{"embeddable":true,"href":"https:\/\/zecovalve.com\/es\/wp-json\/wp\/v2\/media\/27845"}],"wp:attachment":[{"href":"https:\/\/zecovalve.com\/es\/wp-json\/wp\/v2\/media?parent=16054"}],"wp:term":[{"taxonomy":"product_cat","embeddable":true,"href":"https:\/\/zecovalve.com\/es\/wp-json\/wp\/v2\/product_cat?post=16054"},{"taxonomy":"product_tag","embeddable":true,"href":"https:\/\/zecovalve.com\/es\/wp-json\/wp\/v2\/product_tag?post=16054"}],"curies":[{"name":"wp","href":"https:\/\/api.w.org\/{rel}","templated":true}]}}