{"id":16069,"date":"2022-06-18T13:44:05","date_gmt":"2022-06-18T13:44:05","guid":{"rendered":"https:\/\/zecovalve.com\/?post_type=product&#038;p=16069"},"modified":"2023-06-07T06:39:17","modified_gmt":"2023-06-07T06:39:17","slug":"wcb-ball-valve","status":"publish","type":"product","link":"https:\/\/zecovalve.com\/es\/producto\/wcb-ball-valve","title":{"rendered":"V\u00e1lvula de bola WCB Flagned"},"content":{"rendered":"<p>ZECO Valve es un proveedor de v\u00e1lvulas de bola API 6D. Entre los muchos proveedores de v\u00e1lvulas de bola en China, ZECO Valve tiene una gama completa de certificaciones API y ha obtenido la certificaci\u00f3n API 6D, as\u00ed como las certificaciones contra incendios API 607 y API6FA.<\/p>\r\n\r\n\r\n\r\n<figure class=\"wp-block-image alignnone size-medium wp-image-16070\"><img loading=\"lazy\" decoding=\"async\" width=\"300\" height=\"225\" class=\"wp-image-16070\" src=\"https:\/\/zecovalve.com\/wp-content\/uploads\/2022\/06\/ball-valve-wcb-ball-valve-300x225.jpg\" alt=\"V\u00e1lvula de bola Wcb\" srcset=\"https:\/\/zecovalve.com\/wp-content\/uploads\/2022\/06\/ball-valve-wcb-ball-valve-300x225.jpg 300w, https:\/\/zecovalve.com\/wp-content\/uploads\/2022\/06\/ball-valve-wcb-ball-valve-768x576.jpg 768w, https:\/\/zecovalve.com\/wp-content\/uploads\/2022\/06\/ball-valve-wcb-ball-valve-600x450.jpg 600w, https:\/\/zecovalve.com\/wp-content\/uploads\/2022\/06\/ball-valve-wcb-ball-valve.jpg 800w\" sizes=\"auto, (max-width: 300px) 100vw, 300px\" \/><\/figure>\r\n\r\n\r\n<div class=\"gb-button-wrapper gb-button-wrapper-6d8495a3\">\r\n\r\n\r\n<p><a class=\"gb-button gb-button-3d442e11 gb-button-text\" href=\"https:\/\/zecovalve.com\/es\/contact\/\" target=\"_blank\" rel=\"noopener noreferrer\"><strong>OBTENER PRECIO DE V\u00c1LVULA DE BOLA CON BRIDAS<\/strong><\/a><\/p>\r\n<\/div>\r\n\r\n\r\n\r\n\r\n<h2 class=\"wp-block-heading\">\u00bfQu\u00e9 es una v\u00e1lvula de bola con bridas?<\/h2>\r\n\r\n\r\n\r\n<p>Las v\u00e1lvulas de bola con bridas se denominan as\u00ed por la conexi\u00f3n de la v\u00e1lvula de bola, las v\u00e1lvulas de bola con bridas suelen tener conexi\u00f3n RF y conexi\u00f3n RTJ, las normas de conexi\u00f3n se dividen en ASME B16.5, EN1092-1 y otras conexiones.<\/p>\r\n\r\n\r\n\r\n<h2 class=\"wp-block-heading\" id=\"h-applications-of-wcb-flanged-ball-valve\">Aplicaciones de la v\u00e1lvula de bola con bridas WCB?<\/h2>\r\n\r\n\r\n\r\n<p>La v\u00e1lvula de bola con brida ZECO WCB es adecuada para gas natural, petr\u00f3leo, productos qu\u00edmicos, metalurgia, productos farmac\u00e9uticos y otras industrias, incluyendo v\u00e1lvulas de bola flotantes, v\u00e1lvulas de bola con mu\u00f1\u00f3n y v\u00e1lvulas de bola de entrada superior.<\/p>\r\n\r\n\r\n\r\n<h2 class=\"wp-block-heading\">Estructura de la v\u00e1lvula de bola flotante con bridas<\/h2>\r\n\r\n\r\n\r\n<p>La v\u00e1lvula de bola flotante es del tipo de estructura simple. Tiene dos asientos que soportan la bola, la bola puede moverse firmemente hacia el sellado para asegurar el sellado en el extremo de salida. Cuando la v\u00e1lvula de bola montada en mu\u00f1\u00f3n est\u00e1 en uso, todas las fuerzas generadas por la presi\u00f3n media delante de la v\u00e1lvula de bola en la tuber\u00eda sobre la bola se transfieren a los cojinetes superior e inferior, y la bola no se mover\u00e1. Los puntos de fuga de la v\u00e1lvula de bola de entrada superior son menores que los de la v\u00e1lvula de bola flotante y montada en mu\u00f1\u00f3n.<\/p>\r\n\r\n\r\n\r\n<h2 class=\"wp-block-heading\" id=\"h-features-of-wcb-flanged-ball-valve\">Caracter\u00edsticas de la v\u00e1lvula de bola con bridas WCB:<\/h2>\r\n\r\n\r\n\r\n<ul class=\"wp-block-list\">\r\n<li>En la posici\u00f3n cerrada, cada asiento cierra el medio de proceso independientemente en cada lado, o simult\u00e1neamente en ambos lados de la bola, la cavidad se puede purgar\/descargar mediante tapones de ventilaci\u00f3n o drenaje en el cuerpo de la v\u00e1lvula;<\/li>\r\n<li>El dispositivo antiest\u00e1tico es una caracter\u00edstica est\u00e1ndar de la v\u00e1lvula de bola con brida ZECO WCB. Un pasador accionado por resorte asegura la continuidad el\u00e9ctrica entre la bola, el v\u00e1stago y el cuerpo, para evitar chispas durante el giro del v\u00e1stago para abrir y cerrar la v\u00e1lvula de bola;<\/li>\r\n<li>El v\u00e1stago de la v\u00e1lvula de bola con brida ZECO WCB se fabrica por separado de la bola. El extremo inferior del v\u00e1stago est\u00e1 dise\u00f1ado con un hombro integral a prueba de explosiones;<\/li>\r\n<li>La v\u00e1lvula de bola con bridas ZECO WCB tiene dos juntas t\u00f3ricas que evitan las fugas por la zona del v\u00e1stago.<\/li>\r\n<\/ul>\r\n\r\n\r\n\r\n<h2 class=\"wp-block-heading\" id=\"h-material-of-wcb-flanged-ball-valve\">Material de la v\u00e1lvula de bola con bridas WCB:<\/h2>\r\n\r\n\r\n\r\n<figure class=\"wp-block-table\">\r\n<table>\r\n<tbody>\r\n<tr>\r\n<td>No<\/td>\r\n<td>Pieza<\/td>\r\n<td>Material<\/td>\r\n<\/tr>\r\n<tr>\r\n<td>1<\/td>\r\n<td>Cuerpo<\/td>\r\n<td>ASTM A216 WCB<\/td>\r\n<\/tr>\r\n<tr>\r\n<td>2<\/td>\r\n<td>Cap\u00f3<\/td>\r\n<td>ASTM A216 WCB<\/td>\r\n<\/tr>\r\n<tr>\r\n<td>3<\/td>\r\n<td>Bola<\/td>\r\n<td>ASTM A105<\/td>\r\n<\/tr>\r\n<tr>\r\n<td>4<\/td>\r\n<td>Asiento<\/td>\r\n<td>ASTM A105 + PTFE<\/td>\r\n<\/tr>\r\n<tr>\r\n<td>5<\/td>\r\n<td>V\u00e1stago<\/td>\r\n<td>ASTM A182 F6a<\/td>\r\n<\/tr>\r\n<tr>\r\n<td>6<\/td>\r\n<td>Dispositivo antiest\u00e1tico<\/td>\r\n<td>SS304<\/td>\r\n<\/tr>\r\n<tr>\r\n<td>7<\/td>\r\n<td>Junta<\/td>\r\n<td>Grafito + SS304<\/td>\r\n<\/tr>\r\n<tr>\r\n<td>8<\/td>\r\n<td>Perno<\/td>\r\n<td>ASTM A193 B7<\/td>\r\n<\/tr>\r\n<tr>\r\n<td>9<\/td>\r\n<td>Tuerca<\/td>\r\n<td>ASTM A194 2H<\/td>\r\n<\/tr>\r\n<tr>\r\n<td>10<\/td>\r\n<td>Junta t\u00f3rica<\/td>\r\n<td>Vit\u00f3n A<\/td>\r\n<\/tr>\r\n<tr>\r\n<td>11<\/td>\r\n<td>Palanca<\/td>\r\n<td>ASTM A216 WCB<\/td>\r\n<\/tr>\r\n<\/tbody>\r\n<\/table>\r\n<\/figure>","protected":false},"excerpt":{"rendered":"<p>ZECO Valve es un proveedor de v\u00e1lvulas de bola API 6D. Entre los muchos proveedores de v\u00e1lvulas de bola en China, ZECO Valve tiene una completa... <a title=\"V\u00e1lvula de bola WCB Flagned\" class=\"read-more\" href=\"https:\/\/zecovalve.com\/es\/producto\/wcb-ball-valve\" aria-label=\"M\u00e1s en V\u00e1lvula de bola con bandera WCB\">Leer m\u00e1s<\/a><\/p>","protected":false},"featured_media":27846,"comment_status":"closed","ping_status":"closed","template":"","meta":{"_generate-full-width-content":"","kt_blocks_editor_width":""},"product_cat":[2047,2461],"product_tag":[2804,2802,3896],"class_list":["post-16069","product","type-product","status-publish","has-post-thumbnail","hentry","product_cat-ball-valve","product_cat-ball-valve-by-material","product_tag-2-inch-ball-valve","product_tag-ball-valve-price","product_tag-flanged-ball-valve","sales-flash-overlay","woocommerce-text-align-center","woocommerce-image-align-center","do-quantity-buttons"],"featured_image_src_large":["https:\/\/zecovalve.com\/wp-content\/uploads\/2022\/06\/WCB-Flanged-Ball-Valve.jpg",800,600,false],"author_info":[],"comment_info":0,"taxonomy_info":{"product_cat":[{"value":2047,"label":"Ball Valve"},{"value":2461,"label":"Ball Valve By Material"}],"product_tag":[{"value":2804,"label":"2 inch Ball Valve"},{"value":2802,"label":"Ball Valve Price"},{"value":3896,"label":"Flanged Ball Valve"}]},"yoast_head":"<!-- This site is optimized with the Yoast SEO Premium plugin v15.4 - https:\/\/yoast.com\/wordpress\/plugins\/seo\/ -->\n<title>Flanged Ball Valve - API 6D Ball Valve Supplier | ZECO Valve<\/title>\n<meta name=\"robots\" content=\"index, follow, max-snippet:-1, max-image-preview:large, max-video-preview:-1\" \/>\n<link rel=\"canonical\" href=\"https:\/\/zecovalve.com\/es\/producto\/wcb-ball-valve\" \/>\n<meta property=\"og:locale\" content=\"es_ES\" \/>\n<meta property=\"og:type\" content=\"article\" \/>\n<meta property=\"og:title\" content=\"Flanged Ball Valve - API 6D Ball Valve Supplier | ZECO Valve\" \/>\n<meta property=\"og:description\" content=\"ZECO Valve is a API 6D ball valve supplier. Among the many ball valve suppliers in China, ZECO Valve has a full ... Leer m\u00e1s\" \/>\n<meta property=\"og:url\" content=\"https:\/\/zecovalve.com\/es\/producto\/wcb-ball-valve\" \/>\n<meta property=\"og:site_name\" content=\"ZECO Valve\" \/>\n<meta property=\"article:modified_time\" content=\"2023-06-07T06:39:17+00:00\" \/>\n<meta property=\"og:image\" content=\"https:\/\/zecovalve.com\/wp-content\/uploads\/2022\/06\/WCB-Flanged-Ball-Valve.jpg\" \/>\n\t<meta property=\"og:image:width\" content=\"800\" \/>\n\t<meta property=\"og:image:height\" content=\"600\" \/>\n<meta name=\"twitter:card\" content=\"summary_large_image\" \/>\n<meta name=\"twitter:label1\" content=\"Escrito por\">\n\t<meta name=\"twitter:data1\" content=\"Jerry\">\n\t<meta name=\"twitter:label2\" content=\"Tiempo de lectura\">\n\t<meta name=\"twitter:data2\" content=\"2 minutos\">\n<script type=\"application\/ld+json\" class=\"yoast-schema-graph\">{\"@context\":\"https:\/\/schema.org\",\"@graph\":[{\"@type\":\"WebSite\",\"@id\":\"https:\/\/zecovalve.com\/#website\",\"url\":\"https:\/\/zecovalve.com\/\",\"name\":\"ZECO Valve\",\"description\":\"Industrial Ball Valve, Gate Valve and Globe Valve Manufacturer\",\"potentialAction\":[{\"@type\":\"SearchAction\",\"target\":\"https:\/\/zecovalve.com\/?s={search_term_string}\",\"query-input\":\"required name=search_term_string\"}],\"inLanguage\":\"es\"},{\"@type\":\"ImageObject\",\"@id\":\"https:\/\/zecovalve.com\/product\/wcb-ball-valve#primaryimage\",\"inLanguage\":\"es\",\"url\":\"https:\/\/zecovalve.com\/wp-content\/uploads\/2022\/06\/WCB-Flanged-Ball-Valve.jpg\",\"width\":800,\"height\":600,\"caption\":\"WCB Flanged Ball Valve\"},{\"@type\":\"WebPage\",\"@id\":\"https:\/\/zecovalve.com\/product\/wcb-ball-valve#webpage\",\"url\":\"https:\/\/zecovalve.com\/product\/wcb-ball-valve\",\"name\":\"Flanged Ball Valve - API 6D Ball Valve Supplier | ZECO Valve\",\"isPartOf\":{\"@id\":\"https:\/\/zecovalve.com\/#website\"},\"primaryImageOfPage\":{\"@id\":\"https:\/\/zecovalve.com\/product\/wcb-ball-valve#primaryimage\"},\"datePublished\":\"2022-06-18T13:44:05+00:00\",\"dateModified\":\"2023-06-07T06:39:17+00:00\",\"breadcrumb\":{\"@id\":\"https:\/\/zecovalve.com\/product\/wcb-ball-valve#breadcrumb\"},\"inLanguage\":\"es\",\"potentialAction\":[{\"@type\":\"ReadAction\",\"target\":[\"https:\/\/zecovalve.com\/product\/wcb-ball-valve\"]}]},{\"@type\":\"BreadcrumbList\",\"@id\":\"https:\/\/zecovalve.com\/product\/wcb-ball-valve#breadcrumb\",\"itemListElement\":[{\"@type\":\"ListItem\",\"position\":1,\"item\":{\"@type\":\"WebPage\",\"@id\":\"https:\/\/zecovalve.com\/\",\"url\":\"https:\/\/zecovalve.com\/\",\"name\":\"Home\"}},{\"@type\":\"ListItem\",\"position\":2,\"item\":{\"@type\":\"WebPage\",\"@id\":\"https:\/\/zecovalve.com\/product-category\",\"url\":\"https:\/\/zecovalve.com\/product-category\",\"name\":\"Industrial Valve Manufacturer | Water Valve Manufacturer\"}},{\"@type\":\"ListItem\",\"position\":3,\"item\":{\"@type\":\"WebPage\",\"@id\":\"https:\/\/zecovalve.com\/product\/wcb-ball-valve\",\"url\":\"https:\/\/zecovalve.com\/product\/wcb-ball-valve\",\"name\":\"WCB Flagned Ball Valve\"}}]}]}<\/script>\n<!-- \/ Yoast SEO Premium plugin. -->","_links":{"self":[{"href":"https:\/\/zecovalve.com\/es\/wp-json\/wp\/v2\/product\/16069","targetHints":{"allow":["GET"]}}],"collection":[{"href":"https:\/\/zecovalve.com\/es\/wp-json\/wp\/v2\/product"}],"about":[{"href":"https:\/\/zecovalve.com\/es\/wp-json\/wp\/v2\/types\/product"}],"replies":[{"embeddable":true,"href":"https:\/\/zecovalve.com\/es\/wp-json\/wp\/v2\/comments?post=16069"}],"wp:featuredmedia":[{"embeddable":true,"href":"https:\/\/zecovalve.com\/es\/wp-json\/wp\/v2\/media\/27846"}],"wp:attachment":[{"href":"https:\/\/zecovalve.com\/es\/wp-json\/wp\/v2\/media?parent=16069"}],"wp:term":[{"taxonomy":"product_cat","embeddable":true,"href":"https:\/\/zecovalve.com\/es\/wp-json\/wp\/v2\/product_cat?post=16069"},{"taxonomy":"product_tag","embeddable":true,"href":"https:\/\/zecovalve.com\/es\/wp-json\/wp\/v2\/product_tag?post=16069"}],"curies":[{"name":"wp","href":"https:\/\/api.w.org\/{rel}","templated":true}]}}