{"id":16073,"date":"2022-06-18T13:57:28","date_gmt":"2022-06-18T13:57:28","guid":{"rendered":"https:\/\/zecovalve.com\/?post_type=product&#038;p=16073"},"modified":"2023-06-07T06:40:53","modified_gmt":"2023-06-07T06:40:53","slug":"electric-ball-valve","status":"publish","type":"product","link":"https:\/\/zecovalve.com\/es\/producto\/electric-ball-valve","title":{"rendered":"V\u00e1lvula de bola el\u00e9ctrica"},"content":{"rendered":"<p>Las v\u00e1lvulas de bola el\u00e9ctricas utilizan un actuador el\u00e9ctrico para hacer girar una bola con un orificio en el centro para controlar el caudal.<\/p>\r\n\r\n\r\n\r\n<figure class=\"wp-block-image alignnone size-medium wp-image-16074\"><img loading=\"lazy\" decoding=\"async\" width=\"300\" height=\"225\" class=\"wp-image-16074\" src=\"https:\/\/zecovalve.com\/wp-content\/uploads\/2022\/06\/electric-ball-valve-300x225.jpg\" alt=\"V\u00e1lvula de bola el\u00e9ctrica\" srcset=\"https:\/\/zecovalve.com\/wp-content\/uploads\/2022\/06\/electric-ball-valve-300x225.jpg 300w, https:\/\/zecovalve.com\/wp-content\/uploads\/2022\/06\/electric-ball-valve-768x576.jpg 768w, https:\/\/zecovalve.com\/wp-content\/uploads\/2022\/06\/electric-ball-valve-600x450.jpg 600w, https:\/\/zecovalve.com\/wp-content\/uploads\/2022\/06\/electric-ball-valve.jpg 800w\" sizes=\"auto, (max-width: 300px) 100vw, 300px\" \/><\/figure>\r\n\r\n\r\n<div class=\"gb-button-wrapper gb-button-wrapper-f8260ba6\">\r\n\r\n\r\n<p><a class=\"gb-button gb-button-e4f70767 gb-button-text\" href=\"mailto:commercial@zecovalve.com\" target=\"_blank\" rel=\"noopener noreferrer\"><strong>OBTENER PRECIO DE V\u00c1LVULA DE BOLA EL\u00c9CTRICA<\/strong><\/a><\/p>\r\n<\/div>\r\n\r\n\r\n\r\n\r\n<h2 class=\"wp-block-heading\" id=\"h-what-is-an-electric-ball-valve\">\u00bfQu\u00e9 es una v\u00e1lvula de bola el\u00e9ctrica?<\/h2>\r\n\r\n\r\n\r\n<p>La v\u00e1lvula de bola el\u00e9ctrica ZECO debe su nombre a la combinaci\u00f3n de un actuador el\u00e9ctrico y una v\u00e1lvula de bola. Suele utilizarse en tuber\u00edas medianas que requieren control remoto de conmutaci\u00f3n y ajuste. Es un producto de control importante en el control de la automatizaci\u00f3n industrial. Los actuadores el\u00e9ctricos de ZECO suelen estar equipados con actuadores el\u00e9ctricos alemanes AUMA. Si los clientes tienen otros requerimientos, la compa\u00f1\u00eda ZECO tambi\u00e9n puede personalizarlos de acuerdo a los requerimientos de los clientes. La v\u00e1lvula de bola el\u00e9ctrica de 2 pulgadas es uno de los tipos comunes de la v\u00e1lvula de bola accionada el\u00e9ctricamente.<\/p>\r\n\r\n\r\n\r\n<h2 class=\"wp-block-heading\">\u00bfC\u00f3mo funciona una v\u00e1lvula de bola el\u00e9ctrica?<\/h2>\r\n\r\n\r\n\r\n<p>Generalmente, las v\u00e1lvulas de bola el\u00e9ctricas convierten la energ\u00eda el\u00e9ctrica en fuerza giratoria utilizando el motor el\u00e9ctrico para hacer girar las v\u00e1lvulas de bola. Es el modo m\u00e1s eficiente de controlar las v\u00e1lvulas debido a la energ\u00eda el\u00e9ctrica limpia y al modo silencioso de girar las v\u00e1lvulas.<\/p>\r\n\r\n\r\n\r\n<p>Para entenderlo mejor, he aqu\u00ed c\u00f3mo funciona la v\u00e1lvula de bola el\u00e9ctrica.<\/p>\r\n\r\n\r\n\r\n<h3 class=\"wp-block-heading\">Primer paso: encender el sistema<\/h3>\r\n\r\n\r\n\r\n<p>En primer lugar, encender\u00e1 las v\u00e1lvulas de bola el\u00e9ctricas para permitir el flujo adecuado de corriente el\u00e9ctrica a trav\u00e9s del sistema. La corriente el\u00e9ctrica alimentar\u00e1 el motor el\u00e9ctrico que generar\u00e1 un par transmitido por un eje conectado al v\u00e1stago de la v\u00e1lvula.<\/p>\r\n\r\n\r\n\r\n<p>Se dar\u00e1 cuenta de que la v\u00e1lvula de bola empieza a girar debido a la acci\u00f3n del eje y del motor el\u00e9ctrico. La cantidad de energ\u00eda que necesita para controlar las operaciones de la v\u00e1lvula de bola el\u00e9ctrica variar\u00e1 en consecuencia.<\/p>\r\n\r\n\r\n\r\n<p>Puede necesitar 12 V, 24 V y 48 V de corriente continua para controlar la v\u00e1lvula de bola el\u00e9ctrica. Por otro lado, tambi\u00e9n puede utilizar 24 V, 48 V, 120 V, 130 V y 240 V de corriente alterna para controlar la v\u00e1lvula.<\/p>\r\n\r\n\r\n\r\n<h3 class=\"wp-block-heading\">Segundo paso: controlar el par<\/h3>\r\n\r\n\r\n\r\n<p>A medida que la energ\u00eda fluye a trav\u00e9s del motor, se puede controlar la fuerza que el motor producir\u00e1 para girar la v\u00e1lvula de bola. Dispone de un sistema de diferentes engranajes que ayudan a controlar el eje, produciendo as\u00ed diferentes niveles de fuerza.<\/p>\r\n\r\n\r\n\r\n<p>Puede elegir el engranaje que produzca la mejor fuerza para controlar la v\u00e1lvula el\u00e9ctrica de bola. La velocidad a la que funcionar\u00e1 la v\u00e1lvula de bola el\u00e9ctrica es inversamente proporcional al par f la v\u00e1lvula de bola el\u00e9ctrica.<\/p>\r\n\r\n\r\n\r\n<h2 class=\"wp-block-heading\" id=\"h-features-of-electric-ball-valves\">Caracter\u00edsticas de las v\u00e1lvulas de bola el\u00e9ctricas:<\/h2>\r\n\r\n\r\n\r\n<ul class=\"wp-block-list\">\r\n<li>ZECO est\u00e1 comprometida con la premisa de que los productos cumplan las normas internacionales, y hacer todo lo posible en la investigaci\u00f3n y el desarrollo de la empresa, a fin de minimizar el coste para los usuarios. Por lo tanto, ZECO hizo grandes esfuerzos en el par de la v\u00e1lvula de bola, y finalmente desarroll\u00f3 un producto con un par m\u00e1s bajo que la v\u00e1lvula de bola en el mercado, por lo que puede ser equipado con un actuador el\u00e9ctrico con menor par de primera velocidad para reducir los costes de usuario;<\/li>\r\n<li>La v\u00e1lvula de bola el\u00e9ctrica ZECO est\u00e1 disponible en series de tama\u00f1o completo y reducido para satisfacer los diferentes requisitos de los clientes. Las v\u00e1lvulas de bola de paso total se suministran en el mismo canal que el di\u00e1metro interior de la tuber\u00eda para minimizar la resistencia del fluido y facilitar la limpieza de la tuber\u00eda. El peso de las v\u00e1lvulas de bola de di\u00e1metro reducido es s\u00f3lo alrededor de 70% de la v\u00e1lvula de bola de paso total del mismo di\u00e1metro, lo que puede reducir eficazmente el coste y el precio, mientras que el coeficiente de resistencia del fluido es s\u00f3lo alrededor de 1\/7 de la v\u00e1lvula de globo del mismo di\u00e1metro;<\/li>\r\n<li>La v\u00e1lvula de bola de accionamiento el\u00e9ctrico ZECO garantiza un sellado fiable en condiciones de alto, bajo y vac\u00edo;<\/li>\r\n<li>V\u00e1lvula de bola el\u00e9ctrica ZECO con estructura de alivio autom\u00e1tico de presi\u00f3n, cuando el aumento anormal de la presi\u00f3n de la tuber\u00eda, el medio de la c\u00e1mara puede confiar en su propio empuje para empujar el asiento y el alivio autom\u00e1tico de presi\u00f3n.<\/li>\r\n<\/ul>\r\n\r\n\r\n\r\n<h2 class=\"wp-block-heading\" id=\"h-applications-of-electric-ball-valves\">Aplicaciones de las v\u00e1lvulas de bola de accionamiento el\u00e9ctrico<\/h2>\r\n\r\n\r\n\r\n<ul class=\"wp-block-list\">\r\n<li>Equipamiento para servicios alimentarios<\/li>\r\n<li>Industria del riego<\/li>\r\n<li>Sistemas de lavado de veh\u00edculos<\/li>\r\n<li>Equipos de tratamiento de agua<\/li>\r\n<li>Instalaciones de fabricaci\u00f3n<\/li>\r\n<li>Aplicaciones m\u00f3viles<\/li>\r\n<li>Intercambiadores de calor<\/li>\r\n<\/ul>\r\n\r\n\r\n\r\n<h2 class=\"wp-block-heading\" id=\"h-how-to-install-an-electric-ball-valves\">\u00bfC\u00f3mo instalar una v\u00e1lvula de bola el\u00e9ctrica?<\/h2>\r\n\r\n\r\n\r\n<p>Cuando monte actuadores el\u00e9ctricos de v\u00e1lvulas en su sitio, utilice piezas resistentes y est\u00e1ndar del sector. Muchos actuadores y accesorios de montaje utilizan las normas ISO 5211 para las conexiones, lo que garantiza que varias marcas y componentes funcionen juntos sin problemas.<\/p>\r\n\r\n\r\n\r\n<p>Necesitar\u00e1s al menos tres componentes para el montaje:<\/p>\r\n\r\n\r\n\r\n<ul class=\"wp-block-list\">\r\n<li>Un accionamiento de salida<\/li>\r\n<li>Un v\u00e1stago para conectar a la cabeza de la v\u00e1lvula<\/li>\r\n<li>Una brida que monta el actuador en la v\u00e1lvula<\/li>\r\n<li>Los distintos actuadores requieren diferentes tipos de bridas en funci\u00f3n del par de apriete y las fijaciones disponibles.<\/li>\r\n<\/ul>\r\n\r\n\r\n\r\n<h2 class=\"wp-block-heading\" id=\"h-material-of-electrically-opened-ball-valve\">Material de la v\u00e1lvula de bola de apertura el\u00e9ctrica:<\/h2>\r\n\r\n\r\n\r\n<figure class=\"wp-block-table\">\r\n<table>\r\n<tbody>\r\n<tr>\r\n<td>No<\/td>\r\n<td>Pieza<\/td>\r\n<td>Material<\/td>\r\n<\/tr>\r\n<tr>\r\n<td>1<\/td>\r\n<td>Cuerpo<\/td>\r\n<td>ASTM A105<\/td>\r\n<\/tr>\r\n<tr>\r\n<td>2<\/td>\r\n<td>Cap\u00f3<\/td>\r\n<td>ASTM A105<\/td>\r\n<\/tr>\r\n<tr>\r\n<td>3<\/td>\r\n<td>Bola<\/td>\r\n<td>ASTM A105<\/td>\r\n<\/tr>\r\n<tr>\r\n<td>4<\/td>\r\n<td>Asiento<\/td>\r\n<td>ASTM A105 + PTFE<\/td>\r\n<\/tr>\r\n<tr>\r\n<td>5<\/td>\r\n<td>V\u00e1stago<\/td>\r\n<td>ASTM A182 F6a<\/td>\r\n<\/tr>\r\n<tr>\r\n<td>6<\/td>\r\n<td>Dispositivo antiest\u00e1tico<\/td>\r\n<td>SS304<\/td>\r\n<\/tr>\r\n<tr>\r\n<td>7<\/td>\r\n<td>Junta<\/td>\r\n<td>Grafito + SS304<\/td>\r\n<\/tr>\r\n<tr>\r\n<td>8<\/td>\r\n<td>Perno<\/td>\r\n<td>ASTM A193 B7<\/td>\r\n<\/tr>\r\n<tr>\r\n<td>9<\/td>\r\n<td>Tuerca<\/td>\r\n<td>ASTM A194 2H<\/td>\r\n<\/tr>\r\n<tr>\r\n<td>10<\/td>\r\n<td>Junta t\u00f3rica<\/td>\r\n<td>Vit\u00f3n A<\/td>\r\n<\/tr>\r\n<tr>\r\n<td>11<\/td>\r\n<td>Actuador el\u00e9ctrico<\/td>\r\n<td>ASTM A182 F304<\/td>\r\n<\/tr>\r\n<\/tbody>\r\n<\/table>\r\n<\/figure>\r\n\r\n\r\n\r\n<h2 class=\"wp-block-heading\" id=\"faq11\">\u00bfCu\u00e1les son las causas de fallo de una v\u00e1lvula de bola el\u00e9ctrica?<\/h2>\r\n\r\n\r\n\r\n<h3 class=\"wp-block-heading\">Mal dise\u00f1o de la v\u00e1lvula de bola el\u00e9ctrica<\/h3>\r\n\r\n\r\n\r\n<p>Es posible que el dise\u00f1o de la v\u00e1lvula de bola el\u00e9ctrica sea muy deficiente y no cumpla los requisitos de la aplicaci\u00f3n. El dise\u00f1o deficiente puede deberse a una compatibilidad qu\u00edmica deficiente y a una capacidad de caudal o presi\u00f3n deficiente.<\/p>\r\n\r\n\r\n\r\n<h3 class=\"wp-block-heading\">Instalaci\u00f3n defectuosa<\/h3>\r\n\r\n\r\n\r\n<p>Tambi\u00e9n es posible que se produzcan fallos en el funcionamiento, que pueden deberse a instalaciones deficientes o defectuosas. Puede haber fugas o una posici\u00f3n incorrecta de las v\u00e1lvulas de bola el\u00e9ctricas, lo que puede provocar su fallo final.<\/p>\r\n\r\n\r\n\r\n<h3 class=\"wp-block-heading\">Operaciones inadecuadas<\/h3>\r\n\r\n\r\n\r\n<p>Adem\u00e1s de los factores anteriores, tambi\u00e9n es posible que las v\u00e1lvulas de bola el\u00e9ctricas se utilicen de forma incorrecta. En otras palabras, es posible que utilice las v\u00e1lvulas el\u00e9ctricas de bola para operaciones incorrectas, lo que provocar\u00eda un fallo total.<\/p>","protected":false},"excerpt":{"rendered":"<p>Las v\u00e1lvulas de bola el\u00e9ctricas utilizan un actuador el\u00e9ctrico para girar una bola con un orificio en el centro para controlar el flujo. Qu\u00e9 es \u2026 <a title=\"V\u00e1lvula de bola el\u00e9ctrica\" class=\"read-more\" href=\"https:\/\/zecovalve.com\/es\/producto\/electric-ball-valve\" aria-label=\"M\u00e1s en V\u00e1lvula de bola el\u00e9ctrica\">Leer m\u00e1s<\/a><\/p>","protected":false},"featured_media":27847,"comment_status":"closed","ping_status":"closed","template":"","meta":{"_generate-full-width-content":"","kt_blocks_editor_width":""},"product_cat":[2047,2460,2465],"product_tag":[3295,3293,3869,3255,3291,3868,3294,2766,3292,2727],"class_list":["post-16073","product","type-product","status-publish","has-post-thumbnail","hentry","product_cat-ball-valve","product_cat-ball-valve-by-drive-mode","product_cat-forged-steel-ball-valve","product_tag-ball-valve-electric","product_tag-electric-actuated-ball-valve","product_tag-electric-actuator-ball-valve","product_tag-electric-ball-valve","product_tag-electrical-ball-valve","product_tag-electrically-actuated-ball-valve","product_tag-electronic-ball-valve","product_tag-motorised-valve","product_tag-motorized-ball-valve","product_tag-motorized-valve","sales-flash-overlay","woocommerce-text-align-center","woocommerce-image-align-center","do-quantity-buttons"],"featured_image_src_large":["https:\/\/zecovalve.com\/wp-content\/uploads\/2022\/06\/Electric-Ball-Valve-1.jpg",800,600,false],"author_info":[],"comment_info":0,"taxonomy_info":{"product_cat":[{"value":2047,"label":"Ball Valve"},{"value":2460,"label":"Ball Valve By Drive Mode"},{"value":2465,"label":"Forged Ball Valve"}],"product_tag":[{"value":3295,"label":"Ball Valve Electric"},{"value":3293,"label":"Electric Actuated Ball Valve"},{"value":3869,"label":"Electric Actuator Ball Valve"},{"value":3255,"label":"Electric Ball Valve"},{"value":3291,"label":"Electrical Ball Valve"},{"value":3868,"label":"Electrically Actuated Ball Valve"},{"value":3294,"label":"Electronic Ball Valve"},{"value":2766,"label":"Motorised Valve"},{"value":3292,"label":"Motorized Ball Valve"},{"value":2727,"label":"Motorized Valve"}]},"yoast_head":"<!-- This site is optimized with the Yoast SEO Premium plugin v15.4 - https:\/\/yoast.com\/wordpress\/plugins\/seo\/ -->\n<title>Electric Ball Valve - Electric Actuated Ball Valve | ZECO Valve<\/title>\n<meta name=\"robots\" content=\"index, follow, max-snippet:-1, max-image-preview:large, max-video-preview:-1\" \/>\n<link rel=\"canonical\" href=\"https:\/\/zecovalve.com\/es\/producto\/electric-ball-valve\" \/>\n<meta property=\"og:locale\" content=\"es_ES\" \/>\n<meta property=\"og:type\" content=\"article\" \/>\n<meta property=\"og:title\" content=\"Electric Ball Valve - Electric Actuated Ball Valve | ZECO Valve\" \/>\n<meta property=\"og:description\" content=\"Electric ball valves use an electric actuator to rotate a ball with a hole in the center to control flow. What is ... Leer m\u00e1s\" \/>\n<meta property=\"og:url\" content=\"https:\/\/zecovalve.com\/es\/producto\/electric-ball-valve\" \/>\n<meta property=\"og:site_name\" content=\"ZECO Valve\" \/>\n<meta property=\"article:modified_time\" content=\"2023-06-07T06:40:53+00:00\" \/>\n<meta property=\"og:image\" content=\"https:\/\/zecovalve.com\/wp-content\/uploads\/2022\/06\/Electric-Ball-Valve-1.jpg\" \/>\n\t<meta property=\"og:image:width\" content=\"800\" \/>\n\t<meta property=\"og:image:height\" content=\"600\" \/>\n<meta name=\"twitter:card\" content=\"summary_large_image\" \/>\n<meta name=\"twitter:label1\" content=\"Escrito por\">\n\t<meta name=\"twitter:data1\" content=\"Jerry\">\n\t<meta name=\"twitter:label2\" content=\"Tiempo de lectura\">\n\t<meta name=\"twitter:data2\" content=\"4 minutos\">\n<script type=\"application\/ld+json\" class=\"yoast-schema-graph\">{\"@context\":\"https:\/\/schema.org\",\"@graph\":[{\"@type\":\"WebSite\",\"@id\":\"https:\/\/zecovalve.com\/#website\",\"url\":\"https:\/\/zecovalve.com\/\",\"name\":\"ZECO Valve\",\"description\":\"Industrial Ball Valve, Gate Valve and Globe Valve Manufacturer\",\"potentialAction\":[{\"@type\":\"SearchAction\",\"target\":\"https:\/\/zecovalve.com\/?s={search_term_string}\",\"query-input\":\"required name=search_term_string\"}],\"inLanguage\":\"es\"},{\"@type\":\"ImageObject\",\"@id\":\"https:\/\/zecovalve.com\/product\/electric-ball-valve#primaryimage\",\"inLanguage\":\"es\",\"url\":\"https:\/\/zecovalve.com\/wp-content\/uploads\/2022\/06\/Electric-Ball-Valve-1.jpg\",\"width\":800,\"height\":600,\"caption\":\"Electric Ball Valve\"},{\"@type\":\"WebPage\",\"@id\":\"https:\/\/zecovalve.com\/product\/electric-ball-valve#webpage\",\"url\":\"https:\/\/zecovalve.com\/product\/electric-ball-valve\",\"name\":\"Electric Ball Valve - Electric Actuated Ball Valve | ZECO Valve\",\"isPartOf\":{\"@id\":\"https:\/\/zecovalve.com\/#website\"},\"primaryImageOfPage\":{\"@id\":\"https:\/\/zecovalve.com\/product\/electric-ball-valve#primaryimage\"},\"datePublished\":\"2022-06-18T13:57:28+00:00\",\"dateModified\":\"2023-06-07T06:40:53+00:00\",\"breadcrumb\":{\"@id\":\"https:\/\/zecovalve.com\/product\/electric-ball-valve#breadcrumb\"},\"inLanguage\":\"es\",\"potentialAction\":[{\"@type\":\"ReadAction\",\"target\":[\"https:\/\/zecovalve.com\/product\/electric-ball-valve\"]}]},{\"@type\":\"BreadcrumbList\",\"@id\":\"https:\/\/zecovalve.com\/product\/electric-ball-valve#breadcrumb\",\"itemListElement\":[{\"@type\":\"ListItem\",\"position\":1,\"item\":{\"@type\":\"WebPage\",\"@id\":\"https:\/\/zecovalve.com\/\",\"url\":\"https:\/\/zecovalve.com\/\",\"name\":\"Home\"}},{\"@type\":\"ListItem\",\"position\":2,\"item\":{\"@type\":\"WebPage\",\"@id\":\"https:\/\/zecovalve.com\/product-category\",\"url\":\"https:\/\/zecovalve.com\/product-category\",\"name\":\"Industrial Valve Manufacturer | Water Valve Manufacturer\"}},{\"@type\":\"ListItem\",\"position\":3,\"item\":{\"@type\":\"WebPage\",\"@id\":\"https:\/\/zecovalve.com\/product\/electric-ball-valve\",\"url\":\"https:\/\/zecovalve.com\/product\/electric-ball-valve\",\"name\":\"Electric Ball Valve\"}}]}]}<\/script>\n<!-- \/ Yoast SEO Premium plugin. -->","_links":{"self":[{"href":"https:\/\/zecovalve.com\/es\/wp-json\/wp\/v2\/product\/16073","targetHints":{"allow":["GET"]}}],"collection":[{"href":"https:\/\/zecovalve.com\/es\/wp-json\/wp\/v2\/product"}],"about":[{"href":"https:\/\/zecovalve.com\/es\/wp-json\/wp\/v2\/types\/product"}],"replies":[{"embeddable":true,"href":"https:\/\/zecovalve.com\/es\/wp-json\/wp\/v2\/comments?post=16073"}],"wp:featuredmedia":[{"embeddable":true,"href":"https:\/\/zecovalve.com\/es\/wp-json\/wp\/v2\/media\/27847"}],"wp:attachment":[{"href":"https:\/\/zecovalve.com\/es\/wp-json\/wp\/v2\/media?parent=16073"}],"wp:term":[{"taxonomy":"product_cat","embeddable":true,"href":"https:\/\/zecovalve.com\/es\/wp-json\/wp\/v2\/product_cat?post=16073"},{"taxonomy":"product_tag","embeddable":true,"href":"https:\/\/zecovalve.com\/es\/wp-json\/wp\/v2\/product_tag?post=16073"}],"curies":[{"name":"wp","href":"https:\/\/api.w.org\/{rel}","templated":true}]}}