{"id":16075,"date":"2022-06-18T14:00:20","date_gmt":"2022-06-18T14:00:20","guid":{"rendered":"https:\/\/zecovalve.com\/?post_type=product&#038;p=16075"},"modified":"2023-06-07T06:43:13","modified_gmt":"2023-06-07T06:43:13","slug":"metal-seated-ball-valve","status":"publish","type":"product","link":"https:\/\/zecovalve.com\/es\/producto\/metal-seated-ball-valve","title":{"rendered":"V\u00e1lvula de bola de asiento met\u00e1lico"},"content":{"rendered":"<p>La v\u00e1lvula de bola con asiento met\u00e1lico se fabrica para altas temperaturas de hasta 540\u2103 (puede ser superior en funci\u00f3n del material del cuerpo y el embellecedor) o resistencia a la abrasi\u00f3n.<\/p>\r\n\r\n\r\n\r\n<div class=\"wp-block-columns is-layout-flex wp-container-core-columns-is-layout-9d6595d7 wp-block-columns-is-layout-flex\">\r\n<div class=\"wp-block-column is-layout-flow wp-block-column-is-layout-flow\">\r\n<figure class=\"wp-block-image size-large\"><img decoding=\"async\" src=\"https:\/\/zecovalve.com\/wp-content\/uploads\/2022\/06\/metal-seated-ball-valve-1-300x225.jpg\" alt=\"\" \/><\/figure>\r\n<\/div>\r\n\r\n\r\n\r\n<div class=\"wp-block-column is-layout-flow wp-block-column-is-layout-flow\">\r\n<figure class=\"wp-block-image size-large\"><img decoding=\"async\" src=\"https:\/\/zecovalve.com\/wp-content\/uploads\/2022\/06\/metal-seated-ball-valve-2-300x225.jpg\" alt=\"\" \/><\/figure>\r\n<\/div>\r\n\r\n\r\n\r\n<div class=\"wp-block-column is-layout-flow wp-block-column-is-layout-flow\">\r\n<figure class=\"wp-block-image size-large\"><img decoding=\"async\" src=\"https:\/\/zecovalve.com\/wp-content\/uploads\/2022\/06\/metal-seated-ball-valve-3-300x225.jpg\" alt=\"\" \/><\/figure>\r\n<\/div>\r\n\r\n\r\n\r\n<div class=\"wp-block-column is-layout-flow wp-block-column-is-layout-flow\">\r\n<figure class=\"wp-block-image size-large\"><img decoding=\"async\" src=\"https:\/\/zecovalve.com\/wp-content\/uploads\/2022\/06\/metal-seated-ball-valve-4-300x225.jpg\" alt=\"\" \/><\/figure>\r\n<\/div>\r\n<\/div>\r\n\r\n\r\n<div class=\"gb-button-wrapper gb-button-wrapper-31f123f4\">\r\n\r\n\r\n<p><a class=\"gb-button gb-button-504ddfe8 gb-button-text\" href=\"mailto:commercial@zecovalve.com\" target=\"_blank\" rel=\"noopener noreferrer\"><strong><strong>OBTENER PRECIO DE V\u00c1LVULA DE BOLA DE ASIENTO MET\u00c1LICO<\/strong><\/strong><\/a><\/p>\r\n<\/div>\r\n\r\n\r\n\r\n\r\n<h2 class=\"wp-block-heading\" id=\"h-what-is-a-metal-seated-ball-valve\">\u00bfQu\u00e9 es una v\u00e1lvula de bola de asiento met\u00e1lico?<\/h2>\r\n\r\n\r\n\r\n<p>ZECO v\u00e1lvula de bola de asiento met\u00e1lico es adecuado para alta temperatura y alta presi\u00f3n medio especial o medio con part\u00edculas en la tuber\u00eda. Selecci\u00f3n de tipo de v\u00e1lvula de bola de asiento met\u00e1lico basado en diferentes condiciones de trabajo del an\u00e1lisis y c\u00e1lculo, la elecci\u00f3n de las condiciones de trabajo adecuadas de la dureza de la dureza del material, para adoptar la tecnolog\u00eda avanzada de soldadura por pulverizaci\u00f3n en la superficie de una esfera y la superficie de sellado del asiento de la v\u00e1lvula para el procesamiento especial, la molienda con esfera dura, y la superficie de sellado del asiento hace que la precisi\u00f3n de ajuste sin fugas.<\/p>\r\n\r\n\r\n\r\n<h2 class=\"wp-block-heading\">Tipos de v\u00e1lvulas de bola de asiento met\u00e1lico<\/h2>\r\n\r\n\r\n\r\n<ul class=\"wp-block-list\">\r\n<li>Las v\u00e1lvulas de bola de asiento met\u00e1lico montadas en mu\u00f1\u00f3n son v\u00e1lvulas de bola de cuerpo partido montadas en mu\u00f1\u00f3n con asientos cargados por resorte con alivio de cavidad, tienen doble capacidad de bloqueo y purga.<\/li>\r\n\r\n\r\n\r\n<li>V\u00e1lvula de bola flotante de asiento met\u00e1lico con cero fugas para condiciones de funcionamiento a alta temperatura. Adem\u00e1s, tambi\u00e9n est\u00e1n disponibles asientos con materiales de superficie dura en carburo de cromo, carburo de tungsteno o estelita. Todas las v\u00e1lvulas de bola flotante Relia tienen dise\u00f1o antiest\u00e1tico y alivio autom\u00e1tico de la cavidad del cuerpo.<\/li>\r\n<\/ul>\r\n\r\n\r\n\r\n<h2 class=\"wp-block-heading\">Aplicaciones de las v\u00e1lvulas de bola de asiento met\u00e1lico<\/h2>\r\n\r\n\r\n\r\n<ul class=\"wp-block-list\">\r\n<li>Petr\u00f3leo y gas<\/li>\r\n\r\n\r\n\r\n<li>Refino \/ Petroqu\u00edmica<\/li>\r\n\r\n\r\n\r\n<li>Proceso qu\u00edmico<\/li>\r\n\r\n\r\n\r\n<li>Generaci\u00f3n de energ\u00eda<\/li>\r\n\r\n\r\n\r\n<li>Pasta y papel<\/li>\r\n\r\n\r\n\r\n<li>Miner\u00eda<\/li>\r\n<\/ul>\r\n\r\n\r\n\r\n<h2 class=\"wp-block-heading\" id=\"h-features-of-metal-seat-ball-valve\">Caracter\u00edsticas de la v\u00e1lvula de bola de asiento met\u00e1lico:<\/h2>\r\n\r\n\r\n\r\n<ul class=\"wp-block-list\">\r\n<li>Garant\u00eda absoluta de seguridad contra incendios. Las v\u00e1lvulas de bola de asiento met\u00e1lico ZECO tienen un dise\u00f1o absolutamente seguro contra incendios. El contacto de metal con metal est\u00e1 dise\u00f1ado entre la bola y el asiento, donde es una funci\u00f3n incondicional de seguridad contra incendios. La junta de grafito flexible puede evitar la fuga de fluido entre el cuerpo y el asiento o el cuerpo y el adaptador, incluso en entornos de alta temperatura para alcanzar los objetivos de seguridad contra incendios. Adem\u00e1s, otros componentes de sellado como la empaquetadura del v\u00e1stago tambi\u00e9n pueden alcanzar la funci\u00f3n de seguridad contra incendios y evitar fugas externas. As\u00ed que todas las partes de la v\u00e1lvula no se ver\u00e1n afectadas por el servicio de alta temperatura.<\/li>\r\n\r\n\r\n\r\n<li>Sellado fiable a baja presi\u00f3n. Las v\u00e1lvulas de bola de asiento met\u00e1lico ZECO adoptan una estructura de muelle de asiento, que puede empujar el asiento aguas arriba firmemente contra la superficie de la bola creando un sellado fiable incluso a una presi\u00f3n extremadamente baja.<\/li>\r\n\r\n\r\n\r\n<li>ZECO v\u00e1lvula de bola de asiento met\u00e1lico interruptor de par de luz. Debido a que la parte inferior del anillo de sellado anillo de sello de resorte con la bola estrechamente juntos, siempre y cuando el par de conmutaci\u00f3n supera la precarga del resorte cuando el interruptor ser\u00e1 muy ligero, y en la configuraci\u00f3n del actuador el\u00e9ctrico, se puede elegir que otras marcas de la v\u00e1lvula de bola de asiento met\u00e1lico un peque\u00f1o n\u00famero de actuador el\u00e9ctrico;<\/li>\r\n\r\n\r\n\r\n<li>Las v\u00e1lvulas de bola de asiento met\u00e1lico ZECO para alta temperatura tienen una larga vida \u00fatil. En general, la temperatura de trabajo de las v\u00e1lvulas de bola de asiento blando est\u00e1 limitada a 400 \u00b0F, pero las v\u00e1lvulas de bola de asiento met\u00e1lico tienen garantizada una temperatura m\u00e1xima de servicio de 800 \u00b0F.<\/li>\r\n\r\n\r\n\r\n<li>V\u00e1stago a prueba de explosi\u00f3n y dispositivo antiest\u00e1tico. Como v\u00e1lvulas de bola generales, las v\u00e1lvulas de bola de asiento met\u00e1lico ZECO est\u00e1n provistas de v\u00e1stago a prueba de explosi\u00f3n y dispositivo antiest\u00e1tico.<\/li>\r\n<\/ul>\r\n\r\n\r\n\r\n<h2 class=\"wp-block-heading\" id=\"h-product-range-of-metal-seated-ball-valves\">Gama de productos de V\u00e1lvulas de bola de asiento met\u00e1lico<\/h2>\r\n\r\n\r\n\r\n<figure class=\"wp-block-table is-style-stripes\">\r\n<table>\r\n<tbody>\r\n<tr>\r\n<td>\u00a0Tipo<\/td>\r\n<td>\u00a0V\u00e1lvula de bola flotante con asiento met\u00e1lico\/V\u00e1lvula de bola de mu\u00f1\u00f3n con asiento met\u00e1lico<\/td>\r\n<\/tr>\r\n<tr>\r\n<td>\u00a0Material del cuerpo<\/td>\r\n<td>\u00a0Acero al carbono, acero al carbono para bajas temperaturas, acero inoxidable, acero d\u00faplex<\/td>\r\n<\/tr>\r\n<tr>\r\n<td>\u00a0Superficie de la bola\/asiento<\/td>\r\n<td>\u00a0Estelita, carburo de wolframio, carburo de cromo<\/td>\r\n<\/tr>\r\n<tr>\r\n<td>\u00a0Tama\u00f1os<\/td>\r\n<td>\u00a01\/2\"-48\" (DN15-DN600)<\/td>\r\n<\/tr>\r\n<tr>\r\n<td>\u00a0Clasificaci\u00f3n<\/td>\r\n<td>\u00a0ANSI Clase 150-2500 (PN20-PN420)<\/td>\r\n<\/tr>\r\n<tr>\r\n<td>\u00a0Conexi\u00f3n final<\/td>\r\n<td>\u00a0Soldadura a tope, brida, cubo<\/td>\r\n<\/tr>\r\n<tr>\r\n<td>\u00a0Operador<\/td>\r\n<td>\u00a0Palanca, tornillo sin fin, el\u00e9ctrico, neum\u00e1tico, hidr\u00e1ulico<\/td>\r\n<\/tr>\r\n<tr>\r\n<td>Temperatura<\/td>\r\n<td>-196\u00b0C - 816\u00b0C (-320\u00b0F - 1.500\u00b0F)<\/td>\r\n<\/tr>\r\n<\/tbody>\r\n<\/table>\r\n<\/figure>\r\n\r\n\r\n\r\n<h2 class=\"wp-block-heading\">Normas aplicables a las v\u00e1lvulas de bola de asiento met\u00e1lico<\/h2>\r\n\r\n\r\n\r\n<figure class=\"wp-block-table is-style-stripes\">\r\n<table>\r\n<tbody>\r\n<tr>\r\n<td>CONSTRUCCI\u00d3N<\/td>\r\n<td>Cuerpo de dos piezas o cuerpo de tres piezas<br \/>V\u00e1stago a prueba de reventones<\/td>\r\n<\/tr>\r\n<tr>\r\n<td>SELLADO<\/td>\r\n<td>Unidireccional o bidireccional<\/td>\r\n<\/tr>\r\n<tr>\r\n<td>DISE\u00d1O<\/td>\r\n<td>API6D<br \/>ASME B16.34<\/td>\r\n<\/tr>\r\n<tr>\r\n<td>PRUEBAS<\/td>\r\n<td>API6D<br \/>API598<br \/>EN12266<br \/>MSS SP82<br \/>ISO5208<\/td>\r\n<\/tr>\r\n<tr>\r\n<td>CARA A CARA<\/td>\r\n<td>ASME B16.10<br \/>EN558<br \/>JIS B2002<br \/>MSS SP72<\/td>\r\n<\/tr>\r\n<tr>\r\n<td>SEGURIDAD CONTRA INCENDIOS<\/td>\r\n<td>Dise\u00f1o y certificaci\u00f3n API607, API6Fa, ISO10497<\/td>\r\n<\/tr>\r\n<tr>\r\n<td>EMISIONES FUGITIVAS<\/td>\r\n<td>ISO EN15848-1<br \/>ISO EN15848-2<\/td>\r\n<\/tr>\r\n<tr>\r\n<td>OPCIONES<\/td>\r\n<td>Cap\u00f3 extendido<br \/>Juntas labiales<br \/>Asiento y empaquetadura de sellado por inyecci\u00f3n<br \/>Chaqueta calefactora<br \/>Drenaje y ventilaci\u00f3n<br \/>Sellos DEA<br \/>DBB- DIB1 - DIB2 seg\u00fan API6D<\/td>\r\n<\/tr>\r\n<\/tbody>\r\n<\/table>\r\n<\/figure>\r\n\r\n\r\n\r\n<h2 class=\"wp-block-heading\">Material de la v\u00e1lvula de bola de asiento met\u00e1lico<\/h2>\r\n\r\n\r\n\r\n<figure class=\"wp-block-table is-style-stripes\">\r\n<table>\r\n<tbody>\r\n<tr>\r\n<td>No<\/td>\r\n<td>Pieza<\/td>\r\n<td>Material<\/td>\r\n<\/tr>\r\n<tr>\r\n<td>1<\/td>\r\n<td>Cuerpo<\/td>\r\n<td>ASTM A105<\/td>\r\n<\/tr>\r\n<tr>\r\n<td>2<\/td>\r\n<td>Cap\u00f3<\/td>\r\n<td>ASTM A105<\/td>\r\n<\/tr>\r\n<tr>\r\n<td>3<\/td>\r\n<td>Bola<\/td>\r\n<td>ASTM A105 + carburo de tungsteno<\/td>\r\n<\/tr>\r\n<tr>\r\n<td>4<\/td>\r\n<td>Asiento<\/td>\r\n<td>ASTM A105 + STL<\/td>\r\n<\/tr>\r\n<tr>\r\n<td>5<\/td>\r\n<td>V\u00e1stago<\/td>\r\n<td>ASTM A182 F6a<\/td>\r\n<\/tr>\r\n<tr>\r\n<td>6<\/td>\r\n<td>Dispositivo antiest\u00e1tico<\/td>\r\n<td>SS304<\/td>\r\n<\/tr>\r\n<tr>\r\n<td>7<\/td>\r\n<td>Junta<\/td>\r\n<td>Grafito + SS304<\/td>\r\n<\/tr>\r\n<tr>\r\n<td>8<\/td>\r\n<td>Perno<\/td>\r\n<td>ASTM A193 B7<\/td>\r\n<\/tr>\r\n<tr>\r\n<td>9<\/td>\r\n<td>Tuerca<\/td>\r\n<td>ASTM A194 2H<\/td>\r\n<\/tr>\r\n<tr>\r\n<td>10<\/td>\r\n<td>Junta t\u00f3rica<\/td>\r\n<td>Vit\u00f3n A<\/td>\r\n<\/tr>\r\n<tr>\r\n<td>11<\/td>\r\n<td>Palanca<\/td>\r\n<td>ASTM A216 WCB<\/td>\r\n<\/tr>\r\n<\/tbody>\r\n<\/table>\r\n<\/figure>\r\n\r\n\r\n\r\n<p>Si est\u00e1 buscando fabricantes fiables de v\u00e1lvulas de bola de asiento met\u00e1lico, la empresa ZECO puede ser su mejor elecci\u00f3n.<\/p>\r\n\r\n\r\n\r\n<p>ZECO Valve ofrece una variedad de v\u00e1lvulas de bola de asiento met\u00e1lico que incluyen v\u00e1lvulas de tres piezas, bridadas, de mu\u00f1\u00f3n con cuerpo soldado y de mu\u00f1\u00f3n met\u00e1lico de doble asiento. La principal ventaja de las v\u00e1lvulas de asiento met\u00e1lico es su capacidad para soportar altas temperaturas y condiciones de servicio severas. Los asientos met\u00e1licos pueden soportar fuertes golpes de ariete, choques hidr\u00e1ulicos, fluidos de proceso abrasivos y altas temperaturas. Tambi\u00e9n son ideales para aplicaciones de alta erosi\u00f3n o corrosi\u00f3n.<\/p>","protected":false},"excerpt":{"rendered":"<p>La v\u00e1lvula de bola con asiento de metal se fabrica para altas temperaturas de hasta 540 \u2103 (puede ser mayor seg\u00fan el material del cuerpo... <a title=\"V\u00e1lvula de bola de asiento met\u00e1lico\" class=\"read-more\" href=\"https:\/\/zecovalve.com\/es\/producto\/metal-seated-ball-valve\" aria-label=\"M\u00e1s en V\u00e1lvula de bola con asiento met\u00e1lico\">Leer m\u00e1s<\/a><\/p>","protected":false},"featured_media":27848,"comment_status":"closed","ping_status":"closed","template":"","meta":{"_generate-full-width-content":"","kt_blocks_editor_width":""},"product_cat":[2047,2459,2465],"product_tag":[3920,3896,3922,3921,3914],"class_list":["post-16075","product","type-product","status-publish","has-post-thumbnail","hentry","product_cat-ball-valve","product_cat-ball-valve-by-form","product_cat-forged-steel-ball-valve","product_tag-api-6d-ball-valve","product_tag-flanged-ball-valve","product_tag-metal-seat-ball-valve","product_tag-metal-seated-ball-valve","product_tag-reduced-bore-ball-valve","sales-flash-overlay","woocommerce-text-align-center","woocommerce-image-align-center","do-quantity-buttons"],"featured_image_src_large":["https:\/\/zecovalve.com\/wp-content\/uploads\/2022\/06\/Metal-Seated-Ball-Valve.jpg",800,600,false],"author_info":[],"comment_info":0,"taxonomy_info":{"product_cat":[{"value":2047,"label":"Ball Valve"},{"value":2459,"label":"Ball Valve By Form"},{"value":2465,"label":"Forged Ball Valve"}],"product_tag":[{"value":3920,"label":"API 6D Ball Valve"},{"value":3896,"label":"Flanged Ball Valve"},{"value":3922,"label":"Metal Seat Ball Valve"},{"value":3921,"label":"Metal Seated Ball Valve"},{"value":3914,"label":"Reduced Bore Ball Valve"}]},"yoast_head":"<!-- This site is optimized with the Yoast SEO Premium plugin v15.4 - https:\/\/yoast.com\/wordpress\/plugins\/seo\/ -->\n<title>Metal Seat Ball Valve - Metal Seated Ball Valves Manufacturer | ZECO Valve<\/title>\n<meta name=\"robots\" content=\"index, follow, max-snippet:-1, max-image-preview:large, max-video-preview:-1\" \/>\n<link rel=\"canonical\" href=\"https:\/\/zecovalve.com\/es\/producto\/metal-seated-ball-valve\" \/>\n<meta property=\"og:locale\" content=\"es_ES\" \/>\n<meta property=\"og:type\" content=\"article\" \/>\n<meta property=\"og:title\" content=\"Metal Seat Ball Valve - Metal Seated Ball Valves Manufacturer | ZECO Valve\" \/>\n<meta property=\"og:description\" content=\"Metal Seated Ball Valve is manufactured for high temperatures up to 540\u2103 (may be higher based on the material of the body ... Leer m\u00e1s\" \/>\n<meta property=\"og:url\" content=\"https:\/\/zecovalve.com\/es\/producto\/metal-seated-ball-valve\" \/>\n<meta property=\"og:site_name\" content=\"ZECO Valve\" \/>\n<meta property=\"article:modified_time\" content=\"2023-06-07T06:43:13+00:00\" \/>\n<meta property=\"og:image\" content=\"https:\/\/zecovalve.com\/wp-content\/uploads\/2022\/06\/Metal-Seated-Ball-Valve.jpg\" \/>\n\t<meta property=\"og:image:width\" content=\"800\" \/>\n\t<meta property=\"og:image:height\" content=\"600\" \/>\n<meta name=\"twitter:card\" content=\"summary_large_image\" \/>\n<meta name=\"twitter:label1\" content=\"Escrito por\">\n\t<meta name=\"twitter:data1\" content=\"Jerry\">\n\t<meta name=\"twitter:label2\" content=\"Tiempo de lectura\">\n\t<meta name=\"twitter:data2\" content=\"3 minutos\">\n<script type=\"application\/ld+json\" class=\"yoast-schema-graph\">{\"@context\":\"https:\/\/schema.org\",\"@graph\":[{\"@type\":\"WebSite\",\"@id\":\"https:\/\/zecovalve.com\/#website\",\"url\":\"https:\/\/zecovalve.com\/\",\"name\":\"ZECO Valve\",\"description\":\"Industrial Ball Valve, Gate Valve and Globe Valve Manufacturer\",\"potentialAction\":[{\"@type\":\"SearchAction\",\"target\":\"https:\/\/zecovalve.com\/?s={search_term_string}\",\"query-input\":\"required name=search_term_string\"}],\"inLanguage\":\"es\"},{\"@type\":\"ImageObject\",\"@id\":\"https:\/\/zecovalve.com\/product\/metal-seated-ball-valve#primaryimage\",\"inLanguage\":\"es\",\"url\":\"https:\/\/zecovalve.com\/wp-content\/uploads\/2022\/06\/Metal-Seated-Ball-Valve.jpg\",\"width\":800,\"height\":600,\"caption\":\"Metal Seated Ball Valve\"},{\"@type\":\"WebPage\",\"@id\":\"https:\/\/zecovalve.com\/product\/metal-seated-ball-valve#webpage\",\"url\":\"https:\/\/zecovalve.com\/product\/metal-seated-ball-valve\",\"name\":\"Metal Seat Ball Valve - Metal Seated Ball Valves Manufacturer | ZECO Valve\",\"isPartOf\":{\"@id\":\"https:\/\/zecovalve.com\/#website\"},\"primaryImageOfPage\":{\"@id\":\"https:\/\/zecovalve.com\/product\/metal-seated-ball-valve#primaryimage\"},\"datePublished\":\"2022-06-18T14:00:20+00:00\",\"dateModified\":\"2023-06-07T06:43:13+00:00\",\"breadcrumb\":{\"@id\":\"https:\/\/zecovalve.com\/product\/metal-seated-ball-valve#breadcrumb\"},\"inLanguage\":\"es\",\"potentialAction\":[{\"@type\":\"ReadAction\",\"target\":[\"https:\/\/zecovalve.com\/product\/metal-seated-ball-valve\"]}]},{\"@type\":\"BreadcrumbList\",\"@id\":\"https:\/\/zecovalve.com\/product\/metal-seated-ball-valve#breadcrumb\",\"itemListElement\":[{\"@type\":\"ListItem\",\"position\":1,\"item\":{\"@type\":\"WebPage\",\"@id\":\"https:\/\/zecovalve.com\/\",\"url\":\"https:\/\/zecovalve.com\/\",\"name\":\"Home\"}},{\"@type\":\"ListItem\",\"position\":2,\"item\":{\"@type\":\"WebPage\",\"@id\":\"https:\/\/zecovalve.com\/product-category\",\"url\":\"https:\/\/zecovalve.com\/product-category\",\"name\":\"Industrial Valve Manufacturer | Water Valve Manufacturer\"}},{\"@type\":\"ListItem\",\"position\":3,\"item\":{\"@type\":\"WebPage\",\"@id\":\"https:\/\/zecovalve.com\/product\/metal-seated-ball-valve\",\"url\":\"https:\/\/zecovalve.com\/product\/metal-seated-ball-valve\",\"name\":\"Metal Seated Ball Valve\"}}]}]}<\/script>\n<!-- \/ Yoast SEO Premium plugin. -->","_links":{"self":[{"href":"https:\/\/zecovalve.com\/es\/wp-json\/wp\/v2\/product\/16075","targetHints":{"allow":["GET"]}}],"collection":[{"href":"https:\/\/zecovalve.com\/es\/wp-json\/wp\/v2\/product"}],"about":[{"href":"https:\/\/zecovalve.com\/es\/wp-json\/wp\/v2\/types\/product"}],"replies":[{"embeddable":true,"href":"https:\/\/zecovalve.com\/es\/wp-json\/wp\/v2\/comments?post=16075"}],"wp:featuredmedia":[{"embeddable":true,"href":"https:\/\/zecovalve.com\/es\/wp-json\/wp\/v2\/media\/27848"}],"wp:attachment":[{"href":"https:\/\/zecovalve.com\/es\/wp-json\/wp\/v2\/media?parent=16075"}],"wp:term":[{"taxonomy":"product_cat","embeddable":true,"href":"https:\/\/zecovalve.com\/es\/wp-json\/wp\/v2\/product_cat?post=16075"},{"taxonomy":"product_tag","embeddable":true,"href":"https:\/\/zecovalve.com\/es\/wp-json\/wp\/v2\/product_tag?post=16075"}],"curies":[{"name":"wp","href":"https:\/\/api.w.org\/{rel}","templated":true}]}}