{"id":16083,"date":"2022-06-19T03:24:25","date_gmt":"2022-06-19T03:24:25","guid":{"rendered":"https:\/\/zecovalve.com\/?post_type=product&#038;p=16083"},"modified":"2023-06-07T14:08:05","modified_gmt":"2023-06-07T14:08:05","slug":"3-inch-gate-valve","status":"publish","type":"product","link":"https:\/\/zecovalve.com\/es\/producto\/3-inch-gate-valve","title":{"rendered":"V\u00e1lvula de compuerta de 3 pulgadas"},"content":{"rendered":"<p>La v\u00e1lvula de compuerta de 3 pulgadas se distingue por el tama\u00f1o de la v\u00e1lvula de compuerta, la v\u00e1lvula de compuerta de 3 pulgadas con DN es decir DN80.<\/p>\r\n\r\n\r\n\r\n<figure class=\"wp-block-image size-full is-resized\">\r\n<p><img loading=\"lazy\" decoding=\"async\" class=\"wp-image-27876 size-medium\" src=\"https:\/\/zecovalve.com\/wp-content\/uploads\/2022\/06\/3-Inch-Bronze-Gate-Valve-300x225.jpg\" alt=\"V\u00e1lvula de compuerta de bronce de 3 pulgadas\" width=\"300\" height=\"225\" srcset=\"https:\/\/zecovalve.com\/wp-content\/uploads\/2022\/06\/3-Inch-Bronze-Gate-Valve-300x225.jpg 300w, https:\/\/zecovalve.com\/wp-content\/uploads\/2022\/06\/3-Inch-Bronze-Gate-Valve-768x576.jpg 768w, https:\/\/zecovalve.com\/wp-content\/uploads\/2022\/06\/3-Inch-Bronze-Gate-Valve-600x450.jpg 600w, https:\/\/zecovalve.com\/wp-content\/uploads\/2022\/06\/3-Inch-Bronze-Gate-Valve.jpg 800w\" sizes=\"auto, (max-width: 300px) 100vw, 300px\" \/><\/p>\r\n<\/figure>\r\n\r\n\r\n<div class=\"gb-button-wrapper gb-button-wrapper-6d8495a3\">\r\n\r\n\r\n<p><a class=\"gb-button gb-button-3d442e11 gb-button-text\" href=\"mailto:commercial@zecovalve.com\" target=\"_blank\" rel=\"noopener noreferrer\"><strong>OBT\u00c9N PRECIO DE V\u00c1LVULA DE COMPUERTA DE 3 pulgadas<\/strong><\/a><\/p>\r\n<\/div>\r\n\r\n\r\n\r\n\r\n<h2 class=\"wp-block-heading\" id=\"h-what-is-a-3-inch-gate-valve\">\u00bfQu\u00e9 es una v\u00e1lvula de compuerta de 3 pulgadas?<\/h2>\r\n\r\n\r\n\r\n<p>La v\u00e1lvula de compuerta ZECO de 3 pulgadas se utiliza principalmente para v\u00e1lvulas de conmutaci\u00f3n completamente abiertas o completamente cerradas. Por lo general, no se utilizan para fines de estrangulaci\u00f3n, sino para lodos, fluidos viscosos, etc. Las v\u00e1lvulas de compuerta cuentan con una cu\u00f1a extra\u00edble que se mueve con la tuerca del v\u00e1stago. La cu\u00f1a se mueve perpendicular a la direcci\u00f3n del flujo. Las v\u00e1lvulas de compuerta generalmente tienen una ca\u00edda de presi\u00f3n m\u00ednima cuando est\u00e1n completamente abiertas, brindan un cierre herm\u00e9tico cuando est\u00e1n completamente cerradas y permanecen relativamente libres de acumulaci\u00f3n de contaminaci\u00f3n.<\/p>\r\n\r\n\r\n\r\n<h2 class=\"wp-block-heading\" id=\"h-features-of-3-inch-gate-valves\">Caracter\u00edsticas de las v\u00e1lvulas de compuerta de 3 pulgadas<\/h2>\r\n\r\n\r\n\r\n<ul class=\"wp-block-list\">\r\n<li>La cu\u00f1a de la v\u00e1lvula de compuerta ZECO de 3 pulgadas est\u00e1 completamente guiada hacia los asientos. Para este prop\u00f3sito, la v\u00e1lvula de compuerta ZECO de 3 pulgadas est\u00e1 equipada con una compuerta de fundici\u00f3n integral, que est\u00e1 encajada en un cierto \u00e1ngulo con respecto a la l\u00ednea central vertical, y su funci\u00f3n es cerrar cada vez m\u00e1s herm\u00e9ticamente durante el proceso de cierre. La puerta est\u00e1 fundida en su conjunto, mecanizada y revestida autom\u00e1ticamente, y tiene una ranura anular en la superficie para un mejor ajuste en la superficie del asiento;<\/li>\r\n<li>ZECO no lo har\u00e1 debido a pedidos urgentes e ignorar\u00e1 el proceso tecnol\u00f3gico de producci\u00f3n, ZECO cada trabajador de la l\u00ednea de producci\u00f3n, cualquier paso basado en los procesos comunes del departamento de tecnolog\u00eda para el departamento de producci\u00f3n y tecnolog\u00eda, al mismo tiempo, el ingeniero del departamento de calidad est\u00e1 en la base de est\u00e1ndares internacionales para la producci\u00f3n de cada paso de prueba para garantizar que los productos est\u00e9n calificados;<\/li>\r\n<li>El anillo de asiento de la v\u00e1lvula de compuerta ZECO de 3 pulgadas est\u00e1 forjado y dise\u00f1ado para reducir el desgaste durante la conmutaci\u00f3n y evitar el desgaste del cuerpo de la v\u00e1lvula y los anillos de sellado durante el flujo;<\/li>\r\n<li>Despu\u00e9s de la soldadura y el tratamiento t\u00e9rmico requerido, la m\u00e1quina CNC debe limpiar a fondo el anillo de asiento de la v\u00e1lvula de compuerta ZECO de 3 pulgadas y los inspectores lo inspeccionar\u00e1n antes de permitir el ensamblaje.<\/li>\r\n<\/ul>\r\n\r\n\r\n\r\n<h2 class=\"wp-block-heading\">Dimensiones y peso de la v\u00e1lvula de compuerta de 3 pulgadas<\/h2>\r\n\r\n\r\n\r\n<table border=\"=1\" width=\"800\">\r\n<tbody>\r\n<tr>\r\n<td rowspan=\"2\">Presi\u00f3n nominal<\/td>\r\n<td style=\"text-align: center;\">Taladro<\/td>\r\n<td style=\"text-align: center;\" colspan=\"3\">\u00a0Dimensi\u00f3n cara a cara (en mm)<\/td>\r\n<td style=\"text-align: center;\">Peso<\/td>\r\n<\/tr>\r\n<tr>\r\n<td style=\"text-align: center;\">(en mm)<\/td>\r\n<td style=\"text-align: center;\">RF<\/td>\r\n<td style=\"text-align: center;\">BW<\/td>\r\n<td style=\"text-align: center;\">RTJ<\/td>\r\n<td style=\"text-align: center;\">kg<\/td>\r\n<\/tr>\r\n<tr>\r\n<td>CLASE 150<\/td>\r\n<td style=\"text-align: center;\">76<\/td>\r\n<td style=\"text-align: center;\">203<\/td>\r\n<td style=\"text-align: center;\">283<\/td>\r\n<td style=\"text-align: center;\">216<\/td>\r\n<td style=\"text-align: center;\">40<\/td>\r\n<\/tr>\r\n<tr>\r\n<td>CLASE 300<\/td>\r\n<td style=\"text-align: center;\">76<\/td>\r\n<td style=\"text-align: center;\">283<\/td>\r\n<td style=\"text-align: center;\">283<\/td>\r\n<td style=\"text-align: center;\">298<\/td>\r\n<td style=\"text-align: center;\">52<\/td>\r\n<\/tr>\r\n<tr>\r\n<td>CLASE 600<\/td>\r\n<td style=\"text-align: center;\">76<\/td>\r\n<td style=\"text-align: center;\">356<\/td>\r\n<td style=\"text-align: center;\">356<\/td>\r\n<td style=\"text-align: center;\">359<\/td>\r\n<td style=\"text-align: center;\">85<\/td>\r\n<\/tr>\r\n<tr>\r\n<td>CLASE 900<\/td>\r\n<td style=\"text-align: center;\">72<\/td>\r\n<td style=\"text-align: center;\">381<\/td>\r\n<td style=\"text-align: center;\">381<\/td>\r\n<td style=\"text-align: center;\">384<\/td>\r\n<td style=\"text-align: center;\">165<\/td>\r\n<\/tr>\r\n<tr>\r\n<td>CLASE 1500<\/td>\r\n<td style=\"text-align: center;\">69<\/td>\r\n<td style=\"text-align: center;\">470<\/td>\r\n<td style=\"text-align: center;\">470<\/td>\r\n<td style=\"text-align: center;\">473<\/td>\r\n<td style=\"text-align: center;\">182<\/td>\r\n<\/tr>\r\n<tr>\r\n<td>CLASE 2500<\/td>\r\n<td style=\"text-align: center;\">57<\/td>\r\n<td style=\"text-align: center;\">578<\/td>\r\n<td style=\"text-align: center;\">578<\/td>\r\n<td style=\"text-align: center;\">584<\/td>\r\n<td style=\"text-align: center;\">201<\/td>\r\n<\/tr>\r\n<\/tbody>\r\n<\/table>\r\n\r\n\r\n\r\n<h2 class=\"wp-block-heading\" id=\"h-material-of-3-inch-gate-valve\">Material de la v\u00e1lvula de compuerta de 3 pulgadas:<\/h2>\r\n\r\n\r\n\r\n<figure class=\"wp-block-table\">\r\n<table>\r\n<tbody>\r\n<tr>\r\n<td>No<\/td>\r\n<td>Pieza<\/td>\r\n<td>Material<\/td>\r\n<\/tr>\r\n<tr>\r\n<td>1<\/td>\r\n<td>Cuerpo<\/td>\r\n<td>C95800<\/td>\r\n<\/tr>\r\n<tr>\r\n<td>2<\/td>\r\n<td>Anillo de asiento<\/td>\r\n<td>C95800<\/td>\r\n<\/tr>\r\n<tr>\r\n<td>3<\/td>\r\n<td>Cu\u00f1a<\/td>\r\n<td>C95800<\/td>\r\n<\/tr>\r\n<tr>\r\n<td>4<\/td>\r\n<td>V\u00e1stago<\/td>\r\n<td>C95800<\/td>\r\n<\/tr>\r\n<tr>\r\n<td>5<\/td>\r\n<td>Junta del cap\u00f3<\/td>\r\n<td>SS316+Grafito<\/td>\r\n<\/tr>\r\n<tr>\r\n<td>6<\/td>\r\n<td>Perno del cap\u00f3<\/td>\r\n<td>ASTM A193 B8<\/td>\r\n<\/tr>\r\n<tr>\r\n<td>7<\/td>\r\n<td>Tuerca de sombrerete<\/td>\r\n<td>ASTM A194 8<\/td>\r\n<\/tr>\r\n<tr>\r\n<td>8<\/td>\r\n<td>Cap\u00f3<\/td>\r\n<td>C95800<\/td>\r\n<\/tr>\r\n<tr>\r\n<td>9<\/td>\r\n<td>Asiento trasero<\/td>\r\n<td>C95800<\/td>\r\n<\/tr>\r\n<tr>\r\n<td>10<\/td>\r\n<td>Empaquetadura de v\u00e1stago<\/td>\r\n<td>Grafito<\/td>\r\n<\/tr>\r\n<tr>\r\n<td>11<\/td>\r\n<td>Volante<\/td>\r\n<td>KTH330-08<\/td>\r\n<\/tr>\r\n<\/tbody>\r\n<\/table>\r\n<\/figure>","protected":false},"excerpt":{"rendered":"<p>La v\u00e1lvula de compuerta de 3 pulgadas se distingue por el tama\u00f1o de la v\u00e1lvula de compuerta, la v\u00e1lvula de compuerta de 3 pulgadas con DN es decir DN80. \u2026 <a title=\"V\u00e1lvula de compuerta de 3 pulgadas\" class=\"read-more\" href=\"https:\/\/zecovalve.com\/es\/producto\/3-inch-gate-valve\" aria-label=\"M\u00e1s en V\u00e1lvula de compuerta de 3 pulgadas\">Leer m\u00e1s<\/a><\/p>","protected":false},"featured_media":27876,"comment_status":"closed","ping_status":"closed","template":"","meta":{"_generate-full-width-content":"","kt_blocks_editor_width":""},"product_cat":[2052,2458],"product_tag":[],"class_list":["post-16083","product","type-product","status-publish","has-post-thumbnail","hentry","product_cat-gate-valve","product_cat-gate-valve-by-inch","sales-flash-overlay","woocommerce-text-align-center","woocommerce-image-align-center","do-quantity-buttons"],"featured_image_src_large":["https:\/\/zecovalve.com\/wp-content\/uploads\/2022\/06\/3-Inch-Bronze-Gate-Valve.jpg",800,600,false],"author_info":[],"comment_info":0,"taxonomy_info":{"product_cat":[{"value":2052,"label":"Gate Valve"},{"value":2458,"label":"Gate Valve By Inch"}]},"yoast_head":"<!-- This site is optimized with the Yoast SEO Premium plugin v15.4 - https:\/\/yoast.com\/wordpress\/plugins\/seo\/ -->\n<title>Gate Valve 3 inch - 3 inch Gate Valve Manufacturer | ZECO Valve<\/title>\n<meta name=\"robots\" content=\"index, follow, max-snippet:-1, max-image-preview:large, max-video-preview:-1\" \/>\n<link rel=\"canonical\" href=\"https:\/\/zecovalve.com\/es\/producto\/3-inch-gate-valve\" \/>\n<meta property=\"og:locale\" content=\"es_ES\" \/>\n<meta property=\"og:type\" content=\"article\" \/>\n<meta property=\"og:title\" content=\"Gate Valve 3 inch - 3 inch Gate Valve Manufacturer | ZECO Valve\" \/>\n<meta property=\"og:description\" content=\"Gate valve 3 inch is distinguished by the size of the gate valve, 3 inch gate valve with DN to say DN80. ... Leer m\u00e1s\" \/>\n<meta property=\"og:url\" content=\"https:\/\/zecovalve.com\/es\/producto\/3-inch-gate-valve\" \/>\n<meta property=\"og:site_name\" content=\"ZECO Valve\" \/>\n<meta property=\"article:modified_time\" content=\"2023-06-07T14:08:05+00:00\" \/>\n<meta property=\"og:image\" content=\"https:\/\/zecovalve.com\/wp-content\/uploads\/2022\/06\/3-Inch-Bronze-Gate-Valve.jpg\" \/>\n\t<meta property=\"og:image:width\" content=\"800\" \/>\n\t<meta property=\"og:image:height\" content=\"600\" \/>\n<meta name=\"twitter:card\" content=\"summary_large_image\" \/>\n<meta name=\"twitter:label1\" content=\"Escrito por\">\n\t<meta name=\"twitter:data1\" content=\"Jerry\">\n\t<meta name=\"twitter:label2\" content=\"Tiempo de lectura\">\n\t<meta name=\"twitter:data2\" content=\"2 minutos\">\n<script type=\"application\/ld+json\" class=\"yoast-schema-graph\">{\"@context\":\"https:\/\/schema.org\",\"@graph\":[{\"@type\":\"WebSite\",\"@id\":\"https:\/\/zecovalve.com\/#website\",\"url\":\"https:\/\/zecovalve.com\/\",\"name\":\"ZECO Valve\",\"description\":\"Industrial Ball Valve, Gate Valve and Globe Valve Manufacturer\",\"potentialAction\":[{\"@type\":\"SearchAction\",\"target\":\"https:\/\/zecovalve.com\/?s={search_term_string}\",\"query-input\":\"required name=search_term_string\"}],\"inLanguage\":\"es\"},{\"@type\":\"ImageObject\",\"@id\":\"https:\/\/zecovalve.com\/product\/3-inch-gate-valve#primaryimage\",\"inLanguage\":\"es\",\"url\":\"https:\/\/zecovalve.com\/wp-content\/uploads\/2022\/06\/3-Inch-Bronze-Gate-Valve.jpg\",\"width\":800,\"height\":600,\"caption\":\"3 Inch Bronze Gate Valve\"},{\"@type\":\"WebPage\",\"@id\":\"https:\/\/zecovalve.com\/product\/3-inch-gate-valve#webpage\",\"url\":\"https:\/\/zecovalve.com\/product\/3-inch-gate-valve\",\"name\":\"Gate Valve 3 inch - 3 inch Gate Valve Manufacturer | ZECO Valve\",\"isPartOf\":{\"@id\":\"https:\/\/zecovalve.com\/#website\"},\"primaryImageOfPage\":{\"@id\":\"https:\/\/zecovalve.com\/product\/3-inch-gate-valve#primaryimage\"},\"datePublished\":\"2022-06-19T03:24:25+00:00\",\"dateModified\":\"2023-06-07T14:08:05+00:00\",\"breadcrumb\":{\"@id\":\"https:\/\/zecovalve.com\/product\/3-inch-gate-valve#breadcrumb\"},\"inLanguage\":\"es\",\"potentialAction\":[{\"@type\":\"ReadAction\",\"target\":[\"https:\/\/zecovalve.com\/product\/3-inch-gate-valve\"]}]},{\"@type\":\"BreadcrumbList\",\"@id\":\"https:\/\/zecovalve.com\/product\/3-inch-gate-valve#breadcrumb\",\"itemListElement\":[{\"@type\":\"ListItem\",\"position\":1,\"item\":{\"@type\":\"WebPage\",\"@id\":\"https:\/\/zecovalve.com\/\",\"url\":\"https:\/\/zecovalve.com\/\",\"name\":\"Home\"}},{\"@type\":\"ListItem\",\"position\":2,\"item\":{\"@type\":\"WebPage\",\"@id\":\"https:\/\/zecovalve.com\/product-category\",\"url\":\"https:\/\/zecovalve.com\/product-category\",\"name\":\"Industrial Valve Manufacturer | Water Valve Manufacturer\"}},{\"@type\":\"ListItem\",\"position\":3,\"item\":{\"@type\":\"WebPage\",\"@id\":\"https:\/\/zecovalve.com\/product\/3-inch-gate-valve\",\"url\":\"https:\/\/zecovalve.com\/product\/3-inch-gate-valve\",\"name\":\"3 inch Gate Valve\"}}]}]}<\/script>\n<!-- \/ Yoast SEO Premium plugin. -->","_links":{"self":[{"href":"https:\/\/zecovalve.com\/es\/wp-json\/wp\/v2\/product\/16083","targetHints":{"allow":["GET"]}}],"collection":[{"href":"https:\/\/zecovalve.com\/es\/wp-json\/wp\/v2\/product"}],"about":[{"href":"https:\/\/zecovalve.com\/es\/wp-json\/wp\/v2\/types\/product"}],"replies":[{"embeddable":true,"href":"https:\/\/zecovalve.com\/es\/wp-json\/wp\/v2\/comments?post=16083"}],"wp:featuredmedia":[{"embeddable":true,"href":"https:\/\/zecovalve.com\/es\/wp-json\/wp\/v2\/media\/27876"}],"wp:attachment":[{"href":"https:\/\/zecovalve.com\/es\/wp-json\/wp\/v2\/media?parent=16083"}],"wp:term":[{"taxonomy":"product_cat","embeddable":true,"href":"https:\/\/zecovalve.com\/es\/wp-json\/wp\/v2\/product_cat?post=16083"},{"taxonomy":"product_tag","embeddable":true,"href":"https:\/\/zecovalve.com\/es\/wp-json\/wp\/v2\/product_tag?post=16083"}],"curies":[{"name":"wp","href":"https:\/\/api.w.org\/{rel}","templated":true}]}}