{"id":16087,"date":"2022-06-19T03:36:22","date_gmt":"2022-06-19T03:36:22","guid":{"rendered":"https:\/\/zecovalve.com\/?post_type=product&#038;p=16087"},"modified":"2023-06-07T06:43:42","modified_gmt":"2023-06-07T06:43:42","slug":"floating-ball-valve","status":"publish","type":"product","link":"https:\/\/zecovalve.com\/es\/producto\/floating-ball-valve","title":{"rendered":"V\u00e1lvula de bola flotante"},"content":{"rendered":"<p>En el mundo de la valvuler\u00eda, las v\u00e1lvulas de bola son conocidas por su dise\u00f1o compacto y duradero y por su control de encendido\/apagado fiable y r\u00e1pido. Las v\u00e1lvulas de bola utilizan una bola con un orificio (conocido como puerto) perforado en el centro para controlar el caudal del fluido. La bola se gira 90 grados para alinear el orificio con el cuerpo de la v\u00e1lvula y permitir que el fluido pase a trav\u00e9s de ella. Para cerrar la v\u00e1lvula, la bola se gira 90 grados hasta la posici\u00f3n de cierre. Todas las v\u00e1lvulas de bola se basan en el uso de dos asientos, normalmente de politetrafluoroetileno (PTFE), para mantener la bola en su lugar y crear un sello herm\u00e9tico para evitar que el fluido se filtre a trav\u00e9s de la v\u00e1lvula.<\/p>\r\n\r\n\r\n\r\n<div class=\"wp-block-columns is-layout-flex wp-container-core-columns-is-layout-9d6595d7 wp-block-columns-is-layout-flex\">\r\n<div class=\"wp-block-column is-layout-flow wp-block-column-is-layout-flow\">\r\n<figure class=\"wp-block-image size-large\"><img decoding=\"async\" src=\"https:\/\/zecovalve.com\/wp-content\/uploads\/2022\/06\/floating-ball-valve-1_1636964328-300x225.jpg\" alt=\"\" \/><\/figure>\r\n<\/div>\r\n\r\n\r\n\r\n<div class=\"wp-block-column is-layout-flow wp-block-column-is-layout-flow\">\r\n<figure class=\"wp-block-image size-large\"><img decoding=\"async\" src=\"https:\/\/zecovalve.com\/wp-content\/uploads\/2022\/06\/floating-ball-valve-2-300x225.jpg\" alt=\"\" \/><\/figure>\r\n<\/div>\r\n\r\n\r\n\r\n<div class=\"wp-block-column is-layout-flow wp-block-column-is-layout-flow\">\r\n<figure class=\"wp-block-image size-large\"><img decoding=\"async\" src=\"https:\/\/zecovalve.com\/wp-content\/uploads\/2022\/06\/floating-ball-valve-3-300x225.jpg\" alt=\"\" \/><\/figure>\r\n<\/div>\r\n<\/div>\r\n\r\n\r\n\r\n<div class=\"wp-block-columns is-layout-flex wp-container-core-columns-is-layout-9d6595d7 wp-block-columns-is-layout-flex\">\r\n<div class=\"wp-block-column is-layout-flow wp-block-column-is-layout-flow\"><div class=\"wp-block-image\">\r\n<figure class=\"aligncenter size-full is-resized\"><img loading=\"lazy\" decoding=\"async\" class=\"wp-image-16091\" src=\"https:\/\/zecovalve.com\/wp-content\/uploads\/2022\/06\/floating-ball-valve-4.jpg\" alt=\"\" width=\"400\" height=\"300\" srcset=\"https:\/\/zecovalve.com\/wp-content\/uploads\/2022\/06\/floating-ball-valve-4.jpg 800w, https:\/\/zecovalve.com\/wp-content\/uploads\/2022\/06\/floating-ball-valve-4-300x225.jpg 300w, https:\/\/zecovalve.com\/wp-content\/uploads\/2022\/06\/floating-ball-valve-4-768x576.jpg 768w, https:\/\/zecovalve.com\/wp-content\/uploads\/2022\/06\/floating-ball-valve-4-600x450.jpg 600w\" sizes=\"auto, (max-width: 400px) 100vw, 400px\" \/><\/figure>\r\n<\/div><\/div>\r\n\r\n\r\n\r\n<div class=\"wp-block-column is-layout-flow wp-block-column-is-layout-flow\"><div class=\"wp-block-image\">\r\n<figure class=\"aligncenter size-full is-resized\"><img loading=\"lazy\" decoding=\"async\" class=\"wp-image-16092\" src=\"https:\/\/zecovalve.com\/wp-content\/uploads\/2022\/06\/floating-ball-valve-5.jpg\" alt=\"\" width=\"400\" height=\"300\" srcset=\"https:\/\/zecovalve.com\/wp-content\/uploads\/2022\/06\/floating-ball-valve-5.jpg 800w, https:\/\/zecovalve.com\/wp-content\/uploads\/2022\/06\/floating-ball-valve-5-300x225.jpg 300w, https:\/\/zecovalve.com\/wp-content\/uploads\/2022\/06\/floating-ball-valve-5-768x576.jpg 768w, https:\/\/zecovalve.com\/wp-content\/uploads\/2022\/06\/floating-ball-valve-5-600x450.jpg 600w\" sizes=\"auto, (max-width: 400px) 100vw, 400px\" \/><\/figure>\r\n<\/div><\/div>\r\n<\/div>\r\n\r\n\r\n<div class=\"gb-button-wrapper gb-button-wrapper-6d8495a3\">\r\n\r\n\r\n<p><a class=\"gb-button gb-button-3d442e11 gb-button-text\" href=\"mailto:commercial@zecovalve.com\" target=\"_blank\" rel=\"noopener noreferrer\"><strong>OBTENER PRECIO DE V\u00c1LVULA DE BOLA FLOTANTE<\/strong><\/a><\/p>\r\n<\/div>\r\n\r\n\r\n\r\n\r\n<h2 class=\"wp-block-heading\" id=\"h-what-is-a-floating-ball-valve\">\u00bfQu\u00e9 es una v\u00e1lvula de bola flotante?<\/h2>\r\n\r\n\r\n\r\n<p>Las v\u00e1lvulas de bola flotantes y de mu\u00f1\u00f3n son dos tipos b\u00e1sicos de dise\u00f1o.<\/p>\r\n\r\n\r\n\r\n<p>Las v\u00e1lvulas de bola flotante son el tipo de v\u00e1lvula m\u00e1s utilizado en los sistemas de tuber\u00edas industriales. Estas v\u00e1lvulas est\u00e1n dise\u00f1adas para que, cuando los asientos empiecen a desgastarse, la presi\u00f3n del fluido que circula por la v\u00e1lvula fuerce la bola contra el asiento situado aguas abajo para mantener un cierre herm\u00e9tico.<\/p>\r\n\r\n\r\n\r\n<p>La v\u00e1lvula de bola flotante ZECO tiene dos asientos que soportan la bola. Bajo presi\u00f3n media, la bola puede presionarse firmemente contra la superficie de sellado para sellar en el extremo de salida.<\/p>\r\n\r\n\r\n\r\n<div class=\"wp-block-columns is-layout-flex wp-container-core-columns-is-layout-9d6595d7 wp-block-columns-is-layout-flex\">\r\n<div class=\"wp-block-column is-vertically-aligned-center is-layout-flow wp-block-column-is-layout-flow\">\r\n<p class=\"has-text-align-left\">En las v\u00e1lvulas de bola flotante, la bola es empujada contra el asiento aguas abajo por la presi\u00f3n en l\u00ednea, lo que produce estanqueidad.<\/p>\r\n\r\n\r\n<div class=\"wp-block-image\">\r\n<figure class=\"aligncenter size-full is-resized\"><img loading=\"lazy\" decoding=\"async\" class=\"wp-image-18011\" src=\"https:\/\/zecovalve.com\/wp-content\/uploads\/2022\/07\/Floating-Ball-Valve.png\" alt=\"\" width=\"727\" height=\"350\" srcset=\"https:\/\/zecovalve.com\/wp-content\/uploads\/2022\/07\/Floating-Ball-Valve.png 800w, https:\/\/zecovalve.com\/wp-content\/uploads\/2022\/07\/Floating-Ball-Valve-300x144.png 300w, https:\/\/zecovalve.com\/wp-content\/uploads\/2022\/07\/Floating-Ball-Valve-768x370.png 768w, https:\/\/zecovalve.com\/wp-content\/uploads\/2022\/07\/Floating-Ball-Valve-600x289.png 600w\" sizes=\"auto, (max-width: 727px) 100vw, 727px\" \/><\/figure>\r\n<\/div><\/div>\r\n\r\n\r\n\r\n<div class=\"wp-block-column is-vertically-aligned-center is-layout-flow wp-block-column-is-layout-flow\">\r\n<p>En las v\u00e1lvulas de bola de mu\u00f1\u00f3n, la bola se fija mediante cojinetes que le impiden flotar aguas abajo. Un mecanismo de asiento accionado por resorte garantiza la estanqueidad de la v\u00e1lvula cuando el asiento empieza a desgastarse.<\/p>\r\n\r\n\r\n<div class=\"wp-block-image\">\r\n<figure class=\"aligncenter size-large is-resized\"><img loading=\"lazy\" decoding=\"async\" src=\"https:\/\/zecovalve.com\/wp-content\/uploads\/2022\/07\/Trunnion-Ball-Valve-1024x700.png\" alt=\"\" width=\"512\" height=\"350\" \/><\/figure>\r\n<\/div><\/div>\r\n<\/div>\r\n\r\n\r\n\r\n<h2 class=\"wp-block-heading\" id=\"h-how-does-a-floating-ball-valve-work\">\u00bfC\u00f3mo funciona una v\u00e1lvula de bola flotante?<\/h2>\r\n\r\n\r\n\r\n<p>El eje de la v\u00e1lvula de bola flotante est\u00e1 conectado en la parte superior de la bola y permite pasar de una posici\u00f3n abierta a una cerrada con un movimiento de un cuarto de vuelta (90 grados). Cuando se mueve el eje, se aplica una carga a la bola que queda presionada contra sus asientos.<\/p>\r\n\r\n\r\n\r\n<p>Al pasar de la posici\u00f3n cerrada a la posici\u00f3n abierta, la bola debe girar contra la presi\u00f3n en l\u00ednea (\u2206p) y la fricci\u00f3n de los asientos. En otras palabras: el par necesario para accionar la v\u00e1lvula se crea tanto por la presi\u00f3n en l\u00ednea como por la naturaleza de los asientos de la v\u00e1lvula. La cantidad de par necesaria aumenta significativamente cuando la presi\u00f3n de funcionamiento (\u2206p) y\/o el tama\u00f1o de la v\u00e1lvula aumentan, y\/o siempre que la naturaleza del asiento se hace m\u00e1s robusta. Esto \u00faltimo se aplica en el caso de un dise\u00f1o de v\u00e1lvula con asiento met\u00e1lico.<\/p>\r\n\r\n\r\n\r\n<p>Este dise\u00f1o, ligero y econ\u00f3mico, se adapta a di\u00e1metros interiores de hasta 10 pulgadas: por encima de este tama\u00f1o, los asientos de la v\u00e1lvula no soportar\u00edan bolas cada vez m\u00e1s pesadas y la v\u00e1lvula no funcionar\u00eda con seguridad y eficacia.<\/p>\r\n\r\n\r\n\r\n<h2 class=\"wp-block-heading\">Normas para v\u00e1lvulas de bola flotantes<\/h2>\r\n\r\n\r\n\r\n<figure class=\"wp-block-table\">\r\n<table>\r\n<tbody>\r\n<tr>\r\n<td><strong>Dise\u00f1o<\/strong><\/td>\r\n<td>API 6D, API 6DSS, ASME B16.34, ISO 14313, ISO 17292<\/td>\r\n<\/tr>\r\n<tr>\r\n<td><strong>Presi\u00f3n de dise\u00f1o<\/strong><\/td>\r\n<td>ASME B16.34, EN 1092-1, ISO 17292<\/td>\r\n<\/tr>\r\n<tr>\r\n<td><strong>Espesor de la pared del cuerpo<\/strong><\/td>\r\n<td>ASME B16.34, ASME VIII Div. I, ISO 17292<\/td>\r\n<\/tr>\r\n<tr>\r\n<td><strong>Cara a cara<\/strong><\/td>\r\n<td>API 6D, ASME B16.10 Patr\u00f3n largo<\/td>\r\n<\/tr>\r\n<tr>\r\n<td><strong>Temperatura<\/strong><\/td>\r\n<td>-50\u00b0 a 200\u00b0C (-58\u00b0 a 392\u00b0F)<\/td>\r\n<\/tr>\r\n<tr>\r\n<td><strong>Gama de presiones<\/strong><\/td>\r\n<td>PN10 (ANSI 150) a PN420 (ANSI 2500)<\/td>\r\n<\/tr>\r\n<tr>\r\n<td><strong>Tama\u00f1os<\/strong><\/td>\r\n<td>DN15 (1\/2\u2033) a DN250 (10\u2033)<\/td>\r\n<\/tr>\r\n<tr>\r\n<td><strong>Conexiones finales<\/strong><\/td>\r\n<td>ASME B16.5 Bridas RF, FF, RTJ<br \/>ASME B16.25 Soldadura a tope BW<br \/>ASME B16.11 SW para soldadura por encastre<br \/>ASME B36.10 Extremo liso PE<br \/>ASME B1.20.1 NPT roscado (F\/M)<\/td>\r\n<\/tr>\r\n<\/tbody>\r\n<\/table>\r\n<\/figure>\r\n\r\n\r\n\r\n<h2 class=\"wp-block-heading\" id=\"h-advantages-of-floating-ball-valves\">Ventajas de las v\u00e1lvulas de bola flotantes<\/h2>\r\n\r\n\r\n\r\n<ul class=\"wp-block-list\">\r\n<li>La v\u00e1lvula de bola flotante ZECO tiene la funci\u00f3n de indicar un interruptor. La bola, el v\u00e1stago y la maneta son las partes m\u00f3viles de la v\u00e1lvula de bola flotante. ZECO dise\u00f1o cambia la parte superior del v\u00e1stago en una estructura cuadrada plana, Esto proporciona una clara indicaci\u00f3n de la v\u00e1lvula en la posici\u00f3n abierta durante el servicio cuando el mango es paralelo a la l\u00ednea; Cuando el mango es perpendicular a la l\u00ednea, indica que la v\u00e1lvula est\u00e1 cerrada;<\/li>\r\n<li>La v\u00e1lvula de bola flotante ZECO est\u00e1 equipada con un dispositivo de bloqueo. ZECO a\u00f1ade dos tornillos de l\u00edmite en el prensaestopas y coordina la leng\u00fceta de localizaci\u00f3n del interruptor con un orificio de bloqueo para asegurar el da\u00f1o a la v\u00e1lvula causado por la apertura excesiva, Por otra parte, se garantiza que la v\u00e1lvula se puede bloquear en el estado completamente abierto o completamente cerrado y no puede ser operado por otro personal err\u00f3neamente;<\/li>\r\n<li>ZECO v\u00e1lvula de bola flotante con el v\u00e1stago de la v\u00e1lvula soplar estructura a prueba, con el fin de evitar el mantenimiento de la v\u00e1lvula, la presi\u00f3n del medio para detener el da\u00f1o al personal de mantenimiento, ZECO establecer una plataforma convexa en la parte inferior de la estructura del v\u00e1stago, por un lado, para asegurar que el v\u00e1stago no estar\u00e1 fuera del cuerpo, por otro lado, garantizar incluso da\u00f1os de embalaje, el v\u00e1stago de la v\u00e1lvula convexa conjuntos y estrecho contacto entre el cuerpo y no dar\u00e1 lugar a un medio-gran fuga;<\/li>\r\n<li>ZECO v\u00e1lvula de bola flotante est\u00e1 equipado con el dispositivo anti-est\u00e1tica, la fricci\u00f3n entre la bola, PTFE, y otros materiales no met\u00e1licos generar\u00e1 acumulaci\u00f3n electrost\u00e1tica en la bola, sin prevenir el peligro de chispa electrost\u00e1tica causada por la condici\u00f3n de trabajo, ZECO establecer un dispositivo anti-est\u00e1tica en el v\u00e1stago de la v\u00e1lvula, que puede exportar la electricidad est\u00e1tica a trav\u00e9s del v\u00e1stago de la v\u00e1lvula.<\/li>\r\n<\/ul>\r\n\r\n\r\n\r\n<h2 class=\"wp-block-heading\">Desventajas de las v\u00e1lvulas de bola flotantes<\/h2>\r\n\r\n\r\n\r\n<ul class=\"wp-block-list\">\r\n<li>Confianza total en los asientos descendentes cuando se transporta una carga media.<\/li>\r\n<li>Dif\u00edcil de operar cuando la presi\u00f3n aguas arriba es alta.<\/li>\r\n<li>Los asientos absorben directamente la gravedad del bal\u00f3n, por lo que no son capaces de soportar de forma fiable presiones m\u00e1s altas o balones m\u00e1s grandes.<\/li>\r\n<\/ul>\r\n\r\n\r\n\r\n<h2 class=\"wp-block-heading\" id=\"h-applications-of-floating-ball-valve\">Aplicaciones de la v\u00e1lvula de bola flotante<\/h2>\r\n\r\n\r\n\r\n<ul class=\"wp-block-list\">\r\n<li>Sistemas de cierre de emergencia: los sistemas de tuber\u00edas, como los de combustibles, agua o gases cr\u00edticos, suelen requerir una v\u00e1lvula de cierre de respuesta r\u00e1pida en caso de emergencia. Dado que este tipo de v\u00e1lvula de bola no est\u00e1 montada, funciona r\u00e1pidamente y, por lo tanto, es adecuada para cierres de emergencia SIL 3.<\/li>\r\n<li>Sistemas de agua: los sistemas de distribuci\u00f3n de agua requieren que la presi\u00f3n se mantenga en niveles \u00f3ptimos para mantener el caudal y evitar que las bolsas de aire restrinjan el flujo de agua. Tambi\u00e9n es necesario controlar el caudal de agua para evitar desbordamientos. Una v\u00e1lvula de bola flotante ser\u00eda una buena elecci\u00f3n para el control del sistema de agua, ya que es sensible a la presi\u00f3n y puede abrirse y cerrarse seg\u00fan sea necesario en funci\u00f3n de las condiciones de presi\u00f3n.<\/li>\r\n<li>Alivio de la presi\u00f3n de las tuber\u00edas: la gesti\u00f3n de la presi\u00f3n de las tuber\u00edas es esencial para evitar reventones y percances similares. Se puede a\u00f1adir una v\u00e1lvula de bola flotante en una tuber\u00eda como v\u00e1lvula de salida de presi\u00f3n, ya que asume la presi\u00f3n permaneciendo intacta, a diferencia de una v\u00e1lvula de bola montada que a veces podr\u00eda reventar.<\/li>\r\n<\/ul>\r\n\r\n\r\n\r\n<h2 class=\"wp-block-heading\" id=\"h-material-of-floating-ball-valve\">Material de la v\u00e1lvula de bola flotante:<\/h2>\r\n\r\n\r\n\r\n<figure class=\"wp-block-table is-style-stripes\">\r\n<table>\r\n<tbody>\r\n<tr>\r\n<td>No<\/td>\r\n<td>Pieza<\/td>\r\n<td>Material<\/td>\r\n<\/tr>\r\n<tr>\r\n<td>1<\/td>\r\n<td>Cuerpo<\/td>\r\n<td>ASTM A216 WCB<\/td>\r\n<\/tr>\r\n<tr>\r\n<td>2<\/td>\r\n<td>Cap\u00f3<\/td>\r\n<td>ASTM A216 WCB<\/td>\r\n<\/tr>\r\n<tr>\r\n<td>3<\/td>\r\n<td>Bola<\/td>\r\n<td>ASTM A105<\/td>\r\n<\/tr>\r\n<tr>\r\n<td>4<\/td>\r\n<td>Asiento<\/td>\r\n<td>ASTM A105 + PTFE<\/td>\r\n<\/tr>\r\n<tr>\r\n<td>5<\/td>\r\n<td>V\u00e1stago<\/td>\r\n<td>ASTM A182 F6a<\/td>\r\n<\/tr>\r\n<tr>\r\n<td>6<\/td>\r\n<td>Dispositivo antiest\u00e1tico<\/td>\r\n<td>SS304<\/td>\r\n<\/tr>\r\n<tr>\r\n<td>7<\/td>\r\n<td>Junta<\/td>\r\n<td>Grafito + SS304<\/td>\r\n<\/tr>\r\n<tr>\r\n<td>8<\/td>\r\n<td>Perno<\/td>\r\n<td>ASTM A193 B7<\/td>\r\n<\/tr>\r\n<tr>\r\n<td>9<\/td>\r\n<td>Tuerca<\/td>\r\n<td>ASTM A194 2H<\/td>\r\n<\/tr>\r\n<tr>\r\n<td>10<\/td>\r\n<td>Junta t\u00f3rica<\/td>\r\n<td>Vit\u00f3n A<\/td>\r\n<\/tr>\r\n<tr>\r\n<td>11<\/td>\r\n<td>Palanca<\/td>\r\n<td>ASTM A216 WCB<\/td>\r\n<\/tr>\r\n<\/tbody>\r\n<\/table>\r\n<\/figure>","protected":false},"excerpt":{"rendered":"<p>En el mundo de las v\u00e1lvulas, las v\u00e1lvulas de bola son conocidas por su dise\u00f1o compacto y duradero y su control de encendido\/apagado confiable y de acci\u00f3n r\u00e1pida. Las v\u00e1lvulas de bola utilizan... <a title=\"V\u00e1lvula de bola flotante\" class=\"read-more\" href=\"https:\/\/zecovalve.com\/es\/producto\/floating-ball-valve\" aria-label=\"M\u00e1s en V\u00e1lvula de bola flotante\">Leer m\u00e1s<\/a><\/p>","protected":false},"featured_media":27849,"comment_status":"closed","ping_status":"closed","template":"","meta":{"_generate-full-width-content":"","kt_blocks_editor_width":""},"product_cat":[2047,2459],"product_tag":[2655,2804,2656,3920],"class_list":["post-16087","product","type-product","status-publish","has-post-thumbnail","hentry","product_cat-ball-valve","product_cat-ball-valve-by-form","product_tag-1-2-ball-valve","product_tag-2-inch-ball-valve","product_tag-3-4-ball-valve","product_tag-api-6d-ball-valve","sales-flash-overlay","woocommerce-text-align-center","woocommerce-image-align-center","do-quantity-buttons"],"featured_image_src_large":["https:\/\/zecovalve.com\/wp-content\/uploads\/2022\/06\/Floating-Ball-Valve.jpg",800,600,false],"author_info":[],"comment_info":0,"taxonomy_info":{"product_cat":[{"value":2047,"label":"Ball Valve"},{"value":2459,"label":"Ball Valve By Form"}],"product_tag":[{"value":2655,"label":"1 2 ball valve"},{"value":2804,"label":"2 inch Ball Valve"},{"value":2656,"label":"3 4 ball valve"},{"value":3920,"label":"API 6D Ball Valve"}]},"yoast_head":"<!-- This site is optimized with the Yoast SEO Premium plugin v15.4 - https:\/\/yoast.com\/wordpress\/plugins\/seo\/ -->\n<title>Floating Ball Valve - Competitive Ball Valve Price | Ball Valve Supplier | ZECO<\/title>\n<meta name=\"robots\" content=\"index, follow, max-snippet:-1, max-image-preview:large, max-video-preview:-1\" \/>\n<link rel=\"canonical\" href=\"https:\/\/zecovalve.com\/es\/producto\/floating-ball-valve\" \/>\n<meta property=\"og:locale\" content=\"es_ES\" \/>\n<meta property=\"og:type\" content=\"article\" \/>\n<meta property=\"og:title\" content=\"Floating Ball Valve - Competitive Ball Valve Price | Ball Valve Supplier | ZECO\" \/>\n<meta property=\"og:description\" content=\"In the world of valves, ball valves are known for their compact, durable design and reliable, fast-acting on\/off control. Ball valves utilize ... Leer m\u00e1s\" \/>\n<meta property=\"og:url\" content=\"https:\/\/zecovalve.com\/es\/producto\/floating-ball-valve\" \/>\n<meta property=\"og:site_name\" content=\"ZECO Valve\" \/>\n<meta property=\"article:modified_time\" content=\"2023-06-07T06:43:42+00:00\" \/>\n<meta property=\"og:image\" content=\"https:\/\/zecovalve.com\/wp-content\/uploads\/2022\/06\/Floating-Ball-Valve.jpg\" \/>\n\t<meta property=\"og:image:width\" content=\"800\" \/>\n\t<meta property=\"og:image:height\" content=\"600\" \/>\n<meta name=\"twitter:card\" content=\"summary_large_image\" \/>\n<meta name=\"twitter:label1\" content=\"Escrito por\">\n\t<meta name=\"twitter:data1\" content=\"Jerry\">\n\t<meta name=\"twitter:label2\" content=\"Tiempo de lectura\">\n\t<meta name=\"twitter:data2\" content=\"4 minutos\">\n<script type=\"application\/ld+json\" class=\"yoast-schema-graph\">{\"@context\":\"https:\/\/schema.org\",\"@graph\":[{\"@type\":\"WebSite\",\"@id\":\"https:\/\/zecovalve.com\/#website\",\"url\":\"https:\/\/zecovalve.com\/\",\"name\":\"ZECO Valve\",\"description\":\"Industrial Ball Valve, Gate Valve and Globe Valve Manufacturer\",\"potentialAction\":[{\"@type\":\"SearchAction\",\"target\":\"https:\/\/zecovalve.com\/?s={search_term_string}\",\"query-input\":\"required name=search_term_string\"}],\"inLanguage\":\"es\"},{\"@type\":\"ImageObject\",\"@id\":\"https:\/\/zecovalve.com\/product\/floating-ball-valve#primaryimage\",\"inLanguage\":\"es\",\"url\":\"https:\/\/zecovalve.com\/wp-content\/uploads\/2022\/06\/Floating-Ball-Valve.jpg\",\"width\":800,\"height\":600,\"caption\":\"Floating Ball Valve\"},{\"@type\":\"WebPage\",\"@id\":\"https:\/\/zecovalve.com\/product\/floating-ball-valve#webpage\",\"url\":\"https:\/\/zecovalve.com\/product\/floating-ball-valve\",\"name\":\"Floating Ball Valve - Competitive Ball Valve Price | Ball Valve Supplier | ZECO\",\"isPartOf\":{\"@id\":\"https:\/\/zecovalve.com\/#website\"},\"primaryImageOfPage\":{\"@id\":\"https:\/\/zecovalve.com\/product\/floating-ball-valve#primaryimage\"},\"datePublished\":\"2022-06-19T03:36:22+00:00\",\"dateModified\":\"2023-06-07T06:43:42+00:00\",\"breadcrumb\":{\"@id\":\"https:\/\/zecovalve.com\/product\/floating-ball-valve#breadcrumb\"},\"inLanguage\":\"es\",\"potentialAction\":[{\"@type\":\"ReadAction\",\"target\":[\"https:\/\/zecovalve.com\/product\/floating-ball-valve\"]}]},{\"@type\":\"BreadcrumbList\",\"@id\":\"https:\/\/zecovalve.com\/product\/floating-ball-valve#breadcrumb\",\"itemListElement\":[{\"@type\":\"ListItem\",\"position\":1,\"item\":{\"@type\":\"WebPage\",\"@id\":\"https:\/\/zecovalve.com\/\",\"url\":\"https:\/\/zecovalve.com\/\",\"name\":\"Home\"}},{\"@type\":\"ListItem\",\"position\":2,\"item\":{\"@type\":\"WebPage\",\"@id\":\"https:\/\/zecovalve.com\/product-category\",\"url\":\"https:\/\/zecovalve.com\/product-category\",\"name\":\"Industrial Valve Manufacturer | Water Valve Manufacturer\"}},{\"@type\":\"ListItem\",\"position\":3,\"item\":{\"@type\":\"WebPage\",\"@id\":\"https:\/\/zecovalve.com\/product\/floating-ball-valve\",\"url\":\"https:\/\/zecovalve.com\/product\/floating-ball-valve\",\"name\":\"Floating Ball Valve\"}}]}]}<\/script>\n<!-- \/ Yoast SEO Premium plugin. -->","_links":{"self":[{"href":"https:\/\/zecovalve.com\/es\/wp-json\/wp\/v2\/product\/16087","targetHints":{"allow":["GET"]}}],"collection":[{"href":"https:\/\/zecovalve.com\/es\/wp-json\/wp\/v2\/product"}],"about":[{"href":"https:\/\/zecovalve.com\/es\/wp-json\/wp\/v2\/types\/product"}],"replies":[{"embeddable":true,"href":"https:\/\/zecovalve.com\/es\/wp-json\/wp\/v2\/comments?post=16087"}],"wp:featuredmedia":[{"embeddable":true,"href":"https:\/\/zecovalve.com\/es\/wp-json\/wp\/v2\/media\/27849"}],"wp:attachment":[{"href":"https:\/\/zecovalve.com\/es\/wp-json\/wp\/v2\/media?parent=16087"}],"wp:term":[{"taxonomy":"product_cat","embeddable":true,"href":"https:\/\/zecovalve.com\/es\/wp-json\/wp\/v2\/product_cat?post=16087"},{"taxonomy":"product_tag","embeddable":true,"href":"https:\/\/zecovalve.com\/es\/wp-json\/wp\/v2\/product_tag?post=16087"}],"curies":[{"name":"wp","href":"https:\/\/api.w.org\/{rel}","templated":true}]}}