{"id":16093,"date":"2022-06-19T03:39:21","date_gmt":"2022-06-19T03:39:21","guid":{"rendered":"https:\/\/zecovalve.com\/?post_type=product&#038;p=16093"},"modified":"2023-06-15T12:37:34","modified_gmt":"2023-06-15T12:37:34","slug":"wedge-gate-valve","status":"publish","type":"product","link":"https:\/\/zecovalve.com\/es\/producto\/wedge-gate-valve","title":{"rendered":"V\u00e1lvula de compuerta de cu\u00f1a"},"content":{"rendered":"<p>La v\u00e1lvula de compuerta de cu\u00f1a es una v\u00e1lvula de servicio general multivuelta de movimiento lineal.<\/p>\r\n\r\n\r\n\r\n<div class=\"wp-block-columns is-layout-flex wp-container-core-columns-is-layout-9d6595d7 wp-block-columns-is-layout-flex\">\r\n<div class=\"wp-block-column is-layout-flow wp-block-column-is-layout-flow\">\r\n<figure class=\"wp-block-image size-large\"><img decoding=\"async\" src=\"https:\/\/zecovalve.com\/wp-content\/uploads\/2022\/06\/wedge-gate-valve-1-300x225.jpg\" alt=\"\" \/><\/figure>\r\n<\/div>\r\n\r\n\r\n\r\n<div class=\"wp-block-column is-layout-flow wp-block-column-is-layout-flow\">\r\n<figure class=\"wp-block-image size-large\"><img decoding=\"async\" src=\"https:\/\/zecovalve.com\/wp-content\/uploads\/2022\/06\/wedge-gate-valve-2-300x225.jpg\" alt=\"\" \/><\/figure>\r\n<\/div>\r\n\r\n\r\n\r\n<div class=\"wp-block-column is-layout-flow wp-block-column-is-layout-flow\">\r\n<figure class=\"wp-block-image size-large\"><img decoding=\"async\" src=\"https:\/\/zecovalve.com\/wp-content\/uploads\/2022\/06\/wedge-gate-valve-3-300x225.jpg\" alt=\"\" \/><\/figure>\r\n<\/div>\r\n<\/div>\r\n\r\n\r\n\r\n<div class=\"wp-block-columns is-layout-flex wp-container-core-columns-is-layout-9d6595d7 wp-block-columns-is-layout-flex\">\r\n<div class=\"wp-block-column is-layout-flow wp-block-column-is-layout-flow\">\r\n<figure class=\"wp-block-image size-full is-resized\"><img loading=\"lazy\" decoding=\"async\" class=\"wp-image-16097\" src=\"https:\/\/zecovalve.com\/wp-content\/uploads\/2022\/06\/wedge-gate-valve-4.jpg\" alt=\"\" width=\"400\" height=\"300\" srcset=\"https:\/\/zecovalve.com\/wp-content\/uploads\/2022\/06\/wedge-gate-valve-4.jpg 800w, https:\/\/zecovalve.com\/wp-content\/uploads\/2022\/06\/wedge-gate-valve-4-300x225.jpg 300w, https:\/\/zecovalve.com\/wp-content\/uploads\/2022\/06\/wedge-gate-valve-4-768x576.jpg 768w, https:\/\/zecovalve.com\/wp-content\/uploads\/2022\/06\/wedge-gate-valve-4-600x450.jpg 600w\" sizes=\"auto, (max-width: 400px) 100vw, 400px\" \/><\/figure>\r\n<\/div>\r\n\r\n\r\n\r\n<div class=\"wp-block-column is-layout-flow wp-block-column-is-layout-flow\">\r\n<figure class=\"wp-block-image size-full is-resized\"><img loading=\"lazy\" decoding=\"async\" class=\"wp-image-16098\" src=\"https:\/\/zecovalve.com\/wp-content\/uploads\/2022\/06\/wedge-gate-valve-5_1636963499.jpg\" alt=\"\" width=\"400\" height=\"300\" srcset=\"https:\/\/zecovalve.com\/wp-content\/uploads\/2022\/06\/wedge-gate-valve-5_1636963499.jpg 800w, https:\/\/zecovalve.com\/wp-content\/uploads\/2022\/06\/wedge-gate-valve-5_1636963499-300x225.jpg 300w, https:\/\/zecovalve.com\/wp-content\/uploads\/2022\/06\/wedge-gate-valve-5_1636963499-768x576.jpg 768w, https:\/\/zecovalve.com\/wp-content\/uploads\/2022\/06\/wedge-gate-valve-5_1636963499-600x450.jpg 600w\" sizes=\"auto, (max-width: 400px) 100vw, 400px\" \/><\/figure>\r\n<\/div>\r\n<\/div>\r\n\r\n\r\n<div class=\"gb-button-wrapper gb-button-wrapper-6d8495a3\">\r\n\r\n\r\n<p><a class=\"gb-button gb-button-3d442e11 gb-button-text\" href=\"mailto:commercial@zecovalve.com\" target=\"_blank\" rel=\"noopener noreferrer\"><strong>OBTENER PRECIO DE V\u00c1LVULA DE COMPUERTA DE CU\u00d1A<\/strong><\/a><\/p>\r\n<\/div>\r\n\r\n\r\n\r\n\r\n<h2 class=\"wp-block-heading\">V\u00e1lvula de compuerta Tipos seg\u00fan el tipo de elemento de cierre<\/h2>\r\n\r\n\r\n\r\n<ul class=\"wp-block-list\">\r\n<li>V\u00e1lvula de compuerta de disco paralelo<\/li>\r\n<li>V\u00e1lvula de compuerta de cu\u00f1a<\/li>\r\n<\/ul>\r\n\r\n\r\n\r\n<h2 class=\"wp-block-heading\" id=\"h-what-is-a-wedge-gate-valve\">\u00bfQu\u00e9 es una v\u00e1lvula de compuerta de cu\u00f1a?<\/h2>\r\n\r\n\r\n\r\n<p>La v\u00e1lvula de compuerta de cu\u00f1a ZECO es uno de los tipos de v\u00e1lvula de compuerta. V\u00e1lvulas de compuerta de cu\u00f1a se llaman as\u00ed porque las dos superficies de sellado se asemejan a cu\u00f1as en el cuerpo. En general, la superficie de sellado de dos v\u00e1lvulas de compuerta de cu\u00f1a y el \u00e1ngulo de la l\u00ednea central vertical de 2 \u00b0 52 ', 3 '30 \u00b0, 5 \u00b0, 8 \u00b0, y as\u00ed sucesivamente. Las v\u00e1lvulas de compuerta de cu\u00f1a se pueden dividir en la v\u00e1lvula de compuerta de v\u00e1stago ascendente y la v\u00e1lvula de compuerta de v\u00e1stago no ascendente de acuerdo con la estructura del v\u00e1stago, y la v\u00e1lvula de compuerta de cu\u00f1a y la v\u00e1lvula de compuerta de doble disco de acuerdo con la estructura de la compuerta. ZECO es un fabricante profesional de v\u00e1lvulas de compuerta en China, con casi 30 a\u00f1os de experiencia e historia en la producci\u00f3n de v\u00e1lvulas de compuerta.<\/p>\r\n\r\n\r\n\r\n<h2 class=\"wp-block-heading\">Tipos de v\u00e1lvulas de compuerta de cu\u00f1a<\/h2>\r\n\r\n\r\n\r\n<h3 class=\"wp-block-heading\">V\u00e1lvula de compuerta de cu\u00f1a maciza<\/h3>\r\n\r\n\r\n\r\n<p>a v\u00e1lvula de compuerta de cu\u00f1a simple o maciza es el tipo m\u00e1s utilizado y de menor coste en la industria de procesos para servicios de petr\u00f3leo, gas y aire. El prop\u00f3sito de la forma de cu\u00f1a es introducir una elevada carga de asiento suplementaria. La v\u00e1lvula de compuerta de cu\u00f1a s\u00f3lida puede instalarse en cualquier posici\u00f3n, es adecuada para casi todos los fluidos y pr\u00e1ctica para servicios de flujo turbulento.<\/p>\r\n\r\n\r\n\r\n<p>En algunas situaciones, la v\u00e1lvula no puede volver a abrirse hasta que la temperatura del sistema la recalienta; este fen\u00f3meno se conoce como \"cegamiento t\u00e9rmico\". Las v\u00e1lvulas de compuerta de cu\u00f1a se pueden describir como de tornillo interior o tornillo exterior. En la industria del agua, las v\u00e1lvulas de compuerta de cu\u00f1a maciza son populares como v\u00e1lvulas de esclusa.<\/p>\r\n\r\n\r\n<div class=\"wp-block-image\">\r\n<figure class=\"aligncenter size-full is-resized\"><img loading=\"lazy\" decoding=\"async\" class=\"wp-image-19454\" src=\"https:\/\/zecovalve.com\/wp-content\/uploads\/2022\/07\/GATE-VALVE-SOLID-WEDGE.webp\" alt=\"\" width=\"506\" height=\"386\" \/><\/figure>\r\n<\/div>\r\n\r\n\r\n<h3 class=\"wp-block-heading\" id=\"h-flexible-wedge-gate-valve\">V\u00e1lvula de compuerta de cu\u00f1a flexible<\/h3>\r\n\r\n\r\n\r\n<p>La cu\u00f1a flexible es un disco macizo de una sola pieza con un corte en todo el per\u00edmetro. Estos cortes var\u00edan en tama\u00f1o, forma y profundidad. Un corte poco profundo y estrecho en el per\u00edmetro de la cu\u00f1a proporciona menos flexibilidad, pero mantiene la resistencia. Un rebaje o un corte m\u00e1s profundo y ancho en el per\u00edmetro de la cu\u00f1a proporciona m\u00e1s flexibilidad, pero compromete la resistencia.<\/p>\r\n\r\n\r\n\r\n<p>Este dise\u00f1o mejora la alineaci\u00f3n del asiento y ofrece una mayor estanqueidad. Tambi\u00e9n mejora el rendimiento en situaciones en las que es posible el agarrotamiento t\u00e9rmico. Las v\u00e1lvulas de compuerta de cu\u00f1a flexible se utilizan en sistemas de vapor.<\/p>\r\n\r\n\r\n<div class=\"wp-block-image\">\r\n<figure class=\"aligncenter size-full is-resized\"><img loading=\"lazy\" decoding=\"async\" class=\"wp-image-19455\" src=\"https:\/\/zecovalve.com\/wp-content\/uploads\/2022\/07\/FLEBILE-WEDGE-GATE-VALVE.webp\" alt=\"\" width=\"285\" height=\"362\" \/><\/figure>\r\n<\/div>\r\n\r\n\r\n<h2 class=\"wp-block-heading\">Aplicaciones de las v\u00e1lvulas de compuerta de cu\u00f1a<\/h2>\r\n\r\n\r\n\r\n<p>Adecuadas para aplicaciones generales como v\u00e1lvulas de encendido\/apagado y aislamiento, no recomendadas para fines de estrangulaci\u00f3n y\/o regulaci\u00f3n. Tienen una excelente resistencia a terremotos, choques, vibraciones, presi\u00f3n y golpes y pueden funcionar sin problemas entre -196\u00b0C y 595\u00b0C.<\/p>\r\n\r\n\r\n\r\n<h2 class=\"wp-block-heading\" id=\"h-features-of-wedge-gate-valve\">Caracter\u00edsticas de la v\u00e1lvula de compuerta de cu\u00f1a:<\/h2>\r\n\r\n\r\n\r\n<ul class=\"wp-block-list\">\r\n<li>La v\u00e1lvula de compuerta de cu\u00f1a ZECO adopta la compuerta de tipo cu\u00f1a, debido a que el \u00e1ngulo de la compuerta es de tipo cu\u00f1a con la l\u00ednea central vertical, se puede cerrar m\u00e1s y m\u00e1s firmemente en el proceso de cierre, asegurando a\u00fan m\u00e1s el efecto de sellado;<\/li>\r\n<li>La v\u00e1lvula de compuerta de cu\u00f1a ZECO adopta el v\u00e1stago de elevaci\u00f3n, que puede ver visualmente el estado de apertura o cierre de la v\u00e1lvula desde la distancia y es m\u00e1s f\u00e1cil de juzgar. El v\u00e1stago y la compuerta est\u00e1n conectados por ranura en T, y la cabeza en T del v\u00e1stago est\u00e1 forjada como un todo para garantizar una resistencia de conexi\u00f3n suficiente;<\/li>\r\n<li>La v\u00e1lvula de compuerta de cu\u00f1a ZECO est\u00e1 dise\u00f1ada con un dise\u00f1o sellado que permite sustituir la empaquetadura cuando est\u00e1 totalmente abierta. Este dise\u00f1o garantiza que la empaquetadura se pueda sustituir en l\u00ednea cuando sea necesario si la empaquetadura est\u00e1 da\u00f1ada, evitando el desperdicio de personal causado por el desmontaje de la v\u00e1lvula;<\/li>\r\n<li>La v\u00e1lvula de compuerta de cu\u00f1a ZECO est\u00e1 dise\u00f1ada con protecci\u00f3n anticolisi\u00f3n en la superficie de la brida cuando sale de f\u00e1brica, lo que puede proteger la superficie convexa conectada con la brida de la tuber\u00eda durante el transporte y evitar da\u00f1os de la v\u00e1lvula en caso de colisi\u00f3n.<\/li>\r\n<\/ul>\r\n\r\n\r\n\r\n<h2 class=\"wp-block-heading\" id=\"h-material-of-wedge-gate-valve\">Material de la v\u00e1lvula de compuerta de cu\u00f1a:<\/h2>\r\n\r\n\r\n\r\n<figure class=\"wp-block-table is-style-stripes\">\r\n<table>\r\n<tbody>\r\n<tr>\r\n<td>No<\/td>\r\n<td>Pieza<\/td>\r\n<td>Material<\/td>\r\n<\/tr>\r\n<tr>\r\n<td>1<\/td>\r\n<td>Cuerpo<\/td>\r\n<td>ASTM A216 WCB<\/td>\r\n<\/tr>\r\n<tr>\r\n<td>2<\/td>\r\n<td>Anillo de asiento<\/td>\r\n<td>ASTM A105 + 13Cr<\/td>\r\n<\/tr>\r\n<tr>\r\n<td>3<\/td>\r\n<td>Cu\u00f1a<\/td>\r\n<td>ASTM A216 WCB + 13Cr<\/td>\r\n<\/tr>\r\n<tr>\r\n<td>4<\/td>\r\n<td>V\u00e1stago<\/td>\r\n<td>ASTM A276 410<\/td>\r\n<\/tr>\r\n<tr>\r\n<td>5<\/td>\r\n<td>Junta del cap\u00f3<\/td>\r\n<td>Grafito + SS304<\/td>\r\n<\/tr>\r\n<tr>\r\n<td>6<\/td>\r\n<td>Perno del cap\u00f3<\/td>\r\n<td>ASTM A193 B7<\/td>\r\n<\/tr>\r\n<tr>\r\n<td>7<\/td>\r\n<td>Tuerca de sombrerete<\/td>\r\n<td>ASTM A194 2H<\/td>\r\n<\/tr>\r\n<tr>\r\n<td>8<\/td>\r\n<td>Cap\u00f3<\/td>\r\n<td>ASTM A216 WCB<\/td>\r\n<\/tr>\r\n<tr>\r\n<td>9<\/td>\r\n<td>Asiento trasero<\/td>\r\n<td>ASTM A182 F6a<\/td>\r\n<\/tr>\r\n<tr>\r\n<td>10<\/td>\r\n<td>Empaquetadura de v\u00e1stago<\/td>\r\n<td>Grafito reforzado<\/td>\r\n<\/tr>\r\n<tr>\r\n<td>11<\/td>\r\n<td>Volante<\/td>\r\n<td>KTH330-08<\/td>\r\n<\/tr>\r\n<\/tbody>\r\n<\/table>\r\n<\/figure>\r\n\r\n\r\n\r\n<h2 class=\"wp-block-heading\" id=\"h-zeco-wedge-gate-valve-licence-approvals\">V\u00e1lvula de compuerta de cu\u00f1a ZECO Licencia y homologaciones<\/h2>\r\n\r\n\r\n\r\n<figure class=\"wp-block-table is-style-stripes\">\r\n<table>\r\n<tbody>\r\n<tr>\r\n<td>NOMBRE DEL CERTIFICADO<\/td>\r\n<td>INSTITUCI\u00d3N<\/td>\r\n<\/tr>\r\n<tr>\r\n<td>API 600-0351<\/td>\r\n<td>Instituto Americano del Petr\u00f3leo<\/td>\r\n<\/tr>\r\n<tr>\r\n<td>API 6D-1225<\/td>\r\n<td>Instituto Americano del Petr\u00f3leo<\/td>\r\n<\/tr>\r\n<tr>\r\n<td>ISO 9001:2015<\/td>\r\n<td>TQCS INTERNATIONAL (GROUP) PTY LTD\\<\/td>\r\n<\/tr>\r\n<tr>\r\n<td>ISO 14001:2015<\/td>\r\n<td>TQCS INTERNATIONAL (GROUP) PTY LTD\\<\/td>\r\n<\/tr>\r\n<tr>\r\n<td>ISO 45001:2018<\/td>\r\n<td>TQCS INTERNATIONAL (GROUP) PTY LTD\\<\/td>\r\n<\/tr>\r\n<tr>\r\n<td>Certificado de ensayo de incendio API 6FA<\/td>\r\n<td>TUV SUD SERVICE GMBH<\/td>\r\n<\/tr>\r\n<tr>\r\n<td>CE-2810<\/td>\r\n<td>DIRECTIVA 2014\/68\/UE SOBRE EQUIPOS A PRESI\u00d3N<\/td>\r\n<\/tr>\r\n<\/tbody>\r\n<\/table>\r\n<\/figure>","protected":false},"excerpt":{"rendered":"<p>La v\u00e1lvula de compuerta de cu\u00f1a es una v\u00e1lvula de servicio general de m\u00faltiples vueltas y movimiento lineal. Tipos de v\u00e1lvulas de compuerta seg\u00fan tipo de elemento de cierre Disco paralelo\u2026 <a title=\"V\u00e1lvula de compuerta de cu\u00f1a\" class=\"read-more\" href=\"https:\/\/zecovalve.com\/es\/producto\/wedge-gate-valve\" aria-label=\"M\u00e1s en V\u00e1lvula de compuerta de cu\u00f1a\">Leer m\u00e1s<\/a><\/p>","protected":false},"featured_media":27870,"comment_status":"closed","ping_status":"closed","template":"","meta":{"_generate-full-width-content":"","kt_blocks_editor_width":""},"product_cat":[2052,2456],"product_tag":[2798,2723],"class_list":["post-16093","product","type-product","status-publish","has-post-thumbnail","hentry","product_cat-gate-valve","product_cat-gate-valve-by-form","product_tag-osy-valve","product_tag-what-is-a-valve","sales-flash-overlay","woocommerce-text-align-center","woocommerce-image-align-center","do-quantity-buttons"],"featured_image_src_large":["https:\/\/zecovalve.com\/wp-content\/uploads\/2022\/06\/Gear-Valve-Gear-Operated-Gate-Valve.jpg",800,600,false],"author_info":[],"comment_info":0,"taxonomy_info":{"product_cat":[{"value":2052,"label":"Gate Valve"},{"value":2456,"label":"Gate Valve By Form"}],"product_tag":[{"value":2798,"label":"OS&amp;Y Valve"},{"value":2723,"label":"What is a Valve"}]},"yoast_head":"<!-- This site is optimized with the Yoast SEO Premium plugin v15.4 - https:\/\/yoast.com\/wordpress\/plugins\/seo\/ -->\n<title>Wedge Gate Valve - Various Gate Vave Types | ZECO Valve<\/title>\n<meta name=\"robots\" content=\"index, follow, max-snippet:-1, max-image-preview:large, max-video-preview:-1\" \/>\n<link rel=\"canonical\" href=\"https:\/\/zecovalve.com\/es\/producto\/wedge-gate-valve\" \/>\n<meta property=\"og:locale\" content=\"es_ES\" \/>\n<meta property=\"og:type\" content=\"article\" \/>\n<meta property=\"og:title\" content=\"Wedge Gate Valve - Various Gate Vave Types | ZECO Valve\" \/>\n<meta property=\"og:description\" content=\"Wedge gate valve is a linear motion, multi-turn general service valve. Gate valve Types as per Type of Closing Element Parallel disk ... Leer m\u00e1s\" \/>\n<meta property=\"og:url\" content=\"https:\/\/zecovalve.com\/es\/producto\/wedge-gate-valve\" \/>\n<meta property=\"og:site_name\" content=\"ZECO Valve\" \/>\n<meta property=\"article:modified_time\" content=\"2023-06-15T12:37:34+00:00\" \/>\n<meta property=\"og:image\" content=\"https:\/\/zecovalve.com\/wp-content\/uploads\/2022\/06\/Gear-Valve-Gear-Operated-Gate-Valve.jpg\" \/>\n\t<meta property=\"og:image:width\" content=\"800\" \/>\n\t<meta property=\"og:image:height\" content=\"600\" \/>\n<meta name=\"twitter:card\" content=\"summary_large_image\" \/>\n<meta name=\"twitter:label1\" content=\"Escrito por\">\n\t<meta name=\"twitter:data1\" content=\"Jerry\">\n\t<meta name=\"twitter:label2\" content=\"Tiempo de lectura\">\n\t<meta name=\"twitter:data2\" content=\"3 minutos\">\n<script type=\"application\/ld+json\" class=\"yoast-schema-graph\">{\"@context\":\"https:\/\/schema.org\",\"@graph\":[{\"@type\":\"WebSite\",\"@id\":\"https:\/\/zecovalve.com\/#website\",\"url\":\"https:\/\/zecovalve.com\/\",\"name\":\"ZECO Valve\",\"description\":\"Industrial Ball Valve, Gate Valve and Globe Valve Manufacturer\",\"potentialAction\":[{\"@type\":\"SearchAction\",\"target\":\"https:\/\/zecovalve.com\/?s={search_term_string}\",\"query-input\":\"required name=search_term_string\"}],\"inLanguage\":\"es\"},{\"@type\":\"ImageObject\",\"@id\":\"https:\/\/zecovalve.com\/product\/wedge-gate-valve#primaryimage\",\"inLanguage\":\"es\",\"url\":\"https:\/\/zecovalve.com\/wp-content\/uploads\/2022\/06\/Gear-Valve-Gear-Operated-Gate-Valve.jpg\",\"width\":800,\"height\":600,\"caption\":\"Gear Valve - Gear Operated Gate Valve\"},{\"@type\":\"WebPage\",\"@id\":\"https:\/\/zecovalve.com\/product\/wedge-gate-valve#webpage\",\"url\":\"https:\/\/zecovalve.com\/product\/wedge-gate-valve\",\"name\":\"Wedge Gate Valve - Various Gate Vave Types | ZECO Valve\",\"isPartOf\":{\"@id\":\"https:\/\/zecovalve.com\/#website\"},\"primaryImageOfPage\":{\"@id\":\"https:\/\/zecovalve.com\/product\/wedge-gate-valve#primaryimage\"},\"datePublished\":\"2022-06-19T03:39:21+00:00\",\"dateModified\":\"2023-06-15T12:37:34+00:00\",\"breadcrumb\":{\"@id\":\"https:\/\/zecovalve.com\/product\/wedge-gate-valve#breadcrumb\"},\"inLanguage\":\"es\",\"potentialAction\":[{\"@type\":\"ReadAction\",\"target\":[\"https:\/\/zecovalve.com\/product\/wedge-gate-valve\"]}]},{\"@type\":\"BreadcrumbList\",\"@id\":\"https:\/\/zecovalve.com\/product\/wedge-gate-valve#breadcrumb\",\"itemListElement\":[{\"@type\":\"ListItem\",\"position\":1,\"item\":{\"@type\":\"WebPage\",\"@id\":\"https:\/\/zecovalve.com\/\",\"url\":\"https:\/\/zecovalve.com\/\",\"name\":\"Home\"}},{\"@type\":\"ListItem\",\"position\":2,\"item\":{\"@type\":\"WebPage\",\"@id\":\"https:\/\/zecovalve.com\/product-category\",\"url\":\"https:\/\/zecovalve.com\/product-category\",\"name\":\"Industrial Valve Manufacturer | Water Valve Manufacturer\"}},{\"@type\":\"ListItem\",\"position\":3,\"item\":{\"@type\":\"WebPage\",\"@id\":\"https:\/\/zecovalve.com\/product\/wedge-gate-valve\",\"url\":\"https:\/\/zecovalve.com\/product\/wedge-gate-valve\",\"name\":\"Wedge Gate Valve\"}}]}]}<\/script>\n<!-- \/ Yoast SEO Premium plugin. -->","_links":{"self":[{"href":"https:\/\/zecovalve.com\/es\/wp-json\/wp\/v2\/product\/16093","targetHints":{"allow":["GET"]}}],"collection":[{"href":"https:\/\/zecovalve.com\/es\/wp-json\/wp\/v2\/product"}],"about":[{"href":"https:\/\/zecovalve.com\/es\/wp-json\/wp\/v2\/types\/product"}],"replies":[{"embeddable":true,"href":"https:\/\/zecovalve.com\/es\/wp-json\/wp\/v2\/comments?post=16093"}],"wp:featuredmedia":[{"embeddable":true,"href":"https:\/\/zecovalve.com\/es\/wp-json\/wp\/v2\/media\/27870"}],"wp:attachment":[{"href":"https:\/\/zecovalve.com\/es\/wp-json\/wp\/v2\/media?parent=16093"}],"wp:term":[{"taxonomy":"product_cat","embeddable":true,"href":"https:\/\/zecovalve.com\/es\/wp-json\/wp\/v2\/product_cat?post=16093"},{"taxonomy":"product_tag","embeddable":true,"href":"https:\/\/zecovalve.com\/es\/wp-json\/wp\/v2\/product_tag?post=16093"}],"curies":[{"name":"wp","href":"https:\/\/api.w.org\/{rel}","templated":true}]}}