{"id":16099,"date":"2022-06-19T03:41:54","date_gmt":"2022-06-19T03:41:54","guid":{"rendered":"https:\/\/zecovalve.com\/?post_type=product&#038;p=16099"},"modified":"2023-06-07T07:37:46","modified_gmt":"2023-06-07T07:37:46","slug":"6-inch-ball-valve","status":"publish","type":"product","link":"https:\/\/zecovalve.com\/es\/producto\/6-inch-ball-valve","title":{"rendered":"V\u00e1lvula de bola de 6 pulgadas"},"content":{"rendered":"<p>La v\u00e1lvula de bola de 6 pulgadas significa que el tama\u00f1o de la v\u00e1lvula es de 6 pulgadas y en DN es DN150.<\/p>\r\n\r\n\r\n\r\n<figure class=\"wp-block-image alignnone size-medium wp-image-16100\">\r\n<p><img loading=\"lazy\" decoding=\"async\" class=\"size-medium wp-image-19559\" src=\"https:\/\/zecovalve.com\/wp-content\/uploads\/2022\/06\/6-inch-Ball-Valve-1-208x300.jpg\" alt=\"V\u00e1lvula de bola de 6 pulgadas\" width=\"208\" height=\"300\" srcset=\"https:\/\/zecovalve.com\/wp-content\/uploads\/2022\/06\/6-inch-Ball-Valve-1-208x300.jpg 208w, https:\/\/zecovalve.com\/wp-content\/uploads\/2022\/06\/6-inch-Ball-Valve-1-708x1024.jpg 708w, https:\/\/zecovalve.com\/wp-content\/uploads\/2022\/06\/6-inch-Ball-Valve-1-768x1110.jpg 768w, https:\/\/zecovalve.com\/wp-content\/uploads\/2022\/06\/6-inch-Ball-Valve-1-1062x1536.jpg 1062w, https:\/\/zecovalve.com\/wp-content\/uploads\/2022\/06\/6-inch-Ball-Valve-1-1417x2048.jpg 1417w, https:\/\/zecovalve.com\/wp-content\/uploads\/2022\/06\/6-inch-Ball-Valve-1-600x867.jpg 600w, https:\/\/zecovalve.com\/wp-content\/uploads\/2022\/06\/6-inch-Ball-Valve-1-scaled.jpg 1771w\" sizes=\"auto, (max-width: 208px) 100vw, 208px\" \/><\/p>\r\n<\/figure>\r\n\r\n\r\n<div class=\"gb-button-wrapper gb-button-wrapper-6d8495a3\">\r\n\r\n\r\n<p><a class=\"gb-button gb-button-3d442e11 gb-button-text\" href=\"mailto:commercial@zecovalve.com\" target=\"_blank\" rel=\"noopener noreferrer\"><strong>OBT\u00c9N PRECIO DE V\u00c1LVULA DE BOLA DE 6 PULGADAS<\/strong><\/a><\/p>\r\n<\/div>\r\n\r\n\r\n\r\n\r\n<h2 class=\"wp-block-heading\" id=\"h-what-is-a-6-inch-ball-valve\">\u00bfQu\u00e9 es una v\u00e1lvula de bola de 6 pulgadas?<\/h2>\r\n\r\n\r\n\r\n<p>Las v\u00e1lvulas de bola de 6 pulgadas son una bola con un agujero en el medio. Con una rotaci\u00f3n de 90\u00b0 de la bola, la posici\u00f3n completamente abierta cambia a la posici\u00f3n cerrada.<\/p>\r\n\r\n\r\n\r\n<p>ZECO Valve Group es un conocido fabricante de v\u00e1lvulas de bola en China. Desde su creaci\u00f3n en 1991, produce v\u00e1lvulas de bola desde hace casi 30 a\u00f1os. En el proceso de producci\u00f3n, ZECO considera cada v\u00e1lvula como una artesan\u00eda que hay que seguir mejorando. Con el apoyo de equipos de producci\u00f3n y personal de alta tecnolog\u00eda, cada producto puede alcanzar una calidad internacional. ZECO ha sido una empresa de alta tecnolog\u00eda en China durante muchos a\u00f1os. Cada a\u00f1o, ZECO se dedica a la investigaci\u00f3n y desarrollo de v\u00e1lvulas con un rendimiento m\u00e1s eficiente y una vida \u00fatil m\u00e1s larga. El costo de investigaci\u00f3n y desarrollo de ZECO representa casi 8% del costo de ventas de la empresa.<\/p>\r\n\r\n\r\n\r\n<h2 class=\"wp-block-heading\">Tipos de v\u00e1lvula de bola de 6\u2033<\/h2>\r\n\r\n\r\n\r\n<ul class=\"wp-block-list\">\r\n<li>V\u00e1lvula de bola flotante de 6 pulgadas<\/li>\r\n<li>V\u00e1lvula de bola de mu\u00f1\u00f3n de 6 pulgadas<\/li>\r\n<li>V\u00e1lvula de bola de entrada superior de 6 pulgadas<\/li>\r\n<\/ul>\r\n\r\n\r\n\r\n<h2 class=\"wp-block-heading\">Gama de productos de v\u00e1lvula de bola de 6 pulgadas<\/h2>\r\n\r\n\r\n\r\n<ul class=\"wp-block-list\">\r\n<li>Material del cuerpo: Acero al carbono, Acero inoxidable, Acero aleado.<\/li>\r\n<li>Di\u00e1metro normal: 6 pulgadas (DN150).<\/li>\r\n<li>Conexi\u00f3n final: BW, Bridada.<\/li>\r\n<li>Rango de presi\u00f3n: 150 \u2013 2500 LB (PN16 \u2013 PN420).<\/li>\r\n<li>Temperatura de trabajo: -46 \u2103 \u2013 +540 \u2103.<\/li>\r\n<\/ul>\r\n\r\n\r\n\r\n<h2 class=\"wp-block-heading\">Dimensiones y peso de la v\u00e1lvula de bola de 6 pulgadas<\/h2>\r\n\r\n\r\n\r\n<table border=\"=1\" width=\"800\">\r\n<tbody>\r\n<tr>\r\n<td rowspan=\"2\">Presi\u00f3n nominal<\/td>\r\n<td style=\"text-align: center;\">Taladro<\/td>\r\n<td style=\"text-align: center;\" colspan=\"3\">\u00a0Dimensi\u00f3n cara a cara (en mm)<\/td>\r\n<td style=\"text-align: center;\">Peso<\/td>\r\n<\/tr>\r\n<tr>\r\n<td style=\"text-align: center;\">(en mm)<\/td>\r\n<td style=\"text-align: center;\">RF<\/td>\r\n<td style=\"text-align: center;\">BW<\/td>\r\n<td style=\"text-align: center;\">RTJ<\/td>\r\n<td style=\"text-align: center;\">kg<\/td>\r\n<\/tr>\r\n<tr>\r\n<td>CLASE 150<\/td>\r\n<td style=\"text-align: center;\">150<\/td>\r\n<td style=\"text-align: center;\">394<\/td>\r\n<td style=\"text-align: center;\">457<\/td>\r\n<td style=\"text-align: center;\">406<\/td>\r\n<td style=\"text-align: center;\">74<\/td>\r\n<\/tr>\r\n<tr>\r\n<td>CLASE 300<\/td>\r\n<td style=\"text-align: center;\">150<\/td>\r\n<td style=\"text-align: center;\">403<\/td>\r\n<td style=\"text-align: center;\">457<\/td>\r\n<td style=\"text-align: center;\">419<\/td>\r\n<td style=\"text-align: center;\">118<\/td>\r\n<\/tr>\r\n<tr>\r\n<td>CLASE 600<\/td>\r\n<td style=\"text-align: center;\">150<\/td>\r\n<td style=\"text-align: center;\">559<\/td>\r\n<td style=\"text-align: center;\">559<\/td>\r\n<td style=\"text-align: center;\">562<\/td>\r\n<td style=\"text-align: center;\">160<\/td>\r\n<\/tr>\r\n<tr>\r\n<td>CLASE 900<\/td>\r\n<td style=\"text-align: center;\">150<\/td>\r\n<td style=\"text-align: center;\">610<\/td>\r\n<td style=\"text-align: center;\">610<\/td>\r\n<td style=\"text-align: center;\">613<\/td>\r\n<td style=\"text-align: center;\">339<\/td>\r\n<\/tr>\r\n<tr>\r\n<td>CLASE 1500<\/td>\r\n<td style=\"text-align: center;\">144<\/td>\r\n<td style=\"text-align: center;\">705<\/td>\r\n<td style=\"text-align: center;\">705<\/td>\r\n<td style=\"text-align: center;\">711<\/td>\r\n<td style=\"text-align: center;\">532<\/td>\r\n<\/tr>\r\n<tr>\r\n<td>CLASE 2500<\/td>\r\n<td style=\"text-align: center;\">131<\/td>\r\n<td style=\"text-align: center;\">914<\/td>\r\n<td style=\"text-align: center;\">914<\/td>\r\n<td style=\"text-align: center;\">927<\/td>\r\n<td style=\"text-align: center;\">800<\/td>\r\n<\/tr>\r\n<\/tbody>\r\n<\/table>\r\n\r\n\r\n\r\n<h2 class=\"wp-block-heading\" id=\"h-features-of-6-ball-valve\">Caracter\u00edsticas de la v\u00e1lvula de bola de 6\u2033:<\/h2>\r\n\r\n\r\n\r\n<ul class=\"wp-block-list\">\r\n<li>La v\u00e1lvula ZECO de 6 pulgadas est\u00e1 dise\u00f1ada con un sistema de sellado de emergencia de asiento auxiliar. Una vez que el asiento del sello blando est\u00e1 da\u00f1ado, se puede realizar un sellado de emergencia inyectando el sellador apropiado en el sistema de sello auxiliar. Los sellos de emergencia tambi\u00e9n se pueden usar para lavar y lubricar las \u00e1reas del asiento seg\u00fan sea necesario para mantenerlas limpias sin afectar el sellado. El v\u00e1stago tambi\u00e9n tiene un dise\u00f1o de sello de emergencia para llenado de sellador de emergencia y lubricaci\u00f3n por lavado;<\/li>\r\n<li>V\u00e1lvula ZECO de 6 pulgadas con construcci\u00f3n de protecci\u00f3n contra incendios. La estructura de protecci\u00f3n contra incendios de la v\u00e1lvula de bola de 6 pulgadas est\u00e1 dise\u00f1ada de acuerdo con API 607. En caso de incendio, el asiento de metal estar\u00e1 inmediatamente en contacto con la bola despu\u00e9s de quemar el asiento del sello blando, para evitar las fugas de la v\u00e1lvula causadas. por mayor impacto;<\/li>\r\n<li>El espesor de pared del cuerpo de la v\u00e1lvula ZECO de 6 pulgadas tendr\u00e1 una cierta cantidad de dise\u00f1o, el cuerpo, el asiento y la cubierta inferior de acero al carbono cumplen con el recubrimiento qu\u00edmico de superficie ASTM B733. Adem\u00e1s, si el usuario necesita una personalizaci\u00f3n especial, ZECO tambi\u00e9n cuenta con una variedad de materiales anticorrosi\u00f3n para seleccionar seg\u00fan las condiciones de trabajo;<\/li>\r\n<li>V\u00e1lvula ZECO de 6 pulgadas para evitar el mantenimiento del v\u00e1stago de la v\u00e1lvula debido a la presi\u00f3n excesiva en la cavidad y el fen\u00f3meno de salir volando, existe un dise\u00f1o para evitar que el v\u00e1stago salga volando.<\/li>\r\n<\/ul>\r\n\r\n\r\n\r\n<h2 class=\"wp-block-heading\" id=\"h-material-of-6-ball-valve\">Material de la v\u00e1lvula de bola de 6 \u2033:<\/h2>\r\n\r\n\r\n\r\n<figure class=\"wp-block-table is-style-stripes\">\r\n<table>\r\n<tbody>\r\n<tr>\r\n<td>No<\/td>\r\n<td>Pieza<\/td>\r\n<td>Material<\/td>\r\n<\/tr>\r\n<tr>\r\n<td>1<\/td>\r\n<td>Cuerpo<\/td>\r\n<td>ASTM A216 WCB<\/td>\r\n<\/tr>\r\n<tr>\r\n<td>2<\/td>\r\n<td>Cap\u00f3<\/td>\r\n<td>ASTM A216 WCB<\/td>\r\n<\/tr>\r\n<tr>\r\n<td>3<\/td>\r\n<td>Bola<\/td>\r\n<td>ASTM A105<\/td>\r\n<\/tr>\r\n<tr>\r\n<td>4<\/td>\r\n<td>Asiento<\/td>\r\n<td>ASTM A105 +PTFE<\/td>\r\n<\/tr>\r\n<tr>\r\n<td>5<\/td>\r\n<td>V\u00e1stago<\/td>\r\n<td>ASTM A182 F6a<\/td>\r\n<\/tr>\r\n<tr>\r\n<td>6<\/td>\r\n<td>Dispositivo antiest\u00e1tico<\/td>\r\n<td>SS304<\/td>\r\n<\/tr>\r\n<tr>\r\n<td>7<\/td>\r\n<td>Junta<\/td>\r\n<td>Grafito + SS304<\/td>\r\n<\/tr>\r\n<tr>\r\n<td>8<\/td>\r\n<td>Perno<\/td>\r\n<td>ASTM A193 B7<\/td>\r\n<\/tr>\r\n<tr>\r\n<td>9<\/td>\r\n<td>Tuerca<\/td>\r\n<td>ASTM A194 2H<\/td>\r\n<\/tr>\r\n<tr>\r\n<td>10<\/td>\r\n<td>Junta t\u00f3rica<\/td>\r\n<td>Vit\u00f3n A<\/td>\r\n<\/tr>\r\n<tr>\r\n<td>11<\/td>\r\n<td>Palanca<\/td>\r\n<td>ASTM A216 WCB<\/td>\r\n<\/tr>\r\n<\/tbody>\r\n<\/table>\r\n<\/figure>","protected":false},"excerpt":{"rendered":"<p>La v\u00e1lvula de bola de 6 pulgadas significa que el tama\u00f1o de la v\u00e1lvula es de 6 pulgadas y en DN es DN150. \u00bfQu\u00e9 es un 6 pulgadas...? <a title=\"V\u00e1lvula de bola de 6 pulgadas\" class=\"read-more\" href=\"https:\/\/zecovalve.com\/es\/producto\/6-inch-ball-valve\" aria-label=\"M\u00e1s en V\u00e1lvula de bola de 6 pulgadas\">Leer m\u00e1s<\/a><\/p>","protected":false},"featured_media":27867,"comment_status":"closed","ping_status":"closed","template":"","meta":{"_generate-full-width-content":"","kt_blocks_editor_width":""},"product_cat":[2047,2462],"product_tag":[3896,3914],"class_list":["post-16099","product","type-product","status-publish","has-post-thumbnail","hentry","product_cat-ball-valve","product_cat-ball-valve-by-size","product_tag-flanged-ball-valve","product_tag-reduced-bore-ball-valve","sales-flash-overlay","woocommerce-text-align-center","woocommerce-image-align-center","do-quantity-buttons"],"featured_image_src_large":["https:\/\/zecovalve.com\/wp-content\/uploads\/2022\/06\/6-Inch-Ball-Valve-2.jpg",800,600,false],"author_info":[],"comment_info":0,"taxonomy_info":{"product_cat":[{"value":2047,"label":"Ball Valve"},{"value":2462,"label":"Ball Valve By Size"}],"product_tag":[{"value":3896,"label":"Flanged Ball Valve"},{"value":3914,"label":"Reduced Bore Ball Valve"}]},"yoast_head":"<!-- This site is optimized with the Yoast SEO Premium plugin v15.4 - https:\/\/yoast.com\/wordpress\/plugins\/seo\/ -->\n<title>6 inch Ball Valve - 6&quot; Ball Valve Manufacturer | Competitive Ball Valve Price<\/title>\n<meta name=\"robots\" content=\"index, follow, max-snippet:-1, max-image-preview:large, max-video-preview:-1\" \/>\n<link rel=\"canonical\" href=\"https:\/\/zecovalve.com\/es\/producto\/6-inch-ball-valve\" \/>\n<meta property=\"og:locale\" content=\"es_ES\" \/>\n<meta property=\"og:type\" content=\"article\" \/>\n<meta property=\"og:title\" content=\"6 inch Ball Valve - 6&quot; Ball Valve Manufacturer | Competitive Ball Valve Price\" \/>\n<meta property=\"og:description\" content=\"Ball valve 6 inch means the valve size is 6 inch, and in DN it is DN150. What is a 6 Inch ... Leer m\u00e1s\" \/>\n<meta property=\"og:url\" content=\"https:\/\/zecovalve.com\/es\/producto\/6-inch-ball-valve\" \/>\n<meta property=\"og:site_name\" content=\"ZECO Valve\" \/>\n<meta property=\"article:modified_time\" content=\"2023-06-07T07:37:46+00:00\" \/>\n<meta property=\"og:image\" content=\"https:\/\/zecovalve.com\/wp-content\/uploads\/2022\/06\/6-Inch-Ball-Valve-2.jpg\" \/>\n\t<meta property=\"og:image:width\" content=\"800\" \/>\n\t<meta property=\"og:image:height\" content=\"600\" \/>\n<meta name=\"twitter:card\" content=\"summary_large_image\" \/>\n<meta name=\"twitter:label1\" content=\"Escrito por\">\n\t<meta name=\"twitter:data1\" content=\"Jerry\">\n\t<meta name=\"twitter:label2\" content=\"Tiempo de lectura\">\n\t<meta name=\"twitter:data2\" content=\"2 minutos\">\n<script type=\"application\/ld+json\" class=\"yoast-schema-graph\">{\"@context\":\"https:\/\/schema.org\",\"@graph\":[{\"@type\":\"WebSite\",\"@id\":\"https:\/\/zecovalve.com\/#website\",\"url\":\"https:\/\/zecovalve.com\/\",\"name\":\"ZECO Valve\",\"description\":\"Industrial Ball Valve, Gate Valve and Globe Valve Manufacturer\",\"potentialAction\":[{\"@type\":\"SearchAction\",\"target\":\"https:\/\/zecovalve.com\/?s={search_term_string}\",\"query-input\":\"required name=search_term_string\"}],\"inLanguage\":\"es\"},{\"@type\":\"ImageObject\",\"@id\":\"https:\/\/zecovalve.com\/product\/6-inch-ball-valve#primaryimage\",\"inLanguage\":\"es\",\"url\":\"https:\/\/zecovalve.com\/wp-content\/uploads\/2022\/06\/6-Inch-Ball-Valve-2.jpg\",\"width\":800,\"height\":600,\"caption\":\"6 Inch Ball Valve\"},{\"@type\":\"WebPage\",\"@id\":\"https:\/\/zecovalve.com\/product\/6-inch-ball-valve#webpage\",\"url\":\"https:\/\/zecovalve.com\/product\/6-inch-ball-valve\",\"name\":\"6 inch Ball Valve - 6\\\" Ball Valve Manufacturer | Competitive Ball Valve Price\",\"isPartOf\":{\"@id\":\"https:\/\/zecovalve.com\/#website\"},\"primaryImageOfPage\":{\"@id\":\"https:\/\/zecovalve.com\/product\/6-inch-ball-valve#primaryimage\"},\"datePublished\":\"2022-06-19T03:41:54+00:00\",\"dateModified\":\"2023-06-07T07:37:46+00:00\",\"breadcrumb\":{\"@id\":\"https:\/\/zecovalve.com\/product\/6-inch-ball-valve#breadcrumb\"},\"inLanguage\":\"es\",\"potentialAction\":[{\"@type\":\"ReadAction\",\"target\":[\"https:\/\/zecovalve.com\/product\/6-inch-ball-valve\"]}]},{\"@type\":\"BreadcrumbList\",\"@id\":\"https:\/\/zecovalve.com\/product\/6-inch-ball-valve#breadcrumb\",\"itemListElement\":[{\"@type\":\"ListItem\",\"position\":1,\"item\":{\"@type\":\"WebPage\",\"@id\":\"https:\/\/zecovalve.com\/\",\"url\":\"https:\/\/zecovalve.com\/\",\"name\":\"Home\"}},{\"@type\":\"ListItem\",\"position\":2,\"item\":{\"@type\":\"WebPage\",\"@id\":\"https:\/\/zecovalve.com\/product-category\",\"url\":\"https:\/\/zecovalve.com\/product-category\",\"name\":\"Industrial Valve Manufacturer | Water Valve Manufacturer\"}},{\"@type\":\"ListItem\",\"position\":3,\"item\":{\"@type\":\"WebPage\",\"@id\":\"https:\/\/zecovalve.com\/product\/6-inch-ball-valve\",\"url\":\"https:\/\/zecovalve.com\/product\/6-inch-ball-valve\",\"name\":\"6 inch Ball Valve\"}}]}]}<\/script>\n<!-- \/ Yoast SEO Premium plugin. -->","_links":{"self":[{"href":"https:\/\/zecovalve.com\/es\/wp-json\/wp\/v2\/product\/16099","targetHints":{"allow":["GET"]}}],"collection":[{"href":"https:\/\/zecovalve.com\/es\/wp-json\/wp\/v2\/product"}],"about":[{"href":"https:\/\/zecovalve.com\/es\/wp-json\/wp\/v2\/types\/product"}],"replies":[{"embeddable":true,"href":"https:\/\/zecovalve.com\/es\/wp-json\/wp\/v2\/comments?post=16099"}],"wp:featuredmedia":[{"embeddable":true,"href":"https:\/\/zecovalve.com\/es\/wp-json\/wp\/v2\/media\/27867"}],"wp:attachment":[{"href":"https:\/\/zecovalve.com\/es\/wp-json\/wp\/v2\/media?parent=16099"}],"wp:term":[{"taxonomy":"product_cat","embeddable":true,"href":"https:\/\/zecovalve.com\/es\/wp-json\/wp\/v2\/product_cat?post=16099"},{"taxonomy":"product_tag","embeddable":true,"href":"https:\/\/zecovalve.com\/es\/wp-json\/wp\/v2\/product_tag?post=16099"}],"curies":[{"name":"wp","href":"https:\/\/api.w.org\/{rel}","templated":true}]}}