{"id":16101,"date":"2022-06-19T03:44:20","date_gmt":"2022-06-19T03:44:20","guid":{"rendered":"https:\/\/zecovalve.com\/?post_type=product&#038;p=16101"},"modified":"2023-06-07T07:01:41","modified_gmt":"2023-06-07T07:01:41","slug":"motorized-ball-valve","status":"publish","type":"product","link":"https:\/\/zecovalve.com\/es\/producto\/motorized-ball-valve","title":{"rendered":"V\u00e1lvula de bola motorizada"},"content":{"rendered":"<p>Las v\u00e1lvulas de bola pueden combinarse con un actuador el\u00e9ctrico (v\u00e1lvulas de bola motorizadas) para automatizarlas y\/o controlarlas a distancia.<\/p>\r\n\r\n\r\n\r\n<figure class=\"wp-block-image alignnone size-medium wp-image-16102\"><img loading=\"lazy\" decoding=\"async\" width=\"300\" height=\"225\" class=\"wp-image-16102\" src=\"https:\/\/zecovalve.com\/wp-content\/uploads\/2022\/06\/motorized-ball-valve-300x225.jpg\" alt=\"V\u00e1lvula de bola motorizada\" srcset=\"https:\/\/zecovalve.com\/wp-content\/uploads\/2022\/06\/motorized-ball-valve-300x225.jpg 300w, https:\/\/zecovalve.com\/wp-content\/uploads\/2022\/06\/motorized-ball-valve-768x576.jpg 768w, https:\/\/zecovalve.com\/wp-content\/uploads\/2022\/06\/motorized-ball-valve-600x450.jpg 600w, https:\/\/zecovalve.com\/wp-content\/uploads\/2022\/06\/motorized-ball-valve.jpg 800w\" sizes=\"auto, (max-width: 300px) 100vw, 300px\" \/>\r\n<figcaption>V\u00e1lvula de bola motorizada<\/figcaption>\r\n<\/figure>\r\n\r\n\r\n<div class=\"gb-button-wrapper gb-button-wrapper-6d8495a3\">\r\n\r\n\r\n<p><a class=\"gb-button gb-button-3d442e11 gb-button-text\" href=\"https:\/\/zecovalve.com\/es\/contact\/\" target=\"_blank\" rel=\"noopener noreferrer\"><strong>OBTENER PRECIO DE V\u00c1LVULA DE BOLA MOTORIZADA<\/strong><\/a><\/p>\r\n<\/div>\r\n\r\n\r\n\r\n\r\n<h2 class=\"wp-block-heading\" id=\"h-what-is-an-motorized-ball-valve\">\u00bfQu\u00e9 es una v\u00e1lvula de bola motorizada?<\/h2>\r\n\r\n\r\n\r\n<p>El funcionamiento de una v\u00e1lvula de bola motorizada es similar al de su hom\u00f3loga manual, pero en esta v\u00e1lvula se monta un actuador el\u00e9ctrico en lugar de una palanca para accionar el v\u00e1stago (que est\u00e1 conectado a la bola) que, a su vez, hace girar la bola para proporcionar el funcionamiento deseado. A medida que el actuador el\u00e9ctrico recibe una se\u00f1al del lugar de control remoto, dependiendo de su posici\u00f3n, girar\u00e1 para iniciar o detener el flujo de fluido a trav\u00e9s de la v\u00e1lvula de bola.<\/p>\r\n\r\n\r\n\r\n<p>Una v\u00e1lvula de bola motorizada puede dise\u00f1arse para cambiar de posici\u00f3n en funci\u00f3n de las lecturas del sensor. Un sensor puede detectar y notificar cambios de temperatura o presi\u00f3n. La v\u00e1lvula de bola motorizada se activa cuando el sensor alcanza un punto predeterminado establecido por el personal de gesti\u00f3n de la m\u00e1quina. Esto podr\u00eda desempe\u00f1ar funciones importantes, como impedir que llegue m\u00e1s fluido de proceso a una zona que ya est\u00e1 llena. Cuando el sensor detecta que la zona est\u00e1 disponible para m\u00e1s fluido, activa la v\u00e1lvula de bola motorizada, que cambia de posici\u00f3n para permitir que el fluido de proceso llegue a esa ubicaci\u00f3n.<\/p>\r\n\r\n\r\n\r\n<h2 class=\"wp-block-heading\">\u00bfC\u00f3mo funciona una v\u00e1lvula de bola motorizada?<\/h2>\r\n\r\n\r\n\r\n<p>Las v\u00e1lvulas de bola motorizadas se componen principalmente de dos partes, a saber, el actuador el\u00e9ctrico y la v\u00e1lvula. Despu\u00e9s de cierta instalaci\u00f3n y depuraci\u00f3n, el interruptor del equipo se puede ajustar y controlar normalmente. Las v\u00e1lvulas de bola motorizadas se basa principalmente en el motor para conducir y ejecutar la operaci\u00f3n, el tama\u00f1o de la abertura tambi\u00e9n se puede ajustar de acuerdo a la situaci\u00f3n real, a fin de controlar el flujo de equipos intermedio, es un sistema operativo muy humano.<\/p>\r\n\r\n\r\n\r\n<h2 class=\"wp-block-heading\" id=\"h-what-are-motorized-ball-valves-used-for\">\u00bfPara qu\u00e9 se utilizan las v\u00e1lvulas de bola motorizadas?<\/h2>\r\n\r\n\r\n\r\n<h3 class=\"wp-block-heading\">Control de encendido\/apagado<\/h3>\r\n\r\n\r\n\r\n<p>Las v\u00e1lvulas de bola motorizadas pueden pasar de abiertas a totalmente cerradas sin paradas en ninguna posici\u00f3n intermedia. Cada vez que la v\u00e1lvula de bola accionada termina el ciclo de apertura y cierre, el motor el\u00e9ctrico se desconectar\u00e1 mediante levas internas, que accionan los finales de carrera.<\/p>\r\n\r\n\r\n\r\n<p>Por ejemplo, cuando el motor el\u00e9ctrico recibe una se\u00f1al de cierre de la v\u00e1lvula de bola motorizada, el motor se energiza, girando para cerrar las v\u00e1lvulas de bola. Posteriormente, los finales de carrera se desplazan sobre la leva a medida que la leva interna gira sobre el eje hasta que el l\u00f3bulo hace que el interruptor pare el motor el\u00e9ctrico, rompiendo el circuito.<\/p>\r\n\r\n\r\n\r\n<h3 class=\"wp-block-heading\">Control de posicionamiento<\/h3>\r\n\r\n\r\n\r\n<p>Otro tipo de aplicaci\u00f3n requiere que las v\u00e1lvulas de bola motorizadas se abran o cierren parcialmente, detectando y respondiendo a las distintas condiciones de los caudales de agua. En este caso, el objetivo puede lograrse mediante la incorporaci\u00f3n de un sensor de posici\u00f3n digital.<\/p>\r\n\r\n\r\n\r\n<p>En funci\u00f3n de los requisitos especiales de caudal, se crear\u00e1 la se\u00f1al de mando de control externo. Esta se\u00f1al de entrada ser\u00e1 comparada por el actuador de las v\u00e1lvulas de bola motorizadas de forma consistente con la posici\u00f3n real a trav\u00e9s del elemento de realimentaci\u00f3n de salida. Posteriormente, las v\u00e1lvulas de bola motorizadas ser\u00e1n accionadas para equilibrar los comandos y alcanzar la posici\u00f3n requerida. Una se\u00f1al de aproximadamente 4mA o 0V se utiliza t\u00edpicamente para cerrar las v\u00e1lvulas de bola motorizadas.<\/p>\r\n\r\n\r\n\r\n<h2 class=\"wp-block-heading\">Aplicaciones de las v\u00e1lvulas de bola motorizadas<\/h2>\r\n\r\n\r\n\r\n<p>Las v\u00e1lvulas de bola motorizadas se introducen en los sistemas para controlar la apertura y el cierre de las v\u00e1lvulas. Para medir el caudal, suelen estar equipadas con monitores de man\u00f3metros o caudal\u00edmetros. Los procesos industriales, las f\u00e1bricas de fabricaci\u00f3n, la manipulaci\u00f3n de productos qu\u00edmicos, los equipos de alimentaci\u00f3n y bebidas, las explotaciones mineras, las centrales el\u00e9ctricas y el sector energ\u00e9tico utilizan v\u00e1lvulas de bola motorizadas. Tambi\u00e9n se utilizan en el tratamiento de aguas residuales, centros de tratamiento municipales, generaci\u00f3n de agua limpia, acuarios, acuariofilia y cuidado de animales, producci\u00f3n qu\u00edmica, operaciones metal\u00fargicas y de chapado, y s\u00edntesis qu\u00edmica.<\/p>\r\n\r\n\r\n\r\n<h2 class=\"wp-block-heading\" id=\"h-features-of-motorized-ball-valves\">Caracter\u00edsticas de las v\u00e1lvulas de bola motorizadas:<\/h2>\r\n\r\n\r\n\r\n<ol class=\"wp-block-list\">\r\n<li>Cuando el medio pasa a trav\u00e9s de la v\u00e1lvula, la presi\u00f3n en el cuerpo de la v\u00e1lvula puede empujar el v\u00e1stago hacia fuera, o cuando la v\u00e1lvula est\u00e1 en reparaci\u00f3n, si hay presi\u00f3n en la cavidad central, el v\u00e1stago o el medio parecen salir volando f\u00e1cilmente al desmontar la v\u00e1lvula, lo que puede causar lesiones a los seres humanos. Para evitar estas posibilidades, se coloca una maza en la parte inferior del v\u00e1stago. De esta manera, incluso si se produce un incendio, la empaquetadura y el cojinete de empuje se queman o la empaquetadura se da\u00f1a debido a otras causas, la presi\u00f3n del medio en el cuerpo de la v\u00e1lvula har\u00e1 que la maza simulada del v\u00e1stago de la v\u00e1lvula est\u00e9 en estrecho contacto con la cara de sellado superior del cuerpo de la v\u00e1lvula, evitando as\u00ed la fuga del medio desde la posici\u00f3n de la empaquetadura da\u00f1ada;<\/li>\r\n<li>La v\u00e1lvula de bola motorizada ZECO puede accionarse a distancia, de forma sencilla y r\u00e1pida;<\/li>\r\n<li>El est\u00e1ndar del actuador el\u00e9ctrico de la v\u00e1lvula de bola motorizada ZECO es el actuador el\u00e9ctrico AUMA. Otros tipos de actuadores el\u00e9ctricos pueden ser seleccionados de acuerdo a los requerimientos de los clientes;<\/li>\r\n<li>V\u00e1lvula de bola motorizada ZECO puede elegir cuerpo forjado o cuerpo fundido, ZECO es muy estricto en el control de las materias primas, no importa qu\u00e9 material material puede cumplir plenamente los requisitos de las normas internacionales y el an\u00e1lisis qu\u00edmico.<\/li>\r\n<\/ol>\r\n\r\n\r\n\r\n<h2 class=\"wp-block-heading\" id=\"h-material-of-motorized-ball-valves\">Material de las v\u00e1lvulas de bola motorizadas:<\/h2>\r\n\r\n\r\n\r\n<figure class=\"wp-block-table\">\r\n<table>\r\n<tbody>\r\n<tr>\r\n<td>No<\/td>\r\n<td>Pieza<\/td>\r\n<td>Material<\/td>\r\n<\/tr>\r\n<tr>\r\n<td>1<\/td>\r\n<td>Cuerpo<\/td>\r\n<td>ASTM A105<\/td>\r\n<\/tr>\r\n<tr>\r\n<td>2<\/td>\r\n<td>Cap\u00f3<\/td>\r\n<td>ASTM A105<\/td>\r\n<\/tr>\r\n<tr>\r\n<td>3<\/td>\r\n<td>Bola<\/td>\r\n<td>ASTM A182 F316<\/td>\r\n<\/tr>\r\n<tr>\r\n<td>4<\/td>\r\n<td>Asiento<\/td>\r\n<td>ASTM A182 F316 + NYLON<\/td>\r\n<\/tr>\r\n<tr>\r\n<td>5<\/td>\r\n<td>V\u00e1stago<\/td>\r\n<td>ASTM A276 316<\/td>\r\n<\/tr>\r\n<tr>\r\n<td>6<\/td>\r\n<td>Dispositivo antiest\u00e1tico<\/td>\r\n<td>SS316<\/td>\r\n<\/tr>\r\n<tr>\r\n<td>7<\/td>\r\n<td>Junta<\/td>\r\n<td>Grafito + SS316<\/td>\r\n<\/tr>\r\n<tr>\r\n<td>8<\/td>\r\n<td>Perno<\/td>\r\n<td>ASTM A193 B7<\/td>\r\n<\/tr>\r\n<tr>\r\n<td>9<\/td>\r\n<td>Tuerca<\/td>\r\n<td>ASTM A194 2H<\/td>\r\n<\/tr>\r\n<tr>\r\n<td>10<\/td>\r\n<td>Junta t\u00f3rica<\/td>\r\n<td>Vit\u00f3n A<\/td>\r\n<\/tr>\r\n<tr>\r\n<td>11<\/td>\r\n<td>Actuador motorizado<\/td>\r\n<td>Aluminio<\/td>\r\n<\/tr>\r\n<\/tbody>\r\n<\/table>\r\n<\/figure>","protected":false},"excerpt":{"rendered":"<p>Las v\u00e1lvulas de bola se pueden combinar con un actuador el\u00e9ctrico (v\u00e1lvulas de bola motorizadas) para automatizaci\u00f3n y\/o control remoto. \u00bfQu\u00e9 es un motorizado...? <a title=\"V\u00e1lvula de bola motorizada\" class=\"read-more\" href=\"https:\/\/zecovalve.com\/es\/producto\/motorized-ball-valve\" aria-label=\"M\u00e1s en V\u00e1lvula de bola motorizada\">Leer m\u00e1s<\/a><\/p>","protected":false},"featured_media":27850,"comment_status":"closed","ping_status":"closed","template":"","meta":{"_generate-full-width-content":"","kt_blocks_editor_width":""},"product_cat":[2047,2460,2465],"product_tag":[3295,3293,3869,3255,3291,3868,3294,2766,3292,2727],"class_list":["post-16101","product","type-product","status-publish","has-post-thumbnail","hentry","product_cat-ball-valve","product_cat-ball-valve-by-drive-mode","product_cat-forged-steel-ball-valve","product_tag-ball-valve-electric","product_tag-electric-actuated-ball-valve","product_tag-electric-actuator-ball-valve","product_tag-electric-ball-valve","product_tag-electrical-ball-valve","product_tag-electrically-actuated-ball-valve","product_tag-electronic-ball-valve","product_tag-motorised-valve","product_tag-motorized-ball-valve","product_tag-motorized-valve","sales-flash-overlay","woocommerce-text-align-center","woocommerce-image-align-center","do-quantity-buttons"],"featured_image_src_large":["https:\/\/zecovalve.com\/wp-content\/uploads\/2022\/06\/Motorized-Ball-Valve-1.jpg",800,600,false],"author_info":[],"comment_info":0,"taxonomy_info":{"product_cat":[{"value":2047,"label":"Ball Valve"},{"value":2460,"label":"Ball Valve By Drive Mode"},{"value":2465,"label":"Forged Ball Valve"}],"product_tag":[{"value":3295,"label":"Ball Valve Electric"},{"value":3293,"label":"Electric Actuated Ball Valve"},{"value":3869,"label":"Electric Actuator Ball Valve"},{"value":3255,"label":"Electric Ball Valve"},{"value":3291,"label":"Electrical Ball Valve"},{"value":3868,"label":"Electrically Actuated Ball Valve"},{"value":3294,"label":"Electronic Ball Valve"},{"value":2766,"label":"Motorised Valve"},{"value":3292,"label":"Motorized Ball Valve"},{"value":2727,"label":"Motorized Valve"}]},"yoast_head":"<!-- This site is optimized with the Yoast SEO Premium plugin v15.4 - https:\/\/yoast.com\/wordpress\/plugins\/seo\/ -->\n<title>Motorized Ball Valve - Motorized Ball Valve Supplier | ZECO Valve<\/title>\n<meta name=\"robots\" content=\"index, follow, max-snippet:-1, max-image-preview:large, max-video-preview:-1\" \/>\n<link rel=\"canonical\" href=\"https:\/\/zecovalve.com\/es\/producto\/motorized-ball-valve\" \/>\n<meta property=\"og:locale\" content=\"es_ES\" \/>\n<meta property=\"og:type\" content=\"article\" \/>\n<meta property=\"og:title\" content=\"Motorized Ball Valve - Motorized Ball Valve Supplier | ZECO Valve\" \/>\n<meta property=\"og:description\" content=\"Ball valves can be combined with a electric actuator (motorized ball valves) for automation and\/or for controlling remotely. What is an Motorized ... Leer m\u00e1s\" \/>\n<meta property=\"og:url\" content=\"https:\/\/zecovalve.com\/es\/producto\/motorized-ball-valve\" \/>\n<meta property=\"og:site_name\" content=\"ZECO Valve\" \/>\n<meta property=\"article:modified_time\" content=\"2023-06-07T07:01:41+00:00\" \/>\n<meta property=\"og:image\" content=\"https:\/\/zecovalve.com\/wp-content\/uploads\/2022\/06\/Motorized-Ball-Valve-1.jpg\" \/>\n\t<meta property=\"og:image:width\" content=\"800\" \/>\n\t<meta property=\"og:image:height\" content=\"600\" \/>\n<meta name=\"twitter:card\" content=\"summary_large_image\" \/>\n<meta name=\"twitter:label1\" content=\"Escrito por\">\n\t<meta name=\"twitter:data1\" content=\"Jerry\">\n\t<meta name=\"twitter:label2\" content=\"Tiempo de lectura\">\n\t<meta name=\"twitter:data2\" content=\"3 minutos\">\n<script type=\"application\/ld+json\" class=\"yoast-schema-graph\">{\"@context\":\"https:\/\/schema.org\",\"@graph\":[{\"@type\":\"WebSite\",\"@id\":\"https:\/\/zecovalve.com\/#website\",\"url\":\"https:\/\/zecovalve.com\/\",\"name\":\"ZECO Valve\",\"description\":\"Industrial Ball Valve, Gate Valve and Globe Valve Manufacturer\",\"potentialAction\":[{\"@type\":\"SearchAction\",\"target\":\"https:\/\/zecovalve.com\/?s={search_term_string}\",\"query-input\":\"required name=search_term_string\"}],\"inLanguage\":\"es\"},{\"@type\":\"ImageObject\",\"@id\":\"https:\/\/zecovalve.com\/product\/motorized-ball-valve#primaryimage\",\"inLanguage\":\"es\",\"url\":\"https:\/\/zecovalve.com\/wp-content\/uploads\/2022\/06\/Motorized-Ball-Valve-1.jpg\",\"width\":800,\"height\":600,\"caption\":\"Motorized Ball Valve\"},{\"@type\":\"WebPage\",\"@id\":\"https:\/\/zecovalve.com\/product\/motorized-ball-valve#webpage\",\"url\":\"https:\/\/zecovalve.com\/product\/motorized-ball-valve\",\"name\":\"Motorized Ball Valve - Motorized Ball Valve Supplier | ZECO Valve\",\"isPartOf\":{\"@id\":\"https:\/\/zecovalve.com\/#website\"},\"primaryImageOfPage\":{\"@id\":\"https:\/\/zecovalve.com\/product\/motorized-ball-valve#primaryimage\"},\"datePublished\":\"2022-06-19T03:44:20+00:00\",\"dateModified\":\"2023-06-07T07:01:41+00:00\",\"breadcrumb\":{\"@id\":\"https:\/\/zecovalve.com\/product\/motorized-ball-valve#breadcrumb\"},\"inLanguage\":\"es\",\"potentialAction\":[{\"@type\":\"ReadAction\",\"target\":[\"https:\/\/zecovalve.com\/product\/motorized-ball-valve\"]}]},{\"@type\":\"BreadcrumbList\",\"@id\":\"https:\/\/zecovalve.com\/product\/motorized-ball-valve#breadcrumb\",\"itemListElement\":[{\"@type\":\"ListItem\",\"position\":1,\"item\":{\"@type\":\"WebPage\",\"@id\":\"https:\/\/zecovalve.com\/\",\"url\":\"https:\/\/zecovalve.com\/\",\"name\":\"Home\"}},{\"@type\":\"ListItem\",\"position\":2,\"item\":{\"@type\":\"WebPage\",\"@id\":\"https:\/\/zecovalve.com\/product-category\",\"url\":\"https:\/\/zecovalve.com\/product-category\",\"name\":\"Industrial Valve Manufacturer | Water Valve Manufacturer\"}},{\"@type\":\"ListItem\",\"position\":3,\"item\":{\"@type\":\"WebPage\",\"@id\":\"https:\/\/zecovalve.com\/product\/motorized-ball-valve\",\"url\":\"https:\/\/zecovalve.com\/product\/motorized-ball-valve\",\"name\":\"Motorized Ball Valve\"}}]}]}<\/script>\n<!-- \/ Yoast SEO Premium plugin. -->","_links":{"self":[{"href":"https:\/\/zecovalve.com\/es\/wp-json\/wp\/v2\/product\/16101","targetHints":{"allow":["GET"]}}],"collection":[{"href":"https:\/\/zecovalve.com\/es\/wp-json\/wp\/v2\/product"}],"about":[{"href":"https:\/\/zecovalve.com\/es\/wp-json\/wp\/v2\/types\/product"}],"replies":[{"embeddable":true,"href":"https:\/\/zecovalve.com\/es\/wp-json\/wp\/v2\/comments?post=16101"}],"wp:featuredmedia":[{"embeddable":true,"href":"https:\/\/zecovalve.com\/es\/wp-json\/wp\/v2\/media\/27850"}],"wp:attachment":[{"href":"https:\/\/zecovalve.com\/es\/wp-json\/wp\/v2\/media?parent=16101"}],"wp:term":[{"taxonomy":"product_cat","embeddable":true,"href":"https:\/\/zecovalve.com\/es\/wp-json\/wp\/v2\/product_cat?post=16101"},{"taxonomy":"product_tag","embeddable":true,"href":"https:\/\/zecovalve.com\/es\/wp-json\/wp\/v2\/product_tag?post=16101"}],"curies":[{"name":"wp","href":"https:\/\/api.w.org\/{rel}","templated":true}]}}