{"id":16105,"date":"2022-06-19T03:50:30","date_gmt":"2022-06-19T03:50:30","guid":{"rendered":"https:\/\/zecovalve.com\/?post_type=product&#038;p=16105"},"modified":"2023-06-15T13:56:21","modified_gmt":"2023-06-15T13:56:21","slug":"cryogenic-globe-valve","status":"publish","type":"product","link":"https:\/\/zecovalve.com\/es\/producto\/cryogenic-globe-valve","title":{"rendered":"V\u00e1lvula de globo criog\u00e9nica"},"content":{"rendered":"<p>Las v\u00e1lvulas criog\u00e9nicas, como su nombre indica, son v\u00e1lvulas que se utilizan en aplicaciones de fr\u00edo extremo.<\/p>\r\n\r\n\r\n\r\n<figure class=\"wp-block-image alignnone size-medium wp-image-16107\">\r\n<p><img loading=\"lazy\" decoding=\"async\" class=\"wp-image-27903 size-medium\" src=\"https:\/\/zecovalve.com\/wp-content\/uploads\/2022\/06\/Cryogenic-Globe-Valve-1-300x225.jpg\" alt=\"V\u00e1lvula de globo criog\u00e9nica\" width=\"300\" height=\"225\" srcset=\"https:\/\/zecovalve.com\/wp-content\/uploads\/2022\/06\/Cryogenic-Globe-Valve-1-300x225.jpg 300w, https:\/\/zecovalve.com\/wp-content\/uploads\/2022\/06\/Cryogenic-Globe-Valve-1-768x576.jpg 768w, https:\/\/zecovalve.com\/wp-content\/uploads\/2022\/06\/Cryogenic-Globe-Valve-1-600x450.jpg 600w, https:\/\/zecovalve.com\/wp-content\/uploads\/2022\/06\/Cryogenic-Globe-Valve-1.jpg 800w\" sizes=\"auto, (max-width: 300px) 100vw, 300px\" \/><\/p>\r\n<\/figure>\r\n\r\n\r\n<div class=\"gb-button-wrapper gb-button-wrapper-6d8495a3\">\r\n\r\n\r\n<p><a class=\"gb-button gb-button-3d442e11 gb-button-text\" href=\"https:\/\/zecovalve.com\/es\/contact\/\" target=\"_blank\" rel=\"noopener noreferrer\"><strong>OBTENER PRECIO DE V\u00c1LVULA DE GLOBO CRIOG\u00c9NICA<\/strong><\/a><\/p>\r\n<\/div>\r\n\r\n\r\n\r\n\r\n<h2 class=\"wp-block-heading\">\u00bfQu\u00e9 es una v\u00e1lvula criog\u00e9nica?<\/h2>\r\n\r\n\r\n\r\n<p>Las v\u00e1lvulas criog\u00e9nicas est\u00e1n dise\u00f1adas para utilizarse en aplicaciones muy fr\u00edas.<\/p>\r\n\r\n\r\n\r\n<p>Las v\u00e1lvulas criog\u00e9nicas se construyen para ayudar a transportar y almacenar estos gases criog\u00e9nicos de forma segura y eficaz.<\/p>\r\n\r\n\r\n\r\n<h2 class=\"wp-block-heading\">\u00bfC\u00f3mo funcionan las v\u00e1lvulas criog\u00e9nicas?<\/h2>\r\n\r\n\r\n\r\n<p>Las v\u00e1lvulas criog\u00e9nicas se mantienen en una posici\u00f3n natural cerrada para mantener los gases criog\u00e9nicos u otros medios seguros y contenidos. Una v\u00e1lvula criog\u00e9nica suele estar dise\u00f1ada para reaccionar a una presi\u00f3n elevada que empuja la v\u00e1lvula a la posici\u00f3n abierta para permitir que el gas u otro medio fluya f\u00e1cilmente a trav\u00e9s de ella. Este flujo abierto continuar\u00e1 hasta que la presi\u00f3n vuelva a disminuir, momento en el que volver\u00e1 a girar nd sellarse con un cierre herm\u00e9tico a las burbujas de asiento met\u00e1lico especial para evitar cualquier fuga.<\/p>\r\n\r\n\r\n\r\n<h2 class=\"wp-block-heading\" id=\"h-applications-of-cryogenic-valves\">Aplicaciones de las v\u00e1lvulas criog\u00e9nicas<\/h2>\r\n\r\n\r\n\r\n<ul class=\"wp-block-list\">\r\n<li>GNL (gas natural licuado): Plantas de licuefacci\u00f3n de GNL , Terminal<\/li>\r\n<li>Plantas de etileno<\/li>\r\n<li>Planta industrial de gases a baja temperatura<\/li>\r\n<\/ul>\r\n\r\n\r\n\r\n<h2 class=\"wp-block-heading\" id=\"h-what-is-a-cryogenic-globe-valve\">\u00bfQu\u00e9 es una v\u00e1lvula de globo criog\u00e9nica?<\/h2>\r\n\r\n\r\n\r\n<p>ZECO v\u00e1lvula de globo criog\u00e9nico est\u00e1 disponible en baja temperatura -196 \u2103 par ultra-baja que bajo la condici\u00f3n de baja temperatura y un funcionamiento estable, y valid\u00f3 el material de sellado de materiales de baja temperatura tambi\u00e9n asegura ZECO v\u00e1lvula de globo criog\u00e9nico puede ser en casos extremos, buen rendimiento de sellado y larga vida \u00fatil y ZECO es un exportador profesional de la v\u00e1lvula de globo criog\u00e9nico, los productos son ampliamente utilizados en GNL, GLP y otras condiciones industriales a baja temperatura. V\u00e1lvula de globo criog\u00e9nico de almacenamiento tambi\u00e9n es muy importante, si quieres un par de semanas o meses a las v\u00e1lvulas de almacenamiento, necesidad de costo para la mejora de las condiciones de almacenamiento original. V\u00e1lvula generalmente almacenamiento en interiores, hacer que la temperatura real de las v\u00e1lvulas es superior a la temperatura del punto de roc\u00edo. Si las v\u00e1lvulas deben ser de almacenamiento al aire libre, debe ser apoyado, para no entrar en contacto con el suelo, y el uso de cubierta impermeable para evitar.<\/p>\r\n\r\n\r\n\r\n<h2 class=\"wp-block-heading\" id=\"h-features-of-cryogenic-globe-valve\">Caracter\u00edsticas de la v\u00e1lvula de globo criog\u00e9nica:<\/h2>\r\n\r\n\r\n\r\n<ul class=\"wp-block-list\">\r\n<li>La superficie del asiento del obturador de la v\u00e1lvula de globo criog\u00e9nica ZECO es de dise\u00f1o de disco est\u00e1ndar, as\u00ed como esf\u00e9rica, par\u00e1bola o superficie de asiento plana es opcional a petici\u00f3n del cliente;<\/li>\r\n<li>Debido a que las tuber\u00edas de media y baja presi\u00f3n pueden ser bien conectadas y selladas por conexi\u00f3n de brida, las v\u00e1lvulas de globo criog\u00e9nicas ZECO por debajo de 600 lb se conectan generalmente con conexi\u00f3n de brida, mientras que por encima de 600 lb se conectan generalmente con conexi\u00f3n RTJ para conectar mejor la v\u00e1lvula a la tuber\u00eda debido a la alta presi\u00f3n;<\/li>\r\n<li>Para mantener el prensaestopas alejado de los medios a baja temperatura y evitar da\u00f1os por contacto a largo plazo que afecten al rendimiento del sellado, el v\u00e1stago de la v\u00e1lvula de globo criog\u00e9nica ZECO es m\u00e1s largo para que la empaquetadura dure m\u00e1s;<\/li>\r\n<li>El v\u00e1stago de la v\u00e1lvula de globo criog\u00e9nica ZECO est\u00e1 dise\u00f1ado en antiexplosi\u00f3n.<\/li>\r\n<\/ul>\r\n\r\n\r\n\r\n<h2 class=\"wp-block-heading\" id=\"h-material-of-cryogenic-globe-valve\">Material de la v\u00e1lvula de globo criog\u00e9nica:<\/h2>\r\n\r\n\r\n\r\n<figure class=\"wp-block-table\">\r\n<table>\r\n<tbody>\r\n<tr>\r\n<td>No<\/td>\r\n<td>Pieza<\/td>\r\n<td>Material<\/td>\r\n<\/tr>\r\n<tr>\r\n<td>1<\/td>\r\n<td>Cuerpo<\/td>\r\n<td>ASTM A352 LCC<\/td>\r\n<\/tr>\r\n<tr>\r\n<td>2<\/td>\r\n<td>Disco<\/td>\r\n<td>ASTM A182 F316<\/td>\r\n<\/tr>\r\n<tr>\r\n<td>3<\/td>\r\n<td>V\u00e1stago<\/td>\r\n<td>ASTM A276 316<\/td>\r\n<\/tr>\r\n<tr>\r\n<td>4<\/td>\r\n<td>Junta del cap\u00f3<\/td>\r\n<td>Grafito + SS316<\/td>\r\n<\/tr>\r\n<tr>\r\n<td>5<\/td>\r\n<td>Cap\u00f3<\/td>\r\n<td>ASTM A352 LCC<\/td>\r\n<\/tr>\r\n<tr>\r\n<td>6<\/td>\r\n<td>Perno del cap\u00f3<\/td>\r\n<td>ASTM A320 L7M<\/td>\r\n<\/tr>\r\n<tr>\r\n<td>7<\/td>\r\n<td>Tuerca de sombrerete<\/td>\r\n<td>ASTM A194 7M<\/td>\r\n<\/tr>\r\n<tr>\r\n<td>8<\/td>\r\n<td>Empaquetadura de v\u00e1stago<\/td>\r\n<td>Grafito reforzado<\/td>\r\n<\/tr>\r\n<tr>\r\n<td>9<\/td>\r\n<td>Gl\u00e1ndula<\/td>\r\n<td>ASTM A276 316<\/td>\r\n<\/tr>\r\n<tr>\r\n<td>10<\/td>\r\n<td>Gland Eyebolt<\/td>\r\n<td>ASTM A320 L7M<\/td>\r\n<\/tr>\r\n<tr>\r\n<td>11<\/td>\r\n<td>Tuerca del v\u00e1stago<\/td>\r\n<td>ASTM B148<\/td>\r\n<\/tr>\r\n<\/tbody>\r\n<\/table>\r\n<\/figure>","protected":false},"excerpt":{"rendered":"<p>Las v\u00e1lvulas criog\u00e9nicas, como su nombre indica, son v\u00e1lvulas que se utilizan en aplicaciones de fr\u00edo extremo. \u00bfQu\u00e9 es una v\u00e1lvula criog\u00e9nica? V\u00e1lvulas criog\u00e9nicas... <a title=\"V\u00e1lvula de globo criog\u00e9nica\" class=\"read-more\" href=\"https:\/\/zecovalve.com\/es\/producto\/cryogenic-globe-valve\" aria-label=\"M\u00e1s en V\u00e1lvula de globo criog\u00e9nica\">Leer m\u00e1s<\/a><\/p>","protected":false},"featured_media":27903,"comment_status":"closed","ping_status":"closed","template":"","meta":{"_generate-full-width-content":"","kt_blocks_editor_width":""},"product_cat":[2457,2049],"product_tag":[3988,3989],"class_list":["post-16105","product","type-product","status-publish","has-post-thumbnail","hentry","product_cat-gate-valve-by-drive-mode","product_cat-globe-valve","product_tag-wholesale-abs-double-union-ball-check-valve-factory","product_tag-wholesale-abs-double-union-ball-check-valve-suppliers","sales-flash-overlay","woocommerce-text-align-center","woocommerce-image-align-center","do-quantity-buttons"],"featured_image_src_large":["https:\/\/zecovalve.com\/wp-content\/uploads\/2022\/06\/Cryogenic-Globe-Valve-1.jpg",800,600,false],"author_info":[],"comment_info":0,"taxonomy_info":{"product_cat":[{"value":2457,"label":"Gate Valve with Actuator"},{"value":2049,"label":"Globe Valve"}],"product_tag":[{"value":3988,"label":"wholesale abs double union ball check valve factory"},{"value":3989,"label":"wholesale abs double union ball check valve suppliers"}]},"yoast_head":"<!-- This site is optimized with the Yoast SEO Premium plugin v15.4 - https:\/\/yoast.com\/wordpress\/plugins\/seo\/ -->\n<title>Cryogenic Globe Valve - Cryogenic Valve Manufacturer | ZECO Valve<\/title>\n<meta name=\"robots\" content=\"index, follow, max-snippet:-1, max-image-preview:large, max-video-preview:-1\" \/>\n<link rel=\"canonical\" href=\"https:\/\/zecovalve.com\/es\/producto\/cryogenic-globe-valve\" \/>\n<meta property=\"og:locale\" content=\"es_ES\" \/>\n<meta property=\"og:type\" content=\"article\" \/>\n<meta property=\"og:title\" content=\"Cryogenic Globe Valve - Cryogenic Valve Manufacturer | ZECO Valve\" \/>\n<meta property=\"og:description\" content=\"Cryogenic valves, as the name indicates, are valves that are used in extremely cold applications. What is a Cryogenic Valve? Cryogenic valves ... Leer m\u00e1s\" \/>\n<meta property=\"og:url\" content=\"https:\/\/zecovalve.com\/es\/producto\/cryogenic-globe-valve\" \/>\n<meta property=\"og:site_name\" content=\"ZECO Valve\" \/>\n<meta property=\"article:modified_time\" content=\"2023-06-15T13:56:21+00:00\" \/>\n<meta property=\"og:image\" content=\"https:\/\/zecovalve.com\/wp-content\/uploads\/2022\/06\/Cryogenic-Globe-Valve-1.jpg\" \/>\n\t<meta property=\"og:image:width\" content=\"800\" \/>\n\t<meta property=\"og:image:height\" content=\"600\" \/>\n<meta name=\"twitter:card\" content=\"summary_large_image\" \/>\n<meta name=\"twitter:label1\" content=\"Escrito por\">\n\t<meta name=\"twitter:data1\" content=\"Jerry\">\n\t<meta name=\"twitter:label2\" content=\"Tiempo de lectura\">\n\t<meta name=\"twitter:data2\" content=\"2 minutos\">\n<script type=\"application\/ld+json\" class=\"yoast-schema-graph\">{\"@context\":\"https:\/\/schema.org\",\"@graph\":[{\"@type\":\"WebSite\",\"@id\":\"https:\/\/zecovalve.com\/#website\",\"url\":\"https:\/\/zecovalve.com\/\",\"name\":\"ZECO Valve\",\"description\":\"Industrial Ball Valve, Gate Valve and Globe Valve Manufacturer\",\"potentialAction\":[{\"@type\":\"SearchAction\",\"target\":\"https:\/\/zecovalve.com\/?s={search_term_string}\",\"query-input\":\"required name=search_term_string\"}],\"inLanguage\":\"es\"},{\"@type\":\"ImageObject\",\"@id\":\"https:\/\/zecovalve.com\/product\/cryogenic-globe-valve#primaryimage\",\"inLanguage\":\"es\",\"url\":\"https:\/\/zecovalve.com\/wp-content\/uploads\/2022\/06\/Cryogenic-Globe-Valve-1.jpg\",\"width\":800,\"height\":600,\"caption\":\"Cryogenic Globe Valve\"},{\"@type\":\"WebPage\",\"@id\":\"https:\/\/zecovalve.com\/product\/cryogenic-globe-valve#webpage\",\"url\":\"https:\/\/zecovalve.com\/product\/cryogenic-globe-valve\",\"name\":\"Cryogenic Globe Valve - Cryogenic Valve Manufacturer | ZECO Valve\",\"isPartOf\":{\"@id\":\"https:\/\/zecovalve.com\/#website\"},\"primaryImageOfPage\":{\"@id\":\"https:\/\/zecovalve.com\/product\/cryogenic-globe-valve#primaryimage\"},\"datePublished\":\"2022-06-19T03:50:30+00:00\",\"dateModified\":\"2023-06-15T13:56:21+00:00\",\"breadcrumb\":{\"@id\":\"https:\/\/zecovalve.com\/product\/cryogenic-globe-valve#breadcrumb\"},\"inLanguage\":\"es\",\"potentialAction\":[{\"@type\":\"ReadAction\",\"target\":[\"https:\/\/zecovalve.com\/product\/cryogenic-globe-valve\"]}]},{\"@type\":\"BreadcrumbList\",\"@id\":\"https:\/\/zecovalve.com\/product\/cryogenic-globe-valve#breadcrumb\",\"itemListElement\":[{\"@type\":\"ListItem\",\"position\":1,\"item\":{\"@type\":\"WebPage\",\"@id\":\"https:\/\/zecovalve.com\/\",\"url\":\"https:\/\/zecovalve.com\/\",\"name\":\"Home\"}},{\"@type\":\"ListItem\",\"position\":2,\"item\":{\"@type\":\"WebPage\",\"@id\":\"https:\/\/zecovalve.com\/product-category\",\"url\":\"https:\/\/zecovalve.com\/product-category\",\"name\":\"Industrial Valve Manufacturer | Water Valve Manufacturer\"}},{\"@type\":\"ListItem\",\"position\":3,\"item\":{\"@type\":\"WebPage\",\"@id\":\"https:\/\/zecovalve.com\/product\/cryogenic-globe-valve\",\"url\":\"https:\/\/zecovalve.com\/product\/cryogenic-globe-valve\",\"name\":\"Cryogenic Globe Valve\"}}]}]}<\/script>\n<!-- \/ Yoast SEO Premium plugin. -->","_links":{"self":[{"href":"https:\/\/zecovalve.com\/es\/wp-json\/wp\/v2\/product\/16105","targetHints":{"allow":["GET"]}}],"collection":[{"href":"https:\/\/zecovalve.com\/es\/wp-json\/wp\/v2\/product"}],"about":[{"href":"https:\/\/zecovalve.com\/es\/wp-json\/wp\/v2\/types\/product"}],"replies":[{"embeddable":true,"href":"https:\/\/zecovalve.com\/es\/wp-json\/wp\/v2\/comments?post=16105"}],"wp:featuredmedia":[{"embeddable":true,"href":"https:\/\/zecovalve.com\/es\/wp-json\/wp\/v2\/media\/27903"}],"wp:attachment":[{"href":"https:\/\/zecovalve.com\/es\/wp-json\/wp\/v2\/media?parent=16105"}],"wp:term":[{"taxonomy":"product_cat","embeddable":true,"href":"https:\/\/zecovalve.com\/es\/wp-json\/wp\/v2\/product_cat?post=16105"},{"taxonomy":"product_tag","embeddable":true,"href":"https:\/\/zecovalve.com\/es\/wp-json\/wp\/v2\/product_tag?post=16105"}],"curies":[{"name":"wp","href":"https:\/\/api.w.org\/{rel}","templated":true}]}}