{"id":16108,"date":"2022-06-19T03:52:47","date_gmt":"2022-06-19T03:52:47","guid":{"rendered":"https:\/\/zecovalve.com\/?post_type=product&#038;p=16108"},"modified":"2023-06-15T13:57:03","modified_gmt":"2023-06-15T13:57:03","slug":"cast-steel-globe-valve","status":"publish","type":"product","link":"https:\/\/zecovalve.com\/es\/producto\/cast-steel-globe-valve","title":{"rendered":"V\u00e1lvula de globo de acero fundido"},"content":{"rendered":"<p>ZECO v\u00e1lvula de globo de acero fundido es forzada v\u00e1lvula sellada, cierre de la v\u00e1lvula, se debe aplicar a la presi\u00f3n del disco para forzar la superficie de sellado no tiene fugas.<\/p>\r\n\r\n\r\n\r\n<figure class=\"wp-block-image alignnone size-medium wp-image-16109\">\r\n<p><img loading=\"lazy\" decoding=\"async\" class=\"wp-image-27904 size-medium\" src=\"https:\/\/zecovalve.com\/wp-content\/uploads\/2022\/06\/Cast-Steel-Globe-Valve-1-300x225.jpg\" alt=\"V\u00e1lvula de globo de acero fundido\" width=\"300\" height=\"225\" srcset=\"https:\/\/zecovalve.com\/wp-content\/uploads\/2022\/06\/Cast-Steel-Globe-Valve-1-300x225.jpg 300w, https:\/\/zecovalve.com\/wp-content\/uploads\/2022\/06\/Cast-Steel-Globe-Valve-1-768x576.jpg 768w, https:\/\/zecovalve.com\/wp-content\/uploads\/2022\/06\/Cast-Steel-Globe-Valve-1-600x450.jpg 600w, https:\/\/zecovalve.com\/wp-content\/uploads\/2022\/06\/Cast-Steel-Globe-Valve-1.jpg 800w\" sizes=\"auto, (max-width: 300px) 100vw, 300px\" \/><\/p>\r\n<\/figure>\r\n\r\n\r\n<div class=\"gb-button-wrapper gb-button-wrapper-6d8495a3\">\r\n\r\n\r\n<p><a class=\"gb-button gb-button-3d442e11 gb-button-text\" href=\"https:\/\/zecovalve.com\/es\/contact\/\" target=\"_blank\" rel=\"noopener noreferrer\"><strong>OBTENER PRECIO DE V\u00c1LVULA DE GLOBO DE ACERO FUNDIDO<\/strong><\/a><\/p>\r\n<\/div>\r\n\r\n\r\n\r\n\r\n<h2 class=\"wp-block-heading\" id=\"h-what-is-a-cast-steel-globe-valve\">\u00bfQu\u00e9 es una v\u00e1lvula de globo de acero fundido?<\/h2>\r\n\r\n\r\n\r\n<p>V\u00e1lvulas de globo de acero fundido se utilizan principalmente para ocasiones de alta presi\u00f3n y peque\u00f1o tama\u00f1o, la funci\u00f3n es conectar o truncar medio de tuber\u00edas.<\/p>\r\n\r\n\r\n\r\n<p>Las v\u00e1lvulas de globo de acero fundido est\u00e1n dise\u00f1adas y fabricadas para garantizar fugas inferiores a 100 ppm (partes por mill\u00f3n) de compuestos org\u00e1nicos vol\u00e1tiles.<\/p>\r\n\r\n\r\n\r\n<p>Al abrir y cerrar, girando el v\u00e1stago alrededor del eje para el movimiento lineal; casi no hay fricci\u00f3n entre las caras de sellado, y la altura abierta es peque\u00f1a (En teor\u00eda, la altura de la abertura es de 1 \/ 4 Di\u00e1metro del asiento), por lo que la altura total de la v\u00e1lvula es relativamente peque\u00f1o. La desventaja es debido a las razones estructurales de la v\u00e1lvula para que la resistencia al flujo y el par de apertura y cierre es un poco grande, se requiere la direcci\u00f3n del flujo medio (por lo general baja en m\u00e1s alto). La aplicaci\u00f3n del rango de presi\u00f3n y temperatura es grande de la v\u00e1lvula de globo, pero generalmente se utiliza para tuber\u00edas de tama\u00f1o medio y peque\u00f1o.<\/p>\r\n\r\n\r\n\r\n<h2 class=\"wp-block-heading\">\u00bfC\u00f3mo funciona una v\u00e1lvula de globo de acero fundido?<\/h2>\r\n\r\n\r\n\r\n<p>Cuando el medio entra en el cuerpo de la v\u00e1lvula por debajo del disco, la resistencia a vencer por la fuerza de operaci\u00f3n es la fuerza de fricci\u00f3n entre el v\u00e1stago y la empaquetadura y la fuerza de empuje producida por la presi\u00f3n del medio, por lo que el di\u00e1metro del v\u00e1stago de la v\u00e1lvula a ser grande, se producir\u00e1 la flexi\u00f3n del v\u00e1stago de la v\u00e1lvula. Los cuerpos de las v\u00e1lvulas de globo se dise\u00f1an teniendo en cuenta las mismas caracter\u00edsticas que las v\u00e1lvulas de compuerta, lo que en este caso significa que el disco se gu\u00eda en v\u00e1lvulas de mayor tama\u00f1o o servicio a alta presi\u00f3n para evitar vibraciones y conseguir un mejor asiento.<\/p>\r\n\r\n\r\n\r\n<h2 class=\"wp-block-heading\" id=\"h-features-of-cast-steel-globe-valves\">Caracter\u00edsticas de las v\u00e1lvulas de globo de acero fundido<\/h2>\r\n\r\n\r\n\r\n<ul class=\"wp-block-list\">\r\n<li>La v\u00e1lvula de globo de acero fundido ZECO est\u00e1 dise\u00f1ada con v\u00e1stago antiexplosi\u00f3n para evitar que el personal de mantenimiento da\u00f1e el v\u00e1stago de la v\u00e1lvula cuando sea necesario sustituir la empaquetadura durante el mantenimiento;<\/li>\r\n<li>La superficie del asiento del obturador de la v\u00e1lvula de globo de acero fundido ZECO puede dise\u00f1arse en forma esf\u00e9rica, par\u00e1bola o plana u otra opcional a petici\u00f3n del cliente;<\/li>\r\n<li>Los c\u00e1ncamos del prensaestopas de la v\u00e1lvula de globo de acero fundido ZECO est\u00e1n montados para girar a un lado y facilitar el mantenimiento de la empaquetadura;<\/li>\r\n<li>La cara de sellado de la v\u00e1lvula de globo de acero fundido ZECO es dura al desgaste y la abrasi\u00f3n, buen rendimiento de sellado, no hubo deslizamiento relativo entre el pist\u00f3n y la cara de sellado del asiento al abrir y cerrar, por lo que el desgaste y la abrasi\u00f3n no es grave, buen rendimiento de sellado, larga vida.<\/li>\r\n<li>Cuerpos bien dise\u00f1ados que minimizan las turbulencias y las p\u00e9rdidas de caudal;<\/li>\r\n<li>La disposici\u00f3n del asiento trasero permite la sustituci\u00f3n de la empaquetadura mientras la v\u00e1lvula est\u00e1 en posici\u00f3n totalmente abierta y est\u00e1 disponible en dos dise\u00f1os de disco diferentes: tipo ON\/OFF y tipo de control de caudal;<\/li>\r\n<li>Para garantizar un rendimiento sin problemas, las superficies de asiento est\u00e1n mecanizadas con precisi\u00f3n y perfectamente lapeadas;<\/li>\r\n<li>Dispositivo de bloqueo opcional o extensi\u00f3n del v\u00e1stago Bonete de cierre a presi\u00f3n;<\/li>\r\n<li>Montaje directo opcional seg\u00fan ISO 5211.<\/li>\r\n<\/ul>\r\n\r\n\r\n\r\n<h2 class=\"wp-block-heading\" id=\"h-product-range-of-cast-steel-globe-valves\">Gama de productos de v\u00e1lvulas de globo de acero fundido<\/h2>\r\n\r\n\r\n\r\n<ul class=\"wp-block-list\">\r\n<li><span style=\"background-color: var(--base-3); color: var(--contrast);\">Di\u00e1metro nominal: 1\/2\u2033\uff5e24\u2033.<\/span><\/li>\r\n<li>Rango de presi\u00f3n: Clase150\uff5e2500<\/li>\r\n<li>Conexi\u00f3n final: Con bridas (FF, RF, RTJ) seg\u00fan normas internacionales<\/li>\r\n<li>Temperatura de trabajo:-29\u2103\uff5e425\u2103<\/li>\r\n<li>OS&amp;Y, v\u00e1stago exterior y yugo<\/li>\r\n<li>Sellado met\u00e1lico (API Trim # 1, #5, #8, #10, etc.)<\/li>\r\n<li>Reducir Puerto<\/li>\r\n<li>Funcionamiento: Volante, caja de cambios, actuador el\u00e9ctrico, etc.<\/li>\r\n<li>Dispositivo de bloqueo opcional o extensi\u00f3n del v\u00e1stago<\/li>\r\n<li>Montaje directo opcional seg\u00fan ISO 5211<\/li>\r\n<\/ul>\r\n\r\n\r\n\r\n<h2 class=\"wp-block-heading\" id=\"h-material-of-cast-steel-globe-valves\">Material de las v\u00e1lvulas de globo de acero fundido<\/h2>\r\n\r\n\r\n\r\n<figure class=\"wp-block-table is-style-stripes\">\r\n<table>\r\n<tbody>\r\n<tr>\r\n<td>No<\/td>\r\n<td>Pieza<\/td>\r\n<td>Material<\/td>\r\n<\/tr>\r\n<tr>\r\n<td>1<\/td>\r\n<td>Cuerpo<\/td>\r\n<td>ASTM A216 WCB + 13Cr<\/td>\r\n<\/tr>\r\n<tr>\r\n<td>2<\/td>\r\n<td>Disco<\/td>\r\n<td>ASTM A105 + 13Cr<\/td>\r\n<\/tr>\r\n<tr>\r\n<td>3<\/td>\r\n<td>V\u00e1stago<\/td>\r\n<td>ASTM A276 410<\/td>\r\n<\/tr>\r\n<tr>\r\n<td>4<\/td>\r\n<td>Junta del cap\u00f3<\/td>\r\n<td>Grafito + SS304<\/td>\r\n<\/tr>\r\n<tr>\r\n<td>5<\/td>\r\n<td>Cap\u00f3<\/td>\r\n<td>ASTM A216 WCB<\/td>\r\n<\/tr>\r\n<tr>\r\n<td>6<\/td>\r\n<td>Perno del cap\u00f3<\/td>\r\n<td>ASTM A193 B7<\/td>\r\n<\/tr>\r\n<tr>\r\n<td>7<\/td>\r\n<td>Tuerca de sombrerete<\/td>\r\n<td>ASTM A194 2H<\/td>\r\n<\/tr>\r\n<tr>\r\n<td>8<\/td>\r\n<td>Empaquetadura de v\u00e1stago<\/td>\r\n<td>Grafito reforzado<\/td>\r\n<\/tr>\r\n<tr>\r\n<td>9<\/td>\r\n<td>Gl\u00e1ndula<\/td>\r\n<td>ASTM A276 410<\/td>\r\n<\/tr>\r\n<tr>\r\n<td>10<\/td>\r\n<td>Gland Eyebolt<\/td>\r\n<td>ASTM A193 B7<\/td>\r\n<\/tr>\r\n<tr>\r\n<td>11<\/td>\r\n<td>Tuerca del v\u00e1stago<\/td>\r\n<td>ASTM B148<\/td>\r\n<\/tr>\r\n<\/tbody>\r\n<\/table>\r\n<h2>Detalles sobre la compra de V\u00e1lvula de globo de acero fundido<\/h2>\r\n<\/figure>\r\n\r\n\r\n\r\n<figure class=\"wp-block-table is-style-stripes\">\r\n<table>\r\n<tbody>\r\n<tr>\r\n<td>valvula globo Fabricantes<\/td>\r\n<td>ZECO<\/td>\r\n<\/tr>\r\n<tr>\r\n<td>Tipo de v\u00e1lvula<\/td>\r\n<td>V\u00e1lvula de globo de acero fundido<\/td>\r\n<\/tr>\r\n<tr>\r\n<td>Material de la v\u00e1lvula<\/td>\r\n<td>Acero fundido, etc.<\/td>\r\n<\/tr>\r\n<tr>\r\n<td>Prueba de v\u00e1lvulas<\/td>\r\n<td>100% cantidad probada antes de la entrega<\/td>\r\n<\/tr>\r\n<tr>\r\n<td>Garant\u00eda de v\u00e1lvulas<\/td>\r\n<td>18 meses a partir de la fecha de env\u00edo desde f\u00e1brica, o 12 meses a partir de la fecha de instalaci\u00f3n de la mercanc\u00eda.<\/td>\r\n<\/tr>\r\n<tr>\r\n<td>Pintura de v\u00e1lvulas<\/td>\r\n<td>Solicitud del cliente<\/td>\r\n<\/tr>\r\n<tr>\r\n<td>Paquete de v\u00e1lvulas<\/td>\r\n<td>Caja de madera<\/td>\r\n<\/tr>\r\n<tr>\r\n<td>MOQ<\/td>\r\n<td>Ning\u00fan requisito<\/td>\r\n<\/tr>\r\n<tr>\r\n<td>Certificado de v\u00e1lvulas<\/td>\r\n<td>API 623, BS1873, ASME B16.34 o equivalentes<\/td>\r\n<\/tr>\r\n<tr>\r\n<td>Detalle de entrega<\/td>\r\n<td>Env\u00edo en 4 \u00f3 6 semanas tras el pago<\/td>\r\n<\/tr>\r\n<tr>\r\n<td>Puerto<\/td>\r\n<td>SHANGHAI<\/td>\r\n<\/tr>\r\n<tr>\r\n<td>Condiciones de pago<\/td>\r\n<td>L\/C, D\/A, D\/P, T\/T<\/td>\r\n<\/tr>\r\n<tr>\r\n<td>Certificado ofrecido<\/td>\r\n<td>Lista de empaque, factura comercial, informes de pruebas y certificados de materiales, certificado de calidad y cantidad, certificado de garant\u00eda del vendedor.<\/td>\r\n<\/tr>\r\n<\/tbody>\r\n<\/table>\r\n<\/figure>","protected":false},"excerpt":{"rendered":"<p>La v\u00e1lvula de globo de acero fundido ZECO es una v\u00e1lvula sellada forzada, cierre de v\u00e1lvula, se debe aplicar presi\u00f3n al disco para forzar el sellado... <a title=\"V\u00e1lvula de globo de acero fundido\" class=\"read-more\" href=\"https:\/\/zecovalve.com\/es\/producto\/cast-steel-globe-valve\" aria-label=\"M\u00e1s en V\u00e1lvula de globo de acero fundido\">Leer m\u00e1s<\/a><\/p>","protected":false},"featured_media":27904,"comment_status":"closed","ping_status":"closed","template":"","meta":{"_generate-full-width-content":"","kt_blocks_editor_width":""},"product_cat":[2049],"product_tag":[],"class_list":["post-16108","product","type-product","status-publish","has-post-thumbnail","hentry","product_cat-globe-valve","sales-flash-overlay","woocommerce-text-align-center","woocommerce-image-align-center","do-quantity-buttons"],"featured_image_src_large":["https:\/\/zecovalve.com\/wp-content\/uploads\/2022\/06\/Cast-Steel-Globe-Valve-1.jpg",800,600,false],"author_info":[],"comment_info":0,"taxonomy_info":{"product_cat":[{"value":2049,"label":"Globe Valve"}]},"yoast_head":"<!-- This site is optimized with the Yoast SEO Premium plugin v15.4 - https:\/\/yoast.com\/wordpress\/plugins\/seo\/ -->\n<title>Cast Steel Globe Valve - Globe Valve Manufacturer | ZECO Valve<\/title>\n<meta name=\"robots\" content=\"index, follow, max-snippet:-1, max-image-preview:large, max-video-preview:-1\" \/>\n<link rel=\"canonical\" href=\"https:\/\/zecovalve.com\/es\/producto\/cast-steel-globe-valve\" \/>\n<meta property=\"og:locale\" content=\"es_ES\" \/>\n<meta property=\"og:type\" content=\"article\" \/>\n<meta property=\"og:title\" content=\"Cast Steel Globe Valve - Globe Valve Manufacturer | ZECO Valve\" \/>\n<meta property=\"og:description\" content=\"ZECO cast steel globe valve is forced sealed valve, valve closure, must be applied to the disc pressure to force the sealing ... Leer m\u00e1s\" \/>\n<meta property=\"og:url\" content=\"https:\/\/zecovalve.com\/es\/producto\/cast-steel-globe-valve\" \/>\n<meta property=\"og:site_name\" content=\"ZECO Valve\" \/>\n<meta property=\"article:modified_time\" content=\"2023-06-15T13:57:03+00:00\" \/>\n<meta property=\"og:image\" content=\"https:\/\/zecovalve.com\/wp-content\/uploads\/2022\/06\/Cast-Steel-Globe-Valve-1.jpg\" \/>\n\t<meta property=\"og:image:width\" content=\"800\" \/>\n\t<meta property=\"og:image:height\" content=\"600\" \/>\n<meta name=\"twitter:card\" content=\"summary_large_image\" \/>\n<meta name=\"twitter:label1\" content=\"Escrito por\">\n\t<meta name=\"twitter:data1\" content=\"Jerry\">\n\t<meta name=\"twitter:label2\" content=\"Tiempo de lectura\">\n\t<meta name=\"twitter:data2\" content=\"3 minutos\">\n<script type=\"application\/ld+json\" class=\"yoast-schema-graph\">{\"@context\":\"https:\/\/schema.org\",\"@graph\":[{\"@type\":\"WebSite\",\"@id\":\"https:\/\/zecovalve.com\/#website\",\"url\":\"https:\/\/zecovalve.com\/\",\"name\":\"ZECO Valve\",\"description\":\"Industrial Ball Valve, Gate Valve and Globe Valve Manufacturer\",\"potentialAction\":[{\"@type\":\"SearchAction\",\"target\":\"https:\/\/zecovalve.com\/?s={search_term_string}\",\"query-input\":\"required name=search_term_string\"}],\"inLanguage\":\"es\"},{\"@type\":\"ImageObject\",\"@id\":\"https:\/\/zecovalve.com\/product\/cast-steel-globe-valve#primaryimage\",\"inLanguage\":\"es\",\"url\":\"https:\/\/zecovalve.com\/wp-content\/uploads\/2022\/06\/Cast-Steel-Globe-Valve-1.jpg\",\"width\":800,\"height\":600,\"caption\":\"Cast Steel Globe Valve\"},{\"@type\":\"WebPage\",\"@id\":\"https:\/\/zecovalve.com\/product\/cast-steel-globe-valve#webpage\",\"url\":\"https:\/\/zecovalve.com\/product\/cast-steel-globe-valve\",\"name\":\"Cast Steel Globe Valve - Globe Valve Manufacturer | ZECO Valve\",\"isPartOf\":{\"@id\":\"https:\/\/zecovalve.com\/#website\"},\"primaryImageOfPage\":{\"@id\":\"https:\/\/zecovalve.com\/product\/cast-steel-globe-valve#primaryimage\"},\"datePublished\":\"2022-06-19T03:52:47+00:00\",\"dateModified\":\"2023-06-15T13:57:03+00:00\",\"breadcrumb\":{\"@id\":\"https:\/\/zecovalve.com\/product\/cast-steel-globe-valve#breadcrumb\"},\"inLanguage\":\"es\",\"potentialAction\":[{\"@type\":\"ReadAction\",\"target\":[\"https:\/\/zecovalve.com\/product\/cast-steel-globe-valve\"]}]},{\"@type\":\"BreadcrumbList\",\"@id\":\"https:\/\/zecovalve.com\/product\/cast-steel-globe-valve#breadcrumb\",\"itemListElement\":[{\"@type\":\"ListItem\",\"position\":1,\"item\":{\"@type\":\"WebPage\",\"@id\":\"https:\/\/zecovalve.com\/\",\"url\":\"https:\/\/zecovalve.com\/\",\"name\":\"Home\"}},{\"@type\":\"ListItem\",\"position\":2,\"item\":{\"@type\":\"WebPage\",\"@id\":\"https:\/\/zecovalve.com\/product-category\",\"url\":\"https:\/\/zecovalve.com\/product-category\",\"name\":\"Industrial Valve Manufacturer | Water Valve Manufacturer\"}},{\"@type\":\"ListItem\",\"position\":3,\"item\":{\"@type\":\"WebPage\",\"@id\":\"https:\/\/zecovalve.com\/product\/cast-steel-globe-valve\",\"url\":\"https:\/\/zecovalve.com\/product\/cast-steel-globe-valve\",\"name\":\"Cast Steel Globe Valve\"}}]}]}<\/script>\n<!-- \/ Yoast SEO Premium plugin. -->","_links":{"self":[{"href":"https:\/\/zecovalve.com\/es\/wp-json\/wp\/v2\/product\/16108","targetHints":{"allow":["GET"]}}],"collection":[{"href":"https:\/\/zecovalve.com\/es\/wp-json\/wp\/v2\/product"}],"about":[{"href":"https:\/\/zecovalve.com\/es\/wp-json\/wp\/v2\/types\/product"}],"replies":[{"embeddable":true,"href":"https:\/\/zecovalve.com\/es\/wp-json\/wp\/v2\/comments?post=16108"}],"wp:featuredmedia":[{"embeddable":true,"href":"https:\/\/zecovalve.com\/es\/wp-json\/wp\/v2\/media\/27904"}],"wp:attachment":[{"href":"https:\/\/zecovalve.com\/es\/wp-json\/wp\/v2\/media?parent=16108"}],"wp:term":[{"taxonomy":"product_cat","embeddable":true,"href":"https:\/\/zecovalve.com\/es\/wp-json\/wp\/v2\/product_cat?post=16108"},{"taxonomy":"product_tag","embeddable":true,"href":"https:\/\/zecovalve.com\/es\/wp-json\/wp\/v2\/product_tag?post=16108"}],"curies":[{"name":"wp","href":"https:\/\/api.w.org\/{rel}","templated":true}]}}