{"id":16110,"date":"2022-06-19T03:54:59","date_gmt":"2022-06-19T03:54:59","guid":{"rendered":"https:\/\/zecovalve.com\/?post_type=product&#038;p=16110"},"modified":"2022-09-01T00:52:31","modified_gmt":"2022-09-01T00:52:31","slug":"double-offset-butterfly-valve","status":"publish","type":"product","link":"https:\/\/zecovalve.com\/es\/producto\/double-offset-butterfly-valve","title":{"rendered":"V\u00e1lvula de mariposa de doble offset"},"content":{"rendered":"<p>El dise\u00f1o de la v\u00e1lvula de mariposa de doble compensaci\u00f3n ofrece una confiabilidad robusta y un mantenimiento extremadamente f\u00e1cil en el campo.<\/p>\r\n\r\n\r\n\r\n<figure class=\"wp-block-image alignnone size-medium wp-image-16111\"><img loading=\"lazy\" decoding=\"async\" width=\"300\" height=\"225\" class=\"wp-image-16111\" src=\"https:\/\/zecovalve.com\/wp-content\/uploads\/2022\/06\/double-offset-butterfly-valve-300x225.jpg\" alt=\"V\u00e1lvula de mariposa de doble offset\" srcset=\"https:\/\/zecovalve.com\/wp-content\/uploads\/2022\/06\/double-offset-butterfly-valve-300x225.jpg 300w, https:\/\/zecovalve.com\/wp-content\/uploads\/2022\/06\/double-offset-butterfly-valve-768x576.jpg 768w, https:\/\/zecovalve.com\/wp-content\/uploads\/2022\/06\/double-offset-butterfly-valve-600x450.jpg 600w, https:\/\/zecovalve.com\/wp-content\/uploads\/2022\/06\/double-offset-butterfly-valve.jpg 800w\" sizes=\"auto, (max-width: 300px) 100vw, 300px\" \/><\/figure>\r\n\r\n\r\n<div class=\"gb-button-wrapper gb-button-wrapper-6d8495a3\">\r\n\r\n\r\n<p><a class=\"gb-button gb-button-3d442e11 gb-button-text\" href=\"mailto:commercial@zecovalve.com\" target=\"_blank\" rel=\"noopener noreferrer\"><strong>OBT\u00c9N PRECIO DE V\u00c1LVULA DE MARIPOSA DE DOBLE COMPENSACI\u00d3N<\/strong><\/a><\/p>\r\n<\/div>\r\n\r\n\r\n\r\n\r\n<h2 class=\"wp-block-heading\" id=\"h-what-is-a-double-offset-butterfly-valve\">\u00bfQu\u00e9 es una v\u00e1lvula de mariposa de doble compensaci\u00f3n?<\/h2>\r\n\r\n\r\n\r\n<p>La v\u00e1lvula de mariposa de doble desplazamiento se conoce popularmente como v\u00e1lvula de mariposa de alto rendimiento y tiene dos desplazamientos desde el centro del cuerpo de la v\u00e1lvula:<\/p>\r\n\r\n\r\n\r\n<ul class=\"wp-block-list\">\r\n<li>El eje del eje est\u00e1 desplazado de la l\u00ednea central del asiento del disco y del sello del cuerpo.<\/li>\r\n<li>El eje del eje es exc\u00e9ntrico con respecto a la l\u00ednea central de la tuber\u00eda\/v\u00e1lvula.<\/li>\r\n<\/ul>\r\n\r\n\r\n\r\n<p>La posici\u00f3n del disco en una v\u00e1lvula de mariposa de doble desplazamiento crea una acci\u00f3n de leva cuando la v\u00e1lvula funciona. El asiento se levanta del sello, lo que produce fricci\u00f3n en los primeros 10\u00b0 y 10\u00b0 finales de las operaciones de apertura y cierre.<\/p>\r\n\r\n\r\n\r\n<h2 class=\"wp-block-heading\">\u00bfC\u00f3mo funcionan las v\u00e1lvulas de mariposa de doble compensaci\u00f3n?<\/h2>\r\n\r\n\r\n\r\n<p>El movimiento de una v\u00e1lvula de mariposa de doble desplazamiento sigue un perfil c\u00f3nico al sellar la v\u00e1lvula. La disposici\u00f3n de los desplazamientos del disco y el eje genera una acci\u00f3n de leva del disco hacia el asiento, reduciendo el par requerido para cerrar o abrir la v\u00e1lvula.<\/p>\r\n\r\n\r\n\r\n<p>Esta geometr\u00eda desplazada tambi\u00e9n permite que la rotaci\u00f3n de 90\u00b0 del disco entre en contacto con el asiento solo en los primeros 1\u00b0 a 3\u00b0 de rotaci\u00f3n. Adem\u00e1s, el dise\u00f1o de las v\u00e1lvulas de mariposa de doble desplazamiento minimiza el desgaste en los puntos de contacto del asiento y el disco que ocurre en las v\u00e1lvulas de mariposa convencionales.<\/p>\r\n\r\n\r\n\r\n<p>Cuando se abre la v\u00e1lvula, los extremos superior e inferior del disco de mariposa ya no son tan laboriosos como la v\u00e1lvula de mariposa de l\u00ednea central, pero la fricci\u00f3n con el asiento a\u00fan existe. La caracter\u00edstica mejorada de la v\u00e1lvula de mariposa de doble desplazamiento es que el eje del v\u00e1stago se desv\u00eda del centro del disco y del centro del propio v\u00e1stago, al igual que la v\u00e1lvula de mariposa exc\u00e9ntrica simple. Una estructura de este tipo puede hacer que el disco escape del asiento inmediatamente despu\u00e9s de que se abre la v\u00e1lvula, y no habr\u00e1 fricci\u00f3n entre el disco y el asiento despu\u00e9s de que se abra la v\u00e1lvula de mariposa exc\u00e9ntrica \u00fanica.<\/p>\r\n\r\n\r\n\r\n<h2 class=\"wp-block-heading\">Tipos de v\u00e1lvulas de mariposa de doble compensaci\u00f3n seg\u00fan la conexi\u00f3n<\/h2>\r\n\r\n\r\n\r\n<h3 class=\"wp-block-heading\">V\u00e1lvula de mariposa de doble compensaci\u00f3n tipo wafer<\/h3>\r\n\r\n\r\n\r\n<p>El tipo de oblea de las v\u00e1lvulas de mariposa de doble compensaci\u00f3n est\u00e1 construido para proporcionar un sellado fuerte, proteger contra diferenciales de presi\u00f3n bidireccionales y evitar cualquier reflujo en dispositivos que fueron construidos para flujo unidireccional. Esto se logra mediante el uso de un material de sellado ajustado, como una junta t\u00f3rica o junta, maquinada con precisi\u00f3n, junto con una cara de v\u00e1lvula lisa en las partes aguas abajo y aguas arriba de la v\u00e1lvula.<\/p>\r\n\r\n\r\n\r\n<h3 class=\"wp-block-heading\">V\u00e1lvula de mariposa de doble compensaci\u00f3n tipo orejeta<\/h3>\r\n\r\n\r\n\r\n<p>En el tipo de cuerpo de orejeta de la configuraci\u00f3n de v\u00e1lvula de mariposa de doble desplazamiento, se puede quitar un extremo de la tuber\u00eda sin impactar el otro lado de la v\u00e1lvula. Esto se puede lograr con insertos roscados, bridas y dos juegos de orejetas (pernos) que no usan tuercas, por lo que cada brida tiene sus pernos. En una conexi\u00f3n tipo Lug, no es necesario apagar todo el dispositivo para inspeccionar, limpiar, reparar o reemplazar la v\u00e1lvula de mariposa de leng\u00fceta.<\/p>\r\n\r\n\r\n\r\n<h3 class=\"wp-block-heading\">V\u00e1lvula de mariposa con doble compensaci\u00f3n y brida<\/h3>\r\n\r\n\r\n\r\n<p>La v\u00e1lvula de mariposa de doble compensaci\u00f3n con brida utiliza una brida en ambos extremos de la v\u00e1lvula para sujetarla a las bridas de la tuber\u00eda. Este tipo de conexi\u00f3n final se utiliza para v\u00e1lvulas de mariposa de tama\u00f1o muy grande.<\/p>\r\n\r\n\r\n\r\n<h3 class=\"wp-block-heading\">V\u00e1lvula de mariposa de doble compensaci\u00f3n con extremo soldado<\/h3>\r\n\r\n\r\n\r\n<p>La v\u00e1lvula de mariposa de doble compensaci\u00f3n con extremo soldado se utiliza cuando el sistema est\u00e1 bajo una presi\u00f3n muy alta. Estos tipos se utilizan generalmente para v\u00e1lvulas de mariposa de tama\u00f1o peque\u00f1o.<\/p>\r\n\r\n\r\n\r\n<h2 class=\"wp-block-heading\">Aplicaciones de las v\u00e1lvulas de mariposa de doble compensaci\u00f3n<\/h2>\r\n\r\n\r\n\r\n<p>La v\u00e1lvula de mariposa de doble excentricidad se utiliza generalmente en:<\/p>\r\n\r\n\r\n\r\n<ul class=\"wp-block-list\">\r\n<li>Generaci\u00f3n de energ\u00eda<\/li>\r\n<li>Pulpo y papel<\/li>\r\n<li>climatizaci\u00f3n<\/li>\r\n<li>Qu\u00edmico<\/li>\r\n<li>Petr\u00f3leo y gas<\/li>\r\n<li>Tratamiento de agua y aguas residuales.<\/li>\r\n<li>Construcci\u00f3n naval<\/li>\r\n<\/ul>\r\n\r\n\r\n\r\n<h2 class=\"wp-block-heading\">Caracter\u00edsticas de la v\u00e1lvula de mariposa doble exc\u00e9ntrica:<\/h2>\r\n\r\n\r\n\r\n<ul class=\"wp-block-list\">\r\n<li>La disposici\u00f3n del eje y el disco de la v\u00e1lvula de mariposa exc\u00e9ntrica doble ZECO proporciona una acci\u00f3n de leva al disco que se desengancha del asiento con una rotaci\u00f3n m\u00ednima. Este dise\u00f1o minimiza los puntos de guerra en la parte superior e inferior del asiento, t\u00edpicos de las v\u00e1lvulas de mariposa convencionales;<\/li>\r\n<li>La v\u00e1lvula de mariposa de doble desplazamiento ZECO tiene dos desplazamientos. La primera compensaci\u00f3n es que el eje se coloca aguas abajo de la l\u00ednea central del asiento. El segundo desplazamiento es que el eje est\u00e1 fuera del centro del eje vertical del asiento;<\/li>\r\n<li>La v\u00e1lvula de mariposa de doble desplazamiento ZECO puede tener un asiento de goma, un asiento de PTFE y un asiento de PTFE a prueba de incendios.;<\/li>\r\n<li>El asiento a prueba de incendios de la v\u00e1lvula de mariposa exc\u00e9ntrica doble ZECO con sello doble que incluye un inserto de asiento primario de PTFE y un asiento de metal. En caso de que se destruya el inserto de PTFE, el asiento met\u00e1lico secundario proporciona un cierre eficaz.<\/li>\r\n<\/ul>\r\n\r\n\r\n\r\n<h2 class=\"wp-block-heading\" id=\"h-material-of-double-offset-butterfly-valve\">Material de la v\u00e1lvula de mariposa doble exc\u00e9ntrica:<\/h2>\r\n\r\n\r\n\r\n<figure class=\"wp-block-table is-style-stripes\">\r\n<table>\r\n<tbody>\r\n<tr>\r\n<td>No<\/td>\r\n<td>Pieza<\/td>\r\n<td>Material<\/td>\r\n<\/tr>\r\n<tr>\r\n<td>1<\/td>\r\n<td>Cuerpo<\/td>\r\n<td>ASTM A351 CF8<\/td>\r\n<\/tr>\r\n<tr>\r\n<td>2<\/td>\r\n<td>Anillo de sello<\/td>\r\n<td>PTFE<\/td>\r\n<\/tr>\r\n<tr>\r\n<td>3<\/td>\r\n<td>Brida de retenci\u00f3n<\/td>\r\n<td>ASTM A182 F304<\/td>\r\n<\/tr>\r\n<tr>\r\n<td>4<\/td>\r\n<td>Pin<\/td>\r\n<td>ASTM A276 304<\/td>\r\n<\/tr>\r\n<tr>\r\n<td>5<\/td>\r\n<td>Disco<\/td>\r\n<td>ASTM A351 CF8<\/td>\r\n<\/tr>\r\n<tr>\r\n<td>6<\/td>\r\n<td>V\u00e1stago<\/td>\r\n<td>ASTM A276 304<\/td>\r\n<\/tr>\r\n<tr>\r\n<td>7<\/td>\r\n<td>Empaquetadura de v\u00e1stago<\/td>\r\n<td>PTFE<\/td>\r\n<\/tr>\r\n<tr>\r\n<td>8<\/td>\r\n<td>Golpe de tallo<\/td>\r\n<td>SS304 + PTFE<\/td>\r\n<\/tr>\r\n<tr>\r\n<td>9<\/td>\r\n<td>Perno<\/td>\r\n<td>ASTM A193 B8<\/td>\r\n<\/tr>\r\n<tr>\r\n<td>10<\/td>\r\n<td>Tuerca<\/td>\r\n<td>ASTM A194 8<\/td>\r\n<\/tr>\r\n<tr>\r\n<td>11<\/td>\r\n<td>Yugo<\/td>\r\n<td>ASTM A351 CF8<\/td>\r\n<\/tr>\r\n<\/tbody>\r\n<\/table>\r\n<\/figure>\r\n\r\n\r\n\r\n<p>ZECO Valve es un fabricante especializado en la producci\u00f3n de v\u00e1lvulas de mariposa para altas temperaturas, y la v\u00e1lvula de mariposa de doble desplazamiento con asiento RPTFE es m\u00e1s propicia para condiciones de 230 \u2103, lo que ha contribuido a la aplicaci\u00f3n de v\u00e1lvulas de mariposa de doble exc\u00e9ntrica en el campo de alta temperatura.<\/p>","protected":false},"excerpt":{"rendered":"<p>La v\u00e1lvula de mariposa de doble compensaci\u00f3n tiene un dise\u00f1o que ofrece confiabilidad robusta y un mantenimiento extremadamente f\u00e1cil en el campo \u00bfQu\u00e9 es una mariposa de doble compensaci\u00f3n? <a title=\"V\u00e1lvula de mariposa de doble offset\" class=\"read-more\" href=\"https:\/\/zecovalve.com\/es\/producto\/double-offset-butterfly-valve\" aria-label=\"M\u00e1s en V\u00e1lvula de mariposa de doble compensaci\u00f3n\">Leer m\u00e1s<\/a><\/p>","protected":false},"featured_media":16111,"comment_status":"closed","ping_status":"closed","template":"","meta":{"_generate-full-width-content":"","kt_blocks_editor_width":""},"product_cat":[2044,2467],"product_tag":[],"class_list":["post-16110","product","type-product","status-publish","has-post-thumbnail","hentry","product_cat-butterfly-valve","product_cat-butterfly-valve-by-form","sales-flash-overlay","woocommerce-text-align-center","woocommerce-image-align-center","do-quantity-buttons"],"featured_image_src_large":["https:\/\/zecovalve.com\/wp-content\/uploads\/2022\/06\/double-offset-butterfly-valve.jpg",800,600,false],"author_info":[],"comment_info":0,"taxonomy_info":{"product_cat":[{"value":2044,"label":"Butterfly Valve"},{"value":2467,"label":"Butterfly Valve By Form"}]},"yoast_head":"<!-- This site is optimized with the Yoast SEO Premium plugin v15.4 - https:\/\/yoast.com\/wordpress\/plugins\/seo\/ -->\n<title>Double Offset Butterfly Valve - Double Eccentric Butterfly Valve | ZECO Valve<\/title>\n<meta name=\"robots\" content=\"index, follow, max-snippet:-1, max-image-preview:large, max-video-preview:-1\" \/>\n<link rel=\"canonical\" href=\"https:\/\/zecovalve.com\/es\/producto\/double-offset-butterfly-valve\" \/>\n<meta property=\"og:locale\" content=\"es_ES\" \/>\n<meta property=\"og:type\" content=\"article\" \/>\n<meta property=\"og:title\" content=\"Double Offset Butterfly Valve - Double Eccentric Butterfly Valve | ZECO Valve\" \/>\n<meta property=\"og:description\" content=\"Double Offset Butterfly Valve is design offers rugged reliability and extremely easy maintenance in the field What is a Double Offset Butterfly ... Leer m\u00e1s\" \/>\n<meta property=\"og:url\" content=\"https:\/\/zecovalve.com\/es\/producto\/double-offset-butterfly-valve\" \/>\n<meta property=\"og:site_name\" content=\"ZECO Valve\" \/>\n<meta property=\"article:modified_time\" content=\"2022-09-01T00:52:31+00:00\" \/>\n<meta property=\"og:image\" content=\"https:\/\/zecovalve.com\/wp-content\/uploads\/2022\/06\/double-offset-butterfly-valve.jpg\" \/>\n\t<meta property=\"og:image:width\" content=\"800\" \/>\n\t<meta property=\"og:image:height\" content=\"600\" \/>\n<meta name=\"twitter:card\" content=\"summary_large_image\" \/>\n<meta name=\"twitter:label1\" content=\"Escrito por\">\n\t<meta name=\"twitter:data1\" content=\"Jerry\">\n\t<meta name=\"twitter:label2\" content=\"Tiempo de lectura\">\n\t<meta name=\"twitter:data2\" content=\"3 minutos\">\n<script type=\"application\/ld+json\" class=\"yoast-schema-graph\">{\"@context\":\"https:\/\/schema.org\",\"@graph\":[{\"@type\":\"WebSite\",\"@id\":\"https:\/\/zecovalve.com\/#website\",\"url\":\"https:\/\/zecovalve.com\/\",\"name\":\"ZECO Valve\",\"description\":\"Industrial Ball Valve, Gate Valve and Globe Valve Manufacturer\",\"potentialAction\":[{\"@type\":\"SearchAction\",\"target\":\"https:\/\/zecovalve.com\/?s={search_term_string}\",\"query-input\":\"required name=search_term_string\"}],\"inLanguage\":\"es\"},{\"@type\":\"ImageObject\",\"@id\":\"https:\/\/zecovalve.com\/product\/double-offset-butterfly-valve#primaryimage\",\"inLanguage\":\"es\",\"url\":\"https:\/\/zecovalve.com\/wp-content\/uploads\/2022\/06\/double-offset-butterfly-valve.jpg\",\"width\":800,\"height\":600,\"caption\":\"Double Offset Butterfly Valve\"},{\"@type\":\"WebPage\",\"@id\":\"https:\/\/zecovalve.com\/product\/double-offset-butterfly-valve#webpage\",\"url\":\"https:\/\/zecovalve.com\/product\/double-offset-butterfly-valve\",\"name\":\"Double Offset Butterfly Valve - Double Eccentric Butterfly Valve | ZECO Valve\",\"isPartOf\":{\"@id\":\"https:\/\/zecovalve.com\/#website\"},\"primaryImageOfPage\":{\"@id\":\"https:\/\/zecovalve.com\/product\/double-offset-butterfly-valve#primaryimage\"},\"datePublished\":\"2022-06-19T03:54:59+00:00\",\"dateModified\":\"2022-09-01T00:52:31+00:00\",\"breadcrumb\":{\"@id\":\"https:\/\/zecovalve.com\/product\/double-offset-butterfly-valve#breadcrumb\"},\"inLanguage\":\"es\",\"potentialAction\":[{\"@type\":\"ReadAction\",\"target\":[\"https:\/\/zecovalve.com\/product\/double-offset-butterfly-valve\"]}]},{\"@type\":\"BreadcrumbList\",\"@id\":\"https:\/\/zecovalve.com\/product\/double-offset-butterfly-valve#breadcrumb\",\"itemListElement\":[{\"@type\":\"ListItem\",\"position\":1,\"item\":{\"@type\":\"WebPage\",\"@id\":\"https:\/\/zecovalve.com\/\",\"url\":\"https:\/\/zecovalve.com\/\",\"name\":\"Home\"}},{\"@type\":\"ListItem\",\"position\":2,\"item\":{\"@type\":\"WebPage\",\"@id\":\"https:\/\/zecovalve.com\/product-category\",\"url\":\"https:\/\/zecovalve.com\/product-category\",\"name\":\"Industrial Valve Manufacturer | Water Valve Manufacturer\"}},{\"@type\":\"ListItem\",\"position\":3,\"item\":{\"@type\":\"WebPage\",\"@id\":\"https:\/\/zecovalve.com\/product\/double-offset-butterfly-valve\",\"url\":\"https:\/\/zecovalve.com\/product\/double-offset-butterfly-valve\",\"name\":\"Double Offset Butterfly Valve\"}}]}]}<\/script>\n<!-- \/ Yoast SEO Premium plugin. -->","_links":{"self":[{"href":"https:\/\/zecovalve.com\/es\/wp-json\/wp\/v2\/product\/16110","targetHints":{"allow":["GET"]}}],"collection":[{"href":"https:\/\/zecovalve.com\/es\/wp-json\/wp\/v2\/product"}],"about":[{"href":"https:\/\/zecovalve.com\/es\/wp-json\/wp\/v2\/types\/product"}],"replies":[{"embeddable":true,"href":"https:\/\/zecovalve.com\/es\/wp-json\/wp\/v2\/comments?post=16110"}],"wp:featuredmedia":[{"embeddable":true,"href":"https:\/\/zecovalve.com\/es\/wp-json\/wp\/v2\/media\/16111"}],"wp:attachment":[{"href":"https:\/\/zecovalve.com\/es\/wp-json\/wp\/v2\/media?parent=16110"}],"wp:term":[{"taxonomy":"product_cat","embeddable":true,"href":"https:\/\/zecovalve.com\/es\/wp-json\/wp\/v2\/product_cat?post=16110"},{"taxonomy":"product_tag","embeddable":true,"href":"https:\/\/zecovalve.com\/es\/wp-json\/wp\/v2\/product_tag?post=16110"}],"curies":[{"name":"wp","href":"https:\/\/api.w.org\/{rel}","templated":true}]}}