{"id":16114,"date":"2022-06-19T04:02:31","date_gmt":"2022-06-19T04:02:31","guid":{"rendered":"https:\/\/zecovalve.com\/?post_type=product&#038;p=16114"},"modified":"2023-06-07T07:02:13","modified_gmt":"2023-06-07T07:02:13","slug":"stainless-steel-ball-valve","status":"publish","type":"product","link":"https:\/\/zecovalve.com\/es\/producto\/stainless-steel-ball-valve","title":{"rendered":"V\u00e1lvula de bola de acero inoxidable de 2"},"content":{"rendered":"<p>ZECO Valve es un fabricante profesional de v\u00e1lvulas de bola, produciendo varios tipos de v\u00e1lvulas de bola que incluyen v\u00e1lvula de bola de acero inoxidable, v\u00e1lvula de bola de acero al carbono y v\u00e1lvula de bola de acero inoxidable d\u00faplex.<\/p>\r\n\r\n\r\n\r\n<div class=\"wp-block-columns is-layout-flex wp-container-core-columns-is-layout-9d6595d7 wp-block-columns-is-layout-flex\">\r\n<div class=\"wp-block-column is-layout-flow wp-block-column-is-layout-flow\">\r\n<figure class=\"wp-block-image size-large\"><img decoding=\"async\" src=\"https:\/\/zecovalve.com\/wp-content\/uploads\/2022\/06\/stainless-steel-ball-valve-1-300x225.jpg\" alt=\"\" \/><\/figure>\r\n<\/div>\r\n\r\n\r\n\r\n<div class=\"wp-block-column is-layout-flow wp-block-column-is-layout-flow\">\r\n<figure class=\"wp-block-image size-large\"><img decoding=\"async\" src=\"https:\/\/zecovalve.com\/wp-content\/uploads\/2022\/06\/stainless-steel-ball-valve-2-300x225.jpg\" alt=\"\" \/><\/figure>\r\n<\/div>\r\n\r\n\r\n\r\n<div class=\"wp-block-column is-layout-flow wp-block-column-is-layout-flow\">\r\n<figure class=\"wp-block-image size-large\"><img decoding=\"async\" src=\"https:\/\/zecovalve.com\/wp-content\/uploads\/2022\/06\/stainless-steel-ball-valve-3-300x225.jpg\" alt=\"\" \/><\/figure>\r\n<\/div>\r\n\r\n\r\n\r\n<div class=\"wp-block-column is-layout-flow wp-block-column-is-layout-flow\">\r\n<figure class=\"wp-block-image size-large\"><img decoding=\"async\" src=\"https:\/\/zecovalve.com\/wp-content\/uploads\/2022\/06\/stainless-steel-ball-valve-4-300x225.jpg\" alt=\"\" \/><\/figure>\r\n<\/div>\r\n<\/div>\r\n\r\n\r\n\r\n<div class=\"wp-block-columns is-layout-flex wp-container-core-columns-is-layout-9d6595d7 wp-block-columns-is-layout-flex\">\r\n<div class=\"wp-block-column is-layout-flow wp-block-column-is-layout-flow\">\r\n<figure class=\"wp-block-image size-full is-resized\"><img loading=\"lazy\" decoding=\"async\" class=\"wp-image-16119\" src=\"https:\/\/zecovalve.com\/wp-content\/uploads\/2022\/06\/stainless-steel-ball-valve-5.jpg\" alt=\"\" width=\"400\" height=\"300\" srcset=\"https:\/\/zecovalve.com\/wp-content\/uploads\/2022\/06\/stainless-steel-ball-valve-5.jpg 800w, https:\/\/zecovalve.com\/wp-content\/uploads\/2022\/06\/stainless-steel-ball-valve-5-300x225.jpg 300w, https:\/\/zecovalve.com\/wp-content\/uploads\/2022\/06\/stainless-steel-ball-valve-5-768x576.jpg 768w, https:\/\/zecovalve.com\/wp-content\/uploads\/2022\/06\/stainless-steel-ball-valve-5-600x450.jpg 600w\" sizes=\"auto, (max-width: 400px) 100vw, 400px\" \/><\/figure>\r\n<\/div>\r\n\r\n\r\n\r\n<div class=\"wp-block-column is-layout-flow wp-block-column-is-layout-flow\">\r\n<figure class=\"wp-block-image size-full is-resized\"><img loading=\"lazy\" decoding=\"async\" class=\"wp-image-16120\" src=\"https:\/\/zecovalve.com\/wp-content\/uploads\/2022\/06\/stainless-steel-ball-valve-6.jpg\" alt=\"\" width=\"400\" height=\"300\" srcset=\"https:\/\/zecovalve.com\/wp-content\/uploads\/2022\/06\/stainless-steel-ball-valve-6.jpg 800w, https:\/\/zecovalve.com\/wp-content\/uploads\/2022\/06\/stainless-steel-ball-valve-6-300x225.jpg 300w, https:\/\/zecovalve.com\/wp-content\/uploads\/2022\/06\/stainless-steel-ball-valve-6-768x576.jpg 768w, https:\/\/zecovalve.com\/wp-content\/uploads\/2022\/06\/stainless-steel-ball-valve-6-600x450.jpg 600w\" sizes=\"auto, (max-width: 400px) 100vw, 400px\" \/><\/figure>\r\n<\/div>\r\n\r\n\r\n\r\n<div class=\"wp-block-column is-layout-flow wp-block-column-is-layout-flow\">\r\n<figure class=\"wp-block-image size-full is-resized\"><img loading=\"lazy\" decoding=\"async\" class=\"wp-image-16121\" src=\"https:\/\/zecovalve.com\/wp-content\/uploads\/2022\/06\/stainless-steel-ball-valve-7.jpg\" alt=\"\" width=\"400\" height=\"300\" srcset=\"https:\/\/zecovalve.com\/wp-content\/uploads\/2022\/06\/stainless-steel-ball-valve-7.jpg 800w, https:\/\/zecovalve.com\/wp-content\/uploads\/2022\/06\/stainless-steel-ball-valve-7-300x225.jpg 300w, https:\/\/zecovalve.com\/wp-content\/uploads\/2022\/06\/stainless-steel-ball-valve-7-768x576.jpg 768w, https:\/\/zecovalve.com\/wp-content\/uploads\/2022\/06\/stainless-steel-ball-valve-7-600x450.jpg 600w\" sizes=\"auto, (max-width: 400px) 100vw, 400px\" \/><\/figure>\r\n<\/div>\r\n<\/div>\r\n\r\n\r\n<div class=\"gb-button-wrapper gb-button-wrapper-6d8495a3\">\r\n\r\n\r\n<p><a class=\"gb-button gb-button-3d442e11 gb-button-text\" href=\"https:\/\/zecovalve.com\/es\/contact\/\" target=\"_blank\" rel=\"noopener noreferrer\"><strong>OBTENER PRECIO DE V\u00c1LVULA DE BOLA DE ACERO INOXIDABLE<\/strong><\/a><\/p>\r\n<\/div>\r\n\r\n\r\n\r\n\r\n<h2 class=\"wp-block-heading\" id=\"h-what-is-a-2-stainless-steel-ball-valve\">Qu\u00e9 es una v\u00e1lvula de bola de acero inoxidable de 2\u2033?<\/h2>\r\n\r\n\r\n\r\n<p>La v\u00e1lvula de bola de acero inoxidable ZECO se utiliza ampliamente en tuber\u00edas con medios corrosivos. Los materiales de acero inoxidable pueden proteger las v\u00e1lvulas de bola en sus medios espec\u00edficos con propiedades anticorrosivas durante mucho tiempo para evitar que el cuerpo de la v\u00e1lvula, la bola y la superficie de sellado se corroan gravemente debido a los medios corrosivos, lo que provoca fallos en el sellado o incluso fugas. ZECO cuenta con un proceso de inspecci\u00f3n de entrada espec\u00edfico para todas las materias primas de acero inoxidable. Mediante un an\u00e1lisis espectral, se puede determinar que los materiales cumplen las normas internacionales antes de ser almacenados y procesados. Adem\u00e1s, ZECO dispone de registros de trazabilidad de las materias primas tras la inspecci\u00f3n. Cuando el producto se entrega a los usuarios, se muestra y se env\u00eda a los usuarios a trav\u00e9s de MTC.<\/p>\r\n\r\n\r\n\r\n<h2 class=\"wp-block-heading\">Aplicaciones de la v\u00e1lvula de bola de acero inoxidable de 2<\/h2>\r\n\r\n\r\n\r\n<ul class=\"wp-block-list\">\r\n<li>L\u00edneas de calefacci\u00f3n-refrigeraci\u00f3n<\/li>\r\n<li>Servicios de alimentaci\u00f3n<\/li>\r\n<li>Industria qu\u00edmica<\/li>\r\n<li>Construcci\u00f3n naval<\/li>\r\n<li>F\u00e1bricas de papel<\/li>\r\n<\/ul>\r\n\r\n\r\n\r\n<h2 class=\"wp-block-heading\" id=\"h-features-of-2-stainless-steel-ball-valves\">Caracter\u00edsticas de las v\u00e1lvulas de bola de acero inoxidable de 2\u2033:<\/h2>\r\n\r\n\r\n\r\n<ul class=\"wp-block-list\">\r\n<li>Como piezas m\u00f3viles de la v\u00e1lvula de bola de acero inoxidable, la bola, el v\u00e1stago y la maneta forman una unidad de ensamblaje. La cabeza del v\u00e1stago de la v\u00e1lvula tiene forma diploide, para distinguir f\u00e1cilmente si la v\u00e1lvula est\u00e1 en posici\u00f3n \"ON\" u \"OFF\" desde la posici\u00f3n del mango. Cuando el mango o el diploide del v\u00e1stago est\u00e1n paralelos al eje de la tuber\u00eda, la v\u00e1lvula est\u00e1 en posici\u00f3n \"ON\"; cuando el mango o el diploide del v\u00e1stago est\u00e1n verticales al eje de la tuber\u00eda, la v\u00e1lvula est\u00e1 en posici\u00f3n \"OFF\";<\/li>\r\n<li>Aunque la v\u00e1lvula de bola de acero inoxidable ZECO puede resistir la corrosi\u00f3n, se utiliza b\u00e1sicamente en un medio corrosivo, que es dif\u00edcil de evitar la corrosi\u00f3n. Por lo tanto, ZECO dejar\u00e1 una cierta cantidad de margen de corrosi\u00f3n al dise\u00f1ar el espesor del espesor de la v\u00e1lvula, a fin de garantizar la vida \u00fatil a largo plazo del producto libre de la influencia del medio corrosivo;<\/li>\r\n<li>La v\u00e1lvula de bola de acero inoxidable ZECO tambi\u00e9n se puede procesar de acuerdo con la norma NACE MR0175 seg\u00fan los requisitos de los usuarios, y el control de calidad y las pruebas se llevan a cabo estrictamente en el proceso de fabricaci\u00f3n para cumplir con los requisitos tecnol\u00f3gicos de las condiciones ambientales de sulfuro;<\/li>\r\n<li>La v\u00e1lvula de bola de acero inoxidable ZECO tambi\u00e9n tiene una construcci\u00f3n de protecci\u00f3n contra incendios y una estructura antiest\u00e1tica.<\/li>\r\n<\/ul>\r\n\r\n\r\n\r\n<h2 class=\"wp-block-heading\" id=\"h-material-of-2-stainless-steel-ball-valves\">Material de las v\u00e1lvulas de bola de acero inoxidable de 2\u2033:<\/h2>\r\n\r\n\r\n\r\n<figure class=\"wp-block-table is-style-stripes\">\r\n<table>\r\n<tbody>\r\n<tr>\r\n<td>No<\/td>\r\n<td>Pieza<\/td>\r\n<td>Material<\/td>\r\n<\/tr>\r\n<tr>\r\n<td>1<\/td>\r\n<td>Cuerpo<\/td>\r\n<td>ASTM A182 F316<\/td>\r\n<\/tr>\r\n<tr>\r\n<td>2<\/td>\r\n<td>Cap\u00f3<\/td>\r\n<td>ASTM A182 F316<\/td>\r\n<\/tr>\r\n<tr>\r\n<td>3<\/td>\r\n<td>Bola<\/td>\r\n<td>ASTM A182 F316<\/td>\r\n<\/tr>\r\n<tr>\r\n<td>4<\/td>\r\n<td>Asiento<\/td>\r\n<td>ASTM A182 F316<\/td>\r\n<\/tr>\r\n<tr>\r\n<td>5<\/td>\r\n<td>V\u00e1stago<\/td>\r\n<td>ASTM A276 316<\/td>\r\n<\/tr>\r\n<tr>\r\n<td>6<\/td>\r\n<td>Dispositivo antiest\u00e1tico<\/td>\r\n<td>SS316<\/td>\r\n<\/tr>\r\n<tr>\r\n<td>7<\/td>\r\n<td>Junta<\/td>\r\n<td>Grafito + SS316<\/td>\r\n<\/tr>\r\n<tr>\r\n<td>8<\/td>\r\n<td>Perno<\/td>\r\n<td>ASTM A193 B8M<\/td>\r\n<\/tr>\r\n<tr>\r\n<td>9<\/td>\r\n<td>Tuerca<\/td>\r\n<td>ASTM A194 8M<\/td>\r\n<\/tr>\r\n<tr>\r\n<td>10<\/td>\r\n<td>Junta t\u00f3rica<\/td>\r\n<td>Vit\u00f3n A<\/td>\r\n<\/tr>\r\n<tr>\r\n<td>11<\/td>\r\n<td>Palanca<\/td>\r\n<td>ASTM A276 304<\/td>\r\n<\/tr>\r\n<\/tbody>\r\n<\/table>\r\n<\/figure>","protected":false},"excerpt":{"rendered":"<p>ZECO Valve es un fabricante profesional de v\u00e1lvulas de bola, produciendo varios tipos de v\u00e1lvulas de bola que incluyen v\u00e1lvula de bola de acero inoxidable ... <a title=\"V\u00e1lvula de bola de acero inoxidable de 2\" class=\"read-more\" href=\"https:\/\/zecovalve.com\/es\/producto\/stainless-steel-ball-valve\" aria-label=\"M\u00e1s en 2\u2033 V\u00e1lvula de bola de acero inoxidable\">Leer m\u00e1s<\/a><\/p>","protected":false},"featured_media":27851,"comment_status":"closed","ping_status":"closed","template":"","meta":{"_generate-full-width-content":"","kt_blocks_editor_width":""},"product_cat":[2047,2461,2465],"product_tag":[2804,3254,3244,2832],"class_list":["post-16114","product","type-product","status-publish","has-post-thumbnail","hentry","product_cat-ball-valve","product_cat-ball-valve-by-material","product_cat-forged-steel-ball-valve","product_tag-2-inch-ball-valve","product_tag-ball-valve-stainless-steel","product_tag-stainless-ball-valve","product_tag-stainless-steel-ball-valve","sales-flash-overlay","woocommerce-text-align-center","woocommerce-image-align-center","do-quantity-buttons"],"featured_image_src_large":["https:\/\/zecovalve.com\/wp-content\/uploads\/2022\/06\/2-Stainlesss-Stell-Ball-Valve.jpg",800,600,false],"author_info":[],"comment_info":0,"taxonomy_info":{"product_cat":[{"value":2047,"label":"Ball Valve"},{"value":2461,"label":"Ball Valve By Material"},{"value":2465,"label":"Forged Ball Valve"}],"product_tag":[{"value":2804,"label":"2 inch Ball Valve"},{"value":3254,"label":"Ball Valve Stainless Steel"},{"value":3244,"label":"Stainless Ball Valve"},{"value":2832,"label":"Stainless Steel Ball Valve"}]},"yoast_head":"<!-- This site is optimized with the Yoast SEO Premium plugin v15.4 - https:\/\/yoast.com\/wordpress\/plugins\/seo\/ -->\n<title>2&quot; Stainless Steel Ball Valve - Stainless Steel Ball Valve Manufacturer | ZECO<\/title>\n<meta name=\"robots\" content=\"index, follow, max-snippet:-1, max-image-preview:large, max-video-preview:-1\" \/>\n<link rel=\"canonical\" href=\"https:\/\/zecovalve.com\/es\/producto\/stainless-steel-ball-valve\" \/>\n<meta property=\"og:locale\" content=\"es_ES\" \/>\n<meta property=\"og:type\" content=\"article\" \/>\n<meta property=\"og:title\" content=\"2&quot; Stainless Steel Ball Valve - Stainless Steel Ball Valve Manufacturer | ZECO\" \/>\n<meta property=\"og:description\" content=\"ZECO Valve is a professional ball valve manufacturer, producing various types of ball valves which including stainless stell ball valve, carbon steel ... Leer m\u00e1s\" \/>\n<meta property=\"og:url\" content=\"https:\/\/zecovalve.com\/es\/producto\/stainless-steel-ball-valve\" \/>\n<meta property=\"og:site_name\" content=\"ZECO Valve\" \/>\n<meta property=\"article:modified_time\" content=\"2023-06-07T07:02:13+00:00\" \/>\n<meta property=\"og:image\" content=\"https:\/\/zecovalve.com\/wp-content\/uploads\/2022\/06\/2-Stainlesss-Stell-Ball-Valve.jpg\" \/>\n\t<meta property=\"og:image:width\" content=\"800\" \/>\n\t<meta property=\"og:image:height\" content=\"600\" \/>\n<meta name=\"twitter:card\" content=\"summary_large_image\" \/>\n<meta name=\"twitter:label1\" content=\"Escrito por\">\n\t<meta name=\"twitter:data1\" content=\"Jerry\">\n\t<meta name=\"twitter:label2\" content=\"Tiempo de lectura\">\n\t<meta name=\"twitter:data2\" content=\"2 minutos\">\n<script type=\"application\/ld+json\" class=\"yoast-schema-graph\">{\"@context\":\"https:\/\/schema.org\",\"@graph\":[{\"@type\":\"WebSite\",\"@id\":\"https:\/\/zecovalve.com\/#website\",\"url\":\"https:\/\/zecovalve.com\/\",\"name\":\"ZECO Valve\",\"description\":\"Industrial Ball Valve, Gate Valve and Globe Valve Manufacturer\",\"potentialAction\":[{\"@type\":\"SearchAction\",\"target\":\"https:\/\/zecovalve.com\/?s={search_term_string}\",\"query-input\":\"required name=search_term_string\"}],\"inLanguage\":\"es\"},{\"@type\":\"ImageObject\",\"@id\":\"https:\/\/zecovalve.com\/product\/stainless-steel-ball-valve#primaryimage\",\"inLanguage\":\"es\",\"url\":\"https:\/\/zecovalve.com\/wp-content\/uploads\/2022\/06\/2-Stainlesss-Stell-Ball-Valve.jpg\",\"width\":800,\"height\":600,\"caption\":\"2 Stainlesss Stell Ball Valve\"},{\"@type\":\"WebPage\",\"@id\":\"https:\/\/zecovalve.com\/product\/stainless-steel-ball-valve#webpage\",\"url\":\"https:\/\/zecovalve.com\/product\/stainless-steel-ball-valve\",\"name\":\"2\\\" Stainless Steel Ball Valve - Stainless Steel Ball Valve Manufacturer | ZECO\",\"isPartOf\":{\"@id\":\"https:\/\/zecovalve.com\/#website\"},\"primaryImageOfPage\":{\"@id\":\"https:\/\/zecovalve.com\/product\/stainless-steel-ball-valve#primaryimage\"},\"datePublished\":\"2022-06-19T04:02:31+00:00\",\"dateModified\":\"2023-06-07T07:02:13+00:00\",\"breadcrumb\":{\"@id\":\"https:\/\/zecovalve.com\/product\/stainless-steel-ball-valve#breadcrumb\"},\"inLanguage\":\"es\",\"potentialAction\":[{\"@type\":\"ReadAction\",\"target\":[\"https:\/\/zecovalve.com\/product\/stainless-steel-ball-valve\"]}]},{\"@type\":\"BreadcrumbList\",\"@id\":\"https:\/\/zecovalve.com\/product\/stainless-steel-ball-valve#breadcrumb\",\"itemListElement\":[{\"@type\":\"ListItem\",\"position\":1,\"item\":{\"@type\":\"WebPage\",\"@id\":\"https:\/\/zecovalve.com\/\",\"url\":\"https:\/\/zecovalve.com\/\",\"name\":\"Home\"}},{\"@type\":\"ListItem\",\"position\":2,\"item\":{\"@type\":\"WebPage\",\"@id\":\"https:\/\/zecovalve.com\/product-category\",\"url\":\"https:\/\/zecovalve.com\/product-category\",\"name\":\"Industrial Valve Manufacturer | Water Valve Manufacturer\"}},{\"@type\":\"ListItem\",\"position\":3,\"item\":{\"@type\":\"WebPage\",\"@id\":\"https:\/\/zecovalve.com\/product\/stainless-steel-ball-valve\",\"url\":\"https:\/\/zecovalve.com\/product\/stainless-steel-ball-valve\",\"name\":\"2&#8243; Stainless Steel Ball Valve\"}}]}]}<\/script>\n<!-- \/ Yoast SEO Premium plugin. -->","_links":{"self":[{"href":"https:\/\/zecovalve.com\/es\/wp-json\/wp\/v2\/product\/16114","targetHints":{"allow":["GET"]}}],"collection":[{"href":"https:\/\/zecovalve.com\/es\/wp-json\/wp\/v2\/product"}],"about":[{"href":"https:\/\/zecovalve.com\/es\/wp-json\/wp\/v2\/types\/product"}],"replies":[{"embeddable":true,"href":"https:\/\/zecovalve.com\/es\/wp-json\/wp\/v2\/comments?post=16114"}],"wp:featuredmedia":[{"embeddable":true,"href":"https:\/\/zecovalve.com\/es\/wp-json\/wp\/v2\/media\/27851"}],"wp:attachment":[{"href":"https:\/\/zecovalve.com\/es\/wp-json\/wp\/v2\/media?parent=16114"}],"wp:term":[{"taxonomy":"product_cat","embeddable":true,"href":"https:\/\/zecovalve.com\/es\/wp-json\/wp\/v2\/product_cat?post=16114"},{"taxonomy":"product_tag","embeddable":true,"href":"https:\/\/zecovalve.com\/es\/wp-json\/wp\/v2\/product_tag?post=16114"}],"curies":[{"name":"wp","href":"https:\/\/api.w.org\/{rel}","templated":true}]}}