{"id":16125,"date":"2022-06-19T04:25:15","date_gmt":"2022-06-19T04:25:15","guid":{"rendered":"https:\/\/zecovalve.com\/?post_type=product&#038;p=16125"},"modified":"2023-06-07T14:06:21","modified_gmt":"2023-06-07T14:06:21","slug":"6-inch-gate-valve","status":"publish","type":"product","link":"https:\/\/zecovalve.com\/es\/producto\/6-inch-gate-valve","title":{"rendered":"V\u00e1lvula de compuerta de 6 pulgadas"},"content":{"rendered":"<p>V\u00e1lvula de compuerta 6 pulgadas significa que el tama\u00f1o de la v\u00e1lvula es de 6 pulgadas, y en DN es DN150.<\/p>\r\n\r\n\r\n\r\n<figure class=\"wp-block-image alignnone size-medium wp-image-16126\">\r\n<p><img loading=\"lazy\" decoding=\"async\" class=\"wp-image-27875 size-medium\" src=\"https:\/\/zecovalve.com\/wp-content\/uploads\/2022\/06\/High-Pressure-Gate-Valve-1-300x225.jpg\" alt=\"V\u00e1lvula de compuerta de 6 pulgadas\" width=\"300\" height=\"225\" srcset=\"https:\/\/zecovalve.com\/wp-content\/uploads\/2022\/06\/High-Pressure-Gate-Valve-1-300x225.jpg 300w, https:\/\/zecovalve.com\/wp-content\/uploads\/2022\/06\/High-Pressure-Gate-Valve-1-768x576.jpg 768w, https:\/\/zecovalve.com\/wp-content\/uploads\/2022\/06\/High-Pressure-Gate-Valve-1-600x450.jpg 600w, https:\/\/zecovalve.com\/wp-content\/uploads\/2022\/06\/High-Pressure-Gate-Valve-1.jpg 800w\" sizes=\"auto, (max-width: 300px) 100vw, 300px\" \/><\/p>\r\n<\/figure>\r\n\r\n\r\n<div class=\"gb-button-wrapper gb-button-wrapper-6d8495a3\">\r\n\r\n\r\n<p><a class=\"gb-button gb-button-3d442e11 gb-button-text\" href=\"mailto:commercial@zecovalve.com\" target=\"_blank\" rel=\"noopener noreferrer\"><strong>OBTENER PRECIO DE V\u00c1LVULA DE COMPUERTA DE 6<\/strong><\/a><\/p>\r\n<\/div>\r\n\r\n\r\n\r\n\r\n<h2 class=\"wp-block-heading\" id=\"h-what-is-a-6-inch-gate-valve\">\u00bfQu\u00e9 es una v\u00e1lvula de compuerta de 6 pulgadas?<\/h2>\r\n\r\n\r\n\r\n<p>Todas las piezas de fundici\u00f3n y forjado de ZECO v\u00e1lvula de compuerta de 6 pulgadas, especialmente el cuerpo y la cubierta de dos de los principales componentes de presi\u00f3n, se utilizan para fortalecer la intensidad de las secciones pesadas, aunque ZECO cuerpo, el espesor de la cubierta est\u00e1 a la altura de la norma, las secciones pesadas del dise\u00f1o puede hacer que el producto m\u00e1s garantizado, la prestaci\u00f3n en medio corrosivo para garantizar una larga vida \u00fatil del producto.ZECO presta gran atenci\u00f3n a la compra y la inspecci\u00f3n de las materias primas, porque ZECO sabe muy bien que si las materias primas no son estrictamente controlados, no importa lo bueno que la tecnolog\u00eda de procesamiento y medios de detecci\u00f3n en la etapa posterior, no pueden convertir los productos no calificados de la fuente en productos excelentes. Por lo tanto, ZECO mueve lentamente los productos de v\u00e1lvula hacia la ruta de los productos artesanales paso a paso.<\/p>\r\n\r\n\r\n\r\n<h2 class=\"wp-block-heading\" id=\"h-features-of-6-inch-gate-valve\">Caracter\u00edsticas de la v\u00e1lvula de compuerta de 6 pulgadas:<\/h2>\r\n\r\n\r\n\r\n<ul class=\"wp-block-list\">\r\n<li>La v\u00e1lvula de compuerta ZECO de 6 pulgadas tiene un rendimiento de mantenimiento muy fiable. El dise\u00f1o de asiento de v\u00e1lvula reemplazable garantiza que los da\u00f1os posteriores en el asiento se puedan sustituir in situ. El dise\u00f1o de junta invertida garantiza la sustituci\u00f3n en l\u00ednea cuando se cambia la empaquetadura;<\/li>\r\n<li>Cuando se transporta la v\u00e1lvula de compuerta ZECO de 6 pulgadas, la v\u00e1lvula de acero inoxidable y la v\u00e1lvula de acero al carbono se embalar\u00e1n por separado, porque a temperatura ambiente, cuando la v\u00e1lvula de acero al carbono y la v\u00e1lvula de acero inoxidable entran en contacto, no se producir\u00e1 ning\u00fan fen\u00f3meno inmediato de carburaci\u00f3n, y la v\u00e1lvula de acero inoxidable tiene puntos de corrosi\u00f3n es un cierto per\u00edodo aparecer\u00e1. En un ambiente h\u00famedo, si la v\u00e1lvula de carbono y la v\u00e1lvula de acero inoxidable se apilan juntos es f\u00e1cil producir reacciones qu\u00edmicas, da\u00f1ando as\u00ed la capa protectora de la v\u00e1lvula de acero inoxidable, lo que resulta en la oxidaci\u00f3n de la v\u00e1lvula de acero inoxidable;<\/li>\r\n<li>Despu\u00e9s de casi 30 a\u00f1os de dise\u00f1o de v\u00e1lvulas de compuerta, los productos de v\u00e1lvulas de compuerta ZECO de 6 pulgadas tienen un rendimiento estable y un par de conmutaci\u00f3n ligero;<\/li>\r\n<li>ZECO 6 pulgadas v\u00e1lvula de compuerta es todo su propio molde de fundici\u00f3n de precisi\u00f3n, y la arena de fundici\u00f3n es arena fina, aspecto hermoso, y tiene caracteres claros de fundici\u00f3n.<\/li>\r\n<\/ul>\r\n\r\n\r\n\r\n<h2 class=\"wp-block-heading\">Especificaciones de la v\u00e1lvula de compuerta de 6<\/h2>\r\n\r\n\r\n\r\n<figure class=\"wp-block-table\">\r\n<table>\r\n<tbody>\r\n<tr>\r\n<td>Confirma el dise\u00f1o<\/td>\r\n<td>API 6D, API 600, BS 5163<\/td>\r\n<\/tr>\r\n<tr>\r\n<td>Bridas Perforadas Confirma<\/td>\r\n<td>ASME B16.5, EN 1092-1, EN 1092-2<\/td>\r\n<\/tr>\r\n<tr>\r\n<td>Comprobaci\u00f3n de estanqueidad<\/td>\r\n<td>API 598, ISO 5208, EN 12266-1<\/td>\r\n<\/tr>\r\n<tr>\r\n<td>Confirmaciones cara a cara<\/td>\r\n<td>API 6D, ASME B16.10, BS 5163, EN 558-1<\/td>\r\n<\/tr>\r\n<tr>\r\n<td>Presi\u00f3n normal<\/td>\r\n<td>Clase 150 ~ Clase 2500, PN10 ~ PN16<\/td>\r\n<\/tr>\r\n<tr>\r\n<td>Presi\u00f3n de prueba de la carcasa<\/td>\r\n<td>1,5 * Presi\u00f3n de dise\u00f1o<\/td>\r\n<\/tr>\r\n<tr>\r\n<td>Presi\u00f3n de prueba de estanqueidad<\/td>\r\n<td>1,1 * Presi\u00f3n de dise\u00f1o (agua)<\/td>\r\n<\/tr>\r\n<tr>\r\n<td>Presi\u00f3n de prueba de estanqueidad (baja presi\u00f3n)<\/td>\r\n<td>6 Bar (Aire)<\/td>\r\n<\/tr>\r\n<\/tbody>\r\n<\/table>\r\n<\/figure>\r\n\r\n\r\n\r\n<h2 class=\"wp-block-heading\">Aplicaciones de la v\u00e1lvula de compuerta de 6<\/h2>\r\n\r\n\r\n\r\n<ul class=\"wp-block-list\">\r\n<li>Qu\u00edmica,<\/li>\r\n<li>Petroqu\u00edmica,<\/li>\r\n<li>Petr\u00f3leo y gas,<\/li>\r\n<li>Central el\u00e9ctrica,<\/li>\r\n<li>Industria general.<\/li>\r\n<\/ul>\r\n\r\n\r\n\r\n<h2 class=\"wp-block-heading\">Dimensiones y peso de la v\u00e1lvula de compuerta de 6<\/h2>\r\n\r\n<table border=\"=1\" width=\"800\">\r\n<tbody>\r\n<tr>\r\n<td rowspan=\"2\">Presi\u00f3n nominal\u00a0<\/td>\r\n<td>Taladro<\/td>\r\n<td colspan=\"3\">\u00a0Dimensi\u00f3n cara a cara (en mm)\u00a0 \u00a0<\/td>\r\n<td>Peso<\/td>\r\n<\/tr>\r\n<tr>\r\n<td>(en mm)<\/td>\r\n<td>RF<\/td>\r\n<td>BW<\/td>\r\n<td>RTJ<\/td>\r\n<td>kg<\/td>\r\n<\/tr>\r\n<tr>\r\n<td>CLASE 150<\/td>\r\n<td>150<\/td>\r\n<td>267<\/td>\r\n<td>403<\/td>\r\n<td>279<\/td>\r\n<td>85<\/td>\r\n<\/tr>\r\n<tr>\r\n<td>CLASE 300<\/td>\r\n<td>150<\/td>\r\n<td>403<\/td>\r\n<td>403<\/td>\r\n<td>419<\/td>\r\n<td>142<\/td>\r\n<\/tr>\r\n<tr>\r\n<td>CLASE 600<\/td>\r\n<td>150<\/td>\r\n<td>559<\/td>\r\n<td>559<\/td>\r\n<td>562<\/td>\r\n<td>285<\/td>\r\n<\/tr>\r\n<tr>\r\n<td>CLASE 900<\/td>\r\n<td>146<\/td>\r\n<td>610<\/td>\r\n<td>610<\/td>\r\n<td>613<\/td>\r\n<td>453<\/td>\r\n<\/tr>\r\n<tr>\r\n<td>CLASE 1500<\/td>\r\n<td>136<\/td>\r\n<td>705<\/td>\r\n<td>705<\/td>\r\n<td>711<\/td>\r\n<td>617<\/td>\r\n<\/tr>\r\n<tr>\r\n<td>CLASE 2500<\/td>\r\n<td>111<\/td>\r\n<td>914<\/td>\r\n<td>914<\/td>\r\n<td>927<\/td>\r\n<td>1590<\/td>\r\n<\/tr>\r\n<\/tbody>\r\n<\/table>\r\n\r\n<h2 class=\"wp-block-heading\" id=\"h-material-of-6-inch-gate-valve\">Material de la v\u00e1lvula de compuerta de 6 pulgadas:<\/h2>\r\n\r\n\r\n\r\n<figure class=\"wp-block-table is-style-stripes\">\r\n<table>\r\n<tbody>\r\n<tr>\r\n<td>No<\/td>\r\n<td>Pieza<\/td>\r\n<td>Material<\/td>\r\n<\/tr>\r\n<tr>\r\n<td>1<\/td>\r\n<td>Cuerpo<\/td>\r\n<td>ASTM A351 CF3<\/td>\r\n<\/tr>\r\n<tr>\r\n<td>2<\/td>\r\n<td>Anillo de asiento<\/td>\r\n<td>ASTM A182 F304L + STL<\/td>\r\n<\/tr>\r\n<tr>\r\n<td>3<\/td>\r\n<td>Cu\u00f1a<\/td>\r\n<td>ASTM A351 CF3 + STL<\/td>\r\n<\/tr>\r\n<tr>\r\n<td>4<\/td>\r\n<td>V\u00e1stago<\/td>\r\n<td>ASTM A276 304L<\/td>\r\n<\/tr>\r\n<tr>\r\n<td>5<\/td>\r\n<td>Junta del cap\u00f3<\/td>\r\n<td>Grafito + SS304L<\/td>\r\n<\/tr>\r\n<tr>\r\n<td>6<\/td>\r\n<td>Perno del cap\u00f3<\/td>\r\n<td>ASTM A193 B8<\/td>\r\n<\/tr>\r\n<tr>\r\n<td>7<\/td>\r\n<td>Tuerca de sombrerete<\/td>\r\n<td>ASTM A194 8<\/td>\r\n<\/tr>\r\n<tr>\r\n<td>8<\/td>\r\n<td>Cap\u00f3<\/td>\r\n<td>ASTM A351 CF3<\/td>\r\n<\/tr>\r\n<tr>\r\n<td>9<\/td>\r\n<td>Asiento trasero<\/td>\r\n<td>ASTM A182 304L<\/td>\r\n<\/tr>\r\n<tr>\r\n<td>10<\/td>\r\n<td>Empaquetadura de v\u00e1stago<\/td>\r\n<td>Grafito reforzado<\/td>\r\n<\/tr>\r\n<tr>\r\n<td>11<\/td>\r\n<td>Volante<\/td>\r\n<td>KTH330-08<\/td>\r\n<\/tr>\r\n<\/tbody>\r\n<\/table>\r\n<\/figure>","protected":false},"excerpt":{"rendered":"<p>La v\u00e1lvula de compuerta de 6 pulgadas significa que el tama\u00f1o de la v\u00e1lvula es de 6 pulgadas y en DN es DN150. \u00bfQu\u00e9 es un 6 pulgadas...? <a title=\"V\u00e1lvula de compuerta de 6 pulgadas\" class=\"read-more\" href=\"https:\/\/zecovalve.com\/es\/producto\/6-inch-gate-valve\" aria-label=\"M\u00e1s en V\u00e1lvula de compuerta de 6 pulgadas\">Leer m\u00e1s<\/a><\/p>","protected":false},"featured_media":27875,"comment_status":"closed","ping_status":"closed","template":"","meta":{"_generate-full-width-content":"","kt_blocks_editor_width":""},"product_cat":[2052,2458],"product_tag":[],"class_list":["post-16125","product","type-product","status-publish","has-post-thumbnail","hentry","product_cat-gate-valve","product_cat-gate-valve-by-inch","sales-flash-overlay","woocommerce-text-align-center","woocommerce-image-align-center","do-quantity-buttons"],"featured_image_src_large":["https:\/\/zecovalve.com\/wp-content\/uploads\/2022\/06\/High-Pressure-Gate-Valve-1.jpg",800,600,false],"author_info":[],"comment_info":0,"taxonomy_info":{"product_cat":[{"value":2052,"label":"Gate Valve"},{"value":2458,"label":"Gate Valve By Inch"}]},"yoast_head":"<!-- This site is optimized with the Yoast SEO Premium plugin v15.4 - https:\/\/yoast.com\/wordpress\/plugins\/seo\/ -->\n<title>Gate Valve 6 inch - Competitive 6&quot; Gate Valve Price | ZECO Valve<\/title>\n<meta name=\"robots\" content=\"index, follow, max-snippet:-1, max-image-preview:large, max-video-preview:-1\" \/>\n<link rel=\"canonical\" href=\"https:\/\/zecovalve.com\/es\/producto\/6-inch-gate-valve\" \/>\n<meta property=\"og:locale\" content=\"es_ES\" \/>\n<meta property=\"og:type\" content=\"article\" \/>\n<meta property=\"og:title\" content=\"Gate Valve 6 inch - Competitive 6&quot; Gate Valve Price | ZECO Valve\" \/>\n<meta property=\"og:description\" content=\"Gate valve 6 inch means the valve size is 6 inch, and in DN it is DN150. What is a 6 inch ... Leer m\u00e1s\" \/>\n<meta property=\"og:url\" content=\"https:\/\/zecovalve.com\/es\/producto\/6-inch-gate-valve\" \/>\n<meta property=\"og:site_name\" content=\"ZECO Valve\" \/>\n<meta property=\"article:modified_time\" content=\"2023-06-07T14:06:21+00:00\" \/>\n<meta property=\"og:image\" content=\"https:\/\/zecovalve.com\/wp-content\/uploads\/2022\/06\/High-Pressure-Gate-Valve-1.jpg\" \/>\n\t<meta property=\"og:image:width\" content=\"800\" \/>\n\t<meta property=\"og:image:height\" content=\"600\" \/>\n<meta name=\"twitter:card\" content=\"summary_large_image\" \/>\n<meta name=\"twitter:label1\" content=\"Escrito por\">\n\t<meta name=\"twitter:data1\" content=\"Jerry\">\n\t<meta name=\"twitter:label2\" content=\"Tiempo de lectura\">\n\t<meta name=\"twitter:data2\" content=\"2 minutos\">\n<script type=\"application\/ld+json\" class=\"yoast-schema-graph\">{\"@context\":\"https:\/\/schema.org\",\"@graph\":[{\"@type\":\"WebSite\",\"@id\":\"https:\/\/zecovalve.com\/#website\",\"url\":\"https:\/\/zecovalve.com\/\",\"name\":\"ZECO Valve\",\"description\":\"Industrial Ball Valve, Gate Valve and Globe Valve Manufacturer\",\"potentialAction\":[{\"@type\":\"SearchAction\",\"target\":\"https:\/\/zecovalve.com\/?s={search_term_string}\",\"query-input\":\"required name=search_term_string\"}],\"inLanguage\":\"es\"},{\"@type\":\"ImageObject\",\"@id\":\"https:\/\/zecovalve.com\/product\/6-inch-gate-valve#primaryimage\",\"inLanguage\":\"es\",\"url\":\"https:\/\/zecovalve.com\/wp-content\/uploads\/2022\/06\/High-Pressure-Gate-Valve-1.jpg\",\"width\":800,\"height\":600,\"caption\":\"6 inch Gate Valve\"},{\"@type\":\"WebPage\",\"@id\":\"https:\/\/zecovalve.com\/product\/6-inch-gate-valve#webpage\",\"url\":\"https:\/\/zecovalve.com\/product\/6-inch-gate-valve\",\"name\":\"Gate Valve 6 inch - Competitive 6\\\" Gate Valve Price | ZECO Valve\",\"isPartOf\":{\"@id\":\"https:\/\/zecovalve.com\/#website\"},\"primaryImageOfPage\":{\"@id\":\"https:\/\/zecovalve.com\/product\/6-inch-gate-valve#primaryimage\"},\"datePublished\":\"2022-06-19T04:25:15+00:00\",\"dateModified\":\"2023-06-07T14:06:21+00:00\",\"breadcrumb\":{\"@id\":\"https:\/\/zecovalve.com\/product\/6-inch-gate-valve#breadcrumb\"},\"inLanguage\":\"es\",\"potentialAction\":[{\"@type\":\"ReadAction\",\"target\":[\"https:\/\/zecovalve.com\/product\/6-inch-gate-valve\"]}]},{\"@type\":\"BreadcrumbList\",\"@id\":\"https:\/\/zecovalve.com\/product\/6-inch-gate-valve#breadcrumb\",\"itemListElement\":[{\"@type\":\"ListItem\",\"position\":1,\"item\":{\"@type\":\"WebPage\",\"@id\":\"https:\/\/zecovalve.com\/\",\"url\":\"https:\/\/zecovalve.com\/\",\"name\":\"Home\"}},{\"@type\":\"ListItem\",\"position\":2,\"item\":{\"@type\":\"WebPage\",\"@id\":\"https:\/\/zecovalve.com\/product-category\",\"url\":\"https:\/\/zecovalve.com\/product-category\",\"name\":\"Industrial Valve Manufacturer | Water Valve Manufacturer\"}},{\"@type\":\"ListItem\",\"position\":3,\"item\":{\"@type\":\"WebPage\",\"@id\":\"https:\/\/zecovalve.com\/product\/6-inch-gate-valve\",\"url\":\"https:\/\/zecovalve.com\/product\/6-inch-gate-valve\",\"name\":\"6 inch Gate Valve\"}}]}]}<\/script>\n<!-- \/ Yoast SEO Premium plugin. -->","_links":{"self":[{"href":"https:\/\/zecovalve.com\/es\/wp-json\/wp\/v2\/product\/16125","targetHints":{"allow":["GET"]}}],"collection":[{"href":"https:\/\/zecovalve.com\/es\/wp-json\/wp\/v2\/product"}],"about":[{"href":"https:\/\/zecovalve.com\/es\/wp-json\/wp\/v2\/types\/product"}],"replies":[{"embeddable":true,"href":"https:\/\/zecovalve.com\/es\/wp-json\/wp\/v2\/comments?post=16125"}],"wp:featuredmedia":[{"embeddable":true,"href":"https:\/\/zecovalve.com\/es\/wp-json\/wp\/v2\/media\/27875"}],"wp:attachment":[{"href":"https:\/\/zecovalve.com\/es\/wp-json\/wp\/v2\/media?parent=16125"}],"wp:term":[{"taxonomy":"product_cat","embeddable":true,"href":"https:\/\/zecovalve.com\/es\/wp-json\/wp\/v2\/product_cat?post=16125"},{"taxonomy":"product_tag","embeddable":true,"href":"https:\/\/zecovalve.com\/es\/wp-json\/wp\/v2\/product_tag?post=16125"}],"curies":[{"name":"wp","href":"https:\/\/api.w.org\/{rel}","templated":true}]}}