{"id":16127,"date":"2022-06-19T13:33:53","date_gmt":"2022-06-19T13:33:53","guid":{"rendered":"https:\/\/zecovalve.com\/?post_type=product&#038;p=16127"},"modified":"2023-06-15T12:38:01","modified_gmt":"2023-06-15T12:38:01","slug":"industrial-gate-valve","status":"publish","type":"product","link":"https:\/\/zecovalve.com\/es\/producto\/industrial-gate-valve","title":{"rendered":"V\u00e1lvula de compuerta industrial"},"content":{"rendered":"<p>ZECO Valve es un fabricante de v\u00e1lvulas de compuerta aprobado por API 600.<\/p>\r\n\r\n\r\n\r\n<figure class=\"wp-block-image alignnone size-medium wp-image-16128\"><img loading=\"lazy\" decoding=\"async\" width=\"300\" height=\"225\" class=\"wp-image-16128\" src=\"https:\/\/zecovalve.com\/wp-content\/uploads\/2022\/06\/industrial-gate-valve-300x225.jpg\" alt=\"V\u00e1lvula de compuerta industrial\" srcset=\"https:\/\/zecovalve.com\/wp-content\/uploads\/2022\/06\/industrial-gate-valve-300x225.jpg 300w, https:\/\/zecovalve.com\/wp-content\/uploads\/2022\/06\/industrial-gate-valve-768x576.jpg 768w, https:\/\/zecovalve.com\/wp-content\/uploads\/2022\/06\/industrial-gate-valve-600x450.jpg 600w, https:\/\/zecovalve.com\/wp-content\/uploads\/2022\/06\/industrial-gate-valve.jpg 800w\" sizes=\"auto, (max-width: 300px) 100vw, 300px\" \/><\/figure>\r\n\r\n\r\n<div class=\"gb-button-wrapper gb-button-wrapper-6d8495a3\">\r\n\r\n\r\n<p><a class=\"gb-button gb-button-3d442e11 gb-button-text\" href=\"https:\/\/zecovalve.com\/es\/contact\/\" target=\"_blank\" rel=\"noopener noreferrer\"><strong>OBTENER PRECIO DE V\u00c1LVULA DE COMPUERTA INDUSTRIAL<\/strong><\/a><\/p>\r\n<\/div>\r\n\r\n\r\n\r\n\r\n<h2 class=\"wp-block-heading\">\u00bfQu\u00e9 son las v\u00e1lvulas industriales?<\/h2>\r\n\r\n\r\n\r\n<p>En aplicaciones industriales, las v\u00e1lvulas desempe\u00f1an un papel vital en el control o regulaci\u00f3n del movimiento de los medios en los sistemas de tuber\u00edas. El amplio alcance de aplicaciones industriales permite m\u00e1s variedades en el dise\u00f1o de v\u00e1lvulas.<\/p>\r\n\r\n\r\n\r\n<p>Si bien la mayor\u00eda son para el mecanismo de parada y arranque, ciertas v\u00e1lvulas tambi\u00e9n tienen capacidades de estrangulaci\u00f3n. Adem\u00e1s, las v\u00e1lvulas se operan manualmente o mediante el uso de un engranaje que mueve el actuador.<\/p>\r\n\r\n\r\n\r\n<p>Cualquier persona que se dedique al negocio de las tuber\u00edas debe comprender la importancia de las v\u00e1lvulas. Conocer el funcionamiento y mantenimiento de las v\u00e1lvulas asegura que estas puedan durar m\u00e1s. Tambi\u00e9n garantiza que todo el proceso de tuber\u00eda se realice sin demoras.<\/p>\r\n\r\n\r\n\r\n<p>Este art\u00edculo analiza todo lo que necesita saber sobre las v\u00e1lvulas industriales. En este art\u00edculo se incluyen las diferentes funciones de la v\u00e1lvula y las piezas generales de la v\u00e1lvula. Este art\u00edculo tambi\u00e9n analiza las v\u00e1lvulas com\u00fanmente utilizadas en aplicaciones industriales.<\/p>\r\n\r\n\r\n\r\n<h2 class=\"wp-block-heading\" id=\"h-what-is-industrial-gate-valve\">\u00bfQu\u00e9 es la v\u00e1lvula de compuerta industrial?<\/h2>\r\n\r\n\r\n\r\n<p>Las v\u00e1lvulas de compuerta industriales o \u201cv\u00e1lvulas de bloqueo\u201d son el tipo de v\u00e1lvula m\u00e1s com\u00fanmente utilizado en la industria del petr\u00f3leo y el gas. Las v\u00e1lvulas de compuerta est\u00e1n dise\u00f1adas para controlar el flujo de apertura y cierre. Cuando est\u00e1 completamente abierta, el fluido fluye a trav\u00e9s de la v\u00e1lvula en l\u00ednea recta, lo que produce una ca\u00edda de presi\u00f3n m\u00ednima a trav\u00e9s de la v\u00e1lvula.<\/p>\r\n\r\n\r\n\r\n<p>Las v\u00e1lvulas de compuerta industriales son adecuadas para instalaci\u00f3n tanto superficial como subterr\u00e1nea y est\u00e1n dise\u00f1adas para servicio completamente abierto o completamente cerrado. Se instalan en tuber\u00edas como v\u00e1lvulas de aislamiento y no deben usarse como v\u00e1lvula de control o regulaci\u00f3n.<\/p>\r\n\r\n\r\n\r\n<p>Estas v\u00e1lvulas se pueden dividir en dos tipos principales: paralelas y en forma de cu\u00f1a. Las v\u00e1lvulas de compuerta industriales paralelas utilizan una compuerta plana entre dos asientos paralelos. La v\u00e1lvula de guillotina es una v\u00e1lvula popular dise\u00f1ada de esta manera, con un borde afilado en la parte inferior de la compuerta. Las v\u00e1lvulas de compuerta industriales en forma de cu\u00f1a utilizan dos asientos inclinados y una compuerta inclinada que no coincide ligeramente.<\/p>\r\n\r\n\r\n\r\n<p>Las v\u00e1lvulas de compuerta industriales sol\u00edan ser una cu\u00f1a con asiento de metal con un dise\u00f1o de cu\u00f1a c\u00f3nica y dispositivos de sellado angulares que necesitaban una depresi\u00f3n en el fondo de la v\u00e1lvula para garantizar un cierre herm\u00e9tico. Hoy en d\u00eda, las v\u00e1lvulas de compuerta con asiento el\u00e1stico tienen un fondo plano que permite el paso libre de arena y guijarros en la v\u00e1lvula.<\/p>\r\n\r\n\r\n\r\n<p>Los v\u00e1stagos ascendentes se fijan a v\u00e1lvulas de compuerta industriales y suben o bajan a medida que se opera la compuerta. Esta es una indicaci\u00f3n visual de la posici\u00f3n de la v\u00e1lvula de compuerta industrial y facilita el engrase del v\u00e1stago. Este tipo de v\u00e1lvula de compuerta industrial normalmente s\u00f3lo es adecuada para instalaciones sobre el suelo.<\/p>\r\n\r\n\r\n\r\n<p>Los v\u00e1stagos no ascendentes se enroscan en la propia puerta y ocupan menos espacio vertical. Estas v\u00e1lvulas son adecuadas tanto para instalaciones a\u00e9reas como subterr\u00e1neas.<\/p>\r\n\r\n\r\n\r\n<p>Las v\u00e1lvulas de compuerta industriales son duraderas y duraderas y no requieren mucho mantenimiento.<\/p>\r\n\r\n\r\n\r\n<h2 class=\"wp-block-heading\">Especificaciones de la v\u00e1lvula de compuerta industrial<\/h2>\r\n\r\n\r\n\r\n<figure class=\"wp-block-table\">\r\n<table>\r\n<tbody>\r\n<tr>\r\n<td>RANGO DE TAMA\u00d1O<\/td>\r\n<td>Rango de tama\u00f1os de 1\/4\u201d a 60\u201d<\/td>\r\n<\/tr>\r\n<tr>\r\n<td>RANGO DE PRESI\u00d3N<\/td>\r\n<td>Rango de tama\u00f1os Rango de presi\u00f3n Clasificaci\u00f3n de presi\u00f3n ANSI 150# a ANSI 1500#<\/td>\r\n<\/tr>\r\n<tr>\r\n<td>GRADOS DE MATERIALES<\/td>\r\n<td>WCB, A105N, LF2, LCC, CF8M, 316, 316L, A20, Hastelloy C, Otros materiales ex\u00f3ticos<\/td>\r\n<\/tr>\r\n<tr>\r\n<td>MATERIALES DE ACABADO<\/td>\r\n<td>13Cr, SS 316, A20, Monel, v\u00e1stago y cu\u00f1a de Hastelloy C<\/td>\r\n<\/tr>\r\n<tr>\r\n<td>MATERIAL DE EMBALAJE Y JUNTAS<\/td>\r\n<td>Grafito o tefl\u00f3n<\/td>\r\n<\/tr>\r\n<tr>\r\n<td>CONFIGURACIONES FINALES<\/td>\r\n<td>Cara elevada, RTJ, roscado, encaje para soldar, encaje en X roscado<\/td>\r\n<\/tr>\r\n<tr>\r\n<td>NORMAS<\/td>\r\n<td>Bajas emisiones, certificado NACE<\/td>\r\n<\/tr>\r\n<\/tbody>\r\n<\/table>\r\n<\/figure>\r\n\r\n\r\n\r\n<h2 class=\"wp-block-heading\">Piezas y componentes de v\u00e1lvulas de compuerta industriales<\/h2>\r\n\r\n\r\n\r\n<p>La v\u00e1lvula industrial es un conjunto colectivo de piezas m\u00e1s peque\u00f1as. Hay partes internas y externas. Si bien los tipos de v\u00e1lvulas espec\u00edficos contienen ciertos componentes definitivos para ese dise\u00f1o, todas las v\u00e1lvulas industriales comparten componentes principales. Esta secci\u00f3n discutir\u00e1 las diferentes partes de la v\u00e1lvula.<\/p>\r\n\r\n\r\n\r\n<h3 class=\"wp-block-heading\">Cuerpo<\/h3>\r\n\r\n\r\n\r\n<p>El cuerpo alberga las partes internas de la v\u00e1lvula, incluida la moldura. Este es tambi\u00e9n el paso del fluido. <a href=\"https:\/\/zecovalve.com\/es\/\" data-internallinksmanager029f6b8e52c=\"9\" title=\"fabricante de v\u00e1lvulas industriales\" target=\"_blank\" rel=\"noopener\">Fabricantes de v\u00e1lvulas industriales<\/a> producir esto como cualquiera de los tres: fundido, forjado o fabricado. El cuerpo tambi\u00e9n conecta la v\u00e1lvula en ambos extremos al sistema de tuber\u00edas.<\/p>\r\n\r\n\r\n\r\n<h3 class=\"wp-block-heading\">Cap\u00f3<\/h3>\r\n\r\n\r\n\r\n<p>Las dos funciones del cap\u00f3 son:<\/p>\r\n\r\n\r\n\r\n<p>Alberga las partes internas de las v\u00e1lvulas.<\/p>\r\n\r\n\r\n\r\n<p>Soporta el v\u00e1stago ya que se encuentra en la parte del cap\u00f3 en muchos tipos de v\u00e1lvulas.<\/p>\r\n\r\n\r\n\r\n<h3 class=\"wp-block-heading\">Ajuste de v\u00e1lvula<\/h3>\r\n\r\n\r\n\r\n<p>Los internos de la v\u00e1lvula se refieren a las partes colectivas de la v\u00e1lvula que entran en contacto con el medio de flujo. Estos son el disco, el asiento de la v\u00e1lvula y el v\u00e1stago. Tenga en cuenta que algunas v\u00e1lvulas pueden tener piezas adicionales, pero en t\u00e9rminos generales, estas tres siempre est\u00e1n presentes en la mayor\u00eda de las v\u00e1lvulas.<\/p>\r\n\r\n\r\n\r\n<p>El tipo de asiento y disco, junto con la ubicaci\u00f3n del disco en relaci\u00f3n con el asiento, determinan el rendimiento de los internos de la v\u00e1lvula. Tambi\u00e9n es la combinaci\u00f3n de disco, asiento y v\u00e1stago la que determina el movimiento y control de la v\u00e1lvula.<\/p>\r\n\r\n\r\n\r\n<ul class=\"wp-block-list\">\r\n<li>Disco\r\n<ul>\r\n<li>El disco tiene nombres alternativos seg\u00fan el tipo de v\u00e1lvula. Ball y gate son otros dos nombres para el disco. Esta parte puede funcionar como acelerador o para detener\/permitir el flujo de medio hacia la v\u00e1lvula hacia las tuber\u00edas.<\/li>\r\n<\/ul>\r\n<\/li>\r\n<li>Asiento\r\n<ul>\r\n<li>El asiento proporciona un coj\u00edn para el disco. Los anillos de sellado son su otro nombre. Algunos tipos de v\u00e1lvulas tienen un asiento mientras que otros tienen dos o m\u00e1s. Cuanto mayor sea el n\u00famero de asientos, mejor sellado. Las v\u00e1lvulas multipuerto tienen m\u00e1s asientos ya que estas tienen m\u00e1s de una salida. Algunos asientos est\u00e1n integrados en la estructura de v\u00e1lvulas. Otros son reemplazables.<\/li>\r\n<li>La calidad del asiento de la v\u00e1lvula afecta directamente la eficacia de la prevenci\u00f3n de fugas. Dependiendo de los requisitos como el tipo de medio de flujo, man\u00f3metros de temperatura y presi\u00f3n, etc., las v\u00e1lvulas son de elast\u00f3mero como tefl\u00f3n o de metal.<\/li>\r\n<\/ul>\r\n<\/li>\r\n<li>V\u00e1stago\r\n<ul>\r\n<li>El v\u00e1stago es el eje que conecta el disco al actuador. Esta parte proporciona el movimiento necesario para abrir o cerrar el disco. Los movimientos de apertura y cierre son lineales como las v\u00e1lvulas de compuerta o de globo, o rotacionales como las v\u00e1lvulas de mariposa y de bola.<\/li>\r\n<\/ul>\r\n<\/li>\r\n<li>Pernos\r\n<ul>\r\n<li>Los pernos sujetan una parte de la v\u00e1lvula a otra, por ejemplo, el cap\u00f3 al cuerpo. Los pernos hacen que el sello est\u00e9 m\u00e1s apretado.<\/li>\r\n<\/ul>\r\n<\/li>\r\n<li>Actuador\r\n<ul>\r\n<li>El actuador recibe muchos nombres, como ruedas, palancas y manijas. La mayor\u00eda de las veces, los nombres siguen el dise\u00f1o del actuador. Las v\u00e1lvulas de compuerta y de globo tienen volantes manuales como actuadores. Por otro lado, las v\u00e1lvulas de bola, de tap\u00f3n y de mariposa cuentan con palancas que act\u00faan como actuadores. Si bien los actuadores manuales son comunes, hay circunstancias en las que la automatizaci\u00f3n o la energ\u00eda son la forma ideal de actuar. Hay problemas con la ubicaci\u00f3n de la v\u00e1lvula, como por ejemplo ser remota. El tiempo no permite que las v\u00e1lvulas se abran r\u00e1pidamente mediante m\u00e9todos manuales.<\/li>\r\n<li>La v\u00e1lvula es grande y la presi\u00f3n es demasiado alta; La apertura manual se vuelve riesgosa.<\/li>\r\n<\/ul>\r\n<\/li>\r\n<li>Embalaje\r\n<ul>\r\n<li>A esto tambi\u00e9n se le llama junta. La empaquetadura funciona como un sello entre el v\u00e1stago y el cap\u00f3. Esto juega un papel importante ya que la instalaci\u00f3n adecuada de la empaquetadura aumenta la vida \u00fatil de la v\u00e1lvula.<\/li>\r\n<li>Instalada demasiado floja, la v\u00e1lvula tiene fugas. Si se instala demasiado apretada, la v\u00e1lvula no se puede mover. En otras palabras, la empaquetadura reduce los da\u00f1os y aumenta la capacidad de sellado de la v\u00e1lvula. Tiene cinco componentes, a saber, el seguidor del casquillo, el casquillo, el prensaestopas y el asiento trasero.<\/li>\r\n<\/ul>\r\n<\/li>\r\n<li>Yugo\r\n<ul>\r\n<li>El yugo es el brazo que conecta el cuerpo y el cap\u00f3 al actuador. Fabricado en una sola pieza con el cap\u00f3, el yugo debe resistir la fuerza aplicada al actuador. El yugo contiene las tuercas y el casquillo que act\u00faan como conectores a otras partes de la v\u00e1lvula.<\/li>\r\n<\/ul>\r\n<\/li>\r\n<\/ul>\r\n\r\n\r\n\r\n<h2 class=\"wp-block-heading\" id=\"h-features-of-industrial-gate-valves\">Caracter\u00edsticas de las v\u00e1lvulas de compuerta industriales<\/h2>\r\n\r\n\r\n\r\n<ul class=\"wp-block-list\">\r\n<li>La v\u00e1lvula de compuerta industrial ZECO est\u00e1 dise\u00f1ada con un sello que puede satisfacer las necesidades de reemplazo de empaquetadura con presi\u00f3n en el campo de mantenimiento y garantizar que no haya fugas al reemplazar el empaque. En comparaci\u00f3n con el proceso de reemplazo original de desmontaje de la v\u00e1lvula, acelera enormemente la velocidad, ahorra tiempo al personal y optimiza el tiempo de operaci\u00f3n de la tuber\u00eda;<\/li>\r\n<li>La tuerca del v\u00e1stago de rosca larga prolonga la vida \u00fatil de la banda de rodadura y permite retirar el volante en la posici\u00f3n completamente abierta;<\/li>\r\n<li>Junta de grafito flexible utilizada para v\u00e1lvulas de compuerta Clase 150, junta enrollada en espiral para v\u00e1lvulas Clase 300 y 600, y junta de anillo met\u00e1lico para v\u00e1lvulas de compuerta de Clase 900 o superior (la Clase 600 se puede obtener si el cliente lo requiere);<\/li>\r\n<li>Durante la apertura y el cierre de la v\u00e1lvula, la gu\u00eda integral en el cuerpo de la v\u00e1lvula mantiene la cu\u00f1a alejada del centro. Sin la gu\u00eda integral, el sello de compuerta quedar\u00e1 desplazado y la estructura de la v\u00e1lvula de compuerta industrial ZECO estabiliza el rendimiento del sellado.<\/li>\r\n<\/ul>\r\n\r\n\r\n\r\n<h2 class=\"wp-block-heading\">Aplicaciones de v\u00e1lvulas de compuerta industriales<\/h2>\r\n\r\n\r\n\r\n<ul class=\"wp-block-list\">\r\n<li>Costo y eficiencia energ\u00e9tica<\/li>\r\n<li>Dise\u00f1o de cuerpo simple y f\u00e1cil de operar.<\/li>\r\n<li>Doble direcci\u00f3n de flujo, dependiendo del medio.<\/li>\r\n<li>M\u00ednima erosi\u00f3n experimentada<\/li>\r\n<li>M\u00ednima presi\u00f3n involucrada, debido a la agilizaci\u00f3n del flujo.<\/li>\r\n<\/ul>\r\n\r\n\r\n\r\n<h2 class=\"wp-block-heading\" id=\"h-product-overview-of-industrial-gate-valves\">Descripci\u00f3n general del producto de v\u00e1lvulas de compuerta industriales<\/h2>\r\n\r\n\r\n\r\n<figure class=\"wp-block-table is-style-stripes\">\r\n<table>\r\n<tbody>\r\n<tr>\r\n<td>RANGO DE TAMA\u00d1O<\/td>\r\n<td>Rango de tama\u00f1os de 1\/4\u201d a 60\u201d<\/td>\r\n<\/tr>\r\n<tr>\r\n<td>RANGO DE PRESI\u00d3N<\/td>\r\n<td>Rango de tama\u00f1os Rango de presi\u00f3n Clasificaci\u00f3n de presi\u00f3n ANSI 150# a ANSI 1500#<\/td>\r\n<\/tr>\r\n<tr>\r\n<td>GRADOS DE MATERIALES<\/td>\r\n<td>WCB, A105N, LF2, LCC, CF8M, 316, 316L, A20, Hastelloy C, Otros materiales ex\u00f3ticos<\/td>\r\n<\/tr>\r\n<tr>\r\n<td>MATERIALES DE ACABADO<\/td>\r\n<td>13Cr, SS 316, A20, Monel, v\u00e1stago y cu\u00f1a de Hastelloy C<\/td>\r\n<\/tr>\r\n<tr>\r\n<td>MATERIAL DE EMBALAJE Y JUNTAS<\/td>\r\n<td>Grafito o tefl\u00f3n<\/td>\r\n<\/tr>\r\n<tr>\r\n<td>CONFIGURACIONES FINALES<\/td>\r\n<td>Cara elevada, RTJ, roscado, encaje para soldar, encaje en X roscado<\/td>\r\n<\/tr>\r\n<tr>\r\n<td>NORMAS<\/td>\r\n<td>Bajas emisiones, certificado NACE<\/td>\r\n<\/tr>\r\n<\/tbody>\r\n<\/table>\r\n<\/figure>\r\n\r\n\r\n\r\n<h2 class=\"wp-block-heading\">Fabricante de v\u00e1lvulas industriales<\/h2>\r\n\r\n\r\n\r\n<p>ZECO Valve es un fabricante de v\u00e1lvulas industriales de v\u00e1lvulas de bola, v\u00e1lvulas de compuerta, v\u00e1lvulas de globo, v\u00e1lvulas de retenci\u00f3n, v\u00e1lvulas de mariposa, v\u00e1lvulas de macho y filtros. Nuestra f\u00e1brica de v\u00e1lvulas en China cumple con los est\u00e1ndares ANSI, API, DIN, GOST, BS, JIS, China GB y los requisitos espec\u00edficos del cliente. Nuestros productos se han vendido en todo el mundo para una amplia gama de aplicaciones en las industrias de gas natural, petr\u00f3leo, refinaci\u00f3n de petr\u00f3leo, qu\u00edmica, marina, generaci\u00f3n de energ\u00eda y transporte por tuber\u00edas.<\/p>","protected":false},"excerpt":{"rendered":"<p>ZECO Valve es un fabricante de v\u00e1lvulas de compuerta aprobado por API 600. \u00bfQu\u00e9 son las v\u00e1lvulas industriales? En aplicaciones industriales, las v\u00e1lvulas desempe\u00f1an un papel vital... <a title=\"V\u00e1lvula de compuerta industrial\" class=\"read-more\" href=\"https:\/\/zecovalve.com\/es\/producto\/industrial-gate-valve\" aria-label=\"M\u00e1s en V\u00e1lvulas de compuerta industriales\">Leer m\u00e1s<\/a><\/p>","protected":false},"featured_media":27878,"comment_status":"closed","ping_status":"closed","template":"","meta":{"_generate-full-width-content":"","kt_blocks_editor_width":""},"product_cat":[2052,2456],"product_tag":[2798],"class_list":["post-16127","product","type-product","status-publish","has-post-thumbnail","hentry","product_cat-gate-valve","product_cat-gate-valve-by-form","product_tag-osy-valve","sales-flash-overlay","woocommerce-text-align-center","woocommerce-image-align-center","do-quantity-buttons"],"featured_image_src_large":["https:\/\/zecovalve.com\/wp-content\/uploads\/2022\/06\/Industrial-Gate-Valve-1.jpg",800,600,false],"author_info":[],"comment_info":0,"taxonomy_info":{"product_cat":[{"value":2052,"label":"Gate Valve"},{"value":2456,"label":"Gate Valve By Form"}],"product_tag":[{"value":2798,"label":"OS&amp;Y Valve"}]},"yoast_head":"<!-- This site is optimized with the Yoast SEO Premium plugin v15.4 - https:\/\/yoast.com\/wordpress\/plugins\/seo\/ -->\n<title>Industrial Gate Valve - Gate Valve Manufacturer | ZECO Valve<\/title>\n<meta name=\"robots\" content=\"index, follow, max-snippet:-1, max-image-preview:large, max-video-preview:-1\" \/>\n<link rel=\"canonical\" href=\"https:\/\/zecovalve.com\/es\/producto\/industrial-gate-valve\" \/>\n<meta property=\"og:locale\" content=\"es_ES\" \/>\n<meta property=\"og:type\" content=\"article\" \/>\n<meta property=\"og:title\" content=\"Industrial Gate Valve - Gate Valve Manufacturer | ZECO Valve\" \/>\n<meta property=\"og:description\" content=\"ZECO Valve is an API 600 approved Gate Valve Manufacturer. What are Industrial Valves? In industrial applications, valves play a vital role ... Leer m\u00e1s\" \/>\n<meta property=\"og:url\" content=\"https:\/\/zecovalve.com\/es\/producto\/industrial-gate-valve\" \/>\n<meta property=\"og:site_name\" content=\"ZECO Valve\" \/>\n<meta property=\"article:modified_time\" content=\"2023-06-15T12:38:01+00:00\" \/>\n<meta property=\"og:image\" content=\"https:\/\/zecovalve.com\/wp-content\/uploads\/2022\/06\/Industrial-Gate-Valve-1.jpg\" \/>\n\t<meta property=\"og:image:width\" content=\"800\" \/>\n\t<meta property=\"og:image:height\" content=\"600\" \/>\n<meta name=\"twitter:card\" content=\"summary_large_image\" \/>\n<meta name=\"twitter:label1\" content=\"Escrito por\">\n\t<meta name=\"twitter:data1\" content=\"Jerry\">\n\t<meta name=\"twitter:label2\" content=\"Tiempo de lectura\">\n\t<meta name=\"twitter:data2\" content=\"6 minutos\">\n<script type=\"application\/ld+json\" class=\"yoast-schema-graph\">{\"@context\":\"https:\/\/schema.org\",\"@graph\":[{\"@type\":\"WebSite\",\"@id\":\"https:\/\/zecovalve.com\/#website\",\"url\":\"https:\/\/zecovalve.com\/\",\"name\":\"ZECO Valve\",\"description\":\"Industrial Ball Valve, Gate Valve and Globe Valve Manufacturer\",\"potentialAction\":[{\"@type\":\"SearchAction\",\"target\":\"https:\/\/zecovalve.com\/?s={search_term_string}\",\"query-input\":\"required name=search_term_string\"}],\"inLanguage\":\"es\"},{\"@type\":\"ImageObject\",\"@id\":\"https:\/\/zecovalve.com\/product\/industrial-gate-valve#primaryimage\",\"inLanguage\":\"es\",\"url\":\"https:\/\/zecovalve.com\/wp-content\/uploads\/2022\/06\/Industrial-Gate-Valve-1.jpg\",\"width\":800,\"height\":600,\"caption\":\"Industrial Gate Valve\"},{\"@type\":\"WebPage\",\"@id\":\"https:\/\/zecovalve.com\/product\/industrial-gate-valve#webpage\",\"url\":\"https:\/\/zecovalve.com\/product\/industrial-gate-valve\",\"name\":\"Industrial Gate Valve - Gate Valve Manufacturer | ZECO Valve\",\"isPartOf\":{\"@id\":\"https:\/\/zecovalve.com\/#website\"},\"primaryImageOfPage\":{\"@id\":\"https:\/\/zecovalve.com\/product\/industrial-gate-valve#primaryimage\"},\"datePublished\":\"2022-06-19T13:33:53+00:00\",\"dateModified\":\"2023-06-15T12:38:01+00:00\",\"breadcrumb\":{\"@id\":\"https:\/\/zecovalve.com\/product\/industrial-gate-valve#breadcrumb\"},\"inLanguage\":\"es\",\"potentialAction\":[{\"@type\":\"ReadAction\",\"target\":[\"https:\/\/zecovalve.com\/product\/industrial-gate-valve\"]}]},{\"@type\":\"BreadcrumbList\",\"@id\":\"https:\/\/zecovalve.com\/product\/industrial-gate-valve#breadcrumb\",\"itemListElement\":[{\"@type\":\"ListItem\",\"position\":1,\"item\":{\"@type\":\"WebPage\",\"@id\":\"https:\/\/zecovalve.com\/\",\"url\":\"https:\/\/zecovalve.com\/\",\"name\":\"Home\"}},{\"@type\":\"ListItem\",\"position\":2,\"item\":{\"@type\":\"WebPage\",\"@id\":\"https:\/\/zecovalve.com\/product-category\",\"url\":\"https:\/\/zecovalve.com\/product-category\",\"name\":\"Industrial Valve Manufacturer | Water Valve Manufacturer\"}},{\"@type\":\"ListItem\",\"position\":3,\"item\":{\"@type\":\"WebPage\",\"@id\":\"https:\/\/zecovalve.com\/product\/industrial-gate-valve\",\"url\":\"https:\/\/zecovalve.com\/product\/industrial-gate-valve\",\"name\":\"Industrial Gate Valve\"}}]}]}<\/script>\n<!-- \/ Yoast SEO Premium plugin. -->","_links":{"self":[{"href":"https:\/\/zecovalve.com\/es\/wp-json\/wp\/v2\/product\/16127","targetHints":{"allow":["GET"]}}],"collection":[{"href":"https:\/\/zecovalve.com\/es\/wp-json\/wp\/v2\/product"}],"about":[{"href":"https:\/\/zecovalve.com\/es\/wp-json\/wp\/v2\/types\/product"}],"replies":[{"embeddable":true,"href":"https:\/\/zecovalve.com\/es\/wp-json\/wp\/v2\/comments?post=16127"}],"wp:featuredmedia":[{"embeddable":true,"href":"https:\/\/zecovalve.com\/es\/wp-json\/wp\/v2\/media\/27878"}],"wp:attachment":[{"href":"https:\/\/zecovalve.com\/es\/wp-json\/wp\/v2\/media?parent=16127"}],"wp:term":[{"taxonomy":"product_cat","embeddable":true,"href":"https:\/\/zecovalve.com\/es\/wp-json\/wp\/v2\/product_cat?post=16127"},{"taxonomy":"product_tag","embeddable":true,"href":"https:\/\/zecovalve.com\/es\/wp-json\/wp\/v2\/product_tag?post=16127"}],"curies":[{"name":"wp","href":"https:\/\/api.w.org\/{rel}","templated":true}]}}