{"id":16131,"date":"2022-06-19T13:46:32","date_gmt":"2022-06-19T13:46:32","guid":{"rendered":"https:\/\/zecovalve.com\/?post_type=product&#038;p=16131"},"modified":"2022-09-01T00:48:37","modified_gmt":"2022-09-01T00:48:37","slug":"3-inch-butterfly-valve","status":"publish","type":"product","link":"https:\/\/zecovalve.com\/es\/producto\/3-inch-butterfly-valve","title":{"rendered":"V\u00e1lvula de mariposa de 3 pulgadas"},"content":{"rendered":"<figure class=\"wp-block-image alignnone size-full is-resized size-medium wp-image-16132\"><img loading=\"lazy\" decoding=\"async\" class=\"wp-image-14003\" src=\"https:\/\/zecovalve.com\/wp-content\/uploads\/2022\/01\/20220105083946-61d55952c8bd2.jpg\" alt=\"\" width=\"449\" height=\"350\" srcset=\"https:\/\/zecovalve.com\/wp-content\/uploads\/2022\/01\/20220105083946-61d55952c8bd2.jpg 898w, https:\/\/zecovalve.com\/wp-content\/uploads\/2022\/01\/20220105083946-61d55952c8bd2-600x468.jpg 600w, https:\/\/zecovalve.com\/wp-content\/uploads\/2022\/01\/20220105083946-61d55952c8bd2-300x234.jpg 300w, https:\/\/zecovalve.com\/wp-content\/uploads\/2022\/01\/20220105083946-61d55952c8bd2-768x599.jpg 768w\" sizes=\"auto, (max-width: 449px) 100vw, 449px\" \/><\/figure>\r\n\r\n\r\n<div class=\"gb-button-wrapper gb-button-wrapper-6d8495a3\">\r\n\r\n\r\n<p><a class=\"gb-button gb-button-3d442e11 gb-button-text\" href=\"mailto:commercial@zecovalve.com\" target=\"_blank\" rel=\"noopener noreferrer\"><strong>OBT\u00c9N PRECIO DE V\u00c1LVULA DE MARIPOSA TIPO WAFER DE 3 pulgadas<\/strong><\/a><\/p>\r\n<\/div>\r\n\r\n\r\n\r\n\r\n<h2 class=\"wp-block-heading\" id=\"h-what-is-3-inch-wafer-type-butterfly-valve\">\u00bfQu\u00e9 es la v\u00e1lvula de mariposa tipo oblea de 3 pulgadas?<\/h2>\r\n\r\n\r\n\r\n<p>La v\u00e1lvula de mariposa tipo oblea de 3 pulgadas es un mecanismo de control de flujo que utiliza un disco giratorio para controlar el flujo del medio en el sistema. El disco permanece en el paso, pero como es tan delgado, ofrece muy poca resistencia al flujo.<\/p>\r\n\r\n\r\n\r\n<p>El tipo m\u00e1s com\u00fan de disposici\u00f3n de v\u00e1lvula de mariposa es una v\u00e1lvula de mariposa c\u00e9ntrica o conc\u00e9ntrica. Este tipo de v\u00e1lvula de mariposa consta de un v\u00e1stago que se desplaza a lo largo de la l\u00ednea media del disco en el centro del orificio de la tuber\u00eda y el asiento est\u00e1 en el di\u00e1metro interior del cuerpo de la v\u00e1lvula. Esta configuraci\u00f3n de v\u00e1lvula sin compensaci\u00f3n tambi\u00e9n se conoce como v\u00e1lvula de asiento el\u00e1stico, ya que depende de la flexibilidad del caucho del asiento cuando el flujo est\u00e1 cerrado, para la confiabilidad del sello. En este tipo de v\u00e1lvula, el disco interact\u00faa primero con el asiento a aproximadamente 85\u00b0 para una rotaci\u00f3n de 90\u00b0. Las v\u00e1lvulas de mariposa conc\u00e9ntricas se utilizan ampliamente en aplicaciones de baja presi\u00f3n.<\/p>\r\n\r\n\r\n\r\n<h2 class=\"wp-block-heading\">Dimensiones y peso de la v\u00e1lvula de mariposa de 3 pulgadas<\/h2>\r\n\r\n\r\n\r\n<table border=\"=1\" width=\"800\">\r\n<tbody>\r\n<tr>\r\n<td rowspan=\"2\">Presi\u00f3n nominal<\/td>\r\n<td style=\"text-align: center;\" colspan=\"3\">\u00a0Dimensi\u00f3n cara a cara (en mm)<\/td>\r\n<td style=\"text-align: center;\">Peso<\/td>\r\n<\/tr>\r\n<tr>\r\n<td style=\"text-align: center;\">RF<\/td>\r\n<td style=\"text-align: center;\">OBLEA<\/td>\r\n<td style=\"text-align: center;\">ARRASTRAR<\/td>\r\n<td style=\"text-align: center;\">kg<\/td>\r\n<\/tr>\r\n<tr>\r\n<td>CLASE 150<\/td>\r\n<td style=\"text-align: center;\">114<\/td>\r\n<td style=\"text-align: center;\">46<\/td>\r\n<td style=\"text-align: center;\">46<\/td>\r\n<td style=\"text-align: center;\">8<\/td>\r\n<\/tr>\r\n<\/tbody>\r\n<\/table>\r\n\r\n\r\n\r\n<h2 class=\"wp-block-heading\">Aplicaciones de las v\u00e1lvulas de mariposa tipo Wafer de 3<\/h2>\r\n\r\n\r\n\r\n<ul class=\"wp-block-list\">\r\n<li>Industrias Generales<\/li>\r\n<li>climatizaci\u00f3n<\/li>\r\n<li>Agua<\/li>\r\n<li>Procesamiento qu\u00edmico\/petroqu\u00edmico<\/li>\r\n<li>Alimentos y bebidas<\/li>\r\n<li>Energ\u00eda y servicios p\u00fablicos<\/li>\r\n<li>Pulpo y papel<\/li>\r\n<li>Construcci\u00f3n naval y comercial<\/li>\r\n<\/ul>\r\n\r\n\r\n\r\n<h2 class=\"wp-block-heading\" id=\"h-features-of-3-inch-wafer-type-butterfly-valve\">Caracter\u00edsticas de la v\u00e1lvula de mariposa tipo oblea de 3 pulgadas:<\/h2>\r\n\r\n\r\n\r\n<ul class=\"wp-block-list\">\r\n<li>Adecuado tanto para servicio gaseoso como l\u00edquido.<\/li>\r\n<li>Asiento con respaldo fen\u00f3lico para un sellado superior y uso a largo plazo.<\/li>\r\n<li>El dise\u00f1o del v\u00e1stago de una sola pieza asegura una distribuci\u00f3n uniforme del torque.<\/li>\r\n<li>Cierre positivo bidireccional.<\/li>\r\n<li>Automatizaci\u00f3n de montaje directo.<\/li>\r\n<\/ul>\r\n\r\n\r\n\r\n<h2 class=\"wp-block-heading\" id=\"h-material-of-3-inch-butterfly-valve\">Material de la v\u00e1lvula de mariposa de 3 pulgadas:<\/h2>\r\n\r\n\r\n\r\n<figure class=\"wp-block-table is-style-stripes\">\r\n<table>\r\n<tbody>\r\n<tr>\r\n<td>No<\/td>\r\n<td>Pieza<\/td>\r\n<td>Material<\/td>\r\n<\/tr>\r\n<tr>\r\n<td>1<\/td>\r\n<td>Cuerpo<\/td>\r\n<td>GGG50\/ASTM A126 B<\/td>\r\n<\/tr>\r\n<tr>\r\n<td>2<\/td>\r\n<td>Anillo de sello<\/td>\r\n<td>EPDM \/ NBR<\/td>\r\n<\/tr>\r\n<tr>\r\n<td>3<\/td>\r\n<td>Pin<\/td>\r\n<td>ASTM A276 304<\/td>\r\n<\/tr>\r\n<tr>\r\n<td>4<\/td>\r\n<td>Disco<\/td>\r\n<td>ASTM A351 CF8<\/td>\r\n<\/tr>\r\n<tr>\r\n<td>5<\/td>\r\n<td>V\u00e1stago<\/td>\r\n<td>ASTM A276 420<\/td>\r\n<\/tr>\r\n<tr>\r\n<td>6<\/td>\r\n<td>Empaquetadura de v\u00e1stago<\/td>\r\n<td>EPDM<\/td>\r\n<\/tr>\r\n<tr>\r\n<td>7<\/td>\r\n<td>Perno<\/td>\r\n<td>ASTM A193 B8<\/td>\r\n<\/tr>\r\n<tr>\r\n<td>8<\/td>\r\n<td>Tuerca<\/td>\r\n<td>ASTM A194 8<\/td>\r\n<\/tr>\r\n<\/tbody>\r\n<\/table>\r\n<\/figure>","protected":false},"excerpt":{"rendered":"<p>\u00bfQu\u00e9 es la v\u00e1lvula de mariposa tipo oblea de 3 pulgadas? La v\u00e1lvula de mariposa tipo oblea de 3 pulgadas es un mecanismo de control de flujo que utiliza un... <a title=\"V\u00e1lvula de mariposa de 3 pulgadas\" class=\"read-more\" href=\"https:\/\/zecovalve.com\/es\/producto\/3-inch-butterfly-valve\" aria-label=\"M\u00e1s en V\u00e1lvula Mariposa de 3 pulgadas\">Leer m\u00e1s<\/a><\/p>","protected":false},"featured_media":14003,"comment_status":"closed","ping_status":"closed","template":"","meta":{"_generate-full-width-content":"","kt_blocks_editor_width":""},"product_cat":[2044,2470],"product_tag":[2806,2801],"class_list":["post-16131","product","type-product","status-publish","has-post-thumbnail","hentry","product_cat-butterfly-valve","product_cat-butterfly-valve-by-inch","product_tag-butterfly-valve-wafer-type","product_tag-wafer-type-butterfly-valve","sales-flash-overlay","woocommerce-text-align-center","woocommerce-image-align-center","do-quantity-buttons"],"featured_image_src_large":["https:\/\/zecovalve.com\/wp-content\/uploads\/2022\/01\/20220105083946-61d55952c8bd2.jpg",898,700,false],"author_info":[],"comment_info":0,"taxonomy_info":{"product_cat":[{"value":2044,"label":"Butterfly Valve"},{"value":2470,"label":"Butterfly Valve By Inch"}],"product_tag":[{"value":2806,"label":"Butterfly Valve Wafer Type"},{"value":2801,"label":"Wafer Type Butterfly Valve"}]},"yoast_head":"<!-- This site is optimized with the Yoast SEO Premium plugin v15.4 - https:\/\/yoast.com\/wordpress\/plugins\/seo\/ -->\n<title>3 inch Wafer Type Butterfly Valve - 3 Butterfly Valve Manufacturer | ZECO<\/title>\n<meta name=\"robots\" content=\"index, follow, max-snippet:-1, max-image-preview:large, max-video-preview:-1\" \/>\n<link rel=\"canonical\" href=\"https:\/\/zecovalve.com\/es\/producto\/3-inch-butterfly-valve\" \/>\n<meta property=\"og:locale\" content=\"es_ES\" \/>\n<meta property=\"og:type\" content=\"article\" \/>\n<meta property=\"og:title\" content=\"3 inch Wafer Type Butterfly Valve - 3 Butterfly Valve Manufacturer | ZECO\" \/>\n<meta property=\"og:description\" content=\"What is 3 Inch Wafer Type Butterfly Valve? 3 inch Wafer Type Butterfly Valve is a flow control mechanism that uses a ... Leer m\u00e1s\" \/>\n<meta property=\"og:url\" content=\"https:\/\/zecovalve.com\/es\/producto\/3-inch-butterfly-valve\" \/>\n<meta property=\"og:site_name\" content=\"ZECO Valve\" \/>\n<meta property=\"article:modified_time\" content=\"2022-09-01T00:48:37+00:00\" \/>\n<meta property=\"og:image\" content=\"https:\/\/zecovalve.com\/wp-content\/uploads\/2022\/01\/20220105083946-61d55952c8bd2.jpg\" \/>\n\t<meta property=\"og:image:width\" content=\"898\" \/>\n\t<meta property=\"og:image:height\" content=\"700\" \/>\n<meta name=\"twitter:card\" content=\"summary_large_image\" \/>\n<meta name=\"twitter:label1\" content=\"Escrito por\">\n\t<meta name=\"twitter:data1\" content=\"Jerry\">\n\t<meta name=\"twitter:label2\" content=\"Tiempo de lectura\">\n\t<meta name=\"twitter:data2\" content=\"1 minuto\">\n<script type=\"application\/ld+json\" class=\"yoast-schema-graph\">{\"@context\":\"https:\/\/schema.org\",\"@graph\":[{\"@type\":\"WebSite\",\"@id\":\"https:\/\/zecovalve.com\/#website\",\"url\":\"https:\/\/zecovalve.com\/\",\"name\":\"ZECO Valve\",\"description\":\"Industrial Ball Valve, Gate Valve and Globe Valve Manufacturer\",\"potentialAction\":[{\"@type\":\"SearchAction\",\"target\":\"https:\/\/zecovalve.com\/?s={search_term_string}\",\"query-input\":\"required name=search_term_string\"}],\"inLanguage\":\"es\"},{\"@type\":\"ImageObject\",\"@id\":\"https:\/\/zecovalve.com\/product\/3-inch-butterfly-valve#primaryimage\",\"inLanguage\":\"es\",\"url\":\"https:\/\/zecovalve.com\/wp-content\/uploads\/2022\/01\/20220105083946-61d55952c8bd2.jpg\",\"width\":898,\"height\":700},{\"@type\":\"WebPage\",\"@id\":\"https:\/\/zecovalve.com\/product\/3-inch-butterfly-valve#webpage\",\"url\":\"https:\/\/zecovalve.com\/product\/3-inch-butterfly-valve\",\"name\":\"3 inch Wafer Type Butterfly Valve - 3 Butterfly Valve Manufacturer | ZECO\",\"isPartOf\":{\"@id\":\"https:\/\/zecovalve.com\/#website\"},\"primaryImageOfPage\":{\"@id\":\"https:\/\/zecovalve.com\/product\/3-inch-butterfly-valve#primaryimage\"},\"datePublished\":\"2022-06-19T13:46:32+00:00\",\"dateModified\":\"2022-09-01T00:48:37+00:00\",\"breadcrumb\":{\"@id\":\"https:\/\/zecovalve.com\/product\/3-inch-butterfly-valve#breadcrumb\"},\"inLanguage\":\"es\",\"potentialAction\":[{\"@type\":\"ReadAction\",\"target\":[\"https:\/\/zecovalve.com\/product\/3-inch-butterfly-valve\"]}]},{\"@type\":\"BreadcrumbList\",\"@id\":\"https:\/\/zecovalve.com\/product\/3-inch-butterfly-valve#breadcrumb\",\"itemListElement\":[{\"@type\":\"ListItem\",\"position\":1,\"item\":{\"@type\":\"WebPage\",\"@id\":\"https:\/\/zecovalve.com\/\",\"url\":\"https:\/\/zecovalve.com\/\",\"name\":\"Home\"}},{\"@type\":\"ListItem\",\"position\":2,\"item\":{\"@type\":\"WebPage\",\"@id\":\"https:\/\/zecovalve.com\/product-category\",\"url\":\"https:\/\/zecovalve.com\/product-category\",\"name\":\"Industrial Valve Manufacturer | Water Valve Manufacturer\"}},{\"@type\":\"ListItem\",\"position\":3,\"item\":{\"@type\":\"WebPage\",\"@id\":\"https:\/\/zecovalve.com\/product\/3-inch-butterfly-valve\",\"url\":\"https:\/\/zecovalve.com\/product\/3-inch-butterfly-valve\",\"name\":\"3 inch Butterfly Valve\"}}]}]}<\/script>\n<!-- \/ Yoast SEO Premium plugin. -->","_links":{"self":[{"href":"https:\/\/zecovalve.com\/es\/wp-json\/wp\/v2\/product\/16131","targetHints":{"allow":["GET"]}}],"collection":[{"href":"https:\/\/zecovalve.com\/es\/wp-json\/wp\/v2\/product"}],"about":[{"href":"https:\/\/zecovalve.com\/es\/wp-json\/wp\/v2\/types\/product"}],"replies":[{"embeddable":true,"href":"https:\/\/zecovalve.com\/es\/wp-json\/wp\/v2\/comments?post=16131"}],"wp:featuredmedia":[{"embeddable":true,"href":"https:\/\/zecovalve.com\/es\/wp-json\/wp\/v2\/media\/14003"}],"wp:attachment":[{"href":"https:\/\/zecovalve.com\/es\/wp-json\/wp\/v2\/media?parent=16131"}],"wp:term":[{"taxonomy":"product_cat","embeddable":true,"href":"https:\/\/zecovalve.com\/es\/wp-json\/wp\/v2\/product_cat?post=16131"},{"taxonomy":"product_tag","embeddable":true,"href":"https:\/\/zecovalve.com\/es\/wp-json\/wp\/v2\/product_tag?post=16131"}],"curies":[{"name":"wp","href":"https:\/\/api.w.org\/{rel}","templated":true}]}}