{"id":16135,"date":"2022-06-19T13:59:36","date_gmt":"2022-06-19T13:59:36","guid":{"rendered":"https:\/\/zecovalve.com\/?post_type=product&#038;p=16135"},"modified":"2023-06-15T12:44:49","modified_gmt":"2023-06-15T12:44:49","slug":"8-inch-gate-valve","status":"publish","type":"product","link":"https:\/\/zecovalve.com\/es\/producto\/8-inch-gate-valve","title":{"rendered":"V\u00e1lvula de compuerta de 8 pulgadas"},"content":{"rendered":"<p>Las v\u00e1lvulas de compuerta de 8 \u2033 son v\u00e1lvulas de movimiento lineal que funcionan y est\u00e1n dise\u00f1adas para minimizar la ca\u00edda de presi\u00f3n en aplicaciones que involucran l\u00edquidos viscosos.<\/p>\r\n\r\n\r\n\r\n<figure class=\"wp-block-image size-full is-resized\">\r\n<p><img loading=\"lazy\" decoding=\"async\" class=\"wp-image-27874 size-medium\" src=\"https:\/\/zecovalve.com\/wp-content\/uploads\/2022\/06\/Through-Conduit-Gate-Valve-2-300x225.jpg\" alt=\"V\u00e1lvula de compuerta pasante\" width=\"300\" height=\"225\" srcset=\"https:\/\/zecovalve.com\/wp-content\/uploads\/2022\/06\/Through-Conduit-Gate-Valve-2-300x225.jpg 300w, https:\/\/zecovalve.com\/wp-content\/uploads\/2022\/06\/Through-Conduit-Gate-Valve-2-768x576.jpg 768w, https:\/\/zecovalve.com\/wp-content\/uploads\/2022\/06\/Through-Conduit-Gate-Valve-2-600x450.jpg 600w, https:\/\/zecovalve.com\/wp-content\/uploads\/2022\/06\/Through-Conduit-Gate-Valve-2.jpg 800w\" sizes=\"auto, (max-width: 300px) 100vw, 300px\" \/><\/p>\r\n<\/figure>\r\n\r\n\r\n<div class=\"gb-button-wrapper gb-button-wrapper-6d8495a3\">\r\n\r\n\r\n<p><a class=\"gb-button gb-button-3d442e11 gb-button-text\" href=\"mailto:commercial@zecovalve.com\" target=\"_blank\" rel=\"noopener noreferrer\"><strong>OBT\u00c9N PRECIO DE V\u00c1LVULA DE COMPUERTA DE 8 pulgadas<\/strong><\/a><\/p>\r\n<\/div>\r\n\r\n\r\n\r\n\r\n<h2 class=\"wp-block-heading\" id=\"h-description-of-8-inch-gate-valve\">Descripci\u00f3n de la v\u00e1lvula de compuerta de 8 pulgadas:<\/h2>\r\n\r\n\r\n\r\n<p>Las partes internas de la v\u00e1lvula de compuerta ZECO de 8 pulgadas son fabricadas por el departamento de tecnolog\u00eda para elegir la mayor resistencia a la corrosi\u00f3n y al desgaste del material para la producci\u00f3n, para garantizar que todo tipo de medios corrosivos en diversas presiones y entornos de temperatura operaci\u00f3n de seguridad de la tuber\u00eda para un Durante mucho tiempo, por supuesto, tambi\u00e9n puede seg\u00fan las necesidades reales de los usuarios y los requisitos de producci\u00f3n, material de las piezas internas. ZECO puede proporcionar piezas internas de acero inoxidable, piezas internas de acero inoxidable d\u00faplex y piezas internas de acero de baja temperatura para satisfacer las necesidades de diferentes las condiciones de trabajo. Para algunas condiciones de trabajo especiales, ZECO puede proporcionar a los usuarios un conjunto completo de soluciones de v\u00e1lvulas para tuber\u00edas, de modo que los usuarios puedan dejar el dise\u00f1o del sistema de v\u00e1lvulas a ZECO y resolver otros problemas de las tuber\u00edas por s\u00ed mismos.<\/p>\r\n\r\n\r\n\r\n<h2 class=\"wp-block-heading\">Especificaciones de la v\u00e1lvula de compuerta de 8 \u2033<\/h2>\r\n\r\n\r\n\r\n<ul class=\"wp-block-list\">\r\n<li><strong>Cuerpo material:\u00a0<\/strong>Acero fundido<\/li>\r\n<li><strong>Estilo final:\u00a0<\/strong>Brida<\/li>\r\n<li><strong>Medida nominal:\u00a0<\/strong>8 pulgadas<\/li>\r\n<li><strong>Tipo de actuador:\u00a0<\/strong>Volante<\/li>\r\n<li><strong>Material de los art\u00edculos blandos:\u00a0<\/strong>Embalaje de grafito<\/li>\r\n<li><strong>Est\u00e1ndar: <\/strong>Cumple con API 600<\/li>\r\n<li><strong>Est\u00e1ndar: <\/strong>NACE MR0175<\/li>\r\n<\/ul>\r\n\r\n\r\n\r\n<h2 class=\"wp-block-heading\" id=\"h-features-of-8-inch-gate-valves\">Caracter\u00edsticas de las v\u00e1lvulas de compuerta de 8 pulgadas<\/h2>\r\n\r\n\r\n\r\n<ul class=\"wp-block-list\">\r\n<li>El volante de la v\u00e1lvula de compuerta ZECO de 8 pulgadas est\u00e1 expuesto durante mucho tiempo, lo que puede causar da\u00f1os por oxidaci\u00f3n y debe ser reemplazado. Teniendo en cuenta este problema, ZECO dise\u00f1\u00f3 el volante para que fuera extra\u00edble cuando la v\u00e1lvula est\u00e9 completamente abierta y garantiz\u00f3 que la compuerta est\u00e9 en la posici\u00f3n abierta. Adem\u00e1s, ZECO tambi\u00e9n puede adoptar un volante pintado para garantizar la anticorrosi\u00f3n del volante;<\/li>\r\n<li>Tuercas y pernos prisioneros ASTM A194 2H y ASTM A193B7 para condiciones de servicio normales. ZECO proporciona tuercas y pernos prisioneros ASTM A194 4 y ASTM A193B16 o configuraciones superiores si se especifica para uso a altas temperaturas. Las v\u00e1lvulas ZECO de acero inoxidable se suministran con pernos est\u00e1ndar de tuercas y esp\u00e1rragos ASTM A194 8 y ASTM A193 B8;<\/li>\r\n<li>El v\u00e1stago de la v\u00e1lvula de compuerta ZECO de 8 pulgadas est\u00e1 dise\u00f1ado para evitar la explosi\u00f3n del v\u00e1stago de la v\u00e1lvula, lo cual est\u00e1 dise\u00f1ado para evitar que las personas sufran lesiones causadas por salir volando del v\u00e1stago de la v\u00e1lvula debido a problemas de presi\u00f3n interna cuando las personas necesitan reemplazar el empaque u otras piezas con presi\u00f3n en caso de emergencia;<\/li>\r\n<li>La v\u00e1lvula de compuerta ZECO de 8 pulgadas se puede producir hasta 150 LB ~ 2500 LB, de manera segura y confiable.<\/li>\r\n<li>Tornillo exterior y yugo<\/li>\r\n<li>Disco de cu\u00f1a flexible<\/li>\r\n<li>Todos los anillos de asiento est\u00e1n soldados con sello como est\u00e1ndar.<\/li>\r\n<li>Proceso de calidad totalmente documentado, material totalmente trazable.<\/li>\r\n<li>Gama completa de acabados y opciones especiales disponibles<\/li>\r\n<li>Construcci\u00f3n est\u00e1ndar: wcb-trim 8, otras opciones est\u00e1n disponibles<\/li>\r\n<\/ul>\r\n\r\n\r\n\r\n<h2 class=\"wp-block-heading\">Aplicaciones de las v\u00e1lvulas de compuerta de 8 \u2033<\/h2>\r\n\r\n\r\n\r\n<p>Las v\u00e1lvulas de compuerta satisfacen una amplia gama de aplicaciones en las industrias de petr\u00f3leo y gas, farmac\u00e9utica y manufacturera.<\/p>\r\n\r\n\r\n\r\n<h2 class=\"wp-block-heading\" id=\"h-material-of-8-inch-gate-valves\">Material de las v\u00e1lvulas de compuerta de 8 pulgadas<\/h2>\r\n\r\n\r\n\r\n<figure class=\"wp-block-table\">\r\n<table>\r\n<tbody>\r\n<tr>\r\n<td>No<\/td>\r\n<td>Pieza<\/td>\r\n<td>Material<\/td>\r\n<\/tr>\r\n<tr>\r\n<td>1<\/td>\r\n<td>Cuerpo<\/td>\r\n<td>ASTM A351 CF3M<\/td>\r\n<\/tr>\r\n<tr>\r\n<td>2<\/td>\r\n<td>Anillo de asiento<\/td>\r\n<td>ASTM A182 F316L + STL<\/td>\r\n<\/tr>\r\n<tr>\r\n<td>3<\/td>\r\n<td>Cu\u00f1a<\/td>\r\n<td>ASTM A351 CF3M + STL<\/td>\r\n<\/tr>\r\n<tr>\r\n<td>4<\/td>\r\n<td>V\u00e1stago<\/td>\r\n<td>ASTM A276 316L<\/td>\r\n<\/tr>\r\n<tr>\r\n<td>5<\/td>\r\n<td>Junta del cap\u00f3<\/td>\r\n<td>Grafito + SS316L<\/td>\r\n<\/tr>\r\n<tr>\r\n<td>6<\/td>\r\n<td>Perno del cap\u00f3<\/td>\r\n<td>ASTM A193 B8M<\/td>\r\n<\/tr>\r\n<tr>\r\n<td>7<\/td>\r\n<td>Tuerca de sombrerete<\/td>\r\n<td>ASTM A194 8M<\/td>\r\n<\/tr>\r\n<tr>\r\n<td>8<\/td>\r\n<td>Cap\u00f3<\/td>\r\n<td>ASTM A351 CF3M<\/td>\r\n<\/tr>\r\n<tr>\r\n<td>9<\/td>\r\n<td>Asiento trasero<\/td>\r\n<td>ASTM A182 F316L<\/td>\r\n<\/tr>\r\n<tr>\r\n<td>10<\/td>\r\n<td>Empaquetadura de v\u00e1stago<\/td>\r\n<td>Grafito reforzado<\/td>\r\n<\/tr>\r\n<tr>\r\n<td>11<\/td>\r\n<td>Volante<\/td>\r\n<td>KTH330-08<\/td>\r\n<\/tr>\r\n<\/tbody>\r\n<\/table>\r\n<\/figure>","protected":false},"excerpt":{"rendered":"<p>Las v\u00e1lvulas de compuerta de 8 \u2033 son v\u00e1lvulas de movimiento lineal que funcionan y est\u00e1n dise\u00f1adas para minimizar la ca\u00edda de presi\u00f3n en aplicaciones que involucran viscosidad... <a title=\"V\u00e1lvula de compuerta de 8 pulgadas\" class=\"read-more\" href=\"https:\/\/zecovalve.com\/es\/producto\/8-inch-gate-valve\" aria-label=\"M\u00e1s en V\u00e1lvula de compuerta de 8 pulgadas\">Leer m\u00e1s<\/a><\/p>","protected":false},"featured_media":27874,"comment_status":"closed","ping_status":"closed","template":"","meta":{"_generate-full-width-content":"","kt_blocks_editor_width":""},"product_cat":[2052,2458],"product_tag":[],"class_list":["post-16135","product","type-product","status-publish","has-post-thumbnail","hentry","product_cat-gate-valve","product_cat-gate-valve-by-inch","sales-flash-overlay","woocommerce-text-align-center","woocommerce-image-align-center","do-quantity-buttons"],"featured_image_src_large":["https:\/\/zecovalve.com\/wp-content\/uploads\/2022\/06\/Through-Conduit-Gate-Valve-2.jpg",800,600,false],"author_info":[],"comment_info":0,"taxonomy_info":{"product_cat":[{"value":2052,"label":"Gate Valve"},{"value":2458,"label":"Gate Valve By Inch"}]},"yoast_head":"<!-- This site is optimized with the Yoast SEO Premium plugin v15.4 - https:\/\/yoast.com\/wordpress\/plugins\/seo\/ -->\n<title>8&quot; Gate Valve - Competitive 8 inch Gate Valve Price | ZECO Valve<\/title>\n<meta name=\"robots\" content=\"index, follow, max-snippet:-1, max-image-preview:large, max-video-preview:-1\" \/>\n<link rel=\"canonical\" href=\"https:\/\/zecovalve.com\/es\/producto\/8-inch-gate-valve\" \/>\n<meta property=\"og:locale\" content=\"es_ES\" \/>\n<meta property=\"og:type\" content=\"article\" \/>\n<meta property=\"og:title\" content=\"8&quot; Gate Valve - Competitive 8 inch Gate Valve Price | ZECO Valve\" \/>\n<meta property=\"og:description\" content=\"8&#8243; Gate Valves are linear motion valves that perform and are designed to minimize the pressure drop in applications that involve viscous ... Leer m\u00e1s\" \/>\n<meta property=\"og:url\" content=\"https:\/\/zecovalve.com\/es\/producto\/8-inch-gate-valve\" \/>\n<meta property=\"og:site_name\" content=\"ZECO Valve\" \/>\n<meta property=\"article:modified_time\" content=\"2023-06-15T12:44:49+00:00\" \/>\n<meta property=\"og:image\" content=\"https:\/\/zecovalve.com\/wp-content\/uploads\/2022\/06\/Through-Conduit-Gate-Valve-2.jpg\" \/>\n\t<meta property=\"og:image:width\" content=\"800\" \/>\n\t<meta property=\"og:image:height\" content=\"600\" \/>\n<meta name=\"twitter:card\" content=\"summary_large_image\" \/>\n<meta name=\"twitter:label1\" content=\"Escrito por\">\n\t<meta name=\"twitter:data1\" content=\"Jerry\">\n\t<meta name=\"twitter:label2\" content=\"Tiempo de lectura\">\n\t<meta name=\"twitter:data2\" content=\"2 minutos\">\n<script type=\"application\/ld+json\" class=\"yoast-schema-graph\">{\"@context\":\"https:\/\/schema.org\",\"@graph\":[{\"@type\":\"WebSite\",\"@id\":\"https:\/\/zecovalve.com\/#website\",\"url\":\"https:\/\/zecovalve.com\/\",\"name\":\"ZECO Valve\",\"description\":\"Industrial Ball Valve, Gate Valve and Globe Valve Manufacturer\",\"potentialAction\":[{\"@type\":\"SearchAction\",\"target\":\"https:\/\/zecovalve.com\/?s={search_term_string}\",\"query-input\":\"required name=search_term_string\"}],\"inLanguage\":\"es\"},{\"@type\":\"ImageObject\",\"@id\":\"https:\/\/zecovalve.com\/product\/8-inch-gate-valve#primaryimage\",\"inLanguage\":\"es\",\"url\":\"https:\/\/zecovalve.com\/wp-content\/uploads\/2022\/06\/Through-Conduit-Gate-Valve-2.jpg\",\"width\":800,\"height\":600,\"caption\":\"Through Conduit Gate Valve\"},{\"@type\":\"WebPage\",\"@id\":\"https:\/\/zecovalve.com\/product\/8-inch-gate-valve#webpage\",\"url\":\"https:\/\/zecovalve.com\/product\/8-inch-gate-valve\",\"name\":\"8\\\" Gate Valve - Competitive 8 inch Gate Valve Price | ZECO Valve\",\"isPartOf\":{\"@id\":\"https:\/\/zecovalve.com\/#website\"},\"primaryImageOfPage\":{\"@id\":\"https:\/\/zecovalve.com\/product\/8-inch-gate-valve#primaryimage\"},\"datePublished\":\"2022-06-19T13:59:36+00:00\",\"dateModified\":\"2023-06-15T12:44:49+00:00\",\"breadcrumb\":{\"@id\":\"https:\/\/zecovalve.com\/product\/8-inch-gate-valve#breadcrumb\"},\"inLanguage\":\"es\",\"potentialAction\":[{\"@type\":\"ReadAction\",\"target\":[\"https:\/\/zecovalve.com\/product\/8-inch-gate-valve\"]}]},{\"@type\":\"BreadcrumbList\",\"@id\":\"https:\/\/zecovalve.com\/product\/8-inch-gate-valve#breadcrumb\",\"itemListElement\":[{\"@type\":\"ListItem\",\"position\":1,\"item\":{\"@type\":\"WebPage\",\"@id\":\"https:\/\/zecovalve.com\/\",\"url\":\"https:\/\/zecovalve.com\/\",\"name\":\"Home\"}},{\"@type\":\"ListItem\",\"position\":2,\"item\":{\"@type\":\"WebPage\",\"@id\":\"https:\/\/zecovalve.com\/product-category\",\"url\":\"https:\/\/zecovalve.com\/product-category\",\"name\":\"Industrial Valve Manufacturer | Water Valve Manufacturer\"}},{\"@type\":\"ListItem\",\"position\":3,\"item\":{\"@type\":\"WebPage\",\"@id\":\"https:\/\/zecovalve.com\/product\/8-inch-gate-valve\",\"url\":\"https:\/\/zecovalve.com\/product\/8-inch-gate-valve\",\"name\":\"8 inch Gate Valve\"}}]}]}<\/script>\n<!-- \/ Yoast SEO Premium plugin. -->","_links":{"self":[{"href":"https:\/\/zecovalve.com\/es\/wp-json\/wp\/v2\/product\/16135","targetHints":{"allow":["GET"]}}],"collection":[{"href":"https:\/\/zecovalve.com\/es\/wp-json\/wp\/v2\/product"}],"about":[{"href":"https:\/\/zecovalve.com\/es\/wp-json\/wp\/v2\/types\/product"}],"replies":[{"embeddable":true,"href":"https:\/\/zecovalve.com\/es\/wp-json\/wp\/v2\/comments?post=16135"}],"wp:featuredmedia":[{"embeddable":true,"href":"https:\/\/zecovalve.com\/es\/wp-json\/wp\/v2\/media\/27874"}],"wp:attachment":[{"href":"https:\/\/zecovalve.com\/es\/wp-json\/wp\/v2\/media?parent=16135"}],"wp:term":[{"taxonomy":"product_cat","embeddable":true,"href":"https:\/\/zecovalve.com\/es\/wp-json\/wp\/v2\/product_cat?post=16135"},{"taxonomy":"product_tag","embeddable":true,"href":"https:\/\/zecovalve.com\/es\/wp-json\/wp\/v2\/product_tag?post=16135"}],"curies":[{"name":"wp","href":"https:\/\/api.w.org\/{rel}","templated":true}]}}