{"id":16139,"date":"2022-06-19T14:04:52","date_gmt":"2022-06-19T14:04:52","guid":{"rendered":"https:\/\/zecovalve.com\/?post_type=product&#038;p=16139"},"modified":"2023-06-15T13:57:33","modified_gmt":"2023-06-15T13:57:33","slug":"a105-globe-valve","status":"publish","type":"product","link":"https:\/\/zecovalve.com\/es\/producto\/a105-globe-valve","title":{"rendered":"V\u00e1lvula de globo de vapor"},"content":{"rendered":"<p>Dise\u00f1o y fabricaci\u00f3n de v\u00e1lvulas de globo de acero ZECO Steam de est\u00e1ndares internacionales API 602, API 623, DIN3202 o equivalentes.<\/p>\r\n\r\n\r\n\r\n<figure id=\"attachment_17566\" class=\"wp-block-image\">\r\n<p><img loading=\"lazy\" decoding=\"async\" class=\"wp-image-27905 size-medium\" src=\"https:\/\/zecovalve.com\/wp-content\/uploads\/2022\/06\/Steam-Globe-Valve-1-300x225.jpg\" alt=\"V\u00e1lvula de globo de vapor\" width=\"300\" height=\"225\" srcset=\"https:\/\/zecovalve.com\/wp-content\/uploads\/2022\/06\/Steam-Globe-Valve-1-300x225.jpg 300w, https:\/\/zecovalve.com\/wp-content\/uploads\/2022\/06\/Steam-Globe-Valve-1-768x576.jpg 768w, https:\/\/zecovalve.com\/wp-content\/uploads\/2022\/06\/Steam-Globe-Valve-1-600x450.jpg 600w, https:\/\/zecovalve.com\/wp-content\/uploads\/2022\/06\/Steam-Globe-Valve-1.jpg 800w\" sizes=\"auto, (max-width: 300px) 100vw, 300px\" \/><\/p>\r\n<\/figure>\r\n\r\n\r\n<div class=\"gb-button-wrapper gb-button-wrapper-6d8495a3\">\r\n\r\n\r\n<p><a class=\"gb-button gb-button-3d442e11 gb-button-text\" href=\"https:\/\/zecovalve.com\/es\/contact\/\" target=\"_blank\" rel=\"noopener noreferrer\"><strong>OBTENER PRECIO DE V\u00c1LVULA DE GLOBO DE VAPOR<\/strong><\/a><\/p>\r\n<\/div>\r\n\r\n\r\n\r\n\r\n<h2 class=\"wp-block-heading\">\u00bfQu\u00e9 es una v\u00e1lvula de globo de vapor?<\/h2>\r\n\r\n\r\n\r\n<p>Una v\u00e1lvula de globo de vapor es un tipo de v\u00e1lvula de globo dise\u00f1ada para controlar el flujo de vapor. Las v\u00e1lvulas de globo de vapor se utilizan para estrangular, abrir y cerrar el flujo de fluido. Estas v\u00e1lvulas tambi\u00e9n se utilizan para controlar el flujo de presi\u00f3n de vapor. Las v\u00e1lvulas de globo de vapor se utilizan en diferentes aplicaciones como alimentos y bebidas, productos farmac\u00e9uticos y plantas de energ\u00eda de vapor, entre otras. Cuando se utilizan en aplicaciones como sanitarias (por ejemplo en alimentos y productos farmac\u00e9uticos), estas v\u00e1lvulas se utilizan para liberar el vapor para que entre en contacto con el producto final y tiene que estar muy limpio. Los fabricantes de v\u00e1lvulas de globo para vapor dise\u00f1an el cuerpo de estas v\u00e1lvulas con un material met\u00e1lico resistente. Esto ayuda a darle al cuerpo una alta resistencia para soportar alta presi\u00f3n y altas temperaturas, como 700 C. Los materiales utilizados por los fabricantes de v\u00e1lvulas de globo de vapor para fabricar el cuerpo incluyen hierro fundido, hierro fundido d\u00factil, acero inoxidable y acero al carbono. Las v\u00e1lvulas de globo de vapor son v\u00e1lvulas manuales o autom\u00e1ticas. Las v\u00e1lvulas de globo de vapor manuales son operadas por el operador de la v\u00e1lvula usando el volante mientras que las autom\u00e1ticas son operadas usando actuadores de v\u00e1lvula. Los actuadores de v\u00e1lvula utilizados en las v\u00e1lvulas de globo de vapor son actuadores el\u00e9ctricos, neum\u00e1ticos e hidr\u00e1ulicos.<\/p>\r\n\r\n\r\n\r\n<h2 class=\"wp-block-heading\" id=\"h-steam-globe-valve-operations\">Operaciones de la v\u00e1lvula de globo de vapor<\/h2>\r\n\r\n\r\n\r\n<p>Normalmente, las v\u00e1lvulas de globo de vapor se utilizan para regular el flujo en tuber\u00edas. En lugar de tener el enfoque de \u201ctodo o nada\u201d de una v\u00e1lvula de compuerta, las v\u00e1lvulas de globo regulan mediante la posici\u00f3n de un disco m\u00f3vil (o tap\u00f3n) en relaci\u00f3n con el asiento del anillo estacionario.<\/p>\r\n\r\n\r\n\r\n<p>La operaci\u00f3n m\u00e1s t\u00edpica de una v\u00e1lvula de globo es estrangular el control de flujo. Est\u00e1n dise\u00f1ados para detener, iniciar y regular el flujo de un medio particular en movimiento lineal. Sin embargo, tambi\u00e9n pueden adaptarse a cambios de direcci\u00f3n, lo que da como resultado una mayor resistencia al flujo y mayores ca\u00eddas de presi\u00f3n.<\/p>\r\n\r\n\r\n\r\n<p>Si bien son una excelente opci\u00f3n para servicios de apertura y cierre, las v\u00e1lvulas de globo son mucho m\u00e1s adecuadas para ciclos frecuentes y control de medios entre las posiciones abierta y cerrada. Las v\u00e1lvulas de globo son enormemente vers\u00e1tiles, lo que significa que pueden cubrir una amplia gama de rangos de flujo en diversas aplicaciones. Una aplicaci\u00f3n com\u00fan de la v\u00e1lvula de globo es el control de vapor.<\/p>\r\n\r\n\r\n\r\n<p>El dise\u00f1o de la cu\u00f1a compacta pero muy resistente, debido al servicio, de aleaci\u00f3n de CoCr de alto contenido s\u00f3lido (opcional) garantiza baja fricci\u00f3n y larga vida \u00fatil, precarga del anillo de empaque 4000 psi con v\u00e1lvulas de casquete soldadas con sello de alta integridad, rosca interna de la tapa de la v\u00e1lvula, torque para El valor de torsi\u00f3n de ingenier\u00eda, la junta del cap\u00f3 de la v\u00e1lvula hecha de resistencia a la soldadura, puede duplicarse para evitar fugas. (roscas de cuerpo\/bonete y soldaduras resistentes), cu\u00f1a totalmente guiada que reduce el desgaste en las superficies del asiento, empaque doble opcional, conexi\u00f3n sin fugas, carga viva y revent\u00f3n del empaque para una f\u00e1cil extracci\u00f3n del empaque viejo.<\/p>\r\n\r\n\r\n\r\n<h2 class=\"wp-block-heading\" id=\"h-advantages-of-steam-globe-valves\">Ventajas de las v\u00e1lvulas de globo de vapor<\/h2>\r\n\r\n\r\n\r\n<ul class=\"wp-block-list\">\r\n<li>Caras del asiento traslapadas para un acabado suave y un sellado superior;<\/li>\r\n<li>Disco giratorio para un asiento \u00f3ptimo y una vida \u00fatil m\u00e1s larga;<\/li>\r\n<li>Los v\u00e1stagos de las v\u00e1lvulas accionadas por volante tienen un dise\u00f1o giratorio\/ascendente;<\/li>\r\n<li>Cada v\u00e1lvula se somete a pruebas de presi\u00f3n en la carcasa, el asiento y el asiento trasero seg\u00fan el est\u00e1ndar industrial API 598;<\/li>\r\n<li>El casquillo tiene un dise\u00f1o de casquillo\/brida de casquillo de dos piezas para una alineaci\u00f3n \u00f3ptima y una compresi\u00f3n uniforme del empaque;<\/li>\r\n<li>Materiales de v\u00e1lvula alternativos, como aleaciones de cromo y acero inoxidable. -Materiales de acabado alternativos. -Conexiones de derivaci\u00f3n, drenaje y otras conexiones auxiliares. -Actuadores de engranajes, motores y cilindros disponibles.<\/li>\r\n<\/ul>\r\n\r\n\r\n\r\n<h2 class=\"wp-block-heading\">V\u00e1lvulas de globo para aplicaciones de vapor<\/h2>\r\n\r\n\r\n\r\n<p>Al considerar una v\u00e1lvula de control para aplicaciones de vapor, las consideraciones de temperatura y presi\u00f3n desempe\u00f1ar\u00e1n un papel importante en la toma de decisiones. Cuanto m\u00e1s altos est\u00e9n ambos dentro de la aplicaci\u00f3n elegida, m\u00e1s afectar\u00e1 esto al vapor y a la v\u00e1lvula en su lugar.<\/p>\r\n\r\n\r\n\r\n<p>Mientras que en la mayor\u00eda de las otras v\u00e1lvulas el vapor se atravesar\u00eda y lo destrozar\u00eda, las v\u00e1lvulas de globo ofrecen una mayor resistencia y, en teor\u00eda, podr\u00edan durar a\u00f1os en algunas aplicaciones.<\/p>\r\n\r\n\r\n\r\n<p>El tipo de v\u00e1lvula que m\u00e1s com\u00fanmente se compara con las v\u00e1lvulas de globo son las v\u00e1lvulas de compuerta. Ambos tienen el mismo prop\u00f3sito, controlar el flujo de medios. Sin embargo, las v\u00e1lvulas de compuerta siempre deben dejarse abiertas o cerradas. Si las v\u00e1lvulas de compuerta se dejaran parcialmente abiertas como lo est\u00e1n las v\u00e1lvulas de globo, eventualmente quedar\u00edan in\u00fatiles.<\/p>\r\n\r\n\r\n\r\n<p>Adem\u00e1s, las v\u00e1lvulas de compuerta no ser\u00edan adecuadas para la estrangulaci\u00f3n, ya que esto provocar\u00eda un desgaste excesivo debido al trefilado y la erosi\u00f3n del asiento. De manera similar, las v\u00e1lvulas de bola tambi\u00e9n sufrir\u00edan da\u00f1os si se dejaran parcialmente abiertas en aplicaciones de vapor porque carecen de control preciso.<\/p>\r\n\r\n\r\n\r\n<p>La ventaja adicional que ofrecen las v\u00e1lvulas de globo en aplicaciones de vapor es su capacidad para reducir el flujo con precisi\u00f3n. Son muy utilizados para obtener un caudal que pueda calcularse con una precisi\u00f3n excepcional. Algo muy deseable en aplicaciones de control de vapor.<\/p>\r\n\r\n\r\n\r\n<h2 class=\"wp-block-heading\" id=\"h-product-range-of-steam-globe-valves\">Gama de productos de v\u00e1lvulas de globo de vapor<\/h2>\r\n\r\n\r\n\r\n<ul class=\"wp-block-list\">\r\n<li>Material del cuerpo: Acero forjado, Acero al carbono, Acero inoxidable<\/li>\r\n<li>Di\u00e1metro nominal: 1\/2\u2033\uff5e2 1\/2\u2033<\/li>\r\n<li>Pressure range:Class150\uff5e2500\uff08PN10~PN420\uff09<\/li>\r\n<li>Conexi\u00f3n final: RF, RTJ, BW<\/li>\r\n<li>Temperatura de trabajo: -29 \u2103 ~ 560 \u2103<\/li>\r\n<li>Funcionamiento: Volante, caja de cambios, actuador el\u00e9ctrico, etc.<\/li>\r\n<\/ul>\r\n\r\n\r\n\r\n<h2 class=\"wp-block-heading\" id=\"h-material-of-one-of-steam-globe-valves\">Material de una de las v\u00e1lvulas de globo de vapor<\/h2>\r\n\r\n\r\n\r\n<figure class=\"wp-block-table\">\r\n<table>\r\n<tbody>\r\n<tr>\r\n<td>No<\/td>\r\n<td>Pieza<\/td>\r\n<td>Material<\/td>\r\n<\/tr>\r\n<tr>\r\n<td>1<\/td>\r\n<td>Cuerpo<\/td>\r\n<td>ASTM A105<\/td>\r\n<\/tr>\r\n<tr>\r\n<td>2<\/td>\r\n<td>Anillo de asiento<\/td>\r\n<td>ASTM A105 +13Cr<\/td>\r\n<\/tr>\r\n<tr>\r\n<td>3<\/td>\r\n<td>Disco<\/td>\r\n<td>ASTM A105 +13Cr<\/td>\r\n<\/tr>\r\n<tr>\r\n<td>4<\/td>\r\n<td>Junta<\/td>\r\n<td>Grafito + SS304<\/td>\r\n<\/tr>\r\n<tr>\r\n<td>5<\/td>\r\n<td>V\u00e1stago<\/td>\r\n<td>ASTM A276 410<\/td>\r\n<\/tr>\r\n<tr>\r\n<td>6<\/td>\r\n<td>Cap\u00f3<\/td>\r\n<td>ASTM A105<\/td>\r\n<\/tr>\r\n<tr>\r\n<td>7<\/td>\r\n<td>Perno del cap\u00f3<\/td>\r\n<td>ASTM A193 B7<\/td>\r\n<\/tr>\r\n<tr>\r\n<td>8<\/td>\r\n<td>Empaquetadura de v\u00e1stago<\/td>\r\n<td>Grafito reforzado<\/td>\r\n<\/tr>\r\n<tr>\r\n<td>9<\/td>\r\n<td>Gl\u00e1ndula<\/td>\r\n<td>ASTM A276 410<\/td>\r\n<\/tr>\r\n<tr>\r\n<td>10<\/td>\r\n<td>Brida prensaestopas<\/td>\r\n<td>ASTM A105<\/td>\r\n<\/tr>\r\n<tr>\r\n<td>11<\/td>\r\n<td>Volante<\/td>\r\n<td>ASTM A197<\/td>\r\n<\/tr>\r\n<\/tbody>\r\n<\/table>\r\n<\/figure>\r\n\r\n\r\n\r\n<h2 class=\"wp-block-heading\">Detalles de la compra de una v\u00e1lvula de globo de vapor<\/h2>\r\n\r\n\r\n\r\n<figure class=\"wp-block-table\">\r\n<table>\r\n<tbody>\r\n<tr>\r\n<td>Marca<\/td>\r\n<td>ZECO<\/td>\r\n<\/tr>\r\n<tr>\r\n<td>Tipo de v\u00e1lvula<\/td>\r\n<td>V\u00e1lvula de globo de vapor<\/td>\r\n<\/tr>\r\n<tr>\r\n<td>Material de la v\u00e1lvula<\/td>\r\n<td>Acero forjado, Acero al carbono, Acero inoxidable<\/td>\r\n<\/tr>\r\n<tr>\r\n<td>Prueba de v\u00e1lvulas<\/td>\r\n<td>100% cantidad probada antes de la entrega<\/td>\r\n<\/tr>\r\n<tr>\r\n<td>Garant\u00eda de v\u00e1lvulas<\/td>\r\n<td>18 meses a partir de la fecha de env\u00edo franco f\u00e1brica o 12 meses a partir de la fecha de instalaci\u00f3n del producto.<\/td>\r\n<\/tr>\r\n<tr>\r\n<td>Pintura de v\u00e1lvulas<\/td>\r\n<td>Solicitud del cliente<\/td>\r\n<\/tr>\r\n<tr>\r\n<td>Paquete de v\u00e1lvulas<\/td>\r\n<td>Caja de madera<\/td>\r\n<\/tr>\r\n<tr>\r\n<td>MOQ<\/td>\r\n<td>Ning\u00fan requisito<\/td>\r\n<\/tr>\r\n<tr>\r\n<td>Certificado de v\u00e1lvulas<\/td>\r\n<td>API 623\/API 602\/BS 1873\/CE\/ISO9001\/ISO14001<\/td>\r\n<\/tr>\r\n<tr>\r\n<td>Detalle de entrega<\/td>\r\n<td>Env\u00edo en 4 \u00f3 6 semanas tras el pago<\/td>\r\n<\/tr>\r\n<tr>\r\n<td>Puerto<\/td>\r\n<td>SHANGHAI<\/td>\r\n<\/tr>\r\n<tr>\r\n<td>Condiciones de pago<\/td>\r\n<td>LC, T\/T<\/td>\r\n<\/tr>\r\n<tr>\r\n<td>Certificado ofrecido<\/td>\r\n<td>Lista de empaque, factura comercial, informes de pruebas y certificados de materiales, certificado de calidad y cantidad, certificado de garant\u00eda del vendedor.<\/td>\r\n<\/tr>\r\n<\/tbody>\r\n<\/table>\r\n<\/figure>","protected":false},"excerpt":{"rendered":"<p>Dise\u00f1o y fabricaci\u00f3n de v\u00e1lvulas de globo de acero ZECO Steam de est\u00e1ndares internacionales API 602, API 623, DIN3202 o equivalentes. \u00bfQu\u00e9 es un vapor...? <a title=\"V\u00e1lvula de globo de vapor\" class=\"read-more\" href=\"https:\/\/zecovalve.com\/es\/producto\/a105-globe-valve\" aria-label=\"M\u00e1s en V\u00e1lvula de globo de vapor\">Leer m\u00e1s<\/a><\/p>","protected":false},"featured_media":27905,"comment_status":"closed","ping_status":"closed","template":"","meta":{"_generate-full-width-content":"","kt_blocks_editor_width":""},"product_cat":[2466,2049],"product_tag":[2723],"class_list":["post-16139","product","type-product","status-publish","has-post-thumbnail","hentry","product_cat-forged-steel-globe-valve","product_cat-globe-valve","product_tag-what-is-a-valve","sales-flash-overlay","woocommerce-text-align-center","woocommerce-image-align-center","do-quantity-buttons"],"featured_image_src_large":["https:\/\/zecovalve.com\/wp-content\/uploads\/2022\/06\/Steam-Globe-Valve-1.jpg",800,600,false],"author_info":[],"comment_info":0,"taxonomy_info":{"product_cat":[{"value":2466,"label":"Forged Steel Globe Valve"},{"value":2049,"label":"Globe Valve"}],"product_tag":[{"value":2723,"label":"What is a Valve"}]},"yoast_head":"<!-- This site is optimized with the Yoast SEO Premium plugin v15.4 - https:\/\/yoast.com\/wordpress\/plugins\/seo\/ -->\n<title>Steam Globe Valve - Globe Valve China Manufacturer | ZECO Valve<\/title>\n<meta name=\"robots\" content=\"index, follow, max-snippet:-1, max-image-preview:large, max-video-preview:-1\" \/>\n<link rel=\"canonical\" href=\"https:\/\/zecovalve.com\/es\/producto\/a105-globe-valve\" \/>\n<meta property=\"og:locale\" content=\"es_ES\" \/>\n<meta property=\"og:type\" content=\"article\" \/>\n<meta property=\"og:title\" content=\"Steam Globe Valve - Globe Valve China Manufacturer | ZECO Valve\" \/>\n<meta property=\"og:description\" content=\"ZECO Steam steel globe valve design and manufacturing of API 602 international standards, API 623, DIN3202, or equivalent. What is a Steam ... Leer m\u00e1s\" \/>\n<meta property=\"og:url\" content=\"https:\/\/zecovalve.com\/es\/producto\/a105-globe-valve\" \/>\n<meta property=\"og:site_name\" content=\"ZECO Valve\" \/>\n<meta property=\"article:modified_time\" content=\"2023-06-15T13:57:33+00:00\" \/>\n<meta property=\"og:image\" content=\"https:\/\/zecovalve.com\/wp-content\/uploads\/2022\/06\/Steam-Globe-Valve-1.jpg\" \/>\n\t<meta property=\"og:image:width\" content=\"800\" \/>\n\t<meta property=\"og:image:height\" content=\"600\" \/>\n<meta name=\"twitter:card\" content=\"summary_large_image\" \/>\n<meta name=\"twitter:label1\" content=\"Escrito por\">\n\t<meta name=\"twitter:data1\" content=\"Jerry\">\n\t<meta name=\"twitter:label2\" content=\"Tiempo de lectura\">\n\t<meta name=\"twitter:data2\" content=\"4 minutos\">\n<script type=\"application\/ld+json\" class=\"yoast-schema-graph\">{\"@context\":\"https:\/\/schema.org\",\"@graph\":[{\"@type\":\"WebSite\",\"@id\":\"https:\/\/zecovalve.com\/#website\",\"url\":\"https:\/\/zecovalve.com\/\",\"name\":\"ZECO Valve\",\"description\":\"Industrial Ball Valve, Gate Valve and Globe Valve Manufacturer\",\"potentialAction\":[{\"@type\":\"SearchAction\",\"target\":\"https:\/\/zecovalve.com\/?s={search_term_string}\",\"query-input\":\"required name=search_term_string\"}],\"inLanguage\":\"es\"},{\"@type\":\"ImageObject\",\"@id\":\"https:\/\/zecovalve.com\/product\/a105-globe-valve#primaryimage\",\"inLanguage\":\"es\",\"url\":\"https:\/\/zecovalve.com\/wp-content\/uploads\/2022\/06\/Steam-Globe-Valve-1.jpg\",\"width\":800,\"height\":600,\"caption\":\"Steam Globe Valve\"},{\"@type\":\"WebPage\",\"@id\":\"https:\/\/zecovalve.com\/product\/a105-globe-valve#webpage\",\"url\":\"https:\/\/zecovalve.com\/product\/a105-globe-valve\",\"name\":\"Steam Globe Valve - Globe Valve China Manufacturer | ZECO Valve\",\"isPartOf\":{\"@id\":\"https:\/\/zecovalve.com\/#website\"},\"primaryImageOfPage\":{\"@id\":\"https:\/\/zecovalve.com\/product\/a105-globe-valve#primaryimage\"},\"datePublished\":\"2022-06-19T14:04:52+00:00\",\"dateModified\":\"2023-06-15T13:57:33+00:00\",\"breadcrumb\":{\"@id\":\"https:\/\/zecovalve.com\/product\/a105-globe-valve#breadcrumb\"},\"inLanguage\":\"es\",\"potentialAction\":[{\"@type\":\"ReadAction\",\"target\":[\"https:\/\/zecovalve.com\/product\/a105-globe-valve\"]}]},{\"@type\":\"BreadcrumbList\",\"@id\":\"https:\/\/zecovalve.com\/product\/a105-globe-valve#breadcrumb\",\"itemListElement\":[{\"@type\":\"ListItem\",\"position\":1,\"item\":{\"@type\":\"WebPage\",\"@id\":\"https:\/\/zecovalve.com\/\",\"url\":\"https:\/\/zecovalve.com\/\",\"name\":\"Home\"}},{\"@type\":\"ListItem\",\"position\":2,\"item\":{\"@type\":\"WebPage\",\"@id\":\"https:\/\/zecovalve.com\/product-category\",\"url\":\"https:\/\/zecovalve.com\/product-category\",\"name\":\"Industrial Valve Manufacturer | Water Valve Manufacturer\"}},{\"@type\":\"ListItem\",\"position\":3,\"item\":{\"@type\":\"WebPage\",\"@id\":\"https:\/\/zecovalve.com\/product\/a105-globe-valve\",\"url\":\"https:\/\/zecovalve.com\/product\/a105-globe-valve\",\"name\":\"Steam Globe Valve\"}}]}]}<\/script>\n<!-- \/ Yoast SEO Premium plugin. -->","_links":{"self":[{"href":"https:\/\/zecovalve.com\/es\/wp-json\/wp\/v2\/product\/16139","targetHints":{"allow":["GET"]}}],"collection":[{"href":"https:\/\/zecovalve.com\/es\/wp-json\/wp\/v2\/product"}],"about":[{"href":"https:\/\/zecovalve.com\/es\/wp-json\/wp\/v2\/types\/product"}],"replies":[{"embeddable":true,"href":"https:\/\/zecovalve.com\/es\/wp-json\/wp\/v2\/comments?post=16139"}],"wp:featuredmedia":[{"embeddable":true,"href":"https:\/\/zecovalve.com\/es\/wp-json\/wp\/v2\/media\/27905"}],"wp:attachment":[{"href":"https:\/\/zecovalve.com\/es\/wp-json\/wp\/v2\/media?parent=16139"}],"wp:term":[{"taxonomy":"product_cat","embeddable":true,"href":"https:\/\/zecovalve.com\/es\/wp-json\/wp\/v2\/product_cat?post=16139"},{"taxonomy":"product_tag","embeddable":true,"href":"https:\/\/zecovalve.com\/es\/wp-json\/wp\/v2\/product_tag?post=16139"}],"curies":[{"name":"wp","href":"https:\/\/api.w.org\/{rel}","templated":true}]}}