{"id":16141,"date":"2022-06-19T14:07:25","date_gmt":"2022-06-19T14:07:25","guid":{"rendered":"https:\/\/zecovalve.com\/?post_type=product&#038;p=16141"},"modified":"2022-09-01T00:42:57","modified_gmt":"2022-09-01T00:42:57","slug":"12-inch-butterfly-valve","status":"publish","type":"product","link":"https:\/\/zecovalve.com\/es\/producto\/12-inch-butterfly-valve","title":{"rendered":"V\u00e1lvula de mariposa de 12"},"content":{"rendered":"<p>La v\u00e1lvula de mariposa de 12 pulgadas significa que el tama\u00f1o de la v\u00e1lvula es de 12 pulgadas y en DN es DN300.<\/p>\r\n\r\n\r\n\r\n<figure class=\"wp-block-image alignnone size-medium wp-image-16142\"><img loading=\"lazy\" decoding=\"async\" class=\"alignnone\" src=\"https:\/\/zecovalve.com\/wp-content\/uploads\/2021\/12\/\u51f8\u8033\u8776\u9600C95800-2-scaled.jpg\" width=\"303\" height=\"404\" \/><\/figure>\r\n\r\n\r\n<div class=\"gb-button-wrapper gb-button-wrapper-6d8495a3\">\r\n\r\n\r\n<p><a class=\"gb-button gb-button-3d442e11 gb-button-text\" href=\"mailto:commercial@zecovalve.com\" target=\"_blank\" rel=\"noopener noreferrer\"><strong>OBT\u00c9N PRECIO DE V\u00c1LVULA DE MARIPOSA DE 12\u2033<\/strong><\/a><\/p>\r\n<\/div>\r\n\r\n\r\n\r\n\r\n<h2 class=\"wp-block-heading\" id=\"h-what-is-a-12-butterfly-valve\">\u00bfQu\u00e9 es una v\u00e1lvula mariposa de 12 \u2033?<\/h2>\r\n\r\n\r\n\r\n<p>Las v\u00e1lvulas de mariposa son una familia de v\u00e1lvulas de movimiento rotacional de un cuarto de vuelta que se utilizan en tuber\u00edas para cerrar el flujo. A menudo se dice que se pueden utilizar v\u00e1lvulas de mariposa para regular el flujo.<\/p>\r\n\r\n\r\n\r\n<p>La mayor\u00eda de las v\u00e1lvulas de mariposa ZECO de 12 pulgadas operadas mediante volante, llave y manijas, prestan atenci\u00f3n a la velocidad de operaci\u00f3n, ni demasiado r\u00e1pida ni demasiado lenta, y ejercen fuerza en la posici\u00f3n adecuada. La posici\u00f3n final es de vital importancia para el rendimiento de la v\u00e1lvula. En posici\u00f3n Cerrada, la pelota deber\u00e1 estar en la posici\u00f3n correcta para asentarse. Las piezas de cierre del asiento de v\u00e1lvula se acercan a la campa\u00f1a y salen del asiento de v\u00e1lvula, el rendimiento de sellado de la v\u00e1lvula depende en parte de las piezas relativas de cierre impulsadas por v\u00e1stago del asiento de v\u00e1lvula para permanecer selladas y de la fuerza mec\u00e1nica resultante. Si el papel de un incidente particular en la direcci\u00f3n del cierre del cierre de la presi\u00f3n para cerrar la caja desde el asiento, y que este poder es esencial. La mayor parte del cierre interno de la pieza deslizante en el asiento de la v\u00e1lvula no depende de los sellos del v\u00e1stago de fuerza, pero este tipo de posici\u00f3n de la v\u00e1lvula para cerrar lo correcto o no es muy importante. En algunos casos, cuando las piezas de cierre se acercan a la posici\u00f3n cerrada final, la fuerza motriz necesaria para cerrar la caja puede aumentar considerablemente; para alcanzar la posici\u00f3n requerida se han cerrado piezas de una compresi\u00f3n auxiliar. Los casos cerrados que no sean accesibles o que no sean detenidos en la aduana tendr\u00e1n fugas en el sello y da\u00f1os. Las v\u00e1lvulas de mariposa requieren una posici\u00f3n correcta para garantizar el sellado. Cuando el indicador muestre la posici\u00f3n Cerrar, se detendr\u00e1 el movimiento.<\/p>\r\n\r\n\r\n\r\n<h2 class=\"wp-block-heading\">\u00bfC\u00f3mo funciona una v\u00e1lvula mariposa de 12\u2033?<\/h2>\r\n\r\n\r\n\r\n<p>Una v\u00e1lvula de mariposa consta de un disco met\u00e1lico que gira alrededor del v\u00e1stago e inicia un cierre herm\u00e9tico en la circunferencia de su asiento el\u00e1stico. El v\u00e1stago puede montarse en el medio o desplazarse. Tambi\u00e9n hay un componente de empaque que proporciona un sello adicional para protecci\u00f3n en caso de que el asiento de goma resulte da\u00f1ado por un incendio.<\/p>\r\n\r\n\r\n\r\n<h2 class=\"wp-block-heading\">Dimensiones y peso de la v\u00e1lvula de mariposa de 12 pulgadas<\/h2>\r\n\r\n\r\n\r\n<table border=\"=1\" width=\"800\">\r\n<tbody>\r\n<tr>\r\n<td rowspan=\"2\">Presi\u00f3n nominal<\/td>\r\n<td style=\"text-align: center;\" colspan=\"4\">\u00a0Dimensi\u00f3n cara a cara (en mm)<\/td>\r\n<td style=\"text-align: center;\">Peso<\/td>\r\n<\/tr>\r\n<tr>\r\n<td style=\"text-align: center;\">Patr\u00f3n largo RF<\/td>\r\n<td style=\"text-align: center;\">Patr\u00f3n corto de RF<\/td>\r\n<td style=\"text-align: center;\">OBLEA<\/td>\r\n<td style=\"text-align: center;\">ARRASTRAR<\/td>\r\n<td style=\"text-align: center;\">kg<\/td>\r\n<\/tr>\r\n<tr>\r\n<td>CLASE 150<\/td>\r\n<td style=\"text-align: center;\">356<\/td>\r\n<td style=\"text-align: center;\">178<\/td>\r\n<td style=\"text-align: center;\">81<\/td>\r\n<td style=\"text-align: center;\">81<\/td>\r\n<td style=\"text-align: center;\">160<\/td>\r\n<\/tr>\r\n<tr>\r\n<td>CLASE 300<\/td>\r\n<td style=\"text-align: center;\">502<\/td>\r\n<td style=\"text-align: center;\">270<\/td>\r\n<td style=\"text-align: center;\">92<\/td>\r\n<td style=\"text-align: center;\">92<\/td>\r\n<td style=\"text-align: center;\">230<\/td>\r\n<\/tr>\r\n<tr>\r\n<td>CLASE 600<\/td>\r\n<td style=\"text-align: center;\">838<\/td>\r\n<td style=\"text-align: center;\">270<\/td>\r\n<td style=\"text-align: center;\">140<\/td>\r\n<td style=\"text-align: center;\">140<\/td>\r\n<td style=\"text-align: center;\">310<\/td>\r\n<\/tr>\r\n<\/tbody>\r\n<\/table>\r\n\r\n\r\n\r\n<h2 class=\"wp-block-heading\" id=\"h-features-of-12-inch-butterfly-valve\">Caracter\u00edsticas de la v\u00e1lvula de mariposa de 12 pulgadas:<\/h2>\r\n\r\n\r\n\r\n<ul class=\"wp-block-list\">\r\n<li>La v\u00e1lvula de mariposa ZECO de 12 pulgadas no tiene dise\u00f1o de zona muerta;<\/li>\r\n<li>La v\u00e1lvula de mariposa ZECO de 12 pulgadas tiene un dise\u00f1o de sistema de empaquetadura con carga din\u00e1mica;<\/li>\r\n<li>La v\u00e1lvula de mariposa ZECO de 12 pulgadas tiene un dise\u00f1o de estructura de protecci\u00f3n contra incendios;<\/li>\r\n<li>La v\u00e1lvula de mariposa ZECO de 12 pulgadas tiene un dise\u00f1o de sellado de seguridad doble.<\/li>\r\n<\/ul>\r\n\r\n\r\n\r\n<h2 class=\"wp-block-heading\" id=\"h-material-of-12-butterfly-valve\">Material de la v\u00e1lvula mariposa de 12 \u2033:<\/h2>\r\n\r\n\r\n\r\n<figure class=\"wp-block-table\">\r\n<table>\r\n<tbody>\r\n<tr>\r\n<td>No<\/td>\r\n<td>Pieza<\/td>\r\n<td>Material<\/td>\r\n<\/tr>\r\n<tr>\r\n<td>1<\/td>\r\n<td>Cuerpo<\/td>\r\n<td>ASTM A216 WCB + 13Cr<\/td>\r\n<\/tr>\r\n<tr>\r\n<td>2<\/td>\r\n<td>Anillo de sello<\/td>\r\n<td>Grafito + SS304<\/td>\r\n<\/tr>\r\n<tr>\r\n<td>3<\/td>\r\n<td>Brida de retenci\u00f3n<\/td>\r\n<td>ASTM A105<\/td>\r\n<\/tr>\r\n<tr>\r\n<td>4<\/td>\r\n<td>Pin<\/td>\r\n<td>ASTM A276 410<\/td>\r\n<\/tr>\r\n<tr>\r\n<td>5<\/td>\r\n<td>Disco<\/td>\r\n<td>ASTM A216 WCB<\/td>\r\n<\/tr>\r\n<tr>\r\n<td>6<\/td>\r\n<td>V\u00e1stago<\/td>\r\n<td>ASTM A276 410<\/td>\r\n<\/tr>\r\n<tr>\r\n<td>7<\/td>\r\n<td>Empaquetadura de v\u00e1stago<\/td>\r\n<td>Grafito<\/td>\r\n<\/tr>\r\n<tr>\r\n<td>8<\/td>\r\n<td>Golpe de tallo<\/td>\r\n<td>SS304 + PTFE<\/td>\r\n<\/tr>\r\n<tr>\r\n<td>9<\/td>\r\n<td>Perno<\/td>\r\n<td>ASTM A193 B7<\/td>\r\n<\/tr>\r\n<tr>\r\n<td>10<\/td>\r\n<td>Tuerca<\/td>\r\n<td>ASTM A194 2H<\/td>\r\n<\/tr>\r\n<tr>\r\n<td>11<\/td>\r\n<td>Yugo<\/td>\r\n<td>ASTM A216 WCB<\/td>\r\n<\/tr>\r\n<\/tbody>\r\n<\/table>\r\n<\/figure>","protected":false},"excerpt":{"rendered":"<p>La v\u00e1lvula de mariposa de 12 pulgadas significa que el tama\u00f1o de la v\u00e1lvula es de 12 pulgadas y en DN es DN300. \u00bfQu\u00e9 es una mariposa de 12 \u2033? <a title=\"V\u00e1lvula mariposa de 12\u2033\" class=\"read-more\" href=\"https:\/\/zecovalve.com\/es\/producto\/12-inch-butterfly-valve\" aria-label=\"M\u00e1s en V\u00e1lvula Mariposa 12\u2033\">Leer m\u00e1s<\/a><\/p>","protected":false},"featured_media":15338,"comment_status":"closed","ping_status":"closed","template":"","meta":{"_generate-full-width-content":"","kt_blocks_editor_width":""},"product_cat":[2044,2470],"product_tag":[],"class_list":["post-16141","product","type-product","status-publish","has-post-thumbnail","hentry","product_cat-butterfly-valve","product_cat-butterfly-valve-by-inch","sales-flash-overlay","woocommerce-text-align-center","woocommerce-image-align-center","do-quantity-buttons"],"featured_image_src_large":["https:\/\/zecovalve.com\/wp-content\/uploads\/2021\/12\/\u51f8\u8033\u8776\u9600C95800-2-768x1024.jpg",768,1024,true],"author_info":[],"comment_info":0,"taxonomy_info":{"product_cat":[{"value":2044,"label":"Butterfly Valve"},{"value":2470,"label":"Butterfly Valve By Inch"}]},"yoast_head":"<!-- This site is optimized with the Yoast SEO Premium plugin v15.4 - https:\/\/yoast.com\/wordpress\/plugins\/seo\/ -->\n<title>12&quot; Butterfly Valve - Competitive 12 inch Butterfly Valve Price | ZECO Valve<\/title>\n<meta name=\"robots\" content=\"index, follow, max-snippet:-1, max-image-preview:large, max-video-preview:-1\" \/>\n<link rel=\"canonical\" href=\"https:\/\/zecovalve.com\/es\/producto\/12-inch-butterfly-valve\" \/>\n<meta property=\"og:locale\" content=\"es_ES\" \/>\n<meta property=\"og:type\" content=\"article\" \/>\n<meta property=\"og:title\" content=\"12&quot; Butterfly Valve - Competitive 12 inch Butterfly Valve Price | ZECO Valve\" \/>\n<meta property=\"og:description\" content=\"Butterflly valve 12 inch means the valve size is 12 inch, and in DN it is DN300. What is a 12&#8243; Butterfly ... Leer m\u00e1s\" \/>\n<meta property=\"og:url\" content=\"https:\/\/zecovalve.com\/es\/producto\/12-inch-butterfly-valve\" \/>\n<meta property=\"og:site_name\" content=\"ZECO Valve\" \/>\n<meta property=\"article:modified_time\" content=\"2022-09-01T00:42:57+00:00\" \/>\n<meta property=\"og:image\" content=\"https:\/\/zecovalve.com\/wp-content\/uploads\/2021\/12\/\u51f8\u8033\u8776\u9600C95800-2-scaled.jpg\" \/>\n\t<meta property=\"og:image:width\" content=\"1920\" \/>\n\t<meta property=\"og:image:height\" content=\"2560\" \/>\n<meta name=\"twitter:card\" content=\"summary_large_image\" \/>\n<meta name=\"twitter:label1\" content=\"Escrito por\">\n\t<meta name=\"twitter:data1\" content=\"Jerry\">\n\t<meta name=\"twitter:label2\" content=\"Tiempo de lectura\">\n\t<meta name=\"twitter:data2\" content=\"2 minutos\">\n<script type=\"application\/ld+json\" class=\"yoast-schema-graph\">{\"@context\":\"https:\/\/schema.org\",\"@graph\":[{\"@type\":\"WebSite\",\"@id\":\"https:\/\/zecovalve.com\/#website\",\"url\":\"https:\/\/zecovalve.com\/\",\"name\":\"ZECO Valve\",\"description\":\"Industrial Ball Valve, Gate Valve and Globe Valve Manufacturer\",\"potentialAction\":[{\"@type\":\"SearchAction\",\"target\":\"https:\/\/zecovalve.com\/?s={search_term_string}\",\"query-input\":\"required name=search_term_string\"}],\"inLanguage\":\"es\"},{\"@type\":\"ImageObject\",\"@id\":\"https:\/\/zecovalve.com\/product\/12-inch-butterfly-valve#primaryimage\",\"inLanguage\":\"es\",\"url\":\"https:\/\/zecovalve.com\/wp-content\/uploads\/2021\/12\/\\u51f8\\u8033\\u8776\\u9600C95800-2-scaled.jpg\",\"width\":1920,\"height\":2560,\"caption\":\"BUTTERFLY VALVE\"},{\"@type\":\"WebPage\",\"@id\":\"https:\/\/zecovalve.com\/product\/12-inch-butterfly-valve#webpage\",\"url\":\"https:\/\/zecovalve.com\/product\/12-inch-butterfly-valve\",\"name\":\"12\\\" Butterfly Valve - Competitive 12 inch Butterfly Valve Price | ZECO Valve\",\"isPartOf\":{\"@id\":\"https:\/\/zecovalve.com\/#website\"},\"primaryImageOfPage\":{\"@id\":\"https:\/\/zecovalve.com\/product\/12-inch-butterfly-valve#primaryimage\"},\"datePublished\":\"2022-06-19T14:07:25+00:00\",\"dateModified\":\"2022-09-01T00:42:57+00:00\",\"breadcrumb\":{\"@id\":\"https:\/\/zecovalve.com\/product\/12-inch-butterfly-valve#breadcrumb\"},\"inLanguage\":\"es\",\"potentialAction\":[{\"@type\":\"ReadAction\",\"target\":[\"https:\/\/zecovalve.com\/product\/12-inch-butterfly-valve\"]}]},{\"@type\":\"BreadcrumbList\",\"@id\":\"https:\/\/zecovalve.com\/product\/12-inch-butterfly-valve#breadcrumb\",\"itemListElement\":[{\"@type\":\"ListItem\",\"position\":1,\"item\":{\"@type\":\"WebPage\",\"@id\":\"https:\/\/zecovalve.com\/\",\"url\":\"https:\/\/zecovalve.com\/\",\"name\":\"Home\"}},{\"@type\":\"ListItem\",\"position\":2,\"item\":{\"@type\":\"WebPage\",\"@id\":\"https:\/\/zecovalve.com\/product-category\",\"url\":\"https:\/\/zecovalve.com\/product-category\",\"name\":\"Industrial Valve Manufacturer | Water Valve Manufacturer\"}},{\"@type\":\"ListItem\",\"position\":3,\"item\":{\"@type\":\"WebPage\",\"@id\":\"https:\/\/zecovalve.com\/product\/12-inch-butterfly-valve\",\"url\":\"https:\/\/zecovalve.com\/product\/12-inch-butterfly-valve\",\"name\":\"12&#8243; Butterfly Valve\"}}]}]}<\/script>\n<!-- \/ Yoast SEO Premium plugin. -->","_links":{"self":[{"href":"https:\/\/zecovalve.com\/es\/wp-json\/wp\/v2\/product\/16141","targetHints":{"allow":["GET"]}}],"collection":[{"href":"https:\/\/zecovalve.com\/es\/wp-json\/wp\/v2\/product"}],"about":[{"href":"https:\/\/zecovalve.com\/es\/wp-json\/wp\/v2\/types\/product"}],"replies":[{"embeddable":true,"href":"https:\/\/zecovalve.com\/es\/wp-json\/wp\/v2\/comments?post=16141"}],"wp:featuredmedia":[{"embeddable":true,"href":"https:\/\/zecovalve.com\/es\/wp-json\/wp\/v2\/media\/15338"}],"wp:attachment":[{"href":"https:\/\/zecovalve.com\/es\/wp-json\/wp\/v2\/media?parent=16141"}],"wp:term":[{"taxonomy":"product_cat","embeddable":true,"href":"https:\/\/zecovalve.com\/es\/wp-json\/wp\/v2\/product_cat?post=16141"},{"taxonomy":"product_tag","embeddable":true,"href":"https:\/\/zecovalve.com\/es\/wp-json\/wp\/v2\/product_tag?post=16141"}],"curies":[{"name":"wp","href":"https:\/\/api.w.org\/{rel}","templated":true}]}}