{"id":16143,"date":"2022-06-19T14:10:13","date_gmt":"2022-06-19T14:10:13","guid":{"rendered":"https:\/\/zecovalve.com\/?post_type=product&#038;p=16143"},"modified":"2022-07-31T02:32:33","modified_gmt":"2022-07-31T02:32:33","slug":"triple-offset-butterfly-valve","status":"publish","type":"product","link":"https:\/\/zecovalve.com\/es\/producto\/triple-offset-butterfly-valve","title":{"rendered":"V\u00e1lvula de mariposa de triple offset"},"content":{"rendered":"<p>La v\u00e1lvula de triple compensaci\u00f3n o v\u00e1lvula triple exc\u00e9ntrica presenta un v\u00e1stago que est\u00e1 desplazado tanto en el eje X como en el eje Y de la l\u00ednea central de la v\u00e1lvula de mariposa. Esto produce un movimiento similar a una leva a medida que funciona la v\u00e1lvula.<\/p>\r\n\r\n\r\n\r\n<figure class=\"wp-block-image alignnone size-medium wp-image-16144\"><img loading=\"lazy\" decoding=\"async\" width=\"300\" height=\"225\" class=\"wp-image-16144\" src=\"https:\/\/zecovalve.com\/wp-content\/uploads\/2022\/06\/triple-offset-butterfly-valve-300x225.jpg\" alt=\"V\u00e1lvula de mariposa de triple offset\" srcset=\"https:\/\/zecovalve.com\/wp-content\/uploads\/2022\/06\/triple-offset-butterfly-valve-300x225.jpg 300w, https:\/\/zecovalve.com\/wp-content\/uploads\/2022\/06\/triple-offset-butterfly-valve-768x576.jpg 768w, https:\/\/zecovalve.com\/wp-content\/uploads\/2022\/06\/triple-offset-butterfly-valve-600x450.jpg 600w, https:\/\/zecovalve.com\/wp-content\/uploads\/2022\/06\/triple-offset-butterfly-valve.jpg 800w\" sizes=\"auto, (max-width: 300px) 100vw, 300px\" \/><\/figure>\r\n\r\n\r\n<div class=\"gb-button-wrapper gb-button-wrapper-6d8495a3\">\r\n\r\n\r\n<p><a class=\"gb-button gb-button-3d442e11 gb-button-text\" href=\"https:\/\/zecovalve.com\/es\/contact\/\" target=\"_blank\" rel=\"noopener noreferrer\"><strong>OBT\u00c9N PRECIO DE V\u00c1LVULA DE COMPENSACI\u00d3N TRIPLE<\/strong><\/a><\/p>\r\n<\/div>\r\n\r\n\r\n\r\n\r\n<h2 class=\"wp-block-heading\" id=\"h-what-is-a-triple-offset-butterfly-valve\">\u00bfQu\u00e9 es una v\u00e1lvula de mariposa de triple compensaci\u00f3n?<\/h2>\r\n\r\n\r\n\r\n<p>La v\u00e1lvula de mariposa de triple compensaci\u00f3n ZECO adopta una estructura de tres exc\u00e9ntricas, lo que aumenta la excentricidad del \u00e1ngulo en el tiempo sobre la base de la v\u00e1lvula de mariposa de doble compensaci\u00f3n con sello de metal a metal. Excentricidad angular significa que el eje c\u00f3nico de la superficie de sellado del disco de mariposa est\u00e1 inclinado con respecto al eje del cilindro del cuerpo. En este momento, la secci\u00f3n de la superficie de sellado se convierte en una elipse, por lo que la forma de la superficie de sellado es asim\u00e9trica.  Un lado est\u00e1 inclinado a la l\u00ednea central del cuerpo y el otro lado es paralelo a la l\u00ednea central del cuerpo. La funci\u00f3n principal de este \u00e1ngulo de excentricidad es hacer que la v\u00e1lvula en el proceso de apertura o cierre, cualquier punto entre el anillo de sellado y el asiento de la v\u00e1lvula se desprenda o entre en contacto r\u00e1pidamente, de modo que ninguna fricci\u00f3n entre la superficie de sellado extienda la vida \u00fatil de la v\u00e1lvula.<\/p>\r\n\r\n\r\n\r\n<h2 class=\"wp-block-heading\">\u00bfQu\u00e9 es la estructura de triple compensaci\u00f3n?<\/h2>\r\n\r\n\r\n\r\n<p>Una v\u00e1lvula de mariposa de triple compensaci\u00f3n tiene 3 compensaciones separadas. Dos de los desplazamientos se aplican a la ubicaci\u00f3n del eje con respecto a la l\u00ednea central del orificio y la l\u00ednea central de las superficies de sellado del disco\/asiento. El tercer desplazamiento es el dise\u00f1o en el eje del \u00e1ngulo del cono del asiento.<\/p>\r\n\r\n\r\n\r\n<p>Desplazamiento cero: el disco gira alrededor del eje central permitiendo una rotaci\u00f3n potencial de 360\u00ba. El sellado se logra cuando el disco deforma el sello blando, lo que genera una fricci\u00f3n total durante todo el ciclo operativo.<\/p>\r\n\r\n\r\n\r\n<p>Doble desplazamiento: para permitir el desplazamiento del asiento, el eje est\u00e1 desplazado de la l\u00ednea central del asiento del disco y del sello del cuerpo (desplazado uno) y de la l\u00ednea central del orificio (desplazado dos). Esto crea una acci\u00f3n de leva durante la operaci\u00f3n para levantar el asiento fuera del sello, lo que genera fricci\u00f3n durante los primeros 10 grados de apertura y los 10 grados finales de cierre.<\/p>\r\n\r\n\r\n\r\n<p>El triple desplazamiento es el dise\u00f1o geom\u00e9trico de los componentes de sellado. Cada uno de los componentes de sellado est\u00e1 mecanizado en un perfil c\u00f3nico desplazado, lo que da como resultado un cono en \u00e1ngulo recto. Esto asegura una carrera sin fricci\u00f3n durante todo su ciclo de funcionamiento. El contacto s\u00f3lo se produce en el punto final de cierre, actuando el \u00e1ngulo de 90\u00b0 como tope mec\u00e1nico; lo que resulta en que no haya un recorrido excesivo del asiento del disco.<\/p>\r\n\r\n\r\n<div class=\"wp-block-image\">\r\n<figure class=\"aligncenter size-full\"><img loading=\"lazy\" decoding=\"async\" width=\"605\" height=\"210\" class=\"wp-image-19466\" src=\"https:\/\/zecovalve.com\/wp-content\/uploads\/2022\/07\/Triple-Offset-Butterfly-Valve.png\" alt=\"\" srcset=\"https:\/\/zecovalve.com\/wp-content\/uploads\/2022\/07\/Triple-Offset-Butterfly-Valve.png 605w, https:\/\/zecovalve.com\/wp-content\/uploads\/2022\/07\/Triple-Offset-Butterfly-Valve-300x104.png 300w, https:\/\/zecovalve.com\/wp-content\/uploads\/2022\/07\/Triple-Offset-Butterfly-Valve-600x208.png 600w\" sizes=\"auto, (max-width: 605px) 100vw, 605px\" \/><\/figure>\r\n<\/div>\r\n\r\n\r\n<h2 class=\"wp-block-heading\">Aplicaciones de las v\u00e1lvulas de mariposa de triple compensaci\u00f3n<\/h2>\r\n\r\n\r\n\r\n<p>Las v\u00e1lvulas de mariposa de triple compensaci\u00f3n son eficientes en aplicaciones que presentan desaf\u00edos especiales, como materiales abrasivos, alta presi\u00f3n o temperatura, e incluso aquellas que son propensas a emisiones fugitivas.<\/p>\r\n\r\n\r\n\r\n<p>Encontrar\u00e1 v\u00e1lvulas de mariposa de triple compensaci\u00f3n en aplicaciones como vapor con m\u00e1s de 150 psi o gas o l\u00edquido puro a alta temperatura. En casos como estos, los tipos de asientos met\u00e1licos sin revestimiento blando son m\u00e1s econ\u00f3micos.<\/p>\r\n\r\n\r\n\r\n<p>Estas v\u00e1lvulas se utilizan a menudo en industrias como procesamiento de petr\u00f3leo y gas, refinaci\u00f3n, aplicaciones qu\u00edmicas y petroqu\u00edmicas, generaci\u00f3n de energ\u00eda, aplicaciones costa afuera, pulpa y papel, etc.<\/p>\r\n\r\n\r\n\r\n<h2 class=\"wp-block-heading\" id=\"h-features-of-triple-offset-butterfly-valve\">Caracter\u00edsticas de la v\u00e1lvula de mariposa de triple compensaci\u00f3n:<\/h2>\r\n\r\n\r\n\r\n<ul class=\"wp-block-list\">\r\n<li>La v\u00e1lvula de mariposa de triple desplazamiento ZECO adopta un asiento de v\u00e1lvula reemplazable, lo cual es conveniente para reemplazar el asiento de la v\u00e1lvula y el anillo de sellado directamente despu\u00e9s de retirar la v\u00e1lvula en el sitio en caso de da\u00f1o o mantenimiento del asiento, sin perder tiempo ni perder el costo de operaci\u00f3n normal de la tuber\u00eda;<\/li>\r\n<li>La v\u00e1lvula de mariposa de triple desplazamiento ZECO puede elegir varios materiales para el cuerpo de la v\u00e1lvula, la placa de mariposa y el material de la superficie de sellado de acuerdo con las condiciones de trabajo reales del usuario para cumplir con los requisitos del usuario;<\/li>\r\n<li>El soporte de la v\u00e1lvula de mariposa ZECO es est\u00e1ndar ISO 5211 con tama\u00f1o uniforme, que se puede utilizar en el sitio de ZECO o en el sitio del usuario para cambiar los actuadores el\u00e9ctricos, neum\u00e1ticos, hidr\u00e1ulicos o de turbina deseados;<\/li>\r\n<li>La v\u00e1lvula de mariposa ZECO adopta un sistema de sellado de empaque combinado para garantizar la fuga m\u00e1xima de la v\u00e1lvula \u226420 ppm. Los usuarios pueden elegir la estructura de sellado de carga din\u00e1mica de acuerdo con las condiciones de trabajo, para extender el tiempo de uso del embalaje debido al mantenimiento frecuente.<\/li>\r\n<\/ul>\r\n\r\n\r\n\r\n<h2 class=\"wp-block-heading\" id=\"h-material-of-triple-offset-butterfly-valve\">Material de la v\u00e1lvula de mariposa de triple compensaci\u00f3n:<\/h2>\r\n\r\n\r\n\r\n<figure class=\"wp-block-table is-style-stripes\">\r\n<table>\r\n<tbody>\r\n<tr>\r\n<td>No<\/td>\r\n<td>Pieza<\/td>\r\n<td>Material<\/td>\r\n<\/tr>\r\n<tr>\r\n<td>1<\/td>\r\n<td>Cuerpo<\/td>\r\n<td>ASTM A216 WCB + 13Cr<\/td>\r\n<\/tr>\r\n<tr>\r\n<td>2<\/td>\r\n<td>Anillo de sello<\/td>\r\n<td>Grafito + SS304<\/td>\r\n<\/tr>\r\n<tr>\r\n<td>3<\/td>\r\n<td>Brida de retenci\u00f3n<\/td>\r\n<td>ASTM A105<\/td>\r\n<\/tr>\r\n<tr>\r\n<td>4<\/td>\r\n<td>Pin<\/td>\r\n<td>ASTM A276 410<\/td>\r\n<\/tr>\r\n<tr>\r\n<td>5<\/td>\r\n<td>Disco<\/td>\r\n<td>ASTM A216 WCB<\/td>\r\n<\/tr>\r\n<tr>\r\n<td>6<\/td>\r\n<td>V\u00e1stago<\/td>\r\n<td>ASTM A276 410<\/td>\r\n<\/tr>\r\n<tr>\r\n<td>7<\/td>\r\n<td>Empaquetadura de v\u00e1stago<\/td>\r\n<td>Grafito<\/td>\r\n<\/tr>\r\n<tr>\r\n<td>8<\/td>\r\n<td>Golpe de tallo<\/td>\r\n<td>SS304 + PTFE<\/td>\r\n<\/tr>\r\n<tr>\r\n<td>9<\/td>\r\n<td>Perno<\/td>\r\n<td>ASTM A193 B7<\/td>\r\n<\/tr>\r\n<tr>\r\n<td>10<\/td>\r\n<td>Tuerca<\/td>\r\n<td>ASTM A194 2H<\/td>\r\n<\/tr>\r\n<tr>\r\n<td>11<\/td>\r\n<td>Yugo<\/td>\r\n<td>ASTM A216 WCB<\/td>\r\n<\/tr>\r\n<\/tbody>\r\n<\/table>\r\n<\/figure>","protected":false},"excerpt":{"rendered":"<p>La v\u00e1lvula de triple compensaci\u00f3n o v\u00e1lvula triple exc\u00e9ntrica presenta un v\u00e1stago que est\u00e1 desplazado tanto en el eje X como en el eje Y de... <a title=\"V\u00e1lvula de mariposa de triple offset\" class=\"read-more\" href=\"https:\/\/zecovalve.com\/es\/producto\/triple-offset-butterfly-valve\" aria-label=\"M\u00e1s en V\u00e1lvula de mariposa de triple compensaci\u00f3n\">Leer m\u00e1s<\/a><\/p>","protected":false},"featured_media":16144,"comment_status":"closed","ping_status":"closed","template":"","meta":{"_generate-full-width-content":"","kt_blocks_editor_width":""},"product_cat":[2044,2467,2604],"product_tag":[2723],"class_list":["post-16143","product","type-product","status-publish","has-post-thumbnail","hentry","product_cat-butterfly-valve","product_cat-butterfly-valve-by-form","product_cat-triple-offset-butterfly-valve","product_tag-what-is-a-valve","sales-flash-overlay","woocommerce-text-align-center","woocommerce-image-align-center","do-quantity-buttons"],"featured_image_src_large":["https:\/\/zecovalve.com\/wp-content\/uploads\/2022\/06\/triple-offset-butterfly-valve.jpg",800,600,false],"author_info":[],"comment_info":0,"taxonomy_info":{"product_cat":[{"value":2044,"label":"Butterfly Valve"},{"value":2467,"label":"Butterfly Valve By Form"},{"value":2604,"label":"Triple Offset Butterfly Valve"}],"product_tag":[{"value":2723,"label":"What is a Valve"}]},"yoast_head":"<!-- This site is optimized with the Yoast SEO Premium plugin v15.4 - https:\/\/yoast.com\/wordpress\/plugins\/seo\/ -->\n<title>Triple Offset Butterfly Valve - Butterfly Valve Triple Offset Structure | ZECO<\/title>\n<meta name=\"robots\" content=\"index, follow, max-snippet:-1, max-image-preview:large, max-video-preview:-1\" \/>\n<link rel=\"canonical\" href=\"https:\/\/zecovalve.com\/es\/producto\/triple-offset-butterfly-valve\" \/>\n<meta property=\"og:locale\" content=\"es_ES\" \/>\n<meta property=\"og:type\" content=\"article\" \/>\n<meta property=\"og:title\" content=\"Triple Offset Butterfly Valve - Butterfly Valve Triple Offset Structure | ZECO\" \/>\n<meta property=\"og:description\" content=\"The Triple offset valve or triple eccentric valve features a stem that is offset on both the X and Y axis of ... Leer m\u00e1s\" \/>\n<meta property=\"og:url\" content=\"https:\/\/zecovalve.com\/es\/producto\/triple-offset-butterfly-valve\" \/>\n<meta property=\"og:site_name\" content=\"ZECO Valve\" \/>\n<meta property=\"article:modified_time\" content=\"2022-07-31T02:32:33+00:00\" \/>\n<meta property=\"og:image\" content=\"https:\/\/zecovalve.com\/wp-content\/uploads\/2022\/06\/triple-offset-butterfly-valve.jpg\" \/>\n\t<meta property=\"og:image:width\" content=\"800\" \/>\n\t<meta property=\"og:image:height\" content=\"600\" \/>\n<meta name=\"twitter:card\" content=\"summary_large_image\" \/>\n<meta name=\"twitter:label1\" content=\"Escrito por\">\n\t<meta name=\"twitter:data1\" content=\"Jerry\">\n\t<meta name=\"twitter:label2\" content=\"Tiempo de lectura\">\n\t<meta name=\"twitter:data2\" content=\"3 minutos\">\n<script type=\"application\/ld+json\" class=\"yoast-schema-graph\">{\"@context\":\"https:\/\/schema.org\",\"@graph\":[{\"@type\":\"WebSite\",\"@id\":\"https:\/\/zecovalve.com\/#website\",\"url\":\"https:\/\/zecovalve.com\/\",\"name\":\"ZECO Valve\",\"description\":\"Industrial Ball Valve, Gate Valve and Globe Valve Manufacturer\",\"potentialAction\":[{\"@type\":\"SearchAction\",\"target\":\"https:\/\/zecovalve.com\/?s={search_term_string}\",\"query-input\":\"required name=search_term_string\"}],\"inLanguage\":\"es\"},{\"@type\":\"ImageObject\",\"@id\":\"https:\/\/zecovalve.com\/product\/triple-offset-butterfly-valve#primaryimage\",\"inLanguage\":\"es\",\"url\":\"https:\/\/zecovalve.com\/wp-content\/uploads\/2022\/06\/triple-offset-butterfly-valve.jpg\",\"width\":800,\"height\":600,\"caption\":\"Triple Offset Butterfly Valve\"},{\"@type\":\"WebPage\",\"@id\":\"https:\/\/zecovalve.com\/product\/triple-offset-butterfly-valve#webpage\",\"url\":\"https:\/\/zecovalve.com\/product\/triple-offset-butterfly-valve\",\"name\":\"Triple Offset Butterfly Valve - Butterfly Valve Triple Offset Structure | ZECO\",\"isPartOf\":{\"@id\":\"https:\/\/zecovalve.com\/#website\"},\"primaryImageOfPage\":{\"@id\":\"https:\/\/zecovalve.com\/product\/triple-offset-butterfly-valve#primaryimage\"},\"datePublished\":\"2022-06-19T14:10:13+00:00\",\"dateModified\":\"2022-07-31T02:32:33+00:00\",\"breadcrumb\":{\"@id\":\"https:\/\/zecovalve.com\/product\/triple-offset-butterfly-valve#breadcrumb\"},\"inLanguage\":\"es\",\"potentialAction\":[{\"@type\":\"ReadAction\",\"target\":[\"https:\/\/zecovalve.com\/product\/triple-offset-butterfly-valve\"]}]},{\"@type\":\"BreadcrumbList\",\"@id\":\"https:\/\/zecovalve.com\/product\/triple-offset-butterfly-valve#breadcrumb\",\"itemListElement\":[{\"@type\":\"ListItem\",\"position\":1,\"item\":{\"@type\":\"WebPage\",\"@id\":\"https:\/\/zecovalve.com\/\",\"url\":\"https:\/\/zecovalve.com\/\",\"name\":\"Home\"}},{\"@type\":\"ListItem\",\"position\":2,\"item\":{\"@type\":\"WebPage\",\"@id\":\"https:\/\/zecovalve.com\/product-category\",\"url\":\"https:\/\/zecovalve.com\/product-category\",\"name\":\"Industrial Valve Manufacturer | Water Valve Manufacturer\"}},{\"@type\":\"ListItem\",\"position\":3,\"item\":{\"@type\":\"WebPage\",\"@id\":\"https:\/\/zecovalve.com\/product\/triple-offset-butterfly-valve\",\"url\":\"https:\/\/zecovalve.com\/product\/triple-offset-butterfly-valve\",\"name\":\"Triple Offset Butterfly Valve\"}}]}]}<\/script>\n<!-- \/ Yoast SEO Premium plugin. -->","_links":{"self":[{"href":"https:\/\/zecovalve.com\/es\/wp-json\/wp\/v2\/product\/16143","targetHints":{"allow":["GET"]}}],"collection":[{"href":"https:\/\/zecovalve.com\/es\/wp-json\/wp\/v2\/product"}],"about":[{"href":"https:\/\/zecovalve.com\/es\/wp-json\/wp\/v2\/types\/product"}],"replies":[{"embeddable":true,"href":"https:\/\/zecovalve.com\/es\/wp-json\/wp\/v2\/comments?post=16143"}],"wp:featuredmedia":[{"embeddable":true,"href":"https:\/\/zecovalve.com\/es\/wp-json\/wp\/v2\/media\/16144"}],"wp:attachment":[{"href":"https:\/\/zecovalve.com\/es\/wp-json\/wp\/v2\/media?parent=16143"}],"wp:term":[{"taxonomy":"product_cat","embeddable":true,"href":"https:\/\/zecovalve.com\/es\/wp-json\/wp\/v2\/product_cat?post=16143"},{"taxonomy":"product_tag","embeddable":true,"href":"https:\/\/zecovalve.com\/es\/wp-json\/wp\/v2\/product_tag?post=16143"}],"curies":[{"name":"wp","href":"https:\/\/api.w.org\/{rel}","templated":true}]}}