{"id":16145,"date":"2022-06-19T14:13:26","date_gmt":"2022-06-19T14:13:26","guid":{"rendered":"https:\/\/zecovalve.com\/?post_type=product&#038;p=16145"},"modified":"2022-07-16T08:10:36","modified_gmt":"2022-07-16T08:10:36","slug":"metal-seated-butterfly-valve","status":"publish","type":"product","link":"https:\/\/zecovalve.com\/es\/producto\/metal-seated-butterfly-valve","title":{"rendered":"V\u00e1lvula de mariposa de asiento met\u00e1lico"},"content":{"rendered":"La v\u00e1lvula de mariposa con asiento de metal es un producto de larga duraci\u00f3n y ahorro de energ\u00eda recientemente desarrollado.\r\n\r\n\r\n\r\n\r\n<figure class=\"wp-block-image alignnone size-medium wp-image-16146\"><img loading=\"lazy\" decoding=\"async\" width=\"300\" height=\"225\" class=\"wp-image-16146\" src=\"https:\/\/zecovalve.com\/wp-content\/uploads\/2022\/06\/metal-seated-butterfly-valve-300x225.jpg\" alt=\"V\u00e1lvula de mariposa de asiento met\u00e1lico\" srcset=\"https:\/\/zecovalve.com\/wp-content\/uploads\/2022\/06\/metal-seated-butterfly-valve-300x225.jpg 300w, https:\/\/zecovalve.com\/wp-content\/uploads\/2022\/06\/metal-seated-butterfly-valve-768x576.jpg 768w, https:\/\/zecovalve.com\/wp-content\/uploads\/2022\/06\/metal-seated-butterfly-valve-600x450.jpg 600w, https:\/\/zecovalve.com\/wp-content\/uploads\/2022\/06\/metal-seated-butterfly-valve.jpg 800w\" sizes=\"auto, (max-width: 300px) 100vw, 300px\" \/><\/figure>\r\n\r\n\r\n<div class=\"gb-button-wrapper gb-button-wrapper-6d8495a3\">\r\n\r\n<a class=\"gb-button gb-button-3d442e11 gb-button-text\" href=\"https:\/\/zecovalve.com\/es\/contact\/\" target=\"_blank\" rel=\"noopener noreferrer\"><strong>OBT\u00c9N PRECIO DE V\u00c1LVULA DE MARIPOSA CON ASIENTO DE METAL<\/strong><\/a>\r\n\r\n<\/div>\r\n\r\n\r\n\r\n\r\n<h2 class=\"wp-block-heading\" id=\"h-what-is-a-metal-seated-butterfly-valve\">\u00bfQu\u00e9 es una v\u00e1lvula de mariposa con asiento met\u00e1lico?<\/h2>\r\n\r\n\r\n\r\n\r\nUna v\u00e1lvula de mariposa con asiento met\u00e1lico es un tipo de v\u00e1lvula que se puede utilizar para aislar o regular el flujo. El mecanismo de cierre es el disco, que se encuentra en el centro del cuerpo de la v\u00e1lvula. El disco est\u00e1 conectado a una manija o actuador a trav\u00e9s del eje, que pasa desde el disco a trav\u00e9s de la parte superior del cuerpo de la v\u00e1lvula. A diferencia de una v\u00e1lvula de bola, el disco de la v\u00e1lvula de mariposa siempre est\u00e1 presente en el flujo, lo que provocar\u00e1 una ca\u00edda de presi\u00f3n.\r\n\r\n\r\n\r\n\r\n<h2 class=\"wp-block-heading\">\u00bfC\u00f3mo funciona una v\u00e1lvula de mariposa con asiento met\u00e1lico?<\/h2>\r\n\r\n\r\n\r\n\r\nUna v\u00e1lvula de mariposa con asiento de metal funciona con un estilo de cuarto de vuelta, lo que significa que al girar el disco cerrado 90\u00b0 se abrir\u00e1 completamente la v\u00e1lvula y viceversa. Tambi\u00e9n se pueden abrir de forma incremental para estrangular el flujo. Esto se puede lograr manualmente, pero la regulaci\u00f3n del flujo es m\u00e1s precisa cuando se usa junto con un actuador. Los actuadores se pueden personalizar para permitir un flujo incremental, mediante el uso de posicionadores en el caso de actuadores neum\u00e1ticos e hidr\u00e1ulicos, o mediante el uso de tableros moduladores en el caso de actuadores el\u00e9ctricos.\r\n\r\n\r\n\r\n\r\n<h2 class=\"wp-block-heading\" id=\"h-features-of-metal-seated-butterfly-valves\">Caracter\u00edsticas de las v\u00e1lvulas de mariposa con asiento met\u00e1lico<\/h2>\r\n\r\n\r\n\r\n<ul class=\"wp-block-list\">\r\n \t<li>La v\u00e1lvula de mariposa con asiento de metal ZECO puede realizar un sellado bidireccional, el concepto de sellado bidireccional es que no se puede garantizar ninguna fuga interna en el cuerpo de la v\u00e1lvula, sin importar la presi\u00f3n directa del cuerpo de la v\u00e1lvula o la presi\u00f3n inversa del cuerpo de la v\u00e1lvula. y puede cumplir con el requisito de cero fugas del est\u00e1ndar internacional API 598;<\/li>\r\n \t<li>La v\u00e1lvula de mariposa con asiento de metal ZECO adopta un dise\u00f1o de arquitectura de doble seguridad, disco, v\u00e1stago y superficie de sellado directamente bajo presi\u00f3n media en la tuber\u00eda y el desgaste, ZECO para evitar posibles tuber\u00edas debido a diversos problemas causados por la deformaci\u00f3n de la placa de mariposa, la dislocaci\u00f3n del v\u00e1stago, el fen\u00f3meno como el ajuste de la cara de sellado, el disco de mariposa hacia arriba y hacia abajo est\u00e1 equipado con dos anillos de empuje independientes separados que garantizan el funcionamiento normal;<\/li>\r\n \t<li>\u00a0La v\u00e1lvula de mariposa con asiento met\u00e1lico ZECO est\u00e1 dise\u00f1ada con un anillo de sellado reemplazable. La superficie de sellado del disco de mariposa y el disco de mariposa son independientes entre s\u00ed, y el asiento y el cuerpo de la v\u00e1lvula son independientes entre s\u00ed, por lo que el anillo de sellado de la placa de mariposa y el asiento de la v\u00e1lvula se pueden reemplazar al mismo tiempo. Cuando el anillo de sellado o el asiento est\u00e1n da\u00f1ados, solo es necesario reemplazar el anillo de sellado y el asiento;<\/li>\r\n \t<li>El asiento de v\u00e1lvula de mariposa ZECO adopta la estructura de un asiento de v\u00e1lvula forjado hecho de aleaci\u00f3n de acero totalmente met\u00e1lico. Su dureza es extremadamente alta, se puede utilizar en medios de abrasi\u00f3n y es resistente a altas temperaturas y altas presiones.<\/li>\r\n \t<li>La v\u00e1lvula de mariposa con asiento met\u00e1lico ZECO ofrece una soluci\u00f3n liviana, de menor costo, resistente y sin mantenimiento para aplicaciones de alta presi\u00f3n.<\/li>\r\n<\/ul>\r\n\r\n\r\n\r\n<h2 class=\"wp-block-heading\">Aplicaciones de las v\u00e1lvulas de mariposa con asiento met\u00e1lico<\/h2>\r\n\r\n\r\n\r\n\r\nLa v\u00e1lvula de mariposa con asiento de metal se usa ampliamente en petr\u00f3leo, gas natural, gas canalizado y medicamentos, industria alimentaria, tratamiento de agua ambiental industrial y industria naviera.\r\n\r\n\r\n\r\n\r\n<h2 class=\"wp-block-heading\" id=\"h-material-of-metal-seated-butterfly-valves\">Material de las v\u00e1lvulas de mariposa con asiento met\u00e1lico<\/h2>\r\n\r\n\r\n\r\n<figure class=\"wp-block-table\">\r\n<table>\r\n<tbody>\r\n<tr>\r\n<td>No<\/td>\r\n<td>Pieza<\/td>\r\n<td>Material<\/td>\r\n<\/tr>\r\n<tr>\r\n<td>1<\/td>\r\n<td>Cuerpo<\/td>\r\n<td>ASTM A351 CF8<\/td>\r\n<\/tr>\r\n<tr>\r\n<td>2<\/td>\r\n<td>Anillo de sello<\/td>\r\n<td>Grafito + SS304<\/td>\r\n<\/tr>\r\n<tr>\r\n<td>3<\/td>\r\n<td>Brida de retenci\u00f3n<\/td>\r\n<td>ASTM A182 F304<\/td>\r\n<\/tr>\r\n<tr>\r\n<td>4<\/td>\r\n<td>Pin<\/td>\r\n<td>ASTM A276 304<\/td>\r\n<\/tr>\r\n<tr>\r\n<td>5<\/td>\r\n<td>Disco<\/td>\r\n<td>ASTM A351 CF8<\/td>\r\n<\/tr>\r\n<tr>\r\n<td>6<\/td>\r\n<td>V\u00e1stago<\/td>\r\n<td>ASTM A276 304<\/td>\r\n<\/tr>\r\n<tr>\r\n<td>7<\/td>\r\n<td>Empaquetadura de v\u00e1stago<\/td>\r\n<td>Grafito<\/td>\r\n<\/tr>\r\n<tr>\r\n<td>8<\/td>\r\n<td>Golpe de tallo<\/td>\r\n<td>SS304 + PTFE<\/td>\r\n<\/tr>\r\n<tr>\r\n<td>9<\/td>\r\n<td>Perno<\/td>\r\n<td>ASTM A193 B8<\/td>\r\n<\/tr>\r\n<tr>\r\n<td>10<\/td>\r\n<td>Tuerca<\/td>\r\n<td>ASTM A194 8<\/td>\r\n<\/tr>\r\n<tr>\r\n<td>11<\/td>\r\n<td>Yugo<\/td>\r\n<td>ASTM A216 WCB<\/td>\r\n<\/tr>\r\n<\/tbody>\r\n<\/table>\r\n<\/figure>","protected":false},"excerpt":{"rendered":"<p>La v\u00e1lvula de mariposa con asiento de metal es un producto de larga duraci\u00f3n y ahorro de energ\u00eda recientemente desarrollado. \u00bfQu\u00e9 es una v\u00e1lvula de mariposa con asiento met\u00e1lico? Una mariposa con asiento de metal... <a title=\"V\u00e1lvula de mariposa de asiento met\u00e1lico\" class=\"read-more\" href=\"https:\/\/zecovalve.com\/es\/producto\/metal-seated-butterfly-valve\" aria-label=\"M\u00e1s en V\u00e1lvula de mariposa con asiento met\u00e1lico\">Leer m\u00e1s<\/a><\/p>","protected":false},"featured_media":16146,"comment_status":"closed","ping_status":"closed","template":"","meta":{"_generate-full-width-content":"","kt_blocks_editor_width":""},"product_cat":[2044,2467,2604],"product_tag":[],"class_list":["post-16145","product","type-product","status-publish","has-post-thumbnail","hentry","product_cat-butterfly-valve","product_cat-butterfly-valve-by-form","product_cat-triple-offset-butterfly-valve","sales-flash-overlay","woocommerce-text-align-center","woocommerce-image-align-center","do-quantity-buttons"],"featured_image_src_large":["https:\/\/zecovalve.com\/wp-content\/uploads\/2022\/06\/metal-seated-butterfly-valve.jpg",800,600,false],"author_info":[],"comment_info":0,"taxonomy_info":{"product_cat":[{"value":2044,"label":"Butterfly Valve"},{"value":2467,"label":"Butterfly Valve By Form"},{"value":2604,"label":"Triple Offset Butterfly Valve"}]},"yoast_head":"<!-- This site is optimized with the Yoast SEO Premium plugin v15.4 - https:\/\/yoast.com\/wordpress\/plugins\/seo\/ -->\n<title>Metal Seated Butterfly Valve - Butterfly Valve Manufacturer | ZECO Valve<\/title>\n<meta name=\"robots\" content=\"index, follow, max-snippet:-1, max-image-preview:large, max-video-preview:-1\" \/>\n<link rel=\"canonical\" href=\"https:\/\/zecovalve.com\/es\/producto\/metal-seated-butterfly-valve\" \/>\n<meta property=\"og:locale\" content=\"es_ES\" \/>\n<meta property=\"og:type\" content=\"article\" \/>\n<meta property=\"og:title\" content=\"Metal Seated Butterfly Valve - Butterfly Valve Manufacturer | ZECO Valve\" \/>\n<meta property=\"og:description\" content=\"Metal seated butterfly valve is the newly-developed long-life and energy-saving products. What is a Metal Seated Butterfly Valve? A metal seated butterfly ... Leer m\u00e1s\" \/>\n<meta property=\"og:url\" content=\"https:\/\/zecovalve.com\/es\/producto\/metal-seated-butterfly-valve\" \/>\n<meta property=\"og:site_name\" content=\"ZECO Valve\" \/>\n<meta property=\"article:modified_time\" content=\"2022-07-16T08:10:36+00:00\" \/>\n<meta property=\"og:image\" content=\"https:\/\/zecovalve.com\/wp-content\/uploads\/2022\/06\/metal-seated-butterfly-valve.jpg\" \/>\n\t<meta property=\"og:image:width\" content=\"800\" \/>\n\t<meta property=\"og:image:height\" content=\"600\" \/>\n<meta name=\"twitter:card\" content=\"summary_large_image\" \/>\n<meta name=\"twitter:label1\" content=\"Escrito por\">\n\t<meta name=\"twitter:data1\" content=\"Jerry\">\n\t<meta name=\"twitter:label2\" content=\"Tiempo de lectura\">\n\t<meta name=\"twitter:data2\" content=\"2 minutos\">\n<script type=\"application\/ld+json\" class=\"yoast-schema-graph\">{\"@context\":\"https:\/\/schema.org\",\"@graph\":[{\"@type\":\"WebSite\",\"@id\":\"https:\/\/zecovalve.com\/#website\",\"url\":\"https:\/\/zecovalve.com\/\",\"name\":\"ZECO Valve\",\"description\":\"Industrial Ball Valve, Gate Valve and Globe Valve Manufacturer\",\"potentialAction\":[{\"@type\":\"SearchAction\",\"target\":\"https:\/\/zecovalve.com\/?s={search_term_string}\",\"query-input\":\"required name=search_term_string\"}],\"inLanguage\":\"es\"},{\"@type\":\"ImageObject\",\"@id\":\"https:\/\/zecovalve.com\/product\/metal-seated-butterfly-valve#primaryimage\",\"inLanguage\":\"es\",\"url\":\"https:\/\/zecovalve.com\/wp-content\/uploads\/2022\/06\/metal-seated-butterfly-valve.jpg\",\"width\":800,\"height\":600,\"caption\":\"Metal Seated Butterfly Valve\"},{\"@type\":\"WebPage\",\"@id\":\"https:\/\/zecovalve.com\/product\/metal-seated-butterfly-valve#webpage\",\"url\":\"https:\/\/zecovalve.com\/product\/metal-seated-butterfly-valve\",\"name\":\"Metal Seated Butterfly Valve - Butterfly Valve Manufacturer | ZECO Valve\",\"isPartOf\":{\"@id\":\"https:\/\/zecovalve.com\/#website\"},\"primaryImageOfPage\":{\"@id\":\"https:\/\/zecovalve.com\/product\/metal-seated-butterfly-valve#primaryimage\"},\"datePublished\":\"2022-06-19T14:13:26+00:00\",\"dateModified\":\"2022-07-16T08:10:36+00:00\",\"breadcrumb\":{\"@id\":\"https:\/\/zecovalve.com\/product\/metal-seated-butterfly-valve#breadcrumb\"},\"inLanguage\":\"es\",\"potentialAction\":[{\"@type\":\"ReadAction\",\"target\":[\"https:\/\/zecovalve.com\/product\/metal-seated-butterfly-valve\"]}]},{\"@type\":\"BreadcrumbList\",\"@id\":\"https:\/\/zecovalve.com\/product\/metal-seated-butterfly-valve#breadcrumb\",\"itemListElement\":[{\"@type\":\"ListItem\",\"position\":1,\"item\":{\"@type\":\"WebPage\",\"@id\":\"https:\/\/zecovalve.com\/\",\"url\":\"https:\/\/zecovalve.com\/\",\"name\":\"Home\"}},{\"@type\":\"ListItem\",\"position\":2,\"item\":{\"@type\":\"WebPage\",\"@id\":\"https:\/\/zecovalve.com\/product-category\",\"url\":\"https:\/\/zecovalve.com\/product-category\",\"name\":\"Industrial Valve Manufacturer | Water Valve Manufacturer\"}},{\"@type\":\"ListItem\",\"position\":3,\"item\":{\"@type\":\"WebPage\",\"@id\":\"https:\/\/zecovalve.com\/product\/metal-seated-butterfly-valve\",\"url\":\"https:\/\/zecovalve.com\/product\/metal-seated-butterfly-valve\",\"name\":\"Metal Seated Butterfly Valve\"}}]}]}<\/script>\n<!-- \/ Yoast SEO Premium plugin. -->","_links":{"self":[{"href":"https:\/\/zecovalve.com\/es\/wp-json\/wp\/v2\/product\/16145","targetHints":{"allow":["GET"]}}],"collection":[{"href":"https:\/\/zecovalve.com\/es\/wp-json\/wp\/v2\/product"}],"about":[{"href":"https:\/\/zecovalve.com\/es\/wp-json\/wp\/v2\/types\/product"}],"replies":[{"embeddable":true,"href":"https:\/\/zecovalve.com\/es\/wp-json\/wp\/v2\/comments?post=16145"}],"wp:featuredmedia":[{"embeddable":true,"href":"https:\/\/zecovalve.com\/es\/wp-json\/wp\/v2\/media\/16146"}],"wp:attachment":[{"href":"https:\/\/zecovalve.com\/es\/wp-json\/wp\/v2\/media?parent=16145"}],"wp:term":[{"taxonomy":"product_cat","embeddable":true,"href":"https:\/\/zecovalve.com\/es\/wp-json\/wp\/v2\/product_cat?post=16145"},{"taxonomy":"product_tag","embeddable":true,"href":"https:\/\/zecovalve.com\/es\/wp-json\/wp\/v2\/product_tag?post=16145"}],"curies":[{"name":"wp","href":"https:\/\/api.w.org\/{rel}","templated":true}]}}