{"id":16147,"date":"2022-06-19T14:16:02","date_gmt":"2022-06-19T14:16:02","guid":{"rendered":"https:\/\/zecovalve.com\/?post_type=product&#038;p=16147"},"modified":"2023-06-07T07:02:42","modified_gmt":"2023-06-07T07:02:42","slug":"top-entry-ball-valve","status":"publish","type":"product","link":"https:\/\/zecovalve.com\/es\/producto\/top-entry-ball-valve","title":{"rendered":"V\u00e1lvula de bola de entrada superior"},"content":{"rendered":"<p>Debido a la naturaleza distintiva de las condiciones ambientales y de operaci\u00f3n del proceso, una v\u00e1lvula de bola t\u00edpica no es suficiente y el sistema exige un alto rendimiento. Al utilizar la estructura de entrada superior, no es necesario retirar la v\u00e1lvula de bola de la l\u00ednea cuando se realiza el mantenimiento o el reemplazo del asiento, por lo que es f\u00e1cil revisar y mantener la v\u00e1lvula de bola.<\/p>\r\n\r\n\r\n\r\n<figure class=\"wp-block-image alignnone size-medium wp-image-16148\"><img loading=\"lazy\" decoding=\"async\" width=\"300\" height=\"225\" class=\"wp-image-16148\" src=\"https:\/\/zecovalve.com\/wp-content\/uploads\/2022\/06\/top-entry-ball-valve-300x225.jpg\" alt=\"V\u00e1lvula de bola de entrada superior\" srcset=\"https:\/\/zecovalve.com\/wp-content\/uploads\/2022\/06\/top-entry-ball-valve-300x225.jpg 300w, https:\/\/zecovalve.com\/wp-content\/uploads\/2022\/06\/top-entry-ball-valve-768x576.jpg 768w, https:\/\/zecovalve.com\/wp-content\/uploads\/2022\/06\/top-entry-ball-valve-600x450.jpg 600w, https:\/\/zecovalve.com\/wp-content\/uploads\/2022\/06\/top-entry-ball-valve.jpg 800w\" sizes=\"auto, (max-width: 300px) 100vw, 300px\" \/><\/figure>\r\n\r\n\r\n<div class=\"gb-button-wrapper gb-button-wrapper-6d8495a3\">\r\n\r\n\r\n<p><a class=\"gb-button gb-button-3d442e11 gb-button-text\" href=\"https:\/\/zecovalve.com\/es\/contact\/\" target=\"_blank\" rel=\"noopener noreferrer\"><strong>OBT\u00c9N EL PRECIO SUPERIOR DE V\u00c1LVULA DE BOLA DE ENTRADA<\/strong><\/a><\/p>\r\n<\/div>\r\n\r\n\r\n\r\n\r\n<h2 class=\"wp-block-heading\" id=\"h-what-is-a-top-entry-ball-valve\">\u00bfQu\u00e9 es una v\u00e1lvula de bola de entrada superior?<\/h2>\r\n\r\n\r\n\r\n<p>Las v\u00e1lvulas de bola de entrada superior son las v\u00e1lvulas que ensamblan la bola desde el extremo superior. Es bastante similar a una v\u00e1lvula de globo que tiene un cuerpo y una tapa, excepto que la parte interna usa un tipo de bola. Se compone de una sola entidad. Normalmente, las v\u00e1lvulas de bola de entrada superior est\u00e1n hechas de metal fundido.<\/p>\r\n\r\n\r\n\r\n<h2 class=\"wp-block-heading\">Construcci\u00f3n del cuerpo de la v\u00e1lvula de bola de entrada superior<\/h2>\r\n\r\n\r\n\r\n<ul class=\"wp-block-list\">\r\n<li>El dise\u00f1o del cap\u00f3 de la carrocer\u00eda presenta una construcci\u00f3n atornillada y su tama\u00f1o cumple con los requisitos establecidos en ASME VIII Div. 1<\/li>\r\n<li>La construcci\u00f3n atornillada permite el desmontaje en l\u00ednea para inspecciones y posibles reparaciones.<\/li>\r\n<li>Quitar el casquete de la v\u00e1lvula permite el libre acceso a la bola y a los asientos, que se pueden quitar simult\u00e1neamente sin necesidad de herramientas especiales de mantenimiento.<\/li>\r\n<li>Despu\u00e9s del mantenimiento, la integridad de la superficie del asiento se puede evaluar presurizando \u00fanicamente la cavidad del cuerpo, antes de cualquier represurizaci\u00f3n de la tuber\u00eda (dise\u00f1o est\u00e1ndar DPE)<\/li>\r\n<li>Drenaje del cuerpo provisto en la parte m\u00e1s baja de la cavidad del cuerpo, con una v\u00e1lvula de drenaje NPT con tap\u00f3n de seguridad.<\/li>\r\n<\/ul>\r\n\r\n\r\n\r\n<h2 class=\"wp-block-heading\">Dise\u00f1o de v\u00e1lvula de bola de entrada superior<\/h2>\r\n\r\n\r\n\r\n<ul class=\"wp-block-list\">\r\n<li>entrada superior<\/li>\r\n<li>Montado en mu\u00f1\u00f3n<\/li>\r\n<li>Operado por palanca o engranaje<\/li>\r\n<li>Asiento individual con asiento DPE<\/li>\r\n<li>Sellado de v\u00e1stago libre de grafito a prueba de fuego<\/li>\r\n<li>Conexi\u00f3n de cuerpo a cap\u00f3 con doble sellado<\/li>\r\n<li>Extremos extendidos para soldar a tope<\/li>\r\n<li>Bridas soldadas opcionales con inspecci\u00f3n radiogr\u00e1fica para soldaduras<\/li>\r\n<li>Ensayos de producci\u00f3n seg\u00fan EN 12266-1, API 598, API 6D<\/li>\r\n<li>Pruebas criog\u00e9nicas (bajo demanda): BS 6364<\/li>\r\n<\/ul>\r\n\r\n\r\n\r\n<h2 class=\"wp-block-heading\">\u00bfC\u00f3mo funciona una v\u00e1lvula de bola de entrada superior?<\/h2>\r\n\r\n\r\n\r\n<p>Las v\u00e1lvulas de bola tienen una bola que est\u00e1 sostenida en la parte inferior por un mu\u00f1\u00f3n. Cuando el orificio se coloca en la direcci\u00f3n del conducto, la v\u00e1lvula est\u00e1 en posici\u00f3n abierta, permitiendo que el fluido fluya hacia adentro. El v\u00e1stago comienza a bajar y, debido a los canales mecanizados en \u00e9l, gira 90\u00b0, lo que provoca que la bola para girar lo mismo. Luego, algunos de los canales se mecanizan en l\u00ednea recta y el v\u00e1stago no puede simplemente bajar.<\/p>\r\n\r\n\r\n\r\n<p>En este caso, debido a la superficie en \u00e1ngulo, el v\u00e1stago impulsa la bola hacia el mu\u00f1\u00f3n inferior y el asiento. La pelota s\u00f3lo golpea el asiento en esta posici\u00f3n, y no hay presi\u00f3n durante el resto del movimiento.<\/p>\r\n\r\n\r\n\r\n<p>La v\u00e1lvula de bola de entrada superior viene en dos configuraciones principales:<\/p>\r\n\r\n\r\n\r\n<p>Paso total: el tama\u00f1o del borde es el mismo para el conducto. En este caso, la v\u00e1lvula es ideal para <a href=\"https:\/\/zecovalve.com\/es\/understanding-pigging-and-pig-valves-in-industrial-pipelines-zeco-valve-blog.html\/\" data-internallinksmanager029f6b8e52c=\"12\" title=\"pigging\" target=\"_blank\" rel=\"noopener\">pigging<\/a>. Di\u00e1metro reducido: la altura del recorte es menor que el tama\u00f1o de la tuber\u00eda.<\/p>\r\n\r\n\r\n\r\n<h2 class=\"wp-block-heading\" id=\"h-features-of-top-entry-ball-valves\">Caracter\u00edsticas de las v\u00e1lvulas de bola de entrada superior<\/h2>\r\n\r\n\r\n\r\n<ul class=\"wp-block-list\">\r\n<li>Asiento de material blando, met\u00e1lico o compuesto.<\/li>\r\n<li>Cierre herm\u00e9tico bidireccional.<\/li>\r\n<li>Doble bloqueo y purga.<\/li>\r\n<li>Resistente al fuego y probado contra incendios.<\/li>\r\n<li>Dise\u00f1o de bajo par de operaci\u00f3n.<\/li>\r\n<li>Amplia gama de materiales y tama\u00f1os.<\/li>\r\n<li>Asientos con resorte.<\/li>\r\n<li>Montado en mu\u00f1\u00f3n con asientos energizados.<\/li>\r\n<li>Dise\u00f1o de v\u00e1stago anti-revent\u00f3n.<\/li>\r\n<li>Adecuado para instalaci\u00f3n sobre el suelo o bajo tierra.<\/li>\r\n<li>Asiento de material blando, met\u00e1lico o compuesto.<\/li>\r\n<li>Cuerpo de fundici\u00f3n ligero.<\/li>\r\n<li>Cierre clase V.<\/li>\r\n<li>Empaquetadura de v\u00e1stago de grafito.<\/li>\r\n<li>Dise\u00f1o forjado.<\/li>\r\n<li>No hay recorte en el flujo de vapor.<\/li>\r\n<li>Perfil c\u00f3nico para minimizar la vibraci\u00f3n inducida por el flujo.<\/li>\r\n<li>Boquilla de pulverizaci\u00f3n variable.<\/li>\r\n<\/ul>\r\n\r\n\r\n\r\n<h2 class=\"wp-block-heading\">Aplicaciones de las v\u00e1lvulas de bola de entrada superior<\/h2>\r\n\r\n\r\n\r\n<ul class=\"wp-block-list\">\r\n<li>Fluidos corrosivos<\/li>\r\n<li>Gasoductos Naturales<\/li>\r\n<li>Oleoductos<\/li>\r\n<li>refiner\u00edas<\/li>\r\n<\/ul>\r\n\r\n\r\n\r\n<h2 class=\"wp-block-heading\" id=\"h-material-of-top-entry-ball-valve\">Material de la v\u00e1lvula de bola de entrada superior:<\/h2>\r\n\r\n\r\n\r\n<figure class=\"wp-block-table\">\r\n<table>\r\n<tbody>\r\n<tr>\r\n<td>No<\/td>\r\n<td>Pieza<\/td>\r\n<td>Material<\/td>\r\n<\/tr>\r\n<tr>\r\n<td>1<\/td>\r\n<td>Cuerpo<\/td>\r\n<td>ASTM A351 CF8M<\/td>\r\n<\/tr>\r\n<tr>\r\n<td>2<\/td>\r\n<td>Cap\u00f3<\/td>\r\n<td>ASTM A351 CF8M<\/td>\r\n<\/tr>\r\n<tr>\r\n<td>3<\/td>\r\n<td>Bola<\/td>\r\n<td>ASTM A182 F316<\/td>\r\n<\/tr>\r\n<tr>\r\n<td>4<\/td>\r\n<td>Asiento<\/td>\r\n<td>ASTM A182 F316 + DEVLON<\/td>\r\n<\/tr>\r\n<tr>\r\n<td>5<\/td>\r\n<td>V\u00e1stago<\/td>\r\n<td>ASTM A276 316<\/td>\r\n<\/tr>\r\n<tr>\r\n<td>6<\/td>\r\n<td>Dispositivo antiest\u00e1tico<\/td>\r\n<td>SS316<\/td>\r\n<\/tr>\r\n<tr>\r\n<td>7<\/td>\r\n<td>Junta<\/td>\r\n<td>Grafito + SS316<\/td>\r\n<\/tr>\r\n<tr>\r\n<td>8<\/td>\r\n<td>Perno<\/td>\r\n<td>ASTM A193 B8M<\/td>\r\n<\/tr>\r\n<tr>\r\n<td>9<\/td>\r\n<td>Tuerca<\/td>\r\n<td>ASTM A194 8M<\/td>\r\n<\/tr>\r\n<tr>\r\n<td>10<\/td>\r\n<td>Junta t\u00f3rica<\/td>\r\n<td>Vit\u00f3n A<\/td>\r\n<\/tr>\r\n<tr>\r\n<td>11<\/td>\r\n<td>Engranaje<\/td>\r\n<td>Asamblea<\/td>\r\n<\/tr>\r\n<\/tbody>\r\n<\/table>\r\n<\/figure>","protected":false},"excerpt":{"rendered":"<p>Debido a la naturaleza distintiva de las condiciones ambientales y de operaci\u00f3n del proceso, una v\u00e1lvula de bola t\u00edpica no es suficiente... <a title=\"V\u00e1lvula de bola de entrada superior\" class=\"read-more\" href=\"https:\/\/zecovalve.com\/es\/producto\/top-entry-ball-valve\" aria-label=\"M\u00e1s en V\u00e1lvula de bola de entrada superior\">Leer m\u00e1s<\/a><\/p>","protected":false},"featured_media":27852,"comment_status":"closed","ping_status":"closed","template":"","meta":{"_generate-full-width-content":"","kt_blocks_editor_width":""},"product_cat":[2047,2459],"product_tag":[3896,3913],"class_list":["post-16147","product","type-product","status-publish","has-post-thumbnail","hentry","product_cat-ball-valve","product_cat-ball-valve-by-form","product_tag-flanged-ball-valve","product_tag-full-port-ball-valve","sales-flash-overlay","woocommerce-text-align-center","woocommerce-image-align-center","do-quantity-buttons"],"featured_image_src_large":["https:\/\/zecovalve.com\/wp-content\/uploads\/2022\/06\/Top-Entry-Ball-Valve-1.jpg",800,600,false],"author_info":[],"comment_info":0,"taxonomy_info":{"product_cat":[{"value":2047,"label":"Ball Valve"},{"value":2459,"label":"Ball Valve By Form"}],"product_tag":[{"value":3896,"label":"Flanged Ball Valve"},{"value":3913,"label":"Full Port Ball Valve"}]},"yoast_head":"<!-- This site is optimized with the Yoast SEO Premium plugin v15.4 - https:\/\/yoast.com\/wordpress\/plugins\/seo\/ -->\n<title>Top Entry Ball Valve - Top Entry Ball Valve Manufacturers | ZECO Valve<\/title>\n<meta name=\"robots\" content=\"index, follow, max-snippet:-1, max-image-preview:large, max-video-preview:-1\" \/>\n<link rel=\"canonical\" href=\"https:\/\/zecovalve.com\/es\/producto\/top-entry-ball-valve\" \/>\n<meta property=\"og:locale\" content=\"es_ES\" \/>\n<meta property=\"og:type\" content=\"article\" \/>\n<meta property=\"og:title\" content=\"Top Entry Ball Valve - Top Entry Ball Valve Manufacturers | ZECO Valve\" \/>\n<meta property=\"og:description\" content=\"Due to the distinctive nature of the environmental conditions and operating conditions of the process, a typical ball valve is not sufficient ... Leer m\u00e1s\" \/>\n<meta property=\"og:url\" content=\"https:\/\/zecovalve.com\/es\/producto\/top-entry-ball-valve\" \/>\n<meta property=\"og:site_name\" content=\"ZECO Valve\" \/>\n<meta property=\"article:modified_time\" content=\"2023-06-07T07:02:42+00:00\" \/>\n<meta property=\"og:image\" content=\"https:\/\/zecovalve.com\/wp-content\/uploads\/2022\/06\/Top-Entry-Ball-Valve-1.jpg\" \/>\n\t<meta property=\"og:image:width\" content=\"800\" \/>\n\t<meta property=\"og:image:height\" content=\"600\" \/>\n<meta name=\"twitter:card\" content=\"summary_large_image\" \/>\n<meta name=\"twitter:label1\" content=\"Escrito por\">\n\t<meta name=\"twitter:data1\" content=\"Jerry\">\n\t<meta name=\"twitter:label2\" content=\"Tiempo de lectura\">\n\t<meta name=\"twitter:data2\" content=\"2 minutos\">\n<script type=\"application\/ld+json\" class=\"yoast-schema-graph\">{\"@context\":\"https:\/\/schema.org\",\"@graph\":[{\"@type\":\"WebSite\",\"@id\":\"https:\/\/zecovalve.com\/#website\",\"url\":\"https:\/\/zecovalve.com\/\",\"name\":\"ZECO Valve\",\"description\":\"Industrial Ball Valve, Gate Valve and Globe Valve Manufacturer\",\"potentialAction\":[{\"@type\":\"SearchAction\",\"target\":\"https:\/\/zecovalve.com\/?s={search_term_string}\",\"query-input\":\"required name=search_term_string\"}],\"inLanguage\":\"es\"},{\"@type\":\"ImageObject\",\"@id\":\"https:\/\/zecovalve.com\/product\/top-entry-ball-valve#primaryimage\",\"inLanguage\":\"es\",\"url\":\"https:\/\/zecovalve.com\/wp-content\/uploads\/2022\/06\/Top-Entry-Ball-Valve-1.jpg\",\"width\":800,\"height\":600,\"caption\":\"Top Entry Ball Valve\"},{\"@type\":\"WebPage\",\"@id\":\"https:\/\/zecovalve.com\/product\/top-entry-ball-valve#webpage\",\"url\":\"https:\/\/zecovalve.com\/product\/top-entry-ball-valve\",\"name\":\"Top Entry Ball Valve - Top Entry Ball Valve Manufacturers | ZECO Valve\",\"isPartOf\":{\"@id\":\"https:\/\/zecovalve.com\/#website\"},\"primaryImageOfPage\":{\"@id\":\"https:\/\/zecovalve.com\/product\/top-entry-ball-valve#primaryimage\"},\"datePublished\":\"2022-06-19T14:16:02+00:00\",\"dateModified\":\"2023-06-07T07:02:42+00:00\",\"breadcrumb\":{\"@id\":\"https:\/\/zecovalve.com\/product\/top-entry-ball-valve#breadcrumb\"},\"inLanguage\":\"es\",\"potentialAction\":[{\"@type\":\"ReadAction\",\"target\":[\"https:\/\/zecovalve.com\/product\/top-entry-ball-valve\"]}]},{\"@type\":\"BreadcrumbList\",\"@id\":\"https:\/\/zecovalve.com\/product\/top-entry-ball-valve#breadcrumb\",\"itemListElement\":[{\"@type\":\"ListItem\",\"position\":1,\"item\":{\"@type\":\"WebPage\",\"@id\":\"https:\/\/zecovalve.com\/\",\"url\":\"https:\/\/zecovalve.com\/\",\"name\":\"Home\"}},{\"@type\":\"ListItem\",\"position\":2,\"item\":{\"@type\":\"WebPage\",\"@id\":\"https:\/\/zecovalve.com\/product-category\",\"url\":\"https:\/\/zecovalve.com\/product-category\",\"name\":\"Industrial Valve Manufacturer | Water Valve Manufacturer\"}},{\"@type\":\"ListItem\",\"position\":3,\"item\":{\"@type\":\"WebPage\",\"@id\":\"https:\/\/zecovalve.com\/product\/top-entry-ball-valve\",\"url\":\"https:\/\/zecovalve.com\/product\/top-entry-ball-valve\",\"name\":\"Top Entry Ball Valve\"}}]}]}<\/script>\n<!-- \/ Yoast SEO Premium plugin. -->","_links":{"self":[{"href":"https:\/\/zecovalve.com\/es\/wp-json\/wp\/v2\/product\/16147","targetHints":{"allow":["GET"]}}],"collection":[{"href":"https:\/\/zecovalve.com\/es\/wp-json\/wp\/v2\/product"}],"about":[{"href":"https:\/\/zecovalve.com\/es\/wp-json\/wp\/v2\/types\/product"}],"replies":[{"embeddable":true,"href":"https:\/\/zecovalve.com\/es\/wp-json\/wp\/v2\/comments?post=16147"}],"wp:featuredmedia":[{"embeddable":true,"href":"https:\/\/zecovalve.com\/es\/wp-json\/wp\/v2\/media\/27852"}],"wp:attachment":[{"href":"https:\/\/zecovalve.com\/es\/wp-json\/wp\/v2\/media?parent=16147"}],"wp:term":[{"taxonomy":"product_cat","embeddable":true,"href":"https:\/\/zecovalve.com\/es\/wp-json\/wp\/v2\/product_cat?post=16147"},{"taxonomy":"product_tag","embeddable":true,"href":"https:\/\/zecovalve.com\/es\/wp-json\/wp\/v2\/product_tag?post=16147"}],"curies":[{"name":"wp","href":"https:\/\/api.w.org\/{rel}","templated":true}]}}