{"id":16151,"date":"2022-06-19T14:22:43","date_gmt":"2022-06-19T14:22:43","guid":{"rendered":"https:\/\/zecovalve.com\/?post_type=product&#038;p=16151"},"modified":"2023-06-07T07:03:04","modified_gmt":"2023-06-07T07:03:04","slug":"2pc-ball-valve","status":"publish","type":"product","link":"https:\/\/zecovalve.com\/es\/producto\/2pc-ball-valve","title":{"rendered":"V\u00e1lvula de bola de 2 piezas"},"content":{"rendered":"<p>La v\u00e1lvula de bola de acero inoxidable de 2 piezas es probablemente la v\u00e1lvula de bola m\u00e1s utilizada. La v\u00e1lvula de bola de 2 piezas abrir\u00e1 o cerrar\u00e1 el flujo en la mayor\u00eda de los l\u00edquidos y gases de forma r\u00e1pida y sencilla y es adecuada para casi cualquier aplicaci\u00f3n donde se necesite una simple acci\u00f3n de encendido\/apagado.<\/p>\r\n\r\n\r\n\r\n<figure class=\"wp-block-image alignnone size-medium wp-image-16152\"><img loading=\"lazy\" decoding=\"async\" width=\"300\" height=\"225\" class=\"wp-image-16152\" src=\"https:\/\/zecovalve.com\/wp-content\/uploads\/2022\/06\/2pc-ball-vlave-300x225.jpg\" alt=\"V\u00e1lvula de bola de 2 piezas\" srcset=\"https:\/\/zecovalve.com\/wp-content\/uploads\/2022\/06\/2pc-ball-vlave-300x225.jpg 300w, https:\/\/zecovalve.com\/wp-content\/uploads\/2022\/06\/2pc-ball-vlave-768x576.jpg 768w, https:\/\/zecovalve.com\/wp-content\/uploads\/2022\/06\/2pc-ball-vlave-600x450.jpg 600w, https:\/\/zecovalve.com\/wp-content\/uploads\/2022\/06\/2pc-ball-vlave.jpg 800w\" sizes=\"auto, (max-width: 300px) 100vw, 300px\" \/><\/figure>\r\n\r\n\r\n<div class=\"gb-button-wrapper gb-button-wrapper-6d8495a3\">\r\n\r\n\r\n<p><a class=\"gb-button gb-button-3d442e11 gb-button-text\" href=\"https:\/\/zecovalve.com\/es\/contact\/\" target=\"_blank\" rel=\"noopener noreferrer\"><strong>OBT\u00c9N PRECIO DE V\u00c1LVULA DE BOLA DE 2 PIEZAS<\/strong><\/a><\/p>\r\n<\/div>\r\n\r\n\r\n\r\n\r\n<h2 class=\"wp-block-heading\" id=\"h-what-is-a-2-piece-ball-valve\">\u00bfQu\u00e9 es una v\u00e1lvula de bola de 2 piezas?<\/h2>\r\n\r\n\r\n\r\n<p>Las v\u00e1lvulas de bola de 2 piezas son algunas de las v\u00e1lvulas de bola m\u00e1s utilizadas. Como sugiere el nombre, la v\u00e1lvula de bola de dos piezas consta de dos piezas, una pieza que tiene una conexi\u00f3n final y el cuerpo. La segunda pieza encaja en la primera, mantiene la moldura en su lugar e incluye la segunda conexi\u00f3n final. Una vez instaladas, estas v\u00e1lvulas normalmente no se pueden reparar a menos que se retiren de servicio.<\/p>\r\n\r\n\r\n\r\n<p>La v\u00e1lvula de bola ZECO es la misma que la ordinaria que ajusta el resorte con el v\u00e1stago para alcanzar el prop\u00f3sito de abrir\/cerrar, se adopta principalmente para cortar el medio en la tuber\u00eda. Se caracteriza por una estructura simple, buena capacidad de sellado, flexibilidad, peque\u00f1o coeficiente de bloqueo, f\u00e1cil operaci\u00f3n, etc. ZECO es el proveedor global de v\u00e1lvulas de bola de 2 piezas, que se pueden dividir en v\u00e1lvulas de bola flotante de 2 piezas y v\u00e1lvulas de bola montadas en mu\u00f1\u00f3n de 2 piezas.<\/p>\r\n\r\n\r\n\r\n<h2 class=\"wp-block-heading\">Construcci\u00f3n de v\u00e1lvula de bola de 2 piezas<\/h2>\r\n\r\n\r\n\r\n<p>Las v\u00e1lvulas de bola est\u00e1n construidas en dos piezas y tienen una bola s\u00f3lida de paso total. Los est\u00e1ndares de dise\u00f1o relevantes son EN ISO 17292, EN 12516, ASME B16.34 y API 608.<\/p>\r\n\r\n\r\n\r\n<h2 class=\"wp-block-heading\">Aplicaciones de la v\u00e1lvula de bola de 2 piezas<\/h2>\r\n\r\n\r\n\r\n<p>Las v\u00e1lvulas de bola de 2 piezas est\u00e1n dise\u00f1adas para usarse como v\u00e1lvulas de cierre para l\u00edquidos, gases, vapores y materiales sueltos corrosivos y no corrosivos. A trav\u00e9s de las v\u00e1lvulas esf\u00e9ricas puede fluir medio en ambas direcciones.<\/p>\r\n\r\n\r\n\r\n<h2 class=\"wp-block-heading\" id=\"h-features-of-2-piece-ball-valve\">Caracter\u00edsticas de las v\u00e1lvulas de bola de 2 piezas<\/h2>\r\n\r\n\r\n\r\n<ul class=\"wp-block-list\">\r\n<li>Como las partes m\u00f3viles de la v\u00e1lvula, la bola, el v\u00e1stago de la v\u00e1lvula y la manija son una unidad de ensamblaje. La cabeza del v\u00e1stago de la v\u00e1lvula tiene forma diploide, para poder distinguir f\u00e1cilmente si la v\u00e1lvula est\u00e1 en la posici\u00f3n &quot;ON&quot; o en la posici\u00f3n de la manija. Cuando la manija o el v\u00e1stago diploide est\u00e1 paralelo al eje de la tuber\u00eda, la v\u00e1lvula est\u00e1 en la posici\u00f3n &quot;ON&quot;, cuando la manija o el v\u00e1stago diploide est\u00e1 vertical al eje de la tuber\u00eda, la v\u00e1lvula est\u00e1 en la posici\u00f3n &quot;OFF&quot;;<\/li>\r\n<li>Cuando el medio pasa por la v\u00e1lvula, la presi\u00f3n en la cavidad media sacar\u00e1 el v\u00e1stago. Para evitar que esto suceda, se dise\u00f1a una convexidad. Al mismo tiempo, se agreg\u00f3 un dispositivo lubricador, de modo que incluso si el da\u00f1o por incendio da\u00f1ara la junta t\u00f3rica, el dispositivo lubricador inyectar\u00eda aceite de sellado para evitar fugas del medio;<\/li>\r\n<li>Al operar la v\u00e1lvula, la fricci\u00f3n entre la bola y el asiento no met\u00e1lico, como PTFE, etc., producir\u00e1 una carga electrost\u00e1tica que puede acumularse en la bola. Para evitar chispas est\u00e1ticas, se coloca un dispositivo antiest\u00e1tico en las v\u00e1lvulas para derivar la carga el\u00e9ctrica acumulada en la bola desde el canal est\u00e1tico entre la bola y el v\u00e1stago, o entre el v\u00e1stago y el cuerpo de la v\u00e1lvula;<\/li>\r\n<li>Para evitar el mal funcionamiento de la v\u00e1lvula, la posici\u00f3n de apertura\/cierre puede equiparse con un dispositivo de bloqueo, especialmente cuando se utilizan en exteriores o el proceso proh\u00edbe el mal funcionamiento.<\/li>\r\n<\/ul>\r\n\r\n\r\n\r\n<h2 class=\"wp-block-heading\" id=\"h-material-of-2-piece-ball-valve\">Material de las v\u00e1lvulas de bola de 2 piezas<\/h2>\r\n\r\n\r\n\r\n<figure class=\"wp-block-table\">\r\n<table>\r\n<tbody>\r\n<tr>\r\n<td>No<\/td>\r\n<td>Pieza<\/td>\r\n<td>Material<\/td>\r\n<\/tr>\r\n<tr>\r\n<td>1<\/td>\r\n<td>Cuerpo<\/td>\r\n<td>ASTM A182 F316<\/td>\r\n<\/tr>\r\n<tr>\r\n<td>2<\/td>\r\n<td>Cap\u00f3<\/td>\r\n<td>ASTM A182 F316<\/td>\r\n<\/tr>\r\n<tr>\r\n<td>3<\/td>\r\n<td>Perno del cap\u00f3<\/td>\r\n<td>ASTM A193 B8M<\/td>\r\n<\/tr>\r\n<tr>\r\n<td>4<\/td>\r\n<td>Tuerca de sombrerete<\/td>\r\n<td>ASTM A194 8M<\/td>\r\n<\/tr>\r\n<tr>\r\n<td>5<\/td>\r\n<td>Junta del cap\u00f3<\/td>\r\n<td>Grafito +SS316<\/td>\r\n<\/tr>\r\n<tr>\r\n<td>6<\/td>\r\n<td>Anillo de asiento<\/td>\r\n<td>VITON<\/td>\r\n<\/tr>\r\n<tr>\r\n<td>7<\/td>\r\n<td>Bola<\/td>\r\n<td>ASTM A182 F316<\/td>\r\n<\/tr>\r\n<tr>\r\n<td>8<\/td>\r\n<td>V\u00e1stago<\/td>\r\n<td>ASTM A276 316<\/td>\r\n<\/tr>\r\n<tr>\r\n<td>9<\/td>\r\n<td>Empaquetadura de v\u00e1stago<\/td>\r\n<td>Grafito<\/td>\r\n<\/tr>\r\n<tr>\r\n<td>10<\/td>\r\n<td>Gl\u00e1ndula<\/td>\r\n<td>ASTM A351 CF8M<\/td>\r\n<\/tr>\r\n<tr>\r\n<td>11<\/td>\r\n<td>Collar\u00edn de parada<\/td>\r\n<td>ANSI 1025<\/td>\r\n<\/tr>\r\n<\/tbody>\r\n<\/table>\r\n<\/figure>","protected":false},"excerpt":{"rendered":"<p>La v\u00e1lvula de bola de acero inoxidable de 2 piezas es probablemente la v\u00e1lvula de bola m\u00e1s utilizada. La v\u00e1lvula de bola de 2 piezas se abrir\u00e1... <a title=\"V\u00e1lvula de bola de 2 piezas\" class=\"read-more\" href=\"https:\/\/zecovalve.com\/es\/producto\/2pc-ball-valve\" aria-label=\"M\u00e1s en V\u00e1lvula de bola de 2 piezas\">Leer m\u00e1s<\/a><\/p>","protected":false},"featured_media":27853,"comment_status":"closed","ping_status":"closed","template":"","meta":{"_generate-full-width-content":"","kt_blocks_editor_width":""},"product_cat":[2047,2465],"product_tag":[2655,2804,2656],"class_list":["post-16151","product","type-product","status-publish","has-post-thumbnail","hentry","product_cat-ball-valve","product_cat-forged-steel-ball-valve","product_tag-1-2-ball-valve","product_tag-2-inch-ball-valve","product_tag-3-4-ball-valve","sales-flash-overlay","woocommerce-text-align-center","woocommerce-image-align-center","do-quantity-buttons"],"featured_image_src_large":["https:\/\/zecovalve.com\/wp-content\/uploads\/2022\/06\/2-Piece-Ball-Valve.jpg",800,600,false],"author_info":[],"comment_info":0,"taxonomy_info":{"product_cat":[{"value":2047,"label":"Ball Valve"},{"value":2465,"label":"Forged Ball Valve"}],"product_tag":[{"value":2655,"label":"1 2 ball valve"},{"value":2804,"label":"2 inch Ball Valve"},{"value":2656,"label":"3 4 ball valve"}]},"yoast_head":"<!-- This site is optimized with the Yoast SEO Premium plugin v15.4 - https:\/\/yoast.com\/wordpress\/plugins\/seo\/ -->\n<title>Ball Valve 2 Piece - 2 Piece Ball Valve Manufacturer | ZECO Valve<\/title>\n<meta name=\"robots\" content=\"index, follow, max-snippet:-1, max-image-preview:large, max-video-preview:-1\" \/>\n<link rel=\"canonical\" href=\"https:\/\/zecovalve.com\/es\/producto\/2pc-ball-valve\" \/>\n<meta property=\"og:locale\" content=\"es_ES\" \/>\n<meta property=\"og:type\" content=\"article\" \/>\n<meta property=\"og:title\" content=\"Ball Valve 2 Piece - 2 Piece Ball Valve Manufacturer | ZECO Valve\" \/>\n<meta property=\"og:description\" content=\"The 2 piece stainless steel ball valve is probably the most widely used ball valve. The 2 piece ball valve will open ... Leer m\u00e1s\" \/>\n<meta property=\"og:url\" content=\"https:\/\/zecovalve.com\/es\/producto\/2pc-ball-valve\" \/>\n<meta property=\"og:site_name\" content=\"ZECO Valve\" \/>\n<meta property=\"article:modified_time\" content=\"2023-06-07T07:03:04+00:00\" \/>\n<meta property=\"og:image\" content=\"https:\/\/zecovalve.com\/wp-content\/uploads\/2022\/06\/2-Piece-Ball-Valve.jpg\" \/>\n\t<meta property=\"og:image:width\" content=\"800\" \/>\n\t<meta property=\"og:image:height\" content=\"600\" \/>\n<meta name=\"twitter:card\" content=\"summary_large_image\" \/>\n<meta name=\"twitter:label1\" content=\"Escrito por\">\n\t<meta name=\"twitter:data1\" content=\"Jerry\">\n\t<meta name=\"twitter:label2\" content=\"Tiempo de lectura\">\n\t<meta name=\"twitter:data2\" content=\"2 minutos\">\n<script type=\"application\/ld+json\" class=\"yoast-schema-graph\">{\"@context\":\"https:\/\/schema.org\",\"@graph\":[{\"@type\":\"WebSite\",\"@id\":\"https:\/\/zecovalve.com\/#website\",\"url\":\"https:\/\/zecovalve.com\/\",\"name\":\"ZECO Valve\",\"description\":\"Industrial Ball Valve, Gate Valve and Globe Valve Manufacturer\",\"potentialAction\":[{\"@type\":\"SearchAction\",\"target\":\"https:\/\/zecovalve.com\/?s={search_term_string}\",\"query-input\":\"required name=search_term_string\"}],\"inLanguage\":\"es\"},{\"@type\":\"ImageObject\",\"@id\":\"https:\/\/zecovalve.com\/product\/2pc-ball-valve#primaryimage\",\"inLanguage\":\"es\",\"url\":\"https:\/\/zecovalve.com\/wp-content\/uploads\/2022\/06\/2-Piece-Ball-Valve.jpg\",\"width\":800,\"height\":600,\"caption\":\"2 Piece Ball Valve\"},{\"@type\":\"WebPage\",\"@id\":\"https:\/\/zecovalve.com\/product\/2pc-ball-valve#webpage\",\"url\":\"https:\/\/zecovalve.com\/product\/2pc-ball-valve\",\"name\":\"Ball Valve 2 Piece - 2 Piece Ball Valve Manufacturer | ZECO Valve\",\"isPartOf\":{\"@id\":\"https:\/\/zecovalve.com\/#website\"},\"primaryImageOfPage\":{\"@id\":\"https:\/\/zecovalve.com\/product\/2pc-ball-valve#primaryimage\"},\"datePublished\":\"2022-06-19T14:22:43+00:00\",\"dateModified\":\"2023-06-07T07:03:04+00:00\",\"breadcrumb\":{\"@id\":\"https:\/\/zecovalve.com\/product\/2pc-ball-valve#breadcrumb\"},\"inLanguage\":\"es\",\"potentialAction\":[{\"@type\":\"ReadAction\",\"target\":[\"https:\/\/zecovalve.com\/product\/2pc-ball-valve\"]}]},{\"@type\":\"BreadcrumbList\",\"@id\":\"https:\/\/zecovalve.com\/product\/2pc-ball-valve#breadcrumb\",\"itemListElement\":[{\"@type\":\"ListItem\",\"position\":1,\"item\":{\"@type\":\"WebPage\",\"@id\":\"https:\/\/zecovalve.com\/\",\"url\":\"https:\/\/zecovalve.com\/\",\"name\":\"Home\"}},{\"@type\":\"ListItem\",\"position\":2,\"item\":{\"@type\":\"WebPage\",\"@id\":\"https:\/\/zecovalve.com\/product-category\",\"url\":\"https:\/\/zecovalve.com\/product-category\",\"name\":\"Industrial Valve Manufacturer | Water Valve Manufacturer\"}},{\"@type\":\"ListItem\",\"position\":3,\"item\":{\"@type\":\"WebPage\",\"@id\":\"https:\/\/zecovalve.com\/product\/2pc-ball-valve\",\"url\":\"https:\/\/zecovalve.com\/product\/2pc-ball-valve\",\"name\":\"2 Piece Ball Valve\"}}]}]}<\/script>\n<!-- \/ Yoast SEO Premium plugin. -->","_links":{"self":[{"href":"https:\/\/zecovalve.com\/es\/wp-json\/wp\/v2\/product\/16151","targetHints":{"allow":["GET"]}}],"collection":[{"href":"https:\/\/zecovalve.com\/es\/wp-json\/wp\/v2\/product"}],"about":[{"href":"https:\/\/zecovalve.com\/es\/wp-json\/wp\/v2\/types\/product"}],"replies":[{"embeddable":true,"href":"https:\/\/zecovalve.com\/es\/wp-json\/wp\/v2\/comments?post=16151"}],"wp:featuredmedia":[{"embeddable":true,"href":"https:\/\/zecovalve.com\/es\/wp-json\/wp\/v2\/media\/27853"}],"wp:attachment":[{"href":"https:\/\/zecovalve.com\/es\/wp-json\/wp\/v2\/media?parent=16151"}],"wp:term":[{"taxonomy":"product_cat","embeddable":true,"href":"https:\/\/zecovalve.com\/es\/wp-json\/wp\/v2\/product_cat?post=16151"},{"taxonomy":"product_tag","embeddable":true,"href":"https:\/\/zecovalve.com\/es\/wp-json\/wp\/v2\/product_tag?post=16151"}],"curies":[{"name":"wp","href":"https:\/\/api.w.org\/{rel}","templated":true}]}}