{"id":16155,"date":"2022-06-19T14:28:37","date_gmt":"2022-06-19T14:28:37","guid":{"rendered":"https:\/\/zecovalve.com\/?post_type=product&#038;p=16155"},"modified":"2023-06-07T14:00:52","modified_gmt":"2023-06-07T14:00:52","slug":"through-conduit-gate-valve","status":"publish","type":"product","link":"https:\/\/zecovalve.com\/es\/producto\/through-conduit-gate-valve","title":{"rendered":"V\u00e1lvula de compuerta pasante"},"content":{"rendered":"<p>ZECO Valve fabrica algunas de las v\u00e1lvulas de compuerta de conducto de acero fundido m\u00e1s confiables de la industria.<\/p>\r\n\r\n\r\n\r\n<figure class=\"wp-block-image alignnone size-medium wp-image-17929\"><img loading=\"lazy\" decoding=\"async\" width=\"300\" height=\"225\" class=\"wp-image-17929\" src=\"https:\/\/zecovalve.com\/wp-content\/uploads\/2022\/06\/Through-Conduit-Gate-Valve-1-300x225.jpg\" alt=\"V\u00e1lvula de compuerta pasante\" srcset=\"https:\/\/zecovalve.com\/wp-content\/uploads\/2022\/06\/Through-Conduit-Gate-Valve-1-300x225.jpg 300w, https:\/\/zecovalve.com\/wp-content\/uploads\/2022\/06\/Through-Conduit-Gate-Valve-1-768x576.jpg 768w, https:\/\/zecovalve.com\/wp-content\/uploads\/2022\/06\/Through-Conduit-Gate-Valve-1-600x450.jpg 600w, https:\/\/zecovalve.com\/wp-content\/uploads\/2022\/06\/Through-Conduit-Gate-Valve-1.jpg 800w\" sizes=\"auto, (max-width: 300px) 100vw, 300px\" \/><\/figure>\r\n\r\n\r\n<div class=\"gb-button-wrapper gb-button-wrapper-6d8495a3\">\r\n\r\n\r\n<p><a class=\"gb-button gb-button-3d442e11 gb-button-text\" href=\"https:\/\/zecovalve.com\/es\/contact\/\" target=\"_blank\" rel=\"noopener noreferrer\"><strong>OBTENER PRECIO DE V\u00c1LVULA DE PUERTA DE CONDUCTO<\/strong><\/a><\/p>\r\n<\/div>\r\n\r\n\r\n\r\n\r\n<h2 class=\"wp-block-heading\" id=\"h-what-is-a-through-conduit-gate-valve\">\u00bfQu\u00e9 es una v\u00e1lvula de compuerta pasante por conducto?<\/h2>\r\n\r\n\r\n\r\n<p>Las v\u00e1lvulas de compuerta pasante son v\u00e1lvulas de aislamiento dise\u00f1adas para cerrar completamente el flujo del medio de trabajo. Se pueden utilizar para temperaturas de hasta 200\u00b0C. Si las v\u00e1lvulas de compuerta se utilizan para regular o estrangular, el fabricante no garantiza la estanqueidad. Las v\u00e1lvulas de compuerta son v\u00e1lvulas raspables de paso total con un coeficiente de resistencia al flujo igual al de la tuber\u00eda. Por lo tanto, son adecuados especialmente para sistemas de tuber\u00edas de larga distancia.<\/p>\r\n\r\n\r\n\r\n<p>La v\u00e1lvula de compuerta de conducto pasante ZECO es una v\u00e1lvula de tuber\u00eda recta. El dise\u00f1o es ideal para minimizar la ca\u00edda de presi\u00f3n y evitar la acumulaci\u00f3n de materiales externos como lodo en la c\u00e1mara de la v\u00e1lvula. Este tipo de v\u00e1lvula se usa ampliamente en el transporte de petr\u00f3leo y gas y cumple con el est\u00e1ndar API 6D. La v\u00e1lvula de compuerta pasante por conducto ZECO est\u00e1 disponible en tres tipos: con orificio de desv\u00edo, sin orificio de desv\u00edo y con estructura de ajuste. La presi\u00f3n var\u00eda de 150 lb a 900 lb y el tama\u00f1o var\u00eda de 1 pulgada a 48 pulgadas. Como empresa de alta tecnolog\u00eda en China, ZECO se compromete a crear la marca ZECO a trav\u00e9s de la tecnolog\u00eda y la innovaci\u00f3n, y creemos que tenemos la capacidad de desarrollar y producir productos de clase mundial para competir con marcas internacionales.<\/p>\r\n\r\n\r\n\r\n<h2 class=\"wp-block-heading\">Est\u00e1ndares de dise\u00f1o y fabricaci\u00f3n de v\u00e1lvulas de compuerta pasante por conducto<\/h2>\r\n\r\n\r\n\r\n<p>Ambos dise\u00f1os utilizan conexiones finales bridadas y soldadas a tope, y se fabrican y prueban de acuerdo con API 6D. La capacidad de flujo bidireccional de puerto completo minimiza la ca\u00edda de presi\u00f3n y la turbulencia.<\/p>\r\n\r\n\r\n\r\n<figure class=\"wp-block-table is-style-stripes\">\r\n<table>\r\n<tbody>\r\n<tr>\r\n<td>Dise\u00f1o b\u00e1sico<\/td>\r\n<td>API 6D<\/td>\r\n<\/tr>\r\n<tr>\r\n<td>Dimensi\u00f3n cara a cara<\/td>\r\n<td>ANSI B16.10<\/td>\r\n<\/tr>\r\n<tr>\r\n<td>Dimensi\u00f3n del extremo de la brida<\/td>\r\n<td>ANSI\/ASME B16.5 (2\u201d a 24\u201d) ANSI\/ASME B16.47 y MSS SP-44 (26\u201d y superiores)<\/td>\r\n<\/tr>\r\n<tr>\r\n<td>Dimensi\u00f3n del extremo de soldadura a tope<\/td>\r\n<td>ANSI\/ASME B16.25<\/td>\r\n<\/tr>\r\n<tr>\r\n<td>Inspecci\u00f3n y pruebas<\/td>\r\n<td>API 6D<\/td>\r\n<\/tr>\r\n<tr>\r\n<td>Dise\u00f1o a prueba de incendios<\/td>\r\n<td>API 6FA<\/td>\r\n<\/tr>\r\n<\/tbody>\r\n<\/table>\r\n<\/figure>\r\n\r\n\r\n\r\n<h2 class=\"wp-block-heading\">Tipos de v\u00e1lvulas de compuerta de conducto pasante<\/h2>\r\n\r\n\r\n\r\n<h3 class=\"wp-block-heading\">Doble bloqueo y purga (DBB)<\/h3>\r\n\r\n\r\n\r\n<p>Las v\u00e1lvulas con dos superficies de asiento en la posici\u00f3n cerrada bloquean el flujo desde ambos extremos de la v\u00e1lvula y permiten que la cavidad entre las superficies de asiento se ventile a trav\u00e9s de una conexi\u00f3n de purga provista en la cavidad del cuerpo. En caso de que ambos asientos est\u00e9n apretados, DBB proporciona drenaje de la cavidad del cuerpo y reducci\u00f3n de presi\u00f3n. Por lo tanto, ser\u00e1 posible monitorear el desempe\u00f1o de los asientos de v\u00e1lvulas y brindar un ambiente seguro para trabajar al otro lado de la l\u00ednea.<\/p>\r\n\r\n\r\n\r\n<h3 class=\"wp-block-heading\">Purga de doble aislamiento (DIB)<\/h3>\r\n\r\n\r\n\r\n<p>Esto tambi\u00e9n permitir\u00e1 drenar la cavidad de la v\u00e1lvula y reducir la presi\u00f3n. Sin embargo, si se libera la presi\u00f3n en el lado de aguas arriba y el fluido atrapado en la cavidad del cuerpo aumenta debido a cambios t\u00e9rmicos, se produce el drenaje hacia el lado de aguas arriba. Este es un dise\u00f1o importante para las v\u00e1lvulas de bloqueo de tuber\u00edas. Se debe realizar una selecci\u00f3n correcta seg\u00fan el tipo de aplicaci\u00f3n.<\/p>\r\n\r\n\r\n\r\n<h2 class=\"wp-block-heading\">Aplicaciones de las v\u00e1lvulas de compuerta pasante por conducto<\/h2>\r\n\r\n\r\n\r\n<p>Las v\u00e1lvulas de compuerta pasante por conducto se utilizan en aplicaciones como plataformas marinas, terminales terrestres y l\u00edneas de transmisi\u00f3n.<\/p>\r\n\r\n\r\n\r\n<p>Los tipos de medios com\u00fanmente utilizados en estas aplicaciones son: l\u00edquidos no corrosivos, gas, agua, servicio amargo, l\u00edquidos de hidrocarburos o gas.<\/p>\r\n\r\n\r\n\r\n<h2 class=\"wp-block-heading\" id=\"h-features-of-through-conduit-gate-valves\">Caracter\u00edsticas de las v\u00e1lvulas de compuerta pasante por conducto<\/h2>\r\n\r\n\r\n\r\n<ul class=\"wp-block-list\">\r\n<li>Estrangulamiento eficiente con m\u00ednimo estiramiento o erosi\u00f3n del disco o asiento.<\/li>\r\n<li>Corto recorrido del disco y pocas vueltas para accionarlos, lo que reduce el tiempo y el desgaste de la potencia y el cap\u00f3.<\/li>\r\n<li>Control preciso del tr\u00e1fico.<\/li>\r\n<li>Disponible con m\u00faltiples taladros.<\/li>\r\n<\/ul>\r\n\r\n\r\n\r\n<h2 class=\"wp-block-heading\" id=\"h-material-of-through-conduit-gate-valve\">Material de la v\u00e1lvula de compuerta de conducto pasante:<\/h2>\r\n\r\n\r\n\r\n<figure class=\"wp-block-table\">\r\n<table>\r\n<tbody>\r\n<tr>\r\n<td>No<\/td>\r\n<td>Pieza<\/td>\r\n<td>Material<\/td>\r\n<\/tr>\r\n<tr>\r\n<td>1<\/td>\r\n<td>Cuerpo<\/td>\r\n<td>ASTM A216 WCB<\/td>\r\n<\/tr>\r\n<tr>\r\n<td>2<\/td>\r\n<td>Asiento<\/td>\r\n<td>ASTM A105 + PTFE<\/td>\r\n<\/tr>\r\n<tr>\r\n<td>3<\/td>\r\n<td>Cu\u00f1a<\/td>\r\n<td>ASTM A105<\/td>\r\n<\/tr>\r\n<tr>\r\n<td>4<\/td>\r\n<td>V\u00e1stago<\/td>\r\n<td>ASTM A182 F6a<\/td>\r\n<\/tr>\r\n<tr>\r\n<td>5<\/td>\r\n<td>Junta<\/td>\r\n<td>Grafito + SS304<\/td>\r\n<\/tr>\r\n<tr>\r\n<td>6<\/td>\r\n<td>Perno del cap\u00f3<\/td>\r\n<td>ASTM A193 B7<\/td>\r\n<\/tr>\r\n<tr>\r\n<td>7<\/td>\r\n<td>Tuerca de sombrerete<\/td>\r\n<td>ASTM A194 2H<\/td>\r\n<\/tr>\r\n<tr>\r\n<td>8<\/td>\r\n<td>Cap\u00f3<\/td>\r\n<td>ASTM A216 WCB<\/td>\r\n<\/tr>\r\n<tr>\r\n<td>9<\/td>\r\n<td>Embalaje superior<\/td>\r\n<td>PTFE<\/td>\r\n<\/tr>\r\n<tr>\r\n<td>10<\/td>\r\n<td>Embalaje inferior<\/td>\r\n<td>PTFE<\/td>\r\n<\/tr>\r\n<tr>\r\n<td>11<\/td>\r\n<td>Volante<\/td>\r\n<td>ASTM A536-60-40-18<\/td>\r\n<\/tr>\r\n<\/tbody>\r\n<\/table>\r\n<\/figure>","protected":false},"excerpt":{"rendered":"<p>ZECO Valve fabrica algunas de las v\u00e1lvulas de compuerta de conducto de acero fundido m\u00e1s confiables de la industria. \u00bfQu\u00e9 es un conducto pasante?... <a title=\"V\u00e1lvula de compuerta pasante\" class=\"read-more\" href=\"https:\/\/zecovalve.com\/es\/producto\/through-conduit-gate-valve\" aria-label=\"M\u00e1s en V\u00e1lvula de compuerta pasante por conducto\">Leer m\u00e1s<\/a><\/p>","protected":false},"featured_media":27874,"comment_status":"closed","ping_status":"closed","template":"","meta":{"_generate-full-width-content":"","kt_blocks_editor_width":""},"product_cat":[2052,2456],"product_tag":[2798],"class_list":["post-16155","product","type-product","status-publish","has-post-thumbnail","hentry","product_cat-gate-valve","product_cat-gate-valve-by-form","product_tag-osy-valve","sales-flash-overlay","woocommerce-text-align-center","woocommerce-image-align-center","do-quantity-buttons"],"featured_image_src_large":["https:\/\/zecovalve.com\/wp-content\/uploads\/2022\/06\/Through-Conduit-Gate-Valve-2.jpg",800,600,false],"author_info":[],"comment_info":0,"taxonomy_info":{"product_cat":[{"value":2052,"label":"Gate Valve"},{"value":2456,"label":"Gate Valve By Form"}],"product_tag":[{"value":2798,"label":"OS&amp;Y Valve"}]},"yoast_head":"<!-- This site is optimized with the Yoast SEO Premium plugin v15.4 - https:\/\/yoast.com\/wordpress\/plugins\/seo\/ -->\n<title>Through Conduit Gate Valve - Gate Valve Manufacturer | ZECO Valve<\/title>\n<meta name=\"robots\" content=\"index, follow, max-snippet:-1, max-image-preview:large, max-video-preview:-1\" \/>\n<link rel=\"canonical\" href=\"https:\/\/zecovalve.com\/es\/producto\/through-conduit-gate-valve\" \/>\n<meta property=\"og:locale\" content=\"es_ES\" \/>\n<meta property=\"og:type\" content=\"article\" \/>\n<meta property=\"og:title\" content=\"Through Conduit Gate Valve - Gate Valve Manufacturer | ZECO Valve\" \/>\n<meta property=\"og:description\" content=\"ZECO Valve \u200bmanufactures some of the most dependable cast steel Though Conduit Gate Valves in the industry. What is a Through Conduit ... Leer m\u00e1s\" \/>\n<meta property=\"og:url\" content=\"https:\/\/zecovalve.com\/es\/producto\/through-conduit-gate-valve\" \/>\n<meta property=\"og:site_name\" content=\"ZECO Valve\" \/>\n<meta property=\"article:modified_time\" content=\"2023-06-07T14:00:52+00:00\" \/>\n<meta property=\"og:image\" content=\"https:\/\/zecovalve.com\/wp-content\/uploads\/2022\/06\/Through-Conduit-Gate-Valve-2.jpg\" \/>\n\t<meta property=\"og:image:width\" content=\"800\" \/>\n\t<meta property=\"og:image:height\" content=\"600\" \/>\n<meta name=\"twitter:card\" content=\"summary_large_image\" \/>\n<meta name=\"twitter:label1\" content=\"Escrito por\">\n\t<meta name=\"twitter:data1\" content=\"Jerry\">\n\t<meta name=\"twitter:label2\" content=\"Tiempo de lectura\">\n\t<meta name=\"twitter:data2\" content=\"2 minutos\">\n<script type=\"application\/ld+json\" class=\"yoast-schema-graph\">{\"@context\":\"https:\/\/schema.org\",\"@graph\":[{\"@type\":\"WebSite\",\"@id\":\"https:\/\/zecovalve.com\/#website\",\"url\":\"https:\/\/zecovalve.com\/\",\"name\":\"ZECO Valve\",\"description\":\"Industrial Ball Valve, Gate Valve and Globe Valve Manufacturer\",\"potentialAction\":[{\"@type\":\"SearchAction\",\"target\":\"https:\/\/zecovalve.com\/?s={search_term_string}\",\"query-input\":\"required name=search_term_string\"}],\"inLanguage\":\"es\"},{\"@type\":\"ImageObject\",\"@id\":\"https:\/\/zecovalve.com\/product\/through-conduit-gate-valve#primaryimage\",\"inLanguage\":\"es\",\"url\":\"https:\/\/zecovalve.com\/wp-content\/uploads\/2022\/06\/Through-Conduit-Gate-Valve-2.jpg\",\"width\":800,\"height\":600,\"caption\":\"Through Conduit Gate Valve\"},{\"@type\":\"WebPage\",\"@id\":\"https:\/\/zecovalve.com\/product\/through-conduit-gate-valve#webpage\",\"url\":\"https:\/\/zecovalve.com\/product\/through-conduit-gate-valve\",\"name\":\"Through Conduit Gate Valve - Gate Valve Manufacturer | ZECO Valve\",\"isPartOf\":{\"@id\":\"https:\/\/zecovalve.com\/#website\"},\"primaryImageOfPage\":{\"@id\":\"https:\/\/zecovalve.com\/product\/through-conduit-gate-valve#primaryimage\"},\"datePublished\":\"2022-06-19T14:28:37+00:00\",\"dateModified\":\"2023-06-07T14:00:52+00:00\",\"breadcrumb\":{\"@id\":\"https:\/\/zecovalve.com\/product\/through-conduit-gate-valve#breadcrumb\"},\"inLanguage\":\"es\",\"potentialAction\":[{\"@type\":\"ReadAction\",\"target\":[\"https:\/\/zecovalve.com\/product\/through-conduit-gate-valve\"]}]},{\"@type\":\"BreadcrumbList\",\"@id\":\"https:\/\/zecovalve.com\/product\/through-conduit-gate-valve#breadcrumb\",\"itemListElement\":[{\"@type\":\"ListItem\",\"position\":1,\"item\":{\"@type\":\"WebPage\",\"@id\":\"https:\/\/zecovalve.com\/\",\"url\":\"https:\/\/zecovalve.com\/\",\"name\":\"Home\"}},{\"@type\":\"ListItem\",\"position\":2,\"item\":{\"@type\":\"WebPage\",\"@id\":\"https:\/\/zecovalve.com\/product-category\",\"url\":\"https:\/\/zecovalve.com\/product-category\",\"name\":\"Industrial Valve Manufacturer | Water Valve Manufacturer\"}},{\"@type\":\"ListItem\",\"position\":3,\"item\":{\"@type\":\"WebPage\",\"@id\":\"https:\/\/zecovalve.com\/product\/through-conduit-gate-valve\",\"url\":\"https:\/\/zecovalve.com\/product\/through-conduit-gate-valve\",\"name\":\"Through Conduit Gate Valve\"}}]}]}<\/script>\n<!-- \/ Yoast SEO Premium plugin. -->","_links":{"self":[{"href":"https:\/\/zecovalve.com\/es\/wp-json\/wp\/v2\/product\/16155","targetHints":{"allow":["GET"]}}],"collection":[{"href":"https:\/\/zecovalve.com\/es\/wp-json\/wp\/v2\/product"}],"about":[{"href":"https:\/\/zecovalve.com\/es\/wp-json\/wp\/v2\/types\/product"}],"replies":[{"embeddable":true,"href":"https:\/\/zecovalve.com\/es\/wp-json\/wp\/v2\/comments?post=16155"}],"wp:featuredmedia":[{"embeddable":true,"href":"https:\/\/zecovalve.com\/es\/wp-json\/wp\/v2\/media\/27874"}],"wp:attachment":[{"href":"https:\/\/zecovalve.com\/es\/wp-json\/wp\/v2\/media?parent=16155"}],"wp:term":[{"taxonomy":"product_cat","embeddable":true,"href":"https:\/\/zecovalve.com\/es\/wp-json\/wp\/v2\/product_cat?post=16155"},{"taxonomy":"product_tag","embeddable":true,"href":"https:\/\/zecovalve.com\/es\/wp-json\/wp\/v2\/product_tag?post=16155"}],"curies":[{"name":"wp","href":"https:\/\/api.w.org\/{rel}","templated":true}]}}