{"id":16157,"date":"2022-06-19T14:31:25","date_gmt":"2022-06-19T14:31:25","guid":{"rendered":"https:\/\/zecovalve.com\/?post_type=product&#038;p=16157"},"modified":"2023-06-07T07:03:30","modified_gmt":"2023-06-07T07:03:30","slug":"12-inch-ball-valve","status":"publish","type":"product","link":"https:\/\/zecovalve.com\/es\/producto\/12-inch-ball-valve","title":{"rendered":"V\u00e1lvula de bola de 12 pulgadas"},"content":{"rendered":"<p>Las v\u00e1lvulas de bola de 12 pulgadas son normalmente v\u00e1lvulas de bola de mu\u00f1\u00f3n, v\u00e1lvulas de bola de entrada lateral o v\u00e1lvulas de bola de entrada superior; El dise\u00f1o, la fabricaci\u00f3n y las pruebas cumplen estrictamente con el est\u00e1ndar API 6D\/API 598.<\/p>\r\n\r\n\r\n\r\n<figure class=\"wp-block-image alignnone size-medium wp-image-16158\">\r\n<p><img loading=\"lazy\" decoding=\"async\" class=\"wp-image-27831 size-medium\" src=\"https:\/\/zecovalve.com\/wp-content\/uploads\/2022\/06\/12-inch-Ball-Valve-3-300x300.jpg\" alt=\"V\u00e1lvula de bola de 12 pulgadas\" width=\"300\" height=\"300\" srcset=\"https:\/\/zecovalve.com\/wp-content\/uploads\/2022\/06\/12-inch-Ball-Valve-3-300x300.jpg 300w, https:\/\/zecovalve.com\/wp-content\/uploads\/2022\/06\/12-inch-Ball-Valve-3-150x150.jpg 150w, https:\/\/zecovalve.com\/wp-content\/uploads\/2022\/06\/12-inch-Ball-Valve-3-400x400.jpg 400w, https:\/\/zecovalve.com\/wp-content\/uploads\/2022\/06\/12-inch-Ball-Valve-3-100x100.jpg 100w, https:\/\/zecovalve.com\/wp-content\/uploads\/2022\/06\/12-inch-Ball-Valve-3.jpg 600w\" sizes=\"auto, (max-width: 300px) 100vw, 300px\" \/><\/p>\r\n<\/figure>\r\n\r\n\r\n<div class=\"gb-button-wrapper gb-button-wrapper-6d8495a3\">\r\n\r\n\r\n<p><a class=\"gb-button gb-button-3d442e11 gb-button-text\" href=\"https:\/\/zecovalve.com\/es\/contact\/\" target=\"_blank\" rel=\"noopener noreferrer\"><strong>OBT\u00c9N PRECIO DE V\u00c1LVULA DE BOLA DE 12 pulgadas<\/strong><\/a><\/p>\r\n<\/div>\r\n\r\n\r\n\r\n\r\n<h2 class=\"wp-block-heading\" id=\"h-what-is-12-inch-ball-valve\">\u00bfQu\u00e9 es la v\u00e1lvula de bola de 12 \u2033 pulgadas?<\/h2>\r\n\r\n\r\n\r\n<p>La v\u00e1lvula de bola ZECO de 12 pulgadas puede elegir una v\u00e1lvula de bola flotante, una v\u00e1lvula de bola montada en mu\u00f1\u00f3n o una v\u00e1lvula de bola de entrada superior. Como una de las \u00fanicas bolas. <a href=\"https:\/\/zecovalve.com\/es\/\" data-internallinksmanager029f6b8e52c=\"9\" title=\"fabricante de v\u00e1lvulas industriales\" target=\"_blank\" rel=\"noopener\">fabricantes de v\u00e1lvulas en China<\/a> Con una historia de casi 30 a\u00f1os, ZECO, con la misi\u00f3n hist\u00f3rica de innovaci\u00f3n continua e innovaci\u00f3n tecnol\u00f3gica, envi\u00f3 con \u00e9xito los productos de v\u00e1lvulas de bola de ZECO a una despu\u00e9s de compa\u00f1\u00edas petroleras, plataformas marinas y proyectos industriales, y fue plenamente reconocido por los propietarios. ZECO se dedica a la investigaci\u00f3n y desarrollo del rendimiento de productos y a la investigaci\u00f3n y desarrollo de materiales de productos y est\u00e1 comprometido a construir un fabricante chino de v\u00e1lvulas de renombre internacional.<\/p>\r\n\r\n\r\n\r\n<h2 class=\"wp-block-heading\">Dimensiones y peso de la v\u00e1lvula de bola de 12 pulgadas<\/h2>\r\n\r\n\r\n\r\n<table border=\"=1\" width=\"800\">\r\n<tbody>\r\n<tr>\r\n<td rowspan=\"2\">Presi\u00f3n nominal<\/td>\r\n<td>Taladro<\/td>\r\n<td colspan=\"3\">\u00a0Dimensi\u00f3n cara a cara (en mm)<\/td>\r\n<td>Peso<\/td>\r\n<\/tr>\r\n<tr>\r\n<td>(en mm)<\/td>\r\n<td>RF<\/td>\r\n<td>BW<\/td>\r\n<td>RTJ<\/td>\r\n<td>kg<\/td>\r\n<\/tr>\r\n<tr>\r\n<td>CLASE 150<\/td>\r\n<td>303<\/td>\r\n<td>610<\/td>\r\n<td>635<\/td>\r\n<td>622<\/td>\r\n<td>596<\/td>\r\n<\/tr>\r\n<tr>\r\n<td>CLASE 300<\/td>\r\n<td>303<\/td>\r\n<td>648<\/td>\r\n<td>635<\/td>\r\n<td>664<\/td>\r\n<td>658<\/td>\r\n<\/tr>\r\n<tr>\r\n<td>CLASE 600<\/td>\r\n<td>303<\/td>\r\n<td>838<\/td>\r\n<td>838<\/td>\r\n<td>841<\/td>\r\n<td>1075<\/td>\r\n<\/tr>\r\n<tr>\r\n<td>CLASE 900<\/td>\r\n<td>303<\/td>\r\n<td>965<\/td>\r\n<td>965<\/td>\r\n<td>968<\/td>\r\n<td>1378<\/td>\r\n<\/tr>\r\n<tr>\r\n<td>CLASE 1500<\/td>\r\n<td>287<\/td>\r\n<td>1130<\/td>\r\n<td>1130<\/td>\r\n<td>1146<\/td>\r\n<td>2348<\/td>\r\n<\/tr>\r\n<tr>\r\n<td>CLASE 2500<\/td>\r\n<td>265<\/td>\r\n<td>1422<\/td>\r\n<td>1422<\/td>\r\n<td>1445<\/td>\r\n<td>3500<\/td>\r\n<\/tr>\r\n<\/tbody>\r\n<\/table>\r\n\r\n\r\n\r\n<h2 class=\"wp-block-heading\" id=\"specification-of-6-gate-valve\">Especificaci\u00f3n de la v\u00e1lvula de bola de 12 \u2033<\/h2>\r\n\r\n\r\n\r\n<figure class=\"wp-block-table\">\r\n<table>\r\n<tbody>\r\n<tr>\r\n<td>Confirma el dise\u00f1o<\/td>\r\n<td>API6D, API608<\/td>\r\n<\/tr>\r\n<tr>\r\n<td>Bridas Perforadas Confirma<\/td>\r\n<td>ASME B16.5, EN 1092-1<\/td>\r\n<\/tr>\r\n<tr>\r\n<td>Comprobaci\u00f3n de estanqueidad<\/td>\r\n<td>API 598, ISO 5208, EN 12266-1<\/td>\r\n<\/tr>\r\n<tr>\r\n<td>Confirmaciones cara a cara<\/td>\r\n<td>API 6D, ASME B16.10, EN 558-1<\/td>\r\n<\/tr>\r\n<tr>\r\n<td>Presi\u00f3n normal<\/td>\r\n<td>Clase 150 ~ Clase 2500, PN10 ~ PN400<\/td>\r\n<\/tr>\r\n<tr>\r\n<td>Presi\u00f3n de prueba de la carcasa<\/td>\r\n<td>1,5 * Presi\u00f3n de dise\u00f1o<\/td>\r\n<\/tr>\r\n<tr>\r\n<td>Presi\u00f3n de prueba de estanqueidad<\/td>\r\n<td>1,1 * Presi\u00f3n de dise\u00f1o (agua)<\/td>\r\n<\/tr>\r\n<tr>\r\n<td>Presi\u00f3n de prueba de estanqueidad (baja presi\u00f3n)<\/td>\r\n<td>6 Bar (Aire)<\/td>\r\n<\/tr>\r\n<\/tbody>\r\n<\/table>\r\n<\/figure>\r\n\r\n\r\n\r\n<h2 class=\"wp-block-heading\" id=\"h-features-of-12-inch-ball-valve\">Caracter\u00edsticas de la v\u00e1lvula de bola de 12 pulgadas:<\/h2>\r\n\r\n\r\n\r\n<ul class=\"wp-block-list\">\r\n<li>La v\u00e1lvula de bola ZECO de 12 pulgadas tiene un dise\u00f1o de asiento de metal con metal. Cuando la v\u00e1lvula de bola se aplica en servicios altamente abrasivos o de alta temperatura, se debe elegir el asiento de metal con metal;<\/li>\r\n<li>ZECO presta atenci\u00f3n al coeficiente de flujo de la v\u00e1lvula porque este es el \u00edndice que mide la capacidad actual de la v\u00e1lvula, cuanto mayor es el coeficiente de flujo, menor es la p\u00e9rdida de presi\u00f3n que muestra que el medio fluye a trav\u00e9s de la v\u00e1lvula. ZECO probar\u00e1 peri\u00f3dicamente el coeficiente de flujo de los productos recientemente desarrollados y de los productos antiguos de cada serie y cada di\u00e1metro para garantizar que los usuarios no incurran en costos adicionales debido al flujo de la v\u00e1lvula cuando utilicen productos ZECO;<\/li>\r\n<li>ZECO presta atenci\u00f3n a la investigaci\u00f3n de los materiales del producto y confirmar\u00e1 la informaci\u00f3n que necesitan los clientes antes de confirmar el pedido. El grado de tolerancia a la presi\u00f3n y la temperatura de la v\u00e1lvula de bola no solo est\u00e1 relacionado con el material de la carcasa, sino tambi\u00e9n con el asiento, la empaquetadura, la junta y otros sellos; los sellos pueden probar con materiales polim\u00e9ricos, asbesto de grafito o caucho; Material de sellado seg\u00fan el medio en la tuber\u00eda;<\/li>\r\n<li>La v\u00e1lvula de bola ZECO de 12 pulgadas tiene control de bajas emisiones. Se ensambla una empaquetadura de bajas emisiones cuya tasa m\u00e1xima de fuga de dise\u00f1o y prueba es de 100 ppm.<\/li>\r\n<\/ul>\r\n\r\n\r\n\r\n<h2 class=\"wp-block-heading\" id=\"h-material-of-12-inch-ball-valve\">Material de la v\u00e1lvula de bola de 12 pulgadas:<\/h2>\r\n\r\n\r\n\r\n<figure class=\"wp-block-table\">\r\n<table>\r\n<tbody>\r\n<tr>\r\n<td>No<\/td>\r\n<td>Pieza<\/td>\r\n<td>Material<\/td>\r\n<\/tr>\r\n<tr>\r\n<td>1<\/td>\r\n<td>Cuerpo<\/td>\r\n<td>ASTM A350 LF2<\/td>\r\n<\/tr>\r\n<tr>\r\n<td>2<\/td>\r\n<td>Cap\u00f3<\/td>\r\n<td>ASTM A350 LF2<\/td>\r\n<\/tr>\r\n<tr>\r\n<td>3<\/td>\r\n<td>Bola<\/td>\r\n<td>ASTM A182 F316<\/td>\r\n<\/tr>\r\n<tr>\r\n<td>4<\/td>\r\n<td>Asiento<\/td>\r\n<td>ASTM A182 F316<\/td>\r\n<\/tr>\r\n<tr>\r\n<td>5<\/td>\r\n<td>V\u00e1stago<\/td>\r\n<td>ASTM A276 316<\/td>\r\n<\/tr>\r\n<tr>\r\n<td>6<\/td>\r\n<td>Dispositivo antiest\u00e1tico<\/td>\r\n<td>SS316<\/td>\r\n<\/tr>\r\n<tr>\r\n<td>7<\/td>\r\n<td>Junta<\/td>\r\n<td>Grafito + SS316<\/td>\r\n<\/tr>\r\n<tr>\r\n<td>8<\/td>\r\n<td>Perno<\/td>\r\n<td>ASTM A193 B8<\/td>\r\n<\/tr>\r\n<tr>\r\n<td>9<\/td>\r\n<td>Tuerca<\/td>\r\n<td>ASTM A194 8<\/td>\r\n<\/tr>\r\n<tr>\r\n<td>10<\/td>\r\n<td>Junta t\u00f3rica<\/td>\r\n<td>Vit\u00f3n A<\/td>\r\n<\/tr>\r\n<tr>\r\n<td>11<\/td>\r\n<td>Actuador de engranaje<\/td>\r\n<td>ASTM A216 WCB<\/td>\r\n<\/tr>\r\n<\/tbody>\r\n<\/table>\r\n<\/figure>","protected":false},"excerpt":{"rendered":"<p>Las v\u00e1lvulas de bola de 12 pulgadas son normalmente v\u00e1lvulas de bola de mu\u00f1\u00f3n, v\u00e1lvulas de bola de entrada lateral o v\u00e1lvulas de bola de entrada superior; el dise\u00f1o, fabricaci\u00f3n y\u2026 <a title=\"V\u00e1lvula de bola de 12 pulgadas\" class=\"read-more\" href=\"https:\/\/zecovalve.com\/es\/producto\/12-inch-ball-valve\" aria-label=\"M\u00e1s en V\u00e1lvula de bola de 12 pulgadas\">Leer m\u00e1s<\/a><\/p>","protected":false},"featured_media":27854,"comment_status":"closed","ping_status":"closed","template":"","meta":{"_generate-full-width-content":"","kt_blocks_editor_width":""},"product_cat":[2047,2462,2465],"product_tag":[2802],"class_list":["post-16157","product","type-product","status-publish","has-post-thumbnail","hentry","product_cat-ball-valve","product_cat-ball-valve-by-size","product_cat-forged-steel-ball-valve","product_tag-ball-valve-price","sales-flash-overlay","woocommerce-text-align-center","woocommerce-image-align-center","do-quantity-buttons"],"featured_image_src_large":["https:\/\/zecovalve.com\/wp-content\/uploads\/2022\/06\/12-inch-Ball-Valve-4.jpg",800,600,false],"author_info":[],"comment_info":0,"taxonomy_info":{"product_cat":[{"value":2047,"label":"Ball Valve"},{"value":2462,"label":"Ball Valve By Size"},{"value":2465,"label":"Forged Ball Valve"}],"product_tag":[{"value":2802,"label":"Ball Valve Price"}]},"yoast_head":"<!-- This site is optimized with the Yoast SEO Premium plugin v15.4 - https:\/\/yoast.com\/wordpress\/plugins\/seo\/ -->\n<title>12&quot; Ball Valve - 12 inch Ball Valve | Competitive Ball Valve Price - ZECO<\/title>\n<meta name=\"robots\" content=\"index, follow, max-snippet:-1, max-image-preview:large, max-video-preview:-1\" \/>\n<link rel=\"canonical\" href=\"https:\/\/zecovalve.com\/es\/producto\/12-inch-ball-valve\" \/>\n<meta property=\"og:locale\" content=\"es_ES\" \/>\n<meta property=\"og:type\" content=\"article\" \/>\n<meta property=\"og:title\" content=\"12&quot; Ball Valve - 12 inch Ball Valve | Competitive Ball Valve Price - ZECO\" \/>\n<meta property=\"og:description\" content=\"12 inch Ball Valves are normally trunnion ball valves, side entry ball valves, or top entry ball valves; the design, manufacture, and ... Leer m\u00e1s\" \/>\n<meta property=\"og:url\" content=\"https:\/\/zecovalve.com\/es\/producto\/12-inch-ball-valve\" \/>\n<meta property=\"og:site_name\" content=\"ZECO Valve\" \/>\n<meta property=\"article:modified_time\" content=\"2023-06-07T07:03:30+00:00\" \/>\n<meta property=\"og:image\" content=\"https:\/\/zecovalve.com\/wp-content\/uploads\/2022\/06\/12-inch-Ball-Valve-4.jpg\" \/>\n\t<meta property=\"og:image:width\" content=\"800\" \/>\n\t<meta property=\"og:image:height\" content=\"600\" \/>\n<meta name=\"twitter:card\" content=\"summary_large_image\" \/>\n<meta name=\"twitter:label1\" content=\"Escrito por\">\n\t<meta name=\"twitter:data1\" content=\"Jerry\">\n\t<meta name=\"twitter:label2\" content=\"Tiempo de lectura\">\n\t<meta name=\"twitter:data2\" content=\"2 minutos\">\n<script type=\"application\/ld+json\" class=\"yoast-schema-graph\">{\"@context\":\"https:\/\/schema.org\",\"@graph\":[{\"@type\":\"WebSite\",\"@id\":\"https:\/\/zecovalve.com\/#website\",\"url\":\"https:\/\/zecovalve.com\/\",\"name\":\"ZECO Valve\",\"description\":\"Industrial Ball Valve, Gate Valve and Globe Valve Manufacturer\",\"potentialAction\":[{\"@type\":\"SearchAction\",\"target\":\"https:\/\/zecovalve.com\/?s={search_term_string}\",\"query-input\":\"required name=search_term_string\"}],\"inLanguage\":\"es\"},{\"@type\":\"ImageObject\",\"@id\":\"https:\/\/zecovalve.com\/product\/12-inch-ball-valve#primaryimage\",\"inLanguage\":\"es\",\"url\":\"https:\/\/zecovalve.com\/wp-content\/uploads\/2022\/06\/12-inch-Ball-Valve-4.jpg\",\"width\":800,\"height\":600,\"caption\":\"12 inch Ball Valve\"},{\"@type\":\"WebPage\",\"@id\":\"https:\/\/zecovalve.com\/product\/12-inch-ball-valve#webpage\",\"url\":\"https:\/\/zecovalve.com\/product\/12-inch-ball-valve\",\"name\":\"12\\\" Ball Valve - 12 inch Ball Valve | Competitive Ball Valve Price - ZECO\",\"isPartOf\":{\"@id\":\"https:\/\/zecovalve.com\/#website\"},\"primaryImageOfPage\":{\"@id\":\"https:\/\/zecovalve.com\/product\/12-inch-ball-valve#primaryimage\"},\"datePublished\":\"2022-06-19T14:31:25+00:00\",\"dateModified\":\"2023-06-07T07:03:30+00:00\",\"breadcrumb\":{\"@id\":\"https:\/\/zecovalve.com\/product\/12-inch-ball-valve#breadcrumb\"},\"inLanguage\":\"es\",\"potentialAction\":[{\"@type\":\"ReadAction\",\"target\":[\"https:\/\/zecovalve.com\/product\/12-inch-ball-valve\"]}]},{\"@type\":\"BreadcrumbList\",\"@id\":\"https:\/\/zecovalve.com\/product\/12-inch-ball-valve#breadcrumb\",\"itemListElement\":[{\"@type\":\"ListItem\",\"position\":1,\"item\":{\"@type\":\"WebPage\",\"@id\":\"https:\/\/zecovalve.com\/\",\"url\":\"https:\/\/zecovalve.com\/\",\"name\":\"Home\"}},{\"@type\":\"ListItem\",\"position\":2,\"item\":{\"@type\":\"WebPage\",\"@id\":\"https:\/\/zecovalve.com\/product-category\",\"url\":\"https:\/\/zecovalve.com\/product-category\",\"name\":\"Industrial Valve Manufacturer | Water Valve Manufacturer\"}},{\"@type\":\"ListItem\",\"position\":3,\"item\":{\"@type\":\"WebPage\",\"@id\":\"https:\/\/zecovalve.com\/product\/12-inch-ball-valve\",\"url\":\"https:\/\/zecovalve.com\/product\/12-inch-ball-valve\",\"name\":\"12 inch Ball Valve\"}}]}]}<\/script>\n<!-- \/ Yoast SEO Premium plugin. -->","_links":{"self":[{"href":"https:\/\/zecovalve.com\/es\/wp-json\/wp\/v2\/product\/16157","targetHints":{"allow":["GET"]}}],"collection":[{"href":"https:\/\/zecovalve.com\/es\/wp-json\/wp\/v2\/product"}],"about":[{"href":"https:\/\/zecovalve.com\/es\/wp-json\/wp\/v2\/types\/product"}],"replies":[{"embeddable":true,"href":"https:\/\/zecovalve.com\/es\/wp-json\/wp\/v2\/comments?post=16157"}],"wp:featuredmedia":[{"embeddable":true,"href":"https:\/\/zecovalve.com\/es\/wp-json\/wp\/v2\/media\/27854"}],"wp:attachment":[{"href":"https:\/\/zecovalve.com\/es\/wp-json\/wp\/v2\/media?parent=16157"}],"wp:term":[{"taxonomy":"product_cat","embeddable":true,"href":"https:\/\/zecovalve.com\/es\/wp-json\/wp\/v2\/product_cat?post=16157"},{"taxonomy":"product_tag","embeddable":true,"href":"https:\/\/zecovalve.com\/es\/wp-json\/wp\/v2\/product_tag?post=16157"}],"curies":[{"name":"wp","href":"https:\/\/api.w.org\/{rel}","templated":true}]}}